{"id":5494,"date":"2023-03-05T19:42:03","date_gmt":"2023-11-26T16:10:56","guid":{"rendered":"https:\/\/autopartscenter24.com\/product\/3-0-tdi-den-motor-esim-vw-touareg-a6-a8\/"},"modified":"2023-11-26T17:10:56","modified_gmt":"2023-11-26T16:10:56","slug":"3-0-tdi-den-motor-vw-touareg-cr7","status":"publish","type":"product","link":"https:\/\/autopartscenter24.com\/sv\/auton-varaosat\/3-0-tdi-den-motor-vw-touareg-cr7\/","title":{"rendered":"3.0 TDI &#8221;DEN&#8221; Motor [esim. VW Touareg, A6, A8]"},"content":{"rendered":"<p><strong>VW 3.0 TDI-motorn (motorkod DEN)<\/strong> \u00e4r en stor V6-dieselmotor som \u00e4r speciellt utformad f\u00f6r tung last och l\u00e5ngf\u00e4rdsk\u00f6rning. Motorn anv\u00e4nder ett gemensamt tryckinsprutningssystem som m\u00f6jligg\u00f6r exakt br\u00e4nsletillf\u00f6rsel till cylindrarna och optimerar motorns prestanda och br\u00e4nsleekonomi. Motorns vevaxel och kamaxel \u00e4r gjorda av slitstarkt st\u00e5l och cylinderr\u00f6ren \u00e4r belagda med nickel vilket ger motorn l\u00e5ng livsl\u00e4ngd.<\/p>\n<p>Maxeffekten f\u00f6r VW 3.0 TDI-motorn \u00e4r 204 hk och vridmomentet \u00e4r upp till 450 Nm. Motorn \u00e4r utrustad med turboladdare och kyld laddluftkylare, vilket \u00f6kar motorns prestanda och br\u00e4nsleekonomi. Motorn har \u00e4ven flerstegs insugs- och avgassystem som f\u00f6rb\u00e4ttrar motorns andning och optimerar dess kraftegenskaper.<\/p>\n<p>DEN-motorn \u00e4r ocks\u00e5 mycket tyst och vibrationsfri, vilket f\u00f6rb\u00e4ttrar reskomforten. Motorns storlek och vikt kan dock vara en barri\u00e4r i vissa fordonstill\u00e4mpningar.<\/p>\n<p>Dessa bilar \u00e4r alla stora och tunga fordon som beh\u00f6ver en kraftfull motor. DEN-motorn har visat sig vara en mycket p\u00e5litlig och h\u00e5llbar motor som \u00e4r perfekt f\u00f6r dessa kr\u00e4vande applikationer. Den erbjuder utm\u00e4rkt prestanda och br\u00e4nsleekonomi, samt tyst och vibrationsfri drift, vilket g\u00f6r den till ett mycket popul\u00e4rt val f\u00f6r tunga transporter och l\u00e5ngv\u00e4ga k\u00f6rning.<\/p>\n","protected":false},"excerpt":{"rendered":"<p>VW 3.0 TDI-motorn (DEN) har anv\u00e4nts i flera olika bilmodeller, varav de viktigaste \u00e4r:<\/p>\n<ul>\n<li>Volkswagen Touareg<\/li>\n<li>Audi Q7<\/li>\n<li>Audi A4<\/li>\n<li>Audi A6<\/li>\n<li>Audi A8<\/li>\n<li>Porsche Cayenne<\/li>\n<\/ul>\n","protected":false},"featured_media":4621,"template":"","meta":[],"product_brand":[],"product_cat":[468,617,469],"product_tag":[691,696,719,718],"class_list":{"0":"post-5494","1":"product","2":"type-product","3":"status-publish","4":"has-post-thumbnail","6":"product_cat-audi-sv","7":"product_cat-porsche-sv","8":"product_cat-vw-sv","9":"product_tag-a6-sv","10":"product_tag-a8-sv","11":"product_tag-cayenne-sv","12":"product_tag-touareg-sv","13":"pa_varaosan-osasto-motor","16":"first","17":"instock","18":"shipping-taxable","19":"product-type-simple"},"yoast_head":"<!-- This site is optimized with the Yoast SEO plugin v26.8 - https:\/\/yoast.com\/product\/yoast-seo-wordpress\/ -->\n<title>3.0 TDI &quot;DEN&quot; Motor [esim. VW Touareg, A6, A8]<\/title>\n<meta name=\"description\" content=\"En av de motorer som vi ofta har tillg\u00e4ngliga. Skicka en f\u00f6rfr\u00e5gan och f\u00e5 en offert inom 24 timmar. Motorer, v\u00e4xell\u00e5dor och andra bildelar under garanti.\" \/>\n<meta name=\"robots\" content=\"index, follow, max-snippet:-1, max-image-preview:large, max-video-preview:-1\" \/>\n<link rel=\"canonical\" href=\"https:\/\/autopartscenter24.com\/sv\/auton-varaosat\/3-0-tdi-den-moottori-vw-touareg-cr7\/\" \/>\n<meta property=\"og:locale\" content=\"sv_SE\" \/>\n<meta property=\"og:type\" content=\"article\" \/>\n<meta property=\"og:title\" content=\"3.0 TDI &quot;DEN&quot; Motor [esim. VW Touareg, A6, A8]\" \/>\n<meta property=\"og:description\" content=\"En av de motorer som vi ofta har tillg\u00e4ngliga. Skicka en f\u00f6rfr\u00e5gan och f\u00e5 en offert inom 24 timmar. Motorer, v\u00e4xell\u00e5dor och andra bildelar under garanti.\" \/>\n<meta property=\"og:url\" content=\"https:\/\/autopartscenter24.com\/sv\/auton-varaosat\/3-0-tdi-den-moottori-vw-touareg-cr7\/\" \/>\n<meta property=\"og:site_name\" content=\"Autopartscenter24\" \/>\n<meta property=\"og:image\" content=\"https:\/\/autopartscenter24.com\/wp-content\/uploads\/2023\/03\/3-0-tdi-DEN-moottori-vw-touareg-cr7.webp\" \/>\n\t<meta property=\"og:image:width\" content=\"800\" \/>\n\t<meta property=\"og:image:height\" content=\"600\" \/>\n\t<meta property=\"og:image:type\" content=\"image\/webp\" \/>\n<meta name=\"twitter:card\" content=\"summary_large_image\" \/>\n<meta name=\"twitter:label1\" content=\"Ber\u00e4knad l\u00e4stid\" \/>\n\t<meta name=\"twitter:data1\" content=\"1 minut\" \/>\n<script type=\"application\/ld+json\" class=\"yoast-schema-graph\">{\"@context\":\"https:\/\/schema.org\",\"@graph\":[{\"@type\":\"WebPage\",\"@id\":\"https:\/\/autopartscenter24.com\/auton-varaosat\/3-0-tdi-den-moottori-vw-touareg-cr7\/\",\"url\":\"https:\/\/autopartscenter24.com\/auton-varaosat\/3-0-tdi-den-moottori-vw-touareg-cr7\/\",\"name\":\"3.0 TDI \\\"DEN\\\" Motor [esim. VW Touareg, A6, A8]\",\"isPartOf\":{\"@id\":\"https:\/\/autopartscenter24.com\/#website\"},\"primaryImageOfPage\":{\"@id\":\"https:\/\/autopartscenter24.com\/auton-varaosat\/3-0-tdi-den-moottori-vw-touareg-cr7\/#primaryimage\"},\"image\":{\"@id\":\"https:\/\/autopartscenter24.com\/auton-varaosat\/3-0-tdi-den-moottori-vw-touareg-cr7\/#primaryimage\"},\"thumbnailUrl\":\"https:\/\/autopartscenter24.com\/wp-content\/uploads\/2023\/03\/3-0-tdi-DEN-moottori-vw-touareg-cr7.webp\",\"datePublished\":\"2023-11-26T16:10:56+00:00\",\"description\":\"En av de motorer som vi ofta har tillg\u00e4ngliga. Skicka en f\u00f6rfr\u00e5gan och f\u00e5 en offert inom 24 timmar. Motorer, v\u00e4xell\u00e5dor och andra bildelar under garanti.\",\"breadcrumb\":{\"@id\":\"https:\/\/autopartscenter24.com\/auton-varaosat\/3-0-tdi-den-moottori-vw-touareg-cr7\/#breadcrumb\"},\"inLanguage\":\"sv-SE\",\"potentialAction\":[{\"@type\":\"ReadAction\",\"target\":[\"https:\/\/autopartscenter24.com\/auton-varaosat\/3-0-tdi-den-moottori-vw-touareg-cr7\/\"]}]},{\"@type\":\"ImageObject\",\"inLanguage\":\"sv-SE\",\"@id\":\"https:\/\/autopartscenter24.com\/auton-varaosat\/3-0-tdi-den-moottori-vw-touareg-cr7\/#primaryimage\",\"url\":\"https:\/\/autopartscenter24.com\/wp-content\/uploads\/2023\/03\/3-0-tdi-DEN-moottori-vw-touareg-cr7.webp\",\"contentUrl\":\"https:\/\/autopartscenter24.com\/wp-content\/uploads\/2023\/03\/3-0-tdi-DEN-moottori-vw-touareg-cr7.webp\",\"width\":800,\"height\":600},{\"@type\":\"BreadcrumbList\",\"@id\":\"https:\/\/autopartscenter24.com\/auton-varaosat\/3-0-tdi-den-moottori-vw-touareg-cr7\/#breadcrumb\",\"itemListElement\":[{\"@type\":\"ListItem\",\"position\":1,\"name\":\"Hem\",\"item\":\"https:\/\/aliceblue-termite-662564.hostingersite.com\/\"},{\"@type\":\"ListItem\",\"position\":2,\"name\":\"Auton varaosat\",\"item\":\"https:\/\/aliceblue-termite-662564.hostingersite.com\/auton-varaosat\/\"},{\"@type\":\"ListItem\",\"position\":3,\"name\":\"3.0 TDI &#8221;DEN&#8221; Motor [esim. VW Touareg, A6, A8]\"}]},{\"@type\":\"WebSite\",\"@id\":\"https:\/\/autopartscenter24.com\/#website\",\"url\":\"https:\/\/autopartscenter24.com\/\",\"name\":\"Autopartscenter24\",\"description\":\"K\u00c4YTETYT JA KUNNOSTETUT  AUTON VARAOSAT\",\"potentialAction\":[{\"@type\":\"SearchAction\",\"target\":{\"@type\":\"EntryPoint\",\"urlTemplate\":\"https:\/\/autopartscenter24.com\/?s={search_term_string}\"},\"query-input\":{\"@type\":\"PropertyValueSpecification\",\"valueRequired\":true,\"valueName\":\"search_term_string\"}}],\"inLanguage\":\"sv-SE\"}]}<\/script>\n<!-- \/ Yoast SEO plugin. -->","yoast_head_json":{"title":"3.0 TDI \"DEN\" Motor [esim. VW Touareg, A6, A8]","description":"En av de motorer som vi ofta har tillg\u00e4ngliga. Skicka en f\u00f6rfr\u00e5gan och f\u00e5 en offert inom 24 timmar. Motorer, v\u00e4xell\u00e5dor och andra bildelar under garanti.","robots":{"index":"index","follow":"follow","max-snippet":"max-snippet:-1","max-image-preview":"max-image-preview:large","max-video-preview":"max-video-preview:-1"},"canonical":"https:\/\/autopartscenter24.com\/sv\/auton-varaosat\/3-0-tdi-den-moottori-vw-touareg-cr7\/","og_locale":"sv_SE","og_type":"article","og_title":"3.0 TDI \"DEN\" Motor [esim. VW Touareg, A6, A8]","og_description":"En av de motorer som vi ofta har tillg\u00e4ngliga. Skicka en f\u00f6rfr\u00e5gan och f\u00e5 en offert inom 24 timmar. Motorer, v\u00e4xell\u00e5dor och andra bildelar under garanti.","og_url":"https:\/\/autopartscenter24.com\/sv\/auton-varaosat\/3-0-tdi-den-moottori-vw-touareg-cr7\/","og_site_name":"Autopartscenter24","og_image":[{"width":800,"height":600,"url":"https:\/\/autopartscenter24.com\/wp-content\/uploads\/2023\/03\/3-0-tdi-DEN-moottori-vw-touareg-cr7.webp","type":"image\/webp"}],"twitter_card":"summary_large_image","twitter_misc":{"Ber\u00e4knad l\u00e4stid":"1 minut"},"schema":{"@context":"https:\/\/schema.org","@graph":[{"@type":"WebPage","@id":"https:\/\/autopartscenter24.com\/auton-varaosat\/3-0-tdi-den-moottori-vw-touareg-cr7\/","url":"https:\/\/autopartscenter24.com\/auton-varaosat\/3-0-tdi-den-moottori-vw-touareg-cr7\/","name":"3.0 TDI \"DEN\" Motor [esim. VW Touareg, A6, A8]","isPartOf":{"@id":"https:\/\/autopartscenter24.com\/#website"},"primaryImageOfPage":{"@id":"https:\/\/autopartscenter24.com\/auton-varaosat\/3-0-tdi-den-moottori-vw-touareg-cr7\/#primaryimage"},"image":{"@id":"https:\/\/autopartscenter24.com\/auton-varaosat\/3-0-tdi-den-moottori-vw-touareg-cr7\/#primaryimage"},"thumbnailUrl":"https:\/\/autopartscenter24.com\/wp-content\/uploads\/2023\/03\/3-0-tdi-DEN-moottori-vw-touareg-cr7.webp","datePublished":"2023-11-26T16:10:56+00:00","description":"En av de motorer som vi ofta har tillg\u00e4ngliga. Skicka en f\u00f6rfr\u00e5gan och f\u00e5 en offert inom 24 timmar. Motorer, v\u00e4xell\u00e5dor och andra bildelar under garanti.","breadcrumb":{"@id":"https:\/\/autopartscenter24.com\/auton-varaosat\/3-0-tdi-den-moottori-vw-touareg-cr7\/#breadcrumb"},"inLanguage":"sv-SE","potentialAction":[{"@type":"ReadAction","target":["https:\/\/autopartscenter24.com\/auton-varaosat\/3-0-tdi-den-moottori-vw-touareg-cr7\/"]}]},{"@type":"ImageObject","inLanguage":"sv-SE","@id":"https:\/\/autopartscenter24.com\/auton-varaosat\/3-0-tdi-den-moottori-vw-touareg-cr7\/#primaryimage","url":"https:\/\/autopartscenter24.com\/wp-content\/uploads\/2023\/03\/3-0-tdi-DEN-moottori-vw-touareg-cr7.webp","contentUrl":"https:\/\/autopartscenter24.com\/wp-content\/uploads\/2023\/03\/3-0-tdi-DEN-moottori-vw-touareg-cr7.webp","width":800,"height":600},{"@type":"BreadcrumbList","@id":"https:\/\/autopartscenter24.com\/auton-varaosat\/3-0-tdi-den-moottori-vw-touareg-cr7\/#breadcrumb","itemListElement":[{"@type":"ListItem","position":1,"name":"Hem","item":"https:\/\/aliceblue-termite-662564.hostingersite.com\/"},{"@type":"ListItem","position":2,"name":"Auton varaosat","item":"https:\/\/aliceblue-termite-662564.hostingersite.com\/auton-varaosat\/"},{"@type":"ListItem","position":3,"name":"3.0 TDI &#8221;DEN&#8221; Motor [esim. VW Touareg, A6, A8]"}]},{"@type":"WebSite","@id":"https:\/\/autopartscenter24.com\/#website","url":"https:\/\/autopartscenter24.com\/","name":"Autopartscenter24","description":"K\u00c4YTETYT JA KUNNOSTETUT  AUTON VARAOSAT","potentialAction":[{"@type":"SearchAction","target":{"@type":"EntryPoint","urlTemplate":"https:\/\/autopartscenter24.com\/?s={search_term_string}"},"query-input":{"@type":"PropertyValueSpecification","valueRequired":true,"valueName":"search_term_string"}}],"inLanguage":"sv-SE"}]}},"_links":{"self":[{"href":"https:\/\/autopartscenter24.com\/sv\/wp-json\/wp\/v2\/product\/5494","targetHints":{"allow":["GET"]}}],"collection":[{"href":"https:\/\/autopartscenter24.com\/sv\/wp-json\/wp\/v2\/product"}],"about":[{"href":"https:\/\/autopartscenter24.com\/sv\/wp-json\/wp\/v2\/types\/product"}],"wp:featuredmedia":[{"embeddable":true,"href":"https:\/\/autopartscenter24.com\/sv\/wp-json\/wp\/v2\/media\/4621"}],"wp:attachment":[{"href":"https:\/\/autopartscenter24.com\/sv\/wp-json\/wp\/v2\/media?parent=5494"}],"wp:term":[{"taxonomy":"product_brand","embeddable":true,"href":"https:\/\/autopartscenter24.com\/sv\/wp-json\/wp\/v2\/product_brand?post=5494"},{"taxonomy":"product_cat","embeddable":true,"href":"https:\/\/autopartscenter24.com\/sv\/wp-json\/wp\/v2\/product_cat?post=5494"},{"taxonomy":"product_tag","embeddable":true,"href":"https:\/\/autopartscenter24.com\/sv\/wp-json\/wp\/v2\/product_tag?post=5494"}],"curies":[{"name":"wp","href":"https:\/\/api.w.org\/{rel}","templated":true}]}}