{"id":5493,"date":"2023-03-05T19:45:54","date_gmt":"2023-11-26T16:09:08","guid":{"rendered":"https:\/\/autopartscenter24.com\/product\/1-8-2zr-fae-motor-esim-toyota-corolla-auris\/"},"modified":"2023-11-26T17:09:08","modified_gmt":"2023-11-26T16:09:08","slug":"1-8-2zr-fae-motor-toyota-avensis-t27","status":"publish","type":"product","link":"https:\/\/autopartscenter24.com\/sv\/auton-varaosat\/1-8-2zr-fae-motor-toyota-avensis-t27\/","title":{"rendered":"1.8 &#8221;2ZR-FAE&#8221; Motor [esim. Toyota Corolla, Auris]"},"content":{"rendered":"<p>Toyota 1.8 <strong>(motorkod: 2ZR-FAE)<\/strong> \u00e4r en mycket popul\u00e4r motormodell som anv\u00e4nds i m\u00e5nga olika Toyota bilmodeller. Motorns namn kommer fr\u00e5n dess volym (1,8 liter) och dess flerpunktsinsprutning (FAE). Denna fyrcylindriga motor \u00e4r designad f\u00f6r att ge optimal prestanda och ekonomi.<\/p>\n<p>Monteringen av motorn \u00e4r mycket noggrant utformad s\u00e5 att den fungerar s\u00e5 effektivt som m\u00f6jligt och minskar friktionen. Motorramen \u00e4r gjord av en l\u00e4tt och stark aluminiumlegering, vilket minskar totalvikten och f\u00f6rb\u00e4ttrar br\u00e4nsleekonomin. Inuti motorn finns ocks\u00e5 slitstarka och l\u00e4tta kolvar av h\u00f6gkvalitativ aluminiumlegering.<\/p>\n<p>Motorn har \u00e4ven Toyota Dual VVT-i-teknik, vilket m\u00f6jligg\u00f6r fullst\u00e4ndig kontroll av cylindrarna. Denna teknik ger b\u00e4ttre vridmoment, acceleration och kraft, samtidigt som den f\u00f6rb\u00e4ttrar br\u00e4nsleekonomin och minskar utsl\u00e4ppen. Motorns vevaxel \u00e4r ocks\u00e5 utformad f\u00f6r att minska friktionen och f\u00f6rb\u00e4ttra effektiviteten.<\/p>\n<p>I dessa bilar ger Toyota 1.8-motorn optimal prestanda och ekonomi, vilket \u00e4r en av huvudsk\u00e4len till dess popularitet. Denna motor \u00e4r ocks\u00e5 p\u00e5litlig och h\u00e5llbar, vilket g\u00f6r den till ett attraktivt val f\u00f6r m\u00e5nga bilister.<\/p>\n<p>Totalt sett \u00e4r Toyota 1.8 (motorkod: 2ZR-FAE) en utm\u00e4rkt motor som erbjuder utm\u00e4rkt prestanda och ekonomi. Dess l\u00e4tta konstruktion och h\u00e5llbarhet g\u00f6r den till ett p\u00e5litligt val f\u00f6r m\u00e5nga bilister som letar efter en kvalitetsmotor. Dessutom visar dess anv\u00e4ndning i flera olika Toyota bilmodeller dess m\u00e5ngsidighet och popularitet.<\/p>\n","protected":false},"excerpt":{"rendered":"<p>Toyota 1.8 (motorkod: 2ZR-FAE) \u00e4r en mycket popul\u00e4r motor som anv\u00e4nds i flera Toyotas bilmodeller. Denna motor finns till exempel i f\u00f6ljande bilmodeller:<\/p>\n<ul>\n<li>Toyota Corolla<\/li>\n<li>Toyota Auris<\/li>\n<li>Toyota RAV4<\/li>\n<li>Toyota Prius<\/li>\n<li>Toyota C-HR<\/li>\n<\/ul>\n","protected":false},"featured_media":4626,"template":"","meta":[],"product_brand":[],"product_cat":[637],"product_tag":[699,706],"class_list":{"0":"post-5493","1":"product","2":"type-product","3":"status-publish","4":"has-post-thumbnail","6":"product_cat-toyota-sv","7":"product_tag-auris-sv","8":"product_tag-avensis-sv","9":"pa_varaosan-osasto-motor","12":"first","13":"instock","14":"shipping-taxable","15":"product-type-simple"},"yoast_head":"<!-- This site is optimized with the Yoast SEO plugin v26.8 - https:\/\/yoast.com\/product\/yoast-seo-wordpress\/ -->\n<title>1.8 &quot;2ZR-FAE&quot; Motor [esim. Toyota Corolla, Auris]<\/title>\n<meta name=\"description\" content=\"En av de motorer som vi ofta har tillg\u00e4ngliga. Skicka en f\u00f6rfr\u00e5gan och f\u00e5 en offert inom 24 timmar. Motorer, v\u00e4xell\u00e5dor och andra bildelar under garanti.\" \/>\n<meta name=\"robots\" content=\"index, follow, max-snippet:-1, max-image-preview:large, max-video-preview:-1\" \/>\n<link rel=\"canonical\" href=\"https:\/\/autopartscenter24.com\/sv\/auton-varaosat\/1-8-2zr-fae-moottori-toyota-avensis-t27\/\" \/>\n<meta property=\"og:locale\" content=\"sv_SE\" \/>\n<meta property=\"og:type\" content=\"article\" \/>\n<meta property=\"og:title\" content=\"1.8 &quot;2ZR-FAE&quot; Motor [esim. Toyota Corolla, Auris]\" \/>\n<meta property=\"og:description\" content=\"En av de motorer som vi ofta har tillg\u00e4ngliga. Skicka en f\u00f6rfr\u00e5gan och f\u00e5 en offert inom 24 timmar. Motorer, v\u00e4xell\u00e5dor och andra bildelar under garanti.\" \/>\n<meta property=\"og:url\" content=\"https:\/\/autopartscenter24.com\/sv\/auton-varaosat\/1-8-2zr-fae-moottori-toyota-avensis-t27\/\" \/>\n<meta property=\"og:site_name\" content=\"Autopartscenter24\" \/>\n<meta property=\"og:image\" content=\"https:\/\/autopartscenter24.com\/wp-content\/uploads\/2023\/03\/1-8-2ZR-FAE-moottori-toyota-avensis-t27.webp\" \/>\n\t<meta property=\"og:image:width\" content=\"800\" \/>\n\t<meta property=\"og:image:height\" content=\"600\" \/>\n\t<meta property=\"og:image:type\" content=\"image\/webp\" \/>\n<meta name=\"twitter:card\" content=\"summary_large_image\" \/>\n<meta name=\"twitter:label1\" content=\"Ber\u00e4knad l\u00e4stid\" \/>\n\t<meta name=\"twitter:data1\" content=\"1 minut\" \/>\n<script type=\"application\/ld+json\" class=\"yoast-schema-graph\">{\"@context\":\"https:\/\/schema.org\",\"@graph\":[{\"@type\":\"WebPage\",\"@id\":\"https:\/\/autopartscenter24.com\/auton-varaosat\/1-8-2zr-fae-moottori-toyota-avensis-t27\/\",\"url\":\"https:\/\/autopartscenter24.com\/auton-varaosat\/1-8-2zr-fae-moottori-toyota-avensis-t27\/\",\"name\":\"1.8 \\\"2ZR-FAE\\\" Motor [esim. Toyota Corolla, Auris]\",\"isPartOf\":{\"@id\":\"https:\/\/autopartscenter24.com\/#website\"},\"primaryImageOfPage\":{\"@id\":\"https:\/\/autopartscenter24.com\/auton-varaosat\/1-8-2zr-fae-moottori-toyota-avensis-t27\/#primaryimage\"},\"image\":{\"@id\":\"https:\/\/autopartscenter24.com\/auton-varaosat\/1-8-2zr-fae-moottori-toyota-avensis-t27\/#primaryimage\"},\"thumbnailUrl\":\"https:\/\/autopartscenter24.com\/wp-content\/uploads\/2023\/03\/1-8-2ZR-FAE-moottori-toyota-avensis-t27.webp\",\"datePublished\":\"2023-11-26T16:09:08+00:00\",\"description\":\"En av de motorer som vi ofta har tillg\u00e4ngliga. Skicka en f\u00f6rfr\u00e5gan och f\u00e5 en offert inom 24 timmar. Motorer, v\u00e4xell\u00e5dor och andra bildelar under garanti.\",\"breadcrumb\":{\"@id\":\"https:\/\/autopartscenter24.com\/auton-varaosat\/1-8-2zr-fae-moottori-toyota-avensis-t27\/#breadcrumb\"},\"inLanguage\":\"sv-SE\",\"potentialAction\":[{\"@type\":\"ReadAction\",\"target\":[\"https:\/\/autopartscenter24.com\/auton-varaosat\/1-8-2zr-fae-moottori-toyota-avensis-t27\/\"]}]},{\"@type\":\"ImageObject\",\"inLanguage\":\"sv-SE\",\"@id\":\"https:\/\/autopartscenter24.com\/auton-varaosat\/1-8-2zr-fae-moottori-toyota-avensis-t27\/#primaryimage\",\"url\":\"https:\/\/autopartscenter24.com\/wp-content\/uploads\/2023\/03\/1-8-2ZR-FAE-moottori-toyota-avensis-t27.webp\",\"contentUrl\":\"https:\/\/autopartscenter24.com\/wp-content\/uploads\/2023\/03\/1-8-2ZR-FAE-moottori-toyota-avensis-t27.webp\",\"width\":800,\"height\":600},{\"@type\":\"BreadcrumbList\",\"@id\":\"https:\/\/autopartscenter24.com\/auton-varaosat\/1-8-2zr-fae-moottori-toyota-avensis-t27\/#breadcrumb\",\"itemListElement\":[{\"@type\":\"ListItem\",\"position\":1,\"name\":\"Hem\",\"item\":\"https:\/\/aliceblue-termite-662564.hostingersite.com\/\"},{\"@type\":\"ListItem\",\"position\":2,\"name\":\"Auton varaosat\",\"item\":\"https:\/\/aliceblue-termite-662564.hostingersite.com\/auton-varaosat\/\"},{\"@type\":\"ListItem\",\"position\":3,\"name\":\"1.8 &#8221;2ZR-FAE&#8221; Motor [esim. Toyota Corolla, Auris]\"}]},{\"@type\":\"WebSite\",\"@id\":\"https:\/\/autopartscenter24.com\/#website\",\"url\":\"https:\/\/autopartscenter24.com\/\",\"name\":\"Autopartscenter24\",\"description\":\"K\u00c4YTETYT JA KUNNOSTETUT  AUTON VARAOSAT\",\"potentialAction\":[{\"@type\":\"SearchAction\",\"target\":{\"@type\":\"EntryPoint\",\"urlTemplate\":\"https:\/\/autopartscenter24.com\/?s={search_term_string}\"},\"query-input\":{\"@type\":\"PropertyValueSpecification\",\"valueRequired\":true,\"valueName\":\"search_term_string\"}}],\"inLanguage\":\"sv-SE\"}]}<\/script>\n<!-- \/ Yoast SEO plugin. -->","yoast_head_json":{"title":"1.8 \"2ZR-FAE\" Motor [esim. Toyota Corolla, Auris]","description":"En av de motorer som vi ofta har tillg\u00e4ngliga. Skicka en f\u00f6rfr\u00e5gan och f\u00e5 en offert inom 24 timmar. Motorer, v\u00e4xell\u00e5dor och andra bildelar under garanti.","robots":{"index":"index","follow":"follow","max-snippet":"max-snippet:-1","max-image-preview":"max-image-preview:large","max-video-preview":"max-video-preview:-1"},"canonical":"https:\/\/autopartscenter24.com\/sv\/auton-varaosat\/1-8-2zr-fae-moottori-toyota-avensis-t27\/","og_locale":"sv_SE","og_type":"article","og_title":"1.8 \"2ZR-FAE\" Motor [esim. Toyota Corolla, Auris]","og_description":"En av de motorer som vi ofta har tillg\u00e4ngliga. Skicka en f\u00f6rfr\u00e5gan och f\u00e5 en offert inom 24 timmar. Motorer, v\u00e4xell\u00e5dor och andra bildelar under garanti.","og_url":"https:\/\/autopartscenter24.com\/sv\/auton-varaosat\/1-8-2zr-fae-moottori-toyota-avensis-t27\/","og_site_name":"Autopartscenter24","og_image":[{"width":800,"height":600,"url":"https:\/\/autopartscenter24.com\/wp-content\/uploads\/2023\/03\/1-8-2ZR-FAE-moottori-toyota-avensis-t27.webp","type":"image\/webp"}],"twitter_card":"summary_large_image","twitter_misc":{"Ber\u00e4knad l\u00e4stid":"1 minut"},"schema":{"@context":"https:\/\/schema.org","@graph":[{"@type":"WebPage","@id":"https:\/\/autopartscenter24.com\/auton-varaosat\/1-8-2zr-fae-moottori-toyota-avensis-t27\/","url":"https:\/\/autopartscenter24.com\/auton-varaosat\/1-8-2zr-fae-moottori-toyota-avensis-t27\/","name":"1.8 \"2ZR-FAE\" Motor [esim. Toyota Corolla, Auris]","isPartOf":{"@id":"https:\/\/autopartscenter24.com\/#website"},"primaryImageOfPage":{"@id":"https:\/\/autopartscenter24.com\/auton-varaosat\/1-8-2zr-fae-moottori-toyota-avensis-t27\/#primaryimage"},"image":{"@id":"https:\/\/autopartscenter24.com\/auton-varaosat\/1-8-2zr-fae-moottori-toyota-avensis-t27\/#primaryimage"},"thumbnailUrl":"https:\/\/autopartscenter24.com\/wp-content\/uploads\/2023\/03\/1-8-2ZR-FAE-moottori-toyota-avensis-t27.webp","datePublished":"2023-11-26T16:09:08+00:00","description":"En av de motorer som vi ofta har tillg\u00e4ngliga. Skicka en f\u00f6rfr\u00e5gan och f\u00e5 en offert inom 24 timmar. Motorer, v\u00e4xell\u00e5dor och andra bildelar under garanti.","breadcrumb":{"@id":"https:\/\/autopartscenter24.com\/auton-varaosat\/1-8-2zr-fae-moottori-toyota-avensis-t27\/#breadcrumb"},"inLanguage":"sv-SE","potentialAction":[{"@type":"ReadAction","target":["https:\/\/autopartscenter24.com\/auton-varaosat\/1-8-2zr-fae-moottori-toyota-avensis-t27\/"]}]},{"@type":"ImageObject","inLanguage":"sv-SE","@id":"https:\/\/autopartscenter24.com\/auton-varaosat\/1-8-2zr-fae-moottori-toyota-avensis-t27\/#primaryimage","url":"https:\/\/autopartscenter24.com\/wp-content\/uploads\/2023\/03\/1-8-2ZR-FAE-moottori-toyota-avensis-t27.webp","contentUrl":"https:\/\/autopartscenter24.com\/wp-content\/uploads\/2023\/03\/1-8-2ZR-FAE-moottori-toyota-avensis-t27.webp","width":800,"height":600},{"@type":"BreadcrumbList","@id":"https:\/\/autopartscenter24.com\/auton-varaosat\/1-8-2zr-fae-moottori-toyota-avensis-t27\/#breadcrumb","itemListElement":[{"@type":"ListItem","position":1,"name":"Hem","item":"https:\/\/aliceblue-termite-662564.hostingersite.com\/"},{"@type":"ListItem","position":2,"name":"Auton varaosat","item":"https:\/\/aliceblue-termite-662564.hostingersite.com\/auton-varaosat\/"},{"@type":"ListItem","position":3,"name":"1.8 &#8221;2ZR-FAE&#8221; Motor [esim. Toyota Corolla, Auris]"}]},{"@type":"WebSite","@id":"https:\/\/autopartscenter24.com\/#website","url":"https:\/\/autopartscenter24.com\/","name":"Autopartscenter24","description":"K\u00c4YTETYT JA KUNNOSTETUT  AUTON VARAOSAT","potentialAction":[{"@type":"SearchAction","target":{"@type":"EntryPoint","urlTemplate":"https:\/\/autopartscenter24.com\/?s={search_term_string}"},"query-input":{"@type":"PropertyValueSpecification","valueRequired":true,"valueName":"search_term_string"}}],"inLanguage":"sv-SE"}]}},"_links":{"self":[{"href":"https:\/\/autopartscenter24.com\/sv\/wp-json\/wp\/v2\/product\/5493","targetHints":{"allow":["GET"]}}],"collection":[{"href":"https:\/\/autopartscenter24.com\/sv\/wp-json\/wp\/v2\/product"}],"about":[{"href":"https:\/\/autopartscenter24.com\/sv\/wp-json\/wp\/v2\/types\/product"}],"wp:featuredmedia":[{"embeddable":true,"href":"https:\/\/autopartscenter24.com\/sv\/wp-json\/wp\/v2\/media\/4626"}],"wp:attachment":[{"href":"https:\/\/autopartscenter24.com\/sv\/wp-json\/wp\/v2\/media?parent=5493"}],"wp:term":[{"taxonomy":"product_brand","embeddable":true,"href":"https:\/\/autopartscenter24.com\/sv\/wp-json\/wp\/v2\/product_brand?post=5493"},{"taxonomy":"product_cat","embeddable":true,"href":"https:\/\/autopartscenter24.com\/sv\/wp-json\/wp\/v2\/product_cat?post=5493"},{"taxonomy":"product_tag","embeddable":true,"href":"https:\/\/autopartscenter24.com\/sv\/wp-json\/wp\/v2\/product_tag?post=5493"}],"curies":[{"name":"wp","href":"https:\/\/api.w.org\/{rel}","templated":true}]}}