{"id":5492,"date":"2023-03-05T19:50:09","date_gmt":"2023-11-26T16:06:57","guid":{"rendered":"https:\/\/autopartscenter24.com\/product\/2-0-z20dmh-motor-esim-captiva-cruze-astra-zafira\/"},"modified":"2023-11-26T17:06:57","modified_gmt":"2023-11-26T16:06:57","slug":"2-0-z20dmh-motor-chevrolet-captiva","status":"publish","type":"product","link":"https:\/\/autopartscenter24.com\/sv\/auton-varaosat\/2-0-z20dmh-motor-chevrolet-captiva\/","title":{"rendered":"2.0 &#8221;Z20DMH&#8221; Motor [esim. Captiva, Cruze, Astra, Zafira]"},"content":{"rendered":"<p><strong>Chevrolets 2.0-motor<\/strong>, \u00e4ven k\u00e4nd som <strong>Z20DMH<\/strong>, \u00e4r en fyrcylindrig dieselmotor som utvecklades i f\u00f6rsta hand f\u00f6r att anv\u00e4ndas tillsammans med en manuell v\u00e4xell\u00e5da. Motorn ger en effekt p\u00e5 121 h\u00e4stkrafter och ett vridmoment p\u00e5 320 Nm, vilket ger bra prestanda och br\u00e4nsleekonomi.<\/p>\n<p>Motorramen \u00e4r tillverkad av slitstarkt gr\u00e5tt gjutj\u00e4rn, vilket ger utm\u00e4rkt styvhet och h\u00e5llbarhet. Motorblocket \u00e4r konstruerat f\u00f6r att t\u00e5la h\u00f6ga tryck och ge utm\u00e4rkt v\u00e4rmebest\u00e4ndighet. Motorns cylinderhuvud har fyra ventiler per cylinder, vilket m\u00f6jligg\u00f6r effektivare luftv\u00e4xling och b\u00e4ttre br\u00e4nsleblandning.<\/p>\n<p>Motorn har ett flerpunkts direktinsprutningssystem, vilket m\u00f6jligg\u00f6r exakt dosering av br\u00e4nsle och b\u00e4ttre br\u00e4nsleekonomi. Motorstyrsystemet har en komplex algoritm som hela tiden justerar motorns funktion beroende p\u00e5 hur bilen k\u00f6rs och under vilka f\u00f6rh\u00e5llanden.<\/p>\n","protected":false},"excerpt":{"rendered":"<p>Z20DMH-motorn anv\u00e4nds fr\u00e4mst i mellanklassbilar fr\u00e5n Chevrolet och Opel, som Opel Vectra C och Chevrolet Cruze. Anv\u00e4ndningen av motorn har \u00e4ven ut\u00f6kats till andra bilar som tillh\u00f6r GM-gruppen, s\u00e5som Saab 9-3 och Cadillac BLS. Motorns h\u00e5llbarhet och tillf\u00f6rlitlighet har gjort den till ett popul\u00e4rt val i m\u00e5nga olika applikationer.<\/p>\n<p>Huvudapplikationer:<\/p>\n<ul>\n<li>Chevrolet Captiva<\/li>\n<li>Chevrolet Cruze<\/li>\n<li>Opel Astra H<\/li>\n<li>Opel Zafira B<\/li>\n<li>Saab 9-3<\/li>\n<li>Cadillac BLS<\/li>\n<\/ul>\n","protected":false},"featured_media":4631,"template":"","meta":[],"product_brand":[],"product_cat":[541,605],"product_tag":[712,717,716,715],"class_list":{"0":"post-5492","1":"product","2":"type-product","3":"status-publish","4":"has-post-thumbnail","6":"product_cat-chevrolet-sv","7":"product_cat-opel-sv","8":"product_tag-astra-sv","9":"product_tag-captiva-sv","10":"product_tag-cruze-sv","11":"product_tag-zafira-sv","12":"pa_varaosan-osasto-motor","15":"first","16":"instock","17":"shipping-taxable","18":"product-type-simple"},"yoast_head":"<!-- This site is optimized with the Yoast SEO plugin v26.8 - https:\/\/yoast.com\/product\/yoast-seo-wordpress\/ -->\n<title>2.0 &quot;Z20DMH&quot; Motor [esim. Captiva, Cruze, Astra, Zafira]<\/title>\n<meta name=\"description\" content=\"En av de motorer som vi ofta har tillg\u00e4ngliga. Skicka en f\u00f6rfr\u00e5gan och f\u00e5 en offert inom 24 timmar. Motorer, v\u00e4xell\u00e5dor och andra bildelar under garanti.\" \/>\n<meta name=\"robots\" content=\"index, follow, max-snippet:-1, max-image-preview:large, max-video-preview:-1\" \/>\n<link rel=\"canonical\" href=\"https:\/\/autopartscenter24.com\/sv\/auton-varaosat\/2-0-z20dmh-moottori-chevrolet-captiva\/\" \/>\n<meta property=\"og:locale\" content=\"sv_SE\" \/>\n<meta property=\"og:type\" content=\"article\" \/>\n<meta property=\"og:title\" content=\"2.0 &quot;Z20DMH&quot; Motor [esim. Captiva, Cruze, Astra, Zafira]\" \/>\n<meta property=\"og:description\" content=\"En av de motorer som vi ofta har tillg\u00e4ngliga. Skicka en f\u00f6rfr\u00e5gan och f\u00e5 en offert inom 24 timmar. Motorer, v\u00e4xell\u00e5dor och andra bildelar under garanti.\" \/>\n<meta property=\"og:url\" content=\"https:\/\/autopartscenter24.com\/sv\/auton-varaosat\/2-0-z20dmh-moottori-chevrolet-captiva\/\" \/>\n<meta property=\"og:site_name\" content=\"Autopartscenter24\" \/>\n<meta property=\"og:image\" content=\"https:\/\/autopartscenter24.com\/wp-content\/uploads\/2023\/03\/2-0-Z20DMH-moottori-chevrolet-captiva.webp\" \/>\n\t<meta property=\"og:image:width\" content=\"800\" \/>\n\t<meta property=\"og:image:height\" content=\"600\" \/>\n\t<meta property=\"og:image:type\" content=\"image\/webp\" \/>\n<meta name=\"twitter:card\" content=\"summary_large_image\" \/>\n<meta name=\"twitter:label1\" content=\"Ber\u00e4knad l\u00e4stid\" \/>\n\t<meta name=\"twitter:data1\" content=\"1 minut\" \/>\n<script type=\"application\/ld+json\" class=\"yoast-schema-graph\">{\"@context\":\"https:\/\/schema.org\",\"@graph\":[{\"@type\":\"WebPage\",\"@id\":\"https:\/\/autopartscenter24.com\/auton-varaosat\/2-0-z20dmh-moottori-chevrolet-captiva\/\",\"url\":\"https:\/\/autopartscenter24.com\/auton-varaosat\/2-0-z20dmh-moottori-chevrolet-captiva\/\",\"name\":\"2.0 \\\"Z20DMH\\\" Motor [esim. Captiva, Cruze, Astra, Zafira]\",\"isPartOf\":{\"@id\":\"https:\/\/autopartscenter24.com\/#website\"},\"primaryImageOfPage\":{\"@id\":\"https:\/\/autopartscenter24.com\/auton-varaosat\/2-0-z20dmh-moottori-chevrolet-captiva\/#primaryimage\"},\"image\":{\"@id\":\"https:\/\/autopartscenter24.com\/auton-varaosat\/2-0-z20dmh-moottori-chevrolet-captiva\/#primaryimage\"},\"thumbnailUrl\":\"https:\/\/autopartscenter24.com\/wp-content\/uploads\/2023\/03\/2-0-Z20DMH-moottori-chevrolet-captiva.webp\",\"datePublished\":\"2023-11-26T16:06:57+00:00\",\"description\":\"En av de motorer som vi ofta har tillg\u00e4ngliga. Skicka en f\u00f6rfr\u00e5gan och f\u00e5 en offert inom 24 timmar. Motorer, v\u00e4xell\u00e5dor och andra bildelar under garanti.\",\"breadcrumb\":{\"@id\":\"https:\/\/autopartscenter24.com\/auton-varaosat\/2-0-z20dmh-moottori-chevrolet-captiva\/#breadcrumb\"},\"inLanguage\":\"sv-SE\",\"potentialAction\":[{\"@type\":\"ReadAction\",\"target\":[\"https:\/\/autopartscenter24.com\/auton-varaosat\/2-0-z20dmh-moottori-chevrolet-captiva\/\"]}]},{\"@type\":\"ImageObject\",\"inLanguage\":\"sv-SE\",\"@id\":\"https:\/\/autopartscenter24.com\/auton-varaosat\/2-0-z20dmh-moottori-chevrolet-captiva\/#primaryimage\",\"url\":\"https:\/\/autopartscenter24.com\/wp-content\/uploads\/2023\/03\/2-0-Z20DMH-moottori-chevrolet-captiva.webp\",\"contentUrl\":\"https:\/\/autopartscenter24.com\/wp-content\/uploads\/2023\/03\/2-0-Z20DMH-moottori-chevrolet-captiva.webp\",\"width\":800,\"height\":600},{\"@type\":\"BreadcrumbList\",\"@id\":\"https:\/\/autopartscenter24.com\/auton-varaosat\/2-0-z20dmh-moottori-chevrolet-captiva\/#breadcrumb\",\"itemListElement\":[{\"@type\":\"ListItem\",\"position\":1,\"name\":\"Hem\",\"item\":\"https:\/\/aliceblue-termite-662564.hostingersite.com\/\"},{\"@type\":\"ListItem\",\"position\":2,\"name\":\"Auton varaosat\",\"item\":\"https:\/\/aliceblue-termite-662564.hostingersite.com\/auton-varaosat\/\"},{\"@type\":\"ListItem\",\"position\":3,\"name\":\"2.0 &#8221;Z20DMH&#8221; Motor [esim. Captiva, Cruze, Astra, Zafira]\"}]},{\"@type\":\"WebSite\",\"@id\":\"https:\/\/autopartscenter24.com\/#website\",\"url\":\"https:\/\/autopartscenter24.com\/\",\"name\":\"Autopartscenter24\",\"description\":\"K\u00c4YTETYT JA KUNNOSTETUT  AUTON VARAOSAT\",\"potentialAction\":[{\"@type\":\"SearchAction\",\"target\":{\"@type\":\"EntryPoint\",\"urlTemplate\":\"https:\/\/autopartscenter24.com\/?s={search_term_string}\"},\"query-input\":{\"@type\":\"PropertyValueSpecification\",\"valueRequired\":true,\"valueName\":\"search_term_string\"}}],\"inLanguage\":\"sv-SE\"}]}<\/script>\n<!-- \/ Yoast SEO plugin. -->","yoast_head_json":{"title":"2.0 \"Z20DMH\" Motor [esim. Captiva, Cruze, Astra, Zafira]","description":"En av de motorer som vi ofta har tillg\u00e4ngliga. Skicka en f\u00f6rfr\u00e5gan och f\u00e5 en offert inom 24 timmar. Motorer, v\u00e4xell\u00e5dor och andra bildelar under garanti.","robots":{"index":"index","follow":"follow","max-snippet":"max-snippet:-1","max-image-preview":"max-image-preview:large","max-video-preview":"max-video-preview:-1"},"canonical":"https:\/\/autopartscenter24.com\/sv\/auton-varaosat\/2-0-z20dmh-moottori-chevrolet-captiva\/","og_locale":"sv_SE","og_type":"article","og_title":"2.0 \"Z20DMH\" Motor [esim. Captiva, Cruze, Astra, Zafira]","og_description":"En av de motorer som vi ofta har tillg\u00e4ngliga. Skicka en f\u00f6rfr\u00e5gan och f\u00e5 en offert inom 24 timmar. Motorer, v\u00e4xell\u00e5dor och andra bildelar under garanti.","og_url":"https:\/\/autopartscenter24.com\/sv\/auton-varaosat\/2-0-z20dmh-moottori-chevrolet-captiva\/","og_site_name":"Autopartscenter24","og_image":[{"width":800,"height":600,"url":"https:\/\/autopartscenter24.com\/wp-content\/uploads\/2023\/03\/2-0-Z20DMH-moottori-chevrolet-captiva.webp","type":"image\/webp"}],"twitter_card":"summary_large_image","twitter_misc":{"Ber\u00e4knad l\u00e4stid":"1 minut"},"schema":{"@context":"https:\/\/schema.org","@graph":[{"@type":"WebPage","@id":"https:\/\/autopartscenter24.com\/auton-varaosat\/2-0-z20dmh-moottori-chevrolet-captiva\/","url":"https:\/\/autopartscenter24.com\/auton-varaosat\/2-0-z20dmh-moottori-chevrolet-captiva\/","name":"2.0 \"Z20DMH\" Motor [esim. Captiva, Cruze, Astra, Zafira]","isPartOf":{"@id":"https:\/\/autopartscenter24.com\/#website"},"primaryImageOfPage":{"@id":"https:\/\/autopartscenter24.com\/auton-varaosat\/2-0-z20dmh-moottori-chevrolet-captiva\/#primaryimage"},"image":{"@id":"https:\/\/autopartscenter24.com\/auton-varaosat\/2-0-z20dmh-moottori-chevrolet-captiva\/#primaryimage"},"thumbnailUrl":"https:\/\/autopartscenter24.com\/wp-content\/uploads\/2023\/03\/2-0-Z20DMH-moottori-chevrolet-captiva.webp","datePublished":"2023-11-26T16:06:57+00:00","description":"En av de motorer som vi ofta har tillg\u00e4ngliga. Skicka en f\u00f6rfr\u00e5gan och f\u00e5 en offert inom 24 timmar. Motorer, v\u00e4xell\u00e5dor och andra bildelar under garanti.","breadcrumb":{"@id":"https:\/\/autopartscenter24.com\/auton-varaosat\/2-0-z20dmh-moottori-chevrolet-captiva\/#breadcrumb"},"inLanguage":"sv-SE","potentialAction":[{"@type":"ReadAction","target":["https:\/\/autopartscenter24.com\/auton-varaosat\/2-0-z20dmh-moottori-chevrolet-captiva\/"]}]},{"@type":"ImageObject","inLanguage":"sv-SE","@id":"https:\/\/autopartscenter24.com\/auton-varaosat\/2-0-z20dmh-moottori-chevrolet-captiva\/#primaryimage","url":"https:\/\/autopartscenter24.com\/wp-content\/uploads\/2023\/03\/2-0-Z20DMH-moottori-chevrolet-captiva.webp","contentUrl":"https:\/\/autopartscenter24.com\/wp-content\/uploads\/2023\/03\/2-0-Z20DMH-moottori-chevrolet-captiva.webp","width":800,"height":600},{"@type":"BreadcrumbList","@id":"https:\/\/autopartscenter24.com\/auton-varaosat\/2-0-z20dmh-moottori-chevrolet-captiva\/#breadcrumb","itemListElement":[{"@type":"ListItem","position":1,"name":"Hem","item":"https:\/\/aliceblue-termite-662564.hostingersite.com\/"},{"@type":"ListItem","position":2,"name":"Auton varaosat","item":"https:\/\/aliceblue-termite-662564.hostingersite.com\/auton-varaosat\/"},{"@type":"ListItem","position":3,"name":"2.0 &#8221;Z20DMH&#8221; Motor [esim. Captiva, Cruze, Astra, Zafira]"}]},{"@type":"WebSite","@id":"https:\/\/autopartscenter24.com\/#website","url":"https:\/\/autopartscenter24.com\/","name":"Autopartscenter24","description":"K\u00c4YTETYT JA KUNNOSTETUT  AUTON VARAOSAT","potentialAction":[{"@type":"SearchAction","target":{"@type":"EntryPoint","urlTemplate":"https:\/\/autopartscenter24.com\/?s={search_term_string}"},"query-input":{"@type":"PropertyValueSpecification","valueRequired":true,"valueName":"search_term_string"}}],"inLanguage":"sv-SE"}]}},"_links":{"self":[{"href":"https:\/\/autopartscenter24.com\/sv\/wp-json\/wp\/v2\/product\/5492","targetHints":{"allow":["GET"]}}],"collection":[{"href":"https:\/\/autopartscenter24.com\/sv\/wp-json\/wp\/v2\/product"}],"about":[{"href":"https:\/\/autopartscenter24.com\/sv\/wp-json\/wp\/v2\/types\/product"}],"wp:featuredmedia":[{"embeddable":true,"href":"https:\/\/autopartscenter24.com\/sv\/wp-json\/wp\/v2\/media\/4631"}],"wp:attachment":[{"href":"https:\/\/autopartscenter24.com\/sv\/wp-json\/wp\/v2\/media?parent=5492"}],"wp:term":[{"taxonomy":"product_brand","embeddable":true,"href":"https:\/\/autopartscenter24.com\/sv\/wp-json\/wp\/v2\/product_brand?post=5492"},{"taxonomy":"product_cat","embeddable":true,"href":"https:\/\/autopartscenter24.com\/sv\/wp-json\/wp\/v2\/product_cat?post=5492"},{"taxonomy":"product_tag","embeddable":true,"href":"https:\/\/autopartscenter24.com\/sv\/wp-json\/wp\/v2\/product_tag?post=5492"}],"curies":[{"name":"wp","href":"https:\/\/api.w.org\/{rel}","templated":true}]}}