{"id":5491,"date":"2023-03-05T19:53:52","date_gmt":"2023-11-26T16:04:57","guid":{"rendered":"https:\/\/autopartscenter24.com\/product\/1-4-t-b14net-motor-esim-opel-mokka-astra-insignia\/"},"modified":"2023-11-26T17:04:57","modified_gmt":"2023-11-26T16:04:57","slug":"1-4-t-b14net-motor-opel-mokka-astra-insignia","status":"publish","type":"product","link":"https:\/\/autopartscenter24.com\/sv\/auton-varaosat\/1-4-t-b14net-motor-opel-mokka-astra-insignia\/","title":{"rendered":"1.4 T &#8221;B14NET&#8221; Motor [esim. Opel Mokka, Astra, Insignia]"},"content":{"rendered":"<p>Motorer \u00e4r de viktigaste delarna i en bil, och det finns m\u00e5nga olika motorer fr\u00e5n olika tillverkare. Ett exempel \u00e4r 1,4 liters <strong>T-motorn tillverkad av Opel (kodnamn B14NET)<\/strong>, som \u00e4r installerad i m\u00e5nga olika Opel-modeller.<\/p>\n<p><strong>B14NET-motorn<\/strong> \u00e4r en fyrcylindrig turboladdad motor som ger upp till 140 h\u00e4stkrafter och 200 Nm i vridmoment. Motorns toppfart \u00e4r cirka 200 km\/h, och den accelererar fr\u00e5n 0 till 100 km\/h p\u00e5 cirka 9 sekunder. Den st\u00f6rsta f\u00f6rdelen med motorn \u00e4r dess ringa storlek och l\u00e4tthet, vilket g\u00f6r den mycket effektiv och ekonomisk.<\/p>\n<p>B14NET-motorn har m\u00e5nga funktioner som g\u00f6r den till en utm\u00e4rkt motor. Till exempel har motorn en l\u00e4ttviktsmotorkonstruktion, vilket hj\u00e4lper till att minska motorns vikt och \u00f6ka dess effekt. Ut\u00f6ver turboladdaren har motorn \u00e4ven flerpunktsinsprutning, vilket bidrar till att f\u00f6rb\u00e4ttra motorns br\u00e4nsleekonomi och effektivitet.<\/p>\n<p>Sammanfattningsvis \u00e4r Opels 1,4 liters T-motor (kodnamn B14NET) en mycket effektiv och ekonomisk motor som erbjuder utm\u00e4rkt prestanda och br\u00e4nsleekonomi. Motorn \u00e4r speciellt framtagen f\u00f6r sm\u00e5 bilar, men den anv\u00e4nds \u00e4ven i st\u00f6rre bilar. B14NET-motorn har visat sig vara en mycket p\u00e5litlig och popul\u00e4r motor och \u00e4r ett utm\u00e4rkt val f\u00f6r den som vill k\u00f6ra en ekonomisk och effektiv bil.<\/p>\n","protected":false},"excerpt":{"rendered":"<p>B14NET-motorn anv\u00e4nds i flera olika Opel-modeller, som Astra, Corsa och Meriva. Motorn \u00e4r \u00e4ven installerad i Opel Insignia och Opel Cascada. Dessa bilar \u00e4r utm\u00e4rkta val f\u00f6r dem som vill k\u00f6ra en kraftfull, men \u00e4nd\u00e5 ekonomisk bil.<\/p>\n","protected":false},"featured_media":4638,"template":"","meta":[],"product_brand":[],"product_cat":[605],"product_tag":[712,714,713],"class_list":{"0":"post-5491","1":"product","2":"type-product","3":"status-publish","4":"has-post-thumbnail","6":"product_cat-opel-sv","7":"product_tag-astra-sv","8":"product_tag-insignia-sv","9":"product_tag-mokka-sv","10":"pa_varaosan-osasto-motor","13":"first","14":"instock","15":"shipping-taxable","16":"product-type-simple"},"yoast_head":"<!-- This site is optimized with the Yoast SEO plugin v26.8 - https:\/\/yoast.com\/product\/yoast-seo-wordpress\/ -->\n<title>1.4 T &quot;B14NET&quot; Motor [esim. Opel Mokka, Astra, Insignia]<\/title>\n<meta name=\"description\" content=\"En av de motorer som vi ofta har tillg\u00e4ngliga. Skicka en f\u00f6rfr\u00e5gan och f\u00e5 en offert inom 24 timmar. Motorer, v\u00e4xell\u00e5dor och andra bildelar under garanti.\" \/>\n<meta name=\"robots\" content=\"index, follow, max-snippet:-1, max-image-preview:large, max-video-preview:-1\" \/>\n<link rel=\"canonical\" href=\"https:\/\/autopartscenter24.com\/sv\/auton-varaosat\/1-4-t-b14net-moottori-opel-mokka-astra-insignia\/\" \/>\n<meta property=\"og:locale\" content=\"sv_SE\" \/>\n<meta property=\"og:type\" content=\"article\" \/>\n<meta property=\"og:title\" content=\"1.4 T &quot;B14NET&quot; Motor [esim. Opel Mokka, Astra, Insignia]\" \/>\n<meta property=\"og:description\" content=\"En av de motorer som vi ofta har tillg\u00e4ngliga. Skicka en f\u00f6rfr\u00e5gan och f\u00e5 en offert inom 24 timmar. Motorer, v\u00e4xell\u00e5dor och andra bildelar under garanti.\" \/>\n<meta property=\"og:url\" content=\"https:\/\/autopartscenter24.com\/sv\/auton-varaosat\/1-4-t-b14net-moottori-opel-mokka-astra-insignia\/\" \/>\n<meta property=\"og:site_name\" content=\"Autopartscenter24\" \/>\n<meta property=\"og:image\" content=\"https:\/\/autopartscenter24.com\/wp-content\/uploads\/2023\/03\/1-4-t-B14NET-moottori-opel-mokka-astra-insignia.webp\" \/>\n\t<meta property=\"og:image:width\" content=\"800\" \/>\n\t<meta property=\"og:image:height\" content=\"600\" \/>\n\t<meta property=\"og:image:type\" content=\"image\/webp\" \/>\n<meta name=\"twitter:card\" content=\"summary_large_image\" \/>\n<meta name=\"twitter:label1\" content=\"Ber\u00e4knad l\u00e4stid\" \/>\n\t<meta name=\"twitter:data1\" content=\"1 minut\" \/>\n<script type=\"application\/ld+json\" class=\"yoast-schema-graph\">{\"@context\":\"https:\/\/schema.org\",\"@graph\":[{\"@type\":\"WebPage\",\"@id\":\"https:\/\/autopartscenter24.com\/auton-varaosat\/1-4-t-b14net-moottori-opel-mokka-astra-insignia\/\",\"url\":\"https:\/\/autopartscenter24.com\/auton-varaosat\/1-4-t-b14net-moottori-opel-mokka-astra-insignia\/\",\"name\":\"1.4 T \\\"B14NET\\\" Motor [esim. Opel Mokka, Astra, Insignia]\",\"isPartOf\":{\"@id\":\"https:\/\/autopartscenter24.com\/#website\"},\"primaryImageOfPage\":{\"@id\":\"https:\/\/autopartscenter24.com\/auton-varaosat\/1-4-t-b14net-moottori-opel-mokka-astra-insignia\/#primaryimage\"},\"image\":{\"@id\":\"https:\/\/autopartscenter24.com\/auton-varaosat\/1-4-t-b14net-moottori-opel-mokka-astra-insignia\/#primaryimage\"},\"thumbnailUrl\":\"https:\/\/autopartscenter24.com\/wp-content\/uploads\/2023\/03\/1-4-t-B14NET-moottori-opel-mokka-astra-insignia.webp\",\"datePublished\":\"2023-11-26T16:04:57+00:00\",\"description\":\"En av de motorer som vi ofta har tillg\u00e4ngliga. Skicka en f\u00f6rfr\u00e5gan och f\u00e5 en offert inom 24 timmar. Motorer, v\u00e4xell\u00e5dor och andra bildelar under garanti.\",\"breadcrumb\":{\"@id\":\"https:\/\/autopartscenter24.com\/auton-varaosat\/1-4-t-b14net-moottori-opel-mokka-astra-insignia\/#breadcrumb\"},\"inLanguage\":\"sv-SE\",\"potentialAction\":[{\"@type\":\"ReadAction\",\"target\":[\"https:\/\/autopartscenter24.com\/auton-varaosat\/1-4-t-b14net-moottori-opel-mokka-astra-insignia\/\"]}]},{\"@type\":\"ImageObject\",\"inLanguage\":\"sv-SE\",\"@id\":\"https:\/\/autopartscenter24.com\/auton-varaosat\/1-4-t-b14net-moottori-opel-mokka-astra-insignia\/#primaryimage\",\"url\":\"https:\/\/autopartscenter24.com\/wp-content\/uploads\/2023\/03\/1-4-t-B14NET-moottori-opel-mokka-astra-insignia.webp\",\"contentUrl\":\"https:\/\/autopartscenter24.com\/wp-content\/uploads\/2023\/03\/1-4-t-B14NET-moottori-opel-mokka-astra-insignia.webp\",\"width\":800,\"height\":600},{\"@type\":\"BreadcrumbList\",\"@id\":\"https:\/\/autopartscenter24.com\/auton-varaosat\/1-4-t-b14net-moottori-opel-mokka-astra-insignia\/#breadcrumb\",\"itemListElement\":[{\"@type\":\"ListItem\",\"position\":1,\"name\":\"Hem\",\"item\":\"https:\/\/aliceblue-termite-662564.hostingersite.com\/\"},{\"@type\":\"ListItem\",\"position\":2,\"name\":\"Auton varaosat\",\"item\":\"https:\/\/aliceblue-termite-662564.hostingersite.com\/auton-varaosat\/\"},{\"@type\":\"ListItem\",\"position\":3,\"name\":\"1.4 T &#8221;B14NET&#8221; Motor [esim. Opel Mokka, Astra, Insignia]\"}]},{\"@type\":\"WebSite\",\"@id\":\"https:\/\/autopartscenter24.com\/#website\",\"url\":\"https:\/\/autopartscenter24.com\/\",\"name\":\"Autopartscenter24\",\"description\":\"K\u00c4YTETYT JA KUNNOSTETUT  AUTON VARAOSAT\",\"potentialAction\":[{\"@type\":\"SearchAction\",\"target\":{\"@type\":\"EntryPoint\",\"urlTemplate\":\"https:\/\/autopartscenter24.com\/?s={search_term_string}\"},\"query-input\":{\"@type\":\"PropertyValueSpecification\",\"valueRequired\":true,\"valueName\":\"search_term_string\"}}],\"inLanguage\":\"sv-SE\"}]}<\/script>\n<!-- \/ Yoast SEO plugin. -->","yoast_head_json":{"title":"1.4 T \"B14NET\" Motor [esim. Opel Mokka, Astra, Insignia]","description":"En av de motorer som vi ofta har tillg\u00e4ngliga. Skicka en f\u00f6rfr\u00e5gan och f\u00e5 en offert inom 24 timmar. Motorer, v\u00e4xell\u00e5dor och andra bildelar under garanti.","robots":{"index":"index","follow":"follow","max-snippet":"max-snippet:-1","max-image-preview":"max-image-preview:large","max-video-preview":"max-video-preview:-1"},"canonical":"https:\/\/autopartscenter24.com\/sv\/auton-varaosat\/1-4-t-b14net-moottori-opel-mokka-astra-insignia\/","og_locale":"sv_SE","og_type":"article","og_title":"1.4 T \"B14NET\" Motor [esim. Opel Mokka, Astra, Insignia]","og_description":"En av de motorer som vi ofta har tillg\u00e4ngliga. Skicka en f\u00f6rfr\u00e5gan och f\u00e5 en offert inom 24 timmar. Motorer, v\u00e4xell\u00e5dor och andra bildelar under garanti.","og_url":"https:\/\/autopartscenter24.com\/sv\/auton-varaosat\/1-4-t-b14net-moottori-opel-mokka-astra-insignia\/","og_site_name":"Autopartscenter24","og_image":[{"width":800,"height":600,"url":"https:\/\/autopartscenter24.com\/wp-content\/uploads\/2023\/03\/1-4-t-B14NET-moottori-opel-mokka-astra-insignia.webp","type":"image\/webp"}],"twitter_card":"summary_large_image","twitter_misc":{"Ber\u00e4knad l\u00e4stid":"1 minut"},"schema":{"@context":"https:\/\/schema.org","@graph":[{"@type":"WebPage","@id":"https:\/\/autopartscenter24.com\/auton-varaosat\/1-4-t-b14net-moottori-opel-mokka-astra-insignia\/","url":"https:\/\/autopartscenter24.com\/auton-varaosat\/1-4-t-b14net-moottori-opel-mokka-astra-insignia\/","name":"1.4 T \"B14NET\" Motor [esim. Opel Mokka, Astra, Insignia]","isPartOf":{"@id":"https:\/\/autopartscenter24.com\/#website"},"primaryImageOfPage":{"@id":"https:\/\/autopartscenter24.com\/auton-varaosat\/1-4-t-b14net-moottori-opel-mokka-astra-insignia\/#primaryimage"},"image":{"@id":"https:\/\/autopartscenter24.com\/auton-varaosat\/1-4-t-b14net-moottori-opel-mokka-astra-insignia\/#primaryimage"},"thumbnailUrl":"https:\/\/autopartscenter24.com\/wp-content\/uploads\/2023\/03\/1-4-t-B14NET-moottori-opel-mokka-astra-insignia.webp","datePublished":"2023-11-26T16:04:57+00:00","description":"En av de motorer som vi ofta har tillg\u00e4ngliga. Skicka en f\u00f6rfr\u00e5gan och f\u00e5 en offert inom 24 timmar. Motorer, v\u00e4xell\u00e5dor och andra bildelar under garanti.","breadcrumb":{"@id":"https:\/\/autopartscenter24.com\/auton-varaosat\/1-4-t-b14net-moottori-opel-mokka-astra-insignia\/#breadcrumb"},"inLanguage":"sv-SE","potentialAction":[{"@type":"ReadAction","target":["https:\/\/autopartscenter24.com\/auton-varaosat\/1-4-t-b14net-moottori-opel-mokka-astra-insignia\/"]}]},{"@type":"ImageObject","inLanguage":"sv-SE","@id":"https:\/\/autopartscenter24.com\/auton-varaosat\/1-4-t-b14net-moottori-opel-mokka-astra-insignia\/#primaryimage","url":"https:\/\/autopartscenter24.com\/wp-content\/uploads\/2023\/03\/1-4-t-B14NET-moottori-opel-mokka-astra-insignia.webp","contentUrl":"https:\/\/autopartscenter24.com\/wp-content\/uploads\/2023\/03\/1-4-t-B14NET-moottori-opel-mokka-astra-insignia.webp","width":800,"height":600},{"@type":"BreadcrumbList","@id":"https:\/\/autopartscenter24.com\/auton-varaosat\/1-4-t-b14net-moottori-opel-mokka-astra-insignia\/#breadcrumb","itemListElement":[{"@type":"ListItem","position":1,"name":"Hem","item":"https:\/\/aliceblue-termite-662564.hostingersite.com\/"},{"@type":"ListItem","position":2,"name":"Auton varaosat","item":"https:\/\/aliceblue-termite-662564.hostingersite.com\/auton-varaosat\/"},{"@type":"ListItem","position":3,"name":"1.4 T &#8221;B14NET&#8221; Motor [esim. Opel Mokka, Astra, Insignia]"}]},{"@type":"WebSite","@id":"https:\/\/autopartscenter24.com\/#website","url":"https:\/\/autopartscenter24.com\/","name":"Autopartscenter24","description":"K\u00c4YTETYT JA KUNNOSTETUT  AUTON VARAOSAT","potentialAction":[{"@type":"SearchAction","target":{"@type":"EntryPoint","urlTemplate":"https:\/\/autopartscenter24.com\/?s={search_term_string}"},"query-input":{"@type":"PropertyValueSpecification","valueRequired":true,"valueName":"search_term_string"}}],"inLanguage":"sv-SE"}]}},"_links":{"self":[{"href":"https:\/\/autopartscenter24.com\/sv\/wp-json\/wp\/v2\/product\/5491","targetHints":{"allow":["GET"]}}],"collection":[{"href":"https:\/\/autopartscenter24.com\/sv\/wp-json\/wp\/v2\/product"}],"about":[{"href":"https:\/\/autopartscenter24.com\/sv\/wp-json\/wp\/v2\/types\/product"}],"wp:featuredmedia":[{"embeddable":true,"href":"https:\/\/autopartscenter24.com\/sv\/wp-json\/wp\/v2\/media\/4638"}],"wp:attachment":[{"href":"https:\/\/autopartscenter24.com\/sv\/wp-json\/wp\/v2\/media?parent=5491"}],"wp:term":[{"taxonomy":"product_brand","embeddable":true,"href":"https:\/\/autopartscenter24.com\/sv\/wp-json\/wp\/v2\/product_brand?post=5491"},{"taxonomy":"product_cat","embeddable":true,"href":"https:\/\/autopartscenter24.com\/sv\/wp-json\/wp\/v2\/product_cat?post=5491"},{"taxonomy":"product_tag","embeddable":true,"href":"https:\/\/autopartscenter24.com\/sv\/wp-json\/wp\/v2\/product_tag?post=5491"}],"curies":[{"name":"wp","href":"https:\/\/api.w.org\/{rel}","templated":true}]}}