{"id":5490,"date":"2023-03-05T19:57:21","date_gmt":"2023-11-26T14:35:46","guid":{"rendered":"https:\/\/autopartscenter24.com\/product\/2-4-d-d5244t5-motor-esim-s60-v70-xc70-xc90\/"},"modified":"2023-11-26T15:35:56","modified_gmt":"2023-11-26T14:35:56","slug":"2-4-d-d5244t5-motor-volvo-s60-s80-xc90","status":"publish","type":"product","link":"https:\/\/autopartscenter24.com\/sv\/auton-varaosat\/2-4-d-d5244t5-motor-volvo-s60-s80-xc90\/","title":{"rendered":"2.4 D &#8221;D5244T5&#8221; Motor [esim. S60, V70, XC70, XC90]"},"content":{"rendered":"<p><strong>Volvo 2.4 D-motorn (motorkod: D5244T5)<\/strong> ing\u00e5r i Volvos D-motorfamilj. Hj\u00e4rtat i motorn \u00e4r en femcylindrig struktur gjord av aluminium. Motorn har en cylindervolym p\u00e5 2,4 liter och en maximal effekt p\u00e5 205 hk (151 kW) och ett maximalt vridmoment p\u00e5 420 Nm. Det maximala motorvarvtalet \u00e4r 5 000 r\/min. Motorn \u00e4r smord av en oljepump och har en oljekylare. Motorn har \u00e4ven en turboladdare som \u00f6kar motoreffekten och vridmomentet.<\/p>\n<p>Motorns br\u00e4nslesystem \u00e4r ett direktinsprutningssystem som anv\u00e4nder en h\u00f6gtryckspump f\u00f6r att mata br\u00e4nsle till munstyckena. En SCR-katalysator (Selective Catalytic Reduction) anv\u00e4nds f\u00f6r att behandla motorns avgaser, vilket minskar kv\u00e4veoxidutsl\u00e4ppen.<\/p>\n<p>Nyckelord:<\/p>\n<ul>\n<li>Volvo 2.4 D-motorn (motorkod: D5244T5) ing\u00e5r i Volvos D-motorfamilj.<\/li>\n<li>Motorn har en cylindervolym p\u00e5 2,4 liter och en maximal effekt p\u00e5 205 hk (151 kW) och ett maximalt vridmoment p\u00e5 420 Nm.<\/li>\n<li>Motorn har en turboladdare och ett direktinsprutningssystem.<\/li>\n<li>En SCR-katalysator anv\u00e4nds f\u00f6r att behandla motoravgaser.<\/li>\n<li>Motorn anv\u00e4nds flitigt i olika modeller av bilm\u00e4rket Volvo, s\u00e5som S60, V70, XC70 och XC90.<\/li>\n<li>Motorn anv\u00e4nds \u00e4ven i Fords Galaxy, S-Max och Mondeo-modeller och i Land Rover Freelander 2-modellen.<\/li>\n<\/ul>\n","protected":false},"excerpt":{"rendered":"<p>Volvo 2.4 D-motorn anv\u00e4nds flitigt i olika modeller av bilm\u00e4rket Volvo. Motorn har anv\u00e4nts i Volvo S60, V70 och XC70 samt XC90. Motorn anv\u00e4nds \u00e4ven i Volvos D5-modeller fr\u00e5n olika \u00e5r. Motorn har \u00e4ven anv\u00e4nts i Fords Galaxy, S-Max och Mondeo-modeller och i Land Rover Freelander 2-modellen.<\/p>\n","protected":false},"featured_media":4643,"template":"","meta":[],"product_brand":[],"product_cat":[528],"product_tag":[659,660,678,662],"class_list":{"0":"post-5490","1":"product","2":"type-product","3":"status-publish","4":"has-post-thumbnail","6":"product_cat-volvo-sv","7":"product_tag-s60-sv","8":"product_tag-v70-sv","9":"product_tag-xc70-sv","10":"product_tag-xc90-sv","11":"pa_varaosan-osasto-motor","14":"first","15":"instock","16":"shipping-taxable","17":"product-type-simple"},"yoast_head":"<!-- This site is optimized with the Yoast SEO plugin v26.8 - https:\/\/yoast.com\/product\/yoast-seo-wordpress\/ -->\n<title>2.4 D &quot;D5244T5&quot; Motor [esim. S60, V70, XC70, XC90]<\/title>\n<meta name=\"description\" content=\"En av de motorer som vi ofta har tillg\u00e4ngliga. Skicka en f\u00f6rfr\u00e5gan och f\u00e5 en offert inom 24 timmar. Motorer, v\u00e4xell\u00e5dor och andra bildelar under garanti.\" \/>\n<meta name=\"robots\" content=\"index, follow, max-snippet:-1, max-image-preview:large, max-video-preview:-1\" \/>\n<link rel=\"canonical\" href=\"https:\/\/autopartscenter24.com\/sv\/auton-varaosat\/2-4-d-d5244t5-moottori-volvo-s60-s80-xc90\/\" \/>\n<meta property=\"og:locale\" content=\"sv_SE\" \/>\n<meta property=\"og:type\" content=\"article\" \/>\n<meta property=\"og:title\" content=\"2.4 D &quot;D5244T5&quot; Motor [esim. S60, V70, XC70, XC90]\" \/>\n<meta property=\"og:description\" content=\"En av de motorer som vi ofta har tillg\u00e4ngliga. Skicka en f\u00f6rfr\u00e5gan och f\u00e5 en offert inom 24 timmar. Motorer, v\u00e4xell\u00e5dor och andra bildelar under garanti.\" \/>\n<meta property=\"og:url\" content=\"https:\/\/autopartscenter24.com\/sv\/auton-varaosat\/2-4-d-d5244t5-moottori-volvo-s60-s80-xc90\/\" \/>\n<meta property=\"og:site_name\" content=\"Autopartscenter24\" \/>\n<meta property=\"article:modified_time\" content=\"2023-11-26T14:35:56+00:00\" \/>\n<meta property=\"og:image\" content=\"https:\/\/autopartscenter24.com\/wp-content\/uploads\/2023\/03\/2-4-d-D5244T5-moottori-volvo-s60-s80-xc90.webp\" \/>\n\t<meta property=\"og:image:width\" content=\"800\" \/>\n\t<meta property=\"og:image:height\" content=\"600\" \/>\n\t<meta property=\"og:image:type\" content=\"image\/webp\" \/>\n<meta name=\"twitter:card\" content=\"summary_large_image\" \/>\n<meta name=\"twitter:label1\" content=\"Ber\u00e4knad l\u00e4stid\" \/>\n\t<meta name=\"twitter:data1\" content=\"1 minut\" \/>\n<script type=\"application\/ld+json\" class=\"yoast-schema-graph\">{\"@context\":\"https:\/\/schema.org\",\"@graph\":[{\"@type\":\"WebPage\",\"@id\":\"https:\/\/autopartscenter24.com\/auton-varaosat\/2-4-d-d5244t5-moottori-volvo-s60-s80-xc90\/\",\"url\":\"https:\/\/autopartscenter24.com\/auton-varaosat\/2-4-d-d5244t5-moottori-volvo-s60-s80-xc90\/\",\"name\":\"2.4 D \\\"D5244T5\\\" Motor [esim. S60, V70, XC70, XC90]\",\"isPartOf\":{\"@id\":\"https:\/\/autopartscenter24.com\/#website\"},\"primaryImageOfPage\":{\"@id\":\"https:\/\/autopartscenter24.com\/auton-varaosat\/2-4-d-d5244t5-moottori-volvo-s60-s80-xc90\/#primaryimage\"},\"image\":{\"@id\":\"https:\/\/autopartscenter24.com\/auton-varaosat\/2-4-d-d5244t5-moottori-volvo-s60-s80-xc90\/#primaryimage\"},\"thumbnailUrl\":\"https:\/\/autopartscenter24.com\/wp-content\/uploads\/2023\/03\/2-4-d-D5244T5-moottori-volvo-s60-s80-xc90.webp\",\"datePublished\":\"2023-11-26T14:35:46+00:00\",\"dateModified\":\"2023-11-26T14:35:56+00:00\",\"description\":\"En av de motorer som vi ofta har tillg\u00e4ngliga. Skicka en f\u00f6rfr\u00e5gan och f\u00e5 en offert inom 24 timmar. Motorer, v\u00e4xell\u00e5dor och andra bildelar under garanti.\",\"breadcrumb\":{\"@id\":\"https:\/\/autopartscenter24.com\/auton-varaosat\/2-4-d-d5244t5-moottori-volvo-s60-s80-xc90\/#breadcrumb\"},\"inLanguage\":\"sv-SE\",\"potentialAction\":[{\"@type\":\"ReadAction\",\"target\":[\"https:\/\/autopartscenter24.com\/auton-varaosat\/2-4-d-d5244t5-moottori-volvo-s60-s80-xc90\/\"]}]},{\"@type\":\"ImageObject\",\"inLanguage\":\"sv-SE\",\"@id\":\"https:\/\/autopartscenter24.com\/auton-varaosat\/2-4-d-d5244t5-moottori-volvo-s60-s80-xc90\/#primaryimage\",\"url\":\"https:\/\/autopartscenter24.com\/wp-content\/uploads\/2023\/03\/2-4-d-D5244T5-moottori-volvo-s60-s80-xc90.webp\",\"contentUrl\":\"https:\/\/autopartscenter24.com\/wp-content\/uploads\/2023\/03\/2-4-d-D5244T5-moottori-volvo-s60-s80-xc90.webp\",\"width\":800,\"height\":600},{\"@type\":\"BreadcrumbList\",\"@id\":\"https:\/\/autopartscenter24.com\/auton-varaosat\/2-4-d-d5244t5-moottori-volvo-s60-s80-xc90\/#breadcrumb\",\"itemListElement\":[{\"@type\":\"ListItem\",\"position\":1,\"name\":\"Hem\",\"item\":\"https:\/\/aliceblue-termite-662564.hostingersite.com\/\"},{\"@type\":\"ListItem\",\"position\":2,\"name\":\"Auton varaosat\",\"item\":\"https:\/\/aliceblue-termite-662564.hostingersite.com\/auton-varaosat\/\"},{\"@type\":\"ListItem\",\"position\":3,\"name\":\"2.4 D &#8221;D5244T5&#8221; Motor [esim. S60, V70, XC70, XC90]\"}]},{\"@type\":\"WebSite\",\"@id\":\"https:\/\/autopartscenter24.com\/#website\",\"url\":\"https:\/\/autopartscenter24.com\/\",\"name\":\"Autopartscenter24\",\"description\":\"K\u00c4YTETYT JA KUNNOSTETUT  AUTON VARAOSAT\",\"potentialAction\":[{\"@type\":\"SearchAction\",\"target\":{\"@type\":\"EntryPoint\",\"urlTemplate\":\"https:\/\/autopartscenter24.com\/?s={search_term_string}\"},\"query-input\":{\"@type\":\"PropertyValueSpecification\",\"valueRequired\":true,\"valueName\":\"search_term_string\"}}],\"inLanguage\":\"sv-SE\"}]}<\/script>\n<!-- \/ Yoast SEO plugin. -->","yoast_head_json":{"title":"2.4 D \"D5244T5\" Motor [esim. S60, V70, XC70, XC90]","description":"En av de motorer som vi ofta har tillg\u00e4ngliga. Skicka en f\u00f6rfr\u00e5gan och f\u00e5 en offert inom 24 timmar. Motorer, v\u00e4xell\u00e5dor och andra bildelar under garanti.","robots":{"index":"index","follow":"follow","max-snippet":"max-snippet:-1","max-image-preview":"max-image-preview:large","max-video-preview":"max-video-preview:-1"},"canonical":"https:\/\/autopartscenter24.com\/sv\/auton-varaosat\/2-4-d-d5244t5-moottori-volvo-s60-s80-xc90\/","og_locale":"sv_SE","og_type":"article","og_title":"2.4 D \"D5244T5\" Motor [esim. S60, V70, XC70, XC90]","og_description":"En av de motorer som vi ofta har tillg\u00e4ngliga. Skicka en f\u00f6rfr\u00e5gan och f\u00e5 en offert inom 24 timmar. Motorer, v\u00e4xell\u00e5dor och andra bildelar under garanti.","og_url":"https:\/\/autopartscenter24.com\/sv\/auton-varaosat\/2-4-d-d5244t5-moottori-volvo-s60-s80-xc90\/","og_site_name":"Autopartscenter24","article_modified_time":"2023-11-26T14:35:56+00:00","og_image":[{"width":800,"height":600,"url":"https:\/\/autopartscenter24.com\/wp-content\/uploads\/2023\/03\/2-4-d-D5244T5-moottori-volvo-s60-s80-xc90.webp","type":"image\/webp"}],"twitter_card":"summary_large_image","twitter_misc":{"Ber\u00e4knad l\u00e4stid":"1 minut"},"schema":{"@context":"https:\/\/schema.org","@graph":[{"@type":"WebPage","@id":"https:\/\/autopartscenter24.com\/auton-varaosat\/2-4-d-d5244t5-moottori-volvo-s60-s80-xc90\/","url":"https:\/\/autopartscenter24.com\/auton-varaosat\/2-4-d-d5244t5-moottori-volvo-s60-s80-xc90\/","name":"2.4 D \"D5244T5\" Motor [esim. S60, V70, XC70, XC90]","isPartOf":{"@id":"https:\/\/autopartscenter24.com\/#website"},"primaryImageOfPage":{"@id":"https:\/\/autopartscenter24.com\/auton-varaosat\/2-4-d-d5244t5-moottori-volvo-s60-s80-xc90\/#primaryimage"},"image":{"@id":"https:\/\/autopartscenter24.com\/auton-varaosat\/2-4-d-d5244t5-moottori-volvo-s60-s80-xc90\/#primaryimage"},"thumbnailUrl":"https:\/\/autopartscenter24.com\/wp-content\/uploads\/2023\/03\/2-4-d-D5244T5-moottori-volvo-s60-s80-xc90.webp","datePublished":"2023-11-26T14:35:46+00:00","dateModified":"2023-11-26T14:35:56+00:00","description":"En av de motorer som vi ofta har tillg\u00e4ngliga. Skicka en f\u00f6rfr\u00e5gan och f\u00e5 en offert inom 24 timmar. Motorer, v\u00e4xell\u00e5dor och andra bildelar under garanti.","breadcrumb":{"@id":"https:\/\/autopartscenter24.com\/auton-varaosat\/2-4-d-d5244t5-moottori-volvo-s60-s80-xc90\/#breadcrumb"},"inLanguage":"sv-SE","potentialAction":[{"@type":"ReadAction","target":["https:\/\/autopartscenter24.com\/auton-varaosat\/2-4-d-d5244t5-moottori-volvo-s60-s80-xc90\/"]}]},{"@type":"ImageObject","inLanguage":"sv-SE","@id":"https:\/\/autopartscenter24.com\/auton-varaosat\/2-4-d-d5244t5-moottori-volvo-s60-s80-xc90\/#primaryimage","url":"https:\/\/autopartscenter24.com\/wp-content\/uploads\/2023\/03\/2-4-d-D5244T5-moottori-volvo-s60-s80-xc90.webp","contentUrl":"https:\/\/autopartscenter24.com\/wp-content\/uploads\/2023\/03\/2-4-d-D5244T5-moottori-volvo-s60-s80-xc90.webp","width":800,"height":600},{"@type":"BreadcrumbList","@id":"https:\/\/autopartscenter24.com\/auton-varaosat\/2-4-d-d5244t5-moottori-volvo-s60-s80-xc90\/#breadcrumb","itemListElement":[{"@type":"ListItem","position":1,"name":"Hem","item":"https:\/\/aliceblue-termite-662564.hostingersite.com\/"},{"@type":"ListItem","position":2,"name":"Auton varaosat","item":"https:\/\/aliceblue-termite-662564.hostingersite.com\/auton-varaosat\/"},{"@type":"ListItem","position":3,"name":"2.4 D &#8221;D5244T5&#8221; Motor [esim. S60, V70, XC70, XC90]"}]},{"@type":"WebSite","@id":"https:\/\/autopartscenter24.com\/#website","url":"https:\/\/autopartscenter24.com\/","name":"Autopartscenter24","description":"K\u00c4YTETYT JA KUNNOSTETUT  AUTON VARAOSAT","potentialAction":[{"@type":"SearchAction","target":{"@type":"EntryPoint","urlTemplate":"https:\/\/autopartscenter24.com\/?s={search_term_string}"},"query-input":{"@type":"PropertyValueSpecification","valueRequired":true,"valueName":"search_term_string"}}],"inLanguage":"sv-SE"}]}},"_links":{"self":[{"href":"https:\/\/autopartscenter24.com\/sv\/wp-json\/wp\/v2\/product\/5490","targetHints":{"allow":["GET"]}}],"collection":[{"href":"https:\/\/autopartscenter24.com\/sv\/wp-json\/wp\/v2\/product"}],"about":[{"href":"https:\/\/autopartscenter24.com\/sv\/wp-json\/wp\/v2\/types\/product"}],"wp:featuredmedia":[{"embeddable":true,"href":"https:\/\/autopartscenter24.com\/sv\/wp-json\/wp\/v2\/media\/4643"}],"wp:attachment":[{"href":"https:\/\/autopartscenter24.com\/sv\/wp-json\/wp\/v2\/media?parent=5490"}],"wp:term":[{"taxonomy":"product_brand","embeddable":true,"href":"https:\/\/autopartscenter24.com\/sv\/wp-json\/wp\/v2\/product_brand?post=5490"},{"taxonomy":"product_cat","embeddable":true,"href":"https:\/\/autopartscenter24.com\/sv\/wp-json\/wp\/v2\/product_cat?post=5490"},{"taxonomy":"product_tag","embeddable":true,"href":"https:\/\/autopartscenter24.com\/sv\/wp-json\/wp\/v2\/product_tag?post=5490"}],"curies":[{"name":"wp","href":"https:\/\/api.w.org\/{rel}","templated":true}]}}