{"id":5489,"date":"2023-03-05T20:02:28","date_gmt":"2023-11-26T14:26:22","guid":{"rendered":"https:\/\/autopartscenter24.com\/product\/2-0-d5204t5-motor-esim-v70v60s60-v40-xc-60\/"},"modified":"2023-11-26T15:26:22","modified_gmt":"2023-11-26T14:26:22","slug":"2-0-d5204t5-moottori-v40-v70-s60-v60","status":"publish","type":"product","link":"https:\/\/autopartscenter24.com\/sv\/auton-varaosat\/2-0-d5204t5-moottori-v40-v70-s60-v60\/","title":{"rendered":"2.0 &#8221;D5204T5&#8221; Motor [esim. V70,V60,S60 V40, XC-60]"},"content":{"rendered":"<p><strong>Volvo D5204T5<\/strong> \u00e4r en motormodellkod som monteras p\u00e5 flera Volvo-modeller. Denna motor \u00e4r en fyrcylindrig dieselmotor med m\u00e5nga tekniska egenskaper som g\u00f6r den effektiv och p\u00e5litlig.<\/p>\n<p><strong>D5204T5-motorn<\/strong> har 16 ventiler och ett direktinsprutningssystem som f\u00f6rb\u00e4ttrar motorns br\u00e4nsleekonomi och minskar utsl\u00e4ppen. Motorn \u00e4r ocks\u00e5 utrustad med dubbel VVT-teknik som hj\u00e4lper till att optimera motorns prestanda och f\u00f6rb\u00e4ttra br\u00e4nsleeffektiviteten.<\/p>\n<p>Denna motor \u00e4r en turbodiesel med en intercooler. Detta f\u00f6rb\u00e4ttrar motorns prestanda och minskar avgasutsl\u00e4ppen. Motorns maximala effekt \u00e4r 190 hk och vridmomentet \u00e4r 400 Nm.<\/p>\n<p>D5204T5-moottorin suunnittelussa on k\u00e4ytetty kest\u00e4vi\u00e4 ja korkealaatuisia materiaaleja, jotka tekev\u00e4t siit\u00e4 luotettavan ja pitk\u00e4ik\u00e4isen. Motorn har \u00e4ven ett optimerat oljecirkulationssystem som f\u00f6rb\u00e4ttrar motorsm\u00f6rjningen och minskar slitaget.<\/p>\n<p>Volvo D5204T5 har anv\u00e4nts i flera olika Volvomodeller, inklusive Volvo V60, Volvo XC60, Volvo S60 och Volvo V70. Denna motor \u00e4r en av de mest popul\u00e4ra motorerna i Volvos sortiment p\u00e5 grund av dess effektivitet och tillf\u00f6rlitlighet.<\/p>\n<p>Volvo D5204T5 \u00e4r ocks\u00e5 ett popul\u00e4rt val f\u00f6r milj\u00f6medvetna f\u00f6rare, eftersom den uppfyller str\u00e4nga utsl\u00e4ppskrav och erbjuder utm\u00e4rkt br\u00e4nsleekonomi. Underh\u00e5llsintervallerna f\u00f6r motorerna \u00e4r ocks\u00e5 relativt l\u00e5nga, vilket sparar \u00e4garna pengar och tid n\u00e4r det g\u00e4ller underh\u00e5ll.<\/p>\n<p>Sammanfattningsvis \u00e4r Volvo D5204T5 en kraftfull, p\u00e5litlig och milj\u00f6v\u00e4nlig motor designad f\u00f6r l\u00e5ng livsl\u00e4ngd och prestanda. Den har visat sig vara ett utm\u00e4rkt val i flera Volvo-modeller och forts\u00e4tter att vara en av de b\u00e4sta dieselmotorerna p\u00e5 marknaden.<\/p>\n","protected":false},"excerpt":{"rendered":"<p>Nyckelf\u00e4rdiga bilar med D5204T5-motor:<\/p>\n<ul>\n<li>Volvo V60<\/li>\n<li>Volvo XC60<\/li>\n<li>Volvo S60<\/li>\n<li>Volvo V70<\/li>\n<li>Volvo S80<\/li>\n<li>Volvo V40<\/li>\n<\/ul>\n","protected":false},"featured_media":4648,"template":"","meta":[],"product_brand":[],"product_cat":[528],"product_tag":[659,661,709,710,660,711],"class_list":{"0":"post-5489","1":"product","2":"type-product","3":"status-publish","4":"has-post-thumbnail","6":"product_cat-volvo-sv","7":"product_tag-s60-sv","8":"product_tag-s80-sv","9":"product_tag-v40-sv","10":"product_tag-v60-sv","11":"product_tag-v70-sv","12":"product_tag-xc-60-sv","13":"pa_varaosan-osasto-motor","16":"first","17":"instock","18":"shipping-taxable","19":"product-type-simple"},"yoast_head":"<!-- This site is optimized with the Yoast SEO plugin v26.8 - https:\/\/yoast.com\/product\/yoast-seo-wordpress\/ -->\n<title>2.0 &quot;D5204T5&quot; Motor [esim. V70,V60,S60 V40, XC-60]<\/title>\n<meta name=\"description\" content=\"En av de motorer som vi ofta har tillg\u00e4ngliga. Skicka en f\u00f6rfr\u00e5gan och f\u00e5 en offert inom 24 timmar. Motorer, v\u00e4xell\u00e5dor och andra bildelar under garanti.\" \/>\n<meta name=\"robots\" content=\"index, follow, max-snippet:-1, max-image-preview:large, max-video-preview:-1\" \/>\n<link rel=\"canonical\" href=\"https:\/\/autopartscenter24.com\/sv\/auton-varaosat\/2-0-d5204t5-moottori-v40-v70-s60-v60\/\" \/>\n<meta property=\"og:locale\" content=\"sv_SE\" \/>\n<meta property=\"og:type\" content=\"article\" \/>\n<meta property=\"og:title\" content=\"2.0 &quot;D5204T5&quot; Motor [esim. V70,V60,S60 V40, XC-60]\" \/>\n<meta property=\"og:description\" content=\"En av de motorer som vi ofta har tillg\u00e4ngliga. Skicka en f\u00f6rfr\u00e5gan och f\u00e5 en offert inom 24 timmar. Motorer, v\u00e4xell\u00e5dor och andra bildelar under garanti.\" \/>\n<meta property=\"og:url\" content=\"https:\/\/autopartscenter24.com\/sv\/auton-varaosat\/2-0-d5204t5-moottori-v40-v70-s60-v60\/\" \/>\n<meta property=\"og:site_name\" content=\"Autopartscenter24\" \/>\n<meta property=\"og:image\" content=\"https:\/\/autopartscenter24.com\/wp-content\/uploads\/2023\/03\/2-0-D5204T5-moottori-volvo-s60-c30-c70-v50.webp\" \/>\n\t<meta property=\"og:image:width\" content=\"800\" \/>\n\t<meta property=\"og:image:height\" content=\"600\" \/>\n\t<meta property=\"og:image:type\" content=\"image\/webp\" \/>\n<meta name=\"twitter:card\" content=\"summary_large_image\" \/>\n<meta name=\"twitter:label1\" content=\"Ber\u00e4knad l\u00e4stid\" \/>\n\t<meta name=\"twitter:data1\" content=\"1 minut\" \/>\n<script type=\"application\/ld+json\" class=\"yoast-schema-graph\">{\"@context\":\"https:\/\/schema.org\",\"@graph\":[{\"@type\":\"WebPage\",\"@id\":\"https:\/\/autopartscenter24.com\/auton-varaosat\/2-0-d5204t5-moottori-v40-v70-s60-v60\/\",\"url\":\"https:\/\/autopartscenter24.com\/auton-varaosat\/2-0-d5204t5-moottori-v40-v70-s60-v60\/\",\"name\":\"2.0 \\\"D5204T5\\\" Motor [esim. V70,V60,S60 V40, XC-60]\",\"isPartOf\":{\"@id\":\"https:\/\/autopartscenter24.com\/#website\"},\"primaryImageOfPage\":{\"@id\":\"https:\/\/autopartscenter24.com\/auton-varaosat\/2-0-d5204t5-moottori-v40-v70-s60-v60\/#primaryimage\"},\"image\":{\"@id\":\"https:\/\/autopartscenter24.com\/auton-varaosat\/2-0-d5204t5-moottori-v40-v70-s60-v60\/#primaryimage\"},\"thumbnailUrl\":\"https:\/\/autopartscenter24.com\/wp-content\/uploads\/2023\/03\/2-0-D5204T5-moottori-volvo-s60-c30-c70-v50.webp\",\"datePublished\":\"2023-11-26T14:26:22+00:00\",\"description\":\"En av de motorer som vi ofta har tillg\u00e4ngliga. Skicka en f\u00f6rfr\u00e5gan och f\u00e5 en offert inom 24 timmar. Motorer, v\u00e4xell\u00e5dor och andra bildelar under garanti.\",\"breadcrumb\":{\"@id\":\"https:\/\/autopartscenter24.com\/auton-varaosat\/2-0-d5204t5-moottori-v40-v70-s60-v60\/#breadcrumb\"},\"inLanguage\":\"sv-SE\",\"potentialAction\":[{\"@type\":\"ReadAction\",\"target\":[\"https:\/\/autopartscenter24.com\/auton-varaosat\/2-0-d5204t5-moottori-v40-v70-s60-v60\/\"]}]},{\"@type\":\"ImageObject\",\"inLanguage\":\"sv-SE\",\"@id\":\"https:\/\/autopartscenter24.com\/auton-varaosat\/2-0-d5204t5-moottori-v40-v70-s60-v60\/#primaryimage\",\"url\":\"https:\/\/autopartscenter24.com\/wp-content\/uploads\/2023\/03\/2-0-D5204T5-moottori-volvo-s60-c30-c70-v50.webp\",\"contentUrl\":\"https:\/\/autopartscenter24.com\/wp-content\/uploads\/2023\/03\/2-0-D5204T5-moottori-volvo-s60-c30-c70-v50.webp\",\"width\":800,\"height\":600},{\"@type\":\"BreadcrumbList\",\"@id\":\"https:\/\/autopartscenter24.com\/auton-varaosat\/2-0-d5204t5-moottori-v40-v70-s60-v60\/#breadcrumb\",\"itemListElement\":[{\"@type\":\"ListItem\",\"position\":1,\"name\":\"Hem\",\"item\":\"https:\/\/aliceblue-termite-662564.hostingersite.com\/\"},{\"@type\":\"ListItem\",\"position\":2,\"name\":\"Auton varaosat\",\"item\":\"https:\/\/aliceblue-termite-662564.hostingersite.com\/auton-varaosat\/\"},{\"@type\":\"ListItem\",\"position\":3,\"name\":\"2.0 &#8221;D5204T5&#8221; Motor [esim. V70,V60,S60 V40, XC-60]\"}]},{\"@type\":\"WebSite\",\"@id\":\"https:\/\/autopartscenter24.com\/#website\",\"url\":\"https:\/\/autopartscenter24.com\/\",\"name\":\"Autopartscenter24\",\"description\":\"K\u00c4YTETYT JA KUNNOSTETUT  AUTON VARAOSAT\",\"potentialAction\":[{\"@type\":\"SearchAction\",\"target\":{\"@type\":\"EntryPoint\",\"urlTemplate\":\"https:\/\/autopartscenter24.com\/?s={search_term_string}\"},\"query-input\":{\"@type\":\"PropertyValueSpecification\",\"valueRequired\":true,\"valueName\":\"search_term_string\"}}],\"inLanguage\":\"sv-SE\"}]}<\/script>\n<!-- \/ Yoast SEO plugin. -->","yoast_head_json":{"title":"2.0 \"D5204T5\" Motor [esim. V70,V60,S60 V40, XC-60]","description":"En av de motorer som vi ofta har tillg\u00e4ngliga. Skicka en f\u00f6rfr\u00e5gan och f\u00e5 en offert inom 24 timmar. Motorer, v\u00e4xell\u00e5dor och andra bildelar under garanti.","robots":{"index":"index","follow":"follow","max-snippet":"max-snippet:-1","max-image-preview":"max-image-preview:large","max-video-preview":"max-video-preview:-1"},"canonical":"https:\/\/autopartscenter24.com\/sv\/auton-varaosat\/2-0-d5204t5-moottori-v40-v70-s60-v60\/","og_locale":"sv_SE","og_type":"article","og_title":"2.0 \"D5204T5\" Motor [esim. V70,V60,S60 V40, XC-60]","og_description":"En av de motorer som vi ofta har tillg\u00e4ngliga. Skicka en f\u00f6rfr\u00e5gan och f\u00e5 en offert inom 24 timmar. Motorer, v\u00e4xell\u00e5dor och andra bildelar under garanti.","og_url":"https:\/\/autopartscenter24.com\/sv\/auton-varaosat\/2-0-d5204t5-moottori-v40-v70-s60-v60\/","og_site_name":"Autopartscenter24","og_image":[{"width":800,"height":600,"url":"https:\/\/autopartscenter24.com\/wp-content\/uploads\/2023\/03\/2-0-D5204T5-moottori-volvo-s60-c30-c70-v50.webp","type":"image\/webp"}],"twitter_card":"summary_large_image","twitter_misc":{"Ber\u00e4knad l\u00e4stid":"1 minut"},"schema":{"@context":"https:\/\/schema.org","@graph":[{"@type":"WebPage","@id":"https:\/\/autopartscenter24.com\/auton-varaosat\/2-0-d5204t5-moottori-v40-v70-s60-v60\/","url":"https:\/\/autopartscenter24.com\/auton-varaosat\/2-0-d5204t5-moottori-v40-v70-s60-v60\/","name":"2.0 \"D5204T5\" Motor [esim. V70,V60,S60 V40, XC-60]","isPartOf":{"@id":"https:\/\/autopartscenter24.com\/#website"},"primaryImageOfPage":{"@id":"https:\/\/autopartscenter24.com\/auton-varaosat\/2-0-d5204t5-moottori-v40-v70-s60-v60\/#primaryimage"},"image":{"@id":"https:\/\/autopartscenter24.com\/auton-varaosat\/2-0-d5204t5-moottori-v40-v70-s60-v60\/#primaryimage"},"thumbnailUrl":"https:\/\/autopartscenter24.com\/wp-content\/uploads\/2023\/03\/2-0-D5204T5-moottori-volvo-s60-c30-c70-v50.webp","datePublished":"2023-11-26T14:26:22+00:00","description":"En av de motorer som vi ofta har tillg\u00e4ngliga. Skicka en f\u00f6rfr\u00e5gan och f\u00e5 en offert inom 24 timmar. Motorer, v\u00e4xell\u00e5dor och andra bildelar under garanti.","breadcrumb":{"@id":"https:\/\/autopartscenter24.com\/auton-varaosat\/2-0-d5204t5-moottori-v40-v70-s60-v60\/#breadcrumb"},"inLanguage":"sv-SE","potentialAction":[{"@type":"ReadAction","target":["https:\/\/autopartscenter24.com\/auton-varaosat\/2-0-d5204t5-moottori-v40-v70-s60-v60\/"]}]},{"@type":"ImageObject","inLanguage":"sv-SE","@id":"https:\/\/autopartscenter24.com\/auton-varaosat\/2-0-d5204t5-moottori-v40-v70-s60-v60\/#primaryimage","url":"https:\/\/autopartscenter24.com\/wp-content\/uploads\/2023\/03\/2-0-D5204T5-moottori-volvo-s60-c30-c70-v50.webp","contentUrl":"https:\/\/autopartscenter24.com\/wp-content\/uploads\/2023\/03\/2-0-D5204T5-moottori-volvo-s60-c30-c70-v50.webp","width":800,"height":600},{"@type":"BreadcrumbList","@id":"https:\/\/autopartscenter24.com\/auton-varaosat\/2-0-d5204t5-moottori-v40-v70-s60-v60\/#breadcrumb","itemListElement":[{"@type":"ListItem","position":1,"name":"Hem","item":"https:\/\/aliceblue-termite-662564.hostingersite.com\/"},{"@type":"ListItem","position":2,"name":"Auton varaosat","item":"https:\/\/aliceblue-termite-662564.hostingersite.com\/auton-varaosat\/"},{"@type":"ListItem","position":3,"name":"2.0 &#8221;D5204T5&#8221; Motor [esim. V70,V60,S60 V40, XC-60]"}]},{"@type":"WebSite","@id":"https:\/\/autopartscenter24.com\/#website","url":"https:\/\/autopartscenter24.com\/","name":"Autopartscenter24","description":"K\u00c4YTETYT JA KUNNOSTETUT  AUTON VARAOSAT","potentialAction":[{"@type":"SearchAction","target":{"@type":"EntryPoint","urlTemplate":"https:\/\/autopartscenter24.com\/?s={search_term_string}"},"query-input":{"@type":"PropertyValueSpecification","valueRequired":true,"valueName":"search_term_string"}}],"inLanguage":"sv-SE"}]}},"_links":{"self":[{"href":"https:\/\/autopartscenter24.com\/sv\/wp-json\/wp\/v2\/product\/5489","targetHints":{"allow":["GET"]}}],"collection":[{"href":"https:\/\/autopartscenter24.com\/sv\/wp-json\/wp\/v2\/product"}],"about":[{"href":"https:\/\/autopartscenter24.com\/sv\/wp-json\/wp\/v2\/types\/product"}],"wp:featuredmedia":[{"embeddable":true,"href":"https:\/\/autopartscenter24.com\/sv\/wp-json\/wp\/v2\/media\/4648"}],"wp:attachment":[{"href":"https:\/\/autopartscenter24.com\/sv\/wp-json\/wp\/v2\/media?parent=5489"}],"wp:term":[{"taxonomy":"product_brand","embeddable":true,"href":"https:\/\/autopartscenter24.com\/sv\/wp-json\/wp\/v2\/product_brand?post=5489"},{"taxonomy":"product_cat","embeddable":true,"href":"https:\/\/autopartscenter24.com\/sv\/wp-json\/wp\/v2\/product_cat?post=5489"},{"taxonomy":"product_tag","embeddable":true,"href":"https:\/\/autopartscenter24.com\/sv\/wp-json\/wp\/v2\/product_tag?post=5489"}],"curies":[{"name":"wp","href":"https:\/\/api.w.org\/{rel}","templated":true}]}}