{"id":5488,"date":"2023-03-05T20:07:57","date_gmt":"2023-11-26T14:24:19","guid":{"rendered":"https:\/\/autopartscenter24.com\/product\/1-2-hr12-motor-esim-nissan-micra-note-cube\/"},"modified":"2023-11-26T15:24:19","modified_gmt":"2023-11-26T14:24:19","slug":"1-2-hr12-motor-nissan-micra-iv-note","status":"publish","type":"product","link":"https:\/\/autopartscenter24.com\/sv\/auton-varaosat\/1-2-hr12-motor-nissan-micra-iv-note\/","title":{"rendered":"1.2 &#8221;HR12&#8221; Motor [esim. Nissan Micra, Note, Cube]"},"content":{"rendered":"<p><strong>Nissans HR12-motor<\/strong> \u00e4r en liten men kraftfull motor designad fr\u00e4mst f\u00f6r stadsk\u00f6rning. Denna motor \u00e4r mycket br\u00e4nslesn\u00e5l, men erbjuder fortfarande m\u00e5ttlig prestanda, vilket g\u00f6r den till en bra passform f\u00f6r sm\u00e5 bilar. Avancerad teknik har anv\u00e4nts i designen av motorn, vilket g\u00f6r den mycket p\u00e5litlig och h\u00e5llbar.<\/p>\n<p>HR12-motorn har en cylindervolym p\u00e5 1,2 liter och anv\u00e4nder fyra cylindrar. Motorns maximala effekt \u00e4r cirka 79 h\u00e4stkrafter och maximalt vridmoment \u00e4r cirka 106 Nm. Denna motor \u00e4r utrustad med flerpunktsinsprutning f\u00f6r att hj\u00e4lpa till att optimera br\u00e4nsleekonomin. Motorn har ocks\u00e5 kontinuerligt variabel ventiltid, vilket hj\u00e4lper till att f\u00f6rb\u00e4ttra br\u00e4nsleekonomin och minska utsl\u00e4ppen.<\/p>\n<p>HR12-motorn \u00e4r l\u00e4tt och kompakt, vilket g\u00f6r den mycket bekv\u00e4m f\u00f6r mindre bilar. Motorn \u00e4r ocks\u00e5 utrustad med ett ultral\u00e4tt kuggremsdrivsystem som hj\u00e4lper till att minska br\u00e4nslef\u00f6rbrukningen och f\u00f6rb\u00e4ttra prestandan.<\/p>\n","protected":false},"excerpt":{"rendered":"<p>HR12-motorn har anv\u00e4nts i flera Nissan-bilar, som Nissan Micra, Note och Cube. Motorn har \u00e4ven anv\u00e4nts i m\u00e5nga andra m\u00e4rken, som Renault och Dacia. HR12-motorn har varit ett mycket popul\u00e4rt val i sm\u00e5 stadsbilar p\u00e5 grund av dess ekonomi och tillf\u00f6rlitlighet.<\/p>\n","protected":false},"featured_media":4653,"template":"","meta":[],"product_brand":[],"product_cat":[601],"product_tag":[679,708],"class_list":{"0":"post-5488","1":"product","2":"type-product","3":"status-publish","4":"has-post-thumbnail","6":"product_cat-nissan-sv","7":"product_tag-micra-sv","8":"product_tag-note-sv","9":"pa_varaosan-osasto-motor","12":"first","13":"instock","14":"shipping-taxable","15":"product-type-simple"},"yoast_head":"<!-- This site is optimized with the Yoast SEO plugin v26.8 - https:\/\/yoast.com\/product\/yoast-seo-wordpress\/ -->\n<title>1.2 &quot;HR12&quot; Motor [esim. Nissan Micra, Note, Cube]<\/title>\n<meta name=\"description\" content=\"En av de motorer som vi ofta har tillg\u00e4ngliga. Skicka en f\u00f6rfr\u00e5gan och f\u00e5 en offert inom 24 timmar. Motorer, v\u00e4xell\u00e5dor och andra bildelar under garanti.\" \/>\n<meta name=\"robots\" content=\"index, follow, max-snippet:-1, max-image-preview:large, max-video-preview:-1\" \/>\n<link rel=\"canonical\" href=\"https:\/\/autopartscenter24.com\/sv\/auton-varaosat\/1-2-hr12-moottori-nissan-micra-iv-note\/\" \/>\n<meta property=\"og:locale\" content=\"sv_SE\" \/>\n<meta property=\"og:type\" content=\"article\" \/>\n<meta property=\"og:title\" content=\"1.2 &quot;HR12&quot; Motor [esim. Nissan Micra, Note, Cube]\" \/>\n<meta property=\"og:description\" content=\"En av de motorer som vi ofta har tillg\u00e4ngliga. Skicka en f\u00f6rfr\u00e5gan och f\u00e5 en offert inom 24 timmar. Motorer, v\u00e4xell\u00e5dor och andra bildelar under garanti.\" \/>\n<meta property=\"og:url\" content=\"https:\/\/autopartscenter24.com\/sv\/auton-varaosat\/1-2-hr12-moottori-nissan-micra-iv-note\/\" \/>\n<meta property=\"og:site_name\" content=\"Autopartscenter24\" \/>\n<meta property=\"og:image\" content=\"https:\/\/autopartscenter24.com\/wp-content\/uploads\/2023\/03\/1-2-HR12-moottori-nissan-micra-iv-note.webp\" \/>\n\t<meta property=\"og:image:width\" content=\"800\" \/>\n\t<meta property=\"og:image:height\" content=\"600\" \/>\n\t<meta property=\"og:image:type\" content=\"image\/webp\" \/>\n<meta name=\"twitter:card\" content=\"summary_large_image\" \/>\n<meta name=\"twitter:label1\" content=\"Ber\u00e4knad l\u00e4stid\" \/>\n\t<meta name=\"twitter:data1\" content=\"1 minut\" \/>\n<script type=\"application\/ld+json\" class=\"yoast-schema-graph\">{\"@context\":\"https:\/\/schema.org\",\"@graph\":[{\"@type\":\"WebPage\",\"@id\":\"https:\/\/autopartscenter24.com\/auton-varaosat\/1-2-hr12-moottori-nissan-micra-iv-note\/\",\"url\":\"https:\/\/autopartscenter24.com\/auton-varaosat\/1-2-hr12-moottori-nissan-micra-iv-note\/\",\"name\":\"1.2 \\\"HR12\\\" Motor [esim. Nissan Micra, Note, Cube]\",\"isPartOf\":{\"@id\":\"https:\/\/autopartscenter24.com\/#website\"},\"primaryImageOfPage\":{\"@id\":\"https:\/\/autopartscenter24.com\/auton-varaosat\/1-2-hr12-moottori-nissan-micra-iv-note\/#primaryimage\"},\"image\":{\"@id\":\"https:\/\/autopartscenter24.com\/auton-varaosat\/1-2-hr12-moottori-nissan-micra-iv-note\/#primaryimage\"},\"thumbnailUrl\":\"https:\/\/autopartscenter24.com\/wp-content\/uploads\/2023\/03\/1-2-HR12-moottori-nissan-micra-iv-note.webp\",\"datePublished\":\"2023-11-26T14:24:19+00:00\",\"description\":\"En av de motorer som vi ofta har tillg\u00e4ngliga. Skicka en f\u00f6rfr\u00e5gan och f\u00e5 en offert inom 24 timmar. Motorer, v\u00e4xell\u00e5dor och andra bildelar under garanti.\",\"breadcrumb\":{\"@id\":\"https:\/\/autopartscenter24.com\/auton-varaosat\/1-2-hr12-moottori-nissan-micra-iv-note\/#breadcrumb\"},\"inLanguage\":\"sv-SE\",\"potentialAction\":[{\"@type\":\"ReadAction\",\"target\":[\"https:\/\/autopartscenter24.com\/auton-varaosat\/1-2-hr12-moottori-nissan-micra-iv-note\/\"]}]},{\"@type\":\"ImageObject\",\"inLanguage\":\"sv-SE\",\"@id\":\"https:\/\/autopartscenter24.com\/auton-varaosat\/1-2-hr12-moottori-nissan-micra-iv-note\/#primaryimage\",\"url\":\"https:\/\/autopartscenter24.com\/wp-content\/uploads\/2023\/03\/1-2-HR12-moottori-nissan-micra-iv-note.webp\",\"contentUrl\":\"https:\/\/autopartscenter24.com\/wp-content\/uploads\/2023\/03\/1-2-HR12-moottori-nissan-micra-iv-note.webp\",\"width\":800,\"height\":600},{\"@type\":\"BreadcrumbList\",\"@id\":\"https:\/\/autopartscenter24.com\/auton-varaosat\/1-2-hr12-moottori-nissan-micra-iv-note\/#breadcrumb\",\"itemListElement\":[{\"@type\":\"ListItem\",\"position\":1,\"name\":\"Hem\",\"item\":\"https:\/\/aliceblue-termite-662564.hostingersite.com\/\"},{\"@type\":\"ListItem\",\"position\":2,\"name\":\"Auton varaosat\",\"item\":\"https:\/\/aliceblue-termite-662564.hostingersite.com\/auton-varaosat\/\"},{\"@type\":\"ListItem\",\"position\":3,\"name\":\"1.2 &#8221;HR12&#8221; Motor [esim. Nissan Micra, Note, Cube]\"}]},{\"@type\":\"WebSite\",\"@id\":\"https:\/\/autopartscenter24.com\/#website\",\"url\":\"https:\/\/autopartscenter24.com\/\",\"name\":\"Autopartscenter24\",\"description\":\"K\u00c4YTETYT JA KUNNOSTETUT  AUTON VARAOSAT\",\"potentialAction\":[{\"@type\":\"SearchAction\",\"target\":{\"@type\":\"EntryPoint\",\"urlTemplate\":\"https:\/\/autopartscenter24.com\/?s={search_term_string}\"},\"query-input\":{\"@type\":\"PropertyValueSpecification\",\"valueRequired\":true,\"valueName\":\"search_term_string\"}}],\"inLanguage\":\"sv-SE\"}]}<\/script>\n<!-- \/ Yoast SEO plugin. -->","yoast_head_json":{"title":"1.2 \"HR12\" Motor [esim. Nissan Micra, Note, Cube]","description":"En av de motorer som vi ofta har tillg\u00e4ngliga. Skicka en f\u00f6rfr\u00e5gan och f\u00e5 en offert inom 24 timmar. Motorer, v\u00e4xell\u00e5dor och andra bildelar under garanti.","robots":{"index":"index","follow":"follow","max-snippet":"max-snippet:-1","max-image-preview":"max-image-preview:large","max-video-preview":"max-video-preview:-1"},"canonical":"https:\/\/autopartscenter24.com\/sv\/auton-varaosat\/1-2-hr12-moottori-nissan-micra-iv-note\/","og_locale":"sv_SE","og_type":"article","og_title":"1.2 \"HR12\" Motor [esim. Nissan Micra, Note, Cube]","og_description":"En av de motorer som vi ofta har tillg\u00e4ngliga. Skicka en f\u00f6rfr\u00e5gan och f\u00e5 en offert inom 24 timmar. Motorer, v\u00e4xell\u00e5dor och andra bildelar under garanti.","og_url":"https:\/\/autopartscenter24.com\/sv\/auton-varaosat\/1-2-hr12-moottori-nissan-micra-iv-note\/","og_site_name":"Autopartscenter24","og_image":[{"width":800,"height":600,"url":"https:\/\/autopartscenter24.com\/wp-content\/uploads\/2023\/03\/1-2-HR12-moottori-nissan-micra-iv-note.webp","type":"image\/webp"}],"twitter_card":"summary_large_image","twitter_misc":{"Ber\u00e4knad l\u00e4stid":"1 minut"},"schema":{"@context":"https:\/\/schema.org","@graph":[{"@type":"WebPage","@id":"https:\/\/autopartscenter24.com\/auton-varaosat\/1-2-hr12-moottori-nissan-micra-iv-note\/","url":"https:\/\/autopartscenter24.com\/auton-varaosat\/1-2-hr12-moottori-nissan-micra-iv-note\/","name":"1.2 \"HR12\" Motor [esim. Nissan Micra, Note, Cube]","isPartOf":{"@id":"https:\/\/autopartscenter24.com\/#website"},"primaryImageOfPage":{"@id":"https:\/\/autopartscenter24.com\/auton-varaosat\/1-2-hr12-moottori-nissan-micra-iv-note\/#primaryimage"},"image":{"@id":"https:\/\/autopartscenter24.com\/auton-varaosat\/1-2-hr12-moottori-nissan-micra-iv-note\/#primaryimage"},"thumbnailUrl":"https:\/\/autopartscenter24.com\/wp-content\/uploads\/2023\/03\/1-2-HR12-moottori-nissan-micra-iv-note.webp","datePublished":"2023-11-26T14:24:19+00:00","description":"En av de motorer som vi ofta har tillg\u00e4ngliga. Skicka en f\u00f6rfr\u00e5gan och f\u00e5 en offert inom 24 timmar. Motorer, v\u00e4xell\u00e5dor och andra bildelar under garanti.","breadcrumb":{"@id":"https:\/\/autopartscenter24.com\/auton-varaosat\/1-2-hr12-moottori-nissan-micra-iv-note\/#breadcrumb"},"inLanguage":"sv-SE","potentialAction":[{"@type":"ReadAction","target":["https:\/\/autopartscenter24.com\/auton-varaosat\/1-2-hr12-moottori-nissan-micra-iv-note\/"]}]},{"@type":"ImageObject","inLanguage":"sv-SE","@id":"https:\/\/autopartscenter24.com\/auton-varaosat\/1-2-hr12-moottori-nissan-micra-iv-note\/#primaryimage","url":"https:\/\/autopartscenter24.com\/wp-content\/uploads\/2023\/03\/1-2-HR12-moottori-nissan-micra-iv-note.webp","contentUrl":"https:\/\/autopartscenter24.com\/wp-content\/uploads\/2023\/03\/1-2-HR12-moottori-nissan-micra-iv-note.webp","width":800,"height":600},{"@type":"BreadcrumbList","@id":"https:\/\/autopartscenter24.com\/auton-varaosat\/1-2-hr12-moottori-nissan-micra-iv-note\/#breadcrumb","itemListElement":[{"@type":"ListItem","position":1,"name":"Hem","item":"https:\/\/aliceblue-termite-662564.hostingersite.com\/"},{"@type":"ListItem","position":2,"name":"Auton varaosat","item":"https:\/\/aliceblue-termite-662564.hostingersite.com\/auton-varaosat\/"},{"@type":"ListItem","position":3,"name":"1.2 &#8221;HR12&#8221; Motor [esim. Nissan Micra, Note, Cube]"}]},{"@type":"WebSite","@id":"https:\/\/autopartscenter24.com\/#website","url":"https:\/\/autopartscenter24.com\/","name":"Autopartscenter24","description":"K\u00c4YTETYT JA KUNNOSTETUT  AUTON VARAOSAT","potentialAction":[{"@type":"SearchAction","target":{"@type":"EntryPoint","urlTemplate":"https:\/\/autopartscenter24.com\/?s={search_term_string}"},"query-input":{"@type":"PropertyValueSpecification","valueRequired":true,"valueName":"search_term_string"}}],"inLanguage":"sv-SE"}]}},"_links":{"self":[{"href":"https:\/\/autopartscenter24.com\/sv\/wp-json\/wp\/v2\/product\/5488","targetHints":{"allow":["GET"]}}],"collection":[{"href":"https:\/\/autopartscenter24.com\/sv\/wp-json\/wp\/v2\/product"}],"about":[{"href":"https:\/\/autopartscenter24.com\/sv\/wp-json\/wp\/v2\/types\/product"}],"wp:featuredmedia":[{"embeddable":true,"href":"https:\/\/autopartscenter24.com\/sv\/wp-json\/wp\/v2\/media\/4653"}],"wp:attachment":[{"href":"https:\/\/autopartscenter24.com\/sv\/wp-json\/wp\/v2\/media?parent=5488"}],"wp:term":[{"taxonomy":"product_brand","embeddable":true,"href":"https:\/\/autopartscenter24.com\/sv\/wp-json\/wp\/v2\/product_brand?post=5488"},{"taxonomy":"product_cat","embeddable":true,"href":"https:\/\/autopartscenter24.com\/sv\/wp-json\/wp\/v2\/product_cat?post=5488"},{"taxonomy":"product_tag","embeddable":true,"href":"https:\/\/autopartscenter24.com\/sv\/wp-json\/wp\/v2\/product_tag?post=5488"}],"curies":[{"name":"wp","href":"https:\/\/api.w.org\/{rel}","templated":true}]}}