{"id":5487,"date":"2023-03-05T20:12:38","date_gmt":"2023-11-26T14:22:15","guid":{"rendered":"https:\/\/autopartscenter24.com\/product\/2-0-tdi-bmn-motor-golf-passat-touran-a3-a4-octavia\/"},"modified":"2023-11-26T15:22:15","modified_gmt":"2023-11-26T14:22:15","slug":"2-0-tdi-bmn-motor-vw-golf-leon-toledo","status":"publish","type":"product","link":"https:\/\/autopartscenter24.com\/sv\/auton-varaosat\/2-0-tdi-bmn-motor-vw-golf-leon-toledo\/","title":{"rendered":"2.0 TDI &#8221;BMN&#8221; Motor [Golf, Passat, Touran, A3, A4, Octavia]"},"content":{"rendered":"<p><strong>2.0 TDI-motorn (motorkod: BMN)<\/strong> utvecklades av Volkswagen Group 2005. Motorn \u00e4r en fyrcylindrig dieselmotor designad f\u00f6r anv\u00e4ndning i bilar med framhjulsdrift eller fyrhjulsdrift. I designen av motorn har s\u00e4rskild uppm\u00e4rksamhet \u00e4gnats \u00e5t dess effektivitet och milj\u00f6v\u00e4nlighet.<\/p>\n<p>BMN-motorn anv\u00e4nder Volkswagen-koncernens gemensamma modul\u00e4ra dieselmotorteknologi k\u00e4nd som &#8221;Pumpe-D\u00fcse&#8221; (PD). Motorn \u00e4r utrustad med ett h\u00f6gtrycksbr\u00e4nslesystem som inkluderar tv\u00e5 insprutningsventiler per cylinder. Detta system m\u00f6jligg\u00f6r en h\u00f6g br\u00e4nsleinsprutningshastighet, vilket i sin tur f\u00f6rb\u00e4ttrar br\u00e4nsleekonomin och minskar avgasutsl\u00e4ppen.<\/p>\n<p>BMN-motorn har \u00e4ven \u00f6verladdning, vilket \u00f6kar motoreffekten och vridmomentet. Motorn har ett toppvridmoment p\u00e5 320 Nm och en toppeffekt p\u00e5 125 kW. Motorns varvtalsomr\u00e5de \u00e4r 4200-6000 rpm. Motorns kraft och vridmoment har optimerats s\u00e5 att motorns prestanda \u00e4r bra i alla varvtalsomr\u00e5den.<\/p>\n<p>BMN-motorn \u00e4r designad f\u00f6r att uppfylla str\u00e4nga milj\u00f6krav. Motorn har ett partikelfilter som minskar avgasutsl\u00e4ppen. Motorn \u00e4r ocks\u00e5 designad f\u00f6r l\u00e5ng livsl\u00e4ngd, s\u00e5 den kr\u00e4ver lite underh\u00e5ll.<\/p>\n<p>Nyckelord:<\/p>\n<ul>\n<li>2.0 TDI-motor, motorkod BMN<\/li>\n<li>Fyrcylindrig dieselmotor, designad f\u00f6r anv\u00e4ndning i framhjulsdrift eller fyrhjulsdrift<\/li>\n<li>Korkeapainepolttoainej\u00e4rjestelm\u00e4 PD ja ahtopaineistus<\/li>\n<li>Maximalt vridmoment 320 Nm och toppeffekt 125 kW<\/li>\n<li>Partikelfiltret minskar avgasutsl\u00e4ppen<\/li>\n<li>Anv\u00e4nds i Volkswagen Groups bilar som Volkswagen Golf GTD, Volkswagen Passat och Volkswagen Touran.<\/li>\n<\/ul>\n","protected":false},"excerpt":{"rendered":"<p>BMN-motorn har anv\u00e4nts i Volkswagen Groups bilar, som Volkswagen Golf GTD, Volkswagen Passat och Volkswagen Touran. Den har \u00e4ven anv\u00e4nts i bilar fr\u00e5n andra tillverkare, som Audi A3, Audi A4, Seat Leon och Skoda Octavia.<\/p>\n","protected":false},"featured_media":4658,"template":"","meta":[],"product_brand":[],"product_cat":[468,471,470,469],"product_tag":[472,689,473,656,474,475,476],"class_list":{"0":"post-5487","1":"product","2":"type-product","3":"status-publish","4":"has-post-thumbnail","6":"product_cat-audi-sv","7":"product_cat-seat-sv","8":"product_cat-skoda-sv","9":"product_cat-vw-sv","10":"product_tag-a3-sv","11":"product_tag-a4-sv","12":"product_tag-golf-sv","13":"product_tag-leon-sv","14":"product_tag-octavia-sv","15":"product_tag-passat-sv","16":"product_tag-touran-sv","17":"pa_varaosan-osasto-motor","20":"first","21":"instock","22":"shipping-taxable","23":"product-type-simple"},"yoast_head":"<!-- This site is optimized with the Yoast SEO plugin v26.8 - https:\/\/yoast.com\/product\/yoast-seo-wordpress\/ -->\n<title>2.0 TDI &quot;BMN&quot; Motor [Golf, Passat, Touran, A3, A4, Octavia]<\/title>\n<meta name=\"description\" content=\"En av de motorer som vi ofta har tillg\u00e4ngliga. Skicka en f\u00f6rfr\u00e5gan och f\u00e5 en offert inom 24 timmar. Motorer, v\u00e4xell\u00e5dor och andra bildelar under garanti.\" \/>\n<meta name=\"robots\" content=\"index, follow, max-snippet:-1, max-image-preview:large, max-video-preview:-1\" \/>\n<link rel=\"canonical\" href=\"https:\/\/autopartscenter24.com\/sv\/auton-varaosat\/2-0-tdi-bmn-moottori-vw-golf-leon-toledo\/\" \/>\n<meta property=\"og:locale\" content=\"sv_SE\" \/>\n<meta property=\"og:type\" content=\"article\" \/>\n<meta property=\"og:title\" content=\"2.0 TDI &quot;BMN&quot; Motor [Golf, Passat, Touran, A3, A4, Octavia]\" \/>\n<meta property=\"og:description\" content=\"En av de motorer som vi ofta har tillg\u00e4ngliga. Skicka en f\u00f6rfr\u00e5gan och f\u00e5 en offert inom 24 timmar. Motorer, v\u00e4xell\u00e5dor och andra bildelar under garanti.\" \/>\n<meta property=\"og:url\" content=\"https:\/\/autopartscenter24.com\/sv\/auton-varaosat\/2-0-tdi-bmn-moottori-vw-golf-leon-toledo\/\" \/>\n<meta property=\"og:site_name\" content=\"Autopartscenter24\" \/>\n<meta property=\"og:image\" content=\"https:\/\/autopartscenter24.com\/wp-content\/uploads\/2023\/03\/2-0-tdi-BMN-moottori-vw-golf-leon-toledo.webp\" \/>\n\t<meta property=\"og:image:width\" content=\"800\" \/>\n\t<meta property=\"og:image:height\" content=\"600\" \/>\n\t<meta property=\"og:image:type\" content=\"image\/webp\" \/>\n<meta name=\"twitter:card\" content=\"summary_large_image\" \/>\n<meta name=\"twitter:label1\" content=\"Ber\u00e4knad l\u00e4stid\" \/>\n\t<meta name=\"twitter:data1\" content=\"1 minut\" \/>\n<script type=\"application\/ld+json\" class=\"yoast-schema-graph\">{\"@context\":\"https:\/\/schema.org\",\"@graph\":[{\"@type\":\"WebPage\",\"@id\":\"https:\/\/autopartscenter24.com\/auton-varaosat\/2-0-tdi-bmn-moottori-vw-golf-leon-toledo\/\",\"url\":\"https:\/\/autopartscenter24.com\/auton-varaosat\/2-0-tdi-bmn-moottori-vw-golf-leon-toledo\/\",\"name\":\"2.0 TDI \\\"BMN\\\" Motor [Golf, Passat, Touran, A3, A4, Octavia]\",\"isPartOf\":{\"@id\":\"https:\/\/autopartscenter24.com\/#website\"},\"primaryImageOfPage\":{\"@id\":\"https:\/\/autopartscenter24.com\/auton-varaosat\/2-0-tdi-bmn-moottori-vw-golf-leon-toledo\/#primaryimage\"},\"image\":{\"@id\":\"https:\/\/autopartscenter24.com\/auton-varaosat\/2-0-tdi-bmn-moottori-vw-golf-leon-toledo\/#primaryimage\"},\"thumbnailUrl\":\"https:\/\/autopartscenter24.com\/wp-content\/uploads\/2023\/03\/2-0-tdi-BMN-moottori-vw-golf-leon-toledo.webp\",\"datePublished\":\"2023-11-26T14:22:15+00:00\",\"description\":\"En av de motorer som vi ofta har tillg\u00e4ngliga. Skicka en f\u00f6rfr\u00e5gan och f\u00e5 en offert inom 24 timmar. Motorer, v\u00e4xell\u00e5dor och andra bildelar under garanti.\",\"breadcrumb\":{\"@id\":\"https:\/\/autopartscenter24.com\/auton-varaosat\/2-0-tdi-bmn-moottori-vw-golf-leon-toledo\/#breadcrumb\"},\"inLanguage\":\"sv-SE\",\"potentialAction\":[{\"@type\":\"ReadAction\",\"target\":[\"https:\/\/autopartscenter24.com\/auton-varaosat\/2-0-tdi-bmn-moottori-vw-golf-leon-toledo\/\"]}]},{\"@type\":\"ImageObject\",\"inLanguage\":\"sv-SE\",\"@id\":\"https:\/\/autopartscenter24.com\/auton-varaosat\/2-0-tdi-bmn-moottori-vw-golf-leon-toledo\/#primaryimage\",\"url\":\"https:\/\/autopartscenter24.com\/wp-content\/uploads\/2023\/03\/2-0-tdi-BMN-moottori-vw-golf-leon-toledo.webp\",\"contentUrl\":\"https:\/\/autopartscenter24.com\/wp-content\/uploads\/2023\/03\/2-0-tdi-BMN-moottori-vw-golf-leon-toledo.webp\",\"width\":800,\"height\":600},{\"@type\":\"BreadcrumbList\",\"@id\":\"https:\/\/autopartscenter24.com\/auton-varaosat\/2-0-tdi-bmn-moottori-vw-golf-leon-toledo\/#breadcrumb\",\"itemListElement\":[{\"@type\":\"ListItem\",\"position\":1,\"name\":\"Hem\",\"item\":\"https:\/\/aliceblue-termite-662564.hostingersite.com\/\"},{\"@type\":\"ListItem\",\"position\":2,\"name\":\"Auton varaosat\",\"item\":\"https:\/\/aliceblue-termite-662564.hostingersite.com\/auton-varaosat\/\"},{\"@type\":\"ListItem\",\"position\":3,\"name\":\"2.0 TDI &#8221;BMN&#8221; Motor [Golf, Passat, Touran, A3, A4, Octavia]\"}]},{\"@type\":\"WebSite\",\"@id\":\"https:\/\/autopartscenter24.com\/#website\",\"url\":\"https:\/\/autopartscenter24.com\/\",\"name\":\"Autopartscenter24\",\"description\":\"K\u00c4YTETYT JA KUNNOSTETUT  AUTON VARAOSAT\",\"potentialAction\":[{\"@type\":\"SearchAction\",\"target\":{\"@type\":\"EntryPoint\",\"urlTemplate\":\"https:\/\/autopartscenter24.com\/?s={search_term_string}\"},\"query-input\":{\"@type\":\"PropertyValueSpecification\",\"valueRequired\":true,\"valueName\":\"search_term_string\"}}],\"inLanguage\":\"sv-SE\"}]}<\/script>\n<!-- \/ Yoast SEO plugin. -->","yoast_head_json":{"title":"2.0 TDI \"BMN\" Motor [Golf, Passat, Touran, A3, A4, Octavia]","description":"En av de motorer som vi ofta har tillg\u00e4ngliga. Skicka en f\u00f6rfr\u00e5gan och f\u00e5 en offert inom 24 timmar. Motorer, v\u00e4xell\u00e5dor och andra bildelar under garanti.","robots":{"index":"index","follow":"follow","max-snippet":"max-snippet:-1","max-image-preview":"max-image-preview:large","max-video-preview":"max-video-preview:-1"},"canonical":"https:\/\/autopartscenter24.com\/sv\/auton-varaosat\/2-0-tdi-bmn-moottori-vw-golf-leon-toledo\/","og_locale":"sv_SE","og_type":"article","og_title":"2.0 TDI \"BMN\" Motor [Golf, Passat, Touran, A3, A4, Octavia]","og_description":"En av de motorer som vi ofta har tillg\u00e4ngliga. Skicka en f\u00f6rfr\u00e5gan och f\u00e5 en offert inom 24 timmar. Motorer, v\u00e4xell\u00e5dor och andra bildelar under garanti.","og_url":"https:\/\/autopartscenter24.com\/sv\/auton-varaosat\/2-0-tdi-bmn-moottori-vw-golf-leon-toledo\/","og_site_name":"Autopartscenter24","og_image":[{"width":800,"height":600,"url":"https:\/\/autopartscenter24.com\/wp-content\/uploads\/2023\/03\/2-0-tdi-BMN-moottori-vw-golf-leon-toledo.webp","type":"image\/webp"}],"twitter_card":"summary_large_image","twitter_misc":{"Ber\u00e4knad l\u00e4stid":"1 minut"},"schema":{"@context":"https:\/\/schema.org","@graph":[{"@type":"WebPage","@id":"https:\/\/autopartscenter24.com\/auton-varaosat\/2-0-tdi-bmn-moottori-vw-golf-leon-toledo\/","url":"https:\/\/autopartscenter24.com\/auton-varaosat\/2-0-tdi-bmn-moottori-vw-golf-leon-toledo\/","name":"2.0 TDI \"BMN\" Motor [Golf, Passat, Touran, A3, A4, Octavia]","isPartOf":{"@id":"https:\/\/autopartscenter24.com\/#website"},"primaryImageOfPage":{"@id":"https:\/\/autopartscenter24.com\/auton-varaosat\/2-0-tdi-bmn-moottori-vw-golf-leon-toledo\/#primaryimage"},"image":{"@id":"https:\/\/autopartscenter24.com\/auton-varaosat\/2-0-tdi-bmn-moottori-vw-golf-leon-toledo\/#primaryimage"},"thumbnailUrl":"https:\/\/autopartscenter24.com\/wp-content\/uploads\/2023\/03\/2-0-tdi-BMN-moottori-vw-golf-leon-toledo.webp","datePublished":"2023-11-26T14:22:15+00:00","description":"En av de motorer som vi ofta har tillg\u00e4ngliga. Skicka en f\u00f6rfr\u00e5gan och f\u00e5 en offert inom 24 timmar. Motorer, v\u00e4xell\u00e5dor och andra bildelar under garanti.","breadcrumb":{"@id":"https:\/\/autopartscenter24.com\/auton-varaosat\/2-0-tdi-bmn-moottori-vw-golf-leon-toledo\/#breadcrumb"},"inLanguage":"sv-SE","potentialAction":[{"@type":"ReadAction","target":["https:\/\/autopartscenter24.com\/auton-varaosat\/2-0-tdi-bmn-moottori-vw-golf-leon-toledo\/"]}]},{"@type":"ImageObject","inLanguage":"sv-SE","@id":"https:\/\/autopartscenter24.com\/auton-varaosat\/2-0-tdi-bmn-moottori-vw-golf-leon-toledo\/#primaryimage","url":"https:\/\/autopartscenter24.com\/wp-content\/uploads\/2023\/03\/2-0-tdi-BMN-moottori-vw-golf-leon-toledo.webp","contentUrl":"https:\/\/autopartscenter24.com\/wp-content\/uploads\/2023\/03\/2-0-tdi-BMN-moottori-vw-golf-leon-toledo.webp","width":800,"height":600},{"@type":"BreadcrumbList","@id":"https:\/\/autopartscenter24.com\/auton-varaosat\/2-0-tdi-bmn-moottori-vw-golf-leon-toledo\/#breadcrumb","itemListElement":[{"@type":"ListItem","position":1,"name":"Hem","item":"https:\/\/aliceblue-termite-662564.hostingersite.com\/"},{"@type":"ListItem","position":2,"name":"Auton varaosat","item":"https:\/\/aliceblue-termite-662564.hostingersite.com\/auton-varaosat\/"},{"@type":"ListItem","position":3,"name":"2.0 TDI &#8221;BMN&#8221; Motor [Golf, Passat, Touran, A3, A4, Octavia]"}]},{"@type":"WebSite","@id":"https:\/\/autopartscenter24.com\/#website","url":"https:\/\/autopartscenter24.com\/","name":"Autopartscenter24","description":"K\u00c4YTETYT JA KUNNOSTETUT  AUTON VARAOSAT","potentialAction":[{"@type":"SearchAction","target":{"@type":"EntryPoint","urlTemplate":"https:\/\/autopartscenter24.com\/?s={search_term_string}"},"query-input":{"@type":"PropertyValueSpecification","valueRequired":true,"valueName":"search_term_string"}}],"inLanguage":"sv-SE"}]}},"_links":{"self":[{"href":"https:\/\/autopartscenter24.com\/sv\/wp-json\/wp\/v2\/product\/5487","targetHints":{"allow":["GET"]}}],"collection":[{"href":"https:\/\/autopartscenter24.com\/sv\/wp-json\/wp\/v2\/product"}],"about":[{"href":"https:\/\/autopartscenter24.com\/sv\/wp-json\/wp\/v2\/types\/product"}],"wp:featuredmedia":[{"embeddable":true,"href":"https:\/\/autopartscenter24.com\/sv\/wp-json\/wp\/v2\/media\/4658"}],"wp:attachment":[{"href":"https:\/\/autopartscenter24.com\/sv\/wp-json\/wp\/v2\/media?parent=5487"}],"wp:term":[{"taxonomy":"product_brand","embeddable":true,"href":"https:\/\/autopartscenter24.com\/sv\/wp-json\/wp\/v2\/product_brand?post=5487"},{"taxonomy":"product_cat","embeddable":true,"href":"https:\/\/autopartscenter24.com\/sv\/wp-json\/wp\/v2\/product_cat?post=5487"},{"taxonomy":"product_tag","embeddable":true,"href":"https:\/\/autopartscenter24.com\/sv\/wp-json\/wp\/v2\/product_tag?post=5487"}],"curies":[{"name":"wp","href":"https:\/\/api.w.org\/{rel}","templated":true}]}}