{"id":5486,"date":"2023-03-05T20:17:28","date_gmt":"2023-11-26T14:19:19","guid":{"rendered":"https:\/\/autopartscenter24.com\/product\/2-0-tdi-cah-motor-esim-golf-octavia-exeo-a3-a4\/"},"modified":"2023-11-26T15:19:19","modified_gmt":"2023-11-26T14:19:19","slug":"2-0-tdi-cah-motor-audi-a6-a4-a5-seat-exeo","status":"publish","type":"product","link":"https:\/\/autopartscenter24.com\/sv\/auton-varaosat\/2-0-tdi-cah-motor-audi-a6-a4-a5-seat-exeo\/","title":{"rendered":"2.0 TDI &#8221;CAH&#8221; Motor [esim. Golf, Octavia, Exeo, A3, A4]"},"content":{"rendered":"<p>Volkswagen \u00e4r en v\u00e4lk\u00e4nd tillverkare som specialiserat sig p\u00e5 h\u00f6gkvalitativa dieselmotorer. En av deras mest popul\u00e4ra motorer \u00e4r <strong>2.0 TDI (CAH)<\/strong>, \u00e4ven k\u00e4nd under motorkoden CAHA. Denna motor \u00e4r speciellt designad f\u00f6r sm\u00e5 och medelstora bilar och \u00e4r en kraftfull och ekonomisk motor som erbjuder bra prestanda och l\u00e5g br\u00e4nslef\u00f6rbrukning.<\/p>\n<p>2.0 TDI (CAH) \u00e4r en fyrcylindrig dieselmotor med direktinsprutningssystem och turboladdare. Motorstorleken \u00e4r 1968 cm\u00b3 och den producerar upp till 140 h\u00e4stkrafter och 320 Nm i vridmoment. Motorns effektivitet \u00e4r baserad p\u00e5 dess prestanda och br\u00e4nslef\u00f6rbrukning, eftersom den kan f\u00f6rbruka upp till 4,5 liter br\u00e4nsle per 100 kilometer. Detta \u00e4r en mycket bra siffra f\u00f6r en motor som erbjuder prestanda i toppklass.<\/p>\n<p>2.0 TDI (CAH)-motorn \u00e4r ocks\u00e5 designad f\u00f6r att vara h\u00e5llbar och h\u00e5llbar. Motorn har m\u00e5nga tekniska innovationer som f\u00f6rb\u00e4ttrar dess effektivitet och h\u00e5llbarhet. Motorns vevaxel \u00e4r designad f\u00f6r att vara mycket h\u00e5llbar och t\u00e5l h\u00f6ga varvtal under l\u00e5ng tid. Motorn har \u00e4ven ett dubbelmassesv\u00e4nghjul, vilket minskar vibrationerna och \u00f6kar motorns h\u00e5llbarhet.<\/p>\n<p>2.0 TDI (CAH) \u00e4r en utm\u00e4rkt motor som erbjuder bra prestanda och l\u00e5g br\u00e4nslef\u00f6rbrukning. Den \u00e4r extremt h\u00e5llbar och h\u00e5llbar, vilket g\u00f6r den till ett utm\u00e4rkt val f\u00f6r dem som vill ha en p\u00e5litlig och effektiv motor. Volkswagen har lyckats skapa en av de b\u00e4sta dieselmotorerna p\u00e5 marknaden och den har vunnit stor popularitet bland bilister.<\/p>\n","protected":false},"excerpt":{"rendered":"<p>2.0 TDI (CAH)-motorn har anv\u00e4nts flitigt i Volkswagen Groups bilar. Motorn har anv\u00e4nts i m\u00e5nga olika bilmodeller, som Volkswagen Golf, Volkswagen Passat, Volkswagen Touran, Volkswagen Jetta, Audi A3, Audi A4, Audi A6 och Skoda Octavia. Alla dessa bilar \u00e4r mycket popul\u00e4ra i Europa och \u00e4r k\u00e4nda f\u00f6r sin utm\u00e4rkta prestanda och tillf\u00f6rlitlighet.<\/p>\n","protected":false},"featured_media":4663,"template":"","meta":[],"product_brand":[],"product_cat":[468,471,470,469],"product_tag":[472,689,691,481,473,474,475,476],"class_list":{"0":"post-5486","1":"product","2":"type-product","3":"status-publish","4":"has-post-thumbnail","6":"product_cat-audi-sv","7":"product_cat-seat-sv","8":"product_cat-skoda-sv","9":"product_cat-vw-sv","10":"product_tag-a3-sv","11":"product_tag-a4-sv","12":"product_tag-a6-sv","13":"product_tag-exeo-sv","14":"product_tag-golf-sv","15":"product_tag-octavia-sv","16":"product_tag-passat-sv","17":"product_tag-touran-sv","18":"pa_varaosan-osasto-motor","21":"first","22":"instock","23":"shipping-taxable","24":"product-type-simple"},"yoast_head":"<!-- This site is optimized with the Yoast SEO plugin v26.8 - https:\/\/yoast.com\/product\/yoast-seo-wordpress\/ -->\n<title>2.0 TDI &quot;CAH&quot; Motor [esim. Golf, Octavia, Exeo, A3, A4]<\/title>\n<meta name=\"description\" content=\"En av de motorer som vi ofta har tillg\u00e4ngliga. Skicka en f\u00f6rfr\u00e5gan och f\u00e5 en offert inom 24 timmar. Motorer, v\u00e4xell\u00e5dor och andra bildelar under garanti.\" \/>\n<meta name=\"robots\" content=\"index, follow, max-snippet:-1, max-image-preview:large, max-video-preview:-1\" \/>\n<link rel=\"canonical\" href=\"https:\/\/autopartscenter24.com\/sv\/auton-varaosat\/2-0-tdi-cah-moottori-audi-a6-a4-a5-seat-exeo\/\" \/>\n<meta property=\"og:locale\" content=\"sv_SE\" \/>\n<meta property=\"og:type\" content=\"article\" \/>\n<meta property=\"og:title\" content=\"2.0 TDI &quot;CAH&quot; Motor [esim. Golf, Octavia, Exeo, A3, A4]\" \/>\n<meta property=\"og:description\" content=\"En av de motorer som vi ofta har tillg\u00e4ngliga. Skicka en f\u00f6rfr\u00e5gan och f\u00e5 en offert inom 24 timmar. Motorer, v\u00e4xell\u00e5dor och andra bildelar under garanti.\" \/>\n<meta property=\"og:url\" content=\"https:\/\/autopartscenter24.com\/sv\/auton-varaosat\/2-0-tdi-cah-moottori-audi-a6-a4-a5-seat-exeo\/\" \/>\n<meta property=\"og:site_name\" content=\"Autopartscenter24\" \/>\n<meta property=\"og:image\" content=\"https:\/\/autopartscenter24.com\/wp-content\/uploads\/2023\/03\/2-0-tdi-CAH-moottori-audi-a6-a4-a5-seat-exeo.webp\" \/>\n\t<meta property=\"og:image:width\" content=\"800\" \/>\n\t<meta property=\"og:image:height\" content=\"600\" \/>\n\t<meta property=\"og:image:type\" content=\"image\/webp\" \/>\n<meta name=\"twitter:card\" content=\"summary_large_image\" \/>\n<meta name=\"twitter:label1\" content=\"Ber\u00e4knad l\u00e4stid\" \/>\n\t<meta name=\"twitter:data1\" content=\"1 minut\" \/>\n<script type=\"application\/ld+json\" class=\"yoast-schema-graph\">{\"@context\":\"https:\/\/schema.org\",\"@graph\":[{\"@type\":\"WebPage\",\"@id\":\"https:\/\/autopartscenter24.com\/auton-varaosat\/2-0-tdi-cah-moottori-audi-a6-a4-a5-seat-exeo\/\",\"url\":\"https:\/\/autopartscenter24.com\/auton-varaosat\/2-0-tdi-cah-moottori-audi-a6-a4-a5-seat-exeo\/\",\"name\":\"2.0 TDI \\\"CAH\\\" Motor [esim. Golf, Octavia, Exeo, A3, A4]\",\"isPartOf\":{\"@id\":\"https:\/\/autopartscenter24.com\/#website\"},\"primaryImageOfPage\":{\"@id\":\"https:\/\/autopartscenter24.com\/auton-varaosat\/2-0-tdi-cah-moottori-audi-a6-a4-a5-seat-exeo\/#primaryimage\"},\"image\":{\"@id\":\"https:\/\/autopartscenter24.com\/auton-varaosat\/2-0-tdi-cah-moottori-audi-a6-a4-a5-seat-exeo\/#primaryimage\"},\"thumbnailUrl\":\"https:\/\/autopartscenter24.com\/wp-content\/uploads\/2023\/03\/2-0-tdi-CAH-moottori-audi-a6-a4-a5-seat-exeo.webp\",\"datePublished\":\"2023-11-26T14:19:19+00:00\",\"description\":\"En av de motorer som vi ofta har tillg\u00e4ngliga. Skicka en f\u00f6rfr\u00e5gan och f\u00e5 en offert inom 24 timmar. Motorer, v\u00e4xell\u00e5dor och andra bildelar under garanti.\",\"breadcrumb\":{\"@id\":\"https:\/\/autopartscenter24.com\/auton-varaosat\/2-0-tdi-cah-moottori-audi-a6-a4-a5-seat-exeo\/#breadcrumb\"},\"inLanguage\":\"sv-SE\",\"potentialAction\":[{\"@type\":\"ReadAction\",\"target\":[\"https:\/\/autopartscenter24.com\/auton-varaosat\/2-0-tdi-cah-moottori-audi-a6-a4-a5-seat-exeo\/\"]}]},{\"@type\":\"ImageObject\",\"inLanguage\":\"sv-SE\",\"@id\":\"https:\/\/autopartscenter24.com\/auton-varaosat\/2-0-tdi-cah-moottori-audi-a6-a4-a5-seat-exeo\/#primaryimage\",\"url\":\"https:\/\/autopartscenter24.com\/wp-content\/uploads\/2023\/03\/2-0-tdi-CAH-moottori-audi-a6-a4-a5-seat-exeo.webp\",\"contentUrl\":\"https:\/\/autopartscenter24.com\/wp-content\/uploads\/2023\/03\/2-0-tdi-CAH-moottori-audi-a6-a4-a5-seat-exeo.webp\",\"width\":800,\"height\":600},{\"@type\":\"BreadcrumbList\",\"@id\":\"https:\/\/autopartscenter24.com\/auton-varaosat\/2-0-tdi-cah-moottori-audi-a6-a4-a5-seat-exeo\/#breadcrumb\",\"itemListElement\":[{\"@type\":\"ListItem\",\"position\":1,\"name\":\"Hem\",\"item\":\"https:\/\/aliceblue-termite-662564.hostingersite.com\/\"},{\"@type\":\"ListItem\",\"position\":2,\"name\":\"Auton varaosat\",\"item\":\"https:\/\/aliceblue-termite-662564.hostingersite.com\/auton-varaosat\/\"},{\"@type\":\"ListItem\",\"position\":3,\"name\":\"2.0 TDI &#8221;CAH&#8221; Motor [esim. Golf, Octavia, Exeo, A3, A4]\"}]},{\"@type\":\"WebSite\",\"@id\":\"https:\/\/autopartscenter24.com\/#website\",\"url\":\"https:\/\/autopartscenter24.com\/\",\"name\":\"Autopartscenter24\",\"description\":\"K\u00c4YTETYT JA KUNNOSTETUT  AUTON VARAOSAT\",\"potentialAction\":[{\"@type\":\"SearchAction\",\"target\":{\"@type\":\"EntryPoint\",\"urlTemplate\":\"https:\/\/autopartscenter24.com\/?s={search_term_string}\"},\"query-input\":{\"@type\":\"PropertyValueSpecification\",\"valueRequired\":true,\"valueName\":\"search_term_string\"}}],\"inLanguage\":\"sv-SE\"}]}<\/script>\n<!-- \/ Yoast SEO plugin. -->","yoast_head_json":{"title":"2.0 TDI \"CAH\" Motor [esim. Golf, Octavia, Exeo, A3, A4]","description":"En av de motorer som vi ofta har tillg\u00e4ngliga. Skicka en f\u00f6rfr\u00e5gan och f\u00e5 en offert inom 24 timmar. Motorer, v\u00e4xell\u00e5dor och andra bildelar under garanti.","robots":{"index":"index","follow":"follow","max-snippet":"max-snippet:-1","max-image-preview":"max-image-preview:large","max-video-preview":"max-video-preview:-1"},"canonical":"https:\/\/autopartscenter24.com\/sv\/auton-varaosat\/2-0-tdi-cah-moottori-audi-a6-a4-a5-seat-exeo\/","og_locale":"sv_SE","og_type":"article","og_title":"2.0 TDI \"CAH\" Motor [esim. Golf, Octavia, Exeo, A3, A4]","og_description":"En av de motorer som vi ofta har tillg\u00e4ngliga. Skicka en f\u00f6rfr\u00e5gan och f\u00e5 en offert inom 24 timmar. Motorer, v\u00e4xell\u00e5dor och andra bildelar under garanti.","og_url":"https:\/\/autopartscenter24.com\/sv\/auton-varaosat\/2-0-tdi-cah-moottori-audi-a6-a4-a5-seat-exeo\/","og_site_name":"Autopartscenter24","og_image":[{"width":800,"height":600,"url":"https:\/\/autopartscenter24.com\/wp-content\/uploads\/2023\/03\/2-0-tdi-CAH-moottori-audi-a6-a4-a5-seat-exeo.webp","type":"image\/webp"}],"twitter_card":"summary_large_image","twitter_misc":{"Ber\u00e4knad l\u00e4stid":"1 minut"},"schema":{"@context":"https:\/\/schema.org","@graph":[{"@type":"WebPage","@id":"https:\/\/autopartscenter24.com\/auton-varaosat\/2-0-tdi-cah-moottori-audi-a6-a4-a5-seat-exeo\/","url":"https:\/\/autopartscenter24.com\/auton-varaosat\/2-0-tdi-cah-moottori-audi-a6-a4-a5-seat-exeo\/","name":"2.0 TDI \"CAH\" Motor [esim. Golf, Octavia, Exeo, A3, A4]","isPartOf":{"@id":"https:\/\/autopartscenter24.com\/#website"},"primaryImageOfPage":{"@id":"https:\/\/autopartscenter24.com\/auton-varaosat\/2-0-tdi-cah-moottori-audi-a6-a4-a5-seat-exeo\/#primaryimage"},"image":{"@id":"https:\/\/autopartscenter24.com\/auton-varaosat\/2-0-tdi-cah-moottori-audi-a6-a4-a5-seat-exeo\/#primaryimage"},"thumbnailUrl":"https:\/\/autopartscenter24.com\/wp-content\/uploads\/2023\/03\/2-0-tdi-CAH-moottori-audi-a6-a4-a5-seat-exeo.webp","datePublished":"2023-11-26T14:19:19+00:00","description":"En av de motorer som vi ofta har tillg\u00e4ngliga. Skicka en f\u00f6rfr\u00e5gan och f\u00e5 en offert inom 24 timmar. Motorer, v\u00e4xell\u00e5dor och andra bildelar under garanti.","breadcrumb":{"@id":"https:\/\/autopartscenter24.com\/auton-varaosat\/2-0-tdi-cah-moottori-audi-a6-a4-a5-seat-exeo\/#breadcrumb"},"inLanguage":"sv-SE","potentialAction":[{"@type":"ReadAction","target":["https:\/\/autopartscenter24.com\/auton-varaosat\/2-0-tdi-cah-moottori-audi-a6-a4-a5-seat-exeo\/"]}]},{"@type":"ImageObject","inLanguage":"sv-SE","@id":"https:\/\/autopartscenter24.com\/auton-varaosat\/2-0-tdi-cah-moottori-audi-a6-a4-a5-seat-exeo\/#primaryimage","url":"https:\/\/autopartscenter24.com\/wp-content\/uploads\/2023\/03\/2-0-tdi-CAH-moottori-audi-a6-a4-a5-seat-exeo.webp","contentUrl":"https:\/\/autopartscenter24.com\/wp-content\/uploads\/2023\/03\/2-0-tdi-CAH-moottori-audi-a6-a4-a5-seat-exeo.webp","width":800,"height":600},{"@type":"BreadcrumbList","@id":"https:\/\/autopartscenter24.com\/auton-varaosat\/2-0-tdi-cah-moottori-audi-a6-a4-a5-seat-exeo\/#breadcrumb","itemListElement":[{"@type":"ListItem","position":1,"name":"Hem","item":"https:\/\/aliceblue-termite-662564.hostingersite.com\/"},{"@type":"ListItem","position":2,"name":"Auton varaosat","item":"https:\/\/aliceblue-termite-662564.hostingersite.com\/auton-varaosat\/"},{"@type":"ListItem","position":3,"name":"2.0 TDI &#8221;CAH&#8221; Motor [esim. Golf, Octavia, Exeo, A3, A4]"}]},{"@type":"WebSite","@id":"https:\/\/autopartscenter24.com\/#website","url":"https:\/\/autopartscenter24.com\/","name":"Autopartscenter24","description":"K\u00c4YTETYT JA KUNNOSTETUT  AUTON VARAOSAT","potentialAction":[{"@type":"SearchAction","target":{"@type":"EntryPoint","urlTemplate":"https:\/\/autopartscenter24.com\/?s={search_term_string}"},"query-input":{"@type":"PropertyValueSpecification","valueRequired":true,"valueName":"search_term_string"}}],"inLanguage":"sv-SE"}]}},"_links":{"self":[{"href":"https:\/\/autopartscenter24.com\/sv\/wp-json\/wp\/v2\/product\/5486","targetHints":{"allow":["GET"]}}],"collection":[{"href":"https:\/\/autopartscenter24.com\/sv\/wp-json\/wp\/v2\/product"}],"about":[{"href":"https:\/\/autopartscenter24.com\/sv\/wp-json\/wp\/v2\/types\/product"}],"wp:featuredmedia":[{"embeddable":true,"href":"https:\/\/autopartscenter24.com\/sv\/wp-json\/wp\/v2\/media\/4663"}],"wp:attachment":[{"href":"https:\/\/autopartscenter24.com\/sv\/wp-json\/wp\/v2\/media?parent=5486"}],"wp:term":[{"taxonomy":"product_brand","embeddable":true,"href":"https:\/\/autopartscenter24.com\/sv\/wp-json\/wp\/v2\/product_brand?post=5486"},{"taxonomy":"product_cat","embeddable":true,"href":"https:\/\/autopartscenter24.com\/sv\/wp-json\/wp\/v2\/product_cat?post=5486"},{"taxonomy":"product_tag","embeddable":true,"href":"https:\/\/autopartscenter24.com\/sv\/wp-json\/wp\/v2\/product_tag?post=5486"}],"curies":[{"name":"wp","href":"https:\/\/api.w.org\/{rel}","templated":true}]}}