{"id":5485,"date":"2023-03-05T20:21:26","date_gmt":"2023-11-26T14:17:04","guid":{"rendered":"https:\/\/autopartscenter24.com\/product\/1-5-vvti-2nr-fke-motor-esim-yaris-corolla\/"},"modified":"2023-11-26T15:17:04","modified_gmt":"2023-11-26T14:17:04","slug":"1-5-2nr-fke-motor-toyota-yaris-iii","status":"publish","type":"product","link":"https:\/\/autopartscenter24.com\/sv\/auton-varaosat\/1-5-2nr-fke-motor-toyota-yaris-iii\/","title":{"rendered":"1.5 VVTI &#8221;2NR-FKE&#8221; Motor [esim. Yaris, Corolla]"},"content":{"rendered":"<p>Toyota <strong>1.5 VVTI (motorkod: 2NR-FKE)<\/strong> \u00e4r en motor som anv\u00e4nds i m\u00e5nga Toyota sm\u00e5bilar. Det \u00e4r en fyrcylindrig motor med 16 ventiler och g\u00e5r p\u00e5 bensin. Motorn har en cylindervolym p\u00e5 1,5 liter och anv\u00e4nder en Toyota TNGA-baserad design.<\/p>\n<p>2NR-FKE-motorn har m\u00e5nga tekniska funktioner som f\u00f6rb\u00e4ttrar dess prestanda och br\u00e4nsleeffektivitet. Den anv\u00e4nder en kamkedja som \u00e4r mer h\u00e5llbar och kr\u00e4ver mindre underh\u00e5ll \u00e4n en kamrem. Motorn har \u00e4ven direktinsprutning, vilket m\u00f6jligg\u00f6r b\u00e4ttre br\u00e4nsleeffektivitet och mindre utsl\u00e4pp.<\/p>\n<p>Motorn har \u00e4ven Toyota VVT-iE-teknik, som f\u00f6rb\u00e4ttrar motorns prestanda och br\u00e4nsleeffektivitet. VVT-iE (Variable Valve Timing Intelligent Electric) g\u00f6r det m\u00f6jligt att justera ventiltid och lyftvinkel elektroniskt, vilket hj\u00e4lper motorn att starta snabbare och minskar br\u00e4nslef\u00f6rbrukningen.<\/p>\n<p>Motorn har ocks\u00e5 ett legerat cylinderblock och oljekylare f\u00f6r att h\u00e5lla motortemperaturen under kontroll. I designen av motorn har s\u00e4rskild uppm\u00e4rksamhet \u00e4gnats \u00e5t att minska friktionen, vilket hj\u00e4lper till att spara br\u00e4nsle och minska slitaget p\u00e5 motorn.<\/p>\n<p>Motorns prestanda varierar beroende p\u00e5 modell, men i de flesta modeller producerar den runt 105-120 h\u00e4stkrafter och 140-150 newtonmeter i vridmoment. Motorunderh\u00e5llsintervallet \u00e4r vanligtvis runt 10 000-15 000 kilometer eller varje \u00e5r, beroende p\u00e5 k\u00f6rstil och f\u00f6rh\u00e5llanden.<\/p>\n<p>Toyota 2NR-FKE-motorn har en mycket god livsl\u00e4ngd och tillf\u00f6rlitlighet och har visat sig vara ett mycket popul\u00e4rt val i sm\u00e5bilar runt om i v\u00e4rlden. Motorn \u00e4r ocks\u00e5 milj\u00f6v\u00e4nlig, eftersom dess prestanda har uppn\u00e5tts i<\/p>\n","protected":false},"excerpt":{"rendered":"<p>Toyota 2NR-FKE-motorn anv\u00e4nds i flera Toyota-modeller runt om i v\u00e4rlden, inklusive Corolla, Yaris och C-HR. Motorn anv\u00e4nds \u00e4ven i flera andra m\u00e4rken och modeller, d\u00e5 Toyota har licensierat motorns anv\u00e4ndningsr\u00e4ttigheter till andra tillverkare.<\/p>\n","protected":false},"featured_media":4668,"template":"","meta":[],"product_brand":[],"product_cat":[637],"product_tag":[701,700],"class_list":{"0":"post-5485","1":"product","2":"type-product","3":"status-publish","4":"has-post-thumbnail","6":"product_cat-toyota-sv","7":"product_tag-corolla-sv","8":"product_tag-yaris-sv","9":"pa_varaosan-osasto-motor","12":"first","13":"instock","14":"shipping-taxable","15":"product-type-simple"},"yoast_head":"<!-- This site is optimized with the Yoast SEO plugin v26.8 - https:\/\/yoast.com\/product\/yoast-seo-wordpress\/ -->\n<title>1.5 VVTI &quot;2NR-FKE&quot; Motor [esim. Yaris, Corolla] - Autopartscenter24<\/title>\n<meta name=\"description\" content=\"En av de motorer som vi ofta har tillg\u00e4ngliga. Skicka en f\u00f6rfr\u00e5gan och f\u00e5 en offert inom 24 timmar. Motorer, v\u00e4xell\u00e5dor och andra bildelar under garanti.\" \/>\n<meta name=\"robots\" content=\"index, follow, max-snippet:-1, max-image-preview:large, max-video-preview:-1\" \/>\n<link rel=\"canonical\" href=\"https:\/\/autopartscenter24.com\/sv\/auton-varaosat\/1-5-2nr-fke-moottori-toyota-yaris-iii\/\" \/>\n<meta property=\"og:locale\" content=\"sv_SE\" \/>\n<meta property=\"og:type\" content=\"article\" \/>\n<meta property=\"og:title\" content=\"1.5 VVTI &quot;2NR-FKE&quot; Motor [esim. Yaris, Corolla] - Autopartscenter24\" \/>\n<meta property=\"og:description\" content=\"En av de motorer som vi ofta har tillg\u00e4ngliga. Skicka en f\u00f6rfr\u00e5gan och f\u00e5 en offert inom 24 timmar. Motorer, v\u00e4xell\u00e5dor och andra bildelar under garanti.\" \/>\n<meta property=\"og:url\" content=\"https:\/\/autopartscenter24.com\/sv\/auton-varaosat\/1-5-2nr-fke-moottori-toyota-yaris-iii\/\" \/>\n<meta property=\"og:site_name\" content=\"Autopartscenter24\" \/>\n<meta property=\"og:image\" content=\"https:\/\/autopartscenter24.com\/wp-content\/uploads\/2023\/03\/1-5-2NR-FKE-moottori-toyota-yaris-iii.webp\" \/>\n\t<meta property=\"og:image:width\" content=\"800\" \/>\n\t<meta property=\"og:image:height\" content=\"600\" \/>\n\t<meta property=\"og:image:type\" content=\"image\/webp\" \/>\n<meta name=\"twitter:card\" content=\"summary_large_image\" \/>\n<meta name=\"twitter:label1\" content=\"Ber\u00e4knad l\u00e4stid\" \/>\n\t<meta name=\"twitter:data1\" content=\"1 minut\" \/>\n<script type=\"application\/ld+json\" class=\"yoast-schema-graph\">{\"@context\":\"https:\/\/schema.org\",\"@graph\":[{\"@type\":\"WebPage\",\"@id\":\"https:\/\/autopartscenter24.com\/auton-varaosat\/1-5-2nr-fke-moottori-toyota-yaris-iii\/\",\"url\":\"https:\/\/autopartscenter24.com\/auton-varaosat\/1-5-2nr-fke-moottori-toyota-yaris-iii\/\",\"name\":\"1.5 VVTI \\\"2NR-FKE\\\" Motor [esim. Yaris, Corolla] - Autopartscenter24\",\"isPartOf\":{\"@id\":\"https:\/\/autopartscenter24.com\/#website\"},\"primaryImageOfPage\":{\"@id\":\"https:\/\/autopartscenter24.com\/auton-varaosat\/1-5-2nr-fke-moottori-toyota-yaris-iii\/#primaryimage\"},\"image\":{\"@id\":\"https:\/\/autopartscenter24.com\/auton-varaosat\/1-5-2nr-fke-moottori-toyota-yaris-iii\/#primaryimage\"},\"thumbnailUrl\":\"https:\/\/autopartscenter24.com\/wp-content\/uploads\/2023\/03\/1-5-2NR-FKE-moottori-toyota-yaris-iii.webp\",\"datePublished\":\"2023-11-26T14:17:04+00:00\",\"description\":\"En av de motorer som vi ofta har tillg\u00e4ngliga. Skicka en f\u00f6rfr\u00e5gan och f\u00e5 en offert inom 24 timmar. Motorer, v\u00e4xell\u00e5dor och andra bildelar under garanti.\",\"breadcrumb\":{\"@id\":\"https:\/\/autopartscenter24.com\/auton-varaosat\/1-5-2nr-fke-moottori-toyota-yaris-iii\/#breadcrumb\"},\"inLanguage\":\"sv-SE\",\"potentialAction\":[{\"@type\":\"ReadAction\",\"target\":[\"https:\/\/autopartscenter24.com\/auton-varaosat\/1-5-2nr-fke-moottori-toyota-yaris-iii\/\"]}]},{\"@type\":\"ImageObject\",\"inLanguage\":\"sv-SE\",\"@id\":\"https:\/\/autopartscenter24.com\/auton-varaosat\/1-5-2nr-fke-moottori-toyota-yaris-iii\/#primaryimage\",\"url\":\"https:\/\/autopartscenter24.com\/wp-content\/uploads\/2023\/03\/1-5-2NR-FKE-moottori-toyota-yaris-iii.webp\",\"contentUrl\":\"https:\/\/autopartscenter24.com\/wp-content\/uploads\/2023\/03\/1-5-2NR-FKE-moottori-toyota-yaris-iii.webp\",\"width\":800,\"height\":600},{\"@type\":\"BreadcrumbList\",\"@id\":\"https:\/\/autopartscenter24.com\/auton-varaosat\/1-5-2nr-fke-moottori-toyota-yaris-iii\/#breadcrumb\",\"itemListElement\":[{\"@type\":\"ListItem\",\"position\":1,\"name\":\"Hem\",\"item\":\"https:\/\/aliceblue-termite-662564.hostingersite.com\/\"},{\"@type\":\"ListItem\",\"position\":2,\"name\":\"Auton varaosat\",\"item\":\"https:\/\/aliceblue-termite-662564.hostingersite.com\/auton-varaosat\/\"},{\"@type\":\"ListItem\",\"position\":3,\"name\":\"1.5 VVTI &#8221;2NR-FKE&#8221; Motor [esim. Yaris, Corolla]\"}]},{\"@type\":\"WebSite\",\"@id\":\"https:\/\/autopartscenter24.com\/#website\",\"url\":\"https:\/\/autopartscenter24.com\/\",\"name\":\"Autopartscenter24\",\"description\":\"K\u00c4YTETYT JA KUNNOSTETUT  AUTON VARAOSAT\",\"potentialAction\":[{\"@type\":\"SearchAction\",\"target\":{\"@type\":\"EntryPoint\",\"urlTemplate\":\"https:\/\/autopartscenter24.com\/?s={search_term_string}\"},\"query-input\":{\"@type\":\"PropertyValueSpecification\",\"valueRequired\":true,\"valueName\":\"search_term_string\"}}],\"inLanguage\":\"sv-SE\"}]}<\/script>\n<!-- \/ Yoast SEO plugin. -->","yoast_head_json":{"title":"1.5 VVTI \"2NR-FKE\" Motor [esim. Yaris, Corolla] - Autopartscenter24","description":"En av de motorer som vi ofta har tillg\u00e4ngliga. Skicka en f\u00f6rfr\u00e5gan och f\u00e5 en offert inom 24 timmar. Motorer, v\u00e4xell\u00e5dor och andra bildelar under garanti.","robots":{"index":"index","follow":"follow","max-snippet":"max-snippet:-1","max-image-preview":"max-image-preview:large","max-video-preview":"max-video-preview:-1"},"canonical":"https:\/\/autopartscenter24.com\/sv\/auton-varaosat\/1-5-2nr-fke-moottori-toyota-yaris-iii\/","og_locale":"sv_SE","og_type":"article","og_title":"1.5 VVTI \"2NR-FKE\" Motor [esim. Yaris, Corolla] - Autopartscenter24","og_description":"En av de motorer som vi ofta har tillg\u00e4ngliga. Skicka en f\u00f6rfr\u00e5gan och f\u00e5 en offert inom 24 timmar. Motorer, v\u00e4xell\u00e5dor och andra bildelar under garanti.","og_url":"https:\/\/autopartscenter24.com\/sv\/auton-varaosat\/1-5-2nr-fke-moottori-toyota-yaris-iii\/","og_site_name":"Autopartscenter24","og_image":[{"width":800,"height":600,"url":"https:\/\/autopartscenter24.com\/wp-content\/uploads\/2023\/03\/1-5-2NR-FKE-moottori-toyota-yaris-iii.webp","type":"image\/webp"}],"twitter_card":"summary_large_image","twitter_misc":{"Ber\u00e4knad l\u00e4stid":"1 minut"},"schema":{"@context":"https:\/\/schema.org","@graph":[{"@type":"WebPage","@id":"https:\/\/autopartscenter24.com\/auton-varaosat\/1-5-2nr-fke-moottori-toyota-yaris-iii\/","url":"https:\/\/autopartscenter24.com\/auton-varaosat\/1-5-2nr-fke-moottori-toyota-yaris-iii\/","name":"1.5 VVTI \"2NR-FKE\" Motor [esim. Yaris, Corolla] - Autopartscenter24","isPartOf":{"@id":"https:\/\/autopartscenter24.com\/#website"},"primaryImageOfPage":{"@id":"https:\/\/autopartscenter24.com\/auton-varaosat\/1-5-2nr-fke-moottori-toyota-yaris-iii\/#primaryimage"},"image":{"@id":"https:\/\/autopartscenter24.com\/auton-varaosat\/1-5-2nr-fke-moottori-toyota-yaris-iii\/#primaryimage"},"thumbnailUrl":"https:\/\/autopartscenter24.com\/wp-content\/uploads\/2023\/03\/1-5-2NR-FKE-moottori-toyota-yaris-iii.webp","datePublished":"2023-11-26T14:17:04+00:00","description":"En av de motorer som vi ofta har tillg\u00e4ngliga. Skicka en f\u00f6rfr\u00e5gan och f\u00e5 en offert inom 24 timmar. Motorer, v\u00e4xell\u00e5dor och andra bildelar under garanti.","breadcrumb":{"@id":"https:\/\/autopartscenter24.com\/auton-varaosat\/1-5-2nr-fke-moottori-toyota-yaris-iii\/#breadcrumb"},"inLanguage":"sv-SE","potentialAction":[{"@type":"ReadAction","target":["https:\/\/autopartscenter24.com\/auton-varaosat\/1-5-2nr-fke-moottori-toyota-yaris-iii\/"]}]},{"@type":"ImageObject","inLanguage":"sv-SE","@id":"https:\/\/autopartscenter24.com\/auton-varaosat\/1-5-2nr-fke-moottori-toyota-yaris-iii\/#primaryimage","url":"https:\/\/autopartscenter24.com\/wp-content\/uploads\/2023\/03\/1-5-2NR-FKE-moottori-toyota-yaris-iii.webp","contentUrl":"https:\/\/autopartscenter24.com\/wp-content\/uploads\/2023\/03\/1-5-2NR-FKE-moottori-toyota-yaris-iii.webp","width":800,"height":600},{"@type":"BreadcrumbList","@id":"https:\/\/autopartscenter24.com\/auton-varaosat\/1-5-2nr-fke-moottori-toyota-yaris-iii\/#breadcrumb","itemListElement":[{"@type":"ListItem","position":1,"name":"Hem","item":"https:\/\/aliceblue-termite-662564.hostingersite.com\/"},{"@type":"ListItem","position":2,"name":"Auton varaosat","item":"https:\/\/aliceblue-termite-662564.hostingersite.com\/auton-varaosat\/"},{"@type":"ListItem","position":3,"name":"1.5 VVTI &#8221;2NR-FKE&#8221; Motor [esim. Yaris, Corolla]"}]},{"@type":"WebSite","@id":"https:\/\/autopartscenter24.com\/#website","url":"https:\/\/autopartscenter24.com\/","name":"Autopartscenter24","description":"K\u00c4YTETYT JA KUNNOSTETUT  AUTON VARAOSAT","potentialAction":[{"@type":"SearchAction","target":{"@type":"EntryPoint","urlTemplate":"https:\/\/autopartscenter24.com\/?s={search_term_string}"},"query-input":{"@type":"PropertyValueSpecification","valueRequired":true,"valueName":"search_term_string"}}],"inLanguage":"sv-SE"}]}},"_links":{"self":[{"href":"https:\/\/autopartscenter24.com\/sv\/wp-json\/wp\/v2\/product\/5485","targetHints":{"allow":["GET"]}}],"collection":[{"href":"https:\/\/autopartscenter24.com\/sv\/wp-json\/wp\/v2\/product"}],"about":[{"href":"https:\/\/autopartscenter24.com\/sv\/wp-json\/wp\/v2\/types\/product"}],"wp:featuredmedia":[{"embeddable":true,"href":"https:\/\/autopartscenter24.com\/sv\/wp-json\/wp\/v2\/media\/4668"}],"wp:attachment":[{"href":"https:\/\/autopartscenter24.com\/sv\/wp-json\/wp\/v2\/media?parent=5485"}],"wp:term":[{"taxonomy":"product_brand","embeddable":true,"href":"https:\/\/autopartscenter24.com\/sv\/wp-json\/wp\/v2\/product_brand?post=5485"},{"taxonomy":"product_cat","embeddable":true,"href":"https:\/\/autopartscenter24.com\/sv\/wp-json\/wp\/v2\/product_cat?post=5485"},{"taxonomy":"product_tag","embeddable":true,"href":"https:\/\/autopartscenter24.com\/sv\/wp-json\/wp\/v2\/product_tag?post=5485"}],"curies":[{"name":"wp","href":"https:\/\/api.w.org\/{rel}","templated":true}]}}