{"id":5484,"date":"2023-03-08T16:32:56","date_gmt":"2023-11-26T14:15:01","guid":{"rendered":"https:\/\/autopartscenter24.com\/product\/2-0-vvti-16v-3zr-fae-motor-toyota-avensis-t27\/"},"modified":"2023-11-26T15:15:01","modified_gmt":"2023-11-26T14:15:01","slug":"2-0-vvti-16v-3zr-fae-motor-toyota-avensis-t27","status":"publish","type":"product","link":"https:\/\/autopartscenter24.com\/sv\/auton-varaosat\/2-0-vvti-16v-3zr-fae-motor-toyota-avensis-t27\/","title":{"rendered":"2.0 VVTI 16V &#8221;3ZR-FAE&#8221; Motor [Toyota Avensis T27]"},"content":{"rendered":"<p>Toyota \u00e4r en japansk biltillverkare k\u00e4nd f\u00f6r sina h\u00f6gkvalitativa bilar. En av dessa bilar \u00e4r Toyota Avensis T27, som \u00e4r utrustad med en 2,0 VVTI-motor med motorkoden 3ZR-FAE. Denna motor \u00e4r en av de mest popul\u00e4ra Toyota-motorerna och har varit i produktion sedan 2007.<\/p>\n<p>3ZR-FAE-motorn \u00e4r en fyrcylindrig med 16 ventiler. Den har en slagvolym p\u00e5 2,0 liter och ger 147 h\u00e4stkrafter och 196 Nm i vridmoment. Motorn anv\u00e4nder Toyotas VVTI-teknik, som g\u00f6r det m\u00f6jligt att justera ventiltiderna f\u00f6r en optimal balans mellan kraft och br\u00e4nsleekonomi. Motorn har \u00e4ven ett h\u00f6gtrycksbr\u00e4nslesystem som ger mycket exakt och effektiv br\u00e4nsletillf\u00f6rsel.<\/p>\n<p>De tekniska egenskaperna hos 3ZR-FAE-motorn g\u00f6r den mycket ekonomisk och p\u00e5litlig. Br\u00e4nsleekonomin \u00e4r utm\u00e4rkt och CO2-utsl\u00e4ppen \u00e4r l\u00e5ga. Dessutom \u00e4r motorn tyst och h\u00e5llbar, vilket g\u00f6r den till ett utm\u00e4rkt val f\u00f6r Toyota Avensis T27-bilar.<\/p>\n<p>Toyota Avensis T27 \u00e4r inte den enda bilen utrustad med 3ZR-FAE-motorn. Motorn har \u00e4ven anv\u00e4nts i andra Toyota-modeller, som Corolla, RAV4 och Prius. Ut\u00f6ver detta har motorn anv\u00e4nts i vissa Mazda-modeller, som Mazda 3 och Mazda 5.<\/p>\n","protected":false},"excerpt":{"rendered":"<ul>\n<li>Toyota Avensis T27<\/li>\n<li>Toyota Corolla<\/li>\n<li>Toyota RAV4<\/li>\n<li>Toyota Prius<\/li>\n<\/ul>\n","protected":false},"featured_media":4673,"template":"","meta":[],"product_brand":[],"product_cat":[637],"product_tag":[706,701,707,685],"class_list":{"0":"post-5484","1":"product","2":"type-product","3":"status-publish","4":"has-post-thumbnail","6":"product_cat-toyota-sv","7":"product_tag-avensis-sv","8":"product_tag-corolla-sv","9":"product_tag-prius-sv","10":"product_tag-rav-4-sv","11":"pa_varaosan-osasto-motor","14":"first","15":"instock","16":"shipping-taxable","17":"product-type-simple"},"yoast_head":"<!-- This site is optimized with the Yoast SEO plugin v26.8 - https:\/\/yoast.com\/product\/yoast-seo-wordpress\/ -->\n<title>2.0 VVTI 16V &quot;3ZR-FAE&quot; Motor [Toyota Avensis T27]<\/title>\n<meta name=\"description\" content=\"En av de motorer som vi ofta har tillg\u00e4ngliga. Skicka en f\u00f6rfr\u00e5gan och f\u00e5 en offert inom 24 timmar. Motorer, v\u00e4xell\u00e5dor och andra bildelar under garanti.\" \/>\n<meta name=\"robots\" content=\"index, follow, max-snippet:-1, max-image-preview:large, max-video-preview:-1\" \/>\n<link rel=\"canonical\" href=\"https:\/\/autopartscenter24.com\/sv\/auton-varaosat\/2-0-vvti-16v-3zr-fae-moottori-toyota-avensis-t27\/\" \/>\n<meta property=\"og:locale\" content=\"sv_SE\" \/>\n<meta property=\"og:type\" content=\"article\" \/>\n<meta property=\"og:title\" content=\"2.0 VVTI 16V &quot;3ZR-FAE&quot; Motor [Toyota Avensis T27]\" \/>\n<meta property=\"og:description\" content=\"En av de motorer som vi ofta har tillg\u00e4ngliga. Skicka en f\u00f6rfr\u00e5gan och f\u00e5 en offert inom 24 timmar. Motorer, v\u00e4xell\u00e5dor och andra bildelar under garanti.\" \/>\n<meta property=\"og:url\" content=\"https:\/\/autopartscenter24.com\/sv\/auton-varaosat\/2-0-vvti-16v-3zr-fae-moottori-toyota-avensis-t27\/\" \/>\n<meta property=\"og:site_name\" content=\"Autopartscenter24\" \/>\n<meta property=\"og:image\" content=\"https:\/\/autopartscenter24.com\/wp-content\/uploads\/2023\/03\/2-0-vvti-16v-3zr-fae-moottori-toyota-avensis-t27.webp\" \/>\n\t<meta property=\"og:image:width\" content=\"800\" \/>\n\t<meta property=\"og:image:height\" content=\"600\" \/>\n\t<meta property=\"og:image:type\" content=\"image\/webp\" \/>\n<meta name=\"twitter:card\" content=\"summary_large_image\" \/>\n<meta name=\"twitter:label1\" content=\"Ber\u00e4knad l\u00e4stid\" \/>\n\t<meta name=\"twitter:data1\" content=\"1 minut\" \/>\n<script type=\"application\/ld+json\" class=\"yoast-schema-graph\">{\"@context\":\"https:\/\/schema.org\",\"@graph\":[{\"@type\":\"WebPage\",\"@id\":\"https:\/\/autopartscenter24.com\/auton-varaosat\/2-0-vvti-16v-3zr-fae-moottori-toyota-avensis-t27\/\",\"url\":\"https:\/\/autopartscenter24.com\/auton-varaosat\/2-0-vvti-16v-3zr-fae-moottori-toyota-avensis-t27\/\",\"name\":\"2.0 VVTI 16V \\\"3ZR-FAE\\\" Motor [Toyota Avensis T27]\",\"isPartOf\":{\"@id\":\"https:\/\/autopartscenter24.com\/#website\"},\"primaryImageOfPage\":{\"@id\":\"https:\/\/autopartscenter24.com\/auton-varaosat\/2-0-vvti-16v-3zr-fae-moottori-toyota-avensis-t27\/#primaryimage\"},\"image\":{\"@id\":\"https:\/\/autopartscenter24.com\/auton-varaosat\/2-0-vvti-16v-3zr-fae-moottori-toyota-avensis-t27\/#primaryimage\"},\"thumbnailUrl\":\"https:\/\/autopartscenter24.com\/wp-content\/uploads\/2023\/03\/2-0-vvti-16v-3zr-fae-moottori-toyota-avensis-t27.webp\",\"datePublished\":\"2023-11-26T14:15:01+00:00\",\"description\":\"En av de motorer som vi ofta har tillg\u00e4ngliga. Skicka en f\u00f6rfr\u00e5gan och f\u00e5 en offert inom 24 timmar. Motorer, v\u00e4xell\u00e5dor och andra bildelar under garanti.\",\"breadcrumb\":{\"@id\":\"https:\/\/autopartscenter24.com\/auton-varaosat\/2-0-vvti-16v-3zr-fae-moottori-toyota-avensis-t27\/#breadcrumb\"},\"inLanguage\":\"sv-SE\",\"potentialAction\":[{\"@type\":\"ReadAction\",\"target\":[\"https:\/\/autopartscenter24.com\/auton-varaosat\/2-0-vvti-16v-3zr-fae-moottori-toyota-avensis-t27\/\"]}]},{\"@type\":\"ImageObject\",\"inLanguage\":\"sv-SE\",\"@id\":\"https:\/\/autopartscenter24.com\/auton-varaosat\/2-0-vvti-16v-3zr-fae-moottori-toyota-avensis-t27\/#primaryimage\",\"url\":\"https:\/\/autopartscenter24.com\/wp-content\/uploads\/2023\/03\/2-0-vvti-16v-3zr-fae-moottori-toyota-avensis-t27.webp\",\"contentUrl\":\"https:\/\/autopartscenter24.com\/wp-content\/uploads\/2023\/03\/2-0-vvti-16v-3zr-fae-moottori-toyota-avensis-t27.webp\",\"width\":800,\"height\":600},{\"@type\":\"BreadcrumbList\",\"@id\":\"https:\/\/autopartscenter24.com\/auton-varaosat\/2-0-vvti-16v-3zr-fae-moottori-toyota-avensis-t27\/#breadcrumb\",\"itemListElement\":[{\"@type\":\"ListItem\",\"position\":1,\"name\":\"Hem\",\"item\":\"https:\/\/aliceblue-termite-662564.hostingersite.com\/\"},{\"@type\":\"ListItem\",\"position\":2,\"name\":\"Auton varaosat\",\"item\":\"https:\/\/aliceblue-termite-662564.hostingersite.com\/auton-varaosat\/\"},{\"@type\":\"ListItem\",\"position\":3,\"name\":\"2.0 VVTI 16V &#8221;3ZR-FAE&#8221; Motor [Toyota Avensis T27]\"}]},{\"@type\":\"WebSite\",\"@id\":\"https:\/\/autopartscenter24.com\/#website\",\"url\":\"https:\/\/autopartscenter24.com\/\",\"name\":\"Autopartscenter24\",\"description\":\"K\u00c4YTETYT JA KUNNOSTETUT  AUTON VARAOSAT\",\"potentialAction\":[{\"@type\":\"SearchAction\",\"target\":{\"@type\":\"EntryPoint\",\"urlTemplate\":\"https:\/\/autopartscenter24.com\/?s={search_term_string}\"},\"query-input\":{\"@type\":\"PropertyValueSpecification\",\"valueRequired\":true,\"valueName\":\"search_term_string\"}}],\"inLanguage\":\"sv-SE\"}]}<\/script>\n<!-- \/ Yoast SEO plugin. -->","yoast_head_json":{"title":"2.0 VVTI 16V \"3ZR-FAE\" Motor [Toyota Avensis T27]","description":"En av de motorer som vi ofta har tillg\u00e4ngliga. Skicka en f\u00f6rfr\u00e5gan och f\u00e5 en offert inom 24 timmar. Motorer, v\u00e4xell\u00e5dor och andra bildelar under garanti.","robots":{"index":"index","follow":"follow","max-snippet":"max-snippet:-1","max-image-preview":"max-image-preview:large","max-video-preview":"max-video-preview:-1"},"canonical":"https:\/\/autopartscenter24.com\/sv\/auton-varaosat\/2-0-vvti-16v-3zr-fae-moottori-toyota-avensis-t27\/","og_locale":"sv_SE","og_type":"article","og_title":"2.0 VVTI 16V \"3ZR-FAE\" Motor [Toyota Avensis T27]","og_description":"En av de motorer som vi ofta har tillg\u00e4ngliga. Skicka en f\u00f6rfr\u00e5gan och f\u00e5 en offert inom 24 timmar. Motorer, v\u00e4xell\u00e5dor och andra bildelar under garanti.","og_url":"https:\/\/autopartscenter24.com\/sv\/auton-varaosat\/2-0-vvti-16v-3zr-fae-moottori-toyota-avensis-t27\/","og_site_name":"Autopartscenter24","og_image":[{"width":800,"height":600,"url":"https:\/\/autopartscenter24.com\/wp-content\/uploads\/2023\/03\/2-0-vvti-16v-3zr-fae-moottori-toyota-avensis-t27.webp","type":"image\/webp"}],"twitter_card":"summary_large_image","twitter_misc":{"Ber\u00e4knad l\u00e4stid":"1 minut"},"schema":{"@context":"https:\/\/schema.org","@graph":[{"@type":"WebPage","@id":"https:\/\/autopartscenter24.com\/auton-varaosat\/2-0-vvti-16v-3zr-fae-moottori-toyota-avensis-t27\/","url":"https:\/\/autopartscenter24.com\/auton-varaosat\/2-0-vvti-16v-3zr-fae-moottori-toyota-avensis-t27\/","name":"2.0 VVTI 16V \"3ZR-FAE\" Motor [Toyota Avensis T27]","isPartOf":{"@id":"https:\/\/autopartscenter24.com\/#website"},"primaryImageOfPage":{"@id":"https:\/\/autopartscenter24.com\/auton-varaosat\/2-0-vvti-16v-3zr-fae-moottori-toyota-avensis-t27\/#primaryimage"},"image":{"@id":"https:\/\/autopartscenter24.com\/auton-varaosat\/2-0-vvti-16v-3zr-fae-moottori-toyota-avensis-t27\/#primaryimage"},"thumbnailUrl":"https:\/\/autopartscenter24.com\/wp-content\/uploads\/2023\/03\/2-0-vvti-16v-3zr-fae-moottori-toyota-avensis-t27.webp","datePublished":"2023-11-26T14:15:01+00:00","description":"En av de motorer som vi ofta har tillg\u00e4ngliga. Skicka en f\u00f6rfr\u00e5gan och f\u00e5 en offert inom 24 timmar. Motorer, v\u00e4xell\u00e5dor och andra bildelar under garanti.","breadcrumb":{"@id":"https:\/\/autopartscenter24.com\/auton-varaosat\/2-0-vvti-16v-3zr-fae-moottori-toyota-avensis-t27\/#breadcrumb"},"inLanguage":"sv-SE","potentialAction":[{"@type":"ReadAction","target":["https:\/\/autopartscenter24.com\/auton-varaosat\/2-0-vvti-16v-3zr-fae-moottori-toyota-avensis-t27\/"]}]},{"@type":"ImageObject","inLanguage":"sv-SE","@id":"https:\/\/autopartscenter24.com\/auton-varaosat\/2-0-vvti-16v-3zr-fae-moottori-toyota-avensis-t27\/#primaryimage","url":"https:\/\/autopartscenter24.com\/wp-content\/uploads\/2023\/03\/2-0-vvti-16v-3zr-fae-moottori-toyota-avensis-t27.webp","contentUrl":"https:\/\/autopartscenter24.com\/wp-content\/uploads\/2023\/03\/2-0-vvti-16v-3zr-fae-moottori-toyota-avensis-t27.webp","width":800,"height":600},{"@type":"BreadcrumbList","@id":"https:\/\/autopartscenter24.com\/auton-varaosat\/2-0-vvti-16v-3zr-fae-moottori-toyota-avensis-t27\/#breadcrumb","itemListElement":[{"@type":"ListItem","position":1,"name":"Hem","item":"https:\/\/aliceblue-termite-662564.hostingersite.com\/"},{"@type":"ListItem","position":2,"name":"Auton varaosat","item":"https:\/\/aliceblue-termite-662564.hostingersite.com\/auton-varaosat\/"},{"@type":"ListItem","position":3,"name":"2.0 VVTI 16V &#8221;3ZR-FAE&#8221; Motor [Toyota Avensis T27]"}]},{"@type":"WebSite","@id":"https:\/\/autopartscenter24.com\/#website","url":"https:\/\/autopartscenter24.com\/","name":"Autopartscenter24","description":"K\u00c4YTETYT JA KUNNOSTETUT  AUTON VARAOSAT","potentialAction":[{"@type":"SearchAction","target":{"@type":"EntryPoint","urlTemplate":"https:\/\/autopartscenter24.com\/?s={search_term_string}"},"query-input":{"@type":"PropertyValueSpecification","valueRequired":true,"valueName":"search_term_string"}}],"inLanguage":"sv-SE"}]}},"_links":{"self":[{"href":"https:\/\/autopartscenter24.com\/sv\/wp-json\/wp\/v2\/product\/5484","targetHints":{"allow":["GET"]}}],"collection":[{"href":"https:\/\/autopartscenter24.com\/sv\/wp-json\/wp\/v2\/product"}],"about":[{"href":"https:\/\/autopartscenter24.com\/sv\/wp-json\/wp\/v2\/types\/product"}],"wp:featuredmedia":[{"embeddable":true,"href":"https:\/\/autopartscenter24.com\/sv\/wp-json\/wp\/v2\/media\/4673"}],"wp:attachment":[{"href":"https:\/\/autopartscenter24.com\/sv\/wp-json\/wp\/v2\/media?parent=5484"}],"wp:term":[{"taxonomy":"product_brand","embeddable":true,"href":"https:\/\/autopartscenter24.com\/sv\/wp-json\/wp\/v2\/product_brand?post=5484"},{"taxonomy":"product_cat","embeddable":true,"href":"https:\/\/autopartscenter24.com\/sv\/wp-json\/wp\/v2\/product_cat?post=5484"},{"taxonomy":"product_tag","embeddable":true,"href":"https:\/\/autopartscenter24.com\/sv\/wp-json\/wp\/v2\/product_tag?post=5484"}],"curies":[{"name":"wp","href":"https:\/\/api.w.org\/{rel}","templated":true}]}}