{"id":5483,"date":"2023-03-08T16:44:11","date_gmt":"2023-11-26T14:13:06","guid":{"rendered":"https:\/\/autopartscenter24.com\/product\/1-8-kompressor-271941-motor-mb-e-klass-w211\/"},"modified":"2023-11-26T15:13:12","modified_gmt":"2023-11-26T14:13:12","slug":"1-8-kompressor-271941-motor-mb-e-klass-w211","status":"publish","type":"product","link":"https:\/\/autopartscenter24.com\/sv\/auton-varaosat\/1-8-kompressor-271941-motor-mb-e-klass-w211\/","title":{"rendered":"1.8 Kompressor &#8221;271941&#8221; Motor [MB E-Klass W211]"},"content":{"rendered":"<p>Mercedes-Benz \u00e4r en av de mest prestigefyllda och v\u00e4lk\u00e4nda biltillverkarna i v\u00e4rlden, och dess motorer \u00e4r lika prestigefyllda som bilarna. En av dessa motorer \u00e4r Mercedes-Benz 1.8 kompressor, \u00e4ven k\u00e4nd under motorkod 271941. Denna motor \u00e4r installerad p\u00e5 Mercedes-Benz E-klass W211 och \u00e4r en av dess egenskaper som g\u00f6r den s\u00e5 popul\u00e4r och kraftfull.<\/p>\n<p>Mercedes-Benz 1.8 kompressormotor \u00e4r en fyrcylindrig motor som g\u00e5r p\u00e5 bensin. Den \u00e4r utrustad med en turboladdare som ger den mer kraft och hastighet. Motorn har ett kompressionsf\u00f6rh\u00e5llande p\u00e5 8,5:1 och har en maximal effekt p\u00e5 120 kW (163 hk) och ett maximalt vridmoment p\u00e5 230 Nm. Motorn anv\u00e4nder direktinsprutning, vilket f\u00f6rb\u00e4ttrar br\u00e4nsleekonomin och minskar utsl\u00e4ppen.<\/p>\n<p>Mercedes-Benz 1.8 kompressormotorn \u00e4r utrustad med m\u00e5nga innovativa teknologier, s\u00e5som en elektronisk gaspedal och ett system med variabel ventiltid (VVT). Detta system justerar ventilens \u00f6ppningstid och vinkel efter motorhastighet och belastning, vilket f\u00f6rb\u00e4ttrar motorns prestanda och br\u00e4nsleekonomi.<\/p>\n<p>Att serva Mercedes-Benz 1.8 kompressormotorn \u00e4r relativt enkelt och delar \u00e4r allm\u00e4nt tillg\u00e4ngliga. Motorns serviceintervall \u00e4r cirka 20 000 kilometer eller ett \u00e5r, och dess oljebytesintervall \u00e4r cirka 15 000 kilometer.<\/p>\n","protected":false},"excerpt":{"rendered":"<p>Mercedes-Benz 1.8-kompressormotorn har varit mycket popul\u00e4r f\u00f6r sin effektivitet och prestanda och har monterats p\u00e5 m\u00e5nga Mercedes-Benz-modeller. H\u00e4r \u00e4r en lista \u00f6ver n\u00e5gra bilar med denna motor:<\/p>\n<ul>\n<li>Mercedes-Benz C-Class (W203)<\/li>\n<li>Mercedes-Benz CLK-Class (W209)<\/li>\n<li>Mercedes-Benz SLK-Class (R171)<\/li>\n<li>Mercedes-Benz E-Class (W211)<\/li>\n<\/ul>\n","protected":false},"featured_media":4679,"template":"","meta":[],"product_brand":[],"product_cat":[593],"product_tag":[704,705],"class_list":{"0":"post-5483","1":"product","2":"type-product","3":"status-publish","4":"has-post-thumbnail","6":"product_cat-mercedes-benz-sv","7":"product_tag-e-class-sv","8":"product_tag-w211-sv","9":"pa_varaosan-osasto-motor","12":"first","13":"instock","14":"shipping-taxable","15":"product-type-simple"},"yoast_head":"<!-- This site is optimized with the Yoast SEO plugin v26.8 - https:\/\/yoast.com\/product\/yoast-seo-wordpress\/ -->\n<title>1.8 Kompressor &quot;271941&quot; Motor [MB E-Klass W211]<\/title>\n<meta name=\"description\" content=\"En av de motorer som vi ofta har tillg\u00e4ngliga. Skicka en f\u00f6rfr\u00e5gan och f\u00e5 en offert inom 24 timmar. Motorer, v\u00e4xell\u00e5dor och andra bildelar under garanti.\" \/>\n<meta name=\"robots\" content=\"index, follow, max-snippet:-1, max-image-preview:large, max-video-preview:-1\" \/>\n<link rel=\"canonical\" href=\"https:\/\/autopartscenter24.com\/sv\/auton-varaosat\/1-8-kompressor-271941-moottori-mb-e-klass-w211\/\" \/>\n<meta property=\"og:locale\" content=\"sv_SE\" \/>\n<meta property=\"og:type\" content=\"article\" \/>\n<meta property=\"og:title\" content=\"1.8 Kompressor &quot;271941&quot; Motor [MB E-Klass W211]\" \/>\n<meta property=\"og:description\" content=\"En av de motorer som vi ofta har tillg\u00e4ngliga. Skicka en f\u00f6rfr\u00e5gan och f\u00e5 en offert inom 24 timmar. Motorer, v\u00e4xell\u00e5dor och andra bildelar under garanti.\" \/>\n<meta property=\"og:url\" content=\"https:\/\/autopartscenter24.com\/sv\/auton-varaosat\/1-8-kompressor-271941-moottori-mb-e-klass-w211\/\" \/>\n<meta property=\"og:site_name\" content=\"Autopartscenter24\" \/>\n<meta property=\"article:modified_time\" content=\"2023-11-26T14:13:12+00:00\" \/>\n<meta property=\"og:image\" content=\"https:\/\/autopartscenter24.com\/wp-content\/uploads\/2023\/03\/1-8-kompressor-271941-moottori-mb-e-klass-w211.webp\" \/>\n\t<meta property=\"og:image:width\" content=\"800\" \/>\n\t<meta property=\"og:image:height\" content=\"600\" \/>\n\t<meta property=\"og:image:type\" content=\"image\/webp\" \/>\n<meta name=\"twitter:card\" content=\"summary_large_image\" \/>\n<meta name=\"twitter:label1\" content=\"Ber\u00e4knad l\u00e4stid\" \/>\n\t<meta name=\"twitter:data1\" content=\"1 minut\" \/>\n<script type=\"application\/ld+json\" class=\"yoast-schema-graph\">{\"@context\":\"https:\/\/schema.org\",\"@graph\":[{\"@type\":\"WebPage\",\"@id\":\"https:\/\/autopartscenter24.com\/auton-varaosat\/1-8-kompressor-271941-moottori-mb-e-klass-w211\/\",\"url\":\"https:\/\/autopartscenter24.com\/auton-varaosat\/1-8-kompressor-271941-moottori-mb-e-klass-w211\/\",\"name\":\"1.8 Kompressor \\\"271941\\\" Motor [MB E-Klass W211]\",\"isPartOf\":{\"@id\":\"https:\/\/autopartscenter24.com\/#website\"},\"primaryImageOfPage\":{\"@id\":\"https:\/\/autopartscenter24.com\/auton-varaosat\/1-8-kompressor-271941-moottori-mb-e-klass-w211\/#primaryimage\"},\"image\":{\"@id\":\"https:\/\/autopartscenter24.com\/auton-varaosat\/1-8-kompressor-271941-moottori-mb-e-klass-w211\/#primaryimage\"},\"thumbnailUrl\":\"https:\/\/autopartscenter24.com\/wp-content\/uploads\/2023\/03\/1-8-kompressor-271941-moottori-mb-e-klass-w211.webp\",\"datePublished\":\"2023-11-26T14:13:06+00:00\",\"dateModified\":\"2023-11-26T14:13:12+00:00\",\"description\":\"En av de motorer som vi ofta har tillg\u00e4ngliga. Skicka en f\u00f6rfr\u00e5gan och f\u00e5 en offert inom 24 timmar. Motorer, v\u00e4xell\u00e5dor och andra bildelar under garanti.\",\"breadcrumb\":{\"@id\":\"https:\/\/autopartscenter24.com\/auton-varaosat\/1-8-kompressor-271941-moottori-mb-e-klass-w211\/#breadcrumb\"},\"inLanguage\":\"sv-SE\",\"potentialAction\":[{\"@type\":\"ReadAction\",\"target\":[\"https:\/\/autopartscenter24.com\/auton-varaosat\/1-8-kompressor-271941-moottori-mb-e-klass-w211\/\"]}]},{\"@type\":\"ImageObject\",\"inLanguage\":\"sv-SE\",\"@id\":\"https:\/\/autopartscenter24.com\/auton-varaosat\/1-8-kompressor-271941-moottori-mb-e-klass-w211\/#primaryimage\",\"url\":\"https:\/\/autopartscenter24.com\/wp-content\/uploads\/2023\/03\/1-8-kompressor-271941-moottori-mb-e-klass-w211.webp\",\"contentUrl\":\"https:\/\/autopartscenter24.com\/wp-content\/uploads\/2023\/03\/1-8-kompressor-271941-moottori-mb-e-klass-w211.webp\",\"width\":800,\"height\":600},{\"@type\":\"BreadcrumbList\",\"@id\":\"https:\/\/autopartscenter24.com\/auton-varaosat\/1-8-kompressor-271941-moottori-mb-e-klass-w211\/#breadcrumb\",\"itemListElement\":[{\"@type\":\"ListItem\",\"position\":1,\"name\":\"Hem\",\"item\":\"https:\/\/aliceblue-termite-662564.hostingersite.com\/\"},{\"@type\":\"ListItem\",\"position\":2,\"name\":\"Auton varaosat\",\"item\":\"https:\/\/aliceblue-termite-662564.hostingersite.com\/auton-varaosat\/\"},{\"@type\":\"ListItem\",\"position\":3,\"name\":\"1.8 Kompressor &#8221;271941&#8221; Motor [MB E-Klass W211]\"}]},{\"@type\":\"WebSite\",\"@id\":\"https:\/\/autopartscenter24.com\/#website\",\"url\":\"https:\/\/autopartscenter24.com\/\",\"name\":\"Autopartscenter24\",\"description\":\"K\u00c4YTETYT JA KUNNOSTETUT  AUTON VARAOSAT\",\"potentialAction\":[{\"@type\":\"SearchAction\",\"target\":{\"@type\":\"EntryPoint\",\"urlTemplate\":\"https:\/\/autopartscenter24.com\/?s={search_term_string}\"},\"query-input\":{\"@type\":\"PropertyValueSpecification\",\"valueRequired\":true,\"valueName\":\"search_term_string\"}}],\"inLanguage\":\"sv-SE\"}]}<\/script>\n<!-- \/ Yoast SEO plugin. -->","yoast_head_json":{"title":"1.8 Kompressor \"271941\" Motor [MB E-Klass W211]","description":"En av de motorer som vi ofta har tillg\u00e4ngliga. Skicka en f\u00f6rfr\u00e5gan och f\u00e5 en offert inom 24 timmar. Motorer, v\u00e4xell\u00e5dor och andra bildelar under garanti.","robots":{"index":"index","follow":"follow","max-snippet":"max-snippet:-1","max-image-preview":"max-image-preview:large","max-video-preview":"max-video-preview:-1"},"canonical":"https:\/\/autopartscenter24.com\/sv\/auton-varaosat\/1-8-kompressor-271941-moottori-mb-e-klass-w211\/","og_locale":"sv_SE","og_type":"article","og_title":"1.8 Kompressor \"271941\" Motor [MB E-Klass W211]","og_description":"En av de motorer som vi ofta har tillg\u00e4ngliga. Skicka en f\u00f6rfr\u00e5gan och f\u00e5 en offert inom 24 timmar. Motorer, v\u00e4xell\u00e5dor och andra bildelar under garanti.","og_url":"https:\/\/autopartscenter24.com\/sv\/auton-varaosat\/1-8-kompressor-271941-moottori-mb-e-klass-w211\/","og_site_name":"Autopartscenter24","article_modified_time":"2023-11-26T14:13:12+00:00","og_image":[{"width":800,"height":600,"url":"https:\/\/autopartscenter24.com\/wp-content\/uploads\/2023\/03\/1-8-kompressor-271941-moottori-mb-e-klass-w211.webp","type":"image\/webp"}],"twitter_card":"summary_large_image","twitter_misc":{"Ber\u00e4knad l\u00e4stid":"1 minut"},"schema":{"@context":"https:\/\/schema.org","@graph":[{"@type":"WebPage","@id":"https:\/\/autopartscenter24.com\/auton-varaosat\/1-8-kompressor-271941-moottori-mb-e-klass-w211\/","url":"https:\/\/autopartscenter24.com\/auton-varaosat\/1-8-kompressor-271941-moottori-mb-e-klass-w211\/","name":"1.8 Kompressor \"271941\" Motor [MB E-Klass W211]","isPartOf":{"@id":"https:\/\/autopartscenter24.com\/#website"},"primaryImageOfPage":{"@id":"https:\/\/autopartscenter24.com\/auton-varaosat\/1-8-kompressor-271941-moottori-mb-e-klass-w211\/#primaryimage"},"image":{"@id":"https:\/\/autopartscenter24.com\/auton-varaosat\/1-8-kompressor-271941-moottori-mb-e-klass-w211\/#primaryimage"},"thumbnailUrl":"https:\/\/autopartscenter24.com\/wp-content\/uploads\/2023\/03\/1-8-kompressor-271941-moottori-mb-e-klass-w211.webp","datePublished":"2023-11-26T14:13:06+00:00","dateModified":"2023-11-26T14:13:12+00:00","description":"En av de motorer som vi ofta har tillg\u00e4ngliga. Skicka en f\u00f6rfr\u00e5gan och f\u00e5 en offert inom 24 timmar. Motorer, v\u00e4xell\u00e5dor och andra bildelar under garanti.","breadcrumb":{"@id":"https:\/\/autopartscenter24.com\/auton-varaosat\/1-8-kompressor-271941-moottori-mb-e-klass-w211\/#breadcrumb"},"inLanguage":"sv-SE","potentialAction":[{"@type":"ReadAction","target":["https:\/\/autopartscenter24.com\/auton-varaosat\/1-8-kompressor-271941-moottori-mb-e-klass-w211\/"]}]},{"@type":"ImageObject","inLanguage":"sv-SE","@id":"https:\/\/autopartscenter24.com\/auton-varaosat\/1-8-kompressor-271941-moottori-mb-e-klass-w211\/#primaryimage","url":"https:\/\/autopartscenter24.com\/wp-content\/uploads\/2023\/03\/1-8-kompressor-271941-moottori-mb-e-klass-w211.webp","contentUrl":"https:\/\/autopartscenter24.com\/wp-content\/uploads\/2023\/03\/1-8-kompressor-271941-moottori-mb-e-klass-w211.webp","width":800,"height":600},{"@type":"BreadcrumbList","@id":"https:\/\/autopartscenter24.com\/auton-varaosat\/1-8-kompressor-271941-moottori-mb-e-klass-w211\/#breadcrumb","itemListElement":[{"@type":"ListItem","position":1,"name":"Hem","item":"https:\/\/aliceblue-termite-662564.hostingersite.com\/"},{"@type":"ListItem","position":2,"name":"Auton varaosat","item":"https:\/\/aliceblue-termite-662564.hostingersite.com\/auton-varaosat\/"},{"@type":"ListItem","position":3,"name":"1.8 Kompressor &#8221;271941&#8221; Motor [MB E-Klass W211]"}]},{"@type":"WebSite","@id":"https:\/\/autopartscenter24.com\/#website","url":"https:\/\/autopartscenter24.com\/","name":"Autopartscenter24","description":"K\u00c4YTETYT JA KUNNOSTETUT  AUTON VARAOSAT","potentialAction":[{"@type":"SearchAction","target":{"@type":"EntryPoint","urlTemplate":"https:\/\/autopartscenter24.com\/?s={search_term_string}"},"query-input":{"@type":"PropertyValueSpecification","valueRequired":true,"valueName":"search_term_string"}}],"inLanguage":"sv-SE"}]}},"_links":{"self":[{"href":"https:\/\/autopartscenter24.com\/sv\/wp-json\/wp\/v2\/product\/5483","targetHints":{"allow":["GET"]}}],"collection":[{"href":"https:\/\/autopartscenter24.com\/sv\/wp-json\/wp\/v2\/product"}],"about":[{"href":"https:\/\/autopartscenter24.com\/sv\/wp-json\/wp\/v2\/types\/product"}],"wp:featuredmedia":[{"embeddable":true,"href":"https:\/\/autopartscenter24.com\/sv\/wp-json\/wp\/v2\/media\/4679"}],"wp:attachment":[{"href":"https:\/\/autopartscenter24.com\/sv\/wp-json\/wp\/v2\/media?parent=5483"}],"wp:term":[{"taxonomy":"product_brand","embeddable":true,"href":"https:\/\/autopartscenter24.com\/sv\/wp-json\/wp\/v2\/product_brand?post=5483"},{"taxonomy":"product_cat","embeddable":true,"href":"https:\/\/autopartscenter24.com\/sv\/wp-json\/wp\/v2\/product_cat?post=5483"},{"taxonomy":"product_tag","embeddable":true,"href":"https:\/\/autopartscenter24.com\/sv\/wp-json\/wp\/v2\/product_tag?post=5483"}],"curies":[{"name":"wp","href":"https:\/\/api.w.org\/{rel}","templated":true}]}}