{"id":5482,"date":"2023-03-08T16:57:44","date_gmt":"2023-11-26T13:52:16","guid":{"rendered":"https:\/\/autopartscenter24.com\/product\/1-2-8nr-fts-motori-toyota-auris-corolla\/"},"modified":"2023-11-26T14:52:16","modified_gmt":"2023-11-26T13:52:16","slug":"1-2-8nr-fts-motor-toyota-auris-ii-c-hr-corolla","status":"publish","type":"product","link":"https:\/\/autopartscenter24.com\/sv\/auton-varaosat\/1-2-8nr-fts-motor-toyota-auris-ii-c-hr-corolla\/","title":{"rendered":"1.2 &#8221;8NR-FTS&#8221; Motori [Toyota Auris, Corolla]"},"content":{"rendered":"<p><strong>Toyota Auris 1.2 (motorkod: 8nr-fts) \u00e4r en mycket kraftfull motor designad f\u00f6r mindre bilar.<\/strong> Motortillverkaren \u00e4r Toyota, som \u00e4r k\u00e4nt f\u00f6r sina h\u00f6gkvalitativa och h\u00e5llbara motorer.<\/p>\n<p>Med hj\u00e4lp av 8nr-fts-motorn i Toyota Auris 1.2-modellen \u00e4r det m\u00f6jligt att uppn\u00e5 mycket h\u00f6g effekt och vridmoment. Motorn \u00e4r fyrcylindrig, turboladdad och har en cylindervolym p\u00e5 1,2 liter. Motorn har direktt\u00e4ndning, vilket f\u00f6rb\u00e4ttrar br\u00e4nsletillf\u00f6rseln och \u00f6kar motorns effektivitet. V\u00e4xell\u00e5dan \u00e4r en 6-v\u00e4xlad manuell eller automatisk v\u00e4xell\u00e5da som erbjuder en mjuk och bekv\u00e4m k\u00f6rupplevelse.<\/p>\n<p>I designen av motorn har s\u00e4rskild uppm\u00e4rksamhet \u00e4gnats \u00e5t milj\u00f6v\u00e4nlighet. Motorn uppfyller Euro 6-emissionsnormerna och dess CO2-utsl\u00e4pp \u00e4r mycket l\u00e5ga, vilket minskar belastningen p\u00e5 milj\u00f6n och bilens driftskostnader. Motorf\u00f6rbrukningen \u00e4r mycket l\u00e5g, vilket g\u00f6r den till ett ekonomiskt alternativ f\u00f6r konsumenterna.<\/p>\n<p>Motorn i Toyota Auris 1.2-modellen \u00e4r utrustad med m\u00e5nga innovativa teknologier som \u00f6kar dess effektivitet och prestanda. Till exempel har motorn VVT-iW-systemet som g\u00f6r att porten p\u00e5 insugningsgrenr\u00f6ret kan justeras, vilket f\u00f6rb\u00e4ttrar motorns prestanda. Motorn har \u00e4ven D-4T-teknik, som m\u00f6jligg\u00f6r direkt br\u00e4nsleinsprutning i cylindern, vilket f\u00f6rb\u00e4ttrar br\u00e4nsleekonomin och minskar utsl\u00e4ppen.<\/p>\n<p>Toyota Auris 1.2 (motorkod: 8nr-fts) \u00e4r en h\u00f6gpresterande, milj\u00f6v\u00e4nlig och ekonomisk motor. Motorns h\u00f6gkvalitativa teknologier och innovationer erbjuder en utm\u00e4rkt k\u00f6rupplevelse och \u00f6kar bilens livsl\u00e4ngd. Toyota \u00e4r k\u00e4nt f\u00f6r sin kvalitet och h\u00e5llbara motorer och den h\u00e4r motorn \u00e4r ett utm\u00e4rkt exempel p\u00e5 det.<\/p>\n<p>Motorkod: 8nr-fts Tillverkare: Toyota<\/p>\n","protected":false},"excerpt":{"rendered":"<p>N\u00e5gra bilar med motorn i bruk:<\/p>\n<ul>\n<li>Toyota Auris<\/li>\n<li>Toyota C-HR<\/li>\n<li>Toyota Corolla<\/li>\n<li>Lexus UX<\/li>\n<\/ul>\n","protected":false},"featured_media":4684,"template":"","meta":[],"product_brand":[],"product_cat":[637],"product_tag":[699,703,701],"class_list":{"0":"post-5482","1":"product","2":"type-product","3":"status-publish","4":"has-post-thumbnail","6":"product_cat-toyota-sv","7":"product_tag-auris-sv","8":"product_tag-c-hr-sv","9":"product_tag-corolla-sv","10":"pa_varaosan-osasto-motor","13":"first","14":"instock","15":"shipping-taxable","16":"product-type-simple"},"yoast_head":"<!-- This site is optimized with the Yoast SEO plugin v26.8 - https:\/\/yoast.com\/product\/yoast-seo-wordpress\/ -->\n<title>1.2 &quot;8NR-FTS&quot; Motori [Toyota Auris, Corolla] - Autopartscenter24<\/title>\n<meta name=\"description\" content=\"En av de motorer som vi ofta har tillg\u00e4ngliga. Skicka en f\u00f6rfr\u00e5gan och f\u00e5 en offert inom 24 timmar. Motorer, v\u00e4xell\u00e5dor och andra bildelar under garanti.\" \/>\n<meta name=\"robots\" content=\"index, follow, max-snippet:-1, max-image-preview:large, max-video-preview:-1\" \/>\n<link rel=\"canonical\" href=\"https:\/\/autopartscenter24.com\/sv\/auton-varaosat\/1-2-8nr-fts-moottori-toyota-auris-ii-c-hr-corolla\/\" \/>\n<meta property=\"og:locale\" content=\"sv_SE\" \/>\n<meta property=\"og:type\" content=\"article\" \/>\n<meta property=\"og:title\" content=\"1.2 &quot;8NR-FTS&quot; Motori [Toyota Auris, Corolla] - Autopartscenter24\" \/>\n<meta property=\"og:description\" content=\"En av de motorer som vi ofta har tillg\u00e4ngliga. Skicka en f\u00f6rfr\u00e5gan och f\u00e5 en offert inom 24 timmar. Motorer, v\u00e4xell\u00e5dor och andra bildelar under garanti.\" \/>\n<meta property=\"og:url\" content=\"https:\/\/autopartscenter24.com\/sv\/auton-varaosat\/1-2-8nr-fts-moottori-toyota-auris-ii-c-hr-corolla\/\" \/>\n<meta property=\"og:site_name\" content=\"Autopartscenter24\" \/>\n<meta property=\"og:image\" content=\"https:\/\/autopartscenter24.com\/wp-content\/uploads\/2023\/03\/1-2-8nr-fts-moottori-toyota-auris-ii-c-hr-corolla.webp\" \/>\n\t<meta property=\"og:image:width\" content=\"800\" \/>\n\t<meta property=\"og:image:height\" content=\"600\" \/>\n\t<meta property=\"og:image:type\" content=\"image\/webp\" \/>\n<meta name=\"twitter:card\" content=\"summary_large_image\" \/>\n<meta name=\"twitter:label1\" content=\"Ber\u00e4knad l\u00e4stid\" \/>\n\t<meta name=\"twitter:data1\" content=\"1 minut\" \/>\n<script type=\"application\/ld+json\" class=\"yoast-schema-graph\">{\"@context\":\"https:\/\/schema.org\",\"@graph\":[{\"@type\":\"WebPage\",\"@id\":\"https:\/\/autopartscenter24.com\/auton-varaosat\/1-2-8nr-fts-moottori-toyota-auris-ii-c-hr-corolla\/\",\"url\":\"https:\/\/autopartscenter24.com\/auton-varaosat\/1-2-8nr-fts-moottori-toyota-auris-ii-c-hr-corolla\/\",\"name\":\"1.2 \\\"8NR-FTS\\\" Motori [Toyota Auris, Corolla] - Autopartscenter24\",\"isPartOf\":{\"@id\":\"https:\/\/autopartscenter24.com\/#website\"},\"primaryImageOfPage\":{\"@id\":\"https:\/\/autopartscenter24.com\/auton-varaosat\/1-2-8nr-fts-moottori-toyota-auris-ii-c-hr-corolla\/#primaryimage\"},\"image\":{\"@id\":\"https:\/\/autopartscenter24.com\/auton-varaosat\/1-2-8nr-fts-moottori-toyota-auris-ii-c-hr-corolla\/#primaryimage\"},\"thumbnailUrl\":\"https:\/\/autopartscenter24.com\/wp-content\/uploads\/2023\/03\/1-2-8nr-fts-moottori-toyota-auris-ii-c-hr-corolla.webp\",\"datePublished\":\"2023-11-26T13:52:16+00:00\",\"description\":\"En av de motorer som vi ofta har tillg\u00e4ngliga. Skicka en f\u00f6rfr\u00e5gan och f\u00e5 en offert inom 24 timmar. Motorer, v\u00e4xell\u00e5dor och andra bildelar under garanti.\",\"breadcrumb\":{\"@id\":\"https:\/\/autopartscenter24.com\/auton-varaosat\/1-2-8nr-fts-moottori-toyota-auris-ii-c-hr-corolla\/#breadcrumb\"},\"inLanguage\":\"sv-SE\",\"potentialAction\":[{\"@type\":\"ReadAction\",\"target\":[\"https:\/\/autopartscenter24.com\/auton-varaosat\/1-2-8nr-fts-moottori-toyota-auris-ii-c-hr-corolla\/\"]}]},{\"@type\":\"ImageObject\",\"inLanguage\":\"sv-SE\",\"@id\":\"https:\/\/autopartscenter24.com\/auton-varaosat\/1-2-8nr-fts-moottori-toyota-auris-ii-c-hr-corolla\/#primaryimage\",\"url\":\"https:\/\/autopartscenter24.com\/wp-content\/uploads\/2023\/03\/1-2-8nr-fts-moottori-toyota-auris-ii-c-hr-corolla.webp\",\"contentUrl\":\"https:\/\/autopartscenter24.com\/wp-content\/uploads\/2023\/03\/1-2-8nr-fts-moottori-toyota-auris-ii-c-hr-corolla.webp\",\"width\":800,\"height\":600},{\"@type\":\"BreadcrumbList\",\"@id\":\"https:\/\/autopartscenter24.com\/auton-varaosat\/1-2-8nr-fts-moottori-toyota-auris-ii-c-hr-corolla\/#breadcrumb\",\"itemListElement\":[{\"@type\":\"ListItem\",\"position\":1,\"name\":\"Hem\",\"item\":\"https:\/\/aliceblue-termite-662564.hostingersite.com\/\"},{\"@type\":\"ListItem\",\"position\":2,\"name\":\"Auton varaosat\",\"item\":\"https:\/\/aliceblue-termite-662564.hostingersite.com\/auton-varaosat\/\"},{\"@type\":\"ListItem\",\"position\":3,\"name\":\"1.2 &#8221;8NR-FTS&#8221; Motori [Toyota Auris, Corolla]\"}]},{\"@type\":\"WebSite\",\"@id\":\"https:\/\/autopartscenter24.com\/#website\",\"url\":\"https:\/\/autopartscenter24.com\/\",\"name\":\"Autopartscenter24\",\"description\":\"K\u00c4YTETYT JA KUNNOSTETUT  AUTON VARAOSAT\",\"potentialAction\":[{\"@type\":\"SearchAction\",\"target\":{\"@type\":\"EntryPoint\",\"urlTemplate\":\"https:\/\/autopartscenter24.com\/?s={search_term_string}\"},\"query-input\":{\"@type\":\"PropertyValueSpecification\",\"valueRequired\":true,\"valueName\":\"search_term_string\"}}],\"inLanguage\":\"sv-SE\"}]}<\/script>\n<!-- \/ Yoast SEO plugin. -->","yoast_head_json":{"title":"1.2 \"8NR-FTS\" Motori [Toyota Auris, Corolla] - Autopartscenter24","description":"En av de motorer som vi ofta har tillg\u00e4ngliga. Skicka en f\u00f6rfr\u00e5gan och f\u00e5 en offert inom 24 timmar. Motorer, v\u00e4xell\u00e5dor och andra bildelar under garanti.","robots":{"index":"index","follow":"follow","max-snippet":"max-snippet:-1","max-image-preview":"max-image-preview:large","max-video-preview":"max-video-preview:-1"},"canonical":"https:\/\/autopartscenter24.com\/sv\/auton-varaosat\/1-2-8nr-fts-moottori-toyota-auris-ii-c-hr-corolla\/","og_locale":"sv_SE","og_type":"article","og_title":"1.2 \"8NR-FTS\" Motori [Toyota Auris, Corolla] - Autopartscenter24","og_description":"En av de motorer som vi ofta har tillg\u00e4ngliga. Skicka en f\u00f6rfr\u00e5gan och f\u00e5 en offert inom 24 timmar. Motorer, v\u00e4xell\u00e5dor och andra bildelar under garanti.","og_url":"https:\/\/autopartscenter24.com\/sv\/auton-varaosat\/1-2-8nr-fts-moottori-toyota-auris-ii-c-hr-corolla\/","og_site_name":"Autopartscenter24","og_image":[{"width":800,"height":600,"url":"https:\/\/autopartscenter24.com\/wp-content\/uploads\/2023\/03\/1-2-8nr-fts-moottori-toyota-auris-ii-c-hr-corolla.webp","type":"image\/webp"}],"twitter_card":"summary_large_image","twitter_misc":{"Ber\u00e4knad l\u00e4stid":"1 minut"},"schema":{"@context":"https:\/\/schema.org","@graph":[{"@type":"WebPage","@id":"https:\/\/autopartscenter24.com\/auton-varaosat\/1-2-8nr-fts-moottori-toyota-auris-ii-c-hr-corolla\/","url":"https:\/\/autopartscenter24.com\/auton-varaosat\/1-2-8nr-fts-moottori-toyota-auris-ii-c-hr-corolla\/","name":"1.2 \"8NR-FTS\" Motori [Toyota Auris, Corolla] - Autopartscenter24","isPartOf":{"@id":"https:\/\/autopartscenter24.com\/#website"},"primaryImageOfPage":{"@id":"https:\/\/autopartscenter24.com\/auton-varaosat\/1-2-8nr-fts-moottori-toyota-auris-ii-c-hr-corolla\/#primaryimage"},"image":{"@id":"https:\/\/autopartscenter24.com\/auton-varaosat\/1-2-8nr-fts-moottori-toyota-auris-ii-c-hr-corolla\/#primaryimage"},"thumbnailUrl":"https:\/\/autopartscenter24.com\/wp-content\/uploads\/2023\/03\/1-2-8nr-fts-moottori-toyota-auris-ii-c-hr-corolla.webp","datePublished":"2023-11-26T13:52:16+00:00","description":"En av de motorer som vi ofta har tillg\u00e4ngliga. Skicka en f\u00f6rfr\u00e5gan och f\u00e5 en offert inom 24 timmar. Motorer, v\u00e4xell\u00e5dor och andra bildelar under garanti.","breadcrumb":{"@id":"https:\/\/autopartscenter24.com\/auton-varaosat\/1-2-8nr-fts-moottori-toyota-auris-ii-c-hr-corolla\/#breadcrumb"},"inLanguage":"sv-SE","potentialAction":[{"@type":"ReadAction","target":["https:\/\/autopartscenter24.com\/auton-varaosat\/1-2-8nr-fts-moottori-toyota-auris-ii-c-hr-corolla\/"]}]},{"@type":"ImageObject","inLanguage":"sv-SE","@id":"https:\/\/autopartscenter24.com\/auton-varaosat\/1-2-8nr-fts-moottori-toyota-auris-ii-c-hr-corolla\/#primaryimage","url":"https:\/\/autopartscenter24.com\/wp-content\/uploads\/2023\/03\/1-2-8nr-fts-moottori-toyota-auris-ii-c-hr-corolla.webp","contentUrl":"https:\/\/autopartscenter24.com\/wp-content\/uploads\/2023\/03\/1-2-8nr-fts-moottori-toyota-auris-ii-c-hr-corolla.webp","width":800,"height":600},{"@type":"BreadcrumbList","@id":"https:\/\/autopartscenter24.com\/auton-varaosat\/1-2-8nr-fts-moottori-toyota-auris-ii-c-hr-corolla\/#breadcrumb","itemListElement":[{"@type":"ListItem","position":1,"name":"Hem","item":"https:\/\/aliceblue-termite-662564.hostingersite.com\/"},{"@type":"ListItem","position":2,"name":"Auton varaosat","item":"https:\/\/aliceblue-termite-662564.hostingersite.com\/auton-varaosat\/"},{"@type":"ListItem","position":3,"name":"1.2 &#8221;8NR-FTS&#8221; Motori [Toyota Auris, Corolla]"}]},{"@type":"WebSite","@id":"https:\/\/autopartscenter24.com\/#website","url":"https:\/\/autopartscenter24.com\/","name":"Autopartscenter24","description":"K\u00c4YTETYT JA KUNNOSTETUT  AUTON VARAOSAT","potentialAction":[{"@type":"SearchAction","target":{"@type":"EntryPoint","urlTemplate":"https:\/\/autopartscenter24.com\/?s={search_term_string}"},"query-input":{"@type":"PropertyValueSpecification","valueRequired":true,"valueName":"search_term_string"}}],"inLanguage":"sv-SE"}]}},"_links":{"self":[{"href":"https:\/\/autopartscenter24.com\/sv\/wp-json\/wp\/v2\/product\/5482","targetHints":{"allow":["GET"]}}],"collection":[{"href":"https:\/\/autopartscenter24.com\/sv\/wp-json\/wp\/v2\/product"}],"about":[{"href":"https:\/\/autopartscenter24.com\/sv\/wp-json\/wp\/v2\/types\/product"}],"wp:featuredmedia":[{"embeddable":true,"href":"https:\/\/autopartscenter24.com\/sv\/wp-json\/wp\/v2\/media\/4684"}],"wp:attachment":[{"href":"https:\/\/autopartscenter24.com\/sv\/wp-json\/wp\/v2\/media?parent=5482"}],"wp:term":[{"taxonomy":"product_brand","embeddable":true,"href":"https:\/\/autopartscenter24.com\/sv\/wp-json\/wp\/v2\/product_brand?post=5482"},{"taxonomy":"product_cat","embeddable":true,"href":"https:\/\/autopartscenter24.com\/sv\/wp-json\/wp\/v2\/product_cat?post=5482"},{"taxonomy":"product_tag","embeddable":true,"href":"https:\/\/autopartscenter24.com\/sv\/wp-json\/wp\/v2\/product_tag?post=5482"}],"curies":[{"name":"wp","href":"https:\/\/api.w.org\/{rel}","templated":true}]}}