{"id":5481,"date":"2023-03-08T17:11:21","date_gmt":"2023-11-26T13:46:42","guid":{"rendered":"https:\/\/autopartscenter24.com\/product\/1-0-tsi-chz-chzc-motor-esim-polo-golf-fabia-rapid\/"},"modified":"2023-11-26T14:46:43","modified_gmt":"2023-11-26T13:46:43","slug":"1-0-tsi-chz-chzc-motor-vw-golf-vii-polo-v-rapid","status":"publish","type":"product","link":"https:\/\/autopartscenter24.com\/sv\/auton-varaosat\/1-0-tsi-chz-chzc-motor-vw-golf-vii-polo-v-rapid\/","title":{"rendered":"1.0 TSI &#8221;CHZ \/ CHZC&#8221; Motor [esim. Polo, Golf, Fabia, Rapid]"},"content":{"rendered":"<p><strong>1.0 TSI \u00e4r en trecylindrig turbomotor utvecklad av Volkswagen Group, som kom in p\u00e5 marknaden 2015.<\/strong> Motorn \u00e4r designad f\u00f6r att ers\u00e4tta \u00e4ldre fyrcylindriga motorer i mindre bilar, vilket ger b\u00e4ttre prestanda och l\u00e4gre f\u00f6rbrukning. Motorn har kodnamnet <strong>CHZC<\/strong> och anv\u00e4nds i flera modeller fr\u00e5n Volkswagen, SEAT och \u0160koda.<\/p>\n<p>Den st\u00f6rsta f\u00f6rdelen med motorn \u00e4r dess kompakta storlek och l\u00e4tthet. Med en volym p\u00e5 endast 1,0 liter \u00e4r den en av de minsta motorerna p\u00e5 marknaden, men den erbjuder \u00e4nd\u00e5 tillr\u00e4ckligt med kraft f\u00f6r stadsk\u00f6rning. Motorn har direktinsprutning och en turboladdare, tack vare vilken den producerar upp till 115 h\u00e4stkrafter och 200 newtonmeters vridmoment. Motorns verkningsgrad \u00e4r i toppklass, d\u00e5 den endast f\u00f6rbrukar cirka 4-5 liter br\u00e4nsle per hundra kilometer, vilket \u00e4r en mycket bra siffra f\u00f6r en motor av dess storlek.<\/p>\n<p>CHZC-motorns prestanda \u00e4r utm\u00e4rkt vid stadsk\u00f6rning, men den presterar \u00e4ven felfritt p\u00e5 motorv\u00e4g. Motorns g\u00e5ngljud \u00e4r ganska tyst och det finns lite vibrationer, vilket g\u00f6r k\u00f6rningen behagligare. Motorn beh\u00f6ver lite underh\u00e5ll, eftersom dess underh\u00e5llsintervall \u00e4r l\u00e5ngt och dess reservdelar \u00e4r rimligt prissatta.<\/p>\n<p>Dessa bilar \u00e4r popul\u00e4ra stadsbilar och \u00e4r mycket ekonomiska att k\u00f6ra tack vare 1.0 TSI-motorn. Motorn har visat sig vara p\u00e5litlig och h\u00e5llbar och har varit en stor framg\u00e5ng i Volkswagen Groups bilar.<\/p>\n","protected":false},"excerpt":{"rendered":"<p>H\u00e4r \u00e4r n\u00e5gra bilmodeller med 1.0 TSI (CHZC) motor:<\/p>\n<ul>\n<li>Volkswagen Polo<\/li>\n<li>Volkswagen Golf<\/li>\n<li>SEAT Ibiza<\/li>\n<li>SEAT Leon<\/li>\n<li>\u0160koda Fabia<\/li>\n<li>\u0160koda Octavia<\/li>\n<li>\u0160koda Rapid<\/li>\n<\/ul>\n","protected":false},"featured_media":4689,"template":"","meta":[],"product_brand":[],"product_cat":[471,470,469],"product_tag":[473,702,656,474,666,667],"class_list":{"0":"post-5481","1":"product","2":"type-product","3":"status-publish","4":"has-post-thumbnail","6":"product_cat-seat-sv","7":"product_cat-skoda-sv","8":"product_cat-vw-sv","9":"product_tag-golf-sv","10":"product_tag-ibiza-sv","11":"product_tag-leon-sv","12":"product_tag-octavia-sv","13":"product_tag-polo-sv","14":"product_tag-rapid-sv","15":"pa_varaosan-osasto-motor","18":"first","19":"instock","20":"shipping-taxable","21":"product-type-simple"},"yoast_head":"<!-- This site is optimized with the Yoast SEO plugin v26.8 - https:\/\/yoast.com\/product\/yoast-seo-wordpress\/ -->\n<title>1.0 TSI &quot;CHZ \/ CHZC&quot; Motor [esim. Polo, Golf, Fabia, Rapid]<\/title>\n<meta name=\"description\" content=\"En av de motorer som vi ofta har tillg\u00e4ngliga. Skicka en f\u00f6rfr\u00e5gan och f\u00e5 en offert inom 24 timmar. Motorer, v\u00e4xell\u00e5dor och andra bildelar under garanti.\" \/>\n<meta name=\"robots\" content=\"index, follow, max-snippet:-1, max-image-preview:large, max-video-preview:-1\" \/>\n<link rel=\"canonical\" href=\"https:\/\/autopartscenter24.com\/sv\/auton-varaosat\/1-0-tsi-chz-chzc-moottori-vw-golf-vii-polo-v-rapid\/\" \/>\n<meta property=\"og:locale\" content=\"sv_SE\" \/>\n<meta property=\"og:type\" content=\"article\" \/>\n<meta property=\"og:title\" content=\"1.0 TSI &quot;CHZ \/ CHZC&quot; Motor [esim. Polo, Golf, Fabia, Rapid]\" \/>\n<meta property=\"og:description\" content=\"En av de motorer som vi ofta har tillg\u00e4ngliga. Skicka en f\u00f6rfr\u00e5gan och f\u00e5 en offert inom 24 timmar. Motorer, v\u00e4xell\u00e5dor och andra bildelar under garanti.\" \/>\n<meta property=\"og:url\" content=\"https:\/\/autopartscenter24.com\/sv\/auton-varaosat\/1-0-tsi-chz-chzc-moottori-vw-golf-vii-polo-v-rapid\/\" \/>\n<meta property=\"og:site_name\" content=\"Autopartscenter24\" \/>\n<meta property=\"article:modified_time\" content=\"2023-11-26T13:46:43+00:00\" \/>\n<meta property=\"og:image\" content=\"https:\/\/autopartscenter24.com\/wp-content\/uploads\/2023\/03\/1-0-tsi-CHZC-moottori-vw-golf-vii-polo-v-rapid.webp\" \/>\n\t<meta property=\"og:image:width\" content=\"800\" \/>\n\t<meta property=\"og:image:height\" content=\"600\" \/>\n\t<meta property=\"og:image:type\" content=\"image\/webp\" \/>\n<meta name=\"twitter:card\" content=\"summary_large_image\" \/>\n<meta name=\"twitter:label1\" content=\"Ber\u00e4knad l\u00e4stid\" \/>\n\t<meta name=\"twitter:data1\" content=\"1 minut\" \/>\n<script type=\"application\/ld+json\" class=\"yoast-schema-graph\">{\"@context\":\"https:\/\/schema.org\",\"@graph\":[{\"@type\":\"WebPage\",\"@id\":\"https:\/\/autopartscenter24.com\/auton-varaosat\/1-0-tsi-chz-chzc-moottori-vw-golf-vii-polo-v-rapid\/\",\"url\":\"https:\/\/autopartscenter24.com\/auton-varaosat\/1-0-tsi-chz-chzc-moottori-vw-golf-vii-polo-v-rapid\/\",\"name\":\"1.0 TSI \\\"CHZ \/ CHZC\\\" Motor [esim. Polo, Golf, Fabia, Rapid]\",\"isPartOf\":{\"@id\":\"https:\/\/autopartscenter24.com\/#website\"},\"primaryImageOfPage\":{\"@id\":\"https:\/\/autopartscenter24.com\/auton-varaosat\/1-0-tsi-chz-chzc-moottori-vw-golf-vii-polo-v-rapid\/#primaryimage\"},\"image\":{\"@id\":\"https:\/\/autopartscenter24.com\/auton-varaosat\/1-0-tsi-chz-chzc-moottori-vw-golf-vii-polo-v-rapid\/#primaryimage\"},\"thumbnailUrl\":\"https:\/\/autopartscenter24.com\/wp-content\/uploads\/2023\/03\/1-0-tsi-CHZC-moottori-vw-golf-vii-polo-v-rapid.webp\",\"datePublished\":\"2023-11-26T13:46:42+00:00\",\"dateModified\":\"2023-11-26T13:46:43+00:00\",\"description\":\"En av de motorer som vi ofta har tillg\u00e4ngliga. Skicka en f\u00f6rfr\u00e5gan och f\u00e5 en offert inom 24 timmar. Motorer, v\u00e4xell\u00e5dor och andra bildelar under garanti.\",\"breadcrumb\":{\"@id\":\"https:\/\/autopartscenter24.com\/auton-varaosat\/1-0-tsi-chz-chzc-moottori-vw-golf-vii-polo-v-rapid\/#breadcrumb\"},\"inLanguage\":\"sv-SE\",\"potentialAction\":[{\"@type\":\"ReadAction\",\"target\":[\"https:\/\/autopartscenter24.com\/auton-varaosat\/1-0-tsi-chz-chzc-moottori-vw-golf-vii-polo-v-rapid\/\"]}]},{\"@type\":\"ImageObject\",\"inLanguage\":\"sv-SE\",\"@id\":\"https:\/\/autopartscenter24.com\/auton-varaosat\/1-0-tsi-chz-chzc-moottori-vw-golf-vii-polo-v-rapid\/#primaryimage\",\"url\":\"https:\/\/autopartscenter24.com\/wp-content\/uploads\/2023\/03\/1-0-tsi-CHZC-moottori-vw-golf-vii-polo-v-rapid.webp\",\"contentUrl\":\"https:\/\/autopartscenter24.com\/wp-content\/uploads\/2023\/03\/1-0-tsi-CHZC-moottori-vw-golf-vii-polo-v-rapid.webp\",\"width\":800,\"height\":600},{\"@type\":\"BreadcrumbList\",\"@id\":\"https:\/\/autopartscenter24.com\/auton-varaosat\/1-0-tsi-chz-chzc-moottori-vw-golf-vii-polo-v-rapid\/#breadcrumb\",\"itemListElement\":[{\"@type\":\"ListItem\",\"position\":1,\"name\":\"Hem\",\"item\":\"https:\/\/aliceblue-termite-662564.hostingersite.com\/\"},{\"@type\":\"ListItem\",\"position\":2,\"name\":\"Auton varaosat\",\"item\":\"https:\/\/aliceblue-termite-662564.hostingersite.com\/auton-varaosat\/\"},{\"@type\":\"ListItem\",\"position\":3,\"name\":\"1.0 TSI &#8221;CHZ \/ CHZC&#8221; Motor [esim. Polo, Golf, Fabia, Rapid]\"}]},{\"@type\":\"WebSite\",\"@id\":\"https:\/\/autopartscenter24.com\/#website\",\"url\":\"https:\/\/autopartscenter24.com\/\",\"name\":\"Autopartscenter24\",\"description\":\"K\u00c4YTETYT JA KUNNOSTETUT  AUTON VARAOSAT\",\"potentialAction\":[{\"@type\":\"SearchAction\",\"target\":{\"@type\":\"EntryPoint\",\"urlTemplate\":\"https:\/\/autopartscenter24.com\/?s={search_term_string}\"},\"query-input\":{\"@type\":\"PropertyValueSpecification\",\"valueRequired\":true,\"valueName\":\"search_term_string\"}}],\"inLanguage\":\"sv-SE\"}]}<\/script>\n<!-- \/ Yoast SEO plugin. -->","yoast_head_json":{"title":"1.0 TSI \"CHZ \/ CHZC\" Motor [esim. Polo, Golf, Fabia, Rapid]","description":"En av de motorer som vi ofta har tillg\u00e4ngliga. Skicka en f\u00f6rfr\u00e5gan och f\u00e5 en offert inom 24 timmar. Motorer, v\u00e4xell\u00e5dor och andra bildelar under garanti.","robots":{"index":"index","follow":"follow","max-snippet":"max-snippet:-1","max-image-preview":"max-image-preview:large","max-video-preview":"max-video-preview:-1"},"canonical":"https:\/\/autopartscenter24.com\/sv\/auton-varaosat\/1-0-tsi-chz-chzc-moottori-vw-golf-vii-polo-v-rapid\/","og_locale":"sv_SE","og_type":"article","og_title":"1.0 TSI \"CHZ \/ CHZC\" Motor [esim. Polo, Golf, Fabia, Rapid]","og_description":"En av de motorer som vi ofta har tillg\u00e4ngliga. Skicka en f\u00f6rfr\u00e5gan och f\u00e5 en offert inom 24 timmar. Motorer, v\u00e4xell\u00e5dor och andra bildelar under garanti.","og_url":"https:\/\/autopartscenter24.com\/sv\/auton-varaosat\/1-0-tsi-chz-chzc-moottori-vw-golf-vii-polo-v-rapid\/","og_site_name":"Autopartscenter24","article_modified_time":"2023-11-26T13:46:43+00:00","og_image":[{"width":800,"height":600,"url":"https:\/\/autopartscenter24.com\/wp-content\/uploads\/2023\/03\/1-0-tsi-CHZC-moottori-vw-golf-vii-polo-v-rapid.webp","type":"image\/webp"}],"twitter_card":"summary_large_image","twitter_misc":{"Ber\u00e4knad l\u00e4stid":"1 minut"},"schema":{"@context":"https:\/\/schema.org","@graph":[{"@type":"WebPage","@id":"https:\/\/autopartscenter24.com\/auton-varaosat\/1-0-tsi-chz-chzc-moottori-vw-golf-vii-polo-v-rapid\/","url":"https:\/\/autopartscenter24.com\/auton-varaosat\/1-0-tsi-chz-chzc-moottori-vw-golf-vii-polo-v-rapid\/","name":"1.0 TSI \"CHZ \/ CHZC\" Motor [esim. Polo, Golf, Fabia, Rapid]","isPartOf":{"@id":"https:\/\/autopartscenter24.com\/#website"},"primaryImageOfPage":{"@id":"https:\/\/autopartscenter24.com\/auton-varaosat\/1-0-tsi-chz-chzc-moottori-vw-golf-vii-polo-v-rapid\/#primaryimage"},"image":{"@id":"https:\/\/autopartscenter24.com\/auton-varaosat\/1-0-tsi-chz-chzc-moottori-vw-golf-vii-polo-v-rapid\/#primaryimage"},"thumbnailUrl":"https:\/\/autopartscenter24.com\/wp-content\/uploads\/2023\/03\/1-0-tsi-CHZC-moottori-vw-golf-vii-polo-v-rapid.webp","datePublished":"2023-11-26T13:46:42+00:00","dateModified":"2023-11-26T13:46:43+00:00","description":"En av de motorer som vi ofta har tillg\u00e4ngliga. Skicka en f\u00f6rfr\u00e5gan och f\u00e5 en offert inom 24 timmar. Motorer, v\u00e4xell\u00e5dor och andra bildelar under garanti.","breadcrumb":{"@id":"https:\/\/autopartscenter24.com\/auton-varaosat\/1-0-tsi-chz-chzc-moottori-vw-golf-vii-polo-v-rapid\/#breadcrumb"},"inLanguage":"sv-SE","potentialAction":[{"@type":"ReadAction","target":["https:\/\/autopartscenter24.com\/auton-varaosat\/1-0-tsi-chz-chzc-moottori-vw-golf-vii-polo-v-rapid\/"]}]},{"@type":"ImageObject","inLanguage":"sv-SE","@id":"https:\/\/autopartscenter24.com\/auton-varaosat\/1-0-tsi-chz-chzc-moottori-vw-golf-vii-polo-v-rapid\/#primaryimage","url":"https:\/\/autopartscenter24.com\/wp-content\/uploads\/2023\/03\/1-0-tsi-CHZC-moottori-vw-golf-vii-polo-v-rapid.webp","contentUrl":"https:\/\/autopartscenter24.com\/wp-content\/uploads\/2023\/03\/1-0-tsi-CHZC-moottori-vw-golf-vii-polo-v-rapid.webp","width":800,"height":600},{"@type":"BreadcrumbList","@id":"https:\/\/autopartscenter24.com\/auton-varaosat\/1-0-tsi-chz-chzc-moottori-vw-golf-vii-polo-v-rapid\/#breadcrumb","itemListElement":[{"@type":"ListItem","position":1,"name":"Hem","item":"https:\/\/aliceblue-termite-662564.hostingersite.com\/"},{"@type":"ListItem","position":2,"name":"Auton varaosat","item":"https:\/\/aliceblue-termite-662564.hostingersite.com\/auton-varaosat\/"},{"@type":"ListItem","position":3,"name":"1.0 TSI &#8221;CHZ \/ CHZC&#8221; Motor [esim. Polo, Golf, Fabia, Rapid]"}]},{"@type":"WebSite","@id":"https:\/\/autopartscenter24.com\/#website","url":"https:\/\/autopartscenter24.com\/","name":"Autopartscenter24","description":"K\u00c4YTETYT JA KUNNOSTETUT  AUTON VARAOSAT","potentialAction":[{"@type":"SearchAction","target":{"@type":"EntryPoint","urlTemplate":"https:\/\/autopartscenter24.com\/?s={search_term_string}"},"query-input":{"@type":"PropertyValueSpecification","valueRequired":true,"valueName":"search_term_string"}}],"inLanguage":"sv-SE"}]}},"_links":{"self":[{"href":"https:\/\/autopartscenter24.com\/sv\/wp-json\/wp\/v2\/product\/5481","targetHints":{"allow":["GET"]}}],"collection":[{"href":"https:\/\/autopartscenter24.com\/sv\/wp-json\/wp\/v2\/product"}],"about":[{"href":"https:\/\/autopartscenter24.com\/sv\/wp-json\/wp\/v2\/types\/product"}],"wp:featuredmedia":[{"embeddable":true,"href":"https:\/\/autopartscenter24.com\/sv\/wp-json\/wp\/v2\/media\/4689"}],"wp:attachment":[{"href":"https:\/\/autopartscenter24.com\/sv\/wp-json\/wp\/v2\/media?parent=5481"}],"wp:term":[{"taxonomy":"product_brand","embeddable":true,"href":"https:\/\/autopartscenter24.com\/sv\/wp-json\/wp\/v2\/product_brand?post=5481"},{"taxonomy":"product_cat","embeddable":true,"href":"https:\/\/autopartscenter24.com\/sv\/wp-json\/wp\/v2\/product_cat?post=5481"},{"taxonomy":"product_tag","embeddable":true,"href":"https:\/\/autopartscenter24.com\/sv\/wp-json\/wp\/v2\/product_tag?post=5481"}],"curies":[{"name":"wp","href":"https:\/\/api.w.org\/{rel}","templated":true}]}}