{"id":5480,"date":"2023-03-08T17:22:33","date_gmt":"2023-11-26T13:44:45","guid":{"rendered":"https:\/\/autopartscenter24.com\/product\/1-2-tsi-cyv-motor-golf-vii-touran-octavia-yeti\/"},"modified":"2023-11-26T14:44:46","modified_gmt":"2023-11-26T13:44:46","slug":"1-2-tsi-cyv-motor-vw-golf-vii-touran","status":"publish","type":"product","link":"https:\/\/autopartscenter24.com\/sv\/auton-varaosat\/1-2-tsi-cyv-motor-vw-golf-vii-touran\/","title":{"rendered":"1.2 TSI &#8221;CYV&#8221; Motor [GOLF VII, TOURAN, Octavia, Yeti]"},"content":{"rendered":"<p>Valet av motor \u00e4r ett av de viktigaste besluten i bilk\u00f6psprocessen. Volkswagen Group \u00e4r k\u00e4nt f\u00f6r sina effektiva, ekonomiska och milj\u00f6v\u00e4nliga motorer. En s\u00e5dan motor \u00e4r <strong>1,2 TSI-motorn (motorkod CYV)<\/strong>, som anv\u00e4nds i flera Volkswagen Group-bilar.<\/p>\n<p>1.2 TSI-motorn \u00e4r en 4-cylindrig, turboladdad och direktinsprutad bensinmotor. Dess maximala effekt \u00e4r 105 hk (77 kW) och det maximala vridmomentet \u00e4r 175 Nm. Motorns maximala varvtal \u00e4r 6000 rpm och den n\u00e5r en hastighet p\u00e5 0-100 km\/h p\u00e5 mindre \u00e4n 10 sekunder. Motorns br\u00e4nslef\u00f6rbrukning \u00e4r mycket effektiv, i genomsnitt 5-6 liter \/ 100 km.<\/p>\n<p>Motorns direktinsprutningssystem g\u00f6r att bensin kan sprutas in i cylindern vid h\u00f6gt tryck, vilket f\u00f6rb\u00e4ttrar br\u00e4nsleekonomin och minskar utsl\u00e4ppen. Turboladdaren ger motorn mer kraft och vridmoment vid l\u00e5ga varv. Motorns l\u00e5ga vikt f\u00f6rb\u00e4ttrar fordonets totalvikt och d\u00e4rmed k\u00f6rbarheten.<\/p>\n<p>I dessa bilar \u00e4r 1,2 TSI-motorn vanligtvis kombinerad med en manuell eller DSG-automatl\u00e5da. Introduktionen av motorn har f\u00f6rb\u00e4ttrat br\u00e4nsleekonomin i dessa bilar och minskat utsl\u00e4ppen, vilket \u00e4r viktigt f\u00f6r dagens milj\u00f6medvetna bilister.<\/p>\n","protected":false},"excerpt":{"rendered":"<p>Volkswagen-koncernens 1,2 TSI-motor (motorkod CYV) har anv\u00e4nts i flera bilar som \u00e4r s\u00e4rskilt popul\u00e4ra p\u00e5 den europeiska marknaden. H\u00e4r \u00e4r n\u00e5gra bilar med motor:<\/p>\n<ul>\n<li>Volkswagen Golf (VI)<\/li>\n<li>Volkswagen Polo<\/li>\n<li>Volkswagen Beetle<\/li>\n<li>Volkswagen Touran<\/li>\n<li>Audi A1<\/li>\n<li>Seat Ibiza<\/li>\n<li>Skoda Fabia<\/li>\n<li>Skoda Rapid<\/li>\n<\/ul>\n","protected":false},"featured_media":4694,"template":"","meta":[],"product_brand":[],"product_cat":[468,470,469],"product_tag":[472,473,474,476,479],"class_list":{"0":"post-5480","1":"product","2":"type-product","3":"status-publish","4":"has-post-thumbnail","6":"product_cat-audi-sv","7":"product_cat-skoda-sv","8":"product_cat-vw-sv","9":"product_tag-a3-sv","10":"product_tag-golf-sv","11":"product_tag-octavia-sv","12":"product_tag-touran-sv","13":"product_tag-yeti-sv","14":"pa_varaosan-osasto-motor","17":"first","18":"instock","19":"shipping-taxable","20":"product-type-simple"},"yoast_head":"<!-- This site is optimized with the Yoast SEO plugin v26.8 - https:\/\/yoast.com\/product\/yoast-seo-wordpress\/ -->\n<title>1.2 TSI &quot;CYV&quot; Motor [GOLF VII, TOURAN, Octavia, Yeti]<\/title>\n<meta name=\"description\" content=\"En av de motorer som vi ofta har tillg\u00e4ngliga. Skicka en f\u00f6rfr\u00e5gan och f\u00e5 en offert inom 24 timmar. Motorer, v\u00e4xell\u00e5dor och andra bildelar under garanti.\" \/>\n<meta name=\"robots\" content=\"index, follow, max-snippet:-1, max-image-preview:large, max-video-preview:-1\" \/>\n<link rel=\"canonical\" href=\"https:\/\/autopartscenter24.com\/sv\/auton-varaosat\/1-2-tsi-cyv-moottori-vw-golf-vii-touran\/\" \/>\n<meta property=\"og:locale\" content=\"sv_SE\" \/>\n<meta property=\"og:type\" content=\"article\" \/>\n<meta property=\"og:title\" content=\"1.2 TSI &quot;CYV&quot; Motor [GOLF VII, TOURAN, Octavia, Yeti]\" \/>\n<meta property=\"og:description\" content=\"En av de motorer som vi ofta har tillg\u00e4ngliga. Skicka en f\u00f6rfr\u00e5gan och f\u00e5 en offert inom 24 timmar. Motorer, v\u00e4xell\u00e5dor och andra bildelar under garanti.\" \/>\n<meta property=\"og:url\" content=\"https:\/\/autopartscenter24.com\/sv\/auton-varaosat\/1-2-tsi-cyv-moottori-vw-golf-vii-touran\/\" \/>\n<meta property=\"og:site_name\" content=\"Autopartscenter24\" \/>\n<meta property=\"article:modified_time\" content=\"2023-11-26T13:44:46+00:00\" \/>\n<meta property=\"og:image\" content=\"https:\/\/autopartscenter24.com\/wp-content\/uploads\/2023\/03\/1-2-tsi-cyv-moottori-vw-golf-vii-touran.webp\" \/>\n\t<meta property=\"og:image:width\" content=\"800\" \/>\n\t<meta property=\"og:image:height\" content=\"600\" \/>\n\t<meta property=\"og:image:type\" content=\"image\/webp\" \/>\n<meta name=\"twitter:card\" content=\"summary_large_image\" \/>\n<meta name=\"twitter:label1\" content=\"Ber\u00e4knad l\u00e4stid\" \/>\n\t<meta name=\"twitter:data1\" content=\"1 minut\" \/>\n<script type=\"application\/ld+json\" class=\"yoast-schema-graph\">{\"@context\":\"https:\/\/schema.org\",\"@graph\":[{\"@type\":\"WebPage\",\"@id\":\"https:\/\/autopartscenter24.com\/auton-varaosat\/1-2-tsi-cyv-moottori-vw-golf-vii-touran\/\",\"url\":\"https:\/\/autopartscenter24.com\/auton-varaosat\/1-2-tsi-cyv-moottori-vw-golf-vii-touran\/\",\"name\":\"1.2 TSI \\\"CYV\\\" Motor [GOLF VII, TOURAN, Octavia, Yeti]\",\"isPartOf\":{\"@id\":\"https:\/\/autopartscenter24.com\/#website\"},\"primaryImageOfPage\":{\"@id\":\"https:\/\/autopartscenter24.com\/auton-varaosat\/1-2-tsi-cyv-moottori-vw-golf-vii-touran\/#primaryimage\"},\"image\":{\"@id\":\"https:\/\/autopartscenter24.com\/auton-varaosat\/1-2-tsi-cyv-moottori-vw-golf-vii-touran\/#primaryimage\"},\"thumbnailUrl\":\"https:\/\/autopartscenter24.com\/wp-content\/uploads\/2023\/03\/1-2-tsi-cyv-moottori-vw-golf-vii-touran.webp\",\"datePublished\":\"2023-11-26T13:44:45+00:00\",\"dateModified\":\"2023-11-26T13:44:46+00:00\",\"description\":\"En av de motorer som vi ofta har tillg\u00e4ngliga. Skicka en f\u00f6rfr\u00e5gan och f\u00e5 en offert inom 24 timmar. Motorer, v\u00e4xell\u00e5dor och andra bildelar under garanti.\",\"breadcrumb\":{\"@id\":\"https:\/\/autopartscenter24.com\/auton-varaosat\/1-2-tsi-cyv-moottori-vw-golf-vii-touran\/#breadcrumb\"},\"inLanguage\":\"sv-SE\",\"potentialAction\":[{\"@type\":\"ReadAction\",\"target\":[\"https:\/\/autopartscenter24.com\/auton-varaosat\/1-2-tsi-cyv-moottori-vw-golf-vii-touran\/\"]}]},{\"@type\":\"ImageObject\",\"inLanguage\":\"sv-SE\",\"@id\":\"https:\/\/autopartscenter24.com\/auton-varaosat\/1-2-tsi-cyv-moottori-vw-golf-vii-touran\/#primaryimage\",\"url\":\"https:\/\/autopartscenter24.com\/wp-content\/uploads\/2023\/03\/1-2-tsi-cyv-moottori-vw-golf-vii-touran.webp\",\"contentUrl\":\"https:\/\/autopartscenter24.com\/wp-content\/uploads\/2023\/03\/1-2-tsi-cyv-moottori-vw-golf-vii-touran.webp\",\"width\":800,\"height\":600},{\"@type\":\"BreadcrumbList\",\"@id\":\"https:\/\/autopartscenter24.com\/auton-varaosat\/1-2-tsi-cyv-moottori-vw-golf-vii-touran\/#breadcrumb\",\"itemListElement\":[{\"@type\":\"ListItem\",\"position\":1,\"name\":\"Hem\",\"item\":\"https:\/\/aliceblue-termite-662564.hostingersite.com\/\"},{\"@type\":\"ListItem\",\"position\":2,\"name\":\"Auton varaosat\",\"item\":\"https:\/\/aliceblue-termite-662564.hostingersite.com\/auton-varaosat\/\"},{\"@type\":\"ListItem\",\"position\":3,\"name\":\"1.2 TSI &#8221;CYV&#8221; Motor [GOLF VII, TOURAN, Octavia, Yeti]\"}]},{\"@type\":\"WebSite\",\"@id\":\"https:\/\/autopartscenter24.com\/#website\",\"url\":\"https:\/\/autopartscenter24.com\/\",\"name\":\"Autopartscenter24\",\"description\":\"K\u00c4YTETYT JA KUNNOSTETUT  AUTON VARAOSAT\",\"potentialAction\":[{\"@type\":\"SearchAction\",\"target\":{\"@type\":\"EntryPoint\",\"urlTemplate\":\"https:\/\/autopartscenter24.com\/?s={search_term_string}\"},\"query-input\":{\"@type\":\"PropertyValueSpecification\",\"valueRequired\":true,\"valueName\":\"search_term_string\"}}],\"inLanguage\":\"sv-SE\"}]}<\/script>\n<!-- \/ Yoast SEO plugin. -->","yoast_head_json":{"title":"1.2 TSI \"CYV\" Motor [GOLF VII, TOURAN, Octavia, Yeti]","description":"En av de motorer som vi ofta har tillg\u00e4ngliga. Skicka en f\u00f6rfr\u00e5gan och f\u00e5 en offert inom 24 timmar. Motorer, v\u00e4xell\u00e5dor och andra bildelar under garanti.","robots":{"index":"index","follow":"follow","max-snippet":"max-snippet:-1","max-image-preview":"max-image-preview:large","max-video-preview":"max-video-preview:-1"},"canonical":"https:\/\/autopartscenter24.com\/sv\/auton-varaosat\/1-2-tsi-cyv-moottori-vw-golf-vii-touran\/","og_locale":"sv_SE","og_type":"article","og_title":"1.2 TSI \"CYV\" Motor [GOLF VII, TOURAN, Octavia, Yeti]","og_description":"En av de motorer som vi ofta har tillg\u00e4ngliga. Skicka en f\u00f6rfr\u00e5gan och f\u00e5 en offert inom 24 timmar. Motorer, v\u00e4xell\u00e5dor och andra bildelar under garanti.","og_url":"https:\/\/autopartscenter24.com\/sv\/auton-varaosat\/1-2-tsi-cyv-moottori-vw-golf-vii-touran\/","og_site_name":"Autopartscenter24","article_modified_time":"2023-11-26T13:44:46+00:00","og_image":[{"width":800,"height":600,"url":"https:\/\/autopartscenter24.com\/wp-content\/uploads\/2023\/03\/1-2-tsi-cyv-moottori-vw-golf-vii-touran.webp","type":"image\/webp"}],"twitter_card":"summary_large_image","twitter_misc":{"Ber\u00e4knad l\u00e4stid":"1 minut"},"schema":{"@context":"https:\/\/schema.org","@graph":[{"@type":"WebPage","@id":"https:\/\/autopartscenter24.com\/auton-varaosat\/1-2-tsi-cyv-moottori-vw-golf-vii-touran\/","url":"https:\/\/autopartscenter24.com\/auton-varaosat\/1-2-tsi-cyv-moottori-vw-golf-vii-touran\/","name":"1.2 TSI \"CYV\" Motor [GOLF VII, TOURAN, Octavia, Yeti]","isPartOf":{"@id":"https:\/\/autopartscenter24.com\/#website"},"primaryImageOfPage":{"@id":"https:\/\/autopartscenter24.com\/auton-varaosat\/1-2-tsi-cyv-moottori-vw-golf-vii-touran\/#primaryimage"},"image":{"@id":"https:\/\/autopartscenter24.com\/auton-varaosat\/1-2-tsi-cyv-moottori-vw-golf-vii-touran\/#primaryimage"},"thumbnailUrl":"https:\/\/autopartscenter24.com\/wp-content\/uploads\/2023\/03\/1-2-tsi-cyv-moottori-vw-golf-vii-touran.webp","datePublished":"2023-11-26T13:44:45+00:00","dateModified":"2023-11-26T13:44:46+00:00","description":"En av de motorer som vi ofta har tillg\u00e4ngliga. Skicka en f\u00f6rfr\u00e5gan och f\u00e5 en offert inom 24 timmar. Motorer, v\u00e4xell\u00e5dor och andra bildelar under garanti.","breadcrumb":{"@id":"https:\/\/autopartscenter24.com\/auton-varaosat\/1-2-tsi-cyv-moottori-vw-golf-vii-touran\/#breadcrumb"},"inLanguage":"sv-SE","potentialAction":[{"@type":"ReadAction","target":["https:\/\/autopartscenter24.com\/auton-varaosat\/1-2-tsi-cyv-moottori-vw-golf-vii-touran\/"]}]},{"@type":"ImageObject","inLanguage":"sv-SE","@id":"https:\/\/autopartscenter24.com\/auton-varaosat\/1-2-tsi-cyv-moottori-vw-golf-vii-touran\/#primaryimage","url":"https:\/\/autopartscenter24.com\/wp-content\/uploads\/2023\/03\/1-2-tsi-cyv-moottori-vw-golf-vii-touran.webp","contentUrl":"https:\/\/autopartscenter24.com\/wp-content\/uploads\/2023\/03\/1-2-tsi-cyv-moottori-vw-golf-vii-touran.webp","width":800,"height":600},{"@type":"BreadcrumbList","@id":"https:\/\/autopartscenter24.com\/auton-varaosat\/1-2-tsi-cyv-moottori-vw-golf-vii-touran\/#breadcrumb","itemListElement":[{"@type":"ListItem","position":1,"name":"Hem","item":"https:\/\/aliceblue-termite-662564.hostingersite.com\/"},{"@type":"ListItem","position":2,"name":"Auton varaosat","item":"https:\/\/aliceblue-termite-662564.hostingersite.com\/auton-varaosat\/"},{"@type":"ListItem","position":3,"name":"1.2 TSI &#8221;CYV&#8221; Motor [GOLF VII, TOURAN, Octavia, Yeti]"}]},{"@type":"WebSite","@id":"https:\/\/autopartscenter24.com\/#website","url":"https:\/\/autopartscenter24.com\/","name":"Autopartscenter24","description":"K\u00c4YTETYT JA KUNNOSTETUT  AUTON VARAOSAT","potentialAction":[{"@type":"SearchAction","target":{"@type":"EntryPoint","urlTemplate":"https:\/\/autopartscenter24.com\/?s={search_term_string}"},"query-input":{"@type":"PropertyValueSpecification","valueRequired":true,"valueName":"search_term_string"}}],"inLanguage":"sv-SE"}]}},"_links":{"self":[{"href":"https:\/\/autopartscenter24.com\/sv\/wp-json\/wp\/v2\/product\/5480","targetHints":{"allow":["GET"]}}],"collection":[{"href":"https:\/\/autopartscenter24.com\/sv\/wp-json\/wp\/v2\/product"}],"about":[{"href":"https:\/\/autopartscenter24.com\/sv\/wp-json\/wp\/v2\/types\/product"}],"wp:featuredmedia":[{"embeddable":true,"href":"https:\/\/autopartscenter24.com\/sv\/wp-json\/wp\/v2\/media\/4694"}],"wp:attachment":[{"href":"https:\/\/autopartscenter24.com\/sv\/wp-json\/wp\/v2\/media?parent=5480"}],"wp:term":[{"taxonomy":"product_brand","embeddable":true,"href":"https:\/\/autopartscenter24.com\/sv\/wp-json\/wp\/v2\/product_brand?post=5480"},{"taxonomy":"product_cat","embeddable":true,"href":"https:\/\/autopartscenter24.com\/sv\/wp-json\/wp\/v2\/product_cat?post=5480"},{"taxonomy":"product_tag","embeddable":true,"href":"https:\/\/autopartscenter24.com\/sv\/wp-json\/wp\/v2\/product_tag?post=5480"}],"curies":[{"name":"wp","href":"https:\/\/api.w.org\/{rel}","templated":true}]}}