{"id":5479,"date":"2023-03-08T17:38:33","date_gmt":"2023-11-26T13:42:47","guid":{"rendered":"https:\/\/autopartscenter24.com\/product\/1-6-fsi-bag-motor-esim-golf-touran-a3\/"},"modified":"2023-11-26T14:42:47","modified_gmt":"2023-11-26T13:42:47","slug":"1-6-fsi-bag-vw-golf-v-touran-audi-a3","status":"publish","type":"product","link":"https:\/\/autopartscenter24.com\/sv\/auton-varaosat\/1-6-fsi-bag-vw-golf-v-touran-audi-a3\/","title":{"rendered":"1.6 FSI &#8221;BAG&#8221; Motor [esim. Golf, Touran, A3]"},"content":{"rendered":"<p><strong>1.6 FSI \u00e4r en f\u00f6rbr\u00e4nningsmotor<\/strong> tillverkad av Volkswagen Group. <strong>Motorkoden BAG<\/strong> \u00e4r den identifierare som Volkswagen anv\u00e4nder f\u00f6r motorn i fr\u00e5ga. Motorn kom in p\u00e5 marknaden 2003 i Volkswagen Golf Mk5-modellen och den har senare \u00e4ven anv\u00e4nts i m\u00e5nga andra Volkswagen Group-bilar.<\/p>\n<p>Motorns cylindervolym \u00e4r 1,6 liter och den ger effekt p\u00e5 115\u2013116 hk beroende p\u00e5 bilmodell. Motorn \u00e4r utrustad med direktinsprutning och g\u00e5r p\u00e5 bensin. Direktinsprutning f\u00f6rb\u00e4ttrar motorns br\u00e4nsleekonomi och minskar utsl\u00e4ppen.<\/p>\n<p>F\u00f6rdelarna med 1.6 FSI-motorn \u00e4r dess effektivitet och h\u00e5llbarhet. Motorn \u00e4r ocks\u00e5 ganska tyst i anv\u00e4ndning och ger bra prestanda. Motorns underh\u00e5llsintervaller \u00e4r rimliga, vilket g\u00f6r den \u00f6verkomlig att anv\u00e4nda.<\/p>\n<p>Nyckelord:<\/p>\n<ul>\n<li>Motorns cylindervolym \u00e4r 1,6 liter och den ger en effekt p\u00e5 115\u2013116 hk.<\/li>\n<li>Motorn \u00e4r utrustad med direktinsprutning och g\u00e5r p\u00e5 bensin.<\/li>\n<li>1.6 FSI-motorn erbjuder bra prestanda och \u00e4r ganska tyst vid anv\u00e4ndning.<\/li>\n<li>Volkswagenkoncernen har anv\u00e4nt motorn i flera av sina modeller, som Volkswagen Golf, Volkswagen Jetta, Volkswagen Touran, Volkswagen Passat, SEAT Leon och SEAT Toledo.<\/li>\n<\/ul>\n","protected":false},"excerpt":{"rendered":"<p>Volkswagen har anv\u00e4nt 1,6 FSI-motorn i flera av sina modeller, som Volkswagen Golf, Volkswagen Jetta, Volkswagen Touran, Volkswagen Passat, SEAT Leon och SEAT Toledo. Skoda Octavia har ocks\u00e5 f\u00e5tt en motor i sitt sortiment.<\/p>\n","protected":false},"featured_media":4699,"template":"","meta":[],"product_brand":[],"product_cat":[468,471,470,469],"product_tag":[472,473,668,475,688,476],"class_list":{"0":"post-5479","1":"product","2":"type-product","3":"status-publish","4":"has-post-thumbnail","6":"product_cat-audi-sv","7":"product_cat-seat-sv","8":"product_cat-skoda-sv","9":"product_cat-vw-sv","10":"product_tag-a3-sv","11":"product_tag-golf-sv","12":"product_tag-jetta-sv","13":"product_tag-passat-sv","14":"product_tag-toledo-sv","15":"product_tag-touran-sv","16":"pa_varaosan-osasto-motor","19":"first","20":"instock","21":"shipping-taxable","22":"product-type-simple"},"yoast_head":"<!-- This site is optimized with the Yoast SEO plugin v26.8 - https:\/\/yoast.com\/product\/yoast-seo-wordpress\/ -->\n<title>1.6 FSI &quot;BAG&quot; Motor [esim. Golf, Touran, A3] - Autopartscenter24<\/title>\n<meta name=\"description\" content=\"En av de motorer som vi ofta har tillg\u00e4ngliga. Skicka en f\u00f6rfr\u00e5gan och f\u00e5 en offert inom 24 timmar. Motorer, v\u00e4xell\u00e5dor och andra bildelar under garanti.\" \/>\n<meta name=\"robots\" content=\"index, follow, max-snippet:-1, max-image-preview:large, max-video-preview:-1\" \/>\n<link rel=\"canonical\" href=\"https:\/\/autopartscenter24.com\/sv\/auton-varaosat\/1-6-fsi-bag-vw-golf-v-touran-audi-a3\/\" \/>\n<meta property=\"og:locale\" content=\"sv_SE\" \/>\n<meta property=\"og:type\" content=\"article\" \/>\n<meta property=\"og:title\" content=\"1.6 FSI &quot;BAG&quot; Motor [esim. Golf, Touran, A3] - Autopartscenter24\" \/>\n<meta property=\"og:description\" content=\"En av de motorer som vi ofta har tillg\u00e4ngliga. Skicka en f\u00f6rfr\u00e5gan och f\u00e5 en offert inom 24 timmar. Motorer, v\u00e4xell\u00e5dor och andra bildelar under garanti.\" \/>\n<meta property=\"og:url\" content=\"https:\/\/autopartscenter24.com\/sv\/auton-varaosat\/1-6-fsi-bag-vw-golf-v-touran-audi-a3\/\" \/>\n<meta property=\"og:site_name\" content=\"Autopartscenter24\" \/>\n<meta property=\"og:image\" content=\"https:\/\/autopartscenter24.com\/wp-content\/uploads\/2023\/03\/1-6-fsi-BAG-moottori-vw-golf-v-touran-audi-a3.webp\" \/>\n\t<meta property=\"og:image:width\" content=\"800\" \/>\n\t<meta property=\"og:image:height\" content=\"600\" \/>\n\t<meta property=\"og:image:type\" content=\"image\/webp\" \/>\n<meta name=\"twitter:card\" content=\"summary_large_image\" \/>\n<meta name=\"twitter:label1\" content=\"Ber\u00e4knad l\u00e4stid\" \/>\n\t<meta name=\"twitter:data1\" content=\"1 minut\" \/>\n<script type=\"application\/ld+json\" class=\"yoast-schema-graph\">{\"@context\":\"https:\/\/schema.org\",\"@graph\":[{\"@type\":\"WebPage\",\"@id\":\"https:\/\/autopartscenter24.com\/auton-varaosat\/1-6-fsi-bag-vw-golf-v-touran-audi-a3\/\",\"url\":\"https:\/\/autopartscenter24.com\/auton-varaosat\/1-6-fsi-bag-vw-golf-v-touran-audi-a3\/\",\"name\":\"1.6 FSI \\\"BAG\\\" Motor [esim. Golf, Touran, A3] - Autopartscenter24\",\"isPartOf\":{\"@id\":\"https:\/\/autopartscenter24.com\/#website\"},\"primaryImageOfPage\":{\"@id\":\"https:\/\/autopartscenter24.com\/auton-varaosat\/1-6-fsi-bag-vw-golf-v-touran-audi-a3\/#primaryimage\"},\"image\":{\"@id\":\"https:\/\/autopartscenter24.com\/auton-varaosat\/1-6-fsi-bag-vw-golf-v-touran-audi-a3\/#primaryimage\"},\"thumbnailUrl\":\"https:\/\/autopartscenter24.com\/wp-content\/uploads\/2023\/03\/1-6-fsi-BAG-moottori-vw-golf-v-touran-audi-a3.webp\",\"datePublished\":\"2023-11-26T13:42:47+00:00\",\"description\":\"En av de motorer som vi ofta har tillg\u00e4ngliga. Skicka en f\u00f6rfr\u00e5gan och f\u00e5 en offert inom 24 timmar. Motorer, v\u00e4xell\u00e5dor och andra bildelar under garanti.\",\"breadcrumb\":{\"@id\":\"https:\/\/autopartscenter24.com\/auton-varaosat\/1-6-fsi-bag-vw-golf-v-touran-audi-a3\/#breadcrumb\"},\"inLanguage\":\"sv-SE\",\"potentialAction\":[{\"@type\":\"ReadAction\",\"target\":[\"https:\/\/autopartscenter24.com\/auton-varaosat\/1-6-fsi-bag-vw-golf-v-touran-audi-a3\/\"]}]},{\"@type\":\"ImageObject\",\"inLanguage\":\"sv-SE\",\"@id\":\"https:\/\/autopartscenter24.com\/auton-varaosat\/1-6-fsi-bag-vw-golf-v-touran-audi-a3\/#primaryimage\",\"url\":\"https:\/\/autopartscenter24.com\/wp-content\/uploads\/2023\/03\/1-6-fsi-BAG-moottori-vw-golf-v-touran-audi-a3.webp\",\"contentUrl\":\"https:\/\/autopartscenter24.com\/wp-content\/uploads\/2023\/03\/1-6-fsi-BAG-moottori-vw-golf-v-touran-audi-a3.webp\",\"width\":800,\"height\":600},{\"@type\":\"BreadcrumbList\",\"@id\":\"https:\/\/autopartscenter24.com\/auton-varaosat\/1-6-fsi-bag-vw-golf-v-touran-audi-a3\/#breadcrumb\",\"itemListElement\":[{\"@type\":\"ListItem\",\"position\":1,\"name\":\"Hem\",\"item\":\"https:\/\/aliceblue-termite-662564.hostingersite.com\/\"},{\"@type\":\"ListItem\",\"position\":2,\"name\":\"Auton varaosat\",\"item\":\"https:\/\/aliceblue-termite-662564.hostingersite.com\/auton-varaosat\/\"},{\"@type\":\"ListItem\",\"position\":3,\"name\":\"1.6 FSI &#8221;BAG&#8221; Motor [esim. Golf, Touran, A3]\"}]},{\"@type\":\"WebSite\",\"@id\":\"https:\/\/autopartscenter24.com\/#website\",\"url\":\"https:\/\/autopartscenter24.com\/\",\"name\":\"Autopartscenter24\",\"description\":\"K\u00c4YTETYT JA KUNNOSTETUT  AUTON VARAOSAT\",\"potentialAction\":[{\"@type\":\"SearchAction\",\"target\":{\"@type\":\"EntryPoint\",\"urlTemplate\":\"https:\/\/autopartscenter24.com\/?s={search_term_string}\"},\"query-input\":{\"@type\":\"PropertyValueSpecification\",\"valueRequired\":true,\"valueName\":\"search_term_string\"}}],\"inLanguage\":\"sv-SE\"}]}<\/script>\n<!-- \/ Yoast SEO plugin. -->","yoast_head_json":{"title":"1.6 FSI \"BAG\" Motor [esim. Golf, Touran, A3] - Autopartscenter24","description":"En av de motorer som vi ofta har tillg\u00e4ngliga. Skicka en f\u00f6rfr\u00e5gan och f\u00e5 en offert inom 24 timmar. Motorer, v\u00e4xell\u00e5dor och andra bildelar under garanti.","robots":{"index":"index","follow":"follow","max-snippet":"max-snippet:-1","max-image-preview":"max-image-preview:large","max-video-preview":"max-video-preview:-1"},"canonical":"https:\/\/autopartscenter24.com\/sv\/auton-varaosat\/1-6-fsi-bag-vw-golf-v-touran-audi-a3\/","og_locale":"sv_SE","og_type":"article","og_title":"1.6 FSI \"BAG\" Motor [esim. Golf, Touran, A3] - Autopartscenter24","og_description":"En av de motorer som vi ofta har tillg\u00e4ngliga. Skicka en f\u00f6rfr\u00e5gan och f\u00e5 en offert inom 24 timmar. Motorer, v\u00e4xell\u00e5dor och andra bildelar under garanti.","og_url":"https:\/\/autopartscenter24.com\/sv\/auton-varaosat\/1-6-fsi-bag-vw-golf-v-touran-audi-a3\/","og_site_name":"Autopartscenter24","og_image":[{"width":800,"height":600,"url":"https:\/\/autopartscenter24.com\/wp-content\/uploads\/2023\/03\/1-6-fsi-BAG-moottori-vw-golf-v-touran-audi-a3.webp","type":"image\/webp"}],"twitter_card":"summary_large_image","twitter_misc":{"Ber\u00e4knad l\u00e4stid":"1 minut"},"schema":{"@context":"https:\/\/schema.org","@graph":[{"@type":"WebPage","@id":"https:\/\/autopartscenter24.com\/auton-varaosat\/1-6-fsi-bag-vw-golf-v-touran-audi-a3\/","url":"https:\/\/autopartscenter24.com\/auton-varaosat\/1-6-fsi-bag-vw-golf-v-touran-audi-a3\/","name":"1.6 FSI \"BAG\" Motor [esim. Golf, Touran, A3] - Autopartscenter24","isPartOf":{"@id":"https:\/\/autopartscenter24.com\/#website"},"primaryImageOfPage":{"@id":"https:\/\/autopartscenter24.com\/auton-varaosat\/1-6-fsi-bag-vw-golf-v-touran-audi-a3\/#primaryimage"},"image":{"@id":"https:\/\/autopartscenter24.com\/auton-varaosat\/1-6-fsi-bag-vw-golf-v-touran-audi-a3\/#primaryimage"},"thumbnailUrl":"https:\/\/autopartscenter24.com\/wp-content\/uploads\/2023\/03\/1-6-fsi-BAG-moottori-vw-golf-v-touran-audi-a3.webp","datePublished":"2023-11-26T13:42:47+00:00","description":"En av de motorer som vi ofta har tillg\u00e4ngliga. Skicka en f\u00f6rfr\u00e5gan och f\u00e5 en offert inom 24 timmar. Motorer, v\u00e4xell\u00e5dor och andra bildelar under garanti.","breadcrumb":{"@id":"https:\/\/autopartscenter24.com\/auton-varaosat\/1-6-fsi-bag-vw-golf-v-touran-audi-a3\/#breadcrumb"},"inLanguage":"sv-SE","potentialAction":[{"@type":"ReadAction","target":["https:\/\/autopartscenter24.com\/auton-varaosat\/1-6-fsi-bag-vw-golf-v-touran-audi-a3\/"]}]},{"@type":"ImageObject","inLanguage":"sv-SE","@id":"https:\/\/autopartscenter24.com\/auton-varaosat\/1-6-fsi-bag-vw-golf-v-touran-audi-a3\/#primaryimage","url":"https:\/\/autopartscenter24.com\/wp-content\/uploads\/2023\/03\/1-6-fsi-BAG-moottori-vw-golf-v-touran-audi-a3.webp","contentUrl":"https:\/\/autopartscenter24.com\/wp-content\/uploads\/2023\/03\/1-6-fsi-BAG-moottori-vw-golf-v-touran-audi-a3.webp","width":800,"height":600},{"@type":"BreadcrumbList","@id":"https:\/\/autopartscenter24.com\/auton-varaosat\/1-6-fsi-bag-vw-golf-v-touran-audi-a3\/#breadcrumb","itemListElement":[{"@type":"ListItem","position":1,"name":"Hem","item":"https:\/\/aliceblue-termite-662564.hostingersite.com\/"},{"@type":"ListItem","position":2,"name":"Auton varaosat","item":"https:\/\/aliceblue-termite-662564.hostingersite.com\/auton-varaosat\/"},{"@type":"ListItem","position":3,"name":"1.6 FSI &#8221;BAG&#8221; Motor [esim. Golf, Touran, A3]"}]},{"@type":"WebSite","@id":"https:\/\/autopartscenter24.com\/#website","url":"https:\/\/autopartscenter24.com\/","name":"Autopartscenter24","description":"K\u00c4YTETYT JA KUNNOSTETUT  AUTON VARAOSAT","potentialAction":[{"@type":"SearchAction","target":{"@type":"EntryPoint","urlTemplate":"https:\/\/autopartscenter24.com\/?s={search_term_string}"},"query-input":{"@type":"PropertyValueSpecification","valueRequired":true,"valueName":"search_term_string"}}],"inLanguage":"sv-SE"}]}},"_links":{"self":[{"href":"https:\/\/autopartscenter24.com\/sv\/wp-json\/wp\/v2\/product\/5479","targetHints":{"allow":["GET"]}}],"collection":[{"href":"https:\/\/autopartscenter24.com\/sv\/wp-json\/wp\/v2\/product"}],"about":[{"href":"https:\/\/autopartscenter24.com\/sv\/wp-json\/wp\/v2\/types\/product"}],"wp:featuredmedia":[{"embeddable":true,"href":"https:\/\/autopartscenter24.com\/sv\/wp-json\/wp\/v2\/media\/4699"}],"wp:attachment":[{"href":"https:\/\/autopartscenter24.com\/sv\/wp-json\/wp\/v2\/media?parent=5479"}],"wp:term":[{"taxonomy":"product_brand","embeddable":true,"href":"https:\/\/autopartscenter24.com\/sv\/wp-json\/wp\/v2\/product_brand?post=5479"},{"taxonomy":"product_cat","embeddable":true,"href":"https:\/\/autopartscenter24.com\/sv\/wp-json\/wp\/v2\/product_cat?post=5479"},{"taxonomy":"product_tag","embeddable":true,"href":"https:\/\/autopartscenter24.com\/sv\/wp-json\/wp\/v2\/product_tag?post=5479"}],"curies":[{"name":"wp","href":"https:\/\/api.w.org\/{rel}","templated":true}]}}