{"id":5477,"date":"2023-03-08T18:29:28","date_gmt":"2023-11-26T13:36:55","guid":{"rendered":"https:\/\/autopartscenter24.com\/product\/1-4-cpw-cpwa-motor-esim-caddy-golf-octavia-leon-a3\/"},"modified":"2023-11-26T14:36:57","modified_gmt":"2023-11-26T13:36:57","slug":"1-4-cpw-motor-vw-golf-vii-octavia-iv-audi-a3","status":"publish","type":"product","link":"https:\/\/autopartscenter24.com\/sv\/auton-varaosat\/1-4-cpw-motor-vw-golf-vii-octavia-iv-audi-a3\/","title":{"rendered":"1.4 &#8221;CPW \/ CPWA&#8221; Motor [esim. Caddy, Golf, Octavia, Leon, A3]"},"content":{"rendered":"<p>Volkswagens 1,4-litersmotor (motorkod: CPW) \u00e4r en multifunktionsmotor installerad i flera Volkswagens bilmodeller. Motorn \u00e4r tillverkad av Volkswagen AG och \u00e4r designad f\u00f6r anv\u00e4ndning i personbilar. Motorn \u00e4r fyrcylindrig och har direktinsprutning.<\/p>\n<p>Motorns effekt varierar mellan olika modeller, men oftast ger den runt 122-150 h\u00e4stkrafter och vridmomentet varierar mellan 200-250 Nm. Motorns prestanda \u00e4r bra och den \u00e4r ekonomisk. Motorf\u00f6rbrukningen brukar ligga p\u00e5 runt 5-7 liter\/100 km, beroende p\u00e5 bilens storlek och vikt.<\/p>\n<p>Motorns struktur \u00e4r l\u00e4tt och kompakt, vilket g\u00f6r den enkel att installera i olika bilmodeller. Motorn anv\u00e4nder h\u00e5llbara material och \u00e4r designad f\u00f6r l\u00e5ng livsl\u00e4ngd. Motorn har \u00e4ven Start-Stop-systemet utvecklat av Volkswagen, vilket minskar br\u00e4nslef\u00f6rbrukningen och utsl\u00e4ppen genom att automatiskt stoppa motorn n\u00e4r bilen st\u00e5r stilla.<\/p>\n<p>Motorn har \u00e4ven m\u00e5nga andra tekniska egenskaper som g\u00f6r den mycket kapabel. F\u00f6rutom turboladdaren har den \u00e4ven direktinsprutning, vilket f\u00f6rb\u00e4ttrar motorns br\u00e4nsleeffektivitet och ger motorn b\u00e4ttre prestanda. Motorns styrsystem \u00e4r ocks\u00e5 mycket exakt och kan justera motorns varvtal i realtid.<\/p>\n<p>Dessa bilmodeller \u00e4r mycket popul\u00e4ra runt om i v\u00e4rlden och Volkswagens 1,4 liters motor har visat sig vara ett p\u00e5litligt och effektivt val. Motorn har \u00e4ven funnits i vissa Seat- och Skoda-modeller som tillh\u00f6r Volkswagen-koncernen.<\/p>\n","protected":false},"excerpt":{"rendered":"<p>Volkswagens 1,4 liters motor (CPW) har anv\u00e4nts i m\u00e5nga Volkswagen bilmodeller, av vilka n\u00e5gra inkluderar:<\/p>\n<ul>\n<li>Volkswagen Golf (VI ja VII)<\/li>\n<li>Volkswagen Jetta<\/li>\n<li>Volkswagen Passat<\/li>\n<li>Volkswagen Polo<\/li>\n<li>Volkswagen Touran<\/li>\n<\/ul>\n","protected":false},"featured_media":4709,"template":"","meta":[],"product_brand":[],"product_cat":[468,470,469],"product_tag":[472,698,473,656],"class_list":{"0":"post-5477","1":"product","2":"type-product","3":"status-publish","4":"has-post-thumbnail","6":"product_cat-audi-sv","7":"product_cat-skoda-sv","8":"product_cat-vw-sv","9":"product_tag-a3-sv","10":"product_tag-caddy-sv","11":"product_tag-golf-sv","12":"product_tag-leon-sv","13":"pa_varaosan-osasto-motor","16":"first","17":"instock","18":"shipping-taxable","19":"product-type-simple"},"yoast_head":"<!-- This site is optimized with the Yoast SEO plugin v26.8 - https:\/\/yoast.com\/product\/yoast-seo-wordpress\/ -->\n<title>1.4 &quot;CPW \/ CPWA&quot; Motor [esim. Caddy, Golf, Octavia, Leon, A3]<\/title>\n<meta name=\"description\" content=\"En av de motorer som vi ofta har tillg\u00e4ngliga. Skicka en f\u00f6rfr\u00e5gan och f\u00e5 en offert inom 24 timmar. Motorer, v\u00e4xell\u00e5dor och andra bildelar under garanti.\" \/>\n<meta name=\"robots\" content=\"index, follow, max-snippet:-1, max-image-preview:large, max-video-preview:-1\" \/>\n<link rel=\"canonical\" href=\"https:\/\/autopartscenter24.com\/sv\/auton-varaosat\/1-4-cpw-moottori-vw-golf-vii-octavia-iv-audi-a3\/\" \/>\n<meta property=\"og:locale\" content=\"sv_SE\" \/>\n<meta property=\"og:type\" content=\"article\" \/>\n<meta property=\"og:title\" content=\"1.4 &quot;CPW \/ CPWA&quot; Motor [esim. Caddy, Golf, Octavia, Leon, A3]\" \/>\n<meta property=\"og:description\" content=\"En av de motorer som vi ofta har tillg\u00e4ngliga. Skicka en f\u00f6rfr\u00e5gan och f\u00e5 en offert inom 24 timmar. Motorer, v\u00e4xell\u00e5dor och andra bildelar under garanti.\" \/>\n<meta property=\"og:url\" content=\"https:\/\/autopartscenter24.com\/sv\/auton-varaosat\/1-4-cpw-moottori-vw-golf-vii-octavia-iv-audi-a3\/\" \/>\n<meta property=\"og:site_name\" content=\"Autopartscenter24\" \/>\n<meta property=\"article:modified_time\" content=\"2023-11-26T13:36:57+00:00\" \/>\n<meta property=\"og:image\" content=\"https:\/\/autopartscenter24.com\/wp-content\/uploads\/2023\/03\/1-4-cpw-cpwa-moottori-vw-golf-vii-octavia-iv-audi-a3.webp\" \/>\n\t<meta property=\"og:image:width\" content=\"800\" \/>\n\t<meta property=\"og:image:height\" content=\"600\" \/>\n\t<meta property=\"og:image:type\" content=\"image\/webp\" \/>\n<meta name=\"twitter:card\" content=\"summary_large_image\" \/>\n<meta name=\"twitter:label1\" content=\"Ber\u00e4knad l\u00e4stid\" \/>\n\t<meta name=\"twitter:data1\" content=\"1 minut\" \/>\n<script type=\"application\/ld+json\" class=\"yoast-schema-graph\">{\"@context\":\"https:\/\/schema.org\",\"@graph\":[{\"@type\":\"WebPage\",\"@id\":\"https:\/\/autopartscenter24.com\/auton-varaosat\/1-4-cpw-moottori-vw-golf-vii-octavia-iv-audi-a3\/\",\"url\":\"https:\/\/autopartscenter24.com\/auton-varaosat\/1-4-cpw-moottori-vw-golf-vii-octavia-iv-audi-a3\/\",\"name\":\"1.4 \\\"CPW \/ CPWA\\\" Motor [esim. Caddy, Golf, Octavia, Leon, A3]\",\"isPartOf\":{\"@id\":\"https:\/\/autopartscenter24.com\/#website\"},\"primaryImageOfPage\":{\"@id\":\"https:\/\/autopartscenter24.com\/auton-varaosat\/1-4-cpw-moottori-vw-golf-vii-octavia-iv-audi-a3\/#primaryimage\"},\"image\":{\"@id\":\"https:\/\/autopartscenter24.com\/auton-varaosat\/1-4-cpw-moottori-vw-golf-vii-octavia-iv-audi-a3\/#primaryimage\"},\"thumbnailUrl\":\"https:\/\/autopartscenter24.com\/wp-content\/uploads\/2023\/03\/1-4-cpw-cpwa-moottori-vw-golf-vii-octavia-iv-audi-a3.webp\",\"datePublished\":\"2023-11-26T13:36:55+00:00\",\"dateModified\":\"2023-11-26T13:36:57+00:00\",\"description\":\"En av de motorer som vi ofta har tillg\u00e4ngliga. Skicka en f\u00f6rfr\u00e5gan och f\u00e5 en offert inom 24 timmar. Motorer, v\u00e4xell\u00e5dor och andra bildelar under garanti.\",\"breadcrumb\":{\"@id\":\"https:\/\/autopartscenter24.com\/auton-varaosat\/1-4-cpw-moottori-vw-golf-vii-octavia-iv-audi-a3\/#breadcrumb\"},\"inLanguage\":\"sv-SE\",\"potentialAction\":[{\"@type\":\"ReadAction\",\"target\":[\"https:\/\/autopartscenter24.com\/auton-varaosat\/1-4-cpw-moottori-vw-golf-vii-octavia-iv-audi-a3\/\"]}]},{\"@type\":\"ImageObject\",\"inLanguage\":\"sv-SE\",\"@id\":\"https:\/\/autopartscenter24.com\/auton-varaosat\/1-4-cpw-moottori-vw-golf-vii-octavia-iv-audi-a3\/#primaryimage\",\"url\":\"https:\/\/autopartscenter24.com\/wp-content\/uploads\/2023\/03\/1-4-cpw-cpwa-moottori-vw-golf-vii-octavia-iv-audi-a3.webp\",\"contentUrl\":\"https:\/\/autopartscenter24.com\/wp-content\/uploads\/2023\/03\/1-4-cpw-cpwa-moottori-vw-golf-vii-octavia-iv-audi-a3.webp\",\"width\":800,\"height\":600},{\"@type\":\"BreadcrumbList\",\"@id\":\"https:\/\/autopartscenter24.com\/auton-varaosat\/1-4-cpw-moottori-vw-golf-vii-octavia-iv-audi-a3\/#breadcrumb\",\"itemListElement\":[{\"@type\":\"ListItem\",\"position\":1,\"name\":\"Hem\",\"item\":\"https:\/\/aliceblue-termite-662564.hostingersite.com\/\"},{\"@type\":\"ListItem\",\"position\":2,\"name\":\"Auton varaosat\",\"item\":\"https:\/\/aliceblue-termite-662564.hostingersite.com\/auton-varaosat\/\"},{\"@type\":\"ListItem\",\"position\":3,\"name\":\"1.4 &#8221;CPW \/ CPWA&#8221; Motor [esim. Caddy, Golf, Octavia, Leon, A3]\"}]},{\"@type\":\"WebSite\",\"@id\":\"https:\/\/autopartscenter24.com\/#website\",\"url\":\"https:\/\/autopartscenter24.com\/\",\"name\":\"Autopartscenter24\",\"description\":\"K\u00c4YTETYT JA KUNNOSTETUT  AUTON VARAOSAT\",\"potentialAction\":[{\"@type\":\"SearchAction\",\"target\":{\"@type\":\"EntryPoint\",\"urlTemplate\":\"https:\/\/autopartscenter24.com\/?s={search_term_string}\"},\"query-input\":{\"@type\":\"PropertyValueSpecification\",\"valueRequired\":true,\"valueName\":\"search_term_string\"}}],\"inLanguage\":\"sv-SE\"}]}<\/script>\n<!-- \/ Yoast SEO plugin. -->","yoast_head_json":{"title":"1.4 \"CPW \/ CPWA\" Motor [esim. Caddy, Golf, Octavia, Leon, A3]","description":"En av de motorer som vi ofta har tillg\u00e4ngliga. Skicka en f\u00f6rfr\u00e5gan och f\u00e5 en offert inom 24 timmar. Motorer, v\u00e4xell\u00e5dor och andra bildelar under garanti.","robots":{"index":"index","follow":"follow","max-snippet":"max-snippet:-1","max-image-preview":"max-image-preview:large","max-video-preview":"max-video-preview:-1"},"canonical":"https:\/\/autopartscenter24.com\/sv\/auton-varaosat\/1-4-cpw-moottori-vw-golf-vii-octavia-iv-audi-a3\/","og_locale":"sv_SE","og_type":"article","og_title":"1.4 \"CPW \/ CPWA\" Motor [esim. Caddy, Golf, Octavia, Leon, A3]","og_description":"En av de motorer som vi ofta har tillg\u00e4ngliga. Skicka en f\u00f6rfr\u00e5gan och f\u00e5 en offert inom 24 timmar. Motorer, v\u00e4xell\u00e5dor och andra bildelar under garanti.","og_url":"https:\/\/autopartscenter24.com\/sv\/auton-varaosat\/1-4-cpw-moottori-vw-golf-vii-octavia-iv-audi-a3\/","og_site_name":"Autopartscenter24","article_modified_time":"2023-11-26T13:36:57+00:00","og_image":[{"width":800,"height":600,"url":"https:\/\/autopartscenter24.com\/wp-content\/uploads\/2023\/03\/1-4-cpw-cpwa-moottori-vw-golf-vii-octavia-iv-audi-a3.webp","type":"image\/webp"}],"twitter_card":"summary_large_image","twitter_misc":{"Ber\u00e4knad l\u00e4stid":"1 minut"},"schema":{"@context":"https:\/\/schema.org","@graph":[{"@type":"WebPage","@id":"https:\/\/autopartscenter24.com\/auton-varaosat\/1-4-cpw-moottori-vw-golf-vii-octavia-iv-audi-a3\/","url":"https:\/\/autopartscenter24.com\/auton-varaosat\/1-4-cpw-moottori-vw-golf-vii-octavia-iv-audi-a3\/","name":"1.4 \"CPW \/ CPWA\" Motor [esim. Caddy, Golf, Octavia, Leon, A3]","isPartOf":{"@id":"https:\/\/autopartscenter24.com\/#website"},"primaryImageOfPage":{"@id":"https:\/\/autopartscenter24.com\/auton-varaosat\/1-4-cpw-moottori-vw-golf-vii-octavia-iv-audi-a3\/#primaryimage"},"image":{"@id":"https:\/\/autopartscenter24.com\/auton-varaosat\/1-4-cpw-moottori-vw-golf-vii-octavia-iv-audi-a3\/#primaryimage"},"thumbnailUrl":"https:\/\/autopartscenter24.com\/wp-content\/uploads\/2023\/03\/1-4-cpw-cpwa-moottori-vw-golf-vii-octavia-iv-audi-a3.webp","datePublished":"2023-11-26T13:36:55+00:00","dateModified":"2023-11-26T13:36:57+00:00","description":"En av de motorer som vi ofta har tillg\u00e4ngliga. Skicka en f\u00f6rfr\u00e5gan och f\u00e5 en offert inom 24 timmar. Motorer, v\u00e4xell\u00e5dor och andra bildelar under garanti.","breadcrumb":{"@id":"https:\/\/autopartscenter24.com\/auton-varaosat\/1-4-cpw-moottori-vw-golf-vii-octavia-iv-audi-a3\/#breadcrumb"},"inLanguage":"sv-SE","potentialAction":[{"@type":"ReadAction","target":["https:\/\/autopartscenter24.com\/auton-varaosat\/1-4-cpw-moottori-vw-golf-vii-octavia-iv-audi-a3\/"]}]},{"@type":"ImageObject","inLanguage":"sv-SE","@id":"https:\/\/autopartscenter24.com\/auton-varaosat\/1-4-cpw-moottori-vw-golf-vii-octavia-iv-audi-a3\/#primaryimage","url":"https:\/\/autopartscenter24.com\/wp-content\/uploads\/2023\/03\/1-4-cpw-cpwa-moottori-vw-golf-vii-octavia-iv-audi-a3.webp","contentUrl":"https:\/\/autopartscenter24.com\/wp-content\/uploads\/2023\/03\/1-4-cpw-cpwa-moottori-vw-golf-vii-octavia-iv-audi-a3.webp","width":800,"height":600},{"@type":"BreadcrumbList","@id":"https:\/\/autopartscenter24.com\/auton-varaosat\/1-4-cpw-moottori-vw-golf-vii-octavia-iv-audi-a3\/#breadcrumb","itemListElement":[{"@type":"ListItem","position":1,"name":"Hem","item":"https:\/\/aliceblue-termite-662564.hostingersite.com\/"},{"@type":"ListItem","position":2,"name":"Auton varaosat","item":"https:\/\/aliceblue-termite-662564.hostingersite.com\/auton-varaosat\/"},{"@type":"ListItem","position":3,"name":"1.4 &#8221;CPW \/ CPWA&#8221; Motor [esim. Caddy, Golf, Octavia, Leon, A3]"}]},{"@type":"WebSite","@id":"https:\/\/autopartscenter24.com\/#website","url":"https:\/\/autopartscenter24.com\/","name":"Autopartscenter24","description":"K\u00c4YTETYT JA KUNNOSTETUT  AUTON VARAOSAT","potentialAction":[{"@type":"SearchAction","target":{"@type":"EntryPoint","urlTemplate":"https:\/\/autopartscenter24.com\/?s={search_term_string}"},"query-input":{"@type":"PropertyValueSpecification","valueRequired":true,"valueName":"search_term_string"}}],"inLanguage":"sv-SE"}]}},"_links":{"self":[{"href":"https:\/\/autopartscenter24.com\/sv\/wp-json\/wp\/v2\/product\/5477","targetHints":{"allow":["GET"]}}],"collection":[{"href":"https:\/\/autopartscenter24.com\/sv\/wp-json\/wp\/v2\/product"}],"about":[{"href":"https:\/\/autopartscenter24.com\/sv\/wp-json\/wp\/v2\/types\/product"}],"wp:featuredmedia":[{"embeddable":true,"href":"https:\/\/autopartscenter24.com\/sv\/wp-json\/wp\/v2\/media\/4709"}],"wp:attachment":[{"href":"https:\/\/autopartscenter24.com\/sv\/wp-json\/wp\/v2\/media?parent=5477"}],"wp:term":[{"taxonomy":"product_brand","embeddable":true,"href":"https:\/\/autopartscenter24.com\/sv\/wp-json\/wp\/v2\/product_brand?post=5477"},{"taxonomy":"product_cat","embeddable":true,"href":"https:\/\/autopartscenter24.com\/sv\/wp-json\/wp\/v2\/product_cat?post=5477"},{"taxonomy":"product_tag","embeddable":true,"href":"https:\/\/autopartscenter24.com\/sv\/wp-json\/wp\/v2\/product_tag?post=5477"}],"curies":[{"name":"wp","href":"https:\/\/api.w.org\/{rel}","templated":true}]}}