{"id":5476,"date":"2023-03-08T18:37:54","date_gmt":"2023-11-26T13:34:49","guid":{"rendered":"https:\/\/autopartscenter24.com\/product\/1-6-bgu-motor-golf-caddy-touran-octavia-a3\/"},"modified":"2023-11-26T14:34:49","modified_gmt":"2023-11-26T13:34:49","slug":"1-6-bgu-motor-audi-a3-vw-golf-v-toledo-iii","status":"publish","type":"product","link":"https:\/\/autopartscenter24.com\/sv\/auton-varaosat\/1-6-bgu-motor-audi-a3-vw-golf-v-toledo-iii\/","title":{"rendered":"1.6 &#8221;BGU&#8221; Motor [Golf, Caddy, Touran, Octavia, A3]"},"content":{"rendered":"<p>1,6-litersmotorn tillverkad av Volkswagen, med motorkoden BGU, \u00e4r en fyrcylindrig bensinmotor. Den \u00e4r utrustad med flerpunktssprutning och en distributionskedja. Moottorin sylinterimitat ovat 76,5 mm halkaisijaltaan ja 86,9 mm iskun pituudeltaan, mik\u00e4 antaa kokonaisiskutilavuudeksi 1598 cm\u00b3. Motorns effekt varierar beroende p\u00e5 modell, men vanligtvis producerar den cirka 75-102 kW effekt och 148-155 Nm vridmoment. Motorn uppfyller europeiska emissionsnormer och finns med manuell och automatisk v\u00e4xell\u00e5da.<\/p>\n<p>I designen av motorn har s\u00e4rskild uppm\u00e4rksamhet \u00e4gnats \u00e5t br\u00e4nsleeffektivitet och prestanda. Motorns l\u00e5ga friktion minskar br\u00e4nslef\u00f6rbrukningen och oljef\u00f6rbrukningen. Motorns flexibilitet och l\u00e5ga ljudniv\u00e5 garanterar en bekv\u00e4m k\u00f6rupplevelse.<\/p>\n<p>Sammanfattningsvis kan man konstatera att Volkswagens 1,6-litersmotor (BGU) \u00e4r ett p\u00e5litligt och br\u00e4nslesn\u00e5lt alternativ som motor f\u00f6r mindre bilar. Motorn uppfyller europeiska emissionsnormer och erbjuder rimliga prestanda. Den har anv\u00e4nts i stor utstr\u00e4ckning i Volkswagen Groups bilmodeller under olika \u00e5r.<\/p>\n","protected":false},"excerpt":{"rendered":"<p>Motorn har anv\u00e4nts i m\u00e5nga Volkswagen och Audi-modeller. Den \u00e4r installerad p\u00e5 Volkswagen Golf, Golf Plus, Jetta, Beetle och Eos, samt Audi A3. Den anv\u00e4nds ocks\u00e5 i andra bilm\u00e4rken inom Volkswagen-koncernen, som \u0160koda och SEAT. Motorn anv\u00e4nds fr\u00e4mst i de billigaste modellerna och \u00e4r t\u00e4nkt att vara ett alternativ till motorer med h\u00f6gre effekt.<\/p>\n<p>F\u00f6ljande \u00e4r en lista \u00f6ver bilar d\u00e4r Volkswagen 1,6 liters motor med motorkoden BGU har anv\u00e4nts:<\/p>\n<ul>\n<li>Volkswagen Golf V (2003-2009)<\/li>\n<li>Volkswagen Golf Plus (2005-2014)<\/li>\n<li>Volkswagen Jetta V (2005-2010)<\/li>\n<li>Audi A3 (2004-2013)<\/li>\n<li>SEAT Toledo (2004-2009)<\/li>\n<li>\u0160koda Octavia (2004-2006)<\/li>\n<\/ul>\n","protected":false},"featured_media":4739,"template":"","meta":[],"product_brand":[],"product_cat":[468,470,469],"product_tag":[472,473,474],"class_list":{"0":"post-5476","1":"product","2":"type-product","3":"status-publish","4":"has-post-thumbnail","6":"product_cat-audi-sv","7":"product_cat-skoda-sv","8":"product_cat-vw-sv","9":"product_tag-a3-sv","10":"product_tag-golf-sv","11":"product_tag-octavia-sv","12":"pa_varaosan-osasto-motor","15":"first","16":"instock","17":"shipping-taxable","18":"product-type-simple"},"yoast_head":"<!-- This site is optimized with the Yoast SEO plugin v26.8 - https:\/\/yoast.com\/product\/yoast-seo-wordpress\/ -->\n<title>1.6 &quot;BGU&quot; Motor [Golf, Caddy, Touran, Octavia, A3]<\/title>\n<meta name=\"description\" content=\"En av de motorer som vi ofta har tillg\u00e4ngliga. Skicka en f\u00f6rfr\u00e5gan och f\u00e5 en offert inom 24 timmar. Motorer, v\u00e4xell\u00e5dor och andra bildelar under garanti.\" \/>\n<meta name=\"robots\" content=\"index, follow, max-snippet:-1, max-image-preview:large, max-video-preview:-1\" \/>\n<link rel=\"canonical\" href=\"https:\/\/autopartscenter24.com\/sv\/auton-varaosat\/1-6-bgu-moottori-audi-a3-vw-golf-v-toledo-iii\/\" \/>\n<meta property=\"og:locale\" content=\"sv_SE\" \/>\n<meta property=\"og:type\" content=\"article\" \/>\n<meta property=\"og:title\" content=\"1.6 &quot;BGU&quot; Motor [Golf, Caddy, Touran, Octavia, A3]\" \/>\n<meta property=\"og:description\" content=\"En av de motorer som vi ofta har tillg\u00e4ngliga. Skicka en f\u00f6rfr\u00e5gan och f\u00e5 en offert inom 24 timmar. Motorer, v\u00e4xell\u00e5dor och andra bildelar under garanti.\" \/>\n<meta property=\"og:url\" content=\"https:\/\/autopartscenter24.com\/sv\/auton-varaosat\/1-6-bgu-moottori-audi-a3-vw-golf-v-toledo-iii\/\" \/>\n<meta property=\"og:site_name\" content=\"Autopartscenter24\" \/>\n<meta property=\"og:image\" content=\"https:\/\/autopartscenter24.com\/wp-content\/uploads\/2023\/03\/1-6-BGU-moottori-audi-a3-vw-golf-v-toledo-iii-1.webp\" \/>\n\t<meta property=\"og:image:width\" content=\"800\" \/>\n\t<meta property=\"og:image:height\" content=\"600\" \/>\n\t<meta property=\"og:image:type\" content=\"image\/webp\" \/>\n<meta name=\"twitter:card\" content=\"summary_large_image\" \/>\n<meta name=\"twitter:label1\" content=\"Ber\u00e4knad l\u00e4stid\" \/>\n\t<meta name=\"twitter:data1\" content=\"1 minut\" \/>\n<script type=\"application\/ld+json\" class=\"yoast-schema-graph\">{\"@context\":\"https:\/\/schema.org\",\"@graph\":[{\"@type\":\"WebPage\",\"@id\":\"https:\/\/autopartscenter24.com\/auton-varaosat\/1-6-bgu-moottori-audi-a3-vw-golf-v-toledo-iii\/\",\"url\":\"https:\/\/autopartscenter24.com\/auton-varaosat\/1-6-bgu-moottori-audi-a3-vw-golf-v-toledo-iii\/\",\"name\":\"1.6 \\\"BGU\\\" Motor [Golf, Caddy, Touran, Octavia, A3]\",\"isPartOf\":{\"@id\":\"https:\/\/autopartscenter24.com\/#website\"},\"primaryImageOfPage\":{\"@id\":\"https:\/\/autopartscenter24.com\/auton-varaosat\/1-6-bgu-moottori-audi-a3-vw-golf-v-toledo-iii\/#primaryimage\"},\"image\":{\"@id\":\"https:\/\/autopartscenter24.com\/auton-varaosat\/1-6-bgu-moottori-audi-a3-vw-golf-v-toledo-iii\/#primaryimage\"},\"thumbnailUrl\":\"https:\/\/autopartscenter24.com\/wp-content\/uploads\/2023\/03\/1-6-BGU-moottori-audi-a3-vw-golf-v-toledo-iii-1.webp\",\"datePublished\":\"2023-11-26T13:34:49+00:00\",\"description\":\"En av de motorer som vi ofta har tillg\u00e4ngliga. Skicka en f\u00f6rfr\u00e5gan och f\u00e5 en offert inom 24 timmar. Motorer, v\u00e4xell\u00e5dor och andra bildelar under garanti.\",\"breadcrumb\":{\"@id\":\"https:\/\/autopartscenter24.com\/auton-varaosat\/1-6-bgu-moottori-audi-a3-vw-golf-v-toledo-iii\/#breadcrumb\"},\"inLanguage\":\"sv-SE\",\"potentialAction\":[{\"@type\":\"ReadAction\",\"target\":[\"https:\/\/autopartscenter24.com\/auton-varaosat\/1-6-bgu-moottori-audi-a3-vw-golf-v-toledo-iii\/\"]}]},{\"@type\":\"ImageObject\",\"inLanguage\":\"sv-SE\",\"@id\":\"https:\/\/autopartscenter24.com\/auton-varaosat\/1-6-bgu-moottori-audi-a3-vw-golf-v-toledo-iii\/#primaryimage\",\"url\":\"https:\/\/autopartscenter24.com\/wp-content\/uploads\/2023\/03\/1-6-BGU-moottori-audi-a3-vw-golf-v-toledo-iii-1.webp\",\"contentUrl\":\"https:\/\/autopartscenter24.com\/wp-content\/uploads\/2023\/03\/1-6-BGU-moottori-audi-a3-vw-golf-v-toledo-iii-1.webp\",\"width\":800,\"height\":600},{\"@type\":\"BreadcrumbList\",\"@id\":\"https:\/\/autopartscenter24.com\/auton-varaosat\/1-6-bgu-moottori-audi-a3-vw-golf-v-toledo-iii\/#breadcrumb\",\"itemListElement\":[{\"@type\":\"ListItem\",\"position\":1,\"name\":\"Hem\",\"item\":\"https:\/\/aliceblue-termite-662564.hostingersite.com\/\"},{\"@type\":\"ListItem\",\"position\":2,\"name\":\"Auton varaosat\",\"item\":\"https:\/\/aliceblue-termite-662564.hostingersite.com\/auton-varaosat\/\"},{\"@type\":\"ListItem\",\"position\":3,\"name\":\"1.6 &#8221;BGU&#8221; Motor [Golf, Caddy, Touran, Octavia, A3]\"}]},{\"@type\":\"WebSite\",\"@id\":\"https:\/\/autopartscenter24.com\/#website\",\"url\":\"https:\/\/autopartscenter24.com\/\",\"name\":\"Autopartscenter24\",\"description\":\"K\u00c4YTETYT JA KUNNOSTETUT  AUTON VARAOSAT\",\"potentialAction\":[{\"@type\":\"SearchAction\",\"target\":{\"@type\":\"EntryPoint\",\"urlTemplate\":\"https:\/\/autopartscenter24.com\/?s={search_term_string}\"},\"query-input\":{\"@type\":\"PropertyValueSpecification\",\"valueRequired\":true,\"valueName\":\"search_term_string\"}}],\"inLanguage\":\"sv-SE\"}]}<\/script>\n<!-- \/ Yoast SEO plugin. -->","yoast_head_json":{"title":"1.6 \"BGU\" Motor [Golf, Caddy, Touran, Octavia, A3]","description":"En av de motorer som vi ofta har tillg\u00e4ngliga. Skicka en f\u00f6rfr\u00e5gan och f\u00e5 en offert inom 24 timmar. Motorer, v\u00e4xell\u00e5dor och andra bildelar under garanti.","robots":{"index":"index","follow":"follow","max-snippet":"max-snippet:-1","max-image-preview":"max-image-preview:large","max-video-preview":"max-video-preview:-1"},"canonical":"https:\/\/autopartscenter24.com\/sv\/auton-varaosat\/1-6-bgu-moottori-audi-a3-vw-golf-v-toledo-iii\/","og_locale":"sv_SE","og_type":"article","og_title":"1.6 \"BGU\" Motor [Golf, Caddy, Touran, Octavia, A3]","og_description":"En av de motorer som vi ofta har tillg\u00e4ngliga. Skicka en f\u00f6rfr\u00e5gan och f\u00e5 en offert inom 24 timmar. Motorer, v\u00e4xell\u00e5dor och andra bildelar under garanti.","og_url":"https:\/\/autopartscenter24.com\/sv\/auton-varaosat\/1-6-bgu-moottori-audi-a3-vw-golf-v-toledo-iii\/","og_site_name":"Autopartscenter24","og_image":[{"width":800,"height":600,"url":"https:\/\/autopartscenter24.com\/wp-content\/uploads\/2023\/03\/1-6-BGU-moottori-audi-a3-vw-golf-v-toledo-iii-1.webp","type":"image\/webp"}],"twitter_card":"summary_large_image","twitter_misc":{"Ber\u00e4knad l\u00e4stid":"1 minut"},"schema":{"@context":"https:\/\/schema.org","@graph":[{"@type":"WebPage","@id":"https:\/\/autopartscenter24.com\/auton-varaosat\/1-6-bgu-moottori-audi-a3-vw-golf-v-toledo-iii\/","url":"https:\/\/autopartscenter24.com\/auton-varaosat\/1-6-bgu-moottori-audi-a3-vw-golf-v-toledo-iii\/","name":"1.6 \"BGU\" Motor [Golf, Caddy, Touran, Octavia, A3]","isPartOf":{"@id":"https:\/\/autopartscenter24.com\/#website"},"primaryImageOfPage":{"@id":"https:\/\/autopartscenter24.com\/auton-varaosat\/1-6-bgu-moottori-audi-a3-vw-golf-v-toledo-iii\/#primaryimage"},"image":{"@id":"https:\/\/autopartscenter24.com\/auton-varaosat\/1-6-bgu-moottori-audi-a3-vw-golf-v-toledo-iii\/#primaryimage"},"thumbnailUrl":"https:\/\/autopartscenter24.com\/wp-content\/uploads\/2023\/03\/1-6-BGU-moottori-audi-a3-vw-golf-v-toledo-iii-1.webp","datePublished":"2023-11-26T13:34:49+00:00","description":"En av de motorer som vi ofta har tillg\u00e4ngliga. Skicka en f\u00f6rfr\u00e5gan och f\u00e5 en offert inom 24 timmar. Motorer, v\u00e4xell\u00e5dor och andra bildelar under garanti.","breadcrumb":{"@id":"https:\/\/autopartscenter24.com\/auton-varaosat\/1-6-bgu-moottori-audi-a3-vw-golf-v-toledo-iii\/#breadcrumb"},"inLanguage":"sv-SE","potentialAction":[{"@type":"ReadAction","target":["https:\/\/autopartscenter24.com\/auton-varaosat\/1-6-bgu-moottori-audi-a3-vw-golf-v-toledo-iii\/"]}]},{"@type":"ImageObject","inLanguage":"sv-SE","@id":"https:\/\/autopartscenter24.com\/auton-varaosat\/1-6-bgu-moottori-audi-a3-vw-golf-v-toledo-iii\/#primaryimage","url":"https:\/\/autopartscenter24.com\/wp-content\/uploads\/2023\/03\/1-6-BGU-moottori-audi-a3-vw-golf-v-toledo-iii-1.webp","contentUrl":"https:\/\/autopartscenter24.com\/wp-content\/uploads\/2023\/03\/1-6-BGU-moottori-audi-a3-vw-golf-v-toledo-iii-1.webp","width":800,"height":600},{"@type":"BreadcrumbList","@id":"https:\/\/autopartscenter24.com\/auton-varaosat\/1-6-bgu-moottori-audi-a3-vw-golf-v-toledo-iii\/#breadcrumb","itemListElement":[{"@type":"ListItem","position":1,"name":"Hem","item":"https:\/\/aliceblue-termite-662564.hostingersite.com\/"},{"@type":"ListItem","position":2,"name":"Auton varaosat","item":"https:\/\/aliceblue-termite-662564.hostingersite.com\/auton-varaosat\/"},{"@type":"ListItem","position":3,"name":"1.6 &#8221;BGU&#8221; Motor [Golf, Caddy, Touran, Octavia, A3]"}]},{"@type":"WebSite","@id":"https:\/\/autopartscenter24.com\/#website","url":"https:\/\/autopartscenter24.com\/","name":"Autopartscenter24","description":"K\u00c4YTETYT JA KUNNOSTETUT  AUTON VARAOSAT","potentialAction":[{"@type":"SearchAction","target":{"@type":"EntryPoint","urlTemplate":"https:\/\/autopartscenter24.com\/?s={search_term_string}"},"query-input":{"@type":"PropertyValueSpecification","valueRequired":true,"valueName":"search_term_string"}}],"inLanguage":"sv-SE"}]}},"_links":{"self":[{"href":"https:\/\/autopartscenter24.com\/sv\/wp-json\/wp\/v2\/product\/5476","targetHints":{"allow":["GET"]}}],"collection":[{"href":"https:\/\/autopartscenter24.com\/sv\/wp-json\/wp\/v2\/product"}],"about":[{"href":"https:\/\/autopartscenter24.com\/sv\/wp-json\/wp\/v2\/types\/product"}],"wp:featuredmedia":[{"embeddable":true,"href":"https:\/\/autopartscenter24.com\/sv\/wp-json\/wp\/v2\/media\/4739"}],"wp:attachment":[{"href":"https:\/\/autopartscenter24.com\/sv\/wp-json\/wp\/v2\/media?parent=5476"}],"wp:term":[{"taxonomy":"product_brand","embeddable":true,"href":"https:\/\/autopartscenter24.com\/sv\/wp-json\/wp\/v2\/product_brand?post=5476"},{"taxonomy":"product_cat","embeddable":true,"href":"https:\/\/autopartscenter24.com\/sv\/wp-json\/wp\/v2\/product_cat?post=5476"},{"taxonomy":"product_tag","embeddable":true,"href":"https:\/\/autopartscenter24.com\/sv\/wp-json\/wp\/v2\/product_tag?post=5476"}],"curies":[{"name":"wp","href":"https:\/\/api.w.org\/{rel}","templated":true}]}}