{"id":5475,"date":"2023-03-08T18:45:04","date_gmt":"2023-11-26T13:32:45","guid":{"rendered":"https:\/\/autopartscenter24.com\/product\/3-0-tdi-bmk-motor-audi-a4-a6-a8-phaeton\/"},"modified":"2023-11-26T14:32:46","modified_gmt":"2023-11-26T13:32:46","slug":"3-0-tdi-bmk-motor-audi-a6-c6","status":"publish","type":"product","link":"https:\/\/autopartscenter24.com\/sv\/auton-varaosat\/3-0-tdi-bmk-motor-audi-a6-c6\/","title":{"rendered":"3.0 TDI &#8221;BMK&#8221; Motor [Audi A4, A6, A8, Phaeton]"},"content":{"rendered":"<p>Audi har producerat ett flertal dieselmotorer, varav en av de mest popul\u00e4ra \u00e4r 3.0 TDI-motorn. Denna motor har anv\u00e4nts i m\u00e5nga Audi-modeller och \u00e4r mer k\u00e4nd under sin motorkod BMK. Motorn \u00e4r designad f\u00f6r att ge tillf\u00f6rlitlighet, ekonomi och utm\u00e4rkta prestanda.<\/p>\n<p>BMK-motorkoden f\u00f6r Audi 3.0 TDI-motorn inneb\u00e4r att motorn har en volym p\u00e5 3,0 liter och att det \u00e4r en dieselmotor. Motorn \u00e4r gjord av aluminium vilket g\u00f6r den l\u00e4tt men h\u00e5llbar. Motorns vevaxel \u00e4r exakt slipad, och kolvarna \u00e4r gjorda av slitstarkt material. Motorn har \u00e4ven tv\u00e5 turboladdare som ger snabb acceleration och \u00f6kar br\u00e4nsleekonomin.<\/p>\n<p>Den st\u00f6rsta f\u00f6rdelen med 3.0 TDI-motorn \u00e4r dess prestanda. Motorn har 6 cylindrar som ger upp till 240 h\u00e4stkrafter och hela 500 Nm i vridmoment. Detta g\u00f6r motorn till ett utm\u00e4rkt val f\u00f6r att driva st\u00f6rre bilar som Audi Q7 och Audi A8. Samtidigt \u00e4r motorn mycket ekonomisk, eftersom dess kombinerade br\u00e4nslef\u00f6rbrukning \u00e4r mindre \u00e4n 8 liter per hundra kilometer.<\/p>\n","protected":false},"excerpt":{"rendered":"<p>Audi har installerat 3.0 TDI BMK-motorn i flera av sina bilar. Nedan \u00e4r en lista \u00f6ver bilar d\u00e4r motorn har anv\u00e4nts, samt \u00e5rsmodellerna n\u00e4r motorn var tillg\u00e4nglig:<\/p>\n<ul>\n<li>Audi A4 (2005-2008)<\/li>\n<li>Audi A5 (2007-2011)<\/li>\n<li>Audi A6 (2004-2011)<\/li>\n<li>Audi A7 (2010-2011)<\/li>\n<li>Audi A8 (2003-2011)<\/li>\n<li>Audi Q5 (2008-2011)<\/li>\n<li>Audi Q7 (2006-2010)<\/li>\n<\/ul>\n","protected":false},"featured_media":4719,"template":"","meta":[],"product_brand":[],"product_cat":[468],"product_tag":[689,691,696,697],"class_list":{"0":"post-5475","1":"product","2":"type-product","3":"status-publish","4":"has-post-thumbnail","6":"product_cat-audi-sv","7":"product_tag-a4-sv","8":"product_tag-a6-sv","9":"product_tag-a8-sv","10":"product_tag-phaeton-sv","11":"pa_varaosan-osasto-motor","14":"first","15":"instock","16":"shipping-taxable","17":"product-type-simple"},"yoast_head":"<!-- This site is optimized with the Yoast SEO plugin v26.8 - https:\/\/yoast.com\/product\/yoast-seo-wordpress\/ -->\n<title>3.0 TDI &quot;BMK&quot; Motor [Audi A4, A6, A8, Phaeton]<\/title>\n<meta name=\"description\" content=\"En av de motorer som vi ofta har tillg\u00e4ngliga. Skicka en f\u00f6rfr\u00e5gan och f\u00e5 en offert inom 24 timmar. Motorer, v\u00e4xell\u00e5dor och andra bildelar under garanti.\" \/>\n<meta name=\"robots\" content=\"index, follow, max-snippet:-1, max-image-preview:large, max-video-preview:-1\" \/>\n<link rel=\"canonical\" href=\"https:\/\/autopartscenter24.com\/sv\/auton-varaosat\/3-0-tdi-bmk-moottori-audi-a6-c6\/\" \/>\n<meta property=\"og:locale\" content=\"sv_SE\" \/>\n<meta property=\"og:type\" content=\"article\" \/>\n<meta property=\"og:title\" content=\"3.0 TDI &quot;BMK&quot; Motor [Audi A4, A6, A8, Phaeton]\" \/>\n<meta property=\"og:description\" content=\"En av de motorer som vi ofta har tillg\u00e4ngliga. Skicka en f\u00f6rfr\u00e5gan och f\u00e5 en offert inom 24 timmar. Motorer, v\u00e4xell\u00e5dor och andra bildelar under garanti.\" \/>\n<meta property=\"og:url\" content=\"https:\/\/autopartscenter24.com\/sv\/auton-varaosat\/3-0-tdi-bmk-moottori-audi-a6-c6\/\" \/>\n<meta property=\"og:site_name\" content=\"Autopartscenter24\" \/>\n<meta property=\"article:modified_time\" content=\"2023-11-26T13:32:46+00:00\" \/>\n<meta property=\"og:image\" content=\"https:\/\/autopartscenter24.com\/wp-content\/uploads\/2023\/03\/3-0-tdi-bmk-moottori-audi-a6-c6.webp\" \/>\n\t<meta property=\"og:image:width\" content=\"800\" \/>\n\t<meta property=\"og:image:height\" content=\"600\" \/>\n\t<meta property=\"og:image:type\" content=\"image\/webp\" \/>\n<meta name=\"twitter:card\" content=\"summary_large_image\" \/>\n<meta name=\"twitter:label1\" content=\"Ber\u00e4knad l\u00e4stid\" \/>\n\t<meta name=\"twitter:data1\" content=\"1 minut\" \/>\n<script type=\"application\/ld+json\" class=\"yoast-schema-graph\">{\"@context\":\"https:\/\/schema.org\",\"@graph\":[{\"@type\":\"WebPage\",\"@id\":\"https:\/\/autopartscenter24.com\/auton-varaosat\/3-0-tdi-bmk-moottori-audi-a6-c6\/\",\"url\":\"https:\/\/autopartscenter24.com\/auton-varaosat\/3-0-tdi-bmk-moottori-audi-a6-c6\/\",\"name\":\"3.0 TDI \\\"BMK\\\" Motor [Audi A4, A6, A8, Phaeton]\",\"isPartOf\":{\"@id\":\"https:\/\/autopartscenter24.com\/#website\"},\"primaryImageOfPage\":{\"@id\":\"https:\/\/autopartscenter24.com\/auton-varaosat\/3-0-tdi-bmk-moottori-audi-a6-c6\/#primaryimage\"},\"image\":{\"@id\":\"https:\/\/autopartscenter24.com\/auton-varaosat\/3-0-tdi-bmk-moottori-audi-a6-c6\/#primaryimage\"},\"thumbnailUrl\":\"https:\/\/autopartscenter24.com\/wp-content\/uploads\/2023\/03\/3-0-tdi-bmk-moottori-audi-a6-c6.webp\",\"datePublished\":\"2023-11-26T13:32:45+00:00\",\"dateModified\":\"2023-11-26T13:32:46+00:00\",\"description\":\"En av de motorer som vi ofta har tillg\u00e4ngliga. Skicka en f\u00f6rfr\u00e5gan och f\u00e5 en offert inom 24 timmar. Motorer, v\u00e4xell\u00e5dor och andra bildelar under garanti.\",\"breadcrumb\":{\"@id\":\"https:\/\/autopartscenter24.com\/auton-varaosat\/3-0-tdi-bmk-moottori-audi-a6-c6\/#breadcrumb\"},\"inLanguage\":\"sv-SE\",\"potentialAction\":[{\"@type\":\"ReadAction\",\"target\":[\"https:\/\/autopartscenter24.com\/auton-varaosat\/3-0-tdi-bmk-moottori-audi-a6-c6\/\"]}]},{\"@type\":\"ImageObject\",\"inLanguage\":\"sv-SE\",\"@id\":\"https:\/\/autopartscenter24.com\/auton-varaosat\/3-0-tdi-bmk-moottori-audi-a6-c6\/#primaryimage\",\"url\":\"https:\/\/autopartscenter24.com\/wp-content\/uploads\/2023\/03\/3-0-tdi-bmk-moottori-audi-a6-c6.webp\",\"contentUrl\":\"https:\/\/autopartscenter24.com\/wp-content\/uploads\/2023\/03\/3-0-tdi-bmk-moottori-audi-a6-c6.webp\",\"width\":800,\"height\":600},{\"@type\":\"BreadcrumbList\",\"@id\":\"https:\/\/autopartscenter24.com\/auton-varaosat\/3-0-tdi-bmk-moottori-audi-a6-c6\/#breadcrumb\",\"itemListElement\":[{\"@type\":\"ListItem\",\"position\":1,\"name\":\"Hem\",\"item\":\"https:\/\/aliceblue-termite-662564.hostingersite.com\/\"},{\"@type\":\"ListItem\",\"position\":2,\"name\":\"Auton varaosat\",\"item\":\"https:\/\/aliceblue-termite-662564.hostingersite.com\/auton-varaosat\/\"},{\"@type\":\"ListItem\",\"position\":3,\"name\":\"3.0 TDI &#8221;BMK&#8221; Motor [Audi A4, A6, A8, Phaeton]\"}]},{\"@type\":\"WebSite\",\"@id\":\"https:\/\/autopartscenter24.com\/#website\",\"url\":\"https:\/\/autopartscenter24.com\/\",\"name\":\"Autopartscenter24\",\"description\":\"K\u00c4YTETYT JA KUNNOSTETUT  AUTON VARAOSAT\",\"potentialAction\":[{\"@type\":\"SearchAction\",\"target\":{\"@type\":\"EntryPoint\",\"urlTemplate\":\"https:\/\/autopartscenter24.com\/?s={search_term_string}\"},\"query-input\":{\"@type\":\"PropertyValueSpecification\",\"valueRequired\":true,\"valueName\":\"search_term_string\"}}],\"inLanguage\":\"sv-SE\"}]}<\/script>\n<!-- \/ Yoast SEO plugin. -->","yoast_head_json":{"title":"3.0 TDI \"BMK\" Motor [Audi A4, A6, A8, Phaeton]","description":"En av de motorer som vi ofta har tillg\u00e4ngliga. Skicka en f\u00f6rfr\u00e5gan och f\u00e5 en offert inom 24 timmar. Motorer, v\u00e4xell\u00e5dor och andra bildelar under garanti.","robots":{"index":"index","follow":"follow","max-snippet":"max-snippet:-1","max-image-preview":"max-image-preview:large","max-video-preview":"max-video-preview:-1"},"canonical":"https:\/\/autopartscenter24.com\/sv\/auton-varaosat\/3-0-tdi-bmk-moottori-audi-a6-c6\/","og_locale":"sv_SE","og_type":"article","og_title":"3.0 TDI \"BMK\" Motor [Audi A4, A6, A8, Phaeton]","og_description":"En av de motorer som vi ofta har tillg\u00e4ngliga. Skicka en f\u00f6rfr\u00e5gan och f\u00e5 en offert inom 24 timmar. Motorer, v\u00e4xell\u00e5dor och andra bildelar under garanti.","og_url":"https:\/\/autopartscenter24.com\/sv\/auton-varaosat\/3-0-tdi-bmk-moottori-audi-a6-c6\/","og_site_name":"Autopartscenter24","article_modified_time":"2023-11-26T13:32:46+00:00","og_image":[{"width":800,"height":600,"url":"https:\/\/autopartscenter24.com\/wp-content\/uploads\/2023\/03\/3-0-tdi-bmk-moottori-audi-a6-c6.webp","type":"image\/webp"}],"twitter_card":"summary_large_image","twitter_misc":{"Ber\u00e4knad l\u00e4stid":"1 minut"},"schema":{"@context":"https:\/\/schema.org","@graph":[{"@type":"WebPage","@id":"https:\/\/autopartscenter24.com\/auton-varaosat\/3-0-tdi-bmk-moottori-audi-a6-c6\/","url":"https:\/\/autopartscenter24.com\/auton-varaosat\/3-0-tdi-bmk-moottori-audi-a6-c6\/","name":"3.0 TDI \"BMK\" Motor [Audi A4, A6, A8, Phaeton]","isPartOf":{"@id":"https:\/\/autopartscenter24.com\/#website"},"primaryImageOfPage":{"@id":"https:\/\/autopartscenter24.com\/auton-varaosat\/3-0-tdi-bmk-moottori-audi-a6-c6\/#primaryimage"},"image":{"@id":"https:\/\/autopartscenter24.com\/auton-varaosat\/3-0-tdi-bmk-moottori-audi-a6-c6\/#primaryimage"},"thumbnailUrl":"https:\/\/autopartscenter24.com\/wp-content\/uploads\/2023\/03\/3-0-tdi-bmk-moottori-audi-a6-c6.webp","datePublished":"2023-11-26T13:32:45+00:00","dateModified":"2023-11-26T13:32:46+00:00","description":"En av de motorer som vi ofta har tillg\u00e4ngliga. Skicka en f\u00f6rfr\u00e5gan och f\u00e5 en offert inom 24 timmar. Motorer, v\u00e4xell\u00e5dor och andra bildelar under garanti.","breadcrumb":{"@id":"https:\/\/autopartscenter24.com\/auton-varaosat\/3-0-tdi-bmk-moottori-audi-a6-c6\/#breadcrumb"},"inLanguage":"sv-SE","potentialAction":[{"@type":"ReadAction","target":["https:\/\/autopartscenter24.com\/auton-varaosat\/3-0-tdi-bmk-moottori-audi-a6-c6\/"]}]},{"@type":"ImageObject","inLanguage":"sv-SE","@id":"https:\/\/autopartscenter24.com\/auton-varaosat\/3-0-tdi-bmk-moottori-audi-a6-c6\/#primaryimage","url":"https:\/\/autopartscenter24.com\/wp-content\/uploads\/2023\/03\/3-0-tdi-bmk-moottori-audi-a6-c6.webp","contentUrl":"https:\/\/autopartscenter24.com\/wp-content\/uploads\/2023\/03\/3-0-tdi-bmk-moottori-audi-a6-c6.webp","width":800,"height":600},{"@type":"BreadcrumbList","@id":"https:\/\/autopartscenter24.com\/auton-varaosat\/3-0-tdi-bmk-moottori-audi-a6-c6\/#breadcrumb","itemListElement":[{"@type":"ListItem","position":1,"name":"Hem","item":"https:\/\/aliceblue-termite-662564.hostingersite.com\/"},{"@type":"ListItem","position":2,"name":"Auton varaosat","item":"https:\/\/aliceblue-termite-662564.hostingersite.com\/auton-varaosat\/"},{"@type":"ListItem","position":3,"name":"3.0 TDI &#8221;BMK&#8221; Motor [Audi A4, A6, A8, Phaeton]"}]},{"@type":"WebSite","@id":"https:\/\/autopartscenter24.com\/#website","url":"https:\/\/autopartscenter24.com\/","name":"Autopartscenter24","description":"K\u00c4YTETYT JA KUNNOSTETUT  AUTON VARAOSAT","potentialAction":[{"@type":"SearchAction","target":{"@type":"EntryPoint","urlTemplate":"https:\/\/autopartscenter24.com\/?s={search_term_string}"},"query-input":{"@type":"PropertyValueSpecification","valueRequired":true,"valueName":"search_term_string"}}],"inLanguage":"sv-SE"}]}},"_links":{"self":[{"href":"https:\/\/autopartscenter24.com\/sv\/wp-json\/wp\/v2\/product\/5475","targetHints":{"allow":["GET"]}}],"collection":[{"href":"https:\/\/autopartscenter24.com\/sv\/wp-json\/wp\/v2\/product"}],"about":[{"href":"https:\/\/autopartscenter24.com\/sv\/wp-json\/wp\/v2\/types\/product"}],"wp:featuredmedia":[{"embeddable":true,"href":"https:\/\/autopartscenter24.com\/sv\/wp-json\/wp\/v2\/media\/4719"}],"wp:attachment":[{"href":"https:\/\/autopartscenter24.com\/sv\/wp-json\/wp\/v2\/media?parent=5475"}],"wp:term":[{"taxonomy":"product_brand","embeddable":true,"href":"https:\/\/autopartscenter24.com\/sv\/wp-json\/wp\/v2\/product_brand?post=5475"},{"taxonomy":"product_cat","embeddable":true,"href":"https:\/\/autopartscenter24.com\/sv\/wp-json\/wp\/v2\/product_cat?post=5475"},{"taxonomy":"product_tag","embeddable":true,"href":"https:\/\/autopartscenter24.com\/sv\/wp-json\/wp\/v2\/product_tag?post=5475"}],"curies":[{"name":"wp","href":"https:\/\/api.w.org\/{rel}","templated":true}]}}