{"id":5473,"date":"2023-03-08T18:53:44","date_gmt":"2023-11-26T13:28:38","guid":{"rendered":"https:\/\/autopartscenter24.com\/product\/1-5-t-4b40-motor-mitsubishi-eclipse-cross-outlancer-lancer\/"},"modified":"2023-11-26T14:28:38","modified_gmt":"2023-11-26T13:28:38","slug":"1-5-t-4b40-motor-mitsubishi-eclipse-cross","status":"publish","type":"product","link":"https:\/\/autopartscenter24.com\/sv\/auton-varaosat\/1-5-t-4b40-motor-mitsubishi-eclipse-cross\/","title":{"rendered":"1.5 T &#8221;4B40&#8221; Motor [Mitsubishi Eclipse Cross, Outlancer, Lancer]"},"content":{"rendered":"<div class=\"flex-1 overflow-hidden\">\n<div class=\"react-scroll-to-bottom--css-fagce-79elbk h-full dark:bg-gray-800\">\n<div class=\"react-scroll-to-bottom--css-fagce-1n7m0yu\">\n<div class=\"flex flex-col items-center text-sm dark:bg-gray-800\">\n<div class=\"w-full border-b border-black\/10 dark:border-gray-900\/50 text-gray-800 dark:text-gray-100 group bg-gray-50 dark:bg-[#444654]\">\n<div class=\"text-base gap-4 md:gap-6 m-auto md:max-w-2xl lg:max-w-2xl xl:max-w-3xl p-4 md:py-6 flex lg:px-0\">\n<div class=\"relative flex w-[calc(100%-50px)] flex-col gap-1 md:gap-3 lg:w-[calc(100%-115px)]\">\n<div class=\"flex flex-grow flex-col gap-3\">\n<div class=\"min-h-[20px] flex flex-col items-start gap-4 whitespace-pre-wrap\">\n<div class=\"markdown prose w-full break-words dark:prose-invert light\">\n<p>1,5 T-motorn med motorkoden &#8221;<strong>4B40<\/strong>&#8221; utvecklades av Mitsubishi. Det \u00e4r en fyrcylindrig motor designad f\u00f6r anv\u00e4ndning i olika personbilar. Den st\u00f6rsta f\u00f6rdelen med denna motor \u00e4r dess prestanda, ekonomi och tillf\u00f6rlitlighet.<\/p>\n<p>Den st\u00f6rsta f\u00f6rdelen med Mitsubishi 1,5 T-motorn \u00e4r dess kompakta struktur och l\u00e4tthet, vilket g\u00f6r att den kan anv\u00e4ndas i mindre bilar, men samtidigt erbjuder tillr\u00e4cklig kraft och prestanda. Motorn anv\u00e4nder direktinsprutning (GDI), vilket garanterar optimal br\u00e4nsleinsprutning och f\u00f6rbr\u00e4nning. Motorn har \u00e4ven en l\u00e5gtrycksturboladdare som f\u00f6rb\u00e4ttrar motorns prestanda och \u00f6kar vridmomentet vid l\u00e5ga varv.<\/p>\n<p>Motorns vevaxel \u00e4r gjord av h\u00f6gkvalitativt st\u00e5l, vilket g\u00f6r den h\u00e5llbar och minskar vibrationer. Motorns cylindrar \u00e4r gjorda av slitstarkt gjutj\u00e4rn, vilket f\u00f6rb\u00e4ttrar motorns h\u00e5llbarhet. Motorns kolvar \u00e4r gjorda av aluminium vilket g\u00f6r dem l\u00e4tta och h\u00e5llbara.<\/p>\n<p>Mitsubishi 1,5 T-motorn \u00e4r ocks\u00e5 mycket ekonomisk. Motorn har en start-stopp-funktion, som st\u00e4nger av motorn automatiskt n\u00e4r bilen stannar vid ett trafikljus eller i trafikstockning. Motorn har \u00e4ven ett system som f\u00f6rhindrar att motorn \u00f6verhettas, vilket minskar br\u00e4nslef\u00f6rbrukningen och \u00f6kar motorns livsl\u00e4ngd.<\/p>\n<p>Ut\u00f6ver de som n\u00e4mnts ovan har motorn \u00e4ven anv\u00e4nts i andra Mitsubishi-modeller. Motorns livsl\u00e4ngd och prestanda beror p\u00e5 m\u00e5nga faktorer, s\u00e5som k\u00f6rstil, servicehistorik och driftsf\u00f6rh\u00e5llanden.<\/p>\n<\/div>\n<\/div>\n<\/div>\n<\/div>\n<\/div>\n<\/div>\n<\/div>\n<p>&nbsp;<\/p>\n<\/div>\n<\/div>\n<\/div>\n<div class=\"absolute bottom-0 left-0 w-full border-t md:border-t-0 dark:border-white\/20 md:border-transparent md:dark:border-transparent md:bg-vert-light-gradient bg-white dark:bg-gray-800 md:!bg-transparent dark:md:bg-vert-dark-gradient\">\n<form class=\"stretch mx-2 flex flex-row gap-3 pt-2 last:mb-2 md:last:mb-6 lg:mx-auto lg:max-w-3xl lg:pt-6\">\n<div class=\"relative flex h-full flex-1 md:flex-col\">\n<div class=\"flex ml-1 mt-1.5 md:w-full md:m-auto md:mb-2 gap-0 md:gap-2 justify-center\"><\/div>\n<\/div>\n<\/form>\n<\/div>\n","protected":false},"excerpt":{"rendered":"<p>Mitsubishi 1,5 T-motorn har funnits i flera bilmodeller. H\u00e4r \u00e4r en lista \u00f6ver n\u00e5gra av bilarna som motorn har anv\u00e4nts i:<\/p>\n<ul>\n<li>Mitsubishi ASX (2010-2016)<\/li>\n<li>Mitsubishi Lancer (2016-2017)<\/li>\n<li>Mitsubishi Outlander (2013-2017)<\/li>\n<li>Mitsubishi Eclipse Cross (2017-2020)<\/li>\n<\/ul>\n","protected":false},"featured_media":4729,"template":"","meta":[],"product_brand":[],"product_cat":[597],"product_tag":[695,694,693],"class_list":{"0":"post-5473","1":"product","2":"type-product","3":"status-publish","4":"has-post-thumbnail","6":"product_cat-mitsubishi-sv","7":"product_tag-eclipse-cross-sv","8":"product_tag-lancer-sv","9":"product_tag-outlander-sv","10":"pa_varaosan-osasto-motor","13":"first","14":"instock","15":"shipping-taxable","16":"product-type-simple"},"yoast_head":"<!-- This site is optimized with the Yoast SEO plugin v26.8 - https:\/\/yoast.com\/product\/yoast-seo-wordpress\/ -->\n<title>1.5 T &quot;4B40&quot; Motor [Mitsubishi Eclipse Cross, Outlancer, Lancer]<\/title>\n<meta name=\"description\" content=\"En av de motorer som vi ofta har tillg\u00e4ngliga. Skicka en f\u00f6rfr\u00e5gan och f\u00e5 en offert inom 24 timmar. Motorer, v\u00e4xell\u00e5dor och andra bildelar under garanti.\" \/>\n<meta name=\"robots\" content=\"index, follow, max-snippet:-1, max-image-preview:large, max-video-preview:-1\" \/>\n<link rel=\"canonical\" href=\"https:\/\/autopartscenter24.com\/sv\/auton-varaosat\/1-5-t-4b40-moottori-mitsubishi-eclipse-cross\/\" \/>\n<meta property=\"og:locale\" content=\"sv_SE\" \/>\n<meta property=\"og:type\" content=\"article\" \/>\n<meta property=\"og:title\" content=\"1.5 T &quot;4B40&quot; Motor [Mitsubishi Eclipse Cross, Outlancer, Lancer]\" \/>\n<meta property=\"og:description\" content=\"En av de motorer som vi ofta har tillg\u00e4ngliga. Skicka en f\u00f6rfr\u00e5gan och f\u00e5 en offert inom 24 timmar. Motorer, v\u00e4xell\u00e5dor och andra bildelar under garanti.\" \/>\n<meta property=\"og:url\" content=\"https:\/\/autopartscenter24.com\/sv\/auton-varaosat\/1-5-t-4b40-moottori-mitsubishi-eclipse-cross\/\" \/>\n<meta property=\"og:site_name\" content=\"Autopartscenter24\" \/>\n<meta property=\"og:image\" content=\"https:\/\/autopartscenter24.com\/wp-content\/uploads\/2023\/03\/1-5-t-4b40-moottori-mitsubishi-eclipse-cross.webp\" \/>\n\t<meta property=\"og:image:width\" content=\"800\" \/>\n\t<meta property=\"og:image:height\" content=\"600\" \/>\n\t<meta property=\"og:image:type\" content=\"image\/webp\" \/>\n<meta name=\"twitter:card\" content=\"summary_large_image\" \/>\n<meta name=\"twitter:label1\" content=\"Ber\u00e4knad l\u00e4stid\" \/>\n\t<meta name=\"twitter:data1\" content=\"1 minut\" \/>\n<script type=\"application\/ld+json\" class=\"yoast-schema-graph\">{\"@context\":\"https:\/\/schema.org\",\"@graph\":[{\"@type\":\"WebPage\",\"@id\":\"https:\/\/autopartscenter24.com\/auton-varaosat\/1-5-t-4b40-moottori-mitsubishi-eclipse-cross\/\",\"url\":\"https:\/\/autopartscenter24.com\/auton-varaosat\/1-5-t-4b40-moottori-mitsubishi-eclipse-cross\/\",\"name\":\"1.5 T \\\"4B40\\\" Motor [Mitsubishi Eclipse Cross, Outlancer, Lancer]\",\"isPartOf\":{\"@id\":\"https:\/\/autopartscenter24.com\/#website\"},\"primaryImageOfPage\":{\"@id\":\"https:\/\/autopartscenter24.com\/auton-varaosat\/1-5-t-4b40-moottori-mitsubishi-eclipse-cross\/#primaryimage\"},\"image\":{\"@id\":\"https:\/\/autopartscenter24.com\/auton-varaosat\/1-5-t-4b40-moottori-mitsubishi-eclipse-cross\/#primaryimage\"},\"thumbnailUrl\":\"https:\/\/autopartscenter24.com\/wp-content\/uploads\/2023\/03\/1-5-t-4b40-moottori-mitsubishi-eclipse-cross.webp\",\"datePublished\":\"2023-11-26T13:28:38+00:00\",\"description\":\"En av de motorer som vi ofta har tillg\u00e4ngliga. Skicka en f\u00f6rfr\u00e5gan och f\u00e5 en offert inom 24 timmar. Motorer, v\u00e4xell\u00e5dor och andra bildelar under garanti.\",\"breadcrumb\":{\"@id\":\"https:\/\/autopartscenter24.com\/auton-varaosat\/1-5-t-4b40-moottori-mitsubishi-eclipse-cross\/#breadcrumb\"},\"inLanguage\":\"sv-SE\",\"potentialAction\":[{\"@type\":\"ReadAction\",\"target\":[\"https:\/\/autopartscenter24.com\/auton-varaosat\/1-5-t-4b40-moottori-mitsubishi-eclipse-cross\/\"]}]},{\"@type\":\"ImageObject\",\"inLanguage\":\"sv-SE\",\"@id\":\"https:\/\/autopartscenter24.com\/auton-varaosat\/1-5-t-4b40-moottori-mitsubishi-eclipse-cross\/#primaryimage\",\"url\":\"https:\/\/autopartscenter24.com\/wp-content\/uploads\/2023\/03\/1-5-t-4b40-moottori-mitsubishi-eclipse-cross.webp\",\"contentUrl\":\"https:\/\/autopartscenter24.com\/wp-content\/uploads\/2023\/03\/1-5-t-4b40-moottori-mitsubishi-eclipse-cross.webp\",\"width\":800,\"height\":600},{\"@type\":\"BreadcrumbList\",\"@id\":\"https:\/\/autopartscenter24.com\/auton-varaosat\/1-5-t-4b40-moottori-mitsubishi-eclipse-cross\/#breadcrumb\",\"itemListElement\":[{\"@type\":\"ListItem\",\"position\":1,\"name\":\"Hem\",\"item\":\"https:\/\/aliceblue-termite-662564.hostingersite.com\/\"},{\"@type\":\"ListItem\",\"position\":2,\"name\":\"Auton varaosat\",\"item\":\"https:\/\/aliceblue-termite-662564.hostingersite.com\/auton-varaosat\/\"},{\"@type\":\"ListItem\",\"position\":3,\"name\":\"1.5 T &#8221;4B40&#8221; Motor [Mitsubishi Eclipse Cross, Outlancer, Lancer]\"}]},{\"@type\":\"WebSite\",\"@id\":\"https:\/\/autopartscenter24.com\/#website\",\"url\":\"https:\/\/autopartscenter24.com\/\",\"name\":\"Autopartscenter24\",\"description\":\"K\u00c4YTETYT JA KUNNOSTETUT  AUTON VARAOSAT\",\"potentialAction\":[{\"@type\":\"SearchAction\",\"target\":{\"@type\":\"EntryPoint\",\"urlTemplate\":\"https:\/\/autopartscenter24.com\/?s={search_term_string}\"},\"query-input\":{\"@type\":\"PropertyValueSpecification\",\"valueRequired\":true,\"valueName\":\"search_term_string\"}}],\"inLanguage\":\"sv-SE\"}]}<\/script>\n<!-- \/ Yoast SEO plugin. -->","yoast_head_json":{"title":"1.5 T \"4B40\" Motor [Mitsubishi Eclipse Cross, Outlancer, Lancer]","description":"En av de motorer som vi ofta har tillg\u00e4ngliga. Skicka en f\u00f6rfr\u00e5gan och f\u00e5 en offert inom 24 timmar. Motorer, v\u00e4xell\u00e5dor och andra bildelar under garanti.","robots":{"index":"index","follow":"follow","max-snippet":"max-snippet:-1","max-image-preview":"max-image-preview:large","max-video-preview":"max-video-preview:-1"},"canonical":"https:\/\/autopartscenter24.com\/sv\/auton-varaosat\/1-5-t-4b40-moottori-mitsubishi-eclipse-cross\/","og_locale":"sv_SE","og_type":"article","og_title":"1.5 T \"4B40\" Motor [Mitsubishi Eclipse Cross, Outlancer, Lancer]","og_description":"En av de motorer som vi ofta har tillg\u00e4ngliga. Skicka en f\u00f6rfr\u00e5gan och f\u00e5 en offert inom 24 timmar. Motorer, v\u00e4xell\u00e5dor och andra bildelar under garanti.","og_url":"https:\/\/autopartscenter24.com\/sv\/auton-varaosat\/1-5-t-4b40-moottori-mitsubishi-eclipse-cross\/","og_site_name":"Autopartscenter24","og_image":[{"width":800,"height":600,"url":"https:\/\/autopartscenter24.com\/wp-content\/uploads\/2023\/03\/1-5-t-4b40-moottori-mitsubishi-eclipse-cross.webp","type":"image\/webp"}],"twitter_card":"summary_large_image","twitter_misc":{"Ber\u00e4knad l\u00e4stid":"1 minut"},"schema":{"@context":"https:\/\/schema.org","@graph":[{"@type":"WebPage","@id":"https:\/\/autopartscenter24.com\/auton-varaosat\/1-5-t-4b40-moottori-mitsubishi-eclipse-cross\/","url":"https:\/\/autopartscenter24.com\/auton-varaosat\/1-5-t-4b40-moottori-mitsubishi-eclipse-cross\/","name":"1.5 T \"4B40\" Motor [Mitsubishi Eclipse Cross, Outlancer, Lancer]","isPartOf":{"@id":"https:\/\/autopartscenter24.com\/#website"},"primaryImageOfPage":{"@id":"https:\/\/autopartscenter24.com\/auton-varaosat\/1-5-t-4b40-moottori-mitsubishi-eclipse-cross\/#primaryimage"},"image":{"@id":"https:\/\/autopartscenter24.com\/auton-varaosat\/1-5-t-4b40-moottori-mitsubishi-eclipse-cross\/#primaryimage"},"thumbnailUrl":"https:\/\/autopartscenter24.com\/wp-content\/uploads\/2023\/03\/1-5-t-4b40-moottori-mitsubishi-eclipse-cross.webp","datePublished":"2023-11-26T13:28:38+00:00","description":"En av de motorer som vi ofta har tillg\u00e4ngliga. Skicka en f\u00f6rfr\u00e5gan och f\u00e5 en offert inom 24 timmar. Motorer, v\u00e4xell\u00e5dor och andra bildelar under garanti.","breadcrumb":{"@id":"https:\/\/autopartscenter24.com\/auton-varaosat\/1-5-t-4b40-moottori-mitsubishi-eclipse-cross\/#breadcrumb"},"inLanguage":"sv-SE","potentialAction":[{"@type":"ReadAction","target":["https:\/\/autopartscenter24.com\/auton-varaosat\/1-5-t-4b40-moottori-mitsubishi-eclipse-cross\/"]}]},{"@type":"ImageObject","inLanguage":"sv-SE","@id":"https:\/\/autopartscenter24.com\/auton-varaosat\/1-5-t-4b40-moottori-mitsubishi-eclipse-cross\/#primaryimage","url":"https:\/\/autopartscenter24.com\/wp-content\/uploads\/2023\/03\/1-5-t-4b40-moottori-mitsubishi-eclipse-cross.webp","contentUrl":"https:\/\/autopartscenter24.com\/wp-content\/uploads\/2023\/03\/1-5-t-4b40-moottori-mitsubishi-eclipse-cross.webp","width":800,"height":600},{"@type":"BreadcrumbList","@id":"https:\/\/autopartscenter24.com\/auton-varaosat\/1-5-t-4b40-moottori-mitsubishi-eclipse-cross\/#breadcrumb","itemListElement":[{"@type":"ListItem","position":1,"name":"Hem","item":"https:\/\/aliceblue-termite-662564.hostingersite.com\/"},{"@type":"ListItem","position":2,"name":"Auton varaosat","item":"https:\/\/aliceblue-termite-662564.hostingersite.com\/auton-varaosat\/"},{"@type":"ListItem","position":3,"name":"1.5 T &#8221;4B40&#8221; Motor [Mitsubishi Eclipse Cross, Outlancer, Lancer]"}]},{"@type":"WebSite","@id":"https:\/\/autopartscenter24.com\/#website","url":"https:\/\/autopartscenter24.com\/","name":"Autopartscenter24","description":"K\u00c4YTETYT JA KUNNOSTETUT  AUTON VARAOSAT","potentialAction":[{"@type":"SearchAction","target":{"@type":"EntryPoint","urlTemplate":"https:\/\/autopartscenter24.com\/?s={search_term_string}"},"query-input":{"@type":"PropertyValueSpecification","valueRequired":true,"valueName":"search_term_string"}}],"inLanguage":"sv-SE"}]}},"_links":{"self":[{"href":"https:\/\/autopartscenter24.com\/sv\/wp-json\/wp\/v2\/product\/5473","targetHints":{"allow":["GET"]}}],"collection":[{"href":"https:\/\/autopartscenter24.com\/sv\/wp-json\/wp\/v2\/product"}],"about":[{"href":"https:\/\/autopartscenter24.com\/sv\/wp-json\/wp\/v2\/types\/product"}],"wp:featuredmedia":[{"embeddable":true,"href":"https:\/\/autopartscenter24.com\/sv\/wp-json\/wp\/v2\/media\/4729"}],"wp:attachment":[{"href":"https:\/\/autopartscenter24.com\/sv\/wp-json\/wp\/v2\/media?parent=5473"}],"wp:term":[{"taxonomy":"product_brand","embeddable":true,"href":"https:\/\/autopartscenter24.com\/sv\/wp-json\/wp\/v2\/product_brand?post=5473"},{"taxonomy":"product_cat","embeddable":true,"href":"https:\/\/autopartscenter24.com\/sv\/wp-json\/wp\/v2\/product_cat?post=5473"},{"taxonomy":"product_tag","embeddable":true,"href":"https:\/\/autopartscenter24.com\/sv\/wp-json\/wp\/v2\/product_tag?post=5473"}],"curies":[{"name":"wp","href":"https:\/\/api.w.org\/{rel}","templated":true}]}}