{"id":5472,"date":"2023-03-08T18:58:53","date_gmt":"2023-11-26T13:26:12","guid":{"rendered":"https:\/\/autopartscenter24.com\/product\/1-8-kompressor-271952-motor-mb-c-klass-w204\/"},"modified":"2023-11-26T14:26:12","modified_gmt":"2023-11-26T13:26:12","slug":"1-8-komp-271952-motor-mb-klass-c-w204-s204","status":"publish","type":"product","link":"https:\/\/autopartscenter24.com\/sv\/auton-varaosat\/1-8-komp-271952-motor-mb-klass-c-w204-s204\/","title":{"rendered":"1.8 Kompressor &#8221;271952&#8221; Motor [MB C-Klass W204]"},"content":{"rendered":"<p>Den 1,8-liters 4-cylindriga motorn med motorkod <strong>271.952<\/strong> \u00e4r en \u00f6verladdad bensinmotor tillverkad av Mercedes-Benz. Motorn, som kallas en kompressor, anv\u00e4nder laddtryck f\u00f6r att \u00f6ka luftkompressionskapaciteten, vilket \u00f6kar motorns effektivitet. Denna motor \u00e4r speciellt designad f\u00f6r h\u00f6gpresterande fordon, som \u00e4ven inkluderar sportmodeller.<\/p>\n<p>Motorns vevhus \u00e4r tillverkat av gjutj\u00e4rn och har fyra cylindrar. Motorcylindrarna \u00e4r inst\u00e4llda i en 90-graders vinkel, vilket f\u00f6rb\u00e4ttrar motorns effektivitet. Motorn har tv\u00e5 ventiler per cylinder som arbetar tillsammans med vevaxeln. Motorn har ocks\u00e5 ett f\u00f6rgasningssystem som hj\u00e4lper till att tillf\u00f6ra br\u00e4nsle till motorn i r\u00e4tt proportion.<\/p>\n<p>Motorn anv\u00e4nder ocks\u00e5 olika tekniker som hj\u00e4lper till att f\u00f6rb\u00e4ttra dess prestanda och effektivitet. Dessa teknologier inkluderar elektronisk gasreglage som m\u00f6jligg\u00f6r snabbare gasrespons och br\u00e4nsletillf\u00f6rsel. Motorns laddtryck kan \u00e4ven justeras efter behov, s\u00e5 att motorn kan fungera optimalt i alla k\u00f6rsituationer.<\/p>\n<p>Den h\u00e4r motorns prestanda varierar beroende p\u00e5 fordonet, men den \u00e4r vanligtvis kapabel att producera runt 140-180 h\u00e4stkrafter och 220-250 Nm i vridmoment. Motorn kan accelerera de flesta fordon fr\u00e5n 0 till 100 p\u00e5 cirka 9-10 sekunder och n\u00e5 en topphastighet p\u00e5 cirka 200-220 km\/h.<\/p>\n<p>Sammantaget \u00e4r Mercedes-Benz 1,8-liters Kompressor-motor med motorkod 271.952 en kraftfull och p\u00e5litlig motor designad f\u00f6r att leverera f\u00f6rstklassig prestanda.<\/p>\n","protected":false},"excerpt":{"rendered":"<p>Den 1,8-liters Kompressor-motorn tillverkad av Mercedes-Benz med motorkod 271.952 \u00e4r installerad i flera Mercedes-fordon. Motorn anv\u00e4ndes bland annat i f\u00f6ljande modeller och \u00e5rsmodeller:<\/p>\n<ul>\n<li>Mercedes-Benz C 180 Kompressor (W203) 2002\u20132007<\/li>\n<li>Mercedes-Benz CLC 180 Kompressor 2008\u20132010<\/li>\n<li>Mercedes-Benz E 200 Kompressor (W211) 2002\u20132006<\/li>\n<li>Mercedes-Benz SLK 200 Kompressor 2004\u20132011<\/li>\n<\/ul>\n","protected":false},"featured_media":4734,"template":"","meta":[],"product_brand":[],"product_cat":[593],"product_tag":[674,692],"class_list":{"0":"post-5472","1":"product","2":"type-product","3":"status-publish","4":"has-post-thumbnail","6":"product_cat-mercedes-benz-sv","7":"product_tag-c-class-sv","8":"product_tag-w204-sv","9":"pa_varaosan-osasto-motor","12":"first","13":"instock","14":"shipping-taxable","15":"product-type-simple"},"yoast_head":"<!-- This site is optimized with the Yoast SEO plugin v26.8 - https:\/\/yoast.com\/product\/yoast-seo-wordpress\/ -->\n<title>1.8 Kompressor &quot;271952&quot; Motor [MB C-Klass W204]<\/title>\n<meta name=\"description\" content=\"En av de motorer som vi ofta har tillg\u00e4ngliga. Skicka en f\u00f6rfr\u00e5gan och f\u00e5 en offert inom 24 timmar. Motorer, v\u00e4xell\u00e5dor och andra bildelar under garanti.\" \/>\n<meta name=\"robots\" content=\"index, follow, max-snippet:-1, max-image-preview:large, max-video-preview:-1\" \/>\n<link rel=\"canonical\" href=\"https:\/\/autopartscenter24.com\/sv\/auton-varaosat\/1-8-komp-271952-moottori-mb-klass-c-w204-s204\/\" \/>\n<meta property=\"og:locale\" content=\"sv_SE\" \/>\n<meta property=\"og:type\" content=\"article\" \/>\n<meta property=\"og:title\" content=\"1.8 Kompressor &quot;271952&quot; Motor [MB C-Klass W204]\" \/>\n<meta property=\"og:description\" content=\"En av de motorer som vi ofta har tillg\u00e4ngliga. Skicka en f\u00f6rfr\u00e5gan och f\u00e5 en offert inom 24 timmar. Motorer, v\u00e4xell\u00e5dor och andra bildelar under garanti.\" \/>\n<meta property=\"og:url\" content=\"https:\/\/autopartscenter24.com\/sv\/auton-varaosat\/1-8-komp-271952-moottori-mb-klass-c-w204-s204\/\" \/>\n<meta property=\"og:site_name\" content=\"Autopartscenter24\" \/>\n<meta property=\"og:image\" content=\"https:\/\/autopartscenter24.com\/wp-content\/uploads\/2023\/03\/1-8-komp-271952-moottori-mb-klass-c-w204-s204.webp\" \/>\n\t<meta property=\"og:image:width\" content=\"800\" \/>\n\t<meta property=\"og:image:height\" content=\"600\" \/>\n\t<meta property=\"og:image:type\" content=\"image\/webp\" \/>\n<meta name=\"twitter:card\" content=\"summary_large_image\" \/>\n<meta name=\"twitter:label1\" content=\"Ber\u00e4knad l\u00e4stid\" \/>\n\t<meta name=\"twitter:data1\" content=\"1 minut\" \/>\n<script type=\"application\/ld+json\" class=\"yoast-schema-graph\">{\"@context\":\"https:\/\/schema.org\",\"@graph\":[{\"@type\":\"WebPage\",\"@id\":\"https:\/\/autopartscenter24.com\/auton-varaosat\/1-8-komp-271952-moottori-mb-klass-c-w204-s204\/\",\"url\":\"https:\/\/autopartscenter24.com\/auton-varaosat\/1-8-komp-271952-moottori-mb-klass-c-w204-s204\/\",\"name\":\"1.8 Kompressor \\\"271952\\\" Motor [MB C-Klass W204]\",\"isPartOf\":{\"@id\":\"https:\/\/autopartscenter24.com\/#website\"},\"primaryImageOfPage\":{\"@id\":\"https:\/\/autopartscenter24.com\/auton-varaosat\/1-8-komp-271952-moottori-mb-klass-c-w204-s204\/#primaryimage\"},\"image\":{\"@id\":\"https:\/\/autopartscenter24.com\/auton-varaosat\/1-8-komp-271952-moottori-mb-klass-c-w204-s204\/#primaryimage\"},\"thumbnailUrl\":\"https:\/\/autopartscenter24.com\/wp-content\/uploads\/2023\/03\/1-8-komp-271952-moottori-mb-klass-c-w204-s204.webp\",\"datePublished\":\"2023-11-26T13:26:12+00:00\",\"description\":\"En av de motorer som vi ofta har tillg\u00e4ngliga. Skicka en f\u00f6rfr\u00e5gan och f\u00e5 en offert inom 24 timmar. Motorer, v\u00e4xell\u00e5dor och andra bildelar under garanti.\",\"breadcrumb\":{\"@id\":\"https:\/\/autopartscenter24.com\/auton-varaosat\/1-8-komp-271952-moottori-mb-klass-c-w204-s204\/#breadcrumb\"},\"inLanguage\":\"sv-SE\",\"potentialAction\":[{\"@type\":\"ReadAction\",\"target\":[\"https:\/\/autopartscenter24.com\/auton-varaosat\/1-8-komp-271952-moottori-mb-klass-c-w204-s204\/\"]}]},{\"@type\":\"ImageObject\",\"inLanguage\":\"sv-SE\",\"@id\":\"https:\/\/autopartscenter24.com\/auton-varaosat\/1-8-komp-271952-moottori-mb-klass-c-w204-s204\/#primaryimage\",\"url\":\"https:\/\/autopartscenter24.com\/wp-content\/uploads\/2023\/03\/1-8-komp-271952-moottori-mb-klass-c-w204-s204.webp\",\"contentUrl\":\"https:\/\/autopartscenter24.com\/wp-content\/uploads\/2023\/03\/1-8-komp-271952-moottori-mb-klass-c-w204-s204.webp\",\"width\":800,\"height\":600},{\"@type\":\"BreadcrumbList\",\"@id\":\"https:\/\/autopartscenter24.com\/auton-varaosat\/1-8-komp-271952-moottori-mb-klass-c-w204-s204\/#breadcrumb\",\"itemListElement\":[{\"@type\":\"ListItem\",\"position\":1,\"name\":\"Hem\",\"item\":\"https:\/\/aliceblue-termite-662564.hostingersite.com\/\"},{\"@type\":\"ListItem\",\"position\":2,\"name\":\"Auton varaosat\",\"item\":\"https:\/\/aliceblue-termite-662564.hostingersite.com\/auton-varaosat\/\"},{\"@type\":\"ListItem\",\"position\":3,\"name\":\"1.8 Kompressor &#8221;271952&#8221; Motor [MB C-Klass W204]\"}]},{\"@type\":\"WebSite\",\"@id\":\"https:\/\/autopartscenter24.com\/#website\",\"url\":\"https:\/\/autopartscenter24.com\/\",\"name\":\"Autopartscenter24\",\"description\":\"K\u00c4YTETYT JA KUNNOSTETUT  AUTON VARAOSAT\",\"potentialAction\":[{\"@type\":\"SearchAction\",\"target\":{\"@type\":\"EntryPoint\",\"urlTemplate\":\"https:\/\/autopartscenter24.com\/?s={search_term_string}\"},\"query-input\":{\"@type\":\"PropertyValueSpecification\",\"valueRequired\":true,\"valueName\":\"search_term_string\"}}],\"inLanguage\":\"sv-SE\"}]}<\/script>\n<!-- \/ Yoast SEO plugin. -->","yoast_head_json":{"title":"1.8 Kompressor \"271952\" Motor [MB C-Klass W204]","description":"En av de motorer som vi ofta har tillg\u00e4ngliga. Skicka en f\u00f6rfr\u00e5gan och f\u00e5 en offert inom 24 timmar. Motorer, v\u00e4xell\u00e5dor och andra bildelar under garanti.","robots":{"index":"index","follow":"follow","max-snippet":"max-snippet:-1","max-image-preview":"max-image-preview:large","max-video-preview":"max-video-preview:-1"},"canonical":"https:\/\/autopartscenter24.com\/sv\/auton-varaosat\/1-8-komp-271952-moottori-mb-klass-c-w204-s204\/","og_locale":"sv_SE","og_type":"article","og_title":"1.8 Kompressor \"271952\" Motor [MB C-Klass W204]","og_description":"En av de motorer som vi ofta har tillg\u00e4ngliga. Skicka en f\u00f6rfr\u00e5gan och f\u00e5 en offert inom 24 timmar. Motorer, v\u00e4xell\u00e5dor och andra bildelar under garanti.","og_url":"https:\/\/autopartscenter24.com\/sv\/auton-varaosat\/1-8-komp-271952-moottori-mb-klass-c-w204-s204\/","og_site_name":"Autopartscenter24","og_image":[{"width":800,"height":600,"url":"https:\/\/autopartscenter24.com\/wp-content\/uploads\/2023\/03\/1-8-komp-271952-moottori-mb-klass-c-w204-s204.webp","type":"image\/webp"}],"twitter_card":"summary_large_image","twitter_misc":{"Ber\u00e4knad l\u00e4stid":"1 minut"},"schema":{"@context":"https:\/\/schema.org","@graph":[{"@type":"WebPage","@id":"https:\/\/autopartscenter24.com\/auton-varaosat\/1-8-komp-271952-moottori-mb-klass-c-w204-s204\/","url":"https:\/\/autopartscenter24.com\/auton-varaosat\/1-8-komp-271952-moottori-mb-klass-c-w204-s204\/","name":"1.8 Kompressor \"271952\" Motor [MB C-Klass W204]","isPartOf":{"@id":"https:\/\/autopartscenter24.com\/#website"},"primaryImageOfPage":{"@id":"https:\/\/autopartscenter24.com\/auton-varaosat\/1-8-komp-271952-moottori-mb-klass-c-w204-s204\/#primaryimage"},"image":{"@id":"https:\/\/autopartscenter24.com\/auton-varaosat\/1-8-komp-271952-moottori-mb-klass-c-w204-s204\/#primaryimage"},"thumbnailUrl":"https:\/\/autopartscenter24.com\/wp-content\/uploads\/2023\/03\/1-8-komp-271952-moottori-mb-klass-c-w204-s204.webp","datePublished":"2023-11-26T13:26:12+00:00","description":"En av de motorer som vi ofta har tillg\u00e4ngliga. Skicka en f\u00f6rfr\u00e5gan och f\u00e5 en offert inom 24 timmar. Motorer, v\u00e4xell\u00e5dor och andra bildelar under garanti.","breadcrumb":{"@id":"https:\/\/autopartscenter24.com\/auton-varaosat\/1-8-komp-271952-moottori-mb-klass-c-w204-s204\/#breadcrumb"},"inLanguage":"sv-SE","potentialAction":[{"@type":"ReadAction","target":["https:\/\/autopartscenter24.com\/auton-varaosat\/1-8-komp-271952-moottori-mb-klass-c-w204-s204\/"]}]},{"@type":"ImageObject","inLanguage":"sv-SE","@id":"https:\/\/autopartscenter24.com\/auton-varaosat\/1-8-komp-271952-moottori-mb-klass-c-w204-s204\/#primaryimage","url":"https:\/\/autopartscenter24.com\/wp-content\/uploads\/2023\/03\/1-8-komp-271952-moottori-mb-klass-c-w204-s204.webp","contentUrl":"https:\/\/autopartscenter24.com\/wp-content\/uploads\/2023\/03\/1-8-komp-271952-moottori-mb-klass-c-w204-s204.webp","width":800,"height":600},{"@type":"BreadcrumbList","@id":"https:\/\/autopartscenter24.com\/auton-varaosat\/1-8-komp-271952-moottori-mb-klass-c-w204-s204\/#breadcrumb","itemListElement":[{"@type":"ListItem","position":1,"name":"Hem","item":"https:\/\/aliceblue-termite-662564.hostingersite.com\/"},{"@type":"ListItem","position":2,"name":"Auton varaosat","item":"https:\/\/aliceblue-termite-662564.hostingersite.com\/auton-varaosat\/"},{"@type":"ListItem","position":3,"name":"1.8 Kompressor &#8221;271952&#8221; Motor [MB C-Klass W204]"}]},{"@type":"WebSite","@id":"https:\/\/autopartscenter24.com\/#website","url":"https:\/\/autopartscenter24.com\/","name":"Autopartscenter24","description":"K\u00c4YTETYT JA KUNNOSTETUT  AUTON VARAOSAT","potentialAction":[{"@type":"SearchAction","target":{"@type":"EntryPoint","urlTemplate":"https:\/\/autopartscenter24.com\/?s={search_term_string}"},"query-input":{"@type":"PropertyValueSpecification","valueRequired":true,"valueName":"search_term_string"}}],"inLanguage":"sv-SE"}]}},"_links":{"self":[{"href":"https:\/\/autopartscenter24.com\/sv\/wp-json\/wp\/v2\/product\/5472","targetHints":{"allow":["GET"]}}],"collection":[{"href":"https:\/\/autopartscenter24.com\/sv\/wp-json\/wp\/v2\/product"}],"about":[{"href":"https:\/\/autopartscenter24.com\/sv\/wp-json\/wp\/v2\/types\/product"}],"wp:featuredmedia":[{"embeddable":true,"href":"https:\/\/autopartscenter24.com\/sv\/wp-json\/wp\/v2\/media\/4734"}],"wp:attachment":[{"href":"https:\/\/autopartscenter24.com\/sv\/wp-json\/wp\/v2\/media?parent=5472"}],"wp:term":[{"taxonomy":"product_brand","embeddable":true,"href":"https:\/\/autopartscenter24.com\/sv\/wp-json\/wp\/v2\/product_brand?post=5472"},{"taxonomy":"product_cat","embeddable":true,"href":"https:\/\/autopartscenter24.com\/sv\/wp-json\/wp\/v2\/product_cat?post=5472"},{"taxonomy":"product_tag","embeddable":true,"href":"https:\/\/autopartscenter24.com\/sv\/wp-json\/wp\/v2\/product_tag?post=5472"}],"curies":[{"name":"wp","href":"https:\/\/api.w.org\/{rel}","templated":true}]}}