{"id":5471,"date":"2023-03-08T19:07:45","date_gmt":"2023-11-26T13:24:14","guid":{"rendered":"https:\/\/autopartscenter24.com\/product\/1-8-tfsi-cdh-motor-esim-audi-a4-a5\/"},"modified":"2023-11-26T14:24:15","modified_gmt":"2023-11-26T13:24:15","slug":"1-8-tfsi-cdh-motor-audi-a5-a4-b8","status":"publish","type":"product","link":"https:\/\/autopartscenter24.com\/sv\/auton-varaosat\/1-8-tfsi-cdh-motor-audi-a5-a4-b8\/","title":{"rendered":"1.8 TFSI &#8221;CDH&#8221; Motor [esim. Audi A4, A5]"},"content":{"rendered":"<p>Audi \u00e4r en av biltillverkarna som har anv\u00e4nt <strong>1,8 TFSI-motorn<\/strong> i flera av sina bilar. Motorkoden \u00e4r <strong>CDH<\/strong>, som \u00e4r en av de vanligaste kodversionerna f\u00f6r 1.8 TFSI-motorn. Denna motor har vunnit flera priser f\u00f6r sin prestanda och ekonomi.<\/p>\n<p>Audi 1.8 TFSI-motorn \u00e4r en 4-cylindrig turboladdad bensinmotor som ger upp till 170 kW (230 hk) effekt och 370 Nm i vridmoment. Denna motor \u00e4r mycket effektiv samtidigt som den erbjuder god br\u00e4nsleekonomi. Motorns varvtalsomr\u00e5de \u00e4r brett och den erbjuder bra acceleration.<\/p>\n<p>Motorns struktur \u00e4r l\u00e4tt och kompakt. Den \u00e4r gjord av aluminium, vilket hj\u00e4lper till att minska motorns vikt och \u00f6kar dess prestanda. Motorns turboladdare ger ett h\u00f6gt kompressionsf\u00f6rh\u00e5llande och d\u00e4rmed h\u00f6g effekt. Dessutom inneh\u00e5ller motorkonstruktionen ett m\u00e5ngsidigt ventilsystem som ger b\u00e4ttre luftfl\u00f6de och d\u00e4rmed f\u00f6rb\u00e4ttrar motorns prestanda.<\/p>\n<p>Audi 1.8 TFSI-motorn \u00e4r ocks\u00e5 utrustad med m\u00e5nga avancerade teknologier som direktinsprutning och variabel ventiltid. Direktinsprutning hj\u00e4lper till att effektivt tillf\u00f6ra br\u00e4nsle till motorn och f\u00f6rb\u00e4ttrar dess br\u00e4nsleekonomi. Variabel ventiltid, \u00e5 andra sidan, hj\u00e4lper till att optimera motorprestanda och br\u00e4nsleekonomi vid olika varvtal.<\/p>\n<p>Kraften och prestandan hos 1,8 TFSI-motorn i dessa bilar har gjort dem mycket popul\u00e4ra. Avancerad motorteknologi och l\u00e4ttviktskonstruktion har hj\u00e4lpt dessa bilar att uppn\u00e5 utm\u00e4rkt br\u00e4nsleekonomi samtidigt som Audi-seriens karakteristiska prestanda bibeh\u00e5lls<\/p>\n","protected":false},"excerpt":{"rendered":"<p>Audi 1.8 TFSI-motorn har installerats i flera olika Audi-modeller genom \u00e5ren. Nedan \u00e4r en lista \u00f6ver Audi-modeller som har anv\u00e4nt denna motor:<\/p>\n<ul>\n<li>Audi A4 (2008-2015)<\/li>\n<li>Audi A5 (2008-2016)<\/li>\n<li>Audi A6 (2011-2018)<\/li>\n<li>Audi Q3 (2011-2018)<\/li>\n<li>Audi TT (2010-2014)<\/li>\n<\/ul>\n","protected":false},"featured_media":4744,"template":"","meta":[],"product_brand":[],"product_cat":[468],"product_tag":[689,690,691],"class_list":{"0":"post-5471","1":"product","2":"type-product","3":"status-publish","4":"has-post-thumbnail","6":"product_cat-audi-sv","7":"product_tag-a4-sv","8":"product_tag-a5-sv","9":"product_tag-a6-sv","10":"pa_varaosan-osasto-motor","13":"first","14":"instock","15":"shipping-taxable","16":"product-type-simple"},"yoast_head":"<!-- This site is optimized with the Yoast SEO plugin v26.8 - https:\/\/yoast.com\/product\/yoast-seo-wordpress\/ -->\n<title>1.8 TFSI &quot;CDH&quot; Motor [esim. Audi A4, A5] - Autopartscenter24<\/title>\n<meta name=\"description\" content=\"En av de motorer som vi ofta har tillg\u00e4ngliga. Skicka en f\u00f6rfr\u00e5gan och f\u00e5 en offert inom 24 timmar. Motorer, v\u00e4xell\u00e5dor och andra bildelar under garanti.\" \/>\n<meta name=\"robots\" content=\"index, follow, max-snippet:-1, max-image-preview:large, max-video-preview:-1\" \/>\n<link rel=\"canonical\" href=\"https:\/\/autopartscenter24.com\/sv\/auton-varaosat\/1-8-tfsi-cdh-moottori-audi-a5-a4-b8\/\" \/>\n<meta property=\"og:locale\" content=\"sv_SE\" \/>\n<meta property=\"og:type\" content=\"article\" \/>\n<meta property=\"og:title\" content=\"1.8 TFSI &quot;CDH&quot; Motor [esim. Audi A4, A5] - Autopartscenter24\" \/>\n<meta property=\"og:description\" content=\"En av de motorer som vi ofta har tillg\u00e4ngliga. Skicka en f\u00f6rfr\u00e5gan och f\u00e5 en offert inom 24 timmar. Motorer, v\u00e4xell\u00e5dor och andra bildelar under garanti.\" \/>\n<meta property=\"og:url\" content=\"https:\/\/autopartscenter24.com\/sv\/auton-varaosat\/1-8-tfsi-cdh-moottori-audi-a5-a4-b8\/\" \/>\n<meta property=\"og:site_name\" content=\"Autopartscenter24\" \/>\n<meta property=\"article:modified_time\" content=\"2023-11-26T13:24:15+00:00\" \/>\n<meta property=\"og:image\" content=\"https:\/\/autopartscenter24.com\/wp-content\/uploads\/2023\/03\/1-8-tfsi-cdh-moottori-audi-a5-a4-b8.webp\" \/>\n\t<meta property=\"og:image:width\" content=\"800\" \/>\n\t<meta property=\"og:image:height\" content=\"600\" \/>\n\t<meta property=\"og:image:type\" content=\"image\/webp\" \/>\n<meta name=\"twitter:card\" content=\"summary_large_image\" \/>\n<meta name=\"twitter:label1\" content=\"Ber\u00e4knad l\u00e4stid\" \/>\n\t<meta name=\"twitter:data1\" content=\"1 minut\" \/>\n<script type=\"application\/ld+json\" class=\"yoast-schema-graph\">{\"@context\":\"https:\/\/schema.org\",\"@graph\":[{\"@type\":\"WebPage\",\"@id\":\"https:\/\/autopartscenter24.com\/auton-varaosat\/1-8-tfsi-cdh-moottori-audi-a5-a4-b8\/\",\"url\":\"https:\/\/autopartscenter24.com\/auton-varaosat\/1-8-tfsi-cdh-moottori-audi-a5-a4-b8\/\",\"name\":\"1.8 TFSI \\\"CDH\\\" Motor [esim. Audi A4, A5] - Autopartscenter24\",\"isPartOf\":{\"@id\":\"https:\/\/autopartscenter24.com\/#website\"},\"primaryImageOfPage\":{\"@id\":\"https:\/\/autopartscenter24.com\/auton-varaosat\/1-8-tfsi-cdh-moottori-audi-a5-a4-b8\/#primaryimage\"},\"image\":{\"@id\":\"https:\/\/autopartscenter24.com\/auton-varaosat\/1-8-tfsi-cdh-moottori-audi-a5-a4-b8\/#primaryimage\"},\"thumbnailUrl\":\"https:\/\/autopartscenter24.com\/wp-content\/uploads\/2023\/03\/1-8-tfsi-cdh-moottori-audi-a5-a4-b8.webp\",\"datePublished\":\"2023-11-26T13:24:14+00:00\",\"dateModified\":\"2023-11-26T13:24:15+00:00\",\"description\":\"En av de motorer som vi ofta har tillg\u00e4ngliga. Skicka en f\u00f6rfr\u00e5gan och f\u00e5 en offert inom 24 timmar. Motorer, v\u00e4xell\u00e5dor och andra bildelar under garanti.\",\"breadcrumb\":{\"@id\":\"https:\/\/autopartscenter24.com\/auton-varaosat\/1-8-tfsi-cdh-moottori-audi-a5-a4-b8\/#breadcrumb\"},\"inLanguage\":\"sv-SE\",\"potentialAction\":[{\"@type\":\"ReadAction\",\"target\":[\"https:\/\/autopartscenter24.com\/auton-varaosat\/1-8-tfsi-cdh-moottori-audi-a5-a4-b8\/\"]}]},{\"@type\":\"ImageObject\",\"inLanguage\":\"sv-SE\",\"@id\":\"https:\/\/autopartscenter24.com\/auton-varaosat\/1-8-tfsi-cdh-moottori-audi-a5-a4-b8\/#primaryimage\",\"url\":\"https:\/\/autopartscenter24.com\/wp-content\/uploads\/2023\/03\/1-8-tfsi-cdh-moottori-audi-a5-a4-b8.webp\",\"contentUrl\":\"https:\/\/autopartscenter24.com\/wp-content\/uploads\/2023\/03\/1-8-tfsi-cdh-moottori-audi-a5-a4-b8.webp\",\"width\":800,\"height\":600},{\"@type\":\"BreadcrumbList\",\"@id\":\"https:\/\/autopartscenter24.com\/auton-varaosat\/1-8-tfsi-cdh-moottori-audi-a5-a4-b8\/#breadcrumb\",\"itemListElement\":[{\"@type\":\"ListItem\",\"position\":1,\"name\":\"Hem\",\"item\":\"https:\/\/aliceblue-termite-662564.hostingersite.com\/\"},{\"@type\":\"ListItem\",\"position\":2,\"name\":\"Auton varaosat\",\"item\":\"https:\/\/aliceblue-termite-662564.hostingersite.com\/auton-varaosat\/\"},{\"@type\":\"ListItem\",\"position\":3,\"name\":\"1.8 TFSI &#8221;CDH&#8221; Motor [esim. Audi A4, A5]\"}]},{\"@type\":\"WebSite\",\"@id\":\"https:\/\/autopartscenter24.com\/#website\",\"url\":\"https:\/\/autopartscenter24.com\/\",\"name\":\"Autopartscenter24\",\"description\":\"K\u00c4YTETYT JA KUNNOSTETUT  AUTON VARAOSAT\",\"potentialAction\":[{\"@type\":\"SearchAction\",\"target\":{\"@type\":\"EntryPoint\",\"urlTemplate\":\"https:\/\/autopartscenter24.com\/?s={search_term_string}\"},\"query-input\":{\"@type\":\"PropertyValueSpecification\",\"valueRequired\":true,\"valueName\":\"search_term_string\"}}],\"inLanguage\":\"sv-SE\"}]}<\/script>\n<!-- \/ Yoast SEO plugin. -->","yoast_head_json":{"title":"1.8 TFSI \"CDH\" Motor [esim. Audi A4, A5] - Autopartscenter24","description":"En av de motorer som vi ofta har tillg\u00e4ngliga. Skicka en f\u00f6rfr\u00e5gan och f\u00e5 en offert inom 24 timmar. Motorer, v\u00e4xell\u00e5dor och andra bildelar under garanti.","robots":{"index":"index","follow":"follow","max-snippet":"max-snippet:-1","max-image-preview":"max-image-preview:large","max-video-preview":"max-video-preview:-1"},"canonical":"https:\/\/autopartscenter24.com\/sv\/auton-varaosat\/1-8-tfsi-cdh-moottori-audi-a5-a4-b8\/","og_locale":"sv_SE","og_type":"article","og_title":"1.8 TFSI \"CDH\" Motor [esim. Audi A4, A5] - Autopartscenter24","og_description":"En av de motorer som vi ofta har tillg\u00e4ngliga. Skicka en f\u00f6rfr\u00e5gan och f\u00e5 en offert inom 24 timmar. Motorer, v\u00e4xell\u00e5dor och andra bildelar under garanti.","og_url":"https:\/\/autopartscenter24.com\/sv\/auton-varaosat\/1-8-tfsi-cdh-moottori-audi-a5-a4-b8\/","og_site_name":"Autopartscenter24","article_modified_time":"2023-11-26T13:24:15+00:00","og_image":[{"width":800,"height":600,"url":"https:\/\/autopartscenter24.com\/wp-content\/uploads\/2023\/03\/1-8-tfsi-cdh-moottori-audi-a5-a4-b8.webp","type":"image\/webp"}],"twitter_card":"summary_large_image","twitter_misc":{"Ber\u00e4knad l\u00e4stid":"1 minut"},"schema":{"@context":"https:\/\/schema.org","@graph":[{"@type":"WebPage","@id":"https:\/\/autopartscenter24.com\/auton-varaosat\/1-8-tfsi-cdh-moottori-audi-a5-a4-b8\/","url":"https:\/\/autopartscenter24.com\/auton-varaosat\/1-8-tfsi-cdh-moottori-audi-a5-a4-b8\/","name":"1.8 TFSI \"CDH\" Motor [esim. Audi A4, A5] - Autopartscenter24","isPartOf":{"@id":"https:\/\/autopartscenter24.com\/#website"},"primaryImageOfPage":{"@id":"https:\/\/autopartscenter24.com\/auton-varaosat\/1-8-tfsi-cdh-moottori-audi-a5-a4-b8\/#primaryimage"},"image":{"@id":"https:\/\/autopartscenter24.com\/auton-varaosat\/1-8-tfsi-cdh-moottori-audi-a5-a4-b8\/#primaryimage"},"thumbnailUrl":"https:\/\/autopartscenter24.com\/wp-content\/uploads\/2023\/03\/1-8-tfsi-cdh-moottori-audi-a5-a4-b8.webp","datePublished":"2023-11-26T13:24:14+00:00","dateModified":"2023-11-26T13:24:15+00:00","description":"En av de motorer som vi ofta har tillg\u00e4ngliga. Skicka en f\u00f6rfr\u00e5gan och f\u00e5 en offert inom 24 timmar. Motorer, v\u00e4xell\u00e5dor och andra bildelar under garanti.","breadcrumb":{"@id":"https:\/\/autopartscenter24.com\/auton-varaosat\/1-8-tfsi-cdh-moottori-audi-a5-a4-b8\/#breadcrumb"},"inLanguage":"sv-SE","potentialAction":[{"@type":"ReadAction","target":["https:\/\/autopartscenter24.com\/auton-varaosat\/1-8-tfsi-cdh-moottori-audi-a5-a4-b8\/"]}]},{"@type":"ImageObject","inLanguage":"sv-SE","@id":"https:\/\/autopartscenter24.com\/auton-varaosat\/1-8-tfsi-cdh-moottori-audi-a5-a4-b8\/#primaryimage","url":"https:\/\/autopartscenter24.com\/wp-content\/uploads\/2023\/03\/1-8-tfsi-cdh-moottori-audi-a5-a4-b8.webp","contentUrl":"https:\/\/autopartscenter24.com\/wp-content\/uploads\/2023\/03\/1-8-tfsi-cdh-moottori-audi-a5-a4-b8.webp","width":800,"height":600},{"@type":"BreadcrumbList","@id":"https:\/\/autopartscenter24.com\/auton-varaosat\/1-8-tfsi-cdh-moottori-audi-a5-a4-b8\/#breadcrumb","itemListElement":[{"@type":"ListItem","position":1,"name":"Hem","item":"https:\/\/aliceblue-termite-662564.hostingersite.com\/"},{"@type":"ListItem","position":2,"name":"Auton varaosat","item":"https:\/\/aliceblue-termite-662564.hostingersite.com\/auton-varaosat\/"},{"@type":"ListItem","position":3,"name":"1.8 TFSI &#8221;CDH&#8221; Motor [esim. Audi A4, A5]"}]},{"@type":"WebSite","@id":"https:\/\/autopartscenter24.com\/#website","url":"https:\/\/autopartscenter24.com\/","name":"Autopartscenter24","description":"K\u00c4YTETYT JA KUNNOSTETUT  AUTON VARAOSAT","potentialAction":[{"@type":"SearchAction","target":{"@type":"EntryPoint","urlTemplate":"https:\/\/autopartscenter24.com\/?s={search_term_string}"},"query-input":{"@type":"PropertyValueSpecification","valueRequired":true,"valueName":"search_term_string"}}],"inLanguage":"sv-SE"}]}},"_links":{"self":[{"href":"https:\/\/autopartscenter24.com\/sv\/wp-json\/wp\/v2\/product\/5471","targetHints":{"allow":["GET"]}}],"collection":[{"href":"https:\/\/autopartscenter24.com\/sv\/wp-json\/wp\/v2\/product"}],"about":[{"href":"https:\/\/autopartscenter24.com\/sv\/wp-json\/wp\/v2\/types\/product"}],"wp:featuredmedia":[{"embeddable":true,"href":"https:\/\/autopartscenter24.com\/sv\/wp-json\/wp\/v2\/media\/4744"}],"wp:attachment":[{"href":"https:\/\/autopartscenter24.com\/sv\/wp-json\/wp\/v2\/media?parent=5471"}],"wp:term":[{"taxonomy":"product_brand","embeddable":true,"href":"https:\/\/autopartscenter24.com\/sv\/wp-json\/wp\/v2\/product_brand?post=5471"},{"taxonomy":"product_cat","embeddable":true,"href":"https:\/\/autopartscenter24.com\/sv\/wp-json\/wp\/v2\/product_cat?post=5471"},{"taxonomy":"product_tag","embeddable":true,"href":"https:\/\/autopartscenter24.com\/sv\/wp-json\/wp\/v2\/product_tag?post=5471"}],"curies":[{"name":"wp","href":"https:\/\/api.w.org\/{rel}","templated":true}]}}