{"id":5470,"date":"2023-03-08T19:12:15","date_gmt":"2023-11-26T13:21:21","guid":{"rendered":"https:\/\/autopartscenter24.com\/product\/1-0-tsi-chzb-motor-esim\/"},"modified":"2023-11-26T14:21:21","modified_gmt":"2023-11-26T13:21:21","slug":"1-0-tsi-chzb-motor-audi-a1-vw-polo-v-toledo-iv","status":"publish","type":"product","link":"https:\/\/autopartscenter24.com\/sv\/auton-varaosat\/1-0-tsi-chzb-motor-audi-a1-vw-polo-v-toledo-iv\/","title":{"rendered":"1.0 TSI &#8221;CHZB&#8221; Motor [esim."},"content":{"rendered":"<p>Volkswagen-koncernen \u00e4r k\u00e4nd f\u00f6r sitt m\u00e5ngsidiga motorutbud som inkluderar motorer av olika storlekar och typer f\u00f6r olika bilklasser. En av dessa motorer \u00e4r <strong>1.0 TSI<\/strong>, \u00e4ven k\u00e4nd under motorkoden &#8221;<strong>CHZB<\/strong>&#8221;. Denna motor anv\u00e4nds i flera Volkswagen och Audi bilmodeller och \u00e4r designad f\u00f6r att ge ekonomi och prestanda.<\/p>\n<p>Toppteknik har anv\u00e4nts i designen av motorn, vilket g\u00f6r att en liten motor har h\u00f6g effekt. Motorn har tre cylindrar med en total volym p\u00e5 1,0 liter. Motorns maximala effekt \u00e4r 115 h\u00e4stkrafter och vridmomentet \u00e4r 200 Nm. Motorn anv\u00e4nder sig av turboladdare och direktinsprutning, vilket m\u00f6jligg\u00f6r god prestanda och br\u00e4nsleekonomi.<\/p>\n<p>Motorns storlek och vikt \u00e4r liten, vilket g\u00f6r den mycket l\u00e4tt och flexibel. Motorn \u00e4r byggd f\u00f6r att klara tung anv\u00e4ndning, men den \u00e4r v\u00e4ldigt tyst och tystare \u00e4n de flesta andra motorer med samma effekt.<\/p>\n<p>Volkswagens 1.0 TSI-motor finns installerad i m\u00e5nga olika bilmodeller, som Volkswagen Golf, Polo, T-Roc och Up! och Audi A1, A3 och Q2. Motorn har anv\u00e4nts sedan 2015 och har visat sig vara ett popul\u00e4rt val bland konsumenter d\u00e5 den kombinerar ekonomi, prestanda och komfort.<\/p>\n<p>Dessa bilar \u00e4r mycket popul\u00e4ra i Europa och har vunnit flera priser f\u00f6r sin prestanda och komfort. Volkswagens 1.0 TSI-motor \u00e4r en av huvudfaktorerna som har gjort dessa bilar s\u00e5 popul\u00e4ra och \u00e4r ett bevis p\u00e5 Volkswagens f\u00f6rm\u00e5ga att producera kvalitativa och innovativa motorer.<\/p>\n","protected":false},"excerpt":{"rendered":"<p>H\u00e4r \u00e4r n\u00e5gra Volkswagen och Audi bilmodeller med 1.0 TSI-motorn installerad:<\/p>\n<ul>\n<li>Volkswagen Golf (2015\u20132022)<\/li>\n<li>Volkswagen Polo (2017\u20132022)<\/li>\n<li>Volkswagen T-Roc (2017\u20132022)<\/li>\n<li>Volkswagen Up! (2016\u20132022)<\/li>\n<li>Audi A1 (2018\u20132022)<\/li>\n<li>Audi A3 (2016\u20132022)<\/li>\n<li>Audi Q2 (2016\u20132022)<\/li>\n<\/ul>\n","protected":false},"featured_media":4749,"template":"","meta":[],"product_brand":[],"product_cat":[468,470,469],"product_tag":[477,472,666,657,688],"class_list":{"0":"post-5470","1":"product","2":"type-product","3":"status-publish","4":"has-post-thumbnail","6":"product_cat-audi-sv","7":"product_cat-skoda-sv","8":"product_cat-vw-sv","9":"product_tag-a1-sv","10":"product_tag-a3-sv","11":"product_tag-polo-sv","12":"product_tag-t-roc-sv","13":"product_tag-toledo-sv","14":"pa_varaosan-osasto-motor","17":"first","18":"instock","19":"shipping-taxable","20":"product-type-simple"},"yoast_head":"<!-- This site is optimized with the Yoast SEO plugin v26.8 - https:\/\/yoast.com\/product\/yoast-seo-wordpress\/ -->\n<title>1.0 TSI &quot;CHZB&quot; Motor [esim. - Autopartscenter24<\/title>\n<meta name=\"description\" content=\"En av de motorer som vi ofta har tillg\u00e4ngliga. Skicka en f\u00f6rfr\u00e5gan och f\u00e5 en offert inom 24 timmar. Motorer, v\u00e4xell\u00e5dor och andra bildelar under garanti.\" \/>\n<meta name=\"robots\" content=\"index, follow, max-snippet:-1, max-image-preview:large, max-video-preview:-1\" \/>\n<link rel=\"canonical\" href=\"https:\/\/autopartscenter24.com\/sv\/auton-varaosat\/1-0-tsi-chzb-moottori-audi-a1-vw-polo-v-toledo-iv\/\" \/>\n<meta property=\"og:locale\" content=\"sv_SE\" \/>\n<meta property=\"og:type\" content=\"article\" \/>\n<meta property=\"og:title\" content=\"1.0 TSI &quot;CHZB&quot; Motor [esim. - Autopartscenter24\" \/>\n<meta property=\"og:description\" content=\"En av de motorer som vi ofta har tillg\u00e4ngliga. Skicka en f\u00f6rfr\u00e5gan och f\u00e5 en offert inom 24 timmar. Motorer, v\u00e4xell\u00e5dor och andra bildelar under garanti.\" \/>\n<meta property=\"og:url\" content=\"https:\/\/autopartscenter24.com\/sv\/auton-varaosat\/1-0-tsi-chzb-moottori-audi-a1-vw-polo-v-toledo-iv\/\" \/>\n<meta property=\"og:site_name\" content=\"Autopartscenter24\" \/>\n<meta property=\"og:image\" content=\"https:\/\/autopartscenter24.com\/wp-content\/uploads\/2023\/03\/1-0-tsi-chzb-moottori-audi-a1-vw-polo-v-toledo-iv.webp\" \/>\n\t<meta property=\"og:image:width\" content=\"800\" \/>\n\t<meta property=\"og:image:height\" content=\"600\" \/>\n\t<meta property=\"og:image:type\" content=\"image\/webp\" \/>\n<meta name=\"twitter:card\" content=\"summary_large_image\" \/>\n<meta name=\"twitter:label1\" content=\"Ber\u00e4knad l\u00e4stid\" \/>\n\t<meta name=\"twitter:data1\" content=\"1 minut\" \/>\n<script type=\"application\/ld+json\" class=\"yoast-schema-graph\">{\"@context\":\"https:\/\/schema.org\",\"@graph\":[{\"@type\":\"WebPage\",\"@id\":\"https:\/\/autopartscenter24.com\/auton-varaosat\/1-0-tsi-chzb-moottori-audi-a1-vw-polo-v-toledo-iv\/\",\"url\":\"https:\/\/autopartscenter24.com\/auton-varaosat\/1-0-tsi-chzb-moottori-audi-a1-vw-polo-v-toledo-iv\/\",\"name\":\"1.0 TSI \\\"CHZB\\\" Motor [esim. - Autopartscenter24\",\"isPartOf\":{\"@id\":\"https:\/\/autopartscenter24.com\/#website\"},\"primaryImageOfPage\":{\"@id\":\"https:\/\/autopartscenter24.com\/auton-varaosat\/1-0-tsi-chzb-moottori-audi-a1-vw-polo-v-toledo-iv\/#primaryimage\"},\"image\":{\"@id\":\"https:\/\/autopartscenter24.com\/auton-varaosat\/1-0-tsi-chzb-moottori-audi-a1-vw-polo-v-toledo-iv\/#primaryimage\"},\"thumbnailUrl\":\"https:\/\/autopartscenter24.com\/wp-content\/uploads\/2023\/03\/1-0-tsi-chzb-moottori-audi-a1-vw-polo-v-toledo-iv.webp\",\"datePublished\":\"2023-11-26T13:21:21+00:00\",\"description\":\"En av de motorer som vi ofta har tillg\u00e4ngliga. Skicka en f\u00f6rfr\u00e5gan och f\u00e5 en offert inom 24 timmar. Motorer, v\u00e4xell\u00e5dor och andra bildelar under garanti.\",\"breadcrumb\":{\"@id\":\"https:\/\/autopartscenter24.com\/auton-varaosat\/1-0-tsi-chzb-moottori-audi-a1-vw-polo-v-toledo-iv\/#breadcrumb\"},\"inLanguage\":\"sv-SE\",\"potentialAction\":[{\"@type\":\"ReadAction\",\"target\":[\"https:\/\/autopartscenter24.com\/auton-varaosat\/1-0-tsi-chzb-moottori-audi-a1-vw-polo-v-toledo-iv\/\"]}]},{\"@type\":\"ImageObject\",\"inLanguage\":\"sv-SE\",\"@id\":\"https:\/\/autopartscenter24.com\/auton-varaosat\/1-0-tsi-chzb-moottori-audi-a1-vw-polo-v-toledo-iv\/#primaryimage\",\"url\":\"https:\/\/autopartscenter24.com\/wp-content\/uploads\/2023\/03\/1-0-tsi-chzb-moottori-audi-a1-vw-polo-v-toledo-iv.webp\",\"contentUrl\":\"https:\/\/autopartscenter24.com\/wp-content\/uploads\/2023\/03\/1-0-tsi-chzb-moottori-audi-a1-vw-polo-v-toledo-iv.webp\",\"width\":800,\"height\":600},{\"@type\":\"BreadcrumbList\",\"@id\":\"https:\/\/autopartscenter24.com\/auton-varaosat\/1-0-tsi-chzb-moottori-audi-a1-vw-polo-v-toledo-iv\/#breadcrumb\",\"itemListElement\":[{\"@type\":\"ListItem\",\"position\":1,\"name\":\"Hem\",\"item\":\"https:\/\/aliceblue-termite-662564.hostingersite.com\/\"},{\"@type\":\"ListItem\",\"position\":2,\"name\":\"Auton varaosat\",\"item\":\"https:\/\/aliceblue-termite-662564.hostingersite.com\/auton-varaosat\/\"},{\"@type\":\"ListItem\",\"position\":3,\"name\":\"1.0 TSI &#8221;CHZB&#8221; Motor [esim.\"}]},{\"@type\":\"WebSite\",\"@id\":\"https:\/\/autopartscenter24.com\/#website\",\"url\":\"https:\/\/autopartscenter24.com\/\",\"name\":\"Autopartscenter24\",\"description\":\"K\u00c4YTETYT JA KUNNOSTETUT  AUTON VARAOSAT\",\"potentialAction\":[{\"@type\":\"SearchAction\",\"target\":{\"@type\":\"EntryPoint\",\"urlTemplate\":\"https:\/\/autopartscenter24.com\/?s={search_term_string}\"},\"query-input\":{\"@type\":\"PropertyValueSpecification\",\"valueRequired\":true,\"valueName\":\"search_term_string\"}}],\"inLanguage\":\"sv-SE\"}]}<\/script>\n<!-- \/ Yoast SEO plugin. -->","yoast_head_json":{"title":"1.0 TSI \"CHZB\" Motor [esim. - Autopartscenter24","description":"En av de motorer som vi ofta har tillg\u00e4ngliga. Skicka en f\u00f6rfr\u00e5gan och f\u00e5 en offert inom 24 timmar. Motorer, v\u00e4xell\u00e5dor och andra bildelar under garanti.","robots":{"index":"index","follow":"follow","max-snippet":"max-snippet:-1","max-image-preview":"max-image-preview:large","max-video-preview":"max-video-preview:-1"},"canonical":"https:\/\/autopartscenter24.com\/sv\/auton-varaosat\/1-0-tsi-chzb-moottori-audi-a1-vw-polo-v-toledo-iv\/","og_locale":"sv_SE","og_type":"article","og_title":"1.0 TSI \"CHZB\" Motor [esim. - Autopartscenter24","og_description":"En av de motorer som vi ofta har tillg\u00e4ngliga. Skicka en f\u00f6rfr\u00e5gan och f\u00e5 en offert inom 24 timmar. Motorer, v\u00e4xell\u00e5dor och andra bildelar under garanti.","og_url":"https:\/\/autopartscenter24.com\/sv\/auton-varaosat\/1-0-tsi-chzb-moottori-audi-a1-vw-polo-v-toledo-iv\/","og_site_name":"Autopartscenter24","og_image":[{"width":800,"height":600,"url":"https:\/\/autopartscenter24.com\/wp-content\/uploads\/2023\/03\/1-0-tsi-chzb-moottori-audi-a1-vw-polo-v-toledo-iv.webp","type":"image\/webp"}],"twitter_card":"summary_large_image","twitter_misc":{"Ber\u00e4knad l\u00e4stid":"1 minut"},"schema":{"@context":"https:\/\/schema.org","@graph":[{"@type":"WebPage","@id":"https:\/\/autopartscenter24.com\/auton-varaosat\/1-0-tsi-chzb-moottori-audi-a1-vw-polo-v-toledo-iv\/","url":"https:\/\/autopartscenter24.com\/auton-varaosat\/1-0-tsi-chzb-moottori-audi-a1-vw-polo-v-toledo-iv\/","name":"1.0 TSI \"CHZB\" Motor [esim. - Autopartscenter24","isPartOf":{"@id":"https:\/\/autopartscenter24.com\/#website"},"primaryImageOfPage":{"@id":"https:\/\/autopartscenter24.com\/auton-varaosat\/1-0-tsi-chzb-moottori-audi-a1-vw-polo-v-toledo-iv\/#primaryimage"},"image":{"@id":"https:\/\/autopartscenter24.com\/auton-varaosat\/1-0-tsi-chzb-moottori-audi-a1-vw-polo-v-toledo-iv\/#primaryimage"},"thumbnailUrl":"https:\/\/autopartscenter24.com\/wp-content\/uploads\/2023\/03\/1-0-tsi-chzb-moottori-audi-a1-vw-polo-v-toledo-iv.webp","datePublished":"2023-11-26T13:21:21+00:00","description":"En av de motorer som vi ofta har tillg\u00e4ngliga. Skicka en f\u00f6rfr\u00e5gan och f\u00e5 en offert inom 24 timmar. Motorer, v\u00e4xell\u00e5dor och andra bildelar under garanti.","breadcrumb":{"@id":"https:\/\/autopartscenter24.com\/auton-varaosat\/1-0-tsi-chzb-moottori-audi-a1-vw-polo-v-toledo-iv\/#breadcrumb"},"inLanguage":"sv-SE","potentialAction":[{"@type":"ReadAction","target":["https:\/\/autopartscenter24.com\/auton-varaosat\/1-0-tsi-chzb-moottori-audi-a1-vw-polo-v-toledo-iv\/"]}]},{"@type":"ImageObject","inLanguage":"sv-SE","@id":"https:\/\/autopartscenter24.com\/auton-varaosat\/1-0-tsi-chzb-moottori-audi-a1-vw-polo-v-toledo-iv\/#primaryimage","url":"https:\/\/autopartscenter24.com\/wp-content\/uploads\/2023\/03\/1-0-tsi-chzb-moottori-audi-a1-vw-polo-v-toledo-iv.webp","contentUrl":"https:\/\/autopartscenter24.com\/wp-content\/uploads\/2023\/03\/1-0-tsi-chzb-moottori-audi-a1-vw-polo-v-toledo-iv.webp","width":800,"height":600},{"@type":"BreadcrumbList","@id":"https:\/\/autopartscenter24.com\/auton-varaosat\/1-0-tsi-chzb-moottori-audi-a1-vw-polo-v-toledo-iv\/#breadcrumb","itemListElement":[{"@type":"ListItem","position":1,"name":"Hem","item":"https:\/\/aliceblue-termite-662564.hostingersite.com\/"},{"@type":"ListItem","position":2,"name":"Auton varaosat","item":"https:\/\/aliceblue-termite-662564.hostingersite.com\/auton-varaosat\/"},{"@type":"ListItem","position":3,"name":"1.0 TSI &#8221;CHZB&#8221; Motor [esim."}]},{"@type":"WebSite","@id":"https:\/\/autopartscenter24.com\/#website","url":"https:\/\/autopartscenter24.com\/","name":"Autopartscenter24","description":"K\u00c4YTETYT JA KUNNOSTETUT  AUTON VARAOSAT","potentialAction":[{"@type":"SearchAction","target":{"@type":"EntryPoint","urlTemplate":"https:\/\/autopartscenter24.com\/?s={search_term_string}"},"query-input":{"@type":"PropertyValueSpecification","valueRequired":true,"valueName":"search_term_string"}}],"inLanguage":"sv-SE"}]}},"_links":{"self":[{"href":"https:\/\/autopartscenter24.com\/sv\/wp-json\/wp\/v2\/product\/5470","targetHints":{"allow":["GET"]}}],"collection":[{"href":"https:\/\/autopartscenter24.com\/sv\/wp-json\/wp\/v2\/product"}],"about":[{"href":"https:\/\/autopartscenter24.com\/sv\/wp-json\/wp\/v2\/types\/product"}],"wp:featuredmedia":[{"embeddable":true,"href":"https:\/\/autopartscenter24.com\/sv\/wp-json\/wp\/v2\/media\/4749"}],"wp:attachment":[{"href":"https:\/\/autopartscenter24.com\/sv\/wp-json\/wp\/v2\/media?parent=5470"}],"wp:term":[{"taxonomy":"product_brand","embeddable":true,"href":"https:\/\/autopartscenter24.com\/sv\/wp-json\/wp\/v2\/product_brand?post=5470"},{"taxonomy":"product_cat","embeddable":true,"href":"https:\/\/autopartscenter24.com\/sv\/wp-json\/wp\/v2\/product_cat?post=5470"},{"taxonomy":"product_tag","embeddable":true,"href":"https:\/\/autopartscenter24.com\/sv\/wp-json\/wp\/v2\/product_tag?post=5470"}],"curies":[{"name":"wp","href":"https:\/\/api.w.org\/{rel}","templated":true}]}}