{"id":5469,"date":"2023-03-08T21:08:26","date_gmt":"2023-11-26T13:18:19","guid":{"rendered":"https:\/\/autopartscenter24.com\/product\/2-5-hybryd-a25a-motor-esim-toyota-rav-4-camry-lexus-es\/"},"modified":"2023-11-26T14:18:20","modified_gmt":"2023-11-26T13:18:20","slug":"2-5-hybryda-a25a-motor-toyota-rav-4-v-camry","status":"publish","type":"product","link":"https:\/\/autopartscenter24.com\/sv\/auton-varaosat\/2-5-hybryda-a25a-motor-toyota-rav-4-v-camry\/","title":{"rendered":"2.5 Hybryd &#8221;A25A&#8221; Motor [esim. Toyota RAV-4, Camry, Lexus ES]"},"content":{"rendered":"<p><strong>Toyota 2.5-motorn, med kodnamnet A25A, \u00e4r en av de bensinmotorer som tillverkas av Toyota Motor Corporation.<\/strong> Motorn \u00e4r k\u00e4nd f\u00f6r sin prestanda och h\u00e5llbarhet. A25A-motorn har fyra cylindrar och tv\u00e5 kamaxlar. Den ger en effekt p\u00e5 202 hk och ett vridmoment p\u00e5 250 Nm. Motorn anv\u00e4nder \u00e4ven Toyotas D-4S-insprutningssystem, som erbjuder en kombination av direkt br\u00e4nsleinsprutning och portinsprutning.<\/p>\n<p>Flera tekniska l\u00f6sningar har anv\u00e4nts i A25A-motorn, vilket f\u00f6rb\u00e4ttrar dess prestanda och ekonomi. Motorcylindrarna \u00e4r gjorda av aluminiumlegering, vilket minskar vikten p\u00e5 motorn och f\u00f6rb\u00e4ttrar dess kylning. Motorns kamkedja \u00e4r ocks\u00e5 konstruerad f\u00f6r att h\u00e5lla l\u00e4nge och har en betydligt l\u00e4ngre livsl\u00e4ngd \u00e4n traditionella st\u00e4ll.<\/p>\n<p>A25A-motorn har anv\u00e4nts i m\u00e5nga Toyota-bilar, som Toyota RAV4, Camry och Highlander. Den \u00e4r \u00e4ven monterad p\u00e5 Lexus NX300h och Toyota Sienna. Motorn har varit tillg\u00e4nglig fr\u00e5n 2017-2022.<\/p>\n<p>Jag hoppas att den h\u00e4r texten hj\u00e4lpte dig att l\u00e4ra dig mer om A25A-motorn och dess tekniska funktioner.<\/p>\n","protected":false},"excerpt":{"rendered":"<p>Bilm\u00e4rken och modeller med A25A-motor som anv\u00e4nds:<\/p>\n<ul>\n<li>Toyota RAV4 (2019-2022)<\/li>\n<li>Toyota Camry (2018-2022)<\/li>\n<li>Toyota Highlander (2020-2022)<\/li>\n<li>Lexus NX300h (2018-2022)<\/li>\n<li>Toyota Sienna (2021-2022)<\/li>\n<\/ul>\n","protected":false},"featured_media":4754,"template":"","meta":[],"product_brand":[],"product_cat":[585,637],"product_tag":[686,687,685],"class_list":{"0":"post-5469","1":"product","2":"type-product","3":"status-publish","4":"has-post-thumbnail","6":"product_cat-lexus-sv","7":"product_cat-toyota-sv","8":"product_tag-camry-sv","9":"product_tag-es-sv","10":"product_tag-rav-4-sv","11":"pa_varaosan-osasto-motor","14":"first","15":"instock","16":"shipping-taxable","17":"product-type-simple"},"yoast_head":"<!-- This site is optimized with the Yoast SEO plugin v26.8 - https:\/\/yoast.com\/product\/yoast-seo-wordpress\/ -->\n<title>2.5 Hybryd &quot;A25A&quot; Motor [esim. Toyota RAV-4, Camry, Lexus ES]<\/title>\n<meta name=\"description\" content=\"En av de motorer som vi ofta har tillg\u00e4ngliga. Skicka en f\u00f6rfr\u00e5gan och f\u00e5 en offert inom 24 timmar. Motorer, v\u00e4xell\u00e5dor och andra bildelar under garanti.\" \/>\n<meta name=\"robots\" content=\"index, follow, max-snippet:-1, max-image-preview:large, max-video-preview:-1\" \/>\n<link rel=\"canonical\" href=\"https:\/\/autopartscenter24.com\/sv\/auton-varaosat\/2-5-hybryda-a25a-moottori-toyota-rav-4-v-camry\/\" \/>\n<meta property=\"og:locale\" content=\"sv_SE\" \/>\n<meta property=\"og:type\" content=\"article\" \/>\n<meta property=\"og:title\" content=\"2.5 Hybryd &quot;A25A&quot; Motor [esim. Toyota RAV-4, Camry, Lexus ES]\" \/>\n<meta property=\"og:description\" content=\"En av de motorer som vi ofta har tillg\u00e4ngliga. Skicka en f\u00f6rfr\u00e5gan och f\u00e5 en offert inom 24 timmar. Motorer, v\u00e4xell\u00e5dor och andra bildelar under garanti.\" \/>\n<meta property=\"og:url\" content=\"https:\/\/autopartscenter24.com\/sv\/auton-varaosat\/2-5-hybryda-a25a-moottori-toyota-rav-4-v-camry\/\" \/>\n<meta property=\"og:site_name\" content=\"Autopartscenter24\" \/>\n<meta property=\"article:modified_time\" content=\"2023-11-26T13:18:20+00:00\" \/>\n<meta property=\"og:image\" content=\"https:\/\/autopartscenter24.com\/wp-content\/uploads\/2023\/03\/2-5-hybryd-a25a-moottori-toyota-rav-4-v-camry.webp\" \/>\n\t<meta property=\"og:image:width\" content=\"800\" \/>\n\t<meta property=\"og:image:height\" content=\"600\" \/>\n\t<meta property=\"og:image:type\" content=\"image\/webp\" \/>\n<meta name=\"twitter:card\" content=\"summary_large_image\" \/>\n<meta name=\"twitter:label1\" content=\"Ber\u00e4knad l\u00e4stid\" \/>\n\t<meta name=\"twitter:data1\" content=\"1 minut\" \/>\n<script type=\"application\/ld+json\" class=\"yoast-schema-graph\">{\"@context\":\"https:\/\/schema.org\",\"@graph\":[{\"@type\":\"WebPage\",\"@id\":\"https:\/\/autopartscenter24.com\/auton-varaosat\/2-5-hybryda-a25a-moottori-toyota-rav-4-v-camry\/\",\"url\":\"https:\/\/autopartscenter24.com\/auton-varaosat\/2-5-hybryda-a25a-moottori-toyota-rav-4-v-camry\/\",\"name\":\"2.5 Hybryd \\\"A25A\\\" Motor [esim. Toyota RAV-4, Camry, Lexus ES]\",\"isPartOf\":{\"@id\":\"https:\/\/autopartscenter24.com\/#website\"},\"primaryImageOfPage\":{\"@id\":\"https:\/\/autopartscenter24.com\/auton-varaosat\/2-5-hybryda-a25a-moottori-toyota-rav-4-v-camry\/#primaryimage\"},\"image\":{\"@id\":\"https:\/\/autopartscenter24.com\/auton-varaosat\/2-5-hybryda-a25a-moottori-toyota-rav-4-v-camry\/#primaryimage\"},\"thumbnailUrl\":\"https:\/\/autopartscenter24.com\/wp-content\/uploads\/2023\/03\/2-5-hybryd-a25a-moottori-toyota-rav-4-v-camry.webp\",\"datePublished\":\"2023-11-26T13:18:19+00:00\",\"dateModified\":\"2023-11-26T13:18:20+00:00\",\"description\":\"En av de motorer som vi ofta har tillg\u00e4ngliga. Skicka en f\u00f6rfr\u00e5gan och f\u00e5 en offert inom 24 timmar. Motorer, v\u00e4xell\u00e5dor och andra bildelar under garanti.\",\"breadcrumb\":{\"@id\":\"https:\/\/autopartscenter24.com\/auton-varaosat\/2-5-hybryda-a25a-moottori-toyota-rav-4-v-camry\/#breadcrumb\"},\"inLanguage\":\"sv-SE\",\"potentialAction\":[{\"@type\":\"ReadAction\",\"target\":[\"https:\/\/autopartscenter24.com\/auton-varaosat\/2-5-hybryda-a25a-moottori-toyota-rav-4-v-camry\/\"]}]},{\"@type\":\"ImageObject\",\"inLanguage\":\"sv-SE\",\"@id\":\"https:\/\/autopartscenter24.com\/auton-varaosat\/2-5-hybryda-a25a-moottori-toyota-rav-4-v-camry\/#primaryimage\",\"url\":\"https:\/\/autopartscenter24.com\/wp-content\/uploads\/2023\/03\/2-5-hybryd-a25a-moottori-toyota-rav-4-v-camry.webp\",\"contentUrl\":\"https:\/\/autopartscenter24.com\/wp-content\/uploads\/2023\/03\/2-5-hybryd-a25a-moottori-toyota-rav-4-v-camry.webp\",\"width\":800,\"height\":600},{\"@type\":\"BreadcrumbList\",\"@id\":\"https:\/\/autopartscenter24.com\/auton-varaosat\/2-5-hybryda-a25a-moottori-toyota-rav-4-v-camry\/#breadcrumb\",\"itemListElement\":[{\"@type\":\"ListItem\",\"position\":1,\"name\":\"Hem\",\"item\":\"https:\/\/aliceblue-termite-662564.hostingersite.com\/\"},{\"@type\":\"ListItem\",\"position\":2,\"name\":\"Auton varaosat\",\"item\":\"https:\/\/aliceblue-termite-662564.hostingersite.com\/auton-varaosat\/\"},{\"@type\":\"ListItem\",\"position\":3,\"name\":\"2.5 Hybryd &#8221;A25A&#8221; Motor [esim. Toyota RAV-4, Camry, Lexus ES]\"}]},{\"@type\":\"WebSite\",\"@id\":\"https:\/\/autopartscenter24.com\/#website\",\"url\":\"https:\/\/autopartscenter24.com\/\",\"name\":\"Autopartscenter24\",\"description\":\"K\u00c4YTETYT JA KUNNOSTETUT  AUTON VARAOSAT\",\"potentialAction\":[{\"@type\":\"SearchAction\",\"target\":{\"@type\":\"EntryPoint\",\"urlTemplate\":\"https:\/\/autopartscenter24.com\/?s={search_term_string}\"},\"query-input\":{\"@type\":\"PropertyValueSpecification\",\"valueRequired\":true,\"valueName\":\"search_term_string\"}}],\"inLanguage\":\"sv-SE\"}]}<\/script>\n<!-- \/ Yoast SEO plugin. -->","yoast_head_json":{"title":"2.5 Hybryd \"A25A\" Motor [esim. Toyota RAV-4, Camry, Lexus ES]","description":"En av de motorer som vi ofta har tillg\u00e4ngliga. Skicka en f\u00f6rfr\u00e5gan och f\u00e5 en offert inom 24 timmar. Motorer, v\u00e4xell\u00e5dor och andra bildelar under garanti.","robots":{"index":"index","follow":"follow","max-snippet":"max-snippet:-1","max-image-preview":"max-image-preview:large","max-video-preview":"max-video-preview:-1"},"canonical":"https:\/\/autopartscenter24.com\/sv\/auton-varaosat\/2-5-hybryda-a25a-moottori-toyota-rav-4-v-camry\/","og_locale":"sv_SE","og_type":"article","og_title":"2.5 Hybryd \"A25A\" Motor [esim. Toyota RAV-4, Camry, Lexus ES]","og_description":"En av de motorer som vi ofta har tillg\u00e4ngliga. Skicka en f\u00f6rfr\u00e5gan och f\u00e5 en offert inom 24 timmar. Motorer, v\u00e4xell\u00e5dor och andra bildelar under garanti.","og_url":"https:\/\/autopartscenter24.com\/sv\/auton-varaosat\/2-5-hybryda-a25a-moottori-toyota-rav-4-v-camry\/","og_site_name":"Autopartscenter24","article_modified_time":"2023-11-26T13:18:20+00:00","og_image":[{"width":800,"height":600,"url":"https:\/\/autopartscenter24.com\/wp-content\/uploads\/2023\/03\/2-5-hybryd-a25a-moottori-toyota-rav-4-v-camry.webp","type":"image\/webp"}],"twitter_card":"summary_large_image","twitter_misc":{"Ber\u00e4knad l\u00e4stid":"1 minut"},"schema":{"@context":"https:\/\/schema.org","@graph":[{"@type":"WebPage","@id":"https:\/\/autopartscenter24.com\/auton-varaosat\/2-5-hybryda-a25a-moottori-toyota-rav-4-v-camry\/","url":"https:\/\/autopartscenter24.com\/auton-varaosat\/2-5-hybryda-a25a-moottori-toyota-rav-4-v-camry\/","name":"2.5 Hybryd \"A25A\" Motor [esim. Toyota RAV-4, Camry, Lexus ES]","isPartOf":{"@id":"https:\/\/autopartscenter24.com\/#website"},"primaryImageOfPage":{"@id":"https:\/\/autopartscenter24.com\/auton-varaosat\/2-5-hybryda-a25a-moottori-toyota-rav-4-v-camry\/#primaryimage"},"image":{"@id":"https:\/\/autopartscenter24.com\/auton-varaosat\/2-5-hybryda-a25a-moottori-toyota-rav-4-v-camry\/#primaryimage"},"thumbnailUrl":"https:\/\/autopartscenter24.com\/wp-content\/uploads\/2023\/03\/2-5-hybryd-a25a-moottori-toyota-rav-4-v-camry.webp","datePublished":"2023-11-26T13:18:19+00:00","dateModified":"2023-11-26T13:18:20+00:00","description":"En av de motorer som vi ofta har tillg\u00e4ngliga. Skicka en f\u00f6rfr\u00e5gan och f\u00e5 en offert inom 24 timmar. Motorer, v\u00e4xell\u00e5dor och andra bildelar under garanti.","breadcrumb":{"@id":"https:\/\/autopartscenter24.com\/auton-varaosat\/2-5-hybryda-a25a-moottori-toyota-rav-4-v-camry\/#breadcrumb"},"inLanguage":"sv-SE","potentialAction":[{"@type":"ReadAction","target":["https:\/\/autopartscenter24.com\/auton-varaosat\/2-5-hybryda-a25a-moottori-toyota-rav-4-v-camry\/"]}]},{"@type":"ImageObject","inLanguage":"sv-SE","@id":"https:\/\/autopartscenter24.com\/auton-varaosat\/2-5-hybryda-a25a-moottori-toyota-rav-4-v-camry\/#primaryimage","url":"https:\/\/autopartscenter24.com\/wp-content\/uploads\/2023\/03\/2-5-hybryd-a25a-moottori-toyota-rav-4-v-camry.webp","contentUrl":"https:\/\/autopartscenter24.com\/wp-content\/uploads\/2023\/03\/2-5-hybryd-a25a-moottori-toyota-rav-4-v-camry.webp","width":800,"height":600},{"@type":"BreadcrumbList","@id":"https:\/\/autopartscenter24.com\/auton-varaosat\/2-5-hybryda-a25a-moottori-toyota-rav-4-v-camry\/#breadcrumb","itemListElement":[{"@type":"ListItem","position":1,"name":"Hem","item":"https:\/\/aliceblue-termite-662564.hostingersite.com\/"},{"@type":"ListItem","position":2,"name":"Auton varaosat","item":"https:\/\/aliceblue-termite-662564.hostingersite.com\/auton-varaosat\/"},{"@type":"ListItem","position":3,"name":"2.5 Hybryd &#8221;A25A&#8221; Motor [esim. Toyota RAV-4, Camry, Lexus ES]"}]},{"@type":"WebSite","@id":"https:\/\/autopartscenter24.com\/#website","url":"https:\/\/autopartscenter24.com\/","name":"Autopartscenter24","description":"K\u00c4YTETYT JA KUNNOSTETUT  AUTON VARAOSAT","potentialAction":[{"@type":"SearchAction","target":{"@type":"EntryPoint","urlTemplate":"https:\/\/autopartscenter24.com\/?s={search_term_string}"},"query-input":{"@type":"PropertyValueSpecification","valueRequired":true,"valueName":"search_term_string"}}],"inLanguage":"sv-SE"}]}},"_links":{"self":[{"href":"https:\/\/autopartscenter24.com\/sv\/wp-json\/wp\/v2\/product\/5469","targetHints":{"allow":["GET"]}}],"collection":[{"href":"https:\/\/autopartscenter24.com\/sv\/wp-json\/wp\/v2\/product"}],"about":[{"href":"https:\/\/autopartscenter24.com\/sv\/wp-json\/wp\/v2\/types\/product"}],"wp:featuredmedia":[{"embeddable":true,"href":"https:\/\/autopartscenter24.com\/sv\/wp-json\/wp\/v2\/media\/4754"}],"wp:attachment":[{"href":"https:\/\/autopartscenter24.com\/sv\/wp-json\/wp\/v2\/media?parent=5469"}],"wp:term":[{"taxonomy":"product_brand","embeddable":true,"href":"https:\/\/autopartscenter24.com\/sv\/wp-json\/wp\/v2\/product_brand?post=5469"},{"taxonomy":"product_cat","embeddable":true,"href":"https:\/\/autopartscenter24.com\/sv\/wp-json\/wp\/v2\/product_cat?post=5469"},{"taxonomy":"product_tag","embeddable":true,"href":"https:\/\/autopartscenter24.com\/sv\/wp-json\/wp\/v2\/product_tag?post=5469"}],"curies":[{"name":"wp","href":"https:\/\/api.w.org\/{rel}","templated":true}]}}