{"id":5468,"date":"2023-03-08T21:12:04","date_gmt":"2023-11-26T13:16:30","guid":{"rendered":"https:\/\/autopartscenter24.com\/product\/2-2-i-dtec-n22b1-motor-esim-honda-accord-cr-v-civic\/"},"modified":"2023-11-26T14:16:30","modified_gmt":"2023-11-26T13:16:30","slug":"2-2-i-dtec-n22b1-motor-honda-accord-viii","status":"publish","type":"product","link":"https:\/\/autopartscenter24.com\/sv\/auton-varaosat\/2-2-i-dtec-n22b1-motor-honda-accord-viii\/","title":{"rendered":"2.2 I-DTEC &#8221;N22B1&#8221; Motor [esim. Honda Accord, CR-V, Civic]"},"content":{"rendered":"<p>V\u00e4lkommen! Honda 2.2 I-DTEC-motorn, kodnamnet N22B1, \u00e4r en av dieselmotorerna som tillverkas av Honda Motor Company. Motorn \u00e4r k\u00e4nd f\u00f6r sin ekonomi och prestanda. N22B1-motorn har fyra cylindrar och tv\u00e5 kamaxlar. Den ger en effekt p\u00e5 150 hk och ett vridmoment p\u00e5 350 Nm.<\/p>\n<p>Motorn anv\u00e4nder Hondas I-DTEC-teknik, som erbjuder direkt br\u00e4nsleinsprutning och en turboladdare med liten deplacement. Den st\u00f6rsta f\u00f6rdelen med motorn \u00e4r dess ekonomi, tack vare vilken den uppfyller Euro 6-emissionsnormerna. Motorn anv\u00e4nder \u00e4ven Hondas AdBlue-system, som minskar kv\u00e4veoxidutsl\u00e4ppen.<\/p>\n<p>Flera tekniska l\u00f6sningar har anv\u00e4nts i N22B1-motorn, vilket f\u00f6rb\u00e4ttrar dess prestanda och h\u00e5llbarhet. Motorcylindrarna \u00e4r gjorda av aluminiumlegering, vilket minskar vikten p\u00e5 motorn och f\u00f6rb\u00e4ttrar dess kylning. Motorns kolvar \u00e4r ocks\u00e5 specialdesignade f\u00f6r att klara det h\u00f6ga tryck som uppst\u00e5r vid anv\u00e4ndning av en turboladdare med liten volym.<\/p>\n<p>Jag hoppas att den h\u00e4r texten hj\u00e4lpte dig att l\u00e4ra dig mer om N22B1-motorn och dess tekniska funktioner.<\/p>\n","protected":false},"excerpt":{"rendered":"<p>N22B1-motorn har anv\u00e4nts i m\u00e5nga Honda-bilar, som Honda Civic, CR-V och Accord. Den \u00e4r ocks\u00e5 installerad p\u00e5 Acura ILX och Acura TSX. Motorn har varit tillg\u00e4nglig fr\u00e5n 2013-2019.<\/p>\n<p>Bilm\u00e4rken och modeller med N22B1-motor som anv\u00e4nds:<\/p>\n<ul>\n<li>Honda Civic (2013-2019)<\/li>\n<li>Honda CR-V (2013-2018)<\/li>\n<li>Honda Accord (2013-2017)<\/li>\n<li>Acura ILX (2013-2015)<\/li>\n<li>Acura TSX (2013-2014)<\/li>\n<\/ul>\n","protected":false},"featured_media":4759,"template":"","meta":[],"product_brand":[],"product_cat":[569],"product_tag":[684,670,671],"class_list":{"0":"post-5468","1":"product","2":"type-product","3":"status-publish","4":"has-post-thumbnail","6":"product_cat-honda-sv","7":"product_tag-accord-sv","8":"product_tag-civic-sv","9":"product_tag-cr-v-sv","10":"pa_varaosan-osasto-motor","13":"first","14":"instock","15":"shipping-taxable","16":"product-type-simple"},"yoast_head":"<!-- This site is optimized with the Yoast SEO plugin v26.8 - https:\/\/yoast.com\/product\/yoast-seo-wordpress\/ -->\n<title>2.2 I-DTEC &quot;N22B1&quot; Motor [esim. Honda Accord, CR-V, Civic]<\/title>\n<meta name=\"description\" content=\"En av de motorer som vi ofta har tillg\u00e4ngliga. Skicka en f\u00f6rfr\u00e5gan och f\u00e5 en offert inom 24 timmar. Motorer, v\u00e4xell\u00e5dor och andra bildelar under garanti.\" \/>\n<meta name=\"robots\" content=\"index, follow, max-snippet:-1, max-image-preview:large, max-video-preview:-1\" \/>\n<link rel=\"canonical\" href=\"https:\/\/autopartscenter24.com\/sv\/auton-varaosat\/2-2-i-dtec-n22b1-moottori-honda-accord-viii\/\" \/>\n<meta property=\"og:locale\" content=\"sv_SE\" \/>\n<meta property=\"og:type\" content=\"article\" \/>\n<meta property=\"og:title\" content=\"2.2 I-DTEC &quot;N22B1&quot; Motor [esim. Honda Accord, CR-V, Civic]\" \/>\n<meta property=\"og:description\" content=\"En av de motorer som vi ofta har tillg\u00e4ngliga. Skicka en f\u00f6rfr\u00e5gan och f\u00e5 en offert inom 24 timmar. Motorer, v\u00e4xell\u00e5dor och andra bildelar under garanti.\" \/>\n<meta property=\"og:url\" content=\"https:\/\/autopartscenter24.com\/sv\/auton-varaosat\/2-2-i-dtec-n22b1-moottori-honda-accord-viii\/\" \/>\n<meta property=\"og:site_name\" content=\"Autopartscenter24\" \/>\n<meta property=\"og:image\" content=\"https:\/\/autopartscenter24.com\/wp-content\/uploads\/2023\/03\/2-2-i-dtec-n22b1-moottori-honda-accord-viii.webp\" \/>\n\t<meta property=\"og:image:width\" content=\"800\" \/>\n\t<meta property=\"og:image:height\" content=\"600\" \/>\n\t<meta property=\"og:image:type\" content=\"image\/webp\" \/>\n<meta name=\"twitter:card\" content=\"summary_large_image\" \/>\n<meta name=\"twitter:label1\" content=\"Ber\u00e4knad l\u00e4stid\" \/>\n\t<meta name=\"twitter:data1\" content=\"1 minut\" \/>\n<script type=\"application\/ld+json\" class=\"yoast-schema-graph\">{\"@context\":\"https:\/\/schema.org\",\"@graph\":[{\"@type\":\"WebPage\",\"@id\":\"https:\/\/autopartscenter24.com\/auton-varaosat\/2-2-i-dtec-n22b1-moottori-honda-accord-viii\/\",\"url\":\"https:\/\/autopartscenter24.com\/auton-varaosat\/2-2-i-dtec-n22b1-moottori-honda-accord-viii\/\",\"name\":\"2.2 I-DTEC \\\"N22B1\\\" Motor [esim. Honda Accord, CR-V, Civic]\",\"isPartOf\":{\"@id\":\"https:\/\/autopartscenter24.com\/#website\"},\"primaryImageOfPage\":{\"@id\":\"https:\/\/autopartscenter24.com\/auton-varaosat\/2-2-i-dtec-n22b1-moottori-honda-accord-viii\/#primaryimage\"},\"image\":{\"@id\":\"https:\/\/autopartscenter24.com\/auton-varaosat\/2-2-i-dtec-n22b1-moottori-honda-accord-viii\/#primaryimage\"},\"thumbnailUrl\":\"https:\/\/autopartscenter24.com\/wp-content\/uploads\/2023\/03\/2-2-i-dtec-n22b1-moottori-honda-accord-viii.webp\",\"datePublished\":\"2023-11-26T13:16:30+00:00\",\"description\":\"En av de motorer som vi ofta har tillg\u00e4ngliga. Skicka en f\u00f6rfr\u00e5gan och f\u00e5 en offert inom 24 timmar. Motorer, v\u00e4xell\u00e5dor och andra bildelar under garanti.\",\"breadcrumb\":{\"@id\":\"https:\/\/autopartscenter24.com\/auton-varaosat\/2-2-i-dtec-n22b1-moottori-honda-accord-viii\/#breadcrumb\"},\"inLanguage\":\"sv-SE\",\"potentialAction\":[{\"@type\":\"ReadAction\",\"target\":[\"https:\/\/autopartscenter24.com\/auton-varaosat\/2-2-i-dtec-n22b1-moottori-honda-accord-viii\/\"]}]},{\"@type\":\"ImageObject\",\"inLanguage\":\"sv-SE\",\"@id\":\"https:\/\/autopartscenter24.com\/auton-varaosat\/2-2-i-dtec-n22b1-moottori-honda-accord-viii\/#primaryimage\",\"url\":\"https:\/\/autopartscenter24.com\/wp-content\/uploads\/2023\/03\/2-2-i-dtec-n22b1-moottori-honda-accord-viii.webp\",\"contentUrl\":\"https:\/\/autopartscenter24.com\/wp-content\/uploads\/2023\/03\/2-2-i-dtec-n22b1-moottori-honda-accord-viii.webp\",\"width\":800,\"height\":600},{\"@type\":\"BreadcrumbList\",\"@id\":\"https:\/\/autopartscenter24.com\/auton-varaosat\/2-2-i-dtec-n22b1-moottori-honda-accord-viii\/#breadcrumb\",\"itemListElement\":[{\"@type\":\"ListItem\",\"position\":1,\"name\":\"Hem\",\"item\":\"https:\/\/aliceblue-termite-662564.hostingersite.com\/\"},{\"@type\":\"ListItem\",\"position\":2,\"name\":\"Auton varaosat\",\"item\":\"https:\/\/aliceblue-termite-662564.hostingersite.com\/auton-varaosat\/\"},{\"@type\":\"ListItem\",\"position\":3,\"name\":\"2.2 I-DTEC &#8221;N22B1&#8221; Motor [esim. Honda Accord, CR-V, Civic]\"}]},{\"@type\":\"WebSite\",\"@id\":\"https:\/\/autopartscenter24.com\/#website\",\"url\":\"https:\/\/autopartscenter24.com\/\",\"name\":\"Autopartscenter24\",\"description\":\"K\u00c4YTETYT JA KUNNOSTETUT  AUTON VARAOSAT\",\"potentialAction\":[{\"@type\":\"SearchAction\",\"target\":{\"@type\":\"EntryPoint\",\"urlTemplate\":\"https:\/\/autopartscenter24.com\/?s={search_term_string}\"},\"query-input\":{\"@type\":\"PropertyValueSpecification\",\"valueRequired\":true,\"valueName\":\"search_term_string\"}}],\"inLanguage\":\"sv-SE\"}]}<\/script>\n<!-- \/ Yoast SEO plugin. -->","yoast_head_json":{"title":"2.2 I-DTEC \"N22B1\" Motor [esim. Honda Accord, CR-V, Civic]","description":"En av de motorer som vi ofta har tillg\u00e4ngliga. Skicka en f\u00f6rfr\u00e5gan och f\u00e5 en offert inom 24 timmar. Motorer, v\u00e4xell\u00e5dor och andra bildelar under garanti.","robots":{"index":"index","follow":"follow","max-snippet":"max-snippet:-1","max-image-preview":"max-image-preview:large","max-video-preview":"max-video-preview:-1"},"canonical":"https:\/\/autopartscenter24.com\/sv\/auton-varaosat\/2-2-i-dtec-n22b1-moottori-honda-accord-viii\/","og_locale":"sv_SE","og_type":"article","og_title":"2.2 I-DTEC \"N22B1\" Motor [esim. Honda Accord, CR-V, Civic]","og_description":"En av de motorer som vi ofta har tillg\u00e4ngliga. Skicka en f\u00f6rfr\u00e5gan och f\u00e5 en offert inom 24 timmar. Motorer, v\u00e4xell\u00e5dor och andra bildelar under garanti.","og_url":"https:\/\/autopartscenter24.com\/sv\/auton-varaosat\/2-2-i-dtec-n22b1-moottori-honda-accord-viii\/","og_site_name":"Autopartscenter24","og_image":[{"width":800,"height":600,"url":"https:\/\/autopartscenter24.com\/wp-content\/uploads\/2023\/03\/2-2-i-dtec-n22b1-moottori-honda-accord-viii.webp","type":"image\/webp"}],"twitter_card":"summary_large_image","twitter_misc":{"Ber\u00e4knad l\u00e4stid":"1 minut"},"schema":{"@context":"https:\/\/schema.org","@graph":[{"@type":"WebPage","@id":"https:\/\/autopartscenter24.com\/auton-varaosat\/2-2-i-dtec-n22b1-moottori-honda-accord-viii\/","url":"https:\/\/autopartscenter24.com\/auton-varaosat\/2-2-i-dtec-n22b1-moottori-honda-accord-viii\/","name":"2.2 I-DTEC \"N22B1\" Motor [esim. Honda Accord, CR-V, Civic]","isPartOf":{"@id":"https:\/\/autopartscenter24.com\/#website"},"primaryImageOfPage":{"@id":"https:\/\/autopartscenter24.com\/auton-varaosat\/2-2-i-dtec-n22b1-moottori-honda-accord-viii\/#primaryimage"},"image":{"@id":"https:\/\/autopartscenter24.com\/auton-varaosat\/2-2-i-dtec-n22b1-moottori-honda-accord-viii\/#primaryimage"},"thumbnailUrl":"https:\/\/autopartscenter24.com\/wp-content\/uploads\/2023\/03\/2-2-i-dtec-n22b1-moottori-honda-accord-viii.webp","datePublished":"2023-11-26T13:16:30+00:00","description":"En av de motorer som vi ofta har tillg\u00e4ngliga. Skicka en f\u00f6rfr\u00e5gan och f\u00e5 en offert inom 24 timmar. Motorer, v\u00e4xell\u00e5dor och andra bildelar under garanti.","breadcrumb":{"@id":"https:\/\/autopartscenter24.com\/auton-varaosat\/2-2-i-dtec-n22b1-moottori-honda-accord-viii\/#breadcrumb"},"inLanguage":"sv-SE","potentialAction":[{"@type":"ReadAction","target":["https:\/\/autopartscenter24.com\/auton-varaosat\/2-2-i-dtec-n22b1-moottori-honda-accord-viii\/"]}]},{"@type":"ImageObject","inLanguage":"sv-SE","@id":"https:\/\/autopartscenter24.com\/auton-varaosat\/2-2-i-dtec-n22b1-moottori-honda-accord-viii\/#primaryimage","url":"https:\/\/autopartscenter24.com\/wp-content\/uploads\/2023\/03\/2-2-i-dtec-n22b1-moottori-honda-accord-viii.webp","contentUrl":"https:\/\/autopartscenter24.com\/wp-content\/uploads\/2023\/03\/2-2-i-dtec-n22b1-moottori-honda-accord-viii.webp","width":800,"height":600},{"@type":"BreadcrumbList","@id":"https:\/\/autopartscenter24.com\/auton-varaosat\/2-2-i-dtec-n22b1-moottori-honda-accord-viii\/#breadcrumb","itemListElement":[{"@type":"ListItem","position":1,"name":"Hem","item":"https:\/\/aliceblue-termite-662564.hostingersite.com\/"},{"@type":"ListItem","position":2,"name":"Auton varaosat","item":"https:\/\/aliceblue-termite-662564.hostingersite.com\/auton-varaosat\/"},{"@type":"ListItem","position":3,"name":"2.2 I-DTEC &#8221;N22B1&#8221; Motor [esim. Honda Accord, CR-V, Civic]"}]},{"@type":"WebSite","@id":"https:\/\/autopartscenter24.com\/#website","url":"https:\/\/autopartscenter24.com\/","name":"Autopartscenter24","description":"K\u00c4YTETYT JA KUNNOSTETUT  AUTON VARAOSAT","potentialAction":[{"@type":"SearchAction","target":{"@type":"EntryPoint","urlTemplate":"https:\/\/autopartscenter24.com\/?s={search_term_string}"},"query-input":{"@type":"PropertyValueSpecification","valueRequired":true,"valueName":"search_term_string"}}],"inLanguage":"sv-SE"}]}},"_links":{"self":[{"href":"https:\/\/autopartscenter24.com\/sv\/wp-json\/wp\/v2\/product\/5468","targetHints":{"allow":["GET"]}}],"collection":[{"href":"https:\/\/autopartscenter24.com\/sv\/wp-json\/wp\/v2\/product"}],"about":[{"href":"https:\/\/autopartscenter24.com\/sv\/wp-json\/wp\/v2\/types\/product"}],"wp:featuredmedia":[{"embeddable":true,"href":"https:\/\/autopartscenter24.com\/sv\/wp-json\/wp\/v2\/media\/4759"}],"wp:attachment":[{"href":"https:\/\/autopartscenter24.com\/sv\/wp-json\/wp\/v2\/media?parent=5468"}],"wp:term":[{"taxonomy":"product_brand","embeddable":true,"href":"https:\/\/autopartscenter24.com\/sv\/wp-json\/wp\/v2\/product_brand?post=5468"},{"taxonomy":"product_cat","embeddable":true,"href":"https:\/\/autopartscenter24.com\/sv\/wp-json\/wp\/v2\/product_cat?post=5468"},{"taxonomy":"product_tag","embeddable":true,"href":"https:\/\/autopartscenter24.com\/sv\/wp-json\/wp\/v2\/product_tag?post=5468"}],"curies":[{"name":"wp","href":"https:\/\/api.w.org\/{rel}","templated":true}]}}