{"id":5467,"date":"2023-03-08T21:16:37","date_gmt":"2023-11-26T13:14:23","guid":{"rendered":"https:\/\/autopartscenter24.com\/product\/2-5i-n53b25a-motor-esim-bmw-e60-e61\/"},"modified":"2023-11-26T14:14:24","modified_gmt":"2023-11-26T13:14:24","slug":"2-5-190-hv-n53b25a-motor-bmw-e61-e60","status":"publish","type":"product","link":"https:\/\/autopartscenter24.com\/sv\/auton-varaosat\/2-5-190-hv-n53b25a-motor-bmw-e61-e60\/","title":{"rendered":"2.5i &#8221;N53B25A&#8221; Motor [esim. BMW E60, E61]"},"content":{"rendered":"<p><strong>BMW 2.5-motorn, med kodnamnet N53B25A, \u00e4r en av de bensinmotorer som tillverkas av Bayerische Motoren Werke AG.<\/strong> Motorn \u00e4r k\u00e4nd f\u00f6r sin prestanda och h\u00e5llbarhet. N53B25A-motorn har sex cylindrar och tv\u00e5 kamaxlar. Den ger en effekt p\u00e5 218 hk och ett vridmoment p\u00e5 250 Nm.<\/p>\n<p>Motorn anv\u00e4nder BMWs Valvetronic-teknik, som erbjuder en anm\u00e4rkningsv\u00e4rt effektiv kombination av direkt br\u00e4nsleinsprutning och en elektroniskt styrd ventilanordning. Den st\u00f6rsta f\u00f6rdelen med motorn \u00e4r dess prestanda och ekonomi, tack vare vilken den uppfyller Euro 5-emissionsnormerna.<\/p>\n<p>N53B25A-motorn anv\u00e4nder flera tekniska l\u00f6sningar som f\u00f6rb\u00e4ttrar dess prestanda och h\u00e5llbarhet. Motorcylindrarna \u00e4r gjorda av aluminiumlegering, vilket minskar vikten p\u00e5 motorn och f\u00f6rb\u00e4ttrar dess kylning. Motorns kamkedja \u00e4r ocks\u00e5 konstruerad f\u00f6r att h\u00e5lla l\u00e4nge och har en betydligt l\u00e4ngre livsl\u00e4ngd \u00e4n traditionella st\u00e4ll.<\/p>\n<p>Jag hoppas att den h\u00e4r texten hj\u00e4lpte dig att l\u00e4ra dig mer om N53B25A-motorn och dess specifikationer.<\/p>\n","protected":false},"excerpt":{"rendered":"<p>N53B25A-motorn har anv\u00e4nts i m\u00e5nga BMW-bilar, som BMW 3-serien, 5-serien och X3. Den \u00e4r \u00e4ven monterad p\u00e5 BMW Z4 och BMW 1-serie Coup\u00e9. Motorn har varit tillg\u00e4nglig fr\u00e5n 2006-2013.<\/p>\n<p>Bilm\u00e4rken och modeller d\u00e4r N53B25A-motorn anv\u00e4nds:<\/p>\n<ul>\n<li>BMW 325i (2006-2013)<\/li>\n<li>BMW 525i (2006-2010)<\/li>\n<li>BMW X3 2.5si (2006-2008)<\/li>\n<li>BMW Z4 2.5i (2009-2013)<\/li>\n<li>BMW 125i Coup\u00e9 (2007-2013)<\/li>\n<\/ul>\n","protected":false},"featured_media":4764,"template":"","meta":[],"product_brand":[],"product_cat":[537],"product_tag":[682,683],"class_list":{"0":"post-5467","1":"product","2":"type-product","3":"status-publish","4":"has-post-thumbnail","6":"product_cat-bmw-sv","7":"product_tag-e60-sv","8":"product_tag-e61-sv","9":"pa_varaosan-osasto-motor","12":"first","13":"instock","14":"shipping-taxable","15":"product-type-simple"},"yoast_head":"<!-- This site is optimized with the Yoast SEO plugin v26.8 - https:\/\/yoast.com\/product\/yoast-seo-wordpress\/ -->\n<title>2.5i &quot;N53B25A&quot; Motor [esim. BMW E60, E61] - Autopartscenter24<\/title>\n<meta name=\"description\" content=\"En av de motorer som vi ofta har tillg\u00e4ngliga. Skicka en f\u00f6rfr\u00e5gan och f\u00e5 en offert inom 24 timmar. Motorer, v\u00e4xell\u00e5dor och andra bildelar under garanti.\" \/>\n<meta name=\"robots\" content=\"index, follow, max-snippet:-1, max-image-preview:large, max-video-preview:-1\" \/>\n<link rel=\"canonical\" href=\"https:\/\/autopartscenter24.com\/sv\/auton-varaosat\/2-5-190-hv-n53b25a-moottori-bmw-e61-e60\/\" \/>\n<meta property=\"og:locale\" content=\"sv_SE\" \/>\n<meta property=\"og:type\" content=\"article\" \/>\n<meta property=\"og:title\" content=\"2.5i &quot;N53B25A&quot; Motor [esim. BMW E60, E61] - Autopartscenter24\" \/>\n<meta property=\"og:description\" content=\"En av de motorer som vi ofta har tillg\u00e4ngliga. Skicka en f\u00f6rfr\u00e5gan och f\u00e5 en offert inom 24 timmar. Motorer, v\u00e4xell\u00e5dor och andra bildelar under garanti.\" \/>\n<meta property=\"og:url\" content=\"https:\/\/autopartscenter24.com\/sv\/auton-varaosat\/2-5-190-hv-n53b25a-moottori-bmw-e61-e60\/\" \/>\n<meta property=\"og:site_name\" content=\"Autopartscenter24\" \/>\n<meta property=\"article:modified_time\" content=\"2023-11-26T13:14:24+00:00\" \/>\n<meta property=\"og:image\" content=\"https:\/\/autopartscenter24.com\/wp-content\/uploads\/2023\/03\/2-5-190-hv-n53b25a-moottori-bmw-e61-e60.webp\" \/>\n\t<meta property=\"og:image:width\" content=\"800\" \/>\n\t<meta property=\"og:image:height\" content=\"600\" \/>\n\t<meta property=\"og:image:type\" content=\"image\/webp\" \/>\n<meta name=\"twitter:card\" content=\"summary_large_image\" \/>\n<meta name=\"twitter:label1\" content=\"Ber\u00e4knad l\u00e4stid\" \/>\n\t<meta name=\"twitter:data1\" content=\"1 minut\" \/>\n<script type=\"application\/ld+json\" class=\"yoast-schema-graph\">{\"@context\":\"https:\/\/schema.org\",\"@graph\":[{\"@type\":\"WebPage\",\"@id\":\"https:\/\/autopartscenter24.com\/auton-varaosat\/2-5-190-hv-n53b25a-moottori-bmw-e61-e60\/\",\"url\":\"https:\/\/autopartscenter24.com\/auton-varaosat\/2-5-190-hv-n53b25a-moottori-bmw-e61-e60\/\",\"name\":\"2.5i \\\"N53B25A\\\" Motor [esim. BMW E60, E61] - Autopartscenter24\",\"isPartOf\":{\"@id\":\"https:\/\/autopartscenter24.com\/#website\"},\"primaryImageOfPage\":{\"@id\":\"https:\/\/autopartscenter24.com\/auton-varaosat\/2-5-190-hv-n53b25a-moottori-bmw-e61-e60\/#primaryimage\"},\"image\":{\"@id\":\"https:\/\/autopartscenter24.com\/auton-varaosat\/2-5-190-hv-n53b25a-moottori-bmw-e61-e60\/#primaryimage\"},\"thumbnailUrl\":\"https:\/\/autopartscenter24.com\/wp-content\/uploads\/2023\/03\/2-5-190-hv-n53b25a-moottori-bmw-e61-e60.webp\",\"datePublished\":\"2023-11-26T13:14:23+00:00\",\"dateModified\":\"2023-11-26T13:14:24+00:00\",\"description\":\"En av de motorer som vi ofta har tillg\u00e4ngliga. Skicka en f\u00f6rfr\u00e5gan och f\u00e5 en offert inom 24 timmar. Motorer, v\u00e4xell\u00e5dor och andra bildelar under garanti.\",\"breadcrumb\":{\"@id\":\"https:\/\/autopartscenter24.com\/auton-varaosat\/2-5-190-hv-n53b25a-moottori-bmw-e61-e60\/#breadcrumb\"},\"inLanguage\":\"sv-SE\",\"potentialAction\":[{\"@type\":\"ReadAction\",\"target\":[\"https:\/\/autopartscenter24.com\/auton-varaosat\/2-5-190-hv-n53b25a-moottori-bmw-e61-e60\/\"]}]},{\"@type\":\"ImageObject\",\"inLanguage\":\"sv-SE\",\"@id\":\"https:\/\/autopartscenter24.com\/auton-varaosat\/2-5-190-hv-n53b25a-moottori-bmw-e61-e60\/#primaryimage\",\"url\":\"https:\/\/autopartscenter24.com\/wp-content\/uploads\/2023\/03\/2-5-190-hv-n53b25a-moottori-bmw-e61-e60.webp\",\"contentUrl\":\"https:\/\/autopartscenter24.com\/wp-content\/uploads\/2023\/03\/2-5-190-hv-n53b25a-moottori-bmw-e61-e60.webp\",\"width\":800,\"height\":600},{\"@type\":\"BreadcrumbList\",\"@id\":\"https:\/\/autopartscenter24.com\/auton-varaosat\/2-5-190-hv-n53b25a-moottori-bmw-e61-e60\/#breadcrumb\",\"itemListElement\":[{\"@type\":\"ListItem\",\"position\":1,\"name\":\"Hem\",\"item\":\"https:\/\/aliceblue-termite-662564.hostingersite.com\/\"},{\"@type\":\"ListItem\",\"position\":2,\"name\":\"Auton varaosat\",\"item\":\"https:\/\/aliceblue-termite-662564.hostingersite.com\/auton-varaosat\/\"},{\"@type\":\"ListItem\",\"position\":3,\"name\":\"2.5i &#8221;N53B25A&#8221; Motor [esim. BMW E60, E61]\"}]},{\"@type\":\"WebSite\",\"@id\":\"https:\/\/autopartscenter24.com\/#website\",\"url\":\"https:\/\/autopartscenter24.com\/\",\"name\":\"Autopartscenter24\",\"description\":\"K\u00c4YTETYT JA KUNNOSTETUT  AUTON VARAOSAT\",\"potentialAction\":[{\"@type\":\"SearchAction\",\"target\":{\"@type\":\"EntryPoint\",\"urlTemplate\":\"https:\/\/autopartscenter24.com\/?s={search_term_string}\"},\"query-input\":{\"@type\":\"PropertyValueSpecification\",\"valueRequired\":true,\"valueName\":\"search_term_string\"}}],\"inLanguage\":\"sv-SE\"}]}<\/script>\n<!-- \/ Yoast SEO plugin. -->","yoast_head_json":{"title":"2.5i \"N53B25A\" Motor [esim. BMW E60, E61] - Autopartscenter24","description":"En av de motorer som vi ofta har tillg\u00e4ngliga. Skicka en f\u00f6rfr\u00e5gan och f\u00e5 en offert inom 24 timmar. Motorer, v\u00e4xell\u00e5dor och andra bildelar under garanti.","robots":{"index":"index","follow":"follow","max-snippet":"max-snippet:-1","max-image-preview":"max-image-preview:large","max-video-preview":"max-video-preview:-1"},"canonical":"https:\/\/autopartscenter24.com\/sv\/auton-varaosat\/2-5-190-hv-n53b25a-moottori-bmw-e61-e60\/","og_locale":"sv_SE","og_type":"article","og_title":"2.5i \"N53B25A\" Motor [esim. BMW E60, E61] - Autopartscenter24","og_description":"En av de motorer som vi ofta har tillg\u00e4ngliga. Skicka en f\u00f6rfr\u00e5gan och f\u00e5 en offert inom 24 timmar. Motorer, v\u00e4xell\u00e5dor och andra bildelar under garanti.","og_url":"https:\/\/autopartscenter24.com\/sv\/auton-varaosat\/2-5-190-hv-n53b25a-moottori-bmw-e61-e60\/","og_site_name":"Autopartscenter24","article_modified_time":"2023-11-26T13:14:24+00:00","og_image":[{"width":800,"height":600,"url":"https:\/\/autopartscenter24.com\/wp-content\/uploads\/2023\/03\/2-5-190-hv-n53b25a-moottori-bmw-e61-e60.webp","type":"image\/webp"}],"twitter_card":"summary_large_image","twitter_misc":{"Ber\u00e4knad l\u00e4stid":"1 minut"},"schema":{"@context":"https:\/\/schema.org","@graph":[{"@type":"WebPage","@id":"https:\/\/autopartscenter24.com\/auton-varaosat\/2-5-190-hv-n53b25a-moottori-bmw-e61-e60\/","url":"https:\/\/autopartscenter24.com\/auton-varaosat\/2-5-190-hv-n53b25a-moottori-bmw-e61-e60\/","name":"2.5i \"N53B25A\" Motor [esim. BMW E60, E61] - Autopartscenter24","isPartOf":{"@id":"https:\/\/autopartscenter24.com\/#website"},"primaryImageOfPage":{"@id":"https:\/\/autopartscenter24.com\/auton-varaosat\/2-5-190-hv-n53b25a-moottori-bmw-e61-e60\/#primaryimage"},"image":{"@id":"https:\/\/autopartscenter24.com\/auton-varaosat\/2-5-190-hv-n53b25a-moottori-bmw-e61-e60\/#primaryimage"},"thumbnailUrl":"https:\/\/autopartscenter24.com\/wp-content\/uploads\/2023\/03\/2-5-190-hv-n53b25a-moottori-bmw-e61-e60.webp","datePublished":"2023-11-26T13:14:23+00:00","dateModified":"2023-11-26T13:14:24+00:00","description":"En av de motorer som vi ofta har tillg\u00e4ngliga. Skicka en f\u00f6rfr\u00e5gan och f\u00e5 en offert inom 24 timmar. Motorer, v\u00e4xell\u00e5dor och andra bildelar under garanti.","breadcrumb":{"@id":"https:\/\/autopartscenter24.com\/auton-varaosat\/2-5-190-hv-n53b25a-moottori-bmw-e61-e60\/#breadcrumb"},"inLanguage":"sv-SE","potentialAction":[{"@type":"ReadAction","target":["https:\/\/autopartscenter24.com\/auton-varaosat\/2-5-190-hv-n53b25a-moottori-bmw-e61-e60\/"]}]},{"@type":"ImageObject","inLanguage":"sv-SE","@id":"https:\/\/autopartscenter24.com\/auton-varaosat\/2-5-190-hv-n53b25a-moottori-bmw-e61-e60\/#primaryimage","url":"https:\/\/autopartscenter24.com\/wp-content\/uploads\/2023\/03\/2-5-190-hv-n53b25a-moottori-bmw-e61-e60.webp","contentUrl":"https:\/\/autopartscenter24.com\/wp-content\/uploads\/2023\/03\/2-5-190-hv-n53b25a-moottori-bmw-e61-e60.webp","width":800,"height":600},{"@type":"BreadcrumbList","@id":"https:\/\/autopartscenter24.com\/auton-varaosat\/2-5-190-hv-n53b25a-moottori-bmw-e61-e60\/#breadcrumb","itemListElement":[{"@type":"ListItem","position":1,"name":"Hem","item":"https:\/\/aliceblue-termite-662564.hostingersite.com\/"},{"@type":"ListItem","position":2,"name":"Auton varaosat","item":"https:\/\/aliceblue-termite-662564.hostingersite.com\/auton-varaosat\/"},{"@type":"ListItem","position":3,"name":"2.5i &#8221;N53B25A&#8221; Motor [esim. BMW E60, E61]"}]},{"@type":"WebSite","@id":"https:\/\/autopartscenter24.com\/#website","url":"https:\/\/autopartscenter24.com\/","name":"Autopartscenter24","description":"K\u00c4YTETYT JA KUNNOSTETUT  AUTON VARAOSAT","potentialAction":[{"@type":"SearchAction","target":{"@type":"EntryPoint","urlTemplate":"https:\/\/autopartscenter24.com\/?s={search_term_string}"},"query-input":{"@type":"PropertyValueSpecification","valueRequired":true,"valueName":"search_term_string"}}],"inLanguage":"sv-SE"}]}},"_links":{"self":[{"href":"https:\/\/autopartscenter24.com\/sv\/wp-json\/wp\/v2\/product\/5467","targetHints":{"allow":["GET"]}}],"collection":[{"href":"https:\/\/autopartscenter24.com\/sv\/wp-json\/wp\/v2\/product"}],"about":[{"href":"https:\/\/autopartscenter24.com\/sv\/wp-json\/wp\/v2\/types\/product"}],"wp:featuredmedia":[{"embeddable":true,"href":"https:\/\/autopartscenter24.com\/sv\/wp-json\/wp\/v2\/media\/4764"}],"wp:attachment":[{"href":"https:\/\/autopartscenter24.com\/sv\/wp-json\/wp\/v2\/media?parent=5467"}],"wp:term":[{"taxonomy":"product_brand","embeddable":true,"href":"https:\/\/autopartscenter24.com\/sv\/wp-json\/wp\/v2\/product_brand?post=5467"},{"taxonomy":"product_cat","embeddable":true,"href":"https:\/\/autopartscenter24.com\/sv\/wp-json\/wp\/v2\/product_cat?post=5467"},{"taxonomy":"product_tag","embeddable":true,"href":"https:\/\/autopartscenter24.com\/sv\/wp-json\/wp\/v2\/product_tag?post=5467"}],"curies":[{"name":"wp","href":"https:\/\/api.w.org\/{rel}","templated":true}]}}