{"id":5466,"date":"2023-03-08T21:20:21","date_gmt":"2023-11-26T13:12:14","guid":{"rendered":"https:\/\/autopartscenter24.com\/product\/1-3-dig-t-hr13-motor-esim-nissan-qashqai-ii\/"},"modified":"2023-11-26T14:12:14","modified_gmt":"2023-11-26T13:12:14","slug":"1-3-dig-t-hr13-motor-esim-nissan-qashqai-ii","status":"publish","type":"product","link":"https:\/\/autopartscenter24.com\/sv\/auton-varaosat\/1-3-dig-t-hr13-motor-esim-nissan-qashqai-ii\/","title":{"rendered":"1.3 DIG-T &#8221;HR13&#8221; Motor [esim. Nissan Qashqai II]"},"content":{"rendered":"<p><strong>Nissan 1.3 DIG-T-motorn, med kodnamnet HR13, \u00e4r en av bensinmotorerna som tillverkas av Nissan Motor Co., Ltd.<\/strong> Motorn \u00e4r k\u00e4nd f\u00f6r sin ekonomi och prestanda. HR13-motorn har fyra cylindrar och en kamaxel. Den ger en effekt p\u00e5 156 hk och ett vridmoment p\u00e5 270 Nm.<\/p>\n<p>Motorn anv\u00e4nder Nissans DIG-T-teknik, som erbjuder direkt br\u00e4nsleinsprutning och en kompakt turboladdare. Den st\u00f6rsta f\u00f6rdelen med motorn \u00e4r dess ekonomi och l\u00e5ga emissionsv\u00e4rden, som uppfyller Euro 6d-TEMP emissionsnormerna.<\/p>\n<p>Flera tekniska l\u00f6sningar har anv\u00e4nts i HR13-motorn som f\u00f6rb\u00e4ttrar dess prestanda och h\u00e5llbarhet. Motorcylindrarna \u00e4r gjorda av aluminiumlegering, vilket minskar vikten p\u00e5 motorn och f\u00f6rb\u00e4ttrar dess kylning. Motorns kolvar \u00e4r ocks\u00e5 speciellt konstruerade f\u00f6r att klara det h\u00f6ga tryck som uppst\u00e5r vid anv\u00e4ndning av en liten turbokompressor.<\/p>\n<p>Jag hoppas att den h\u00e4r texten hj\u00e4lpte dig att l\u00e4ra dig mer om HR13-motorn och dess tekniska funktioner.<\/p>\n","protected":false},"excerpt":{"rendered":"<p>HR13-motorn har anv\u00e4nts i m\u00e5nga Nissan-bilar, som Nissan Qashqai, Juke och Micra. Den \u00e4r \u00e4ven installerad i Renault Captur och Clio. Motorn har varit tillg\u00e4nglig sedan 2018.<\/p>\n<p>Bilm\u00e4rken och modeller d\u00e4r HR13-motorn anv\u00e4nds:<\/p>\n<ul>\n<li>Nissan Qashqai (2018-nykyhetki)<\/li>\n<li>Nissan Juke (2019-nykyhetki)<\/li>\n<li>Nissan Micra (2019-nykyhetki)<\/li>\n<li>Renault Captur (2018-nykyhetki)<\/li>\n<li>Renault Clio (2019-nykyhetki)<\/li>\n<\/ul>\n","protected":false},"featured_media":4769,"template":"","meta":[],"product_brand":[],"product_cat":[601],"product_tag":[681,679,680],"class_list":{"0":"post-5466","1":"product","2":"type-product","3":"status-publish","4":"has-post-thumbnail","6":"product_cat-nissan-sv","7":"product_tag-joke-sv","8":"product_tag-micra-sv","9":"product_tag-qashqai-sv","10":"pa_varaosan-osasto-motor","13":"first","14":"instock","15":"shipping-taxable","16":"product-type-simple"},"yoast_head":"<!-- This site is optimized with the Yoast SEO plugin v26.8 - https:\/\/yoast.com\/product\/yoast-seo-wordpress\/ -->\n<title>1.3 DIG-T &quot;HR13&quot; Motor [esim. Nissan Qashqai II]<\/title>\n<meta name=\"description\" content=\"En av de motorer som vi ofta har tillg\u00e4ngliga. Skicka en f\u00f6rfr\u00e5gan och f\u00e5 en offert inom 24 timmar. Motorer, v\u00e4xell\u00e5dor och andra bildelar under garanti.\" \/>\n<meta name=\"robots\" content=\"index, follow, max-snippet:-1, max-image-preview:large, max-video-preview:-1\" \/>\n<link rel=\"canonical\" href=\"https:\/\/autopartscenter24.com\/sv\/auton-varaosat\/1-3-dig-t-hr13-moottori-esim-nissan-qashqai-ii\/\" \/>\n<meta property=\"og:locale\" content=\"sv_SE\" \/>\n<meta property=\"og:type\" content=\"article\" \/>\n<meta property=\"og:title\" content=\"1.3 DIG-T &quot;HR13&quot; Motor [esim. Nissan Qashqai II]\" \/>\n<meta property=\"og:description\" content=\"En av de motorer som vi ofta har tillg\u00e4ngliga. Skicka en f\u00f6rfr\u00e5gan och f\u00e5 en offert inom 24 timmar. Motorer, v\u00e4xell\u00e5dor och andra bildelar under garanti.\" \/>\n<meta property=\"og:url\" content=\"https:\/\/autopartscenter24.com\/sv\/auton-varaosat\/1-3-dig-t-hr13-moottori-esim-nissan-qashqai-ii\/\" \/>\n<meta property=\"og:site_name\" content=\"Autopartscenter24\" \/>\n<meta property=\"og:image\" content=\"https:\/\/autopartscenter24.com\/wp-content\/uploads\/2023\/03\/1-3-dig-t-hr13-moottori-nissan-qashqai-ii.webp\" \/>\n\t<meta property=\"og:image:width\" content=\"800\" \/>\n\t<meta property=\"og:image:height\" content=\"600\" \/>\n\t<meta property=\"og:image:type\" content=\"image\/webp\" \/>\n<meta name=\"twitter:card\" content=\"summary_large_image\" \/>\n<meta name=\"twitter:label1\" content=\"Ber\u00e4knad l\u00e4stid\" \/>\n\t<meta name=\"twitter:data1\" content=\"1 minut\" \/>\n<script type=\"application\/ld+json\" class=\"yoast-schema-graph\">{\"@context\":\"https:\/\/schema.org\",\"@graph\":[{\"@type\":\"WebPage\",\"@id\":\"https:\/\/autopartscenter24.com\/auton-varaosat\/1-3-dig-t-hr13-moottori-esim-nissan-qashqai-ii\/\",\"url\":\"https:\/\/autopartscenter24.com\/auton-varaosat\/1-3-dig-t-hr13-moottori-esim-nissan-qashqai-ii\/\",\"name\":\"1.3 DIG-T \\\"HR13\\\" Motor [esim. Nissan Qashqai II]\",\"isPartOf\":{\"@id\":\"https:\/\/autopartscenter24.com\/#website\"},\"primaryImageOfPage\":{\"@id\":\"https:\/\/autopartscenter24.com\/auton-varaosat\/1-3-dig-t-hr13-moottori-esim-nissan-qashqai-ii\/#primaryimage\"},\"image\":{\"@id\":\"https:\/\/autopartscenter24.com\/auton-varaosat\/1-3-dig-t-hr13-moottori-esim-nissan-qashqai-ii\/#primaryimage\"},\"thumbnailUrl\":\"https:\/\/autopartscenter24.com\/wp-content\/uploads\/2023\/03\/1-3-dig-t-hr13-moottori-nissan-qashqai-ii.webp\",\"datePublished\":\"2023-11-26T13:12:14+00:00\",\"description\":\"En av de motorer som vi ofta har tillg\u00e4ngliga. Skicka en f\u00f6rfr\u00e5gan och f\u00e5 en offert inom 24 timmar. Motorer, v\u00e4xell\u00e5dor och andra bildelar under garanti.\",\"breadcrumb\":{\"@id\":\"https:\/\/autopartscenter24.com\/auton-varaosat\/1-3-dig-t-hr13-moottori-esim-nissan-qashqai-ii\/#breadcrumb\"},\"inLanguage\":\"sv-SE\",\"potentialAction\":[{\"@type\":\"ReadAction\",\"target\":[\"https:\/\/autopartscenter24.com\/auton-varaosat\/1-3-dig-t-hr13-moottori-esim-nissan-qashqai-ii\/\"]}]},{\"@type\":\"ImageObject\",\"inLanguage\":\"sv-SE\",\"@id\":\"https:\/\/autopartscenter24.com\/auton-varaosat\/1-3-dig-t-hr13-moottori-esim-nissan-qashqai-ii\/#primaryimage\",\"url\":\"https:\/\/autopartscenter24.com\/wp-content\/uploads\/2023\/03\/1-3-dig-t-hr13-moottori-nissan-qashqai-ii.webp\",\"contentUrl\":\"https:\/\/autopartscenter24.com\/wp-content\/uploads\/2023\/03\/1-3-dig-t-hr13-moottori-nissan-qashqai-ii.webp\",\"width\":800,\"height\":600},{\"@type\":\"BreadcrumbList\",\"@id\":\"https:\/\/autopartscenter24.com\/auton-varaosat\/1-3-dig-t-hr13-moottori-esim-nissan-qashqai-ii\/#breadcrumb\",\"itemListElement\":[{\"@type\":\"ListItem\",\"position\":1,\"name\":\"Hem\",\"item\":\"https:\/\/aliceblue-termite-662564.hostingersite.com\/\"},{\"@type\":\"ListItem\",\"position\":2,\"name\":\"Auton varaosat\",\"item\":\"https:\/\/aliceblue-termite-662564.hostingersite.com\/auton-varaosat\/\"},{\"@type\":\"ListItem\",\"position\":3,\"name\":\"1.3 DIG-T &#8221;HR13&#8221; Motor [esim. Nissan Qashqai II]\"}]},{\"@type\":\"WebSite\",\"@id\":\"https:\/\/autopartscenter24.com\/#website\",\"url\":\"https:\/\/autopartscenter24.com\/\",\"name\":\"Autopartscenter24\",\"description\":\"K\u00c4YTETYT JA KUNNOSTETUT  AUTON VARAOSAT\",\"potentialAction\":[{\"@type\":\"SearchAction\",\"target\":{\"@type\":\"EntryPoint\",\"urlTemplate\":\"https:\/\/autopartscenter24.com\/?s={search_term_string}\"},\"query-input\":{\"@type\":\"PropertyValueSpecification\",\"valueRequired\":true,\"valueName\":\"search_term_string\"}}],\"inLanguage\":\"sv-SE\"}]}<\/script>\n<!-- \/ Yoast SEO plugin. -->","yoast_head_json":{"title":"1.3 DIG-T \"HR13\" Motor [esim. Nissan Qashqai II]","description":"En av de motorer som vi ofta har tillg\u00e4ngliga. Skicka en f\u00f6rfr\u00e5gan och f\u00e5 en offert inom 24 timmar. Motorer, v\u00e4xell\u00e5dor och andra bildelar under garanti.","robots":{"index":"index","follow":"follow","max-snippet":"max-snippet:-1","max-image-preview":"max-image-preview:large","max-video-preview":"max-video-preview:-1"},"canonical":"https:\/\/autopartscenter24.com\/sv\/auton-varaosat\/1-3-dig-t-hr13-moottori-esim-nissan-qashqai-ii\/","og_locale":"sv_SE","og_type":"article","og_title":"1.3 DIG-T \"HR13\" Motor [esim. Nissan Qashqai II]","og_description":"En av de motorer som vi ofta har tillg\u00e4ngliga. Skicka en f\u00f6rfr\u00e5gan och f\u00e5 en offert inom 24 timmar. Motorer, v\u00e4xell\u00e5dor och andra bildelar under garanti.","og_url":"https:\/\/autopartscenter24.com\/sv\/auton-varaosat\/1-3-dig-t-hr13-moottori-esim-nissan-qashqai-ii\/","og_site_name":"Autopartscenter24","og_image":[{"width":800,"height":600,"url":"https:\/\/autopartscenter24.com\/wp-content\/uploads\/2023\/03\/1-3-dig-t-hr13-moottori-nissan-qashqai-ii.webp","type":"image\/webp"}],"twitter_card":"summary_large_image","twitter_misc":{"Ber\u00e4knad l\u00e4stid":"1 minut"},"schema":{"@context":"https:\/\/schema.org","@graph":[{"@type":"WebPage","@id":"https:\/\/autopartscenter24.com\/auton-varaosat\/1-3-dig-t-hr13-moottori-esim-nissan-qashqai-ii\/","url":"https:\/\/autopartscenter24.com\/auton-varaosat\/1-3-dig-t-hr13-moottori-esim-nissan-qashqai-ii\/","name":"1.3 DIG-T \"HR13\" Motor [esim. Nissan Qashqai II]","isPartOf":{"@id":"https:\/\/autopartscenter24.com\/#website"},"primaryImageOfPage":{"@id":"https:\/\/autopartscenter24.com\/auton-varaosat\/1-3-dig-t-hr13-moottori-esim-nissan-qashqai-ii\/#primaryimage"},"image":{"@id":"https:\/\/autopartscenter24.com\/auton-varaosat\/1-3-dig-t-hr13-moottori-esim-nissan-qashqai-ii\/#primaryimage"},"thumbnailUrl":"https:\/\/autopartscenter24.com\/wp-content\/uploads\/2023\/03\/1-3-dig-t-hr13-moottori-nissan-qashqai-ii.webp","datePublished":"2023-11-26T13:12:14+00:00","description":"En av de motorer som vi ofta har tillg\u00e4ngliga. Skicka en f\u00f6rfr\u00e5gan och f\u00e5 en offert inom 24 timmar. Motorer, v\u00e4xell\u00e5dor och andra bildelar under garanti.","breadcrumb":{"@id":"https:\/\/autopartscenter24.com\/auton-varaosat\/1-3-dig-t-hr13-moottori-esim-nissan-qashqai-ii\/#breadcrumb"},"inLanguage":"sv-SE","potentialAction":[{"@type":"ReadAction","target":["https:\/\/autopartscenter24.com\/auton-varaosat\/1-3-dig-t-hr13-moottori-esim-nissan-qashqai-ii\/"]}]},{"@type":"ImageObject","inLanguage":"sv-SE","@id":"https:\/\/autopartscenter24.com\/auton-varaosat\/1-3-dig-t-hr13-moottori-esim-nissan-qashqai-ii\/#primaryimage","url":"https:\/\/autopartscenter24.com\/wp-content\/uploads\/2023\/03\/1-3-dig-t-hr13-moottori-nissan-qashqai-ii.webp","contentUrl":"https:\/\/autopartscenter24.com\/wp-content\/uploads\/2023\/03\/1-3-dig-t-hr13-moottori-nissan-qashqai-ii.webp","width":800,"height":600},{"@type":"BreadcrumbList","@id":"https:\/\/autopartscenter24.com\/auton-varaosat\/1-3-dig-t-hr13-moottori-esim-nissan-qashqai-ii\/#breadcrumb","itemListElement":[{"@type":"ListItem","position":1,"name":"Hem","item":"https:\/\/aliceblue-termite-662564.hostingersite.com\/"},{"@type":"ListItem","position":2,"name":"Auton varaosat","item":"https:\/\/aliceblue-termite-662564.hostingersite.com\/auton-varaosat\/"},{"@type":"ListItem","position":3,"name":"1.3 DIG-T &#8221;HR13&#8221; Motor [esim. Nissan Qashqai II]"}]},{"@type":"WebSite","@id":"https:\/\/autopartscenter24.com\/#website","url":"https:\/\/autopartscenter24.com\/","name":"Autopartscenter24","description":"K\u00c4YTETYT JA KUNNOSTETUT  AUTON VARAOSAT","potentialAction":[{"@type":"SearchAction","target":{"@type":"EntryPoint","urlTemplate":"https:\/\/autopartscenter24.com\/?s={search_term_string}"},"query-input":{"@type":"PropertyValueSpecification","valueRequired":true,"valueName":"search_term_string"}}],"inLanguage":"sv-SE"}]}},"_links":{"self":[{"href":"https:\/\/autopartscenter24.com\/sv\/wp-json\/wp\/v2\/product\/5466","targetHints":{"allow":["GET"]}}],"collection":[{"href":"https:\/\/autopartscenter24.com\/sv\/wp-json\/wp\/v2\/product"}],"about":[{"href":"https:\/\/autopartscenter24.com\/sv\/wp-json\/wp\/v2\/types\/product"}],"wp:featuredmedia":[{"embeddable":true,"href":"https:\/\/autopartscenter24.com\/sv\/wp-json\/wp\/v2\/media\/4769"}],"wp:attachment":[{"href":"https:\/\/autopartscenter24.com\/sv\/wp-json\/wp\/v2\/media?parent=5466"}],"wp:term":[{"taxonomy":"product_brand","embeddable":true,"href":"https:\/\/autopartscenter24.com\/sv\/wp-json\/wp\/v2\/product_brand?post=5466"},{"taxonomy":"product_cat","embeddable":true,"href":"https:\/\/autopartscenter24.com\/sv\/wp-json\/wp\/v2\/product_cat?post=5466"},{"taxonomy":"product_tag","embeddable":true,"href":"https:\/\/autopartscenter24.com\/sv\/wp-json\/wp\/v2\/product_tag?post=5466"}],"curies":[{"name":"wp","href":"https:\/\/api.w.org\/{rel}","templated":true}]}}