{"id":5465,"date":"2023-03-08T21:23:46","date_gmt":"2023-11-26T13:10:13","guid":{"rendered":"https:\/\/autopartscenter24.com\/product\/2-4-d-d5244t14-motor-esim-volvo-v40-v60-s80-xc70\/"},"modified":"2023-11-26T14:10:14","modified_gmt":"2023-11-26T13:10:14","slug":"2-4-d-d5244t14-motor-volvo-v70-iii-s80-ii-xc70-ii","status":"publish","type":"product","link":"https:\/\/autopartscenter24.com\/sv\/auton-varaosat\/2-4-d-d5244t14-motor-volvo-v70-iii-s80-ii-xc70-ii\/","title":{"rendered":"2.4 D &#8221;D5244T14&#8221; Motor [esim. Volvo V40, V60, S80, XC70]"},"content":{"rendered":"<p><strong>Volvo 2.4 d-motorn, med kodnamnet D5244T14, \u00e4r en av de dieselmotorer som tillverkas av Volvo Cars.<\/strong> Motorn \u00e4r k\u00e4nd f\u00f6r sin prestanda och ekonomi. D5244T14-motorn har fem cylindrar och tv\u00e5 kamaxlar. Den ger en effekt p\u00e5 190 hk och ett vridmoment p\u00e5 420 Nm.<\/p>\n<p>Motorn anv\u00e4nder Volvo Cars turboladdarteknologi, som erbjuder en kombination av effektiv direkt br\u00e4nsleinsprutning och en stor volym turbokompressor. Den st\u00f6rsta f\u00f6rdelen med motorn \u00e4r dess prestanda och ekonomi, tack vare vilken den uppfyller Euro 5-emissionsnormerna.<\/p>\n<p>D5244T14-motorn anv\u00e4nder flera tekniska l\u00f6sningar som f\u00f6rb\u00e4ttrar dess prestanda och h\u00e5llbarhet. Motorcylindrarna \u00e4r gjorda av gjutj\u00e4rn, som t\u00e5l h\u00f6gt tryck och temperatur. Motorn anv\u00e4nder \u00e4ven Volvo Personvagnars Diesel Particulate Filter (DPF) system, vilket minskar skadliga partikelutsl\u00e4pp.<\/p>\n<p>Jag hoppas att den h\u00e4r texten hj\u00e4lpte dig att l\u00e4ra dig mer om D5244T14-motorn och dess tekniska funktioner.<\/p>\n","protected":false},"excerpt":{"rendered":"<p>D5244T14-motorn har anv\u00e4nts i m\u00e5nga Volvo Cars-bilar, som Volvo S80, V70 och XC70. Den \u00e4r \u00e4ven monterad p\u00e5 Volvo XC60 och S60. Motorn har varit tillg\u00e4nglig fr\u00e5n 2010-2015.<\/p>\n<p>Bilm\u00e4rken och modeller med D5244T14-motorn som anv\u00e4nds:<\/p>\n<ul>\n<li>Volvo S80 (2010-2015)<\/li>\n<li>Volvo V70 (2010-2015)<\/li>\n<li>Volvo XC70 (2010-2015)<\/li>\n<li>Volvo XC60 (2010-2015)<\/li>\n<li>Volvo S60 (2010-2015)<\/li>\n<\/ul>\n","protected":false},"featured_media":4774,"template":"","meta":[],"product_brand":[],"product_cat":[528],"product_tag":[659,661,660,677,678],"class_list":{"0":"post-5465","1":"product","2":"type-product","3":"status-publish","4":"has-post-thumbnail","6":"product_cat-volvo-sv","7":"product_tag-s60-sv","8":"product_tag-s80-sv","9":"product_tag-v70-sv","10":"product_tag-xc60-sv","11":"product_tag-xc70-sv","12":"pa_varaosan-osasto-motor","15":"first","16":"instock","17":"shipping-taxable","18":"product-type-simple"},"yoast_head":"<!-- This site is optimized with the Yoast SEO plugin v26.8 - https:\/\/yoast.com\/product\/yoast-seo-wordpress\/ -->\n<title>2.4 D &quot;D5244T14&quot; Motor [esim. Volvo V40, V60, S80, XC70]<\/title>\n<meta name=\"description\" content=\"En av de motorer som vi ofta har tillg\u00e4ngliga. Skicka en f\u00f6rfr\u00e5gan och f\u00e5 en offert inom 24 timmar. Motorer, v\u00e4xell\u00e5dor och andra bildelar under garanti.\" \/>\n<meta name=\"robots\" content=\"index, follow, max-snippet:-1, max-image-preview:large, max-video-preview:-1\" \/>\n<link rel=\"canonical\" href=\"https:\/\/autopartscenter24.com\/sv\/auton-varaosat\/2-4-d-d5244t14-moottori-volvo-v70-iii-s80-ii-xc70-ii\/\" \/>\n<meta property=\"og:locale\" content=\"sv_SE\" \/>\n<meta property=\"og:type\" content=\"article\" \/>\n<meta property=\"og:title\" content=\"2.4 D &quot;D5244T14&quot; Motor [esim. Volvo V40, V60, S80, XC70]\" \/>\n<meta property=\"og:description\" content=\"En av de motorer som vi ofta har tillg\u00e4ngliga. Skicka en f\u00f6rfr\u00e5gan och f\u00e5 en offert inom 24 timmar. Motorer, v\u00e4xell\u00e5dor och andra bildelar under garanti.\" \/>\n<meta property=\"og:url\" content=\"https:\/\/autopartscenter24.com\/sv\/auton-varaosat\/2-4-d-d5244t14-moottori-volvo-v70-iii-s80-ii-xc70-ii\/\" \/>\n<meta property=\"og:site_name\" content=\"Autopartscenter24\" \/>\n<meta property=\"article:modified_time\" content=\"2023-11-26T13:10:14+00:00\" \/>\n<meta property=\"og:image\" content=\"https:\/\/autopartscenter24.com\/wp-content\/uploads\/2023\/03\/2-4-d-d5244t14-moottori-volvo-v70-iii-s80-ii-xc70-ii.webp\" \/>\n\t<meta property=\"og:image:width\" content=\"800\" \/>\n\t<meta property=\"og:image:height\" content=\"600\" \/>\n\t<meta property=\"og:image:type\" content=\"image\/webp\" \/>\n<meta name=\"twitter:card\" content=\"summary_large_image\" \/>\n<meta name=\"twitter:label1\" content=\"Ber\u00e4knad l\u00e4stid\" \/>\n\t<meta name=\"twitter:data1\" content=\"1 minut\" \/>\n<script type=\"application\/ld+json\" class=\"yoast-schema-graph\">{\"@context\":\"https:\/\/schema.org\",\"@graph\":[{\"@type\":\"WebPage\",\"@id\":\"https:\/\/autopartscenter24.com\/auton-varaosat\/2-4-d-d5244t14-moottori-volvo-v70-iii-s80-ii-xc70-ii\/\",\"url\":\"https:\/\/autopartscenter24.com\/auton-varaosat\/2-4-d-d5244t14-moottori-volvo-v70-iii-s80-ii-xc70-ii\/\",\"name\":\"2.4 D \\\"D5244T14\\\" Motor [esim. Volvo V40, V60, S80, XC70]\",\"isPartOf\":{\"@id\":\"https:\/\/autopartscenter24.com\/#website\"},\"primaryImageOfPage\":{\"@id\":\"https:\/\/autopartscenter24.com\/auton-varaosat\/2-4-d-d5244t14-moottori-volvo-v70-iii-s80-ii-xc70-ii\/#primaryimage\"},\"image\":{\"@id\":\"https:\/\/autopartscenter24.com\/auton-varaosat\/2-4-d-d5244t14-moottori-volvo-v70-iii-s80-ii-xc70-ii\/#primaryimage\"},\"thumbnailUrl\":\"https:\/\/autopartscenter24.com\/wp-content\/uploads\/2023\/03\/2-4-d-d5244t14-moottori-volvo-v70-iii-s80-ii-xc70-ii.webp\",\"datePublished\":\"2023-11-26T13:10:13+00:00\",\"dateModified\":\"2023-11-26T13:10:14+00:00\",\"description\":\"En av de motorer som vi ofta har tillg\u00e4ngliga. Skicka en f\u00f6rfr\u00e5gan och f\u00e5 en offert inom 24 timmar. Motorer, v\u00e4xell\u00e5dor och andra bildelar under garanti.\",\"breadcrumb\":{\"@id\":\"https:\/\/autopartscenter24.com\/auton-varaosat\/2-4-d-d5244t14-moottori-volvo-v70-iii-s80-ii-xc70-ii\/#breadcrumb\"},\"inLanguage\":\"sv-SE\",\"potentialAction\":[{\"@type\":\"ReadAction\",\"target\":[\"https:\/\/autopartscenter24.com\/auton-varaosat\/2-4-d-d5244t14-moottori-volvo-v70-iii-s80-ii-xc70-ii\/\"]}]},{\"@type\":\"ImageObject\",\"inLanguage\":\"sv-SE\",\"@id\":\"https:\/\/autopartscenter24.com\/auton-varaosat\/2-4-d-d5244t14-moottori-volvo-v70-iii-s80-ii-xc70-ii\/#primaryimage\",\"url\":\"https:\/\/autopartscenter24.com\/wp-content\/uploads\/2023\/03\/2-4-d-d5244t14-moottori-volvo-v70-iii-s80-ii-xc70-ii.webp\",\"contentUrl\":\"https:\/\/autopartscenter24.com\/wp-content\/uploads\/2023\/03\/2-4-d-d5244t14-moottori-volvo-v70-iii-s80-ii-xc70-ii.webp\",\"width\":800,\"height\":600},{\"@type\":\"BreadcrumbList\",\"@id\":\"https:\/\/autopartscenter24.com\/auton-varaosat\/2-4-d-d5244t14-moottori-volvo-v70-iii-s80-ii-xc70-ii\/#breadcrumb\",\"itemListElement\":[{\"@type\":\"ListItem\",\"position\":1,\"name\":\"Hem\",\"item\":\"https:\/\/aliceblue-termite-662564.hostingersite.com\/\"},{\"@type\":\"ListItem\",\"position\":2,\"name\":\"Auton varaosat\",\"item\":\"https:\/\/aliceblue-termite-662564.hostingersite.com\/auton-varaosat\/\"},{\"@type\":\"ListItem\",\"position\":3,\"name\":\"2.4 D &#8221;D5244T14&#8221; Motor [esim. Volvo V40, V60, S80, XC70]\"}]},{\"@type\":\"WebSite\",\"@id\":\"https:\/\/autopartscenter24.com\/#website\",\"url\":\"https:\/\/autopartscenter24.com\/\",\"name\":\"Autopartscenter24\",\"description\":\"K\u00c4YTETYT JA KUNNOSTETUT  AUTON VARAOSAT\",\"potentialAction\":[{\"@type\":\"SearchAction\",\"target\":{\"@type\":\"EntryPoint\",\"urlTemplate\":\"https:\/\/autopartscenter24.com\/?s={search_term_string}\"},\"query-input\":{\"@type\":\"PropertyValueSpecification\",\"valueRequired\":true,\"valueName\":\"search_term_string\"}}],\"inLanguage\":\"sv-SE\"}]}<\/script>\n<!-- \/ Yoast SEO plugin. -->","yoast_head_json":{"title":"2.4 D \"D5244T14\" Motor [esim. Volvo V40, V60, S80, XC70]","description":"En av de motorer som vi ofta har tillg\u00e4ngliga. Skicka en f\u00f6rfr\u00e5gan och f\u00e5 en offert inom 24 timmar. Motorer, v\u00e4xell\u00e5dor och andra bildelar under garanti.","robots":{"index":"index","follow":"follow","max-snippet":"max-snippet:-1","max-image-preview":"max-image-preview:large","max-video-preview":"max-video-preview:-1"},"canonical":"https:\/\/autopartscenter24.com\/sv\/auton-varaosat\/2-4-d-d5244t14-moottori-volvo-v70-iii-s80-ii-xc70-ii\/","og_locale":"sv_SE","og_type":"article","og_title":"2.4 D \"D5244T14\" Motor [esim. Volvo V40, V60, S80, XC70]","og_description":"En av de motorer som vi ofta har tillg\u00e4ngliga. Skicka en f\u00f6rfr\u00e5gan och f\u00e5 en offert inom 24 timmar. Motorer, v\u00e4xell\u00e5dor och andra bildelar under garanti.","og_url":"https:\/\/autopartscenter24.com\/sv\/auton-varaosat\/2-4-d-d5244t14-moottori-volvo-v70-iii-s80-ii-xc70-ii\/","og_site_name":"Autopartscenter24","article_modified_time":"2023-11-26T13:10:14+00:00","og_image":[{"width":800,"height":600,"url":"https:\/\/autopartscenter24.com\/wp-content\/uploads\/2023\/03\/2-4-d-d5244t14-moottori-volvo-v70-iii-s80-ii-xc70-ii.webp","type":"image\/webp"}],"twitter_card":"summary_large_image","twitter_misc":{"Ber\u00e4knad l\u00e4stid":"1 minut"},"schema":{"@context":"https:\/\/schema.org","@graph":[{"@type":"WebPage","@id":"https:\/\/autopartscenter24.com\/auton-varaosat\/2-4-d-d5244t14-moottori-volvo-v70-iii-s80-ii-xc70-ii\/","url":"https:\/\/autopartscenter24.com\/auton-varaosat\/2-4-d-d5244t14-moottori-volvo-v70-iii-s80-ii-xc70-ii\/","name":"2.4 D \"D5244T14\" Motor [esim. Volvo V40, V60, S80, XC70]","isPartOf":{"@id":"https:\/\/autopartscenter24.com\/#website"},"primaryImageOfPage":{"@id":"https:\/\/autopartscenter24.com\/auton-varaosat\/2-4-d-d5244t14-moottori-volvo-v70-iii-s80-ii-xc70-ii\/#primaryimage"},"image":{"@id":"https:\/\/autopartscenter24.com\/auton-varaosat\/2-4-d-d5244t14-moottori-volvo-v70-iii-s80-ii-xc70-ii\/#primaryimage"},"thumbnailUrl":"https:\/\/autopartscenter24.com\/wp-content\/uploads\/2023\/03\/2-4-d-d5244t14-moottori-volvo-v70-iii-s80-ii-xc70-ii.webp","datePublished":"2023-11-26T13:10:13+00:00","dateModified":"2023-11-26T13:10:14+00:00","description":"En av de motorer som vi ofta har tillg\u00e4ngliga. Skicka en f\u00f6rfr\u00e5gan och f\u00e5 en offert inom 24 timmar. Motorer, v\u00e4xell\u00e5dor och andra bildelar under garanti.","breadcrumb":{"@id":"https:\/\/autopartscenter24.com\/auton-varaosat\/2-4-d-d5244t14-moottori-volvo-v70-iii-s80-ii-xc70-ii\/#breadcrumb"},"inLanguage":"sv-SE","potentialAction":[{"@type":"ReadAction","target":["https:\/\/autopartscenter24.com\/auton-varaosat\/2-4-d-d5244t14-moottori-volvo-v70-iii-s80-ii-xc70-ii\/"]}]},{"@type":"ImageObject","inLanguage":"sv-SE","@id":"https:\/\/autopartscenter24.com\/auton-varaosat\/2-4-d-d5244t14-moottori-volvo-v70-iii-s80-ii-xc70-ii\/#primaryimage","url":"https:\/\/autopartscenter24.com\/wp-content\/uploads\/2023\/03\/2-4-d-d5244t14-moottori-volvo-v70-iii-s80-ii-xc70-ii.webp","contentUrl":"https:\/\/autopartscenter24.com\/wp-content\/uploads\/2023\/03\/2-4-d-d5244t14-moottori-volvo-v70-iii-s80-ii-xc70-ii.webp","width":800,"height":600},{"@type":"BreadcrumbList","@id":"https:\/\/autopartscenter24.com\/auton-varaosat\/2-4-d-d5244t14-moottori-volvo-v70-iii-s80-ii-xc70-ii\/#breadcrumb","itemListElement":[{"@type":"ListItem","position":1,"name":"Hem","item":"https:\/\/aliceblue-termite-662564.hostingersite.com\/"},{"@type":"ListItem","position":2,"name":"Auton varaosat","item":"https:\/\/aliceblue-termite-662564.hostingersite.com\/auton-varaosat\/"},{"@type":"ListItem","position":3,"name":"2.4 D &#8221;D5244T14&#8221; Motor [esim. Volvo V40, V60, S80, XC70]"}]},{"@type":"WebSite","@id":"https:\/\/autopartscenter24.com\/#website","url":"https:\/\/autopartscenter24.com\/","name":"Autopartscenter24","description":"K\u00c4YTETYT JA KUNNOSTETUT  AUTON VARAOSAT","potentialAction":[{"@type":"SearchAction","target":{"@type":"EntryPoint","urlTemplate":"https:\/\/autopartscenter24.com\/?s={search_term_string}"},"query-input":{"@type":"PropertyValueSpecification","valueRequired":true,"valueName":"search_term_string"}}],"inLanguage":"sv-SE"}]}},"_links":{"self":[{"href":"https:\/\/autopartscenter24.com\/sv\/wp-json\/wp\/v2\/product\/5465","targetHints":{"allow":["GET"]}}],"collection":[{"href":"https:\/\/autopartscenter24.com\/sv\/wp-json\/wp\/v2\/product"}],"about":[{"href":"https:\/\/autopartscenter24.com\/sv\/wp-json\/wp\/v2\/types\/product"}],"wp:featuredmedia":[{"embeddable":true,"href":"https:\/\/autopartscenter24.com\/sv\/wp-json\/wp\/v2\/media\/4774"}],"wp:attachment":[{"href":"https:\/\/autopartscenter24.com\/sv\/wp-json\/wp\/v2\/media?parent=5465"}],"wp:term":[{"taxonomy":"product_brand","embeddable":true,"href":"https:\/\/autopartscenter24.com\/sv\/wp-json\/wp\/v2\/product_brand?post=5465"},{"taxonomy":"product_cat","embeddable":true,"href":"https:\/\/autopartscenter24.com\/sv\/wp-json\/wp\/v2\/product_cat?post=5465"},{"taxonomy":"product_tag","embeddable":true,"href":"https:\/\/autopartscenter24.com\/sv\/wp-json\/wp\/v2\/product_tag?post=5465"}],"curies":[{"name":"wp","href":"https:\/\/api.w.org\/{rel}","templated":true}]}}