{"id":5464,"date":"2023-03-08T21:27:48","date_gmt":"2023-11-26T13:07:10","guid":{"rendered":"https:\/\/autopartscenter24.com\/product\/1-8-kompressor-271940-motor-esim-c-klass-w203-cl203\/"},"modified":"2023-11-26T14:07:12","modified_gmt":"2023-11-26T13:07:12","slug":"1-8-kompressor-271940-motor-mb-klass-c-w203-s203","status":"publish","type":"product","link":"https:\/\/autopartscenter24.com\/sv\/auton-varaosat\/1-8-kompressor-271940-motor-mb-klass-c-w203-s203\/","title":{"rendered":"1.8 Kompressor &#8221;271940&#8221; Motor [esim. C-Klass W203, CL203]"},"content":{"rendered":"<p><strong>Mercedes 1.8 Kompressor-motor, kodnamn 271940, \u00e4r \u200b\u200ben av de bensinmotorer som tillverkas av Daimler AG.<\/strong> Motorn \u00e4r k\u00e4nd f\u00f6r sin prestanda och effektivitet. 271940-motorn har fyra cylindrar och tv\u00e5 kamaxlar. Den ger en effekt p\u00e5 184 hk och ett vridmoment p\u00e5 250 Nm.<\/p>\n<p>Motorn anv\u00e4nder Mercedes-Benz Kompressor-teknik, som erbjuder en effektiv kombination av direkt br\u00e4nsleinsprutning och mekanisk kompression. Den st\u00f6rsta f\u00f6rdelen med motorn \u00e4r dess prestanda, som m\u00f6jligg\u00f6r snabb acceleration och bra vridmoment.<\/p>\n<p>Flera tekniska l\u00f6sningar har anv\u00e4nts i 271940-motorn, vilket f\u00f6rb\u00e4ttrar dess prestanda och h\u00e5llbarhet. Motorcylindrarna \u00e4r gjorda av aluminiumlegering, vilket minskar vikten p\u00e5 motorn och f\u00f6rb\u00e4ttrar dess kylning. Motorns kolvar \u00e4r ocks\u00e5 specialdesignade f\u00f6r att klara det h\u00f6ga tryck som uppst\u00e5r n\u00e4r mekanisk kompression anv\u00e4nds.<\/p>\n<p>Jag hoppas att den h\u00e4r texten hj\u00e4lpte dig att l\u00e4ra dig mer om 271940-motorn och dess tekniska funktioner.<\/p>\n","protected":false},"excerpt":{"rendered":"<p>271940-motorn har anv\u00e4nts i m\u00e5nga Mercedes-Benz bilar, som Mercedes-Benz C-Klass, E-Klass och SLK. Den \u00e4r \u00e4ven installerad p\u00e5 CLC och CLS. Motorn har varit tillg\u00e4nglig fr\u00e5n 2002-2011.<\/p>\n<p>Bilm\u00e4rken och modeller d\u00e4r 271940-motorn anv\u00e4nds:<\/p>\n<ul>\n<li>Mercedes-Benz C 180 Kompressor (2002-2011)<\/li>\n<li>Mercedes-Benz E 200 Kompressor (2002-2011)<\/li>\n<li>Mercedes-Benz SLK 200 Kompressor (2002-2011)<\/li>\n<li>Mercedes-Benz CLC 180 Kompressor (2008-2011)<\/li>\n<li>Mercedes-Benz CLS 200 Kompressor (2005-2010)<\/li>\n<\/ul>\n","protected":false},"featured_media":4779,"template":"","meta":[],"product_brand":[],"product_cat":[593],"product_tag":[674,676,675],"class_list":{"0":"post-5464","1":"product","2":"type-product","3":"status-publish","4":"has-post-thumbnail","6":"product_cat-mercedes-benz-sv","7":"product_tag-c-class-sv","8":"product_tag-cl203-sv","9":"product_tag-w203-sv","10":"pa_varaosan-osasto-motor","13":"first","14":"instock","15":"shipping-taxable","16":"product-type-simple"},"yoast_head":"<!-- This site is optimized with the Yoast SEO plugin v26.8 - https:\/\/yoast.com\/product\/yoast-seo-wordpress\/ -->\n<title>1.8 Kompressor &quot;271940&quot; Motor [esim. C-Klass W203, CL203]<\/title>\n<meta name=\"description\" content=\"En av de motorer som vi ofta har tillg\u00e4ngliga. Skicka en f\u00f6rfr\u00e5gan och f\u00e5 en offert inom 24 timmar. Motorer, v\u00e4xell\u00e5dor och andra bildelar under garanti.\" \/>\n<meta name=\"robots\" content=\"index, follow, max-snippet:-1, max-image-preview:large, max-video-preview:-1\" \/>\n<link rel=\"canonical\" href=\"https:\/\/autopartscenter24.com\/sv\/auton-varaosat\/1-8-kompressor-271940-moottori-mb-klass-c-w203-s203\/\" \/>\n<meta property=\"og:locale\" content=\"sv_SE\" \/>\n<meta property=\"og:type\" content=\"article\" \/>\n<meta property=\"og:title\" content=\"1.8 Kompressor &quot;271940&quot; Motor [esim. C-Klass W203, CL203]\" \/>\n<meta property=\"og:description\" content=\"En av de motorer som vi ofta har tillg\u00e4ngliga. Skicka en f\u00f6rfr\u00e5gan och f\u00e5 en offert inom 24 timmar. Motorer, v\u00e4xell\u00e5dor och andra bildelar under garanti.\" \/>\n<meta property=\"og:url\" content=\"https:\/\/autopartscenter24.com\/sv\/auton-varaosat\/1-8-kompressor-271940-moottori-mb-klass-c-w203-s203\/\" \/>\n<meta property=\"og:site_name\" content=\"Autopartscenter24\" \/>\n<meta property=\"article:modified_time\" content=\"2023-11-26T13:07:12+00:00\" \/>\n<meta property=\"og:image\" content=\"https:\/\/autopartscenter24.com\/wp-content\/uploads\/2023\/03\/1-8-kompressor-271940-moottori-mb-klass-c-w203-s203.webp\" \/>\n\t<meta property=\"og:image:width\" content=\"800\" \/>\n\t<meta property=\"og:image:height\" content=\"600\" \/>\n\t<meta property=\"og:image:type\" content=\"image\/webp\" \/>\n<meta name=\"twitter:card\" content=\"summary_large_image\" \/>\n<meta name=\"twitter:label1\" content=\"Ber\u00e4knad l\u00e4stid\" \/>\n\t<meta name=\"twitter:data1\" content=\"1 minut\" \/>\n<script type=\"application\/ld+json\" class=\"yoast-schema-graph\">{\"@context\":\"https:\/\/schema.org\",\"@graph\":[{\"@type\":\"WebPage\",\"@id\":\"https:\/\/autopartscenter24.com\/auton-varaosat\/1-8-kompressor-271940-moottori-mb-klass-c-w203-s203\/\",\"url\":\"https:\/\/autopartscenter24.com\/auton-varaosat\/1-8-kompressor-271940-moottori-mb-klass-c-w203-s203\/\",\"name\":\"1.8 Kompressor \\\"271940\\\" Motor [esim. C-Klass W203, CL203]\",\"isPartOf\":{\"@id\":\"https:\/\/autopartscenter24.com\/#website\"},\"primaryImageOfPage\":{\"@id\":\"https:\/\/autopartscenter24.com\/auton-varaosat\/1-8-kompressor-271940-moottori-mb-klass-c-w203-s203\/#primaryimage\"},\"image\":{\"@id\":\"https:\/\/autopartscenter24.com\/auton-varaosat\/1-8-kompressor-271940-moottori-mb-klass-c-w203-s203\/#primaryimage\"},\"thumbnailUrl\":\"https:\/\/autopartscenter24.com\/wp-content\/uploads\/2023\/03\/1-8-kompressor-271940-moottori-mb-klass-c-w203-s203.webp\",\"datePublished\":\"2023-11-26T13:07:10+00:00\",\"dateModified\":\"2023-11-26T13:07:12+00:00\",\"description\":\"En av de motorer som vi ofta har tillg\u00e4ngliga. Skicka en f\u00f6rfr\u00e5gan och f\u00e5 en offert inom 24 timmar. Motorer, v\u00e4xell\u00e5dor och andra bildelar under garanti.\",\"breadcrumb\":{\"@id\":\"https:\/\/autopartscenter24.com\/auton-varaosat\/1-8-kompressor-271940-moottori-mb-klass-c-w203-s203\/#breadcrumb\"},\"inLanguage\":\"sv-SE\",\"potentialAction\":[{\"@type\":\"ReadAction\",\"target\":[\"https:\/\/autopartscenter24.com\/auton-varaosat\/1-8-kompressor-271940-moottori-mb-klass-c-w203-s203\/\"]}]},{\"@type\":\"ImageObject\",\"inLanguage\":\"sv-SE\",\"@id\":\"https:\/\/autopartscenter24.com\/auton-varaosat\/1-8-kompressor-271940-moottori-mb-klass-c-w203-s203\/#primaryimage\",\"url\":\"https:\/\/autopartscenter24.com\/wp-content\/uploads\/2023\/03\/1-8-kompressor-271940-moottori-mb-klass-c-w203-s203.webp\",\"contentUrl\":\"https:\/\/autopartscenter24.com\/wp-content\/uploads\/2023\/03\/1-8-kompressor-271940-moottori-mb-klass-c-w203-s203.webp\",\"width\":800,\"height\":600},{\"@type\":\"BreadcrumbList\",\"@id\":\"https:\/\/autopartscenter24.com\/auton-varaosat\/1-8-kompressor-271940-moottori-mb-klass-c-w203-s203\/#breadcrumb\",\"itemListElement\":[{\"@type\":\"ListItem\",\"position\":1,\"name\":\"Hem\",\"item\":\"https:\/\/aliceblue-termite-662564.hostingersite.com\/\"},{\"@type\":\"ListItem\",\"position\":2,\"name\":\"Auton varaosat\",\"item\":\"https:\/\/aliceblue-termite-662564.hostingersite.com\/auton-varaosat\/\"},{\"@type\":\"ListItem\",\"position\":3,\"name\":\"1.8 Kompressor &#8221;271940&#8221; Motor [esim. C-Klass W203, CL203]\"}]},{\"@type\":\"WebSite\",\"@id\":\"https:\/\/autopartscenter24.com\/#website\",\"url\":\"https:\/\/autopartscenter24.com\/\",\"name\":\"Autopartscenter24\",\"description\":\"K\u00c4YTETYT JA KUNNOSTETUT  AUTON VARAOSAT\",\"potentialAction\":[{\"@type\":\"SearchAction\",\"target\":{\"@type\":\"EntryPoint\",\"urlTemplate\":\"https:\/\/autopartscenter24.com\/?s={search_term_string}\"},\"query-input\":{\"@type\":\"PropertyValueSpecification\",\"valueRequired\":true,\"valueName\":\"search_term_string\"}}],\"inLanguage\":\"sv-SE\"}]}<\/script>\n<!-- \/ Yoast SEO plugin. -->","yoast_head_json":{"title":"1.8 Kompressor \"271940\" Motor [esim. C-Klass W203, CL203]","description":"En av de motorer som vi ofta har tillg\u00e4ngliga. Skicka en f\u00f6rfr\u00e5gan och f\u00e5 en offert inom 24 timmar. Motorer, v\u00e4xell\u00e5dor och andra bildelar under garanti.","robots":{"index":"index","follow":"follow","max-snippet":"max-snippet:-1","max-image-preview":"max-image-preview:large","max-video-preview":"max-video-preview:-1"},"canonical":"https:\/\/autopartscenter24.com\/sv\/auton-varaosat\/1-8-kompressor-271940-moottori-mb-klass-c-w203-s203\/","og_locale":"sv_SE","og_type":"article","og_title":"1.8 Kompressor \"271940\" Motor [esim. C-Klass W203, CL203]","og_description":"En av de motorer som vi ofta har tillg\u00e4ngliga. Skicka en f\u00f6rfr\u00e5gan och f\u00e5 en offert inom 24 timmar. Motorer, v\u00e4xell\u00e5dor och andra bildelar under garanti.","og_url":"https:\/\/autopartscenter24.com\/sv\/auton-varaosat\/1-8-kompressor-271940-moottori-mb-klass-c-w203-s203\/","og_site_name":"Autopartscenter24","article_modified_time":"2023-11-26T13:07:12+00:00","og_image":[{"width":800,"height":600,"url":"https:\/\/autopartscenter24.com\/wp-content\/uploads\/2023\/03\/1-8-kompressor-271940-moottori-mb-klass-c-w203-s203.webp","type":"image\/webp"}],"twitter_card":"summary_large_image","twitter_misc":{"Ber\u00e4knad l\u00e4stid":"1 minut"},"schema":{"@context":"https:\/\/schema.org","@graph":[{"@type":"WebPage","@id":"https:\/\/autopartscenter24.com\/auton-varaosat\/1-8-kompressor-271940-moottori-mb-klass-c-w203-s203\/","url":"https:\/\/autopartscenter24.com\/auton-varaosat\/1-8-kompressor-271940-moottori-mb-klass-c-w203-s203\/","name":"1.8 Kompressor \"271940\" Motor [esim. C-Klass W203, CL203]","isPartOf":{"@id":"https:\/\/autopartscenter24.com\/#website"},"primaryImageOfPage":{"@id":"https:\/\/autopartscenter24.com\/auton-varaosat\/1-8-kompressor-271940-moottori-mb-klass-c-w203-s203\/#primaryimage"},"image":{"@id":"https:\/\/autopartscenter24.com\/auton-varaosat\/1-8-kompressor-271940-moottori-mb-klass-c-w203-s203\/#primaryimage"},"thumbnailUrl":"https:\/\/autopartscenter24.com\/wp-content\/uploads\/2023\/03\/1-8-kompressor-271940-moottori-mb-klass-c-w203-s203.webp","datePublished":"2023-11-26T13:07:10+00:00","dateModified":"2023-11-26T13:07:12+00:00","description":"En av de motorer som vi ofta har tillg\u00e4ngliga. Skicka en f\u00f6rfr\u00e5gan och f\u00e5 en offert inom 24 timmar. Motorer, v\u00e4xell\u00e5dor och andra bildelar under garanti.","breadcrumb":{"@id":"https:\/\/autopartscenter24.com\/auton-varaosat\/1-8-kompressor-271940-moottori-mb-klass-c-w203-s203\/#breadcrumb"},"inLanguage":"sv-SE","potentialAction":[{"@type":"ReadAction","target":["https:\/\/autopartscenter24.com\/auton-varaosat\/1-8-kompressor-271940-moottori-mb-klass-c-w203-s203\/"]}]},{"@type":"ImageObject","inLanguage":"sv-SE","@id":"https:\/\/autopartscenter24.com\/auton-varaosat\/1-8-kompressor-271940-moottori-mb-klass-c-w203-s203\/#primaryimage","url":"https:\/\/autopartscenter24.com\/wp-content\/uploads\/2023\/03\/1-8-kompressor-271940-moottori-mb-klass-c-w203-s203.webp","contentUrl":"https:\/\/autopartscenter24.com\/wp-content\/uploads\/2023\/03\/1-8-kompressor-271940-moottori-mb-klass-c-w203-s203.webp","width":800,"height":600},{"@type":"BreadcrumbList","@id":"https:\/\/autopartscenter24.com\/auton-varaosat\/1-8-kompressor-271940-moottori-mb-klass-c-w203-s203\/#breadcrumb","itemListElement":[{"@type":"ListItem","position":1,"name":"Hem","item":"https:\/\/aliceblue-termite-662564.hostingersite.com\/"},{"@type":"ListItem","position":2,"name":"Auton varaosat","item":"https:\/\/aliceblue-termite-662564.hostingersite.com\/auton-varaosat\/"},{"@type":"ListItem","position":3,"name":"1.8 Kompressor &#8221;271940&#8221; Motor [esim. C-Klass W203, CL203]"}]},{"@type":"WebSite","@id":"https:\/\/autopartscenter24.com\/#website","url":"https:\/\/autopartscenter24.com\/","name":"Autopartscenter24","description":"K\u00c4YTETYT JA KUNNOSTETUT  AUTON VARAOSAT","potentialAction":[{"@type":"SearchAction","target":{"@type":"EntryPoint","urlTemplate":"https:\/\/autopartscenter24.com\/?s={search_term_string}"},"query-input":{"@type":"PropertyValueSpecification","valueRequired":true,"valueName":"search_term_string"}}],"inLanguage":"sv-SE"}]}},"_links":{"self":[{"href":"https:\/\/autopartscenter24.com\/sv\/wp-json\/wp\/v2\/product\/5464","targetHints":{"allow":["GET"]}}],"collection":[{"href":"https:\/\/autopartscenter24.com\/sv\/wp-json\/wp\/v2\/product"}],"about":[{"href":"https:\/\/autopartscenter24.com\/sv\/wp-json\/wp\/v2\/types\/product"}],"wp:featuredmedia":[{"embeddable":true,"href":"https:\/\/autopartscenter24.com\/sv\/wp-json\/wp\/v2\/media\/4779"}],"wp:attachment":[{"href":"https:\/\/autopartscenter24.com\/sv\/wp-json\/wp\/v2\/media?parent=5464"}],"wp:term":[{"taxonomy":"product_brand","embeddable":true,"href":"https:\/\/autopartscenter24.com\/sv\/wp-json\/wp\/v2\/product_brand?post=5464"},{"taxonomy":"product_cat","embeddable":true,"href":"https:\/\/autopartscenter24.com\/sv\/wp-json\/wp\/v2\/product_cat?post=5464"},{"taxonomy":"product_tag","embeddable":true,"href":"https:\/\/autopartscenter24.com\/sv\/wp-json\/wp\/v2\/product_tag?post=5464"}],"curies":[{"name":"wp","href":"https:\/\/api.w.org\/{rel}","templated":true}]}}