{"id":5462,"date":"2023-03-09T21:46:14","date_gmt":"2023-11-26T12:59:02","guid":{"rendered":"https:\/\/autopartscenter24.com\/product\/1-4-tsi-cze-motor-esim-vw-golf-skoda-superb\/"},"modified":"2023-11-26T13:59:02","modified_gmt":"2023-11-26T12:59:02","slug":"1-4-tsi-cze-motor-vw-golf-vii-superb-iii","status":"publish","type":"product","link":"https:\/\/autopartscenter24.com\/sv\/auton-varaosat\/1-4-tsi-cze-motor-vw-golf-vii-superb-iii\/","title":{"rendered":"1.4 TSI &#8221;CZE&#8221; Motor [esim. VW Golf, Skoda Superb]"},"content":{"rendered":"<p><strong>Volkswagen 1.4 TSI-motorn, med kodnamnet CZE, \u00e4r en av de bensinmotorer som tillverkas av Volkswagen AG.<\/strong> Motorn \u00e4r k\u00e4nd f\u00f6r sin ekonomi och prestanda. CZE-motorn har fyra cylindrar och tv\u00e5 kamaxlar. Den ger en effekt p\u00e5 150 hk och ett vridmoment p\u00e5 250 Nm.<\/p>\n<p>Motorn anv\u00e4nder Volkswagens TSI-teknik, som erbjuder en effektiv kombination av direkt br\u00e4nsleinsprutning och \u00f6verladdning. Den st\u00f6rsta f\u00f6rdelen med motorn \u00e4r dess prestanda och ekonomi, vilket m\u00f6jligg\u00f6r snabb acceleration och l\u00e4gre emissionsv\u00e4rden p\u00e5 samma g\u00e5ng.<\/p>\n<p>Flera tekniska l\u00f6sningar har anv\u00e4nts i CZE-motorn, vilket f\u00f6rb\u00e4ttrar dess prestanda och h\u00e5llbarhet. Motorcylindrarna \u00e4r gjorda av aluminiumlegering, vilket minskar vikten p\u00e5 motorn och f\u00f6rb\u00e4ttrar dess kylning. Motorn anv\u00e4nder \u00e4ven Volkswagens BlueMotion-system, vilket minskar br\u00e4nslef\u00f6rbrukningen och utsl\u00e4ppen.<\/p>\n<p>Jag hoppas att den h\u00e4r texten hj\u00e4lpte dig att l\u00e4ra dig mer om CZE-motorn och dess tekniska funktioner.<\/p>\n","protected":false},"excerpt":{"rendered":"<p>CZE-motorn har anv\u00e4nts i m\u00e5nga Volkswagen-bilar, som Volkswagen Golf, Polo och T-Roc. Den \u00e4r \u00e4ven installerad i Seat Arona och Leon, samt \u0160koda Kamiq och Karoq. Motorn har varit tillg\u00e4nglig sedan 2015.<\/p>\n<p>Bilm\u00e4rken och modeller med CZE-motor som anv\u00e4nds:<\/p>\n<ul>\n<li>Volkswagen Golf (2015-nykyhetki)<\/li>\n<li>Volkswagen Polo (2015-nykyhetki)<\/li>\n<li>Volkswagen T-Roc (2017-nykyhetki)<\/li>\n<li>Seat Arona (2018-nykyhetki)<\/li>\n<li>Seat Leon (2015-nykyhetki)<\/li>\n<li>\u0160koda Kamiq (2019-nykyhetki)<\/li>\n<li>\u0160koda Karoq (2017-nykyhetki)<\/li>\n<\/ul>\n","protected":false},"featured_media":4790,"template":"","meta":[],"product_brand":[],"product_cat":[471,470,469],"product_tag":[473,666,669,657],"class_list":{"0":"post-5462","1":"product","2":"type-product","3":"status-publish","4":"has-post-thumbnail","6":"product_cat-seat-sv","7":"product_cat-skoda-sv","8":"product_cat-vw-sv","9":"product_tag-golf-sv","10":"product_tag-polo-sv","11":"product_tag-superb-sv","12":"product_tag-t-roc-sv","13":"pa_varaosan-osasto-motor","16":"first","17":"instock","18":"featured","19":"shipping-taxable","20":"product-type-simple"},"yoast_head":"<!-- This site is optimized with the Yoast SEO plugin v26.8 - https:\/\/yoast.com\/product\/yoast-seo-wordpress\/ -->\n<title>1.4 TSI &quot;CZE&quot; Motor [esim. VW Golf, Skoda Superb]<\/title>\n<meta name=\"description\" content=\"En av de motorer som vi ofta har tillg\u00e4ngliga. Skicka en f\u00f6rfr\u00e5gan och f\u00e5 en offert inom 24 timmar. Motorer, v\u00e4xell\u00e5dor och andra bildelar under garanti.\" \/>\n<meta name=\"robots\" content=\"index, follow, max-snippet:-1, max-image-preview:large, max-video-preview:-1\" \/>\n<link rel=\"canonical\" href=\"https:\/\/autopartscenter24.com\/sv\/auton-varaosat\/1-4-tsi-cze-moottori-vw-golf-vii-superb-iii\/\" \/>\n<meta property=\"og:locale\" content=\"sv_SE\" \/>\n<meta property=\"og:type\" content=\"article\" \/>\n<meta property=\"og:title\" content=\"1.4 TSI &quot;CZE&quot; Motor [esim. VW Golf, Skoda Superb]\" \/>\n<meta property=\"og:description\" content=\"En av de motorer som vi ofta har tillg\u00e4ngliga. Skicka en f\u00f6rfr\u00e5gan och f\u00e5 en offert inom 24 timmar. Motorer, v\u00e4xell\u00e5dor och andra bildelar under garanti.\" \/>\n<meta property=\"og:url\" content=\"https:\/\/autopartscenter24.com\/sv\/auton-varaosat\/1-4-tsi-cze-moottori-vw-golf-vii-superb-iii\/\" \/>\n<meta property=\"og:site_name\" content=\"Autopartscenter24\" \/>\n<meta property=\"og:image\" content=\"https:\/\/autopartscenter24.com\/wp-content\/uploads\/2023\/03\/1-4-tsi-cze-moottori-vw-golf-vii-superb-iii.webp\" \/>\n\t<meta property=\"og:image:width\" content=\"800\" \/>\n\t<meta property=\"og:image:height\" content=\"600\" \/>\n\t<meta property=\"og:image:type\" content=\"image\/webp\" \/>\n<meta name=\"twitter:card\" content=\"summary_large_image\" \/>\n<meta name=\"twitter:label1\" content=\"Ber\u00e4knad l\u00e4stid\" \/>\n\t<meta name=\"twitter:data1\" content=\"1 minut\" \/>\n<script type=\"application\/ld+json\" class=\"yoast-schema-graph\">{\"@context\":\"https:\/\/schema.org\",\"@graph\":[{\"@type\":\"WebPage\",\"@id\":\"https:\/\/autopartscenter24.com\/auton-varaosat\/1-4-tsi-cze-moottori-vw-golf-vii-superb-iii\/\",\"url\":\"https:\/\/autopartscenter24.com\/auton-varaosat\/1-4-tsi-cze-moottori-vw-golf-vii-superb-iii\/\",\"name\":\"1.4 TSI \\\"CZE\\\" Motor [esim. VW Golf, Skoda Superb]\",\"isPartOf\":{\"@id\":\"https:\/\/autopartscenter24.com\/#website\"},\"primaryImageOfPage\":{\"@id\":\"https:\/\/autopartscenter24.com\/auton-varaosat\/1-4-tsi-cze-moottori-vw-golf-vii-superb-iii\/#primaryimage\"},\"image\":{\"@id\":\"https:\/\/autopartscenter24.com\/auton-varaosat\/1-4-tsi-cze-moottori-vw-golf-vii-superb-iii\/#primaryimage\"},\"thumbnailUrl\":\"https:\/\/autopartscenter24.com\/wp-content\/uploads\/2023\/03\/1-4-tsi-cze-moottori-vw-golf-vii-superb-iii.webp\",\"datePublished\":\"2023-11-26T12:59:02+00:00\",\"description\":\"En av de motorer som vi ofta har tillg\u00e4ngliga. Skicka en f\u00f6rfr\u00e5gan och f\u00e5 en offert inom 24 timmar. Motorer, v\u00e4xell\u00e5dor och andra bildelar under garanti.\",\"breadcrumb\":{\"@id\":\"https:\/\/autopartscenter24.com\/auton-varaosat\/1-4-tsi-cze-moottori-vw-golf-vii-superb-iii\/#breadcrumb\"},\"inLanguage\":\"sv-SE\",\"potentialAction\":[{\"@type\":\"ReadAction\",\"target\":[\"https:\/\/autopartscenter24.com\/auton-varaosat\/1-4-tsi-cze-moottori-vw-golf-vii-superb-iii\/\"]}]},{\"@type\":\"ImageObject\",\"inLanguage\":\"sv-SE\",\"@id\":\"https:\/\/autopartscenter24.com\/auton-varaosat\/1-4-tsi-cze-moottori-vw-golf-vii-superb-iii\/#primaryimage\",\"url\":\"https:\/\/autopartscenter24.com\/wp-content\/uploads\/2023\/03\/1-4-tsi-cze-moottori-vw-golf-vii-superb-iii.webp\",\"contentUrl\":\"https:\/\/autopartscenter24.com\/wp-content\/uploads\/2023\/03\/1-4-tsi-cze-moottori-vw-golf-vii-superb-iii.webp\",\"width\":800,\"height\":600},{\"@type\":\"BreadcrumbList\",\"@id\":\"https:\/\/autopartscenter24.com\/auton-varaosat\/1-4-tsi-cze-moottori-vw-golf-vii-superb-iii\/#breadcrumb\",\"itemListElement\":[{\"@type\":\"ListItem\",\"position\":1,\"name\":\"Hem\",\"item\":\"https:\/\/aliceblue-termite-662564.hostingersite.com\/\"},{\"@type\":\"ListItem\",\"position\":2,\"name\":\"Auton varaosat\",\"item\":\"https:\/\/aliceblue-termite-662564.hostingersite.com\/auton-varaosat\/\"},{\"@type\":\"ListItem\",\"position\":3,\"name\":\"1.4 TSI &#8221;CZE&#8221; Motor [esim. VW Golf, Skoda Superb]\"}]},{\"@type\":\"WebSite\",\"@id\":\"https:\/\/autopartscenter24.com\/#website\",\"url\":\"https:\/\/autopartscenter24.com\/\",\"name\":\"Autopartscenter24\",\"description\":\"K\u00c4YTETYT JA KUNNOSTETUT  AUTON VARAOSAT\",\"potentialAction\":[{\"@type\":\"SearchAction\",\"target\":{\"@type\":\"EntryPoint\",\"urlTemplate\":\"https:\/\/autopartscenter24.com\/?s={search_term_string}\"},\"query-input\":{\"@type\":\"PropertyValueSpecification\",\"valueRequired\":true,\"valueName\":\"search_term_string\"}}],\"inLanguage\":\"sv-SE\"}]}<\/script>\n<!-- \/ Yoast SEO plugin. -->","yoast_head_json":{"title":"1.4 TSI \"CZE\" Motor [esim. VW Golf, Skoda Superb]","description":"En av de motorer som vi ofta har tillg\u00e4ngliga. Skicka en f\u00f6rfr\u00e5gan och f\u00e5 en offert inom 24 timmar. Motorer, v\u00e4xell\u00e5dor och andra bildelar under garanti.","robots":{"index":"index","follow":"follow","max-snippet":"max-snippet:-1","max-image-preview":"max-image-preview:large","max-video-preview":"max-video-preview:-1"},"canonical":"https:\/\/autopartscenter24.com\/sv\/auton-varaosat\/1-4-tsi-cze-moottori-vw-golf-vii-superb-iii\/","og_locale":"sv_SE","og_type":"article","og_title":"1.4 TSI \"CZE\" Motor [esim. VW Golf, Skoda Superb]","og_description":"En av de motorer som vi ofta har tillg\u00e4ngliga. Skicka en f\u00f6rfr\u00e5gan och f\u00e5 en offert inom 24 timmar. Motorer, v\u00e4xell\u00e5dor och andra bildelar under garanti.","og_url":"https:\/\/autopartscenter24.com\/sv\/auton-varaosat\/1-4-tsi-cze-moottori-vw-golf-vii-superb-iii\/","og_site_name":"Autopartscenter24","og_image":[{"width":800,"height":600,"url":"https:\/\/autopartscenter24.com\/wp-content\/uploads\/2023\/03\/1-4-tsi-cze-moottori-vw-golf-vii-superb-iii.webp","type":"image\/webp"}],"twitter_card":"summary_large_image","twitter_misc":{"Ber\u00e4knad l\u00e4stid":"1 minut"},"schema":{"@context":"https:\/\/schema.org","@graph":[{"@type":"WebPage","@id":"https:\/\/autopartscenter24.com\/auton-varaosat\/1-4-tsi-cze-moottori-vw-golf-vii-superb-iii\/","url":"https:\/\/autopartscenter24.com\/auton-varaosat\/1-4-tsi-cze-moottori-vw-golf-vii-superb-iii\/","name":"1.4 TSI \"CZE\" Motor [esim. VW Golf, Skoda Superb]","isPartOf":{"@id":"https:\/\/autopartscenter24.com\/#website"},"primaryImageOfPage":{"@id":"https:\/\/autopartscenter24.com\/auton-varaosat\/1-4-tsi-cze-moottori-vw-golf-vii-superb-iii\/#primaryimage"},"image":{"@id":"https:\/\/autopartscenter24.com\/auton-varaosat\/1-4-tsi-cze-moottori-vw-golf-vii-superb-iii\/#primaryimage"},"thumbnailUrl":"https:\/\/autopartscenter24.com\/wp-content\/uploads\/2023\/03\/1-4-tsi-cze-moottori-vw-golf-vii-superb-iii.webp","datePublished":"2023-11-26T12:59:02+00:00","description":"En av de motorer som vi ofta har tillg\u00e4ngliga. Skicka en f\u00f6rfr\u00e5gan och f\u00e5 en offert inom 24 timmar. Motorer, v\u00e4xell\u00e5dor och andra bildelar under garanti.","breadcrumb":{"@id":"https:\/\/autopartscenter24.com\/auton-varaosat\/1-4-tsi-cze-moottori-vw-golf-vii-superb-iii\/#breadcrumb"},"inLanguage":"sv-SE","potentialAction":[{"@type":"ReadAction","target":["https:\/\/autopartscenter24.com\/auton-varaosat\/1-4-tsi-cze-moottori-vw-golf-vii-superb-iii\/"]}]},{"@type":"ImageObject","inLanguage":"sv-SE","@id":"https:\/\/autopartscenter24.com\/auton-varaosat\/1-4-tsi-cze-moottori-vw-golf-vii-superb-iii\/#primaryimage","url":"https:\/\/autopartscenter24.com\/wp-content\/uploads\/2023\/03\/1-4-tsi-cze-moottori-vw-golf-vii-superb-iii.webp","contentUrl":"https:\/\/autopartscenter24.com\/wp-content\/uploads\/2023\/03\/1-4-tsi-cze-moottori-vw-golf-vii-superb-iii.webp","width":800,"height":600},{"@type":"BreadcrumbList","@id":"https:\/\/autopartscenter24.com\/auton-varaosat\/1-4-tsi-cze-moottori-vw-golf-vii-superb-iii\/#breadcrumb","itemListElement":[{"@type":"ListItem","position":1,"name":"Hem","item":"https:\/\/aliceblue-termite-662564.hostingersite.com\/"},{"@type":"ListItem","position":2,"name":"Auton varaosat","item":"https:\/\/aliceblue-termite-662564.hostingersite.com\/auton-varaosat\/"},{"@type":"ListItem","position":3,"name":"1.4 TSI &#8221;CZE&#8221; Motor [esim. VW Golf, Skoda Superb]"}]},{"@type":"WebSite","@id":"https:\/\/autopartscenter24.com\/#website","url":"https:\/\/autopartscenter24.com\/","name":"Autopartscenter24","description":"K\u00c4YTETYT JA KUNNOSTETUT  AUTON VARAOSAT","potentialAction":[{"@type":"SearchAction","target":{"@type":"EntryPoint","urlTemplate":"https:\/\/autopartscenter24.com\/?s={search_term_string}"},"query-input":{"@type":"PropertyValueSpecification","valueRequired":true,"valueName":"search_term_string"}}],"inLanguage":"sv-SE"}]}},"_links":{"self":[{"href":"https:\/\/autopartscenter24.com\/sv\/wp-json\/wp\/v2\/product\/5462","targetHints":{"allow":["GET"]}}],"collection":[{"href":"https:\/\/autopartscenter24.com\/sv\/wp-json\/wp\/v2\/product"}],"about":[{"href":"https:\/\/autopartscenter24.com\/sv\/wp-json\/wp\/v2\/types\/product"}],"wp:featuredmedia":[{"embeddable":true,"href":"https:\/\/autopartscenter24.com\/sv\/wp-json\/wp\/v2\/media\/4790"}],"wp:attachment":[{"href":"https:\/\/autopartscenter24.com\/sv\/wp-json\/wp\/v2\/media?parent=5462"}],"wp:term":[{"taxonomy":"product_brand","embeddable":true,"href":"https:\/\/autopartscenter24.com\/sv\/wp-json\/wp\/v2\/product_brand?post=5462"},{"taxonomy":"product_cat","embeddable":true,"href":"https:\/\/autopartscenter24.com\/sv\/wp-json\/wp\/v2\/product_cat?post=5462"},{"taxonomy":"product_tag","embeddable":true,"href":"https:\/\/autopartscenter24.com\/sv\/wp-json\/wp\/v2\/product_tag?post=5462"}],"curies":[{"name":"wp","href":"https:\/\/api.w.org\/{rel}","templated":true}]}}