{"id":5461,"date":"2023-03-09T21:57:52","date_gmt":"2023-11-26T12:57:34","guid":{"rendered":"https:\/\/autopartscenter24.com\/product\/1-6-ccsa-motor-vw-golf-jetta-passat\/"},"modified":"2023-11-26T13:57:34","modified_gmt":"2023-11-26T12:57:34","slug":"1-6-ccsa-motor-vw-golf-jetta-passat","status":"publish","type":"product","link":"https:\/\/autopartscenter24.com\/sv\/auton-varaosat\/1-6-ccsa-motor-vw-golf-jetta-passat\/","title":{"rendered":"1.6 &#8221;CCSA&#8221; Motor [VW Golf, Jetta Passat]"},"content":{"rendered":"<p><strong>Volkswagens 1.6-motor, med kodnamnet CSSA, \u00e4r en av de bensinmotorer som tillverkas av Volkswagen AG.<\/strong> Motorn \u00e4r k\u00e4nd f\u00f6r sin tillf\u00f6rlitlighet och ekonomi. CSSA-motorn har fyra cylindrar och en kamaxel. Den ger en effekt p\u00e5 102 hk och ett vridmoment p\u00e5 148 Nm.<\/p>\n<p>Motorn anv\u00e4nder Volkswagens teknik f\u00f6r direkt br\u00e4nsleinsprutning, vilket f\u00f6rb\u00e4ttrar br\u00e4nsleekonomin och minskar utsl\u00e4ppen. Den st\u00f6rsta f\u00f6rdelen med motorn \u00e4r dess ekonomi, vilket m\u00f6jligg\u00f6r l\u00e4gre emissionsv\u00e4rden och l\u00e4gre br\u00e4nslef\u00f6rbrukning.<\/p>\n<p>Flera tekniska l\u00f6sningar har anv\u00e4nts i CSSA-motorn, vilket f\u00f6rb\u00e4ttrar dess prestanda och h\u00e5llbarhet. Motorcylindrarna \u00e4r gjorda av gjutj\u00e4rn, som t\u00e5l h\u00f6gt tryck och temperatur. Motorn anv\u00e4nder \u00e4ven Volkswagens BlueMotion-system, vilket minskar br\u00e4nslef\u00f6rbrukningen och utsl\u00e4ppen.<\/p>\n<p>Jag hoppas att den h\u00e4r texten hj\u00e4lpte dig att l\u00e4ra dig mer om CSSA-motorn och dess tekniska funktioner.<\/p>\n","protected":false},"excerpt":{"rendered":"<p>CSSA-motorn har anv\u00e4nts i m\u00e5nga Volkswagen-bilar, som Volkswagen Golf, Jetta, Passat och Polo. Motorn har funnits sedan 2008.<\/p>\n<p>Bilm\u00e4rken och modeller med en CSSA-motor:<\/p>\n<ul>\n<li>Volkswagen Golf (2008-2020)<\/li>\n<li>Volkswagen Jetta (2008-2018)<\/li>\n<li>Volkswagen Passat (2011-2020)<\/li>\n<li>Volkswagen Polo (2009-2017)<\/li>\n<\/ul>\n","protected":false},"featured_media":4795,"template":"","meta":[],"product_brand":[],"product_cat":[469],"product_tag":[473,668,475,666],"class_list":{"0":"post-5461","1":"product","2":"type-product","3":"status-publish","4":"has-post-thumbnail","6":"product_cat-vw-sv","7":"product_tag-golf-sv","8":"product_tag-jetta-sv","9":"product_tag-passat-sv","10":"product_tag-polo-sv","11":"pa_varaosan-osasto-motor","14":"first","15":"instock","16":"shipping-taxable","17":"product-type-simple"},"yoast_head":"<!-- This site is optimized with the Yoast SEO plugin v26.8 - https:\/\/yoast.com\/product\/yoast-seo-wordpress\/ -->\n<title>1.6 &quot;CCSA&quot; Motor [VW Golf, Jetta Passat] - Autopartscenter24<\/title>\n<meta name=\"description\" content=\"En av de motorer som vi ofta har tillg\u00e4ngliga. Skicka en f\u00f6rfr\u00e5gan och f\u00e5 en offert inom 24 timmar. Motorer, v\u00e4xell\u00e5dor och andra bildelar under garanti.\" \/>\n<meta name=\"robots\" content=\"index, follow, max-snippet:-1, max-image-preview:large, max-video-preview:-1\" \/>\n<link rel=\"canonical\" href=\"https:\/\/autopartscenter24.com\/sv\/auton-varaosat\/1-6-ccsa-moottori-vw-golf-jetta-passat\/\" \/>\n<meta property=\"og:locale\" content=\"sv_SE\" \/>\n<meta property=\"og:type\" content=\"article\" \/>\n<meta property=\"og:title\" content=\"1.6 &quot;CCSA&quot; Motor [VW Golf, Jetta Passat] - Autopartscenter24\" \/>\n<meta property=\"og:description\" content=\"En av de motorer som vi ofta har tillg\u00e4ngliga. Skicka en f\u00f6rfr\u00e5gan och f\u00e5 en offert inom 24 timmar. Motorer, v\u00e4xell\u00e5dor och andra bildelar under garanti.\" \/>\n<meta property=\"og:url\" content=\"https:\/\/autopartscenter24.com\/sv\/auton-varaosat\/1-6-ccsa-moottori-vw-golf-jetta-passat\/\" \/>\n<meta property=\"og:site_name\" content=\"Autopartscenter24\" \/>\n<meta property=\"og:image\" content=\"https:\/\/autopartscenter24.com\/wp-content\/uploads\/2023\/03\/1-6-ccsa-moottori-octavia-ii-jetta-iii-leon-altea.webp\" \/>\n\t<meta property=\"og:image:width\" content=\"800\" \/>\n\t<meta property=\"og:image:height\" content=\"600\" \/>\n\t<meta property=\"og:image:type\" content=\"image\/webp\" \/>\n<meta name=\"twitter:card\" content=\"summary_large_image\" \/>\n<meta name=\"twitter:label1\" content=\"Ber\u00e4knad l\u00e4stid\" \/>\n\t<meta name=\"twitter:data1\" content=\"1 minut\" \/>\n<script type=\"application\/ld+json\" class=\"yoast-schema-graph\">{\"@context\":\"https:\/\/schema.org\",\"@graph\":[{\"@type\":\"WebPage\",\"@id\":\"https:\/\/autopartscenter24.com\/auton-varaosat\/1-6-ccsa-moottori-vw-golf-jetta-passat\/\",\"url\":\"https:\/\/autopartscenter24.com\/auton-varaosat\/1-6-ccsa-moottori-vw-golf-jetta-passat\/\",\"name\":\"1.6 \\\"CCSA\\\" Motor [VW Golf, Jetta Passat] - Autopartscenter24\",\"isPartOf\":{\"@id\":\"https:\/\/autopartscenter24.com\/#website\"},\"primaryImageOfPage\":{\"@id\":\"https:\/\/autopartscenter24.com\/auton-varaosat\/1-6-ccsa-moottori-vw-golf-jetta-passat\/#primaryimage\"},\"image\":{\"@id\":\"https:\/\/autopartscenter24.com\/auton-varaosat\/1-6-ccsa-moottori-vw-golf-jetta-passat\/#primaryimage\"},\"thumbnailUrl\":\"https:\/\/autopartscenter24.com\/wp-content\/uploads\/2023\/03\/1-6-ccsa-moottori-octavia-ii-jetta-iii-leon-altea.webp\",\"datePublished\":\"2023-11-26T12:57:34+00:00\",\"description\":\"En av de motorer som vi ofta har tillg\u00e4ngliga. Skicka en f\u00f6rfr\u00e5gan och f\u00e5 en offert inom 24 timmar. Motorer, v\u00e4xell\u00e5dor och andra bildelar under garanti.\",\"breadcrumb\":{\"@id\":\"https:\/\/autopartscenter24.com\/auton-varaosat\/1-6-ccsa-moottori-vw-golf-jetta-passat\/#breadcrumb\"},\"inLanguage\":\"sv-SE\",\"potentialAction\":[{\"@type\":\"ReadAction\",\"target\":[\"https:\/\/autopartscenter24.com\/auton-varaosat\/1-6-ccsa-moottori-vw-golf-jetta-passat\/\"]}]},{\"@type\":\"ImageObject\",\"inLanguage\":\"sv-SE\",\"@id\":\"https:\/\/autopartscenter24.com\/auton-varaosat\/1-6-ccsa-moottori-vw-golf-jetta-passat\/#primaryimage\",\"url\":\"https:\/\/autopartscenter24.com\/wp-content\/uploads\/2023\/03\/1-6-ccsa-moottori-octavia-ii-jetta-iii-leon-altea.webp\",\"contentUrl\":\"https:\/\/autopartscenter24.com\/wp-content\/uploads\/2023\/03\/1-6-ccsa-moottori-octavia-ii-jetta-iii-leon-altea.webp\",\"width\":800,\"height\":600},{\"@type\":\"BreadcrumbList\",\"@id\":\"https:\/\/autopartscenter24.com\/auton-varaosat\/1-6-ccsa-moottori-vw-golf-jetta-passat\/#breadcrumb\",\"itemListElement\":[{\"@type\":\"ListItem\",\"position\":1,\"name\":\"Hem\",\"item\":\"https:\/\/aliceblue-termite-662564.hostingersite.com\/\"},{\"@type\":\"ListItem\",\"position\":2,\"name\":\"Auton varaosat\",\"item\":\"https:\/\/aliceblue-termite-662564.hostingersite.com\/auton-varaosat\/\"},{\"@type\":\"ListItem\",\"position\":3,\"name\":\"1.6 &#8221;CCSA&#8221; Motor [VW Golf, Jetta Passat]\"}]},{\"@type\":\"WebSite\",\"@id\":\"https:\/\/autopartscenter24.com\/#website\",\"url\":\"https:\/\/autopartscenter24.com\/\",\"name\":\"Autopartscenter24\",\"description\":\"K\u00c4YTETYT JA KUNNOSTETUT  AUTON VARAOSAT\",\"potentialAction\":[{\"@type\":\"SearchAction\",\"target\":{\"@type\":\"EntryPoint\",\"urlTemplate\":\"https:\/\/autopartscenter24.com\/?s={search_term_string}\"},\"query-input\":{\"@type\":\"PropertyValueSpecification\",\"valueRequired\":true,\"valueName\":\"search_term_string\"}}],\"inLanguage\":\"sv-SE\"}]}<\/script>\n<!-- \/ Yoast SEO plugin. -->","yoast_head_json":{"title":"1.6 \"CCSA\" Motor [VW Golf, Jetta Passat] - Autopartscenter24","description":"En av de motorer som vi ofta har tillg\u00e4ngliga. Skicka en f\u00f6rfr\u00e5gan och f\u00e5 en offert inom 24 timmar. Motorer, v\u00e4xell\u00e5dor och andra bildelar under garanti.","robots":{"index":"index","follow":"follow","max-snippet":"max-snippet:-1","max-image-preview":"max-image-preview:large","max-video-preview":"max-video-preview:-1"},"canonical":"https:\/\/autopartscenter24.com\/sv\/auton-varaosat\/1-6-ccsa-moottori-vw-golf-jetta-passat\/","og_locale":"sv_SE","og_type":"article","og_title":"1.6 \"CCSA\" Motor [VW Golf, Jetta Passat] - Autopartscenter24","og_description":"En av de motorer som vi ofta har tillg\u00e4ngliga. Skicka en f\u00f6rfr\u00e5gan och f\u00e5 en offert inom 24 timmar. Motorer, v\u00e4xell\u00e5dor och andra bildelar under garanti.","og_url":"https:\/\/autopartscenter24.com\/sv\/auton-varaosat\/1-6-ccsa-moottori-vw-golf-jetta-passat\/","og_site_name":"Autopartscenter24","og_image":[{"width":800,"height":600,"url":"https:\/\/autopartscenter24.com\/wp-content\/uploads\/2023\/03\/1-6-ccsa-moottori-octavia-ii-jetta-iii-leon-altea.webp","type":"image\/webp"}],"twitter_card":"summary_large_image","twitter_misc":{"Ber\u00e4knad l\u00e4stid":"1 minut"},"schema":{"@context":"https:\/\/schema.org","@graph":[{"@type":"WebPage","@id":"https:\/\/autopartscenter24.com\/auton-varaosat\/1-6-ccsa-moottori-vw-golf-jetta-passat\/","url":"https:\/\/autopartscenter24.com\/auton-varaosat\/1-6-ccsa-moottori-vw-golf-jetta-passat\/","name":"1.6 \"CCSA\" Motor [VW Golf, Jetta Passat] - Autopartscenter24","isPartOf":{"@id":"https:\/\/autopartscenter24.com\/#website"},"primaryImageOfPage":{"@id":"https:\/\/autopartscenter24.com\/auton-varaosat\/1-6-ccsa-moottori-vw-golf-jetta-passat\/#primaryimage"},"image":{"@id":"https:\/\/autopartscenter24.com\/auton-varaosat\/1-6-ccsa-moottori-vw-golf-jetta-passat\/#primaryimage"},"thumbnailUrl":"https:\/\/autopartscenter24.com\/wp-content\/uploads\/2023\/03\/1-6-ccsa-moottori-octavia-ii-jetta-iii-leon-altea.webp","datePublished":"2023-11-26T12:57:34+00:00","description":"En av de motorer som vi ofta har tillg\u00e4ngliga. Skicka en f\u00f6rfr\u00e5gan och f\u00e5 en offert inom 24 timmar. Motorer, v\u00e4xell\u00e5dor och andra bildelar under garanti.","breadcrumb":{"@id":"https:\/\/autopartscenter24.com\/auton-varaosat\/1-6-ccsa-moottori-vw-golf-jetta-passat\/#breadcrumb"},"inLanguage":"sv-SE","potentialAction":[{"@type":"ReadAction","target":["https:\/\/autopartscenter24.com\/auton-varaosat\/1-6-ccsa-moottori-vw-golf-jetta-passat\/"]}]},{"@type":"ImageObject","inLanguage":"sv-SE","@id":"https:\/\/autopartscenter24.com\/auton-varaosat\/1-6-ccsa-moottori-vw-golf-jetta-passat\/#primaryimage","url":"https:\/\/autopartscenter24.com\/wp-content\/uploads\/2023\/03\/1-6-ccsa-moottori-octavia-ii-jetta-iii-leon-altea.webp","contentUrl":"https:\/\/autopartscenter24.com\/wp-content\/uploads\/2023\/03\/1-6-ccsa-moottori-octavia-ii-jetta-iii-leon-altea.webp","width":800,"height":600},{"@type":"BreadcrumbList","@id":"https:\/\/autopartscenter24.com\/auton-varaosat\/1-6-ccsa-moottori-vw-golf-jetta-passat\/#breadcrumb","itemListElement":[{"@type":"ListItem","position":1,"name":"Hem","item":"https:\/\/aliceblue-termite-662564.hostingersite.com\/"},{"@type":"ListItem","position":2,"name":"Auton varaosat","item":"https:\/\/aliceblue-termite-662564.hostingersite.com\/auton-varaosat\/"},{"@type":"ListItem","position":3,"name":"1.6 &#8221;CCSA&#8221; Motor [VW Golf, Jetta Passat]"}]},{"@type":"WebSite","@id":"https:\/\/autopartscenter24.com\/#website","url":"https:\/\/autopartscenter24.com\/","name":"Autopartscenter24","description":"K\u00c4YTETYT JA KUNNOSTETUT  AUTON VARAOSAT","potentialAction":[{"@type":"SearchAction","target":{"@type":"EntryPoint","urlTemplate":"https:\/\/autopartscenter24.com\/?s={search_term_string}"},"query-input":{"@type":"PropertyValueSpecification","valueRequired":true,"valueName":"search_term_string"}}],"inLanguage":"sv-SE"}]}},"_links":{"self":[{"href":"https:\/\/autopartscenter24.com\/sv\/wp-json\/wp\/v2\/product\/5461","targetHints":{"allow":["GET"]}}],"collection":[{"href":"https:\/\/autopartscenter24.com\/sv\/wp-json\/wp\/v2\/product"}],"about":[{"href":"https:\/\/autopartscenter24.com\/sv\/wp-json\/wp\/v2\/types\/product"}],"wp:featuredmedia":[{"embeddable":true,"href":"https:\/\/autopartscenter24.com\/sv\/wp-json\/wp\/v2\/media\/4795"}],"wp:attachment":[{"href":"https:\/\/autopartscenter24.com\/sv\/wp-json\/wp\/v2\/media?parent=5461"}],"wp:term":[{"taxonomy":"product_brand","embeddable":true,"href":"https:\/\/autopartscenter24.com\/sv\/wp-json\/wp\/v2\/product_brand?post=5461"},{"taxonomy":"product_cat","embeddable":true,"href":"https:\/\/autopartscenter24.com\/sv\/wp-json\/wp\/v2\/product_cat?post=5461"},{"taxonomy":"product_tag","embeddable":true,"href":"https:\/\/autopartscenter24.com\/sv\/wp-json\/wp\/v2\/product_tag?post=5461"}],"curies":[{"name":"wp","href":"https:\/\/api.w.org\/{rel}","templated":true}]}}