{"id":5460,"date":"2023-03-09T22:04:39","date_gmt":"2023-11-26T12:54:12","guid":{"rendered":"https:\/\/autopartscenter24.com\/product\/1-0-tsi-dkr-motor-esim-polo-golf-t-cross-a1-octavia\/"},"modified":"2023-11-26T13:54:12","modified_gmt":"2023-11-26T12:54:12","slug":"1-0-tsi-dkr-motor-polo-golf-t-cross","status":"publish","type":"product","link":"https:\/\/autopartscenter24.com\/sv\/auton-varaosat\/1-0-tsi-dkr-motor-polo-golf-t-cross\/","title":{"rendered":"1.0 TSI &#8221;DKR&#8221; Motor [esim. Polo, Golf, T-Cross, A1, Octavia]"},"content":{"rendered":"<p><strong>Volkswagens 1.0 TSI-motor, kodnamnet DKR, \u00e4r en av de bensinmotorer som tillverkas av Volkswagen AG.<\/strong> Motorn \u00e4r k\u00e4nd f\u00f6r sin ekonomi och prestanda. DKR-motorn har tre cylindrar och en kamaxel. Den ger en effekt p\u00e5 95 hk och ett vridmoment p\u00e5 175 Nm.<\/p>\n<p>Motorn anv\u00e4nder Volkswagens TSI-teknik, som erbjuder en effektiv kombination av direkt br\u00e4nsleinsprutning och \u00f6verladdning. Den st\u00f6rsta f\u00f6rdelen med motorn \u00e4r dess prestanda och ekonomi, vilket m\u00f6jligg\u00f6r snabb acceleration och l\u00e4gre emissionsv\u00e4rden p\u00e5 samma g\u00e5ng.<\/p>\n<p>Flera tekniska l\u00f6sningar har anv\u00e4nts i DKR-motorn, som f\u00f6rb\u00e4ttrar dess prestanda och h\u00e5llbarhet. Motorcylindrarna \u00e4r gjorda av aluminiumlegering, vilket minskar vikten p\u00e5 motorn och f\u00f6rb\u00e4ttrar dess kylning. Motorn anv\u00e4nder \u00e4ven Volkswagens BlueMotion-system, vilket minskar br\u00e4nslef\u00f6rbrukningen och utsl\u00e4ppen.<\/p>\n<p>Jag hoppas att den h\u00e4r texten hj\u00e4lpte dig att l\u00e4ra dig mer om DKR-motorn och dess tekniska funktioner.<\/p>\n","protected":false},"excerpt":{"rendered":"<p>DKR-motorn har anv\u00e4nts i m\u00e5nga Volkswagen-bilar, som Volkswagen Polo, Golf och T-Cross. Motorn har varit tillg\u00e4nglig sedan 2018.<\/p>\n<p>Bilm\u00e4rken och modeller d\u00e4r DKR-motorn anv\u00e4nds:<\/p>\n<ul>\n<li><b>SKODA<\/b>\n<ul>\n<li>OCTAVIA III (2012 &#8211; )<\/li>\n<li>KAROQ (2017 &#8211; )<\/li>\n<li>RAPID (2012-2019)<\/li>\n<li>SCALA (2019 &#8211; )<\/li>\n<li>KAMIQ (2019 &#8211; )<\/li>\n<\/ul>\n<p><b>AUDI<\/b><\/p>\n<ul>\n<li>A3 (2012 &#8211; )<\/li>\n<li>A1 (2019 &#8211; )<\/li>\n<li>Q2 (2016 &#8211; )<\/li>\n<\/ul>\n<p><b>VW<\/b><\/p>\n<ul>\n<li>T-ROC (2017 &#8211; )<\/li>\n<li>POLO VI (2017 &#8211; )<\/li>\n<li>GOLF VII (2012 &#8211; )<\/li>\n<\/ul>\n<p><b>SEAT<\/b><\/p>\n<ul>\n<li>LEON (2012 &#8211; )<\/li>\n<li>ATECA (2016 &#8211; )<\/li>\n<li>ARONA (2017 &#8211; )<\/li>\n<li>IBIZA V (2017 &#8211; )<\/li>\n<\/ul>\n<\/li>\n<\/ul>\n","protected":false},"featured_media":4800,"template":"","meta":[],"product_brand":[],"product_cat":[468,471,470,469],"product_tag":[477,473,656,474,666,667,657],"class_list":{"0":"post-5460","1":"product","2":"type-product","3":"status-publish","4":"has-post-thumbnail","6":"product_cat-audi-sv","7":"product_cat-seat-sv","8":"product_cat-skoda-sv","9":"product_cat-vw-sv","10":"product_tag-a1-sv","11":"product_tag-golf-sv","12":"product_tag-leon-sv","13":"product_tag-octavia-sv","14":"product_tag-polo-sv","15":"product_tag-rapid-sv","16":"product_tag-t-roc-sv","17":"pa_varaosan-osasto-motor","20":"first","21":"instock","22":"shipping-taxable","23":"product-type-simple"},"yoast_head":"<!-- This site is optimized with the Yoast SEO plugin v26.8 - https:\/\/yoast.com\/product\/yoast-seo-wordpress\/ -->\n<title>1.0 TSI &quot;DKR&quot; Motor [esim. Polo, Golf, T-Cross, A1, Octavia]<\/title>\n<meta name=\"description\" content=\"En av de motorer som vi ofta har tillg\u00e4ngliga. Skicka en f\u00f6rfr\u00e5gan och f\u00e5 en offert inom 24 timmar. Motorer, v\u00e4xell\u00e5dor och andra bildelar under garanti.\" \/>\n<meta name=\"robots\" content=\"index, follow, max-snippet:-1, max-image-preview:large, max-video-preview:-1\" \/>\n<link rel=\"canonical\" href=\"https:\/\/autopartscenter24.com\/sv\/auton-varaosat\/1-0-tsi-dkr-moottori-polo-golf-t-cross\/\" \/>\n<meta property=\"og:locale\" content=\"sv_SE\" \/>\n<meta property=\"og:type\" content=\"article\" \/>\n<meta property=\"og:title\" content=\"1.0 TSI &quot;DKR&quot; Motor [esim. Polo, Golf, T-Cross, A1, Octavia]\" \/>\n<meta property=\"og:description\" content=\"En av de motorer som vi ofta har tillg\u00e4ngliga. Skicka en f\u00f6rfr\u00e5gan och f\u00e5 en offert inom 24 timmar. Motorer, v\u00e4xell\u00e5dor och andra bildelar under garanti.\" \/>\n<meta property=\"og:url\" content=\"https:\/\/autopartscenter24.com\/sv\/auton-varaosat\/1-0-tsi-dkr-moottori-polo-golf-t-cross\/\" \/>\n<meta property=\"og:site_name\" content=\"Autopartscenter24\" \/>\n<meta property=\"og:image\" content=\"https:\/\/autopartscenter24.com\/wp-content\/uploads\/2023\/03\/1-0-tsi-dkr-moottori-vw-golf-vii-octavia-iii.webp\" \/>\n\t<meta property=\"og:image:width\" content=\"800\" \/>\n\t<meta property=\"og:image:height\" content=\"600\" \/>\n\t<meta property=\"og:image:type\" content=\"image\/webp\" \/>\n<meta name=\"twitter:card\" content=\"summary_large_image\" \/>\n<meta name=\"twitter:label1\" content=\"Ber\u00e4knad l\u00e4stid\" \/>\n\t<meta name=\"twitter:data1\" content=\"1 minut\" \/>\n<script type=\"application\/ld+json\" class=\"yoast-schema-graph\">{\"@context\":\"https:\/\/schema.org\",\"@graph\":[{\"@type\":\"WebPage\",\"@id\":\"https:\/\/autopartscenter24.com\/auton-varaosat\/1-0-tsi-dkr-moottori-polo-golf-t-cross\/\",\"url\":\"https:\/\/autopartscenter24.com\/auton-varaosat\/1-0-tsi-dkr-moottori-polo-golf-t-cross\/\",\"name\":\"1.0 TSI \\\"DKR\\\" Motor [esim. Polo, Golf, T-Cross, A1, Octavia]\",\"isPartOf\":{\"@id\":\"https:\/\/autopartscenter24.com\/#website\"},\"primaryImageOfPage\":{\"@id\":\"https:\/\/autopartscenter24.com\/auton-varaosat\/1-0-tsi-dkr-moottori-polo-golf-t-cross\/#primaryimage\"},\"image\":{\"@id\":\"https:\/\/autopartscenter24.com\/auton-varaosat\/1-0-tsi-dkr-moottori-polo-golf-t-cross\/#primaryimage\"},\"thumbnailUrl\":\"https:\/\/autopartscenter24.com\/wp-content\/uploads\/2023\/03\/1-0-tsi-dkr-moottori-vw-golf-vii-octavia-iii.webp\",\"datePublished\":\"2023-11-26T12:54:12+00:00\",\"description\":\"En av de motorer som vi ofta har tillg\u00e4ngliga. Skicka en f\u00f6rfr\u00e5gan och f\u00e5 en offert inom 24 timmar. Motorer, v\u00e4xell\u00e5dor och andra bildelar under garanti.\",\"breadcrumb\":{\"@id\":\"https:\/\/autopartscenter24.com\/auton-varaosat\/1-0-tsi-dkr-moottori-polo-golf-t-cross\/#breadcrumb\"},\"inLanguage\":\"sv-SE\",\"potentialAction\":[{\"@type\":\"ReadAction\",\"target\":[\"https:\/\/autopartscenter24.com\/auton-varaosat\/1-0-tsi-dkr-moottori-polo-golf-t-cross\/\"]}]},{\"@type\":\"ImageObject\",\"inLanguage\":\"sv-SE\",\"@id\":\"https:\/\/autopartscenter24.com\/auton-varaosat\/1-0-tsi-dkr-moottori-polo-golf-t-cross\/#primaryimage\",\"url\":\"https:\/\/autopartscenter24.com\/wp-content\/uploads\/2023\/03\/1-0-tsi-dkr-moottori-vw-golf-vii-octavia-iii.webp\",\"contentUrl\":\"https:\/\/autopartscenter24.com\/wp-content\/uploads\/2023\/03\/1-0-tsi-dkr-moottori-vw-golf-vii-octavia-iii.webp\",\"width\":800,\"height\":600},{\"@type\":\"BreadcrumbList\",\"@id\":\"https:\/\/autopartscenter24.com\/auton-varaosat\/1-0-tsi-dkr-moottori-polo-golf-t-cross\/#breadcrumb\",\"itemListElement\":[{\"@type\":\"ListItem\",\"position\":1,\"name\":\"Hem\",\"item\":\"https:\/\/aliceblue-termite-662564.hostingersite.com\/\"},{\"@type\":\"ListItem\",\"position\":2,\"name\":\"Auton varaosat\",\"item\":\"https:\/\/aliceblue-termite-662564.hostingersite.com\/auton-varaosat\/\"},{\"@type\":\"ListItem\",\"position\":3,\"name\":\"1.0 TSI &#8221;DKR&#8221; Motor [esim. Polo, Golf, T-Cross, A1, Octavia]\"}]},{\"@type\":\"WebSite\",\"@id\":\"https:\/\/autopartscenter24.com\/#website\",\"url\":\"https:\/\/autopartscenter24.com\/\",\"name\":\"Autopartscenter24\",\"description\":\"K\u00c4YTETYT JA KUNNOSTETUT  AUTON VARAOSAT\",\"potentialAction\":[{\"@type\":\"SearchAction\",\"target\":{\"@type\":\"EntryPoint\",\"urlTemplate\":\"https:\/\/autopartscenter24.com\/?s={search_term_string}\"},\"query-input\":{\"@type\":\"PropertyValueSpecification\",\"valueRequired\":true,\"valueName\":\"search_term_string\"}}],\"inLanguage\":\"sv-SE\"}]}<\/script>\n<!-- \/ Yoast SEO plugin. -->","yoast_head_json":{"title":"1.0 TSI \"DKR\" Motor [esim. Polo, Golf, T-Cross, A1, Octavia]","description":"En av de motorer som vi ofta har tillg\u00e4ngliga. Skicka en f\u00f6rfr\u00e5gan och f\u00e5 en offert inom 24 timmar. Motorer, v\u00e4xell\u00e5dor och andra bildelar under garanti.","robots":{"index":"index","follow":"follow","max-snippet":"max-snippet:-1","max-image-preview":"max-image-preview:large","max-video-preview":"max-video-preview:-1"},"canonical":"https:\/\/autopartscenter24.com\/sv\/auton-varaosat\/1-0-tsi-dkr-moottori-polo-golf-t-cross\/","og_locale":"sv_SE","og_type":"article","og_title":"1.0 TSI \"DKR\" Motor [esim. Polo, Golf, T-Cross, A1, Octavia]","og_description":"En av de motorer som vi ofta har tillg\u00e4ngliga. Skicka en f\u00f6rfr\u00e5gan och f\u00e5 en offert inom 24 timmar. Motorer, v\u00e4xell\u00e5dor och andra bildelar under garanti.","og_url":"https:\/\/autopartscenter24.com\/sv\/auton-varaosat\/1-0-tsi-dkr-moottori-polo-golf-t-cross\/","og_site_name":"Autopartscenter24","og_image":[{"width":800,"height":600,"url":"https:\/\/autopartscenter24.com\/wp-content\/uploads\/2023\/03\/1-0-tsi-dkr-moottori-vw-golf-vii-octavia-iii.webp","type":"image\/webp"}],"twitter_card":"summary_large_image","twitter_misc":{"Ber\u00e4knad l\u00e4stid":"1 minut"},"schema":{"@context":"https:\/\/schema.org","@graph":[{"@type":"WebPage","@id":"https:\/\/autopartscenter24.com\/auton-varaosat\/1-0-tsi-dkr-moottori-polo-golf-t-cross\/","url":"https:\/\/autopartscenter24.com\/auton-varaosat\/1-0-tsi-dkr-moottori-polo-golf-t-cross\/","name":"1.0 TSI \"DKR\" Motor [esim. Polo, Golf, T-Cross, A1, Octavia]","isPartOf":{"@id":"https:\/\/autopartscenter24.com\/#website"},"primaryImageOfPage":{"@id":"https:\/\/autopartscenter24.com\/auton-varaosat\/1-0-tsi-dkr-moottori-polo-golf-t-cross\/#primaryimage"},"image":{"@id":"https:\/\/autopartscenter24.com\/auton-varaosat\/1-0-tsi-dkr-moottori-polo-golf-t-cross\/#primaryimage"},"thumbnailUrl":"https:\/\/autopartscenter24.com\/wp-content\/uploads\/2023\/03\/1-0-tsi-dkr-moottori-vw-golf-vii-octavia-iii.webp","datePublished":"2023-11-26T12:54:12+00:00","description":"En av de motorer som vi ofta har tillg\u00e4ngliga. Skicka en f\u00f6rfr\u00e5gan och f\u00e5 en offert inom 24 timmar. Motorer, v\u00e4xell\u00e5dor och andra bildelar under garanti.","breadcrumb":{"@id":"https:\/\/autopartscenter24.com\/auton-varaosat\/1-0-tsi-dkr-moottori-polo-golf-t-cross\/#breadcrumb"},"inLanguage":"sv-SE","potentialAction":[{"@type":"ReadAction","target":["https:\/\/autopartscenter24.com\/auton-varaosat\/1-0-tsi-dkr-moottori-polo-golf-t-cross\/"]}]},{"@type":"ImageObject","inLanguage":"sv-SE","@id":"https:\/\/autopartscenter24.com\/auton-varaosat\/1-0-tsi-dkr-moottori-polo-golf-t-cross\/#primaryimage","url":"https:\/\/autopartscenter24.com\/wp-content\/uploads\/2023\/03\/1-0-tsi-dkr-moottori-vw-golf-vii-octavia-iii.webp","contentUrl":"https:\/\/autopartscenter24.com\/wp-content\/uploads\/2023\/03\/1-0-tsi-dkr-moottori-vw-golf-vii-octavia-iii.webp","width":800,"height":600},{"@type":"BreadcrumbList","@id":"https:\/\/autopartscenter24.com\/auton-varaosat\/1-0-tsi-dkr-moottori-polo-golf-t-cross\/#breadcrumb","itemListElement":[{"@type":"ListItem","position":1,"name":"Hem","item":"https:\/\/aliceblue-termite-662564.hostingersite.com\/"},{"@type":"ListItem","position":2,"name":"Auton varaosat","item":"https:\/\/aliceblue-termite-662564.hostingersite.com\/auton-varaosat\/"},{"@type":"ListItem","position":3,"name":"1.0 TSI &#8221;DKR&#8221; Motor [esim. Polo, Golf, T-Cross, A1, Octavia]"}]},{"@type":"WebSite","@id":"https:\/\/autopartscenter24.com\/#website","url":"https:\/\/autopartscenter24.com\/","name":"Autopartscenter24","description":"K\u00c4YTETYT JA KUNNOSTETUT  AUTON VARAOSAT","potentialAction":[{"@type":"SearchAction","target":{"@type":"EntryPoint","urlTemplate":"https:\/\/autopartscenter24.com\/?s={search_term_string}"},"query-input":{"@type":"PropertyValueSpecification","valueRequired":true,"valueName":"search_term_string"}}],"inLanguage":"sv-SE"}]}},"_links":{"self":[{"href":"https:\/\/autopartscenter24.com\/sv\/wp-json\/wp\/v2\/product\/5460","targetHints":{"allow":["GET"]}}],"collection":[{"href":"https:\/\/autopartscenter24.com\/sv\/wp-json\/wp\/v2\/product"}],"about":[{"href":"https:\/\/autopartscenter24.com\/sv\/wp-json\/wp\/v2\/types\/product"}],"wp:featuredmedia":[{"embeddable":true,"href":"https:\/\/autopartscenter24.com\/sv\/wp-json\/wp\/v2\/media\/4800"}],"wp:attachment":[{"href":"https:\/\/autopartscenter24.com\/sv\/wp-json\/wp\/v2\/media?parent=5460"}],"wp:term":[{"taxonomy":"product_brand","embeddable":true,"href":"https:\/\/autopartscenter24.com\/sv\/wp-json\/wp\/v2\/product_brand?post=5460"},{"taxonomy":"product_cat","embeddable":true,"href":"https:\/\/autopartscenter24.com\/sv\/wp-json\/wp\/v2\/product_cat?post=5460"},{"taxonomy":"product_tag","embeddable":true,"href":"https:\/\/autopartscenter24.com\/sv\/wp-json\/wp\/v2\/product_tag?post=5460"}],"curies":[{"name":"wp","href":"https:\/\/api.w.org\/{rel}","templated":true}]}}