{"id":5457,"date":"2023-03-09T22:29:07","date_gmt":"2023-11-26T12:47:09","guid":{"rendered":"https:\/\/autopartscenter24.com\/product\/1-4-tsi-gte-cuk-motor-golf-passat-t-roc-a3-octavia\/"},"modified":"2023-11-26T13:47:09","modified_gmt":"2023-11-26T12:47:09","slug":"1-4-tsi-gte-hybrid-cuk-motor-vw-passat-b8","status":"publish","type":"product","link":"https:\/\/autopartscenter24.com\/sv\/auton-varaosat\/1-4-tsi-gte-hybrid-cuk-motor-vw-passat-b8\/","title":{"rendered":"1.4 TSI GTE &#8221;CUK&#8221; Motor [Golf, Passat, T-Roc, A3, Octavia]"},"content":{"rendered":"<p><strong>1.4 TSI GTE-motorn, \u00e4ven k\u00e4nd under kodnamnet CUK, \u00e4r en popul\u00e4r bensinmotor fr\u00e5n Volkswagen Group.<\/strong> Motorn har fyra cylindrar och tv\u00e5 kamaxlar. Den ger en effekt p\u00e5 150 hk och ett vridmoment p\u00e5 250 Nm. Motorn anv\u00e4nder ett flerpunktssystem, vilket m\u00f6jligg\u00f6r en kombination av effektiv direkt br\u00e4nsleinsprutning och ett turboladdarsystem. Denna kombination ger snabb acceleration och samtidigt l\u00e4gre emissionsv\u00e4rden.<\/p>\n<p>CUK-motorn anv\u00e4nder \u00e4ven Volvos DPF-system, vilket minskar utsl\u00e4ppen. Motorns kamaxlar \u00e4r mycket t\u00e5liga och anv\u00e4nder Volvos VVT-system som ger b\u00e4ttre gasrespons och minskar br\u00e4nslef\u00f6rbrukningen. Motorns kylsystem anv\u00e4nder sig av flytande kristallteknologi, vilket g\u00f6r att motorn v\u00e4rms upp snabbt och minskar slitaget p\u00e5 motorn.<\/p>\n<p>CUK-motorn har \u00e4ven hybridteknik, som kombinerar en elmotor med en bensinmotor. Detta g\u00f6r det m\u00f6jligt att minska br\u00e4nslef\u00f6rbrukningen och ger samtidigt mer kraft och snabbare acceleration. Motorn anv\u00e4nder \u00e4ven Volvos Start-Stop-system, vilket sparar br\u00e4nsle vid stopp och omstart av motorn.<\/p>\n<p>Sammanfattningsvis \u00e4r 1,4 TSI GTE-motorn CUK en h\u00e5llbar och p\u00e5litlig bensinmotor med m\u00e5nga tekniska l\u00f6sningar f\u00f6r att minska br\u00e4nslef\u00f6rbrukningen och utsl\u00e4ppen. Det \u00e4r ocks\u00e5 en hybridteknik som erbjuder mer kraft och snabbare acceleration. CUK-motorn har anv\u00e4nts i flera olika Volkswagen Groups bilmodeller och har visat sig vara en mycket funktionell och popul\u00e4r motor.<\/p>\n","protected":false},"excerpt":{"rendered":"<p>Bilm\u00e4rken och modeller med en CUK-motor som anv\u00e4nds:<\/p>\n<ul>\n<li>Volkswagen Golf (2015-2020)<\/li>\n<li>Volkswagen Passat (2016-2018)<\/li>\n<li>Volkswagen Arteon (2017-2020)<\/li>\n<li>Volkswagen T-Roc (2018-2020)<\/li>\n<li>Volkswagen Tiguan (2018-2020)<\/li>\n<li>Seat Leon (2015-2020)<\/li>\n<li>Skoda Octavia (2016-2020)<\/li>\n<li>Audi A3 (2017-2020)<\/li>\n<li>Audi Q2 (2017-2020)<\/li>\n<\/ul>\n","protected":false},"featured_media":4815,"template":"","meta":[],"product_brand":[],"product_cat":[468,471,470,469],"product_tag":[472,473,656,474,475,658,657],"class_list":{"0":"post-5457","1":"product","2":"type-product","3":"status-publish","4":"has-post-thumbnail","6":"product_cat-audi-sv","7":"product_cat-seat-sv","8":"product_cat-skoda-sv","9":"product_cat-vw-sv","10":"product_tag-a3-sv","11":"product_tag-golf-sv","12":"product_tag-leon-sv","13":"product_tag-octavia-sv","14":"product_tag-passat-sv","15":"product_tag-q2-sv","16":"product_tag-t-roc-sv","17":"pa_varaosan-osasto-motor","20":"first","21":"instock","22":"shipping-taxable","23":"product-type-simple"},"yoast_head":"<!-- This site is optimized with the Yoast SEO plugin v26.8 - https:\/\/yoast.com\/product\/yoast-seo-wordpress\/ -->\n<title>1.4 TSI GTE &quot;CUK&quot; Motor [Golf, Passat, T-Roc, A3, Octavia]<\/title>\n<meta name=\"description\" content=\"En av de motorer som vi ofta har tillg\u00e4ngliga. Skicka en f\u00f6rfr\u00e5gan och f\u00e5 en offert inom 24 timmar. Motorer, v\u00e4xell\u00e5dor och andra bildelar under garanti.\" \/>\n<meta name=\"robots\" content=\"index, follow, max-snippet:-1, max-image-preview:large, max-video-preview:-1\" \/>\n<link rel=\"canonical\" href=\"https:\/\/autopartscenter24.com\/sv\/auton-varaosat\/1-4-tsi-gte-hybrid-cuk-moottori-vw-passat-b8\/\" \/>\n<meta property=\"og:locale\" content=\"sv_SE\" \/>\n<meta property=\"og:type\" content=\"article\" \/>\n<meta property=\"og:title\" content=\"1.4 TSI GTE &quot;CUK&quot; Motor [Golf, Passat, T-Roc, A3, Octavia]\" \/>\n<meta property=\"og:description\" content=\"En av de motorer som vi ofta har tillg\u00e4ngliga. Skicka en f\u00f6rfr\u00e5gan och f\u00e5 en offert inom 24 timmar. Motorer, v\u00e4xell\u00e5dor och andra bildelar under garanti.\" \/>\n<meta property=\"og:url\" content=\"https:\/\/autopartscenter24.com\/sv\/auton-varaosat\/1-4-tsi-gte-hybrid-cuk-moottori-vw-passat-b8\/\" \/>\n<meta property=\"og:site_name\" content=\"Autopartscenter24\" \/>\n<meta property=\"og:image\" content=\"https:\/\/autopartscenter24.com\/wp-content\/uploads\/2023\/03\/1-4-tsi-gte-hybrid-cuk-moottori-vw-passat-b8.webp\" \/>\n\t<meta property=\"og:image:width\" content=\"800\" \/>\n\t<meta property=\"og:image:height\" content=\"600\" \/>\n\t<meta property=\"og:image:type\" content=\"image\/webp\" \/>\n<meta name=\"twitter:card\" content=\"summary_large_image\" \/>\n<meta name=\"twitter:label1\" content=\"Ber\u00e4knad l\u00e4stid\" \/>\n\t<meta name=\"twitter:data1\" content=\"1 minut\" \/>\n<script type=\"application\/ld+json\" class=\"yoast-schema-graph\">{\"@context\":\"https:\/\/schema.org\",\"@graph\":[{\"@type\":\"WebPage\",\"@id\":\"https:\/\/autopartscenter24.com\/auton-varaosat\/1-4-tsi-gte-hybrid-cuk-moottori-vw-passat-b8\/\",\"url\":\"https:\/\/autopartscenter24.com\/auton-varaosat\/1-4-tsi-gte-hybrid-cuk-moottori-vw-passat-b8\/\",\"name\":\"1.4 TSI GTE \\\"CUK\\\" Motor [Golf, Passat, T-Roc, A3, Octavia]\",\"isPartOf\":{\"@id\":\"https:\/\/autopartscenter24.com\/#website\"},\"primaryImageOfPage\":{\"@id\":\"https:\/\/autopartscenter24.com\/auton-varaosat\/1-4-tsi-gte-hybrid-cuk-moottori-vw-passat-b8\/#primaryimage\"},\"image\":{\"@id\":\"https:\/\/autopartscenter24.com\/auton-varaosat\/1-4-tsi-gte-hybrid-cuk-moottori-vw-passat-b8\/#primaryimage\"},\"thumbnailUrl\":\"https:\/\/autopartscenter24.com\/wp-content\/uploads\/2023\/03\/1-4-tsi-gte-hybrid-cuk-moottori-vw-passat-b8.webp\",\"datePublished\":\"2023-11-26T12:47:09+00:00\",\"description\":\"En av de motorer som vi ofta har tillg\u00e4ngliga. Skicka en f\u00f6rfr\u00e5gan och f\u00e5 en offert inom 24 timmar. Motorer, v\u00e4xell\u00e5dor och andra bildelar under garanti.\",\"breadcrumb\":{\"@id\":\"https:\/\/autopartscenter24.com\/auton-varaosat\/1-4-tsi-gte-hybrid-cuk-moottori-vw-passat-b8\/#breadcrumb\"},\"inLanguage\":\"sv-SE\",\"potentialAction\":[{\"@type\":\"ReadAction\",\"target\":[\"https:\/\/autopartscenter24.com\/auton-varaosat\/1-4-tsi-gte-hybrid-cuk-moottori-vw-passat-b8\/\"]}]},{\"@type\":\"ImageObject\",\"inLanguage\":\"sv-SE\",\"@id\":\"https:\/\/autopartscenter24.com\/auton-varaosat\/1-4-tsi-gte-hybrid-cuk-moottori-vw-passat-b8\/#primaryimage\",\"url\":\"https:\/\/autopartscenter24.com\/wp-content\/uploads\/2023\/03\/1-4-tsi-gte-hybrid-cuk-moottori-vw-passat-b8.webp\",\"contentUrl\":\"https:\/\/autopartscenter24.com\/wp-content\/uploads\/2023\/03\/1-4-tsi-gte-hybrid-cuk-moottori-vw-passat-b8.webp\",\"width\":800,\"height\":600},{\"@type\":\"BreadcrumbList\",\"@id\":\"https:\/\/autopartscenter24.com\/auton-varaosat\/1-4-tsi-gte-hybrid-cuk-moottori-vw-passat-b8\/#breadcrumb\",\"itemListElement\":[{\"@type\":\"ListItem\",\"position\":1,\"name\":\"Hem\",\"item\":\"https:\/\/aliceblue-termite-662564.hostingersite.com\/\"},{\"@type\":\"ListItem\",\"position\":2,\"name\":\"Auton varaosat\",\"item\":\"https:\/\/aliceblue-termite-662564.hostingersite.com\/auton-varaosat\/\"},{\"@type\":\"ListItem\",\"position\":3,\"name\":\"1.4 TSI GTE &#8221;CUK&#8221; Motor [Golf, Passat, T-Roc, A3, Octavia]\"}]},{\"@type\":\"WebSite\",\"@id\":\"https:\/\/autopartscenter24.com\/#website\",\"url\":\"https:\/\/autopartscenter24.com\/\",\"name\":\"Autopartscenter24\",\"description\":\"K\u00c4YTETYT JA KUNNOSTETUT  AUTON VARAOSAT\",\"potentialAction\":[{\"@type\":\"SearchAction\",\"target\":{\"@type\":\"EntryPoint\",\"urlTemplate\":\"https:\/\/autopartscenter24.com\/?s={search_term_string}\"},\"query-input\":{\"@type\":\"PropertyValueSpecification\",\"valueRequired\":true,\"valueName\":\"search_term_string\"}}],\"inLanguage\":\"sv-SE\"}]}<\/script>\n<!-- \/ Yoast SEO plugin. -->","yoast_head_json":{"title":"1.4 TSI GTE \"CUK\" Motor [Golf, Passat, T-Roc, A3, Octavia]","description":"En av de motorer som vi ofta har tillg\u00e4ngliga. Skicka en f\u00f6rfr\u00e5gan och f\u00e5 en offert inom 24 timmar. Motorer, v\u00e4xell\u00e5dor och andra bildelar under garanti.","robots":{"index":"index","follow":"follow","max-snippet":"max-snippet:-1","max-image-preview":"max-image-preview:large","max-video-preview":"max-video-preview:-1"},"canonical":"https:\/\/autopartscenter24.com\/sv\/auton-varaosat\/1-4-tsi-gte-hybrid-cuk-moottori-vw-passat-b8\/","og_locale":"sv_SE","og_type":"article","og_title":"1.4 TSI GTE \"CUK\" Motor [Golf, Passat, T-Roc, A3, Octavia]","og_description":"En av de motorer som vi ofta har tillg\u00e4ngliga. Skicka en f\u00f6rfr\u00e5gan och f\u00e5 en offert inom 24 timmar. Motorer, v\u00e4xell\u00e5dor och andra bildelar under garanti.","og_url":"https:\/\/autopartscenter24.com\/sv\/auton-varaosat\/1-4-tsi-gte-hybrid-cuk-moottori-vw-passat-b8\/","og_site_name":"Autopartscenter24","og_image":[{"width":800,"height":600,"url":"https:\/\/autopartscenter24.com\/wp-content\/uploads\/2023\/03\/1-4-tsi-gte-hybrid-cuk-moottori-vw-passat-b8.webp","type":"image\/webp"}],"twitter_card":"summary_large_image","twitter_misc":{"Ber\u00e4knad l\u00e4stid":"1 minut"},"schema":{"@context":"https:\/\/schema.org","@graph":[{"@type":"WebPage","@id":"https:\/\/autopartscenter24.com\/auton-varaosat\/1-4-tsi-gte-hybrid-cuk-moottori-vw-passat-b8\/","url":"https:\/\/autopartscenter24.com\/auton-varaosat\/1-4-tsi-gte-hybrid-cuk-moottori-vw-passat-b8\/","name":"1.4 TSI GTE \"CUK\" Motor [Golf, Passat, T-Roc, A3, Octavia]","isPartOf":{"@id":"https:\/\/autopartscenter24.com\/#website"},"primaryImageOfPage":{"@id":"https:\/\/autopartscenter24.com\/auton-varaosat\/1-4-tsi-gte-hybrid-cuk-moottori-vw-passat-b8\/#primaryimage"},"image":{"@id":"https:\/\/autopartscenter24.com\/auton-varaosat\/1-4-tsi-gte-hybrid-cuk-moottori-vw-passat-b8\/#primaryimage"},"thumbnailUrl":"https:\/\/autopartscenter24.com\/wp-content\/uploads\/2023\/03\/1-4-tsi-gte-hybrid-cuk-moottori-vw-passat-b8.webp","datePublished":"2023-11-26T12:47:09+00:00","description":"En av de motorer som vi ofta har tillg\u00e4ngliga. Skicka en f\u00f6rfr\u00e5gan och f\u00e5 en offert inom 24 timmar. Motorer, v\u00e4xell\u00e5dor och andra bildelar under garanti.","breadcrumb":{"@id":"https:\/\/autopartscenter24.com\/auton-varaosat\/1-4-tsi-gte-hybrid-cuk-moottori-vw-passat-b8\/#breadcrumb"},"inLanguage":"sv-SE","potentialAction":[{"@type":"ReadAction","target":["https:\/\/autopartscenter24.com\/auton-varaosat\/1-4-tsi-gte-hybrid-cuk-moottori-vw-passat-b8\/"]}]},{"@type":"ImageObject","inLanguage":"sv-SE","@id":"https:\/\/autopartscenter24.com\/auton-varaosat\/1-4-tsi-gte-hybrid-cuk-moottori-vw-passat-b8\/#primaryimage","url":"https:\/\/autopartscenter24.com\/wp-content\/uploads\/2023\/03\/1-4-tsi-gte-hybrid-cuk-moottori-vw-passat-b8.webp","contentUrl":"https:\/\/autopartscenter24.com\/wp-content\/uploads\/2023\/03\/1-4-tsi-gte-hybrid-cuk-moottori-vw-passat-b8.webp","width":800,"height":600},{"@type":"BreadcrumbList","@id":"https:\/\/autopartscenter24.com\/auton-varaosat\/1-4-tsi-gte-hybrid-cuk-moottori-vw-passat-b8\/#breadcrumb","itemListElement":[{"@type":"ListItem","position":1,"name":"Hem","item":"https:\/\/aliceblue-termite-662564.hostingersite.com\/"},{"@type":"ListItem","position":2,"name":"Auton varaosat","item":"https:\/\/aliceblue-termite-662564.hostingersite.com\/auton-varaosat\/"},{"@type":"ListItem","position":3,"name":"1.4 TSI GTE &#8221;CUK&#8221; Motor [Golf, Passat, T-Roc, A3, Octavia]"}]},{"@type":"WebSite","@id":"https:\/\/autopartscenter24.com\/#website","url":"https:\/\/autopartscenter24.com\/","name":"Autopartscenter24","description":"K\u00c4YTETYT JA KUNNOSTETUT  AUTON VARAOSAT","potentialAction":[{"@type":"SearchAction","target":{"@type":"EntryPoint","urlTemplate":"https:\/\/autopartscenter24.com\/?s={search_term_string}"},"query-input":{"@type":"PropertyValueSpecification","valueRequired":true,"valueName":"search_term_string"}}],"inLanguage":"sv-SE"}]}},"_links":{"self":[{"href":"https:\/\/autopartscenter24.com\/sv\/wp-json\/wp\/v2\/product\/5457","targetHints":{"allow":["GET"]}}],"collection":[{"href":"https:\/\/autopartscenter24.com\/sv\/wp-json\/wp\/v2\/product"}],"about":[{"href":"https:\/\/autopartscenter24.com\/sv\/wp-json\/wp\/v2\/types\/product"}],"wp:featuredmedia":[{"embeddable":true,"href":"https:\/\/autopartscenter24.com\/sv\/wp-json\/wp\/v2\/media\/4815"}],"wp:attachment":[{"href":"https:\/\/autopartscenter24.com\/sv\/wp-json\/wp\/v2\/media?parent=5457"}],"wp:term":[{"taxonomy":"product_brand","embeddable":true,"href":"https:\/\/autopartscenter24.com\/sv\/wp-json\/wp\/v2\/product_brand?post=5457"},{"taxonomy":"product_cat","embeddable":true,"href":"https:\/\/autopartscenter24.com\/sv\/wp-json\/wp\/v2\/product_cat?post=5457"},{"taxonomy":"product_tag","embeddable":true,"href":"https:\/\/autopartscenter24.com\/sv\/wp-json\/wp\/v2\/product_tag?post=5457"}],"curies":[{"name":"wp","href":"https:\/\/api.w.org\/{rel}","templated":true}]}}