{"id":5456,"date":"2023-03-09T22:33:11","date_gmt":"2023-11-26T12:44:59","guid":{"rendered":"https:\/\/autopartscenter24.com\/product\/2-2-tdci-cyfb-motor-ford-transit-euro-5\/"},"modified":"2023-11-26T13:44:59","modified_gmt":"2023-11-26T12:44:59","slug":"2-2-tdci-cyfb-euro-5-fwd-motor-transit","status":"publish","type":"product","link":"https:\/\/autopartscenter24.com\/sv\/auton-varaosat\/2-2-tdci-cyfb-euro-5-fwd-motor-transit\/","title":{"rendered":"2.2 TDCI &#8221;CYFB&#8221; Motor [Ford Transit Euro 5]"},"content":{"rendered":"<p><strong>Ford 2.2 TDCi-motorn, \u00e4ven k\u00e4nd under kodnamnet CYFB, \u00e4r en av Ford Motor Companys mest popul\u00e4ra dieselmotorer.<\/strong> Motorn har fyra cylindrar och tv\u00e5 kamaxlar. Den ger en effekt p\u00e5 150 hk och ett vridmoment p\u00e5 375 Nm. Motorn anv\u00e4nder ett vanligt tryckinsprutningssystem, vilket m\u00f6jligg\u00f6r effektiv br\u00e4nsleinsprutning och f\u00f6rb\u00e4ttrar motorns prestanda.<\/p>\n<p>Volvos DPF-system har anv\u00e4nts i CYFB-motorn, vilket minskar utsl\u00e4ppen. Motorcylindrar \u00e4r gjorda av h\u00f6gkvalitativ gjutj\u00e4rnslegering som t\u00e5l h\u00f6gt tryck och temperatur. Detta \u00f6kar motorns h\u00e5llbarhet och minskar behovet av underh\u00e5ll. Motorns kamaxlar \u00e4r mycket t\u00e5liga och anv\u00e4nder Fords VVT-system, vilket ger b\u00e4ttre gasrespons och minskar br\u00e4nslef\u00f6rbrukningen.<\/p>\n<p>CYFB-motorns kylsystem anv\u00e4nder h\u00f6gkvalitativ flytande kristallv\u00e4tska, vilket g\u00f6r att motorn v\u00e4rms upp snabbt och minskar slitaget p\u00e5 motorn. Motorns turboladdare \u00e4r mycket h\u00e5llbar och erbjuder snabb acceleration och vridmoment.<\/p>\n<p>Sammanfattningsvis \u00e4r Ford 2.2 TDCi-motorn CYFB en h\u00e5llbar och p\u00e5litlig dieselmotor som har funnits i flera \u00e5r. Det \u00e4r en h\u00f6gpresterande och effektiv motor med m\u00e5nga tekniska l\u00f6sningar f\u00f6r att minska br\u00e4nslef\u00f6rbrukningen och utsl\u00e4ppen. CYFB-motorn har anv\u00e4nts i en m\u00e4ngd olika Ford- och Land Rover-modeller och har visat sig vara en mycket kapabel och popul\u00e4r motor.<\/p>\n","protected":false},"excerpt":{"rendered":"<p>Bilm\u00e4rken och modeller med CYFB-motor:<\/p>\n<ul>\n<li>Ford Transit (2011-2016)<\/li>\n<li>Ford Ranger (2011-2016)<\/li>\n<li>Land Rover Defender (2011-2016)<\/li>\n<\/ul>\n","protected":false},"featured_media":4820,"template":"","meta":[],"product_brand":[],"product_cat":[565],"product_tag":[655],"class_list":{"0":"post-5456","1":"product","2":"type-product","3":"status-publish","4":"has-post-thumbnail","6":"product_cat-ford-sv","7":"product_tag-transit-sv","8":"pa_varaosan-osasto-motor","11":"first","12":"instock","13":"featured","14":"shipping-taxable","15":"product-type-simple"},"yoast_head":"<!-- This site is optimized with the Yoast SEO plugin v26.8 - https:\/\/yoast.com\/product\/yoast-seo-wordpress\/ -->\n<title>2.2 TDCI &quot;CYFB&quot; Motor [Ford Transit Euro 5] - Autopartscenter24<\/title>\n<meta name=\"description\" content=\"En av de motorer som vi ofta har tillg\u00e4ngliga. Skicka en f\u00f6rfr\u00e5gan och f\u00e5 en offert inom 24 timmar. Motorer, v\u00e4xell\u00e5dor och andra bildelar under garanti.\" \/>\n<meta name=\"robots\" content=\"index, follow, max-snippet:-1, max-image-preview:large, max-video-preview:-1\" \/>\n<link rel=\"canonical\" href=\"https:\/\/autopartscenter24.com\/sv\/auton-varaosat\/2-2-tdci-cyfb-euro-5-fwd-moottori-transit\/\" \/>\n<meta property=\"og:locale\" content=\"sv_SE\" \/>\n<meta property=\"og:type\" content=\"article\" \/>\n<meta property=\"og:title\" content=\"2.2 TDCI &quot;CYFB&quot; Motor [Ford Transit Euro 5] - Autopartscenter24\" \/>\n<meta property=\"og:description\" content=\"En av de motorer som vi ofta har tillg\u00e4ngliga. Skicka en f\u00f6rfr\u00e5gan och f\u00e5 en offert inom 24 timmar. Motorer, v\u00e4xell\u00e5dor och andra bildelar under garanti.\" \/>\n<meta property=\"og:url\" content=\"https:\/\/autopartscenter24.com\/sv\/auton-varaosat\/2-2-tdci-cyfb-euro-5-fwd-moottori-transit\/\" \/>\n<meta property=\"og:site_name\" content=\"Autopartscenter24\" \/>\n<meta property=\"og:image\" content=\"https:\/\/autopartscenter24.com\/wp-content\/uploads\/2023\/03\/2-2-tdci-cyfb-euro-5-fwd-moottori-transit.webp\" \/>\n\t<meta property=\"og:image:width\" content=\"800\" \/>\n\t<meta property=\"og:image:height\" content=\"600\" \/>\n\t<meta property=\"og:image:type\" content=\"image\/webp\" \/>\n<meta name=\"twitter:card\" content=\"summary_large_image\" \/>\n<meta name=\"twitter:label1\" content=\"Ber\u00e4knad l\u00e4stid\" \/>\n\t<meta name=\"twitter:data1\" content=\"1 minut\" \/>\n<script type=\"application\/ld+json\" class=\"yoast-schema-graph\">{\"@context\":\"https:\/\/schema.org\",\"@graph\":[{\"@type\":\"WebPage\",\"@id\":\"https:\/\/autopartscenter24.com\/auton-varaosat\/2-2-tdci-cyfb-euro-5-fwd-moottori-transit\/\",\"url\":\"https:\/\/autopartscenter24.com\/auton-varaosat\/2-2-tdci-cyfb-euro-5-fwd-moottori-transit\/\",\"name\":\"2.2 TDCI \\\"CYFB\\\" Motor [Ford Transit Euro 5] - Autopartscenter24\",\"isPartOf\":{\"@id\":\"https:\/\/autopartscenter24.com\/#website\"},\"primaryImageOfPage\":{\"@id\":\"https:\/\/autopartscenter24.com\/auton-varaosat\/2-2-tdci-cyfb-euro-5-fwd-moottori-transit\/#primaryimage\"},\"image\":{\"@id\":\"https:\/\/autopartscenter24.com\/auton-varaosat\/2-2-tdci-cyfb-euro-5-fwd-moottori-transit\/#primaryimage\"},\"thumbnailUrl\":\"https:\/\/autopartscenter24.com\/wp-content\/uploads\/2023\/03\/2-2-tdci-cyfb-euro-5-fwd-moottori-transit.webp\",\"datePublished\":\"2023-11-26T12:44:59+00:00\",\"description\":\"En av de motorer som vi ofta har tillg\u00e4ngliga. Skicka en f\u00f6rfr\u00e5gan och f\u00e5 en offert inom 24 timmar. Motorer, v\u00e4xell\u00e5dor och andra bildelar under garanti.\",\"breadcrumb\":{\"@id\":\"https:\/\/autopartscenter24.com\/auton-varaosat\/2-2-tdci-cyfb-euro-5-fwd-moottori-transit\/#breadcrumb\"},\"inLanguage\":\"sv-SE\",\"potentialAction\":[{\"@type\":\"ReadAction\",\"target\":[\"https:\/\/autopartscenter24.com\/auton-varaosat\/2-2-tdci-cyfb-euro-5-fwd-moottori-transit\/\"]}]},{\"@type\":\"ImageObject\",\"inLanguage\":\"sv-SE\",\"@id\":\"https:\/\/autopartscenter24.com\/auton-varaosat\/2-2-tdci-cyfb-euro-5-fwd-moottori-transit\/#primaryimage\",\"url\":\"https:\/\/autopartscenter24.com\/wp-content\/uploads\/2023\/03\/2-2-tdci-cyfb-euro-5-fwd-moottori-transit.webp\",\"contentUrl\":\"https:\/\/autopartscenter24.com\/wp-content\/uploads\/2023\/03\/2-2-tdci-cyfb-euro-5-fwd-moottori-transit.webp\",\"width\":800,\"height\":600},{\"@type\":\"BreadcrumbList\",\"@id\":\"https:\/\/autopartscenter24.com\/auton-varaosat\/2-2-tdci-cyfb-euro-5-fwd-moottori-transit\/#breadcrumb\",\"itemListElement\":[{\"@type\":\"ListItem\",\"position\":1,\"name\":\"Hem\",\"item\":\"https:\/\/aliceblue-termite-662564.hostingersite.com\/\"},{\"@type\":\"ListItem\",\"position\":2,\"name\":\"Auton varaosat\",\"item\":\"https:\/\/aliceblue-termite-662564.hostingersite.com\/auton-varaosat\/\"},{\"@type\":\"ListItem\",\"position\":3,\"name\":\"2.2 TDCI &#8221;CYFB&#8221; Motor [Ford Transit Euro 5]\"}]},{\"@type\":\"WebSite\",\"@id\":\"https:\/\/autopartscenter24.com\/#website\",\"url\":\"https:\/\/autopartscenter24.com\/\",\"name\":\"Autopartscenter24\",\"description\":\"K\u00c4YTETYT JA KUNNOSTETUT  AUTON VARAOSAT\",\"potentialAction\":[{\"@type\":\"SearchAction\",\"target\":{\"@type\":\"EntryPoint\",\"urlTemplate\":\"https:\/\/autopartscenter24.com\/?s={search_term_string}\"},\"query-input\":{\"@type\":\"PropertyValueSpecification\",\"valueRequired\":true,\"valueName\":\"search_term_string\"}}],\"inLanguage\":\"sv-SE\"}]}<\/script>\n<!-- \/ Yoast SEO plugin. -->","yoast_head_json":{"title":"2.2 TDCI \"CYFB\" Motor [Ford Transit Euro 5] - Autopartscenter24","description":"En av de motorer som vi ofta har tillg\u00e4ngliga. Skicka en f\u00f6rfr\u00e5gan och f\u00e5 en offert inom 24 timmar. Motorer, v\u00e4xell\u00e5dor och andra bildelar under garanti.","robots":{"index":"index","follow":"follow","max-snippet":"max-snippet:-1","max-image-preview":"max-image-preview:large","max-video-preview":"max-video-preview:-1"},"canonical":"https:\/\/autopartscenter24.com\/sv\/auton-varaosat\/2-2-tdci-cyfb-euro-5-fwd-moottori-transit\/","og_locale":"sv_SE","og_type":"article","og_title":"2.2 TDCI \"CYFB\" Motor [Ford Transit Euro 5] - Autopartscenter24","og_description":"En av de motorer som vi ofta har tillg\u00e4ngliga. Skicka en f\u00f6rfr\u00e5gan och f\u00e5 en offert inom 24 timmar. Motorer, v\u00e4xell\u00e5dor och andra bildelar under garanti.","og_url":"https:\/\/autopartscenter24.com\/sv\/auton-varaosat\/2-2-tdci-cyfb-euro-5-fwd-moottori-transit\/","og_site_name":"Autopartscenter24","og_image":[{"width":800,"height":600,"url":"https:\/\/autopartscenter24.com\/wp-content\/uploads\/2023\/03\/2-2-tdci-cyfb-euro-5-fwd-moottori-transit.webp","type":"image\/webp"}],"twitter_card":"summary_large_image","twitter_misc":{"Ber\u00e4knad l\u00e4stid":"1 minut"},"schema":{"@context":"https:\/\/schema.org","@graph":[{"@type":"WebPage","@id":"https:\/\/autopartscenter24.com\/auton-varaosat\/2-2-tdci-cyfb-euro-5-fwd-moottori-transit\/","url":"https:\/\/autopartscenter24.com\/auton-varaosat\/2-2-tdci-cyfb-euro-5-fwd-moottori-transit\/","name":"2.2 TDCI \"CYFB\" Motor [Ford Transit Euro 5] - Autopartscenter24","isPartOf":{"@id":"https:\/\/autopartscenter24.com\/#website"},"primaryImageOfPage":{"@id":"https:\/\/autopartscenter24.com\/auton-varaosat\/2-2-tdci-cyfb-euro-5-fwd-moottori-transit\/#primaryimage"},"image":{"@id":"https:\/\/autopartscenter24.com\/auton-varaosat\/2-2-tdci-cyfb-euro-5-fwd-moottori-transit\/#primaryimage"},"thumbnailUrl":"https:\/\/autopartscenter24.com\/wp-content\/uploads\/2023\/03\/2-2-tdci-cyfb-euro-5-fwd-moottori-transit.webp","datePublished":"2023-11-26T12:44:59+00:00","description":"En av de motorer som vi ofta har tillg\u00e4ngliga. Skicka en f\u00f6rfr\u00e5gan och f\u00e5 en offert inom 24 timmar. Motorer, v\u00e4xell\u00e5dor och andra bildelar under garanti.","breadcrumb":{"@id":"https:\/\/autopartscenter24.com\/auton-varaosat\/2-2-tdci-cyfb-euro-5-fwd-moottori-transit\/#breadcrumb"},"inLanguage":"sv-SE","potentialAction":[{"@type":"ReadAction","target":["https:\/\/autopartscenter24.com\/auton-varaosat\/2-2-tdci-cyfb-euro-5-fwd-moottori-transit\/"]}]},{"@type":"ImageObject","inLanguage":"sv-SE","@id":"https:\/\/autopartscenter24.com\/auton-varaosat\/2-2-tdci-cyfb-euro-5-fwd-moottori-transit\/#primaryimage","url":"https:\/\/autopartscenter24.com\/wp-content\/uploads\/2023\/03\/2-2-tdci-cyfb-euro-5-fwd-moottori-transit.webp","contentUrl":"https:\/\/autopartscenter24.com\/wp-content\/uploads\/2023\/03\/2-2-tdci-cyfb-euro-5-fwd-moottori-transit.webp","width":800,"height":600},{"@type":"BreadcrumbList","@id":"https:\/\/autopartscenter24.com\/auton-varaosat\/2-2-tdci-cyfb-euro-5-fwd-moottori-transit\/#breadcrumb","itemListElement":[{"@type":"ListItem","position":1,"name":"Hem","item":"https:\/\/aliceblue-termite-662564.hostingersite.com\/"},{"@type":"ListItem","position":2,"name":"Auton varaosat","item":"https:\/\/aliceblue-termite-662564.hostingersite.com\/auton-varaosat\/"},{"@type":"ListItem","position":3,"name":"2.2 TDCI &#8221;CYFB&#8221; Motor [Ford Transit Euro 5]"}]},{"@type":"WebSite","@id":"https:\/\/autopartscenter24.com\/#website","url":"https:\/\/autopartscenter24.com\/","name":"Autopartscenter24","description":"K\u00c4YTETYT JA KUNNOSTETUT  AUTON VARAOSAT","potentialAction":[{"@type":"SearchAction","target":{"@type":"EntryPoint","urlTemplate":"https:\/\/autopartscenter24.com\/?s={search_term_string}"},"query-input":{"@type":"PropertyValueSpecification","valueRequired":true,"valueName":"search_term_string"}}],"inLanguage":"sv-SE"}]}},"_links":{"self":[{"href":"https:\/\/autopartscenter24.com\/sv\/wp-json\/wp\/v2\/product\/5456","targetHints":{"allow":["GET"]}}],"collection":[{"href":"https:\/\/autopartscenter24.com\/sv\/wp-json\/wp\/v2\/product"}],"about":[{"href":"https:\/\/autopartscenter24.com\/sv\/wp-json\/wp\/v2\/types\/product"}],"wp:featuredmedia":[{"embeddable":true,"href":"https:\/\/autopartscenter24.com\/sv\/wp-json\/wp\/v2\/media\/4820"}],"wp:attachment":[{"href":"https:\/\/autopartscenter24.com\/sv\/wp-json\/wp\/v2\/media?parent=5456"}],"wp:term":[{"taxonomy":"product_brand","embeddable":true,"href":"https:\/\/autopartscenter24.com\/sv\/wp-json\/wp\/v2\/product_brand?post=5456"},{"taxonomy":"product_cat","embeddable":true,"href":"https:\/\/autopartscenter24.com\/sv\/wp-json\/wp\/v2\/product_cat?post=5456"},{"taxonomy":"product_tag","embeddable":true,"href":"https:\/\/autopartscenter24.com\/sv\/wp-json\/wp\/v2\/product_tag?post=5456"}],"curies":[{"name":"wp","href":"https:\/\/api.w.org\/{rel}","templated":true}]}}