{"id":5455,"date":"2023-03-09T22:40:19","date_gmt":"2023-11-26T12:42:44","guid":{"rendered":"https:\/\/autopartscenter24.com\/product\/1-9-ddis-d19aa-motor-suzuki-sx4\/"},"modified":"2023-11-26T13:42:44","modified_gmt":"2023-11-26T12:42:44","slug":"1-9-ddis-d19aa-motor-suzuki-sx4","status":"publish","type":"product","link":"https:\/\/autopartscenter24.com\/sv\/auton-varaosat\/1-9-ddis-d19aa-motor-suzuki-sx4\/","title":{"rendered":"1.9 DDIS &#8221;D19AA&#8221; Motor [Suzuki SX4]"},"content":{"rendered":"<p><strong>Motor<\/strong> Motorn har fyra cylindrar och tv\u00e5 kamaxlar. Den ger en effekt p\u00e5 120 hk och ett vridmoment p\u00e5 320 Nm. Motorn anv\u00e4nder ett vanligt tryckinsprutningssystem, vilket m\u00f6jligg\u00f6r effektiv br\u00e4nsleinsprutning och f\u00f6rb\u00e4ttrar motorns prestanda.<\/p>\n<p>D19AA-motorn \u00e4r utrustad med en h\u00f6gtryckspump som producerar det n\u00f6dv\u00e4ndiga br\u00e4nsletrycket. Motorns kolvar och vevaxel \u00e4r tillverkade av h\u00f6gkvalitativt st\u00e5l, vilket \u00f6kar motorns h\u00e5llbarhet och minskar behovet av underh\u00e5ll. Motorns turboladdare \u00e4r mycket h\u00e5llbar och erbjuder snabb acceleration och vridmoment.<\/p>\n<p>Br\u00e4nslef\u00f6rbrukningen f\u00f6r D19AA-motorn \u00e4r mycket l\u00e5g och den uppfyller Euro 6-emissionsnormerna. Motorns livsl\u00e4ngd \u00e4r ocks\u00e5 l\u00e4ngre \u00e4n m\u00e5nga andra dieselmotorer p\u00e5 grund av dess h\u00f6ga kvalitet och h\u00e5llbarhet.<\/p>\n<p>Sammanfattningsvis \u00e4r Suzuki 1.6 DDIS-motorn D19AA en mycket kapabel och effektiv dieselmotor som har funnits i flera \u00e5r. Det \u00e4r en mycket p\u00e5litlig motor med m\u00e5nga tekniska l\u00f6sningar f\u00f6r att minska br\u00e4nslef\u00f6rbrukningen och utsl\u00e4ppen. D19AA-motorn har anv\u00e4nts i en m\u00e4ngd olika Suzuki- och Fiat-modeller och har visat sig vara en mycket kapabel och popul\u00e4r motor.<\/p>\n","protected":false},"excerpt":{"rendered":"<ul>\n<li>Suzuki Vitara (2015-2019)<\/li>\n<\/ul>\n","protected":false},"featured_media":4825,"template":"","meta":[],"product_brand":[],"product_cat":[633],"product_tag":[654],"class_list":{"0":"post-5455","1":"product","2":"type-product","3":"status-publish","4":"has-post-thumbnail","6":"product_cat-suzuki-sv","7":"product_tag-sx4-sv","8":"pa_varaosan-osasto-motor","11":"first","12":"instock","13":"shipping-taxable","14":"product-type-simple"},"yoast_head":"<!-- This site is optimized with the Yoast SEO plugin v26.8 - https:\/\/yoast.com\/product\/yoast-seo-wordpress\/ -->\n<title>1.9 DDIS &quot;D19AA&quot; Motor [Suzuki SX4] - Autopartscenter24<\/title>\n<meta name=\"description\" content=\"En av de motorer som vi ofta har tillg\u00e4ngliga. Skicka en f\u00f6rfr\u00e5gan och f\u00e5 en offert inom 24 timmar. Motorer, v\u00e4xell\u00e5dor och andra bildelar under garanti.\" \/>\n<meta name=\"robots\" content=\"index, follow, max-snippet:-1, max-image-preview:large, max-video-preview:-1\" \/>\n<link rel=\"canonical\" href=\"https:\/\/autopartscenter24.com\/sv\/auton-varaosat\/1-9-ddis-d19aa-moottori-suzuki-sx4\/\" \/>\n<meta property=\"og:locale\" content=\"sv_SE\" \/>\n<meta property=\"og:type\" content=\"article\" \/>\n<meta property=\"og:title\" content=\"1.9 DDIS &quot;D19AA&quot; Motor [Suzuki SX4] - Autopartscenter24\" \/>\n<meta property=\"og:description\" content=\"En av de motorer som vi ofta har tillg\u00e4ngliga. Skicka en f\u00f6rfr\u00e5gan och f\u00e5 en offert inom 24 timmar. Motorer, v\u00e4xell\u00e5dor och andra bildelar under garanti.\" \/>\n<meta property=\"og:url\" content=\"https:\/\/autopartscenter24.com\/sv\/auton-varaosat\/1-9-ddis-d19aa-moottori-suzuki-sx4\/\" \/>\n<meta property=\"og:site_name\" content=\"Autopartscenter24\" \/>\n<meta property=\"og:image\" content=\"https:\/\/autopartscenter24.com\/wp-content\/uploads\/2023\/03\/1-9-ddis-d19aa-moottori-suzuki-sx4.webp\" \/>\n\t<meta property=\"og:image:width\" content=\"800\" \/>\n\t<meta property=\"og:image:height\" content=\"600\" \/>\n\t<meta property=\"og:image:type\" content=\"image\/webp\" \/>\n<meta name=\"twitter:card\" content=\"summary_large_image\" \/>\n<meta name=\"twitter:label1\" content=\"Ber\u00e4knad l\u00e4stid\" \/>\n\t<meta name=\"twitter:data1\" content=\"1 minut\" \/>\n<script type=\"application\/ld+json\" class=\"yoast-schema-graph\">{\"@context\":\"https:\/\/schema.org\",\"@graph\":[{\"@type\":\"WebPage\",\"@id\":\"https:\/\/autopartscenter24.com\/auton-varaosat\/1-9-ddis-d19aa-moottori-suzuki-sx4\/\",\"url\":\"https:\/\/autopartscenter24.com\/auton-varaosat\/1-9-ddis-d19aa-moottori-suzuki-sx4\/\",\"name\":\"1.9 DDIS \\\"D19AA\\\" Motor [Suzuki SX4] - Autopartscenter24\",\"isPartOf\":{\"@id\":\"https:\/\/autopartscenter24.com\/#website\"},\"primaryImageOfPage\":{\"@id\":\"https:\/\/autopartscenter24.com\/auton-varaosat\/1-9-ddis-d19aa-moottori-suzuki-sx4\/#primaryimage\"},\"image\":{\"@id\":\"https:\/\/autopartscenter24.com\/auton-varaosat\/1-9-ddis-d19aa-moottori-suzuki-sx4\/#primaryimage\"},\"thumbnailUrl\":\"https:\/\/autopartscenter24.com\/wp-content\/uploads\/2023\/03\/1-9-ddis-d19aa-moottori-suzuki-sx4.webp\",\"datePublished\":\"2023-11-26T12:42:44+00:00\",\"description\":\"En av de motorer som vi ofta har tillg\u00e4ngliga. Skicka en f\u00f6rfr\u00e5gan och f\u00e5 en offert inom 24 timmar. Motorer, v\u00e4xell\u00e5dor och andra bildelar under garanti.\",\"breadcrumb\":{\"@id\":\"https:\/\/autopartscenter24.com\/auton-varaosat\/1-9-ddis-d19aa-moottori-suzuki-sx4\/#breadcrumb\"},\"inLanguage\":\"sv-SE\",\"potentialAction\":[{\"@type\":\"ReadAction\",\"target\":[\"https:\/\/autopartscenter24.com\/auton-varaosat\/1-9-ddis-d19aa-moottori-suzuki-sx4\/\"]}]},{\"@type\":\"ImageObject\",\"inLanguage\":\"sv-SE\",\"@id\":\"https:\/\/autopartscenter24.com\/auton-varaosat\/1-9-ddis-d19aa-moottori-suzuki-sx4\/#primaryimage\",\"url\":\"https:\/\/autopartscenter24.com\/wp-content\/uploads\/2023\/03\/1-9-ddis-d19aa-moottori-suzuki-sx4.webp\",\"contentUrl\":\"https:\/\/autopartscenter24.com\/wp-content\/uploads\/2023\/03\/1-9-ddis-d19aa-moottori-suzuki-sx4.webp\",\"width\":800,\"height\":600},{\"@type\":\"BreadcrumbList\",\"@id\":\"https:\/\/autopartscenter24.com\/auton-varaosat\/1-9-ddis-d19aa-moottori-suzuki-sx4\/#breadcrumb\",\"itemListElement\":[{\"@type\":\"ListItem\",\"position\":1,\"name\":\"Hem\",\"item\":\"https:\/\/aliceblue-termite-662564.hostingersite.com\/\"},{\"@type\":\"ListItem\",\"position\":2,\"name\":\"Auton varaosat\",\"item\":\"https:\/\/aliceblue-termite-662564.hostingersite.com\/auton-varaosat\/\"},{\"@type\":\"ListItem\",\"position\":3,\"name\":\"1.9 DDIS &#8221;D19AA&#8221; Motor [Suzuki SX4]\"}]},{\"@type\":\"WebSite\",\"@id\":\"https:\/\/autopartscenter24.com\/#website\",\"url\":\"https:\/\/autopartscenter24.com\/\",\"name\":\"Autopartscenter24\",\"description\":\"K\u00c4YTETYT JA KUNNOSTETUT  AUTON VARAOSAT\",\"potentialAction\":[{\"@type\":\"SearchAction\",\"target\":{\"@type\":\"EntryPoint\",\"urlTemplate\":\"https:\/\/autopartscenter24.com\/?s={search_term_string}\"},\"query-input\":{\"@type\":\"PropertyValueSpecification\",\"valueRequired\":true,\"valueName\":\"search_term_string\"}}],\"inLanguage\":\"sv-SE\"}]}<\/script>\n<!-- \/ Yoast SEO plugin. -->","yoast_head_json":{"title":"1.9 DDIS \"D19AA\" Motor [Suzuki SX4] - Autopartscenter24","description":"En av de motorer som vi ofta har tillg\u00e4ngliga. Skicka en f\u00f6rfr\u00e5gan och f\u00e5 en offert inom 24 timmar. Motorer, v\u00e4xell\u00e5dor och andra bildelar under garanti.","robots":{"index":"index","follow":"follow","max-snippet":"max-snippet:-1","max-image-preview":"max-image-preview:large","max-video-preview":"max-video-preview:-1"},"canonical":"https:\/\/autopartscenter24.com\/sv\/auton-varaosat\/1-9-ddis-d19aa-moottori-suzuki-sx4\/","og_locale":"sv_SE","og_type":"article","og_title":"1.9 DDIS \"D19AA\" Motor [Suzuki SX4] - Autopartscenter24","og_description":"En av de motorer som vi ofta har tillg\u00e4ngliga. Skicka en f\u00f6rfr\u00e5gan och f\u00e5 en offert inom 24 timmar. Motorer, v\u00e4xell\u00e5dor och andra bildelar under garanti.","og_url":"https:\/\/autopartscenter24.com\/sv\/auton-varaosat\/1-9-ddis-d19aa-moottori-suzuki-sx4\/","og_site_name":"Autopartscenter24","og_image":[{"width":800,"height":600,"url":"https:\/\/autopartscenter24.com\/wp-content\/uploads\/2023\/03\/1-9-ddis-d19aa-moottori-suzuki-sx4.webp","type":"image\/webp"}],"twitter_card":"summary_large_image","twitter_misc":{"Ber\u00e4knad l\u00e4stid":"1 minut"},"schema":{"@context":"https:\/\/schema.org","@graph":[{"@type":"WebPage","@id":"https:\/\/autopartscenter24.com\/auton-varaosat\/1-9-ddis-d19aa-moottori-suzuki-sx4\/","url":"https:\/\/autopartscenter24.com\/auton-varaosat\/1-9-ddis-d19aa-moottori-suzuki-sx4\/","name":"1.9 DDIS \"D19AA\" Motor [Suzuki SX4] - Autopartscenter24","isPartOf":{"@id":"https:\/\/autopartscenter24.com\/#website"},"primaryImageOfPage":{"@id":"https:\/\/autopartscenter24.com\/auton-varaosat\/1-9-ddis-d19aa-moottori-suzuki-sx4\/#primaryimage"},"image":{"@id":"https:\/\/autopartscenter24.com\/auton-varaosat\/1-9-ddis-d19aa-moottori-suzuki-sx4\/#primaryimage"},"thumbnailUrl":"https:\/\/autopartscenter24.com\/wp-content\/uploads\/2023\/03\/1-9-ddis-d19aa-moottori-suzuki-sx4.webp","datePublished":"2023-11-26T12:42:44+00:00","description":"En av de motorer som vi ofta har tillg\u00e4ngliga. Skicka en f\u00f6rfr\u00e5gan och f\u00e5 en offert inom 24 timmar. Motorer, v\u00e4xell\u00e5dor och andra bildelar under garanti.","breadcrumb":{"@id":"https:\/\/autopartscenter24.com\/auton-varaosat\/1-9-ddis-d19aa-moottori-suzuki-sx4\/#breadcrumb"},"inLanguage":"sv-SE","potentialAction":[{"@type":"ReadAction","target":["https:\/\/autopartscenter24.com\/auton-varaosat\/1-9-ddis-d19aa-moottori-suzuki-sx4\/"]}]},{"@type":"ImageObject","inLanguage":"sv-SE","@id":"https:\/\/autopartscenter24.com\/auton-varaosat\/1-9-ddis-d19aa-moottori-suzuki-sx4\/#primaryimage","url":"https:\/\/autopartscenter24.com\/wp-content\/uploads\/2023\/03\/1-9-ddis-d19aa-moottori-suzuki-sx4.webp","contentUrl":"https:\/\/autopartscenter24.com\/wp-content\/uploads\/2023\/03\/1-9-ddis-d19aa-moottori-suzuki-sx4.webp","width":800,"height":600},{"@type":"BreadcrumbList","@id":"https:\/\/autopartscenter24.com\/auton-varaosat\/1-9-ddis-d19aa-moottori-suzuki-sx4\/#breadcrumb","itemListElement":[{"@type":"ListItem","position":1,"name":"Hem","item":"https:\/\/aliceblue-termite-662564.hostingersite.com\/"},{"@type":"ListItem","position":2,"name":"Auton varaosat","item":"https:\/\/aliceblue-termite-662564.hostingersite.com\/auton-varaosat\/"},{"@type":"ListItem","position":3,"name":"1.9 DDIS &#8221;D19AA&#8221; Motor [Suzuki SX4]"}]},{"@type":"WebSite","@id":"https:\/\/autopartscenter24.com\/#website","url":"https:\/\/autopartscenter24.com\/","name":"Autopartscenter24","description":"K\u00c4YTETYT JA KUNNOSTETUT  AUTON VARAOSAT","potentialAction":[{"@type":"SearchAction","target":{"@type":"EntryPoint","urlTemplate":"https:\/\/autopartscenter24.com\/?s={search_term_string}"},"query-input":{"@type":"PropertyValueSpecification","valueRequired":true,"valueName":"search_term_string"}}],"inLanguage":"sv-SE"}]}},"_links":{"self":[{"href":"https:\/\/autopartscenter24.com\/sv\/wp-json\/wp\/v2\/product\/5455","targetHints":{"allow":["GET"]}}],"collection":[{"href":"https:\/\/autopartscenter24.com\/sv\/wp-json\/wp\/v2\/product"}],"about":[{"href":"https:\/\/autopartscenter24.com\/sv\/wp-json\/wp\/v2\/types\/product"}],"wp:featuredmedia":[{"embeddable":true,"href":"https:\/\/autopartscenter24.com\/sv\/wp-json\/wp\/v2\/media\/4825"}],"wp:attachment":[{"href":"https:\/\/autopartscenter24.com\/sv\/wp-json\/wp\/v2\/media?parent=5455"}],"wp:term":[{"taxonomy":"product_brand","embeddable":true,"href":"https:\/\/autopartscenter24.com\/sv\/wp-json\/wp\/v2\/product_brand?post=5455"},{"taxonomy":"product_cat","embeddable":true,"href":"https:\/\/autopartscenter24.com\/sv\/wp-json\/wp\/v2\/product_cat?post=5455"},{"taxonomy":"product_tag","embeddable":true,"href":"https:\/\/autopartscenter24.com\/sv\/wp-json\/wp\/v2\/product_tag?post=5455"}],"curies":[{"name":"wp","href":"https:\/\/api.w.org\/{rel}","templated":true}]}}