{"id":5454,"date":"2023-03-09T22:44:19","date_gmt":"2023-11-26T12:41:03","guid":{"rendered":"https:\/\/autopartscenter24.com\/product\/1-4-hdi-8hr-motor-citroen-c2-c3-peugeot-206-207\/"},"modified":"2023-11-26T13:41:04","modified_gmt":"2023-11-26T12:41:04","slug":"1-4-hdi-8hr-motor-citroen-c3-ii-ds3-peugeot-207","status":"publish","type":"product","link":"https:\/\/autopartscenter24.com\/sv\/auton-varaosat\/1-4-hdi-8hr-motor-citroen-c3-ii-ds3-peugeot-207\/","title":{"rendered":"1.4 HDI &#8221;8HR&#8221; Motor [Citroen C2, C3, Peugeot 206, 207]"},"content":{"rendered":"<p><strong>1,4 HDI-motorn, \u00e4ven k\u00e4nd under kodnamnet 8HR, \u00e4r en av PSA-koncernens mest popul\u00e4ra dieselmotorer.<\/strong> Motorn har fyra cylindrar och tv\u00e5 kamaxlar. Den ger en effekt p\u00e5 68 hk och ett vridmoment p\u00e5 160 Nm. Motorn anv\u00e4nder ett vanligt tryckinsprutningssystem, vilket m\u00f6jligg\u00f6r effektiv br\u00e4nsleinsprutning och f\u00f6rb\u00e4ttrar motorns prestanda.<\/p>\n<p>8HR-motorn \u00e4r utrustad med en h\u00f6gtryckspump som producerar det n\u00f6dv\u00e4ndiga br\u00e4nsletrycket. Motorns kolvar och vevaxel \u00e4r tillverkade av h\u00f6gkvalitativt st\u00e5l, vilket \u00f6kar motorns h\u00e5llbarhet och minskar behovet av underh\u00e5ll. Motorns turboladdare \u00e4r mycket h\u00e5llbar och erbjuder snabb acceleration och vridmoment.<\/p>\n<p>Br\u00e4nslef\u00f6rbrukningen f\u00f6r 8HR-motorn \u00e4r mycket l\u00e5g och den uppfyller Euro 6-emissionsnormerna. Motorns livsl\u00e4ngd \u00e4r ocks\u00e5 l\u00e4ngre \u00e4n m\u00e5nga andra dieselmotorer p\u00e5 grund av dess h\u00f6ga kvalitet och h\u00e5llbarhet.<\/p>\n<p>Sammanfattningsvis \u00e4r 1,4 HDI-motorn 8HR en mycket kapabel och effektiv dieselmotor som har funnits i flera \u00e5r. Det \u00e4r en mycket p\u00e5litlig motor med m\u00e5nga tekniska l\u00f6sningar f\u00f6r att minska br\u00e4nslef\u00f6rbrukningen och utsl\u00e4ppen. 8HR-motorn har anv\u00e4nts i en m\u00e4ngd olika Citroen- och Peugeot-modeller och har visat sig vara en mycket kapabel och popul\u00e4r motor.<\/p>\n","protected":false},"excerpt":{"rendered":"<p>Bilm\u00e4rken och modeller d\u00e4r 8HR-motorn anv\u00e4nds:<\/p>\n<ul>\n<li>Citroen C2 (2003-2010)<\/li>\n<li>Citroen C3 (2002-2009)<\/li>\n<li>Peugeot 206 (1998-2010)<\/li>\n<li>Peugeot 207 (2006-2014)<\/li>\n<\/ul>\n","protected":false},"featured_media":4830,"template":"","meta":[],"product_brand":[],"product_cat":[549,613],"product_tag":[653,649,652,651],"class_list":{"0":"post-5454","1":"product","2":"type-product","3":"status-publish","4":"has-post-thumbnail","6":"product_cat-citroen-sv","7":"product_cat-peugeot-sv","8":"product_tag-206-sv","9":"product_tag-207-sv","10":"product_tag-c2-sv","11":"product_tag-c3-sv-2","12":"pa_varaosan-osasto-motor","15":"first","16":"instock","17":"shipping-taxable","18":"product-type-simple"},"yoast_head":"<!-- This site is optimized with the Yoast SEO plugin v26.8 - https:\/\/yoast.com\/product\/yoast-seo-wordpress\/ -->\n<title>1.4 HDI &quot;8HR&quot; Motor [Citroen C2, C3, Peugeot 206, 207]<\/title>\n<meta name=\"description\" content=\"En av de motorer som vi ofta har tillg\u00e4ngliga. Skicka en f\u00f6rfr\u00e5gan och f\u00e5 en offert inom 24 timmar. Motorer, v\u00e4xell\u00e5dor och andra bildelar under garanti.\" \/>\n<meta name=\"robots\" content=\"index, follow, max-snippet:-1, max-image-preview:large, max-video-preview:-1\" \/>\n<link rel=\"canonical\" href=\"https:\/\/autopartscenter24.com\/sv\/auton-varaosat\/1-4-hdi-8hr-moottori-citroen-c3-ii-ds3-peugeot-207\/\" \/>\n<meta property=\"og:locale\" content=\"sv_SE\" \/>\n<meta property=\"og:type\" content=\"article\" \/>\n<meta property=\"og:title\" content=\"1.4 HDI &quot;8HR&quot; Motor [Citroen C2, C3, Peugeot 206, 207]\" \/>\n<meta property=\"og:description\" content=\"En av de motorer som vi ofta har tillg\u00e4ngliga. Skicka en f\u00f6rfr\u00e5gan och f\u00e5 en offert inom 24 timmar. Motorer, v\u00e4xell\u00e5dor och andra bildelar under garanti.\" \/>\n<meta property=\"og:url\" content=\"https:\/\/autopartscenter24.com\/sv\/auton-varaosat\/1-4-hdi-8hr-moottori-citroen-c3-ii-ds3-peugeot-207\/\" \/>\n<meta property=\"og:site_name\" content=\"Autopartscenter24\" \/>\n<meta property=\"article:modified_time\" content=\"2023-11-26T12:41:04+00:00\" \/>\n<meta property=\"og:image\" content=\"https:\/\/autopartscenter24.com\/wp-content\/uploads\/2023\/03\/1-4-hdi-8hr-moottori-citroen-c3-ii-ds3-peugeot-207.webp\" \/>\n\t<meta property=\"og:image:width\" content=\"800\" \/>\n\t<meta property=\"og:image:height\" content=\"600\" \/>\n\t<meta property=\"og:image:type\" content=\"image\/webp\" \/>\n<meta name=\"twitter:card\" content=\"summary_large_image\" \/>\n<meta name=\"twitter:label1\" content=\"Ber\u00e4knad l\u00e4stid\" \/>\n\t<meta name=\"twitter:data1\" content=\"1 minut\" \/>\n<script type=\"application\/ld+json\" class=\"yoast-schema-graph\">{\"@context\":\"https:\/\/schema.org\",\"@graph\":[{\"@type\":\"WebPage\",\"@id\":\"https:\/\/autopartscenter24.com\/auton-varaosat\/1-4-hdi-8hr-moottori-citroen-c3-ii-ds3-peugeot-207\/\",\"url\":\"https:\/\/autopartscenter24.com\/auton-varaosat\/1-4-hdi-8hr-moottori-citroen-c3-ii-ds3-peugeot-207\/\",\"name\":\"1.4 HDI \\\"8HR\\\" Motor [Citroen C2, C3, Peugeot 206, 207]\",\"isPartOf\":{\"@id\":\"https:\/\/autopartscenter24.com\/#website\"},\"primaryImageOfPage\":{\"@id\":\"https:\/\/autopartscenter24.com\/auton-varaosat\/1-4-hdi-8hr-moottori-citroen-c3-ii-ds3-peugeot-207\/#primaryimage\"},\"image\":{\"@id\":\"https:\/\/autopartscenter24.com\/auton-varaosat\/1-4-hdi-8hr-moottori-citroen-c3-ii-ds3-peugeot-207\/#primaryimage\"},\"thumbnailUrl\":\"https:\/\/autopartscenter24.com\/wp-content\/uploads\/2023\/03\/1-4-hdi-8hr-moottori-citroen-c3-ii-ds3-peugeot-207.webp\",\"datePublished\":\"2023-11-26T12:41:03+00:00\",\"dateModified\":\"2023-11-26T12:41:04+00:00\",\"description\":\"En av de motorer som vi ofta har tillg\u00e4ngliga. Skicka en f\u00f6rfr\u00e5gan och f\u00e5 en offert inom 24 timmar. Motorer, v\u00e4xell\u00e5dor och andra bildelar under garanti.\",\"breadcrumb\":{\"@id\":\"https:\/\/autopartscenter24.com\/auton-varaosat\/1-4-hdi-8hr-moottori-citroen-c3-ii-ds3-peugeot-207\/#breadcrumb\"},\"inLanguage\":\"sv-SE\",\"potentialAction\":[{\"@type\":\"ReadAction\",\"target\":[\"https:\/\/autopartscenter24.com\/auton-varaosat\/1-4-hdi-8hr-moottori-citroen-c3-ii-ds3-peugeot-207\/\"]}]},{\"@type\":\"ImageObject\",\"inLanguage\":\"sv-SE\",\"@id\":\"https:\/\/autopartscenter24.com\/auton-varaosat\/1-4-hdi-8hr-moottori-citroen-c3-ii-ds3-peugeot-207\/#primaryimage\",\"url\":\"https:\/\/autopartscenter24.com\/wp-content\/uploads\/2023\/03\/1-4-hdi-8hr-moottori-citroen-c3-ii-ds3-peugeot-207.webp\",\"contentUrl\":\"https:\/\/autopartscenter24.com\/wp-content\/uploads\/2023\/03\/1-4-hdi-8hr-moottori-citroen-c3-ii-ds3-peugeot-207.webp\",\"width\":800,\"height\":600},{\"@type\":\"BreadcrumbList\",\"@id\":\"https:\/\/autopartscenter24.com\/auton-varaosat\/1-4-hdi-8hr-moottori-citroen-c3-ii-ds3-peugeot-207\/#breadcrumb\",\"itemListElement\":[{\"@type\":\"ListItem\",\"position\":1,\"name\":\"Hem\",\"item\":\"https:\/\/aliceblue-termite-662564.hostingersite.com\/\"},{\"@type\":\"ListItem\",\"position\":2,\"name\":\"Auton varaosat\",\"item\":\"https:\/\/aliceblue-termite-662564.hostingersite.com\/auton-varaosat\/\"},{\"@type\":\"ListItem\",\"position\":3,\"name\":\"1.4 HDI &#8221;8HR&#8221; Motor [Citroen C2, C3, Peugeot 206, 207]\"}]},{\"@type\":\"WebSite\",\"@id\":\"https:\/\/autopartscenter24.com\/#website\",\"url\":\"https:\/\/autopartscenter24.com\/\",\"name\":\"Autopartscenter24\",\"description\":\"K\u00c4YTETYT JA KUNNOSTETUT  AUTON VARAOSAT\",\"potentialAction\":[{\"@type\":\"SearchAction\",\"target\":{\"@type\":\"EntryPoint\",\"urlTemplate\":\"https:\/\/autopartscenter24.com\/?s={search_term_string}\"},\"query-input\":{\"@type\":\"PropertyValueSpecification\",\"valueRequired\":true,\"valueName\":\"search_term_string\"}}],\"inLanguage\":\"sv-SE\"}]}<\/script>\n<!-- \/ Yoast SEO plugin. -->","yoast_head_json":{"title":"1.4 HDI \"8HR\" Motor [Citroen C2, C3, Peugeot 206, 207]","description":"En av de motorer som vi ofta har tillg\u00e4ngliga. Skicka en f\u00f6rfr\u00e5gan och f\u00e5 en offert inom 24 timmar. Motorer, v\u00e4xell\u00e5dor och andra bildelar under garanti.","robots":{"index":"index","follow":"follow","max-snippet":"max-snippet:-1","max-image-preview":"max-image-preview:large","max-video-preview":"max-video-preview:-1"},"canonical":"https:\/\/autopartscenter24.com\/sv\/auton-varaosat\/1-4-hdi-8hr-moottori-citroen-c3-ii-ds3-peugeot-207\/","og_locale":"sv_SE","og_type":"article","og_title":"1.4 HDI \"8HR\" Motor [Citroen C2, C3, Peugeot 206, 207]","og_description":"En av de motorer som vi ofta har tillg\u00e4ngliga. Skicka en f\u00f6rfr\u00e5gan och f\u00e5 en offert inom 24 timmar. Motorer, v\u00e4xell\u00e5dor och andra bildelar under garanti.","og_url":"https:\/\/autopartscenter24.com\/sv\/auton-varaosat\/1-4-hdi-8hr-moottori-citroen-c3-ii-ds3-peugeot-207\/","og_site_name":"Autopartscenter24","article_modified_time":"2023-11-26T12:41:04+00:00","og_image":[{"width":800,"height":600,"url":"https:\/\/autopartscenter24.com\/wp-content\/uploads\/2023\/03\/1-4-hdi-8hr-moottori-citroen-c3-ii-ds3-peugeot-207.webp","type":"image\/webp"}],"twitter_card":"summary_large_image","twitter_misc":{"Ber\u00e4knad l\u00e4stid":"1 minut"},"schema":{"@context":"https:\/\/schema.org","@graph":[{"@type":"WebPage","@id":"https:\/\/autopartscenter24.com\/auton-varaosat\/1-4-hdi-8hr-moottori-citroen-c3-ii-ds3-peugeot-207\/","url":"https:\/\/autopartscenter24.com\/auton-varaosat\/1-4-hdi-8hr-moottori-citroen-c3-ii-ds3-peugeot-207\/","name":"1.4 HDI \"8HR\" Motor [Citroen C2, C3, Peugeot 206, 207]","isPartOf":{"@id":"https:\/\/autopartscenter24.com\/#website"},"primaryImageOfPage":{"@id":"https:\/\/autopartscenter24.com\/auton-varaosat\/1-4-hdi-8hr-moottori-citroen-c3-ii-ds3-peugeot-207\/#primaryimage"},"image":{"@id":"https:\/\/autopartscenter24.com\/auton-varaosat\/1-4-hdi-8hr-moottori-citroen-c3-ii-ds3-peugeot-207\/#primaryimage"},"thumbnailUrl":"https:\/\/autopartscenter24.com\/wp-content\/uploads\/2023\/03\/1-4-hdi-8hr-moottori-citroen-c3-ii-ds3-peugeot-207.webp","datePublished":"2023-11-26T12:41:03+00:00","dateModified":"2023-11-26T12:41:04+00:00","description":"En av de motorer som vi ofta har tillg\u00e4ngliga. Skicka en f\u00f6rfr\u00e5gan och f\u00e5 en offert inom 24 timmar. Motorer, v\u00e4xell\u00e5dor och andra bildelar under garanti.","breadcrumb":{"@id":"https:\/\/autopartscenter24.com\/auton-varaosat\/1-4-hdi-8hr-moottori-citroen-c3-ii-ds3-peugeot-207\/#breadcrumb"},"inLanguage":"sv-SE","potentialAction":[{"@type":"ReadAction","target":["https:\/\/autopartscenter24.com\/auton-varaosat\/1-4-hdi-8hr-moottori-citroen-c3-ii-ds3-peugeot-207\/"]}]},{"@type":"ImageObject","inLanguage":"sv-SE","@id":"https:\/\/autopartscenter24.com\/auton-varaosat\/1-4-hdi-8hr-moottori-citroen-c3-ii-ds3-peugeot-207\/#primaryimage","url":"https:\/\/autopartscenter24.com\/wp-content\/uploads\/2023\/03\/1-4-hdi-8hr-moottori-citroen-c3-ii-ds3-peugeot-207.webp","contentUrl":"https:\/\/autopartscenter24.com\/wp-content\/uploads\/2023\/03\/1-4-hdi-8hr-moottori-citroen-c3-ii-ds3-peugeot-207.webp","width":800,"height":600},{"@type":"BreadcrumbList","@id":"https:\/\/autopartscenter24.com\/auton-varaosat\/1-4-hdi-8hr-moottori-citroen-c3-ii-ds3-peugeot-207\/#breadcrumb","itemListElement":[{"@type":"ListItem","position":1,"name":"Hem","item":"https:\/\/aliceblue-termite-662564.hostingersite.com\/"},{"@type":"ListItem","position":2,"name":"Auton varaosat","item":"https:\/\/aliceblue-termite-662564.hostingersite.com\/auton-varaosat\/"},{"@type":"ListItem","position":3,"name":"1.4 HDI &#8221;8HR&#8221; Motor [Citroen C2, C3, Peugeot 206, 207]"}]},{"@type":"WebSite","@id":"https:\/\/autopartscenter24.com\/#website","url":"https:\/\/autopartscenter24.com\/","name":"Autopartscenter24","description":"K\u00c4YTETYT JA KUNNOSTETUT  AUTON VARAOSAT","potentialAction":[{"@type":"SearchAction","target":{"@type":"EntryPoint","urlTemplate":"https:\/\/autopartscenter24.com\/?s={search_term_string}"},"query-input":{"@type":"PropertyValueSpecification","valueRequired":true,"valueName":"search_term_string"}}],"inLanguage":"sv-SE"}]}},"_links":{"self":[{"href":"https:\/\/autopartscenter24.com\/sv\/wp-json\/wp\/v2\/product\/5454","targetHints":{"allow":["GET"]}}],"collection":[{"href":"https:\/\/autopartscenter24.com\/sv\/wp-json\/wp\/v2\/product"}],"about":[{"href":"https:\/\/autopartscenter24.com\/sv\/wp-json\/wp\/v2\/types\/product"}],"wp:featuredmedia":[{"embeddable":true,"href":"https:\/\/autopartscenter24.com\/sv\/wp-json\/wp\/v2\/media\/4830"}],"wp:attachment":[{"href":"https:\/\/autopartscenter24.com\/sv\/wp-json\/wp\/v2\/media?parent=5454"}],"wp:term":[{"taxonomy":"product_brand","embeddable":true,"href":"https:\/\/autopartscenter24.com\/sv\/wp-json\/wp\/v2\/product_brand?post=5454"},{"taxonomy":"product_cat","embeddable":true,"href":"https:\/\/autopartscenter24.com\/sv\/wp-json\/wp\/v2\/product_cat?post=5454"},{"taxonomy":"product_tag","embeddable":true,"href":"https:\/\/autopartscenter24.com\/sv\/wp-json\/wp\/v2\/product_tag?post=5454"}],"curies":[{"name":"wp","href":"https:\/\/api.w.org\/{rel}","templated":true}]}}