{"id":5453,"date":"2023-03-09T22:50:29","date_gmt":"2023-11-26T00:36:47","guid":{"rendered":"https:\/\/autopartscenter24.com\/product\/2-0-cdi-640940-motor-mercedes-benz-b-class-w245\/"},"modified":"2023-11-26T01:36:49","modified_gmt":"2023-11-26T00:36:49","slug":"2-0-cdi-640940-motor-mb-klasa-b-w245","status":"publish","type":"product","link":"https:\/\/autopartscenter24.com\/sv\/auton-varaosat\/2-0-cdi-640940-motor-mb-klasa-b-w245\/","title":{"rendered":"2.0 CDI &#8221;640940&#8221; Motor [Mercedes-Benz B-Class W245]"},"content":{"rendered":"<p><strong>Mercedes-Benz 2.0 CDI-motorn, \u00e4ven k\u00e4nd under kodnamnet 640940, \u00e4r \u200b\u200ben av Mercedes-Benz mest popul\u00e4ra dieselmotorer.<\/strong> Motorn har fyra cylindrar och tv\u00e5 kamaxlar. Den ger en effekt p\u00e5 136 hk och ett vridmoment p\u00e5 300 Nm. Motorn anv\u00e4nder ett vanligt tryckinsprutningssystem, vilket m\u00f6jligg\u00f6r effektiv br\u00e4nsleinsprutning och f\u00f6rb\u00e4ttrar motorns prestanda.<\/p>\n<p>640940-motorn \u00e4r utrustad med en h\u00f6gtryckspump som producerar det n\u00f6dv\u00e4ndiga br\u00e4nsletrycket. Motorns kolvar och vevaxel \u00e4r tillverkade av h\u00f6gkvalitativt st\u00e5l, vilket \u00f6kar motorns h\u00e5llbarhet och minskar behovet av underh\u00e5ll. Motorns turboladdare \u00e4r mycket h\u00e5llbar och erbjuder snabb acceleration och vridmoment.<\/p>\n<p>Br\u00e4nslef\u00f6rbrukningen f\u00f6r 640940-motorn \u00e4r mycket l\u00e5g och den uppfyller Euro 6-emissionsnormerna. Motorns livsl\u00e4ngd \u00e4r ocks\u00e5 l\u00e4ngre \u00e4n m\u00e5nga andra dieselmotorer p\u00e5 grund av dess h\u00f6ga kvalitet och h\u00e5llbarhet.<\/p>\n<p>Sammanfattningsvis \u00e4r Mercedes-Benz 2.0 CDI-motorn 640940 en mycket kapabel och effektiv dieselmotor som har funnits i flera \u00e5r. Det \u00e4r en mycket p\u00e5litlig motor med m\u00e5nga tekniska l\u00f6sningar f\u00f6r att minska br\u00e4nslef\u00f6rbrukningen och utsl\u00e4ppen. 640940-motorn har anv\u00e4nts i m\u00e5nga olika Mercedes-Benz-modeller och har visat sig vara en mycket funktionell och popul\u00e4r motor.<\/p>\n","protected":false},"excerpt":{"rendered":"<p>Bilm\u00e4rken och modeller d\u00e4r 640940-motorn anv\u00e4nds:<\/p>\n<ul>\n<li>Mercedes-Benz A-sarja (W169) (2004-2012)<\/li>\n<li>Mercedes-Benz B-sarja (W245) (2005-2011)<\/li>\n<li>Mercedes-Benz C-sarja (W204) (2007-2014)<\/li>\n<\/ul>\n","protected":false},"featured_media":4835,"template":"","meta":[],"product_brand":[],"product_cat":[593],"product_tag":[647,648],"class_list":{"0":"post-5453","1":"product","2":"type-product","3":"status-publish","4":"has-post-thumbnail","6":"product_cat-mercedes-benz-sv","7":"product_tag-b-class-sv","8":"product_tag-w245-sv","9":"pa_varaosan-osasto-motor","12":"first","13":"instock","14":"shipping-taxable","15":"product-type-simple"},"yoast_head":"<!-- This site is optimized with the Yoast SEO plugin v26.8 - https:\/\/yoast.com\/product\/yoast-seo-wordpress\/ -->\n<title>2.0 CDI &quot;640940&quot; Motor [Mercedes-Benz B-Class W245]<\/title>\n<meta name=\"description\" content=\"En av de motorer vi ofta har tillg\u00e4nglig. Skicka en f\u00f6rfr\u00e5gan s\u00e5 f\u00e5r du ett erbjudande inom 24 timmar. Motorer, v\u00e4xell\u00e5dor och andra bildelar med garanti.\" \/>\n<meta name=\"robots\" content=\"index, follow, max-snippet:-1, max-image-preview:large, max-video-preview:-1\" \/>\n<link rel=\"canonical\" href=\"https:\/\/autopartscenter24.com\/sv\/auton-varaosat\/2-0-cdi-640940-moottori-mb-klasa-b-w245\/\" \/>\n<meta property=\"og:locale\" content=\"sv_SE\" \/>\n<meta property=\"og:type\" content=\"article\" \/>\n<meta property=\"og:title\" content=\"2.0 CDI &quot;640940&quot; Motor [Mercedes-Benz B-Class W245]\" \/>\n<meta property=\"og:description\" content=\"En av de motorer vi ofta har tillg\u00e4nglig. Skicka en f\u00f6rfr\u00e5gan s\u00e5 f\u00e5r du ett erbjudande inom 24 timmar. Motorer, v\u00e4xell\u00e5dor och andra bildelar med garanti.\" \/>\n<meta property=\"og:url\" content=\"https:\/\/autopartscenter24.com\/sv\/auton-varaosat\/2-0-cdi-640940-moottori-mb-klasa-b-w245\/\" \/>\n<meta property=\"og:site_name\" content=\"Autopartscenter24\" \/>\n<meta property=\"article:modified_time\" content=\"2023-11-26T00:36:49+00:00\" \/>\n<meta property=\"og:image\" content=\"https:\/\/autopartscenter24.com\/wp-content\/uploads\/2023\/03\/2-0-cdi-640940-moottori-mb-klasa-b-w245.webp\" \/>\n\t<meta property=\"og:image:width\" content=\"800\" \/>\n\t<meta property=\"og:image:height\" content=\"600\" \/>\n\t<meta property=\"og:image:type\" content=\"image\/webp\" \/>\n<meta name=\"twitter:card\" content=\"summary_large_image\" \/>\n<meta name=\"twitter:label1\" content=\"Ber\u00e4knad l\u00e4stid\" \/>\n\t<meta name=\"twitter:data1\" content=\"1 minut\" \/>\n<script type=\"application\/ld+json\" class=\"yoast-schema-graph\">{\"@context\":\"https:\/\/schema.org\",\"@graph\":[{\"@type\":\"WebPage\",\"@id\":\"https:\/\/autopartscenter24.com\/auton-varaosat\/2-0-cdi-640940-moottori-mb-klasa-b-w245\/\",\"url\":\"https:\/\/autopartscenter24.com\/auton-varaosat\/2-0-cdi-640940-moottori-mb-klasa-b-w245\/\",\"name\":\"2.0 CDI \\\"640940\\\" Motor [Mercedes-Benz B-Class W245]\",\"isPartOf\":{\"@id\":\"https:\/\/autopartscenter24.com\/#website\"},\"primaryImageOfPage\":{\"@id\":\"https:\/\/autopartscenter24.com\/auton-varaosat\/2-0-cdi-640940-moottori-mb-klasa-b-w245\/#primaryimage\"},\"image\":{\"@id\":\"https:\/\/autopartscenter24.com\/auton-varaosat\/2-0-cdi-640940-moottori-mb-klasa-b-w245\/#primaryimage\"},\"thumbnailUrl\":\"https:\/\/autopartscenter24.com\/wp-content\/uploads\/2023\/03\/2-0-cdi-640940-moottori-mb-klasa-b-w245.webp\",\"datePublished\":\"2023-11-26T00:36:47+00:00\",\"dateModified\":\"2023-11-26T00:36:49+00:00\",\"description\":\"En av de motorer vi ofta har tillg\u00e4nglig. Skicka en f\u00f6rfr\u00e5gan s\u00e5 f\u00e5r du ett erbjudande inom 24 timmar. Motorer, v\u00e4xell\u00e5dor och andra bildelar med garanti.\",\"breadcrumb\":{\"@id\":\"https:\/\/autopartscenter24.com\/auton-varaosat\/2-0-cdi-640940-moottori-mb-klasa-b-w245\/#breadcrumb\"},\"inLanguage\":\"sv-SE\",\"potentialAction\":[{\"@type\":\"ReadAction\",\"target\":[\"https:\/\/autopartscenter24.com\/auton-varaosat\/2-0-cdi-640940-moottori-mb-klasa-b-w245\/\"]}]},{\"@type\":\"ImageObject\",\"inLanguage\":\"sv-SE\",\"@id\":\"https:\/\/autopartscenter24.com\/auton-varaosat\/2-0-cdi-640940-moottori-mb-klasa-b-w245\/#primaryimage\",\"url\":\"https:\/\/autopartscenter24.com\/wp-content\/uploads\/2023\/03\/2-0-cdi-640940-moottori-mb-klasa-b-w245.webp\",\"contentUrl\":\"https:\/\/autopartscenter24.com\/wp-content\/uploads\/2023\/03\/2-0-cdi-640940-moottori-mb-klasa-b-w245.webp\",\"width\":800,\"height\":600},{\"@type\":\"BreadcrumbList\",\"@id\":\"https:\/\/autopartscenter24.com\/auton-varaosat\/2-0-cdi-640940-moottori-mb-klasa-b-w245\/#breadcrumb\",\"itemListElement\":[{\"@type\":\"ListItem\",\"position\":1,\"name\":\"Hem\",\"item\":\"https:\/\/aliceblue-termite-662564.hostingersite.com\/\"},{\"@type\":\"ListItem\",\"position\":2,\"name\":\"Auton varaosat\",\"item\":\"https:\/\/aliceblue-termite-662564.hostingersite.com\/auton-varaosat\/\"},{\"@type\":\"ListItem\",\"position\":3,\"name\":\"2.0 CDI &#8221;640940&#8221; Motor [Mercedes-Benz B-Class W245]\"}]},{\"@type\":\"WebSite\",\"@id\":\"https:\/\/autopartscenter24.com\/#website\",\"url\":\"https:\/\/autopartscenter24.com\/\",\"name\":\"Autopartscenter24\",\"description\":\"K\u00c4YTETYT JA KUNNOSTETUT  AUTON VARAOSAT\",\"potentialAction\":[{\"@type\":\"SearchAction\",\"target\":{\"@type\":\"EntryPoint\",\"urlTemplate\":\"https:\/\/autopartscenter24.com\/?s={search_term_string}\"},\"query-input\":{\"@type\":\"PropertyValueSpecification\",\"valueRequired\":true,\"valueName\":\"search_term_string\"}}],\"inLanguage\":\"sv-SE\"}]}<\/script>\n<!-- \/ Yoast SEO plugin. -->","yoast_head_json":{"title":"2.0 CDI \"640940\" Motor [Mercedes-Benz B-Class W245]","description":"En av de motorer vi ofta har tillg\u00e4nglig. Skicka en f\u00f6rfr\u00e5gan s\u00e5 f\u00e5r du ett erbjudande inom 24 timmar. Motorer, v\u00e4xell\u00e5dor och andra bildelar med garanti.","robots":{"index":"index","follow":"follow","max-snippet":"max-snippet:-1","max-image-preview":"max-image-preview:large","max-video-preview":"max-video-preview:-1"},"canonical":"https:\/\/autopartscenter24.com\/sv\/auton-varaosat\/2-0-cdi-640940-moottori-mb-klasa-b-w245\/","og_locale":"sv_SE","og_type":"article","og_title":"2.0 CDI \"640940\" Motor [Mercedes-Benz B-Class W245]","og_description":"En av de motorer vi ofta har tillg\u00e4nglig. Skicka en f\u00f6rfr\u00e5gan s\u00e5 f\u00e5r du ett erbjudande inom 24 timmar. Motorer, v\u00e4xell\u00e5dor och andra bildelar med garanti.","og_url":"https:\/\/autopartscenter24.com\/sv\/auton-varaosat\/2-0-cdi-640940-moottori-mb-klasa-b-w245\/","og_site_name":"Autopartscenter24","article_modified_time":"2023-11-26T00:36:49+00:00","og_image":[{"width":800,"height":600,"url":"https:\/\/autopartscenter24.com\/wp-content\/uploads\/2023\/03\/2-0-cdi-640940-moottori-mb-klasa-b-w245.webp","type":"image\/webp"}],"twitter_card":"summary_large_image","twitter_misc":{"Ber\u00e4knad l\u00e4stid":"1 minut"},"schema":{"@context":"https:\/\/schema.org","@graph":[{"@type":"WebPage","@id":"https:\/\/autopartscenter24.com\/auton-varaosat\/2-0-cdi-640940-moottori-mb-klasa-b-w245\/","url":"https:\/\/autopartscenter24.com\/auton-varaosat\/2-0-cdi-640940-moottori-mb-klasa-b-w245\/","name":"2.0 CDI \"640940\" Motor [Mercedes-Benz B-Class W245]","isPartOf":{"@id":"https:\/\/autopartscenter24.com\/#website"},"primaryImageOfPage":{"@id":"https:\/\/autopartscenter24.com\/auton-varaosat\/2-0-cdi-640940-moottori-mb-klasa-b-w245\/#primaryimage"},"image":{"@id":"https:\/\/autopartscenter24.com\/auton-varaosat\/2-0-cdi-640940-moottori-mb-klasa-b-w245\/#primaryimage"},"thumbnailUrl":"https:\/\/autopartscenter24.com\/wp-content\/uploads\/2023\/03\/2-0-cdi-640940-moottori-mb-klasa-b-w245.webp","datePublished":"2023-11-26T00:36:47+00:00","dateModified":"2023-11-26T00:36:49+00:00","description":"En av de motorer vi ofta har tillg\u00e4nglig. Skicka en f\u00f6rfr\u00e5gan s\u00e5 f\u00e5r du ett erbjudande inom 24 timmar. Motorer, v\u00e4xell\u00e5dor och andra bildelar med garanti.","breadcrumb":{"@id":"https:\/\/autopartscenter24.com\/auton-varaosat\/2-0-cdi-640940-moottori-mb-klasa-b-w245\/#breadcrumb"},"inLanguage":"sv-SE","potentialAction":[{"@type":"ReadAction","target":["https:\/\/autopartscenter24.com\/auton-varaosat\/2-0-cdi-640940-moottori-mb-klasa-b-w245\/"]}]},{"@type":"ImageObject","inLanguage":"sv-SE","@id":"https:\/\/autopartscenter24.com\/auton-varaosat\/2-0-cdi-640940-moottori-mb-klasa-b-w245\/#primaryimage","url":"https:\/\/autopartscenter24.com\/wp-content\/uploads\/2023\/03\/2-0-cdi-640940-moottori-mb-klasa-b-w245.webp","contentUrl":"https:\/\/autopartscenter24.com\/wp-content\/uploads\/2023\/03\/2-0-cdi-640940-moottori-mb-klasa-b-w245.webp","width":800,"height":600},{"@type":"BreadcrumbList","@id":"https:\/\/autopartscenter24.com\/auton-varaosat\/2-0-cdi-640940-moottori-mb-klasa-b-w245\/#breadcrumb","itemListElement":[{"@type":"ListItem","position":1,"name":"Hem","item":"https:\/\/aliceblue-termite-662564.hostingersite.com\/"},{"@type":"ListItem","position":2,"name":"Auton varaosat","item":"https:\/\/aliceblue-termite-662564.hostingersite.com\/auton-varaosat\/"},{"@type":"ListItem","position":3,"name":"2.0 CDI &#8221;640940&#8221; Motor [Mercedes-Benz B-Class W245]"}]},{"@type":"WebSite","@id":"https:\/\/autopartscenter24.com\/#website","url":"https:\/\/autopartscenter24.com\/","name":"Autopartscenter24","description":"K\u00c4YTETYT JA KUNNOSTETUT  AUTON VARAOSAT","potentialAction":[{"@type":"SearchAction","target":{"@type":"EntryPoint","urlTemplate":"https:\/\/autopartscenter24.com\/?s={search_term_string}"},"query-input":{"@type":"PropertyValueSpecification","valueRequired":true,"valueName":"search_term_string"}}],"inLanguage":"sv-SE"}]}},"_links":{"self":[{"href":"https:\/\/autopartscenter24.com\/sv\/wp-json\/wp\/v2\/product\/5453","targetHints":{"allow":["GET"]}}],"collection":[{"href":"https:\/\/autopartscenter24.com\/sv\/wp-json\/wp\/v2\/product"}],"about":[{"href":"https:\/\/autopartscenter24.com\/sv\/wp-json\/wp\/v2\/types\/product"}],"wp:featuredmedia":[{"embeddable":true,"href":"https:\/\/autopartscenter24.com\/sv\/wp-json\/wp\/v2\/media\/4835"}],"wp:attachment":[{"href":"https:\/\/autopartscenter24.com\/sv\/wp-json\/wp\/v2\/media?parent=5453"}],"wp:term":[{"taxonomy":"product_brand","embeddable":true,"href":"https:\/\/autopartscenter24.com\/sv\/wp-json\/wp\/v2\/product_brand?post=5453"},{"taxonomy":"product_cat","embeddable":true,"href":"https:\/\/autopartscenter24.com\/sv\/wp-json\/wp\/v2\/product_cat?post=5453"},{"taxonomy":"product_tag","embeddable":true,"href":"https:\/\/autopartscenter24.com\/sv\/wp-json\/wp\/v2\/product_tag?post=5453"}],"curies":[{"name":"wp","href":"https:\/\/api.w.org\/{rel}","templated":true}]}}