{"id":5452,"date":"2023-03-09T22:59:21","date_gmt":"2023-11-26T00:25:18","guid":{"rendered":"https:\/\/autopartscenter24.com\/product\/2-0-crd-bwd-motor-dodge-journey-jeep-compass\/"},"modified":"2023-11-26T01:25:20","modified_gmt":"2023-11-26T00:25:20","slug":"1-4-m-282914-moottori-mb-w177-w247","status":"publish","type":"product","link":"https:\/\/autopartscenter24.com\/sv\/auton-varaosat\/1-4-m-282914-moottori-mb-w177-w247\/","title":{"rendered":"2.0 CRD &#8221;BWD&#8221;-motor [Dodge Journey, Jeep Compass]"},"content":{"rendered":"<p><strong>2.0 CRD-motorn, \u00e4ven k\u00e4nd under kodnamnet BWD, \u00e4r en l\u00e4ttviktsmotor designad f\u00f6r att leverera utm\u00e4rkt prestanda och br\u00e4nsleeffektivitet.<\/strong> Motorn \u00e4r utrustad med fyra cylindrar och ger en effekt p\u00e5 140 hk och ett vridmoment p\u00e5 350 Nm. Motorn \u00e4r utrustad med en turboladdare, vilket m\u00f6jligg\u00f6r snabb acceleration och vridning. Motorn har \u00e4ven ett flerpunktsinsprutningssystem som m\u00f6jligg\u00f6r effektiv br\u00e4nsleinsprutning och d\u00e4rmed f\u00f6rb\u00e4ttrar motorns prestanda.<\/p>\n<p>BWD-motorn \u00e4r tillverkad av h\u00f6gkvalitativa material, vilket g\u00f6r den mycket h\u00e5llbar och minskar behovet av underh\u00e5ll. Motorns br\u00e4nslef\u00f6rbrukning \u00e4r mycket l\u00e5g, vilket beror p\u00e5 dess effektiva br\u00e4nsleekonomi och flerpunktsinsprutningssystem. Motorns livsl\u00e4ngd \u00e4r ocks\u00e5 l\u00e4ngre \u00e4n m\u00e5nga andra l\u00e4tta motorer, vilket beror p\u00e5 dess h\u00f6ga kvalitet och h\u00e5llbarhet. BWD-motorn har varit ett popul\u00e4rt val i amerikanska bilar, och dess effektivitet och h\u00e5llbarhet har gjort den till ett popul\u00e4rt val.<\/p>\n<p> Motorn har ocks\u00e5 visat sig vara p\u00e5litlig, vilket \u00e4r viktigt speciellt n\u00e4r man anv\u00e4nder bilen l\u00e5nga str\u00e4ckor eller transporterar tunga laster. Sammanfattningsvis \u00e4r 2.0 CRD-motorn BWD en mycket effektiv och h\u00e5llbar l\u00e4ttviktsmotor som har varit ett popul\u00e4rt val i m\u00e5nga amerikanska bilar. Motorns tekniska l\u00f6sningar och h\u00f6gkvalitativa material har gjort den till ett mycket p\u00e5litligt och l\u00e5ngvarigt alternativ.<\/p>\n","protected":false},"excerpt":{"rendered":"<p>Bilm\u00e4rken och modeller med BWD-motor:<\/p>\n<ul>\n<li>Chrysler Sebring (2007-2010)<\/li>\n<li>Dodge Avenger (2007-2010)<\/li>\n<li>Jeep Compass (2007-2010)<\/li>\n<li>Jeep Patriot (2007-2010)<\/li>\n<\/ul>\n","protected":false},"featured_media":4840,"template":"","meta":[],"product_brand":[],"product_cat":[557,577],"product_tag":[644,646,645,643],"class_list":{"0":"post-5452","1":"product","2":"type-product","3":"status-publish","4":"has-post-thumbnail","6":"product_cat-dodge-sv","7":"product_cat-jeep-sv","8":"product_tag-avenger-sv","9":"product_tag-compass-sv","10":"product_tag-journey-sv","11":"product_tag-sebring-sv","12":"pa_varaosan-osasto-motor","15":"first","16":"instock","17":"shipping-taxable","18":"product-type-simple"},"yoast_head":"<!-- This site is optimized with the Yoast SEO plugin v26.8 - https:\/\/yoast.com\/product\/yoast-seo-wordpress\/ -->\n<title>2.0 CRD &quot;BWD&quot;-motor [Dodge Journey, Jeep Compass]<\/title>\n<meta name=\"description\" content=\"En av de motorer som vi ofta har tillg\u00e4ngliga. Skicka en f\u00f6rfr\u00e5gan och f\u00e5 en offert inom 24 timmar. Motorer, v\u00e4xell\u00e5dor och andra bildelar under garanti.\" \/>\n<meta name=\"robots\" content=\"index, follow, max-snippet:-1, max-image-preview:large, max-video-preview:-1\" \/>\n<link rel=\"canonical\" href=\"https:\/\/autopartscenter24.com\/sv\/auton-varaosat\/1-4-m-282914-moottori-mb-w177-w247\/\" \/>\n<meta property=\"og:locale\" content=\"sv_SE\" \/>\n<meta property=\"og:type\" content=\"article\" \/>\n<meta property=\"og:title\" content=\"2.0 CRD &quot;BWD&quot;-motor [Dodge Journey, Jeep Compass]\" \/>\n<meta property=\"og:description\" content=\"En av de motorer som vi ofta har tillg\u00e4ngliga. Skicka en f\u00f6rfr\u00e5gan och f\u00e5 en offert inom 24 timmar. Motorer, v\u00e4xell\u00e5dor och andra bildelar under garanti.\" \/>\n<meta property=\"og:url\" content=\"https:\/\/autopartscenter24.com\/sv\/auton-varaosat\/1-4-m-282914-moottori-mb-w177-w247\/\" \/>\n<meta property=\"og:site_name\" content=\"Autopartscenter24\" \/>\n<meta property=\"article:modified_time\" content=\"2023-11-26T00:25:20+00:00\" \/>\n<meta property=\"og:image\" content=\"https:\/\/autopartscenter24.com\/wp-content\/uploads\/2023\/03\/2-0-crd-bwd-moottori-dodge-journey-jeep-compass.webp\" \/>\n\t<meta property=\"og:image:width\" content=\"800\" \/>\n\t<meta property=\"og:image:height\" content=\"600\" \/>\n\t<meta property=\"og:image:type\" content=\"image\/webp\" \/>\n<meta name=\"twitter:card\" content=\"summary_large_image\" \/>\n<meta name=\"twitter:label1\" content=\"Ber\u00e4knad l\u00e4stid\" \/>\n\t<meta name=\"twitter:data1\" content=\"1 minut\" \/>\n<script type=\"application\/ld+json\" class=\"yoast-schema-graph\">{\"@context\":\"https:\/\/schema.org\",\"@graph\":[{\"@type\":\"WebPage\",\"@id\":\"https:\/\/autopartscenter24.com\/auton-varaosat\/1-4-m-282914-moottori-mb-w177-w247\/\",\"url\":\"https:\/\/autopartscenter24.com\/auton-varaosat\/1-4-m-282914-moottori-mb-w177-w247\/\",\"name\":\"2.0 CRD \\\"BWD\\\"-motor [Dodge Journey, Jeep Compass]\",\"isPartOf\":{\"@id\":\"https:\/\/autopartscenter24.com\/#website\"},\"primaryImageOfPage\":{\"@id\":\"https:\/\/autopartscenter24.com\/auton-varaosat\/1-4-m-282914-moottori-mb-w177-w247\/#primaryimage\"},\"image\":{\"@id\":\"https:\/\/autopartscenter24.com\/auton-varaosat\/1-4-m-282914-moottori-mb-w177-w247\/#primaryimage\"},\"thumbnailUrl\":\"https:\/\/autopartscenter24.com\/wp-content\/uploads\/2023\/03\/2-0-crd-bwd-moottori-dodge-journey-jeep-compass.webp\",\"datePublished\":\"2023-11-26T00:25:18+00:00\",\"dateModified\":\"2023-11-26T00:25:20+00:00\",\"description\":\"En av de motorer som vi ofta har tillg\u00e4ngliga. Skicka en f\u00f6rfr\u00e5gan och f\u00e5 en offert inom 24 timmar. Motorer, v\u00e4xell\u00e5dor och andra bildelar under garanti.\",\"breadcrumb\":{\"@id\":\"https:\/\/autopartscenter24.com\/auton-varaosat\/1-4-m-282914-moottori-mb-w177-w247\/#breadcrumb\"},\"inLanguage\":\"sv-SE\",\"potentialAction\":[{\"@type\":\"ReadAction\",\"target\":[\"https:\/\/autopartscenter24.com\/auton-varaosat\/1-4-m-282914-moottori-mb-w177-w247\/\"]}]},{\"@type\":\"ImageObject\",\"inLanguage\":\"sv-SE\",\"@id\":\"https:\/\/autopartscenter24.com\/auton-varaosat\/1-4-m-282914-moottori-mb-w177-w247\/#primaryimage\",\"url\":\"https:\/\/autopartscenter24.com\/wp-content\/uploads\/2023\/03\/2-0-crd-bwd-moottori-dodge-journey-jeep-compass.webp\",\"contentUrl\":\"https:\/\/autopartscenter24.com\/wp-content\/uploads\/2023\/03\/2-0-crd-bwd-moottori-dodge-journey-jeep-compass.webp\",\"width\":800,\"height\":600},{\"@type\":\"BreadcrumbList\",\"@id\":\"https:\/\/autopartscenter24.com\/auton-varaosat\/1-4-m-282914-moottori-mb-w177-w247\/#breadcrumb\",\"itemListElement\":[{\"@type\":\"ListItem\",\"position\":1,\"name\":\"Hem\",\"item\":\"https:\/\/aliceblue-termite-662564.hostingersite.com\/\"},{\"@type\":\"ListItem\",\"position\":2,\"name\":\"Auton varaosat\",\"item\":\"https:\/\/aliceblue-termite-662564.hostingersite.com\/auton-varaosat\/\"},{\"@type\":\"ListItem\",\"position\":3,\"name\":\"2.0 CRD &#8221;BWD&#8221;-motor [Dodge Journey, Jeep Compass]\"}]},{\"@type\":\"WebSite\",\"@id\":\"https:\/\/autopartscenter24.com\/#website\",\"url\":\"https:\/\/autopartscenter24.com\/\",\"name\":\"Autopartscenter24\",\"description\":\"K\u00c4YTETYT JA KUNNOSTETUT  AUTON VARAOSAT\",\"potentialAction\":[{\"@type\":\"SearchAction\",\"target\":{\"@type\":\"EntryPoint\",\"urlTemplate\":\"https:\/\/autopartscenter24.com\/?s={search_term_string}\"},\"query-input\":{\"@type\":\"PropertyValueSpecification\",\"valueRequired\":true,\"valueName\":\"search_term_string\"}}],\"inLanguage\":\"sv-SE\"}]}<\/script>\n<!-- \/ Yoast SEO plugin. -->","yoast_head_json":{"title":"2.0 CRD \"BWD\"-motor [Dodge Journey, Jeep Compass]","description":"En av de motorer som vi ofta har tillg\u00e4ngliga. Skicka en f\u00f6rfr\u00e5gan och f\u00e5 en offert inom 24 timmar. Motorer, v\u00e4xell\u00e5dor och andra bildelar under garanti.","robots":{"index":"index","follow":"follow","max-snippet":"max-snippet:-1","max-image-preview":"max-image-preview:large","max-video-preview":"max-video-preview:-1"},"canonical":"https:\/\/autopartscenter24.com\/sv\/auton-varaosat\/1-4-m-282914-moottori-mb-w177-w247\/","og_locale":"sv_SE","og_type":"article","og_title":"2.0 CRD \"BWD\"-motor [Dodge Journey, Jeep Compass]","og_description":"En av de motorer som vi ofta har tillg\u00e4ngliga. Skicka en f\u00f6rfr\u00e5gan och f\u00e5 en offert inom 24 timmar. Motorer, v\u00e4xell\u00e5dor och andra bildelar under garanti.","og_url":"https:\/\/autopartscenter24.com\/sv\/auton-varaosat\/1-4-m-282914-moottori-mb-w177-w247\/","og_site_name":"Autopartscenter24","article_modified_time":"2023-11-26T00:25:20+00:00","og_image":[{"width":800,"height":600,"url":"https:\/\/autopartscenter24.com\/wp-content\/uploads\/2023\/03\/2-0-crd-bwd-moottori-dodge-journey-jeep-compass.webp","type":"image\/webp"}],"twitter_card":"summary_large_image","twitter_misc":{"Ber\u00e4knad l\u00e4stid":"1 minut"},"schema":{"@context":"https:\/\/schema.org","@graph":[{"@type":"WebPage","@id":"https:\/\/autopartscenter24.com\/auton-varaosat\/1-4-m-282914-moottori-mb-w177-w247\/","url":"https:\/\/autopartscenter24.com\/auton-varaosat\/1-4-m-282914-moottori-mb-w177-w247\/","name":"2.0 CRD \"BWD\"-motor [Dodge Journey, Jeep Compass]","isPartOf":{"@id":"https:\/\/autopartscenter24.com\/#website"},"primaryImageOfPage":{"@id":"https:\/\/autopartscenter24.com\/auton-varaosat\/1-4-m-282914-moottori-mb-w177-w247\/#primaryimage"},"image":{"@id":"https:\/\/autopartscenter24.com\/auton-varaosat\/1-4-m-282914-moottori-mb-w177-w247\/#primaryimage"},"thumbnailUrl":"https:\/\/autopartscenter24.com\/wp-content\/uploads\/2023\/03\/2-0-crd-bwd-moottori-dodge-journey-jeep-compass.webp","datePublished":"2023-11-26T00:25:18+00:00","dateModified":"2023-11-26T00:25:20+00:00","description":"En av de motorer som vi ofta har tillg\u00e4ngliga. Skicka en f\u00f6rfr\u00e5gan och f\u00e5 en offert inom 24 timmar. Motorer, v\u00e4xell\u00e5dor och andra bildelar under garanti.","breadcrumb":{"@id":"https:\/\/autopartscenter24.com\/auton-varaosat\/1-4-m-282914-moottori-mb-w177-w247\/#breadcrumb"},"inLanguage":"sv-SE","potentialAction":[{"@type":"ReadAction","target":["https:\/\/autopartscenter24.com\/auton-varaosat\/1-4-m-282914-moottori-mb-w177-w247\/"]}]},{"@type":"ImageObject","inLanguage":"sv-SE","@id":"https:\/\/autopartscenter24.com\/auton-varaosat\/1-4-m-282914-moottori-mb-w177-w247\/#primaryimage","url":"https:\/\/autopartscenter24.com\/wp-content\/uploads\/2023\/03\/2-0-crd-bwd-moottori-dodge-journey-jeep-compass.webp","contentUrl":"https:\/\/autopartscenter24.com\/wp-content\/uploads\/2023\/03\/2-0-crd-bwd-moottori-dodge-journey-jeep-compass.webp","width":800,"height":600},{"@type":"BreadcrumbList","@id":"https:\/\/autopartscenter24.com\/auton-varaosat\/1-4-m-282914-moottori-mb-w177-w247\/#breadcrumb","itemListElement":[{"@type":"ListItem","position":1,"name":"Hem","item":"https:\/\/aliceblue-termite-662564.hostingersite.com\/"},{"@type":"ListItem","position":2,"name":"Auton varaosat","item":"https:\/\/aliceblue-termite-662564.hostingersite.com\/auton-varaosat\/"},{"@type":"ListItem","position":3,"name":"2.0 CRD &#8221;BWD&#8221;-motor [Dodge Journey, Jeep Compass]"}]},{"@type":"WebSite","@id":"https:\/\/autopartscenter24.com\/#website","url":"https:\/\/autopartscenter24.com\/","name":"Autopartscenter24","description":"K\u00c4YTETYT JA KUNNOSTETUT  AUTON VARAOSAT","potentialAction":[{"@type":"SearchAction","target":{"@type":"EntryPoint","urlTemplate":"https:\/\/autopartscenter24.com\/?s={search_term_string}"},"query-input":{"@type":"PropertyValueSpecification","valueRequired":true,"valueName":"search_term_string"}}],"inLanguage":"sv-SE"}]}},"_links":{"self":[{"href":"https:\/\/autopartscenter24.com\/sv\/wp-json\/wp\/v2\/product\/5452","targetHints":{"allow":["GET"]}}],"collection":[{"href":"https:\/\/autopartscenter24.com\/sv\/wp-json\/wp\/v2\/product"}],"about":[{"href":"https:\/\/autopartscenter24.com\/sv\/wp-json\/wp\/v2\/types\/product"}],"wp:featuredmedia":[{"embeddable":true,"href":"https:\/\/autopartscenter24.com\/sv\/wp-json\/wp\/v2\/media\/4840"}],"wp:attachment":[{"href":"https:\/\/autopartscenter24.com\/sv\/wp-json\/wp\/v2\/media?parent=5452"}],"wp:term":[{"taxonomy":"product_brand","embeddable":true,"href":"https:\/\/autopartscenter24.com\/sv\/wp-json\/wp\/v2\/product_brand?post=5452"},{"taxonomy":"product_cat","embeddable":true,"href":"https:\/\/autopartscenter24.com\/sv\/wp-json\/wp\/v2\/product_cat?post=5452"},{"taxonomy":"product_tag","embeddable":true,"href":"https:\/\/autopartscenter24.com\/sv\/wp-json\/wp\/v2\/product_tag?post=5452"}],"curies":[{"name":"wp","href":"https:\/\/api.w.org\/{rel}","templated":true}]}}