{"id":4041,"date":"2023-02-10T18:48:02","date_gmt":"2023-03-07T21:27:55","guid":{"rendered":"https:\/\/autopartscenter24.com\/auton-varaosat\/1-6-tdi-cay-motor-t-ex-vw-golf-passat-touran-audi-a1-a3-q3-skoda-octavia-yeti-seat-altea-exeo\/"},"modified":"2023-11-29T20:25:17","modified_gmt":"2023-11-29T19:25:17","slug":"1-6-tdi-cay-motor","status":"publish","type":"product","link":"https:\/\/autopartscenter24.com\/sv\/auton-varaosat\/1-6-tdi-cay-motor\/","title":{"rendered":"1.6 TDI &#8221;CAY&#8221; Motor [esim. Golf, Passat, Touran, Octavia, Altea]"},"content":{"rendered":"<div id=\"cs-content\" class=\"cs-content\"><\/div>\n","protected":false},"excerpt":{"rendered":"<ul>\n<li>Volkswagen Golf (2009-2012)<\/li>\n<li>Volkswagen Golf Plus (2009-2013)<\/li>\n<li>Volkswagen Jetta (2009-2010)<\/li>\n<li>Volkswagen Passat (2009-2010)<\/li>\n<li>Volkswagen Touran (2010-2015)<\/li>\n<li>Audi A1 (2011-2018)<\/li>\n<li>Audi A3 (2009-2013)<\/li>\n<li>Audi Q3 (2012-2018)<\/li>\n<li>\u0160koda Octavia (2009-2013)<\/li>\n<li>\u0160koda Yeti (2010-2013)<\/li>\n<li>Seat Altea (2009-2010)<\/li>\n<li>Seat Exeo (2009-2013)<\/li>\n<\/ul>\n","protected":false},"featured_media":4325,"template":"","meta":[],"product_brand":[],"product_cat":[468,471,470,469],"product_tag":[477,472,480,481,473,474,475,478,476,479],"class_list":{"0":"post-4041","1":"product","2":"type-product","3":"status-publish","4":"has-post-thumbnail","6":"product_cat-audi-sv","7":"product_cat-seat-sv","8":"product_cat-skoda-sv","9":"product_cat-vw-sv","10":"product_tag-a1-sv","11":"product_tag-a3-sv","12":"product_tag-altea-sv","13":"product_tag-exeo-sv","14":"product_tag-golf-sv","15":"product_tag-octavia-sv","16":"product_tag-passat-sv","17":"product_tag-q3-sv","18":"product_tag-touran-sv","19":"product_tag-yeti-sv","20":"pa_varaosan-osasto-motor","23":"first","24":"instock","25":"featured","26":"shipping-taxable","27":"product-type-simple"},"yoast_head":"<!-- This site is optimized with the Yoast SEO plugin v26.8 - https:\/\/yoast.com\/product\/yoast-seo-wordpress\/ -->\n<title>1.6 TDI &quot;CAY&quot; Motor [esim. Golf, Passat, Touran, Octavia, Altea]<\/title>\n<meta name=\"description\" content=\"En av de motorer som vi ofta har tillg\u00e4ngliga. Skicka en f\u00f6rfr\u00e5gan och f\u00e5 en offert inom 24 timmar. Motorer, v\u00e4xell\u00e5dor och andra bildelar under garanti.\" \/>\n<meta name=\"robots\" content=\"index, follow, max-snippet:-1, max-image-preview:large, max-video-preview:-1\" \/>\n<link rel=\"canonical\" href=\"https:\/\/autopartscenter24.com\/sv\/auton-varaosat\/1-6-tdi-cay-moottori\/\" \/>\n<meta property=\"og:locale\" content=\"sv_SE\" \/>\n<meta property=\"og:type\" content=\"article\" \/>\n<meta property=\"og:title\" content=\"1.6 TDI &quot;CAY&quot; Motor [esim. Golf, Passat, Touran, Octavia, Altea]\" \/>\n<meta property=\"og:description\" content=\"En av de motorer som vi ofta har tillg\u00e4ngliga. Skicka en f\u00f6rfr\u00e5gan och f\u00e5 en offert inom 24 timmar. Motorer, v\u00e4xell\u00e5dor och andra bildelar under garanti.\" \/>\n<meta property=\"og:url\" content=\"https:\/\/autopartscenter24.com\/sv\/auton-varaosat\/1-6-tdi-cay-moottori\/\" \/>\n<meta property=\"og:site_name\" content=\"Autopartscenter24\" \/>\n<meta property=\"article:modified_time\" content=\"2023-11-29T19:25:17+00:00\" \/>\n<meta property=\"og:image\" content=\"https:\/\/autopartscenter24.com\/wp-content\/uploads\/2023\/02\/1.6-TDI_CAY_moottori.webp\" \/>\n\t<meta property=\"og:image:width\" content=\"800\" \/>\n\t<meta property=\"og:image:height\" content=\"600\" \/>\n\t<meta property=\"og:image:type\" content=\"image\/webp\" \/>\n<meta name=\"twitter:card\" content=\"summary_large_image\" \/>\n<script type=\"application\/ld+json\" class=\"yoast-schema-graph\">{\"@context\":\"https:\/\/schema.org\",\"@graph\":[{\"@type\":\"WebPage\",\"@id\":\"https:\/\/autopartscenter24.com\/auton-varaosat\/1-6-tdi-cay-moottori\/\",\"url\":\"https:\/\/autopartscenter24.com\/auton-varaosat\/1-6-tdi-cay-moottori\/\",\"name\":\"1.6 TDI \\\"CAY\\\" Motor [esim. Golf, Passat, Touran, Octavia, Altea]\",\"isPartOf\":{\"@id\":\"https:\/\/autopartscenter24.com\/#website\"},\"primaryImageOfPage\":{\"@id\":\"https:\/\/autopartscenter24.com\/auton-varaosat\/1-6-tdi-cay-moottori\/#primaryimage\"},\"image\":{\"@id\":\"https:\/\/autopartscenter24.com\/auton-varaosat\/1-6-tdi-cay-moottori\/#primaryimage\"},\"thumbnailUrl\":\"https:\/\/autopartscenter24.com\/wp-content\/uploads\/2023\/02\/1.6-TDI_CAY_moottori.webp\",\"datePublished\":\"2023-03-07T21:27:55+00:00\",\"dateModified\":\"2023-11-29T19:25:17+00:00\",\"description\":\"En av de motorer som vi ofta har tillg\u00e4ngliga. Skicka en f\u00f6rfr\u00e5gan och f\u00e5 en offert inom 24 timmar. Motorer, v\u00e4xell\u00e5dor och andra bildelar under garanti.\",\"breadcrumb\":{\"@id\":\"https:\/\/autopartscenter24.com\/auton-varaosat\/1-6-tdi-cay-moottori\/#breadcrumb\"},\"inLanguage\":\"sv-SE\",\"potentialAction\":[{\"@type\":\"ReadAction\",\"target\":[\"https:\/\/autopartscenter24.com\/auton-varaosat\/1-6-tdi-cay-moottori\/\"]}]},{\"@type\":\"ImageObject\",\"inLanguage\":\"sv-SE\",\"@id\":\"https:\/\/autopartscenter24.com\/auton-varaosat\/1-6-tdi-cay-moottori\/#primaryimage\",\"url\":\"https:\/\/autopartscenter24.com\/wp-content\/uploads\/2023\/02\/1.6-TDI_CAY_moottori.webp\",\"contentUrl\":\"https:\/\/autopartscenter24.com\/wp-content\/uploads\/2023\/02\/1.6-TDI_CAY_moottori.webp\",\"width\":800,\"height\":600},{\"@type\":\"BreadcrumbList\",\"@id\":\"https:\/\/autopartscenter24.com\/auton-varaosat\/1-6-tdi-cay-moottori\/#breadcrumb\",\"itemListElement\":[{\"@type\":\"ListItem\",\"position\":1,\"name\":\"Hem\",\"item\":\"https:\/\/aliceblue-termite-662564.hostingersite.com\/\"},{\"@type\":\"ListItem\",\"position\":2,\"name\":\"Auton varaosat\",\"item\":\"https:\/\/aliceblue-termite-662564.hostingersite.com\/auton-varaosat\/\"},{\"@type\":\"ListItem\",\"position\":3,\"name\":\"1.6 TDI &#8221;CAY&#8221; Motor [esim. Golf, Passat, Touran, Octavia, Altea]\"}]},{\"@type\":\"WebSite\",\"@id\":\"https:\/\/autopartscenter24.com\/#website\",\"url\":\"https:\/\/autopartscenter24.com\/\",\"name\":\"Autopartscenter24\",\"description\":\"K\u00c4YTETYT JA KUNNOSTETUT  AUTON VARAOSAT\",\"potentialAction\":[{\"@type\":\"SearchAction\",\"target\":{\"@type\":\"EntryPoint\",\"urlTemplate\":\"https:\/\/autopartscenter24.com\/?s={search_term_string}\"},\"query-input\":{\"@type\":\"PropertyValueSpecification\",\"valueRequired\":true,\"valueName\":\"search_term_string\"}}],\"inLanguage\":\"sv-SE\"}]}<\/script>\n<!-- \/ Yoast SEO plugin. -->","yoast_head_json":{"title":"1.6 TDI \"CAY\" Motor [esim. Golf, Passat, Touran, Octavia, Altea]","description":"En av de motorer som vi ofta har tillg\u00e4ngliga. Skicka en f\u00f6rfr\u00e5gan och f\u00e5 en offert inom 24 timmar. Motorer, v\u00e4xell\u00e5dor och andra bildelar under garanti.","robots":{"index":"index","follow":"follow","max-snippet":"max-snippet:-1","max-image-preview":"max-image-preview:large","max-video-preview":"max-video-preview:-1"},"canonical":"https:\/\/autopartscenter24.com\/sv\/auton-varaosat\/1-6-tdi-cay-moottori\/","og_locale":"sv_SE","og_type":"article","og_title":"1.6 TDI \"CAY\" Motor [esim. Golf, Passat, Touran, Octavia, Altea]","og_description":"En av de motorer som vi ofta har tillg\u00e4ngliga. Skicka en f\u00f6rfr\u00e5gan och f\u00e5 en offert inom 24 timmar. Motorer, v\u00e4xell\u00e5dor och andra bildelar under garanti.","og_url":"https:\/\/autopartscenter24.com\/sv\/auton-varaosat\/1-6-tdi-cay-moottori\/","og_site_name":"Autopartscenter24","article_modified_time":"2023-11-29T19:25:17+00:00","og_image":[{"width":800,"height":600,"url":"https:\/\/autopartscenter24.com\/wp-content\/uploads\/2023\/02\/1.6-TDI_CAY_moottori.webp","type":"image\/webp"}],"twitter_card":"summary_large_image","schema":{"@context":"https:\/\/schema.org","@graph":[{"@type":"WebPage","@id":"https:\/\/autopartscenter24.com\/auton-varaosat\/1-6-tdi-cay-moottori\/","url":"https:\/\/autopartscenter24.com\/auton-varaosat\/1-6-tdi-cay-moottori\/","name":"1.6 TDI \"CAY\" Motor [esim. Golf, Passat, Touran, Octavia, Altea]","isPartOf":{"@id":"https:\/\/autopartscenter24.com\/#website"},"primaryImageOfPage":{"@id":"https:\/\/autopartscenter24.com\/auton-varaosat\/1-6-tdi-cay-moottori\/#primaryimage"},"image":{"@id":"https:\/\/autopartscenter24.com\/auton-varaosat\/1-6-tdi-cay-moottori\/#primaryimage"},"thumbnailUrl":"https:\/\/autopartscenter24.com\/wp-content\/uploads\/2023\/02\/1.6-TDI_CAY_moottori.webp","datePublished":"2023-03-07T21:27:55+00:00","dateModified":"2023-11-29T19:25:17+00:00","description":"En av de motorer som vi ofta har tillg\u00e4ngliga. Skicka en f\u00f6rfr\u00e5gan och f\u00e5 en offert inom 24 timmar. Motorer, v\u00e4xell\u00e5dor och andra bildelar under garanti.","breadcrumb":{"@id":"https:\/\/autopartscenter24.com\/auton-varaosat\/1-6-tdi-cay-moottori\/#breadcrumb"},"inLanguage":"sv-SE","potentialAction":[{"@type":"ReadAction","target":["https:\/\/autopartscenter24.com\/auton-varaosat\/1-6-tdi-cay-moottori\/"]}]},{"@type":"ImageObject","inLanguage":"sv-SE","@id":"https:\/\/autopartscenter24.com\/auton-varaosat\/1-6-tdi-cay-moottori\/#primaryimage","url":"https:\/\/autopartscenter24.com\/wp-content\/uploads\/2023\/02\/1.6-TDI_CAY_moottori.webp","contentUrl":"https:\/\/autopartscenter24.com\/wp-content\/uploads\/2023\/02\/1.6-TDI_CAY_moottori.webp","width":800,"height":600},{"@type":"BreadcrumbList","@id":"https:\/\/autopartscenter24.com\/auton-varaosat\/1-6-tdi-cay-moottori\/#breadcrumb","itemListElement":[{"@type":"ListItem","position":1,"name":"Hem","item":"https:\/\/aliceblue-termite-662564.hostingersite.com\/"},{"@type":"ListItem","position":2,"name":"Auton varaosat","item":"https:\/\/aliceblue-termite-662564.hostingersite.com\/auton-varaosat\/"},{"@type":"ListItem","position":3,"name":"1.6 TDI &#8221;CAY&#8221; Motor [esim. Golf, Passat, Touran, Octavia, Altea]"}]},{"@type":"WebSite","@id":"https:\/\/autopartscenter24.com\/#website","url":"https:\/\/autopartscenter24.com\/","name":"Autopartscenter24","description":"K\u00c4YTETYT JA KUNNOSTETUT  AUTON VARAOSAT","potentialAction":[{"@type":"SearchAction","target":{"@type":"EntryPoint","urlTemplate":"https:\/\/autopartscenter24.com\/?s={search_term_string}"},"query-input":{"@type":"PropertyValueSpecification","valueRequired":true,"valueName":"search_term_string"}}],"inLanguage":"sv-SE"}]}},"_links":{"self":[{"href":"https:\/\/autopartscenter24.com\/sv\/wp-json\/wp\/v2\/product\/4041","targetHints":{"allow":["GET"]}}],"collection":[{"href":"https:\/\/autopartscenter24.com\/sv\/wp-json\/wp\/v2\/product"}],"about":[{"href":"https:\/\/autopartscenter24.com\/sv\/wp-json\/wp\/v2\/types\/product"}],"wp:featuredmedia":[{"embeddable":true,"href":"https:\/\/autopartscenter24.com\/sv\/wp-json\/wp\/v2\/media\/4325"}],"wp:attachment":[{"href":"https:\/\/autopartscenter24.com\/sv\/wp-json\/wp\/v2\/media?parent=4041"}],"wp:term":[{"taxonomy":"product_brand","embeddable":true,"href":"https:\/\/autopartscenter24.com\/sv\/wp-json\/wp\/v2\/product_brand?post=4041"},{"taxonomy":"product_cat","embeddable":true,"href":"https:\/\/autopartscenter24.com\/sv\/wp-json\/wp\/v2\/product_cat?post=4041"},{"taxonomy":"product_tag","embeddable":true,"href":"https:\/\/autopartscenter24.com\/sv\/wp-json\/wp\/v2\/product_tag?post=4041"}],"curies":[{"name":"wp","href":"https:\/\/api.w.org\/{rel}","templated":true}]}}