{"id":5552,"date":"2023-11-26T22:39:12","date_gmt":"2023-11-26T21:39:12","guid":{"rendered":"https:\/\/autopartscenter24.com\/blogg\/"},"modified":"2023-11-29T16:08:43","modified_gmt":"2023-11-29T15:08:43","slug":"blogg","status":"publish","type":"page","link":"https:\/\/autopartscenter24.com\/sv\/blogg\/","title":{"rendered":"Blogg"},"content":{"rendered":"<div id=\"cs-content\" class=\"cs-content\"><\/div>\n","protected":false},"excerpt":{"rendered":"<p>BEGAGNADE OCH RENOVERADE BILDELAR Tusentals begagnade och renoverade motorer, v&auml;xell&aring;dor och andra bildelar f&ouml;r bilar som producerats mellan 1995 och 2023 till rimliga priser F&Ouml;RFR&Aring;GANk\u00e4ytetyt ja kunnostetut Bil reservdelarTusentals begagnade och renoverade ers\u00e4ttningsmotorer, v\u00e4xell\u00e5dor och andra bildelar fr\u00e5n 1995-2023 biltillverkare till rimliga priser Fr\u00e5gaVi svarar p&aring; alla f&ouml;rfr&aring;gningar INOM 24 TIMMARSnabb leverans till FINLAND &#8211; SVERIGE &#8211; NORGEUpp till 30% &#8230;<\/p>\n","protected":false},"author":1,"featured_media":0,"parent":0,"menu_order":0,"comment_status":"closed","ping_status":"closed","template":"template-blank-4.php","meta":{"footnotes":""},"class_list":["post-5552","page","type-page","status-publish","hentry","no-post-thumbnail"],"yoast_head":"<!-- This site is optimized with the Yoast SEO plugin v26.8 - https:\/\/yoast.com\/product\/yoast-seo-wordpress\/ -->\n<title>Blogg - Autopartscenter24<\/title>\n<meta name=\"description\" content=\"En omfattande informationsbank om olika bilreparations\u00e4mnen: tips, instruktioner och expertr\u00e5d.\" \/>\n<meta name=\"robots\" content=\"index, follow, max-snippet:-1, max-image-preview:large, max-video-preview:-1\" \/>\n<link rel=\"canonical\" href=\"https:\/\/autopartscenter24.com\/sv\/blogi\/\" \/>\n<meta property=\"og:locale\" content=\"sv_SE\" \/>\n<meta property=\"og:type\" content=\"article\" \/>\n<meta property=\"og:title\" content=\"Blogg - Autopartscenter24\" \/>\n<meta property=\"og:description\" content=\"En omfattande informationsbank om olika bilreparations\u00e4mnen: tips, instruktioner och expertr\u00e5d.\" \/>\n<meta property=\"og:url\" content=\"https:\/\/autopartscenter24.com\/sv\/blogi\/\" \/>\n<meta property=\"og:site_name\" content=\"Autopartscenter24\" \/>\n<meta property=\"article:modified_time\" content=\"2023-11-29T15:08:43+00:00\" \/>\n<meta name=\"twitter:card\" content=\"summary_large_image\" \/>\n<meta name=\"twitter:label1\" content=\"Ber\u00e4knad l\u00e4stid\" \/>\n\t<meta name=\"twitter:data1\" content=\"5 minuter\" \/>\n<script type=\"application\/ld+json\" class=\"yoast-schema-graph\">{\"@context\":\"https:\/\/schema.org\",\"@graph\":[{\"@type\":\"WebPage\",\"@id\":\"https:\/\/aliceblue-termite-662564.hostingersite.com\/blogi\/\",\"url\":\"https:\/\/aliceblue-termite-662564.hostingersite.com\/blogi\/\",\"name\":\"Blogg - Autopartscenter24\",\"isPartOf\":{\"@id\":\"https:\/\/autopartscenter24.com\/#website\"},\"datePublished\":\"2023-11-26T21:39:12+00:00\",\"dateModified\":\"2023-11-29T15:08:43+00:00\",\"description\":\"En omfattande informationsbank om olika bilreparations\u00e4mnen: tips, instruktioner och expertr\u00e5d.\",\"breadcrumb\":{\"@id\":\"https:\/\/aliceblue-termite-662564.hostingersite.com\/blogi\/#breadcrumb\"},\"inLanguage\":\"sv-SE\",\"potentialAction\":[{\"@type\":\"ReadAction\",\"target\":[\"https:\/\/aliceblue-termite-662564.hostingersite.com\/blogi\/\"]}]},{\"@type\":\"BreadcrumbList\",\"@id\":\"https:\/\/aliceblue-termite-662564.hostingersite.com\/blogi\/#breadcrumb\",\"itemListElement\":[{\"@type\":\"ListItem\",\"position\":1,\"name\":\"Hem\",\"item\":\"https:\/\/aliceblue-termite-662564.hostingersite.com\/\"},{\"@type\":\"ListItem\",\"position\":2,\"name\":\"Blogg\"}]},{\"@type\":\"WebSite\",\"@id\":\"https:\/\/autopartscenter24.com\/#website\",\"url\":\"https:\/\/autopartscenter24.com\/\",\"name\":\"Autopartscenter24\",\"description\":\"K\u00c4YTETYT JA KUNNOSTETUT  AUTON VARAOSAT\",\"potentialAction\":[{\"@type\":\"SearchAction\",\"target\":{\"@type\":\"EntryPoint\",\"urlTemplate\":\"https:\/\/autopartscenter24.com\/?s={search_term_string}\"},\"query-input\":{\"@type\":\"PropertyValueSpecification\",\"valueRequired\":true,\"valueName\":\"search_term_string\"}}],\"inLanguage\":\"sv-SE\"}]}<\/script>\n<!-- \/ Yoast SEO plugin. -->","yoast_head_json":{"title":"Blogg - Autopartscenter24","description":"En omfattande informationsbank om olika bilreparations\u00e4mnen: tips, instruktioner och expertr\u00e5d.","robots":{"index":"index","follow":"follow","max-snippet":"max-snippet:-1","max-image-preview":"max-image-preview:large","max-video-preview":"max-video-preview:-1"},"canonical":"https:\/\/autopartscenter24.com\/sv\/blogi\/","og_locale":"sv_SE","og_type":"article","og_title":"Blogg - Autopartscenter24","og_description":"En omfattande informationsbank om olika bilreparations\u00e4mnen: tips, instruktioner och expertr\u00e5d.","og_url":"https:\/\/autopartscenter24.com\/sv\/blogi\/","og_site_name":"Autopartscenter24","article_modified_time":"2023-11-29T15:08:43+00:00","twitter_card":"summary_large_image","twitter_misc":{"Ber\u00e4knad l\u00e4stid":"5 minuter"},"schema":{"@context":"https:\/\/schema.org","@graph":[{"@type":"WebPage","@id":"https:\/\/aliceblue-termite-662564.hostingersite.com\/blogi\/","url":"https:\/\/aliceblue-termite-662564.hostingersite.com\/blogi\/","name":"Blogg - Autopartscenter24","isPartOf":{"@id":"https:\/\/autopartscenter24.com\/#website"},"datePublished":"2023-11-26T21:39:12+00:00","dateModified":"2023-11-29T15:08:43+00:00","description":"En omfattande informationsbank om olika bilreparations\u00e4mnen: tips, instruktioner och expertr\u00e5d.","breadcrumb":{"@id":"https:\/\/aliceblue-termite-662564.hostingersite.com\/blogi\/#breadcrumb"},"inLanguage":"sv-SE","potentialAction":[{"@type":"ReadAction","target":["https:\/\/aliceblue-termite-662564.hostingersite.com\/blogi\/"]}]},{"@type":"BreadcrumbList","@id":"https:\/\/aliceblue-termite-662564.hostingersite.com\/blogi\/#breadcrumb","itemListElement":[{"@type":"ListItem","position":1,"name":"Hem","item":"https:\/\/aliceblue-termite-662564.hostingersite.com\/"},{"@type":"ListItem","position":2,"name":"Blogg"}]},{"@type":"WebSite","@id":"https:\/\/autopartscenter24.com\/#website","url":"https:\/\/autopartscenter24.com\/","name":"Autopartscenter24","description":"K\u00c4YTETYT JA KUNNOSTETUT  AUTON VARAOSAT","potentialAction":[{"@type":"SearchAction","target":{"@type":"EntryPoint","urlTemplate":"https:\/\/autopartscenter24.com\/?s={search_term_string}"},"query-input":{"@type":"PropertyValueSpecification","valueRequired":true,"valueName":"search_term_string"}}],"inLanguage":"sv-SE"}]}},"_links":{"self":[{"href":"https:\/\/autopartscenter24.com\/sv\/wp-json\/wp\/v2\/pages\/5552","targetHints":{"allow":["GET"]}}],"collection":[{"href":"https:\/\/autopartscenter24.com\/sv\/wp-json\/wp\/v2\/pages"}],"about":[{"href":"https:\/\/autopartscenter24.com\/sv\/wp-json\/wp\/v2\/types\/page"}],"author":[{"embeddable":true,"href":"https:\/\/autopartscenter24.com\/sv\/wp-json\/wp\/v2\/users\/1"}],"replies":[{"embeddable":true,"href":"https:\/\/autopartscenter24.com\/sv\/wp-json\/wp\/v2\/comments?post=5552"}],"version-history":[{"count":0,"href":"https:\/\/autopartscenter24.com\/sv\/wp-json\/wp\/v2\/pages\/5552\/revisions"}],"wp:attachment":[{"href":"https:\/\/autopartscenter24.com\/sv\/wp-json\/wp\/v2\/media?parent=5552"}],"curies":[{"name":"wp","href":"https:\/\/api.w.org\/{rel}","templated":true}]}}