{"id":5414,"date":"2023-11-25T20:48:43","date_gmt":"2023-11-25T19:48:43","guid":{"rendered":"https:\/\/autopartscenter24.com\/reservdelar-till-bilar\/"},"modified":"2023-11-29T23:08:07","modified_gmt":"2023-11-29T22:08:07","slug":"reservdelar-till-bilar","status":"publish","type":"page","link":"https:\/\/autopartscenter24.com\/sv\/reservdelar-till-bilar\/","title":{"rendered":"Reservdelar till bilar"},"content":{"rendered":"<div id=\"cs-content\" class=\"cs-content\"><\/div>\n","protected":false},"excerpt":{"rendered":"","protected":false},"author":1,"featured_media":0,"parent":0,"menu_order":0,"comment_status":"closed","ping_status":"closed","template":"","meta":{"footnotes":""},"class_list":["post-5414","page","type-page","status-publish","hentry","no-post-thumbnail"],"yoast_head":"<!-- This site is optimized with the Yoast SEO plugin v26.8 - https:\/\/yoast.com\/product\/yoast-seo-wordpress\/ -->\n<title>Reservdelar till bilar - Autopartscenter24<\/title>\n<meta name=\"description\" content=\"Stort utbud av begagnade bildelar i lager, inklusive motorer, v\u00e4xell\u00e5dor och andra delar. Inspekterade delar som omfattas av en garanti. Vi besvarar alla f\u00f6rfr\u00e5gningar inom 24 timmar.\" \/>\n<meta name=\"robots\" content=\"index, follow, max-snippet:-1, max-image-preview:large, max-video-preview:-1\" \/>\n<link rel=\"canonical\" href=\"https:\/\/autopartscenter24.com\/sv\/auton-varaosat\/\" \/>\n<meta property=\"og:locale\" content=\"sv_SE\" \/>\n<meta property=\"og:type\" content=\"article\" \/>\n<meta property=\"og:title\" content=\"Reservdelar till bilar - Autopartscenter24\" \/>\n<meta property=\"og:description\" content=\"Stort utbud av begagnade bildelar i lager, inklusive motorer, v\u00e4xell\u00e5dor och andra delar. Inspekterade delar som omfattas av en garanti. Vi besvarar alla f\u00f6rfr\u00e5gningar inom 24 timmar.\" \/>\n<meta property=\"og:url\" content=\"https:\/\/autopartscenter24.com\/sv\/auton-varaosat\/\" \/>\n<meta property=\"og:site_name\" content=\"Autopartscenter24\" \/>\n<meta property=\"article:modified_time\" content=\"2023-11-29T22:08:07+00:00\" \/>\n<meta name=\"twitter:card\" content=\"summary_large_image\" \/>\n<meta name=\"twitter:label1\" content=\"Ber\u00e4knad l\u00e4stid\" \/>\n\t<meta name=\"twitter:data1\" content=\"1 minut\" \/>\n<script type=\"application\/ld+json\" class=\"yoast-schema-graph\">{\"@context\":\"https:\/\/schema.org\",\"@graph\":[{\"@type\":\"WebPage\",\"@id\":\"https:\/\/aliceblue-termite-662564.hostingersite.com\/auton-varaosat\/\",\"url\":\"https:\/\/aliceblue-termite-662564.hostingersite.com\/auton-varaosat\/\",\"name\":\"Reservdelar till bilar - Autopartscenter24\",\"isPartOf\":{\"@id\":\"https:\/\/autopartscenter24.com\/#website\"},\"datePublished\":\"2023-11-25T19:48:43+00:00\",\"dateModified\":\"2023-11-29T22:08:07+00:00\",\"description\":\"Stort utbud av begagnade bildelar i lager, inklusive motorer, v\u00e4xell\u00e5dor och andra delar. Inspekterade delar som omfattas av en garanti. Vi besvarar alla f\u00f6rfr\u00e5gningar inom 24 timmar.\",\"breadcrumb\":{\"@id\":\"https:\/\/aliceblue-termite-662564.hostingersite.com\/auton-varaosat\/#breadcrumb\"},\"inLanguage\":\"sv-SE\",\"potentialAction\":[{\"@type\":\"ReadAction\",\"target\":[\"https:\/\/aliceblue-termite-662564.hostingersite.com\/auton-varaosat\/\"]}]},{\"@type\":\"BreadcrumbList\",\"@id\":\"https:\/\/aliceblue-termite-662564.hostingersite.com\/auton-varaosat\/#breadcrumb\",\"itemListElement\":[{\"@type\":\"ListItem\",\"position\":1,\"name\":\"Hem\",\"item\":\"https:\/\/aliceblue-termite-662564.hostingersite.com\/\"},{\"@type\":\"ListItem\",\"position\":2,\"name\":\"Reservdelar till bilar\"}]},{\"@type\":\"WebSite\",\"@id\":\"https:\/\/autopartscenter24.com\/#website\",\"url\":\"https:\/\/autopartscenter24.com\/\",\"name\":\"Autopartscenter24\",\"description\":\"K\u00c4YTETYT JA KUNNOSTETUT  AUTON VARAOSAT\",\"potentialAction\":[{\"@type\":\"SearchAction\",\"target\":{\"@type\":\"EntryPoint\",\"urlTemplate\":\"https:\/\/autopartscenter24.com\/?s={search_term_string}\"},\"query-input\":{\"@type\":\"PropertyValueSpecification\",\"valueRequired\":true,\"valueName\":\"search_term_string\"}}],\"inLanguage\":\"sv-SE\"}]}<\/script>\n<!-- \/ Yoast SEO plugin. -->","yoast_head_json":{"title":"Reservdelar till bilar - Autopartscenter24","description":"Stort utbud av begagnade bildelar i lager, inklusive motorer, v\u00e4xell\u00e5dor och andra delar. Inspekterade delar som omfattas av en garanti. Vi besvarar alla f\u00f6rfr\u00e5gningar inom 24 timmar.","robots":{"index":"index","follow":"follow","max-snippet":"max-snippet:-1","max-image-preview":"max-image-preview:large","max-video-preview":"max-video-preview:-1"},"canonical":"https:\/\/autopartscenter24.com\/sv\/auton-varaosat\/","og_locale":"sv_SE","og_type":"article","og_title":"Reservdelar till bilar - Autopartscenter24","og_description":"Stort utbud av begagnade bildelar i lager, inklusive motorer, v\u00e4xell\u00e5dor och andra delar. Inspekterade delar som omfattas av en garanti. Vi besvarar alla f\u00f6rfr\u00e5gningar inom 24 timmar.","og_url":"https:\/\/autopartscenter24.com\/sv\/auton-varaosat\/","og_site_name":"Autopartscenter24","article_modified_time":"2023-11-29T22:08:07+00:00","twitter_card":"summary_large_image","twitter_misc":{"Ber\u00e4knad l\u00e4stid":"1 minut"},"schema":{"@context":"https:\/\/schema.org","@graph":[{"@type":"WebPage","@id":"https:\/\/aliceblue-termite-662564.hostingersite.com\/auton-varaosat\/","url":"https:\/\/aliceblue-termite-662564.hostingersite.com\/auton-varaosat\/","name":"Reservdelar till bilar - Autopartscenter24","isPartOf":{"@id":"https:\/\/autopartscenter24.com\/#website"},"datePublished":"2023-11-25T19:48:43+00:00","dateModified":"2023-11-29T22:08:07+00:00","description":"Stort utbud av begagnade bildelar i lager, inklusive motorer, v\u00e4xell\u00e5dor och andra delar. Inspekterade delar som omfattas av en garanti. Vi besvarar alla f\u00f6rfr\u00e5gningar inom 24 timmar.","breadcrumb":{"@id":"https:\/\/aliceblue-termite-662564.hostingersite.com\/auton-varaosat\/#breadcrumb"},"inLanguage":"sv-SE","potentialAction":[{"@type":"ReadAction","target":["https:\/\/aliceblue-termite-662564.hostingersite.com\/auton-varaosat\/"]}]},{"@type":"BreadcrumbList","@id":"https:\/\/aliceblue-termite-662564.hostingersite.com\/auton-varaosat\/#breadcrumb","itemListElement":[{"@type":"ListItem","position":1,"name":"Hem","item":"https:\/\/aliceblue-termite-662564.hostingersite.com\/"},{"@type":"ListItem","position":2,"name":"Reservdelar till bilar"}]},{"@type":"WebSite","@id":"https:\/\/autopartscenter24.com\/#website","url":"https:\/\/autopartscenter24.com\/","name":"Autopartscenter24","description":"K\u00c4YTETYT JA KUNNOSTETUT  AUTON VARAOSAT","potentialAction":[{"@type":"SearchAction","target":{"@type":"EntryPoint","urlTemplate":"https:\/\/autopartscenter24.com\/?s={search_term_string}"},"query-input":{"@type":"PropertyValueSpecification","valueRequired":true,"valueName":"search_term_string"}}],"inLanguage":"sv-SE"}]}},"_links":{"self":[{"href":"https:\/\/autopartscenter24.com\/sv\/wp-json\/wp\/v2\/pages\/5414","targetHints":{"allow":["GET"]}}],"collection":[{"href":"https:\/\/autopartscenter24.com\/sv\/wp-json\/wp\/v2\/pages"}],"about":[{"href":"https:\/\/autopartscenter24.com\/sv\/wp-json\/wp\/v2\/types\/page"}],"author":[{"embeddable":true,"href":"https:\/\/autopartscenter24.com\/sv\/wp-json\/wp\/v2\/users\/1"}],"replies":[{"embeddable":true,"href":"https:\/\/autopartscenter24.com\/sv\/wp-json\/wp\/v2\/comments?post=5414"}],"version-history":[{"count":0,"href":"https:\/\/autopartscenter24.com\/sv\/wp-json\/wp\/v2\/pages\/5414\/revisions"}],"wp:attachment":[{"href":"https:\/\/autopartscenter24.com\/sv\/wp-json\/wp\/v2\/media?parent=5414"}],"curies":[{"name":"wp","href":"https:\/\/api.w.org\/{rel}","templated":true}]}}