{"id":516,"date":"2019-07-24T21:18:51","date_gmt":"2019-07-24T19:18:51","guid":{"rendered":"https:\/\/autopartscenter24.com\/?page_id=516"},"modified":"2023-11-28T17:15:40","modified_gmt":"2023-11-28T16:15:40","slug":"integritetspolicy","status":"publish","type":"page","link":"https:\/\/autopartscenter24.com\/sv\/integritetspolicy\/","title":{"rendered":"Integritetspolicy"},"content":{"rendered":"<div id=\"cs-content\" class=\"cs-content\"><\/div>\n","protected":false},"excerpt":{"rendered":"<p>Integritetspolicy F\u00f6r n\u00e4rvarande \u00e4r sekretesspolicyn endast tillg\u00e4nglig p\u00e5 engelska.\u00a0Kontakta oss om du inte f\u00f6rst\u00e5r n\u00e5got.&nbsp;1. An overview of data protectionGeneral The following gives a simple overview of what happens to your personal information when you visit our website. Personal information is any data with which you could be personally identified. Detailed information on the subject of data protection can be &#8230;<\/p>\n","protected":false},"author":1,"featured_media":0,"parent":0,"menu_order":0,"comment_status":"closed","ping_status":"closed","template":"","meta":{"footnotes":""},"class_list":["post-516","page","type-page","status-publish","hentry","no-post-thumbnail"],"yoast_head":"<!-- This site is optimized with the Yoast SEO plugin v26.8 - https:\/\/yoast.com\/product\/yoast-seo-wordpress\/ -->\n<title>Integritetspolicy - Autopartscenter24<\/title>\n<meta name=\"description\" content=\"Tusentals begagnade och renoverade motorer, v\u00e4xell\u00e5dor och andra bildelar f\u00f6r bilar som producerats mellan 1995 och 2019 till rimliga priser\" \/>\n<meta name=\"robots\" content=\"index, follow, max-snippet:-1, max-image-preview:large, max-video-preview:-1\" \/>\n<link rel=\"canonical\" href=\"https:\/\/autopartscenter24.com\/sv\/tietosuojakaytanto\/\" \/>\n<meta property=\"og:locale\" content=\"sv_SE\" \/>\n<meta property=\"og:type\" content=\"article\" \/>\n<meta property=\"og:title\" content=\"Integritetspolicy - Autopartscenter24\" \/>\n<meta property=\"og:description\" content=\"Tusentals begagnade och renoverade motorer, v\u00e4xell\u00e5dor och andra bildelar f\u00f6r bilar som producerats mellan 1995 och 2019 till rimliga priser\" \/>\n<meta property=\"og:url\" content=\"https:\/\/autopartscenter24.com\/sv\/tietosuojakaytanto\/\" \/>\n<meta property=\"og:site_name\" content=\"Autopartscenter24\" \/>\n<meta property=\"article:modified_time\" content=\"2023-11-28T16:15:40+00:00\" \/>\n<meta name=\"twitter:card\" content=\"summary_large_image\" \/>\n<meta name=\"twitter:label1\" content=\"Ber\u00e4knad l\u00e4stid\" \/>\n\t<meta name=\"twitter:data1\" content=\"6 minuter\" \/>\n<script type=\"application\/ld+json\" class=\"yoast-schema-graph\">{\"@context\":\"https:\/\/schema.org\",\"@graph\":[{\"@type\":\"WebPage\",\"@id\":\"https:\/\/aliceblue-termite-662564.hostingersite.com\/tietosuojakaytanto\/\",\"url\":\"https:\/\/aliceblue-termite-662564.hostingersite.com\/tietosuojakaytanto\/\",\"name\":\"Integritetspolicy - Autopartscenter24\",\"isPartOf\":{\"@id\":\"https:\/\/autopartscenter24.com\/#website\"},\"datePublished\":\"2019-07-24T19:18:51+00:00\",\"dateModified\":\"2023-11-28T16:15:40+00:00\",\"description\":\"Tusentals begagnade och renoverade motorer, v\u00e4xell\u00e5dor och andra bildelar f\u00f6r bilar som producerats mellan 1995 och 2019 till rimliga priser\",\"breadcrumb\":{\"@id\":\"https:\/\/aliceblue-termite-662564.hostingersite.com\/tietosuojakaytanto\/#breadcrumb\"},\"inLanguage\":\"sv-SE\",\"potentialAction\":[{\"@type\":\"ReadAction\",\"target\":[\"https:\/\/aliceblue-termite-662564.hostingersite.com\/tietosuojakaytanto\/\"]}]},{\"@type\":\"BreadcrumbList\",\"@id\":\"https:\/\/aliceblue-termite-662564.hostingersite.com\/tietosuojakaytanto\/#breadcrumb\",\"itemListElement\":[{\"@type\":\"ListItem\",\"position\":1,\"name\":\"Hem\",\"item\":\"https:\/\/aliceblue-termite-662564.hostingersite.com\/\"},{\"@type\":\"ListItem\",\"position\":2,\"name\":\"Integritetspolicy\"}]},{\"@type\":\"WebSite\",\"@id\":\"https:\/\/autopartscenter24.com\/#website\",\"url\":\"https:\/\/autopartscenter24.com\/\",\"name\":\"Autopartscenter24\",\"description\":\"K\u00c4YTETYT JA KUNNOSTETUT  AUTON VARAOSAT\",\"potentialAction\":[{\"@type\":\"SearchAction\",\"target\":{\"@type\":\"EntryPoint\",\"urlTemplate\":\"https:\/\/autopartscenter24.com\/?s={search_term_string}\"},\"query-input\":{\"@type\":\"PropertyValueSpecification\",\"valueRequired\":true,\"valueName\":\"search_term_string\"}}],\"inLanguage\":\"sv-SE\"}]}<\/script>\n<!-- \/ Yoast SEO plugin. -->","yoast_head_json":{"title":"Integritetspolicy - Autopartscenter24","description":"Tusentals begagnade och renoverade motorer, v\u00e4xell\u00e5dor och andra bildelar f\u00f6r bilar som producerats mellan 1995 och 2019 till rimliga priser","robots":{"index":"index","follow":"follow","max-snippet":"max-snippet:-1","max-image-preview":"max-image-preview:large","max-video-preview":"max-video-preview:-1"},"canonical":"https:\/\/autopartscenter24.com\/sv\/tietosuojakaytanto\/","og_locale":"sv_SE","og_type":"article","og_title":"Integritetspolicy - Autopartscenter24","og_description":"Tusentals begagnade och renoverade motorer, v\u00e4xell\u00e5dor och andra bildelar f\u00f6r bilar som producerats mellan 1995 och 2019 till rimliga priser","og_url":"https:\/\/autopartscenter24.com\/sv\/tietosuojakaytanto\/","og_site_name":"Autopartscenter24","article_modified_time":"2023-11-28T16:15:40+00:00","twitter_card":"summary_large_image","twitter_misc":{"Ber\u00e4knad l\u00e4stid":"6 minuter"},"schema":{"@context":"https:\/\/schema.org","@graph":[{"@type":"WebPage","@id":"https:\/\/aliceblue-termite-662564.hostingersite.com\/tietosuojakaytanto\/","url":"https:\/\/aliceblue-termite-662564.hostingersite.com\/tietosuojakaytanto\/","name":"Integritetspolicy - Autopartscenter24","isPartOf":{"@id":"https:\/\/autopartscenter24.com\/#website"},"datePublished":"2019-07-24T19:18:51+00:00","dateModified":"2023-11-28T16:15:40+00:00","description":"Tusentals begagnade och renoverade motorer, v\u00e4xell\u00e5dor och andra bildelar f\u00f6r bilar som producerats mellan 1995 och 2019 till rimliga priser","breadcrumb":{"@id":"https:\/\/aliceblue-termite-662564.hostingersite.com\/tietosuojakaytanto\/#breadcrumb"},"inLanguage":"sv-SE","potentialAction":[{"@type":"ReadAction","target":["https:\/\/aliceblue-termite-662564.hostingersite.com\/tietosuojakaytanto\/"]}]},{"@type":"BreadcrumbList","@id":"https:\/\/aliceblue-termite-662564.hostingersite.com\/tietosuojakaytanto\/#breadcrumb","itemListElement":[{"@type":"ListItem","position":1,"name":"Hem","item":"https:\/\/aliceblue-termite-662564.hostingersite.com\/"},{"@type":"ListItem","position":2,"name":"Integritetspolicy"}]},{"@type":"WebSite","@id":"https:\/\/autopartscenter24.com\/#website","url":"https:\/\/autopartscenter24.com\/","name":"Autopartscenter24","description":"K\u00c4YTETYT JA KUNNOSTETUT  AUTON VARAOSAT","potentialAction":[{"@type":"SearchAction","target":{"@type":"EntryPoint","urlTemplate":"https:\/\/autopartscenter24.com\/?s={search_term_string}"},"query-input":{"@type":"PropertyValueSpecification","valueRequired":true,"valueName":"search_term_string"}}],"inLanguage":"sv-SE"}]}},"_links":{"self":[{"href":"https:\/\/autopartscenter24.com\/sv\/wp-json\/wp\/v2\/pages\/516","targetHints":{"allow":["GET"]}}],"collection":[{"href":"https:\/\/autopartscenter24.com\/sv\/wp-json\/wp\/v2\/pages"}],"about":[{"href":"https:\/\/autopartscenter24.com\/sv\/wp-json\/wp\/v2\/types\/page"}],"author":[{"embeddable":true,"href":"https:\/\/autopartscenter24.com\/sv\/wp-json\/wp\/v2\/users\/1"}],"replies":[{"embeddable":true,"href":"https:\/\/autopartscenter24.com\/sv\/wp-json\/wp\/v2\/comments?post=516"}],"version-history":[{"count":0,"href":"https:\/\/autopartscenter24.com\/sv\/wp-json\/wp\/v2\/pages\/516\/revisions"}],"wp:attachment":[{"href":"https:\/\/autopartscenter24.com\/sv\/wp-json\/wp\/v2\/media?parent=516"}],"curies":[{"name":"wp","href":"https:\/\/api.w.org\/{rel}","templated":true}]}}