{"id":5805,"date":"2023-03-04T17:44:00","date_gmt":"2023-12-02T19:10:54","guid":{"rendered":"https:\/\/autopartscenter24.com\/product\/2-0-tdi-bpw-motor-f-eks-golf-passat-a3-a4-octavia-leon\/"},"modified":"2023-12-02T20:10:54","modified_gmt":"2023-12-02T19:10:54","slug":"2-0-tdi-bpw-motor-f-eks-golf-passat-a3-a4-octavia-leon","status":"publish","type":"product","link":"https:\/\/autopartscenter24.com\/no\/auton-varaosat\/2-0-tdi-bpw-motor-f-eks-golf-passat-a3-a4-octavia-leon\/","title":{"rendered":"2.0 TDI &laquo;BPW&raquo;-motor [f.eks. Golf, Passat, A3, A4, Octavia, Leon]"},"content":{"rendered":"<p><strong>2.0 TDI-motoren<\/strong> med motorkode <strong>BPW<\/strong> er en dieselmotor utviklet av Volkswagen AG. Det er en superladet firesylindret motor med et slagvolum p\u00e5 2,0 liter og ble f\u00f8rst introdusert i 2005. Denne motoren er en del av &laquo;EA189&raquo;-motorfamilien som ble brukt i forskjellige Volkswagen Group-biler.<\/p>\n<p>BPW-motoren har et felles trykkinnspr\u00f8ytningssystem som tilf\u00f8rer drivstoff ved h\u00f8yt trykk til motoren via et felles trykkr\u00f8r. Dette systemet gir bedre drivstoffeffektivitet og lavere utslipp sammenlignet med eldre innspr\u00f8ytningssystemer. Motoren har ogs\u00e5 en kompressor hvis variable geometri justerer vinklene for \u00e5 optimere kompressorkompresjonen ved forskjellige motorhastigheter.<\/p>\n<p>BPW-motoren har en maksimal ytelse p\u00e5 140 hestekrefter (103 kW) ved 4000 o\/min og et toppmoment p\u00e5 320 Nm (236 lb-ft) ved 1750-2500 o\/min. Motoren er kombinert med enten en 6-trinns manuell eller 6-trinns automatgir, avhengig av bilmodell.<\/p>\n<p>BPW-motoren er installert i ulike Volkswagen Group-bilmodeller, inkludert Volkswagen Golf Mk5, Volkswagen Passat B6, Audi A3 8P, Audi A4 B7 og Skoda Octavia Mk2. Motoren er ogs\u00e5 installert i andre Volkswagen-konsernets datterbiler, som SEAT Leon Mk2 og Volkswagen Jetta Mk5.<\/p>\n<p>Totalt sett er 2.0 TDI-motoren med motorkoden BPW en p\u00e5litelig og effektiv dieselmotor som har blitt brukt i mange Volkswagen Group-biler. Det avanserte drivstoffinnspr\u00f8ytningssystemet og superladerteknologien gj\u00f8r den til et popul\u00e6rt valg for sj\u00e5f\u00f8rer som verdsetter ytelse og drivstoffeffektivitet.<\/p>\n","protected":false},"excerpt":{"rendered":"<ul>\n<li>Volkswagen Golf Mk5 (2004-2008)<\/li>\n<li>Volkswagen Passat B6 (2005-2010)<\/li>\n<li>Audi A3 8P (2003-2012)<\/li>\n<li>Audi A4 B7 (2005-2008)<\/li>\n<li>Skoda Octavia Mk2 (2004-2013)<\/li>\n<li>SEAT Leon Mk2 (2005-2012)<\/li>\n<li>Volkswagen Jetta Mk5 (2005-2010)<\/li>\n<\/ul>\n","protected":false},"featured_media":3563,"template":"","meta":[],"product_brand":[],"product_cat":[484,487,486,485],"product_tag":[808,489,880,490,892],"class_list":{"0":"post-5805","1":"product","2":"type-product","3":"status-publish","4":"has-post-thumbnail","6":"product_cat-audi-no","7":"product_cat-seat-no","8":"product_cat-skoda-no","9":"product_cat-vw-no","10":"product_tag-a4-no","11":"product_tag-golf-no","12":"product_tag-leon-no","13":"product_tag-octavia-no","14":"product_tag-passata3-no","15":"pa_varaosan-osasto-motor-no","18":"first","19":"instock","20":"shipping-taxable","21":"product-type-simple"},"yoast_head":"<!-- This site is optimized with the Yoast SEO plugin v26.8 - https:\/\/yoast.com\/product\/yoast-seo-wordpress\/ -->\n<title>2.0 TDI &quot;BPW&quot;-motor [f.eks. Golf, Passat, A3, A4, Octavia, Leon]<\/title>\n<meta name=\"description\" content=\"En av motorene vi Ofte har tilgjengelig. Send en foresp\u00f8rsel og du vil Motta et tilbud innen 24 timer. Motorer, girkasser og Andre bilder med garanti.\" \/>\n<meta name=\"robots\" content=\"index, follow, max-snippet:-1, max-image-preview:large, max-video-preview:-1\" \/>\n<link rel=\"canonical\" href=\"https:\/\/autopartscenter24.com\/no\/auton-varaosat\/2-0-tdi-bpw-moottori-vw-audi-seat-skoda\/\" \/>\n<meta property=\"og:locale\" content=\"nb_NO\" \/>\n<meta property=\"og:type\" content=\"article\" \/>\n<meta property=\"og:title\" content=\"2.0 TDI &quot;BPW&quot;-motor [f.eks. Golf, Passat, A3, A4, Octavia, Leon]\" \/>\n<meta property=\"og:description\" content=\"En av motorene vi Ofte har tilgjengelig. Send en foresp\u00f8rsel og du vil Motta et tilbud innen 24 timer. Motorer, girkasser og Andre bilder med garanti.\" \/>\n<meta property=\"og:url\" content=\"https:\/\/autopartscenter24.com\/no\/auton-varaosat\/2-0-tdi-bpw-moottori-vw-audi-seat-skoda\/\" \/>\n<meta property=\"og:site_name\" content=\"Autopartscenter24\" \/>\n<meta property=\"og:image\" content=\"https:\/\/autopartscenter24.com\/wp-content\/uploads\/2023\/03\/2.0-TDI-BPW-moottori.jpg\" \/>\n\t<meta property=\"og:image:width\" content=\"800\" \/>\n\t<meta property=\"og:image:height\" content=\"600\" \/>\n\t<meta property=\"og:image:type\" content=\"image\/jpeg\" \/>\n<meta name=\"twitter:card\" content=\"summary_large_image\" \/>\n<meta name=\"twitter:label1\" content=\"Ansl. lesetid\" \/>\n\t<meta name=\"twitter:data1\" content=\"1 minutt\" \/>\n<script type=\"application\/ld+json\" class=\"yoast-schema-graph\">{\"@context\":\"https:\/\/schema.org\",\"@graph\":[{\"@type\":\"WebPage\",\"@id\":\"https:\/\/autopartscenter24.com\/auton-varaosat\/2-0-tdi-bpw-moottori-vw-audi-seat-skoda\/\",\"url\":\"https:\/\/autopartscenter24.com\/auton-varaosat\/2-0-tdi-bpw-moottori-vw-audi-seat-skoda\/\",\"name\":\"2.0 TDI \\\"BPW\\\"-motor [f.eks. Golf, Passat, A3, A4, Octavia, Leon]\",\"isPartOf\":{\"@id\":\"https:\/\/autopartscenter24.com\/#website\"},\"primaryImageOfPage\":{\"@id\":\"https:\/\/autopartscenter24.com\/auton-varaosat\/2-0-tdi-bpw-moottori-vw-audi-seat-skoda\/#primaryimage\"},\"image\":{\"@id\":\"https:\/\/autopartscenter24.com\/auton-varaosat\/2-0-tdi-bpw-moottori-vw-audi-seat-skoda\/#primaryimage\"},\"thumbnailUrl\":\"https:\/\/autopartscenter24.com\/wp-content\/uploads\/2023\/03\/2.0-TDI-BPW-moottori.jpg\",\"datePublished\":\"2023-12-02T19:10:54+00:00\",\"description\":\"En av motorene vi Ofte har tilgjengelig. Send en foresp\u00f8rsel og du vil Motta et tilbud innen 24 timer. Motorer, girkasser og Andre bilder med garanti.\",\"breadcrumb\":{\"@id\":\"https:\/\/autopartscenter24.com\/auton-varaosat\/2-0-tdi-bpw-moottori-vw-audi-seat-skoda\/#breadcrumb\"},\"inLanguage\":\"nb-NO\",\"potentialAction\":[{\"@type\":\"ReadAction\",\"target\":[\"https:\/\/autopartscenter24.com\/auton-varaosat\/2-0-tdi-bpw-moottori-vw-audi-seat-skoda\/\"]}]},{\"@type\":\"ImageObject\",\"inLanguage\":\"nb-NO\",\"@id\":\"https:\/\/autopartscenter24.com\/auton-varaosat\/2-0-tdi-bpw-moottori-vw-audi-seat-skoda\/#primaryimage\",\"url\":\"https:\/\/autopartscenter24.com\/wp-content\/uploads\/2023\/03\/2.0-TDI-BPW-moottori.jpg\",\"contentUrl\":\"https:\/\/autopartscenter24.com\/wp-content\/uploads\/2023\/03\/2.0-TDI-BPW-moottori.jpg\",\"width\":800,\"height\":600},{\"@type\":\"BreadcrumbList\",\"@id\":\"https:\/\/autopartscenter24.com\/auton-varaosat\/2-0-tdi-bpw-moottori-vw-audi-seat-skoda\/#breadcrumb\",\"itemListElement\":[{\"@type\":\"ListItem\",\"position\":1,\"name\":\"Hjem\",\"item\":\"https:\/\/aliceblue-termite-662564.hostingersite.com\/\"},{\"@type\":\"ListItem\",\"position\":2,\"name\":\"Auton varaosat\",\"item\":\"https:\/\/aliceblue-termite-662564.hostingersite.com\/auton-varaosat\/\"},{\"@type\":\"ListItem\",\"position\":3,\"name\":\"2.0 TDI &#8221;BPW&#8221;-motor [f.eks. Golf, Passat, A3, A4, Octavia, Leon]\"}]},{\"@type\":\"WebSite\",\"@id\":\"https:\/\/autopartscenter24.com\/#website\",\"url\":\"https:\/\/autopartscenter24.com\/\",\"name\":\"Autopartscenter24\",\"description\":\"K\u00c4YTETYT JA KUNNOSTETUT  AUTON VARAOSAT\",\"potentialAction\":[{\"@type\":\"SearchAction\",\"target\":{\"@type\":\"EntryPoint\",\"urlTemplate\":\"https:\/\/autopartscenter24.com\/?s={search_term_string}\"},\"query-input\":{\"@type\":\"PropertyValueSpecification\",\"valueRequired\":true,\"valueName\":\"search_term_string\"}}],\"inLanguage\":\"nb-NO\"}]}<\/script>\n<!-- \/ Yoast SEO plugin. -->","yoast_head_json":{"title":"2.0 TDI \"BPW\"-motor [f.eks. Golf, Passat, A3, A4, Octavia, Leon]","description":"En av motorene vi Ofte har tilgjengelig. Send en foresp\u00f8rsel og du vil Motta et tilbud innen 24 timer. Motorer, girkasser og Andre bilder med garanti.","robots":{"index":"index","follow":"follow","max-snippet":"max-snippet:-1","max-image-preview":"max-image-preview:large","max-video-preview":"max-video-preview:-1"},"canonical":"https:\/\/autopartscenter24.com\/no\/auton-varaosat\/2-0-tdi-bpw-moottori-vw-audi-seat-skoda\/","og_locale":"nb_NO","og_type":"article","og_title":"2.0 TDI \"BPW\"-motor [f.eks. Golf, Passat, A3, A4, Octavia, Leon]","og_description":"En av motorene vi Ofte har tilgjengelig. Send en foresp\u00f8rsel og du vil Motta et tilbud innen 24 timer. Motorer, girkasser og Andre bilder med garanti.","og_url":"https:\/\/autopartscenter24.com\/no\/auton-varaosat\/2-0-tdi-bpw-moottori-vw-audi-seat-skoda\/","og_site_name":"Autopartscenter24","og_image":[{"width":800,"height":600,"url":"https:\/\/autopartscenter24.com\/wp-content\/uploads\/2023\/03\/2.0-TDI-BPW-moottori.jpg","type":"image\/jpeg"}],"twitter_card":"summary_large_image","twitter_misc":{"Ansl. lesetid":"1 minutt"},"schema":{"@context":"https:\/\/schema.org","@graph":[{"@type":"WebPage","@id":"https:\/\/autopartscenter24.com\/auton-varaosat\/2-0-tdi-bpw-moottori-vw-audi-seat-skoda\/","url":"https:\/\/autopartscenter24.com\/auton-varaosat\/2-0-tdi-bpw-moottori-vw-audi-seat-skoda\/","name":"2.0 TDI \"BPW\"-motor [f.eks. Golf, Passat, A3, A4, Octavia, Leon]","isPartOf":{"@id":"https:\/\/autopartscenter24.com\/#website"},"primaryImageOfPage":{"@id":"https:\/\/autopartscenter24.com\/auton-varaosat\/2-0-tdi-bpw-moottori-vw-audi-seat-skoda\/#primaryimage"},"image":{"@id":"https:\/\/autopartscenter24.com\/auton-varaosat\/2-0-tdi-bpw-moottori-vw-audi-seat-skoda\/#primaryimage"},"thumbnailUrl":"https:\/\/autopartscenter24.com\/wp-content\/uploads\/2023\/03\/2.0-TDI-BPW-moottori.jpg","datePublished":"2023-12-02T19:10:54+00:00","description":"En av motorene vi Ofte har tilgjengelig. Send en foresp\u00f8rsel og du vil Motta et tilbud innen 24 timer. Motorer, girkasser og Andre bilder med garanti.","breadcrumb":{"@id":"https:\/\/autopartscenter24.com\/auton-varaosat\/2-0-tdi-bpw-moottori-vw-audi-seat-skoda\/#breadcrumb"},"inLanguage":"nb-NO","potentialAction":[{"@type":"ReadAction","target":["https:\/\/autopartscenter24.com\/auton-varaosat\/2-0-tdi-bpw-moottori-vw-audi-seat-skoda\/"]}]},{"@type":"ImageObject","inLanguage":"nb-NO","@id":"https:\/\/autopartscenter24.com\/auton-varaosat\/2-0-tdi-bpw-moottori-vw-audi-seat-skoda\/#primaryimage","url":"https:\/\/autopartscenter24.com\/wp-content\/uploads\/2023\/03\/2.0-TDI-BPW-moottori.jpg","contentUrl":"https:\/\/autopartscenter24.com\/wp-content\/uploads\/2023\/03\/2.0-TDI-BPW-moottori.jpg","width":800,"height":600},{"@type":"BreadcrumbList","@id":"https:\/\/autopartscenter24.com\/auton-varaosat\/2-0-tdi-bpw-moottori-vw-audi-seat-skoda\/#breadcrumb","itemListElement":[{"@type":"ListItem","position":1,"name":"Hjem","item":"https:\/\/aliceblue-termite-662564.hostingersite.com\/"},{"@type":"ListItem","position":2,"name":"Auton varaosat","item":"https:\/\/aliceblue-termite-662564.hostingersite.com\/auton-varaosat\/"},{"@type":"ListItem","position":3,"name":"2.0 TDI &#8221;BPW&#8221;-motor [f.eks. Golf, Passat, A3, A4, Octavia, Leon]"}]},{"@type":"WebSite","@id":"https:\/\/autopartscenter24.com\/#website","url":"https:\/\/autopartscenter24.com\/","name":"Autopartscenter24","description":"K\u00c4YTETYT JA KUNNOSTETUT  AUTON VARAOSAT","potentialAction":[{"@type":"SearchAction","target":{"@type":"EntryPoint","urlTemplate":"https:\/\/autopartscenter24.com\/?s={search_term_string}"},"query-input":{"@type":"PropertyValueSpecification","valueRequired":true,"valueName":"search_term_string"}}],"inLanguage":"nb-NO"}]}},"_links":{"self":[{"href":"https:\/\/autopartscenter24.com\/no\/wp-json\/wp\/v2\/product\/5805","targetHints":{"allow":["GET"]}}],"collection":[{"href":"https:\/\/autopartscenter24.com\/no\/wp-json\/wp\/v2\/product"}],"about":[{"href":"https:\/\/autopartscenter24.com\/no\/wp-json\/wp\/v2\/types\/product"}],"wp:featuredmedia":[{"embeddable":true,"href":"https:\/\/autopartscenter24.com\/no\/wp-json\/wp\/v2\/media\/3563"}],"wp:attachment":[{"href":"https:\/\/autopartscenter24.com\/no\/wp-json\/wp\/v2\/media?parent=5805"}],"wp:term":[{"taxonomy":"product_brand","embeddable":true,"href":"https:\/\/autopartscenter24.com\/no\/wp-json\/wp\/v2\/product_brand?post=5805"},{"taxonomy":"product_cat","embeddable":true,"href":"https:\/\/autopartscenter24.com\/no\/wp-json\/wp\/v2\/product_cat?post=5805"},{"taxonomy":"product_tag","embeddable":true,"href":"https:\/\/autopartscenter24.com\/no\/wp-json\/wp\/v2\/product_tag?post=5805"}],"curies":[{"name":"wp","href":"https:\/\/api.w.org\/{rel}","templated":true}]}}