{"id":5804,"date":"2023-03-04T17:55:53","date_gmt":"2023-12-02T19:08:19","guid":{"rendered":"https:\/\/autopartscenter24.com\/product\/1-8-4n13-motor-f-eks-mitsubishi-asx-outlander-lancer\/"},"modified":"2023-12-02T20:08:19","modified_gmt":"2023-12-02T19:08:19","slug":"1-8-4n13-motor-f-eks-mitsubishi-asx-outlander-lancer","status":"publish","type":"product","link":"https:\/\/autopartscenter24.com\/no\/auton-varaosat\/1-8-4n13-motor-f-eks-mitsubishi-asx-outlander-lancer\/","title":{"rendered":"1.8 &laquo;4N13&raquo; motor [f.eks. Mitsubishi ASX, Outlander, Lancer]"},"content":{"rendered":"<p><strong>Mitsubishi 1,8 liters motor<\/strong> med <strong>motorkode 4N13<\/strong> er en turboladet dieselmotor. Se esiteltiin ensimm\u00e4isen kerran vuonna 2009 ja sit\u00e4 on k\u00e4ytetty useissa Mitsubishi-malleissa, kuten ASX, Outlander ja Lancer.<\/p>\n<p>4N13-motoren har et sylinderhode i aluminium med en st\u00f8pejernsforing, dobbel overliggende kamaksel (DOHC) og fire ventiler per sylinder. Motoren har ogs\u00e5 et felles trykkinnspr\u00f8ytningssystem som leverer drivstoff til motoren ved h\u00f8yt trykk gjennom et felles trykkr\u00f8r. Dette systemet gir bedre drivstoffeffektivitet og lavere utslipp sammenlignet med eldre drivstoffinnspr\u00f8ytningssystemer.<\/p>\n<p>Motoren er utstyrt med en turbolader med variabel geometri som justerer vinklene til turboladeren for \u00e5 optimalisere boost ved forskjellige motorhastigheter. Denne funksjonen forbedrer motorens responstid og drivstoffeffektivitet. Motoren har ogs\u00e5 et dieselpartikkelfilter (DPF) for \u00e5 redusere utslippene.<\/p>\n<p>4N13-motoren har en maksimal effekt p\u00e5 150 hestekrefter (110 kW) ved 4000 o\/min og et maksimalt dreiemoment p\u00e5 300 Nm (221 lb-ft) ved 2000 o\/min. Motoren er koblet til en sekstrinns manuell eller automatisk girkasse, avhengig av modell.<\/p>\n<p>I tillegg har 4N13-motoren blitt brukt i noen Peugeot 4007 og Citroen C-Crosser SUV-modeller. Samlet sett er Mitsubishi 1,8 liters motor med motorkode 4N13 en p\u00e5litelig og effektiv dieselmotor som tilbyr god ytelse og drivstoff\u00f8konomi.<\/p>\n","protected":false},"excerpt":{"rendered":"<ul>\n<li>Mitsubishi ASX (2010-present)<\/li>\n<li>Mitsubishi Outlander (2010-2012)<\/li>\n<li>Mitsubishi Lancer (2009-2017)<\/li>\n<li>Peugeot 4007 (2009-2012)<\/li>\n<li>Citroen C-Crosser (2009-2012)<\/li>\n<\/ul>\n","protected":false},"featured_media":4334,"template":"","meta":[],"product_brand":[],"product_cat":[596],"product_tag":[812,878,891],"class_list":{"0":"post-5804","1":"product","2":"type-product","3":"status-publish","4":"has-post-thumbnail","6":"product_cat-mitsubishi-no","7":"product_tag-asx-no","8":"product_tag-lancer-no","9":"product_tag-outlander-no","10":"pa_varaosan-osasto-motor-no","13":"first","14":"instock","15":"shipping-taxable","16":"product-type-simple"},"yoast_head":"<!-- This site is optimized with the Yoast SEO plugin v26.8 - https:\/\/yoast.com\/product\/yoast-seo-wordpress\/ -->\n<title>1.8 &quot;4N13&quot; motor [f.eks. Mitsubishi ASX, Outlander, Lancer]<\/title>\n<meta name=\"description\" content=\"En av motorene vi Ofte har tilgjengelig. Send en foresp\u00f8rsel og du vil Motta et tilbud innen 24 timer. Motorer, girkasser og Andre bilder med garanti.\" \/>\n<meta name=\"robots\" content=\"index, follow, max-snippet:-1, max-image-preview:large, max-video-preview:-1\" \/>\n<link rel=\"canonical\" href=\"https:\/\/autopartscenter24.com\/no\/auton-varaosat\/1-8-4n13-moottori-mitsubishi\/\" \/>\n<meta property=\"og:locale\" content=\"nb_NO\" \/>\n<meta property=\"og:type\" content=\"article\" \/>\n<meta property=\"og:title\" content=\"1.8 &quot;4N13&quot; motor [f.eks. Mitsubishi ASX, Outlander, Lancer]\" \/>\n<meta property=\"og:description\" content=\"En av motorene vi Ofte har tilgjengelig. Send en foresp\u00f8rsel og du vil Motta et tilbud innen 24 timer. Motorer, girkasser og Andre bilder med garanti.\" \/>\n<meta property=\"og:url\" content=\"https:\/\/autopartscenter24.com\/no\/auton-varaosat\/1-8-4n13-moottori-mitsubishi\/\" \/>\n<meta property=\"og:site_name\" content=\"Autopartscenter24\" \/>\n<meta property=\"og:image\" content=\"https:\/\/autopartscenter24.com\/wp-content\/uploads\/2023\/03\/MITSUBISHI-ASX-LANCER-VIII-1-8-DID-4N13-moottori.webp\" \/>\n\t<meta property=\"og:image:width\" content=\"800\" \/>\n\t<meta property=\"og:image:height\" content=\"600\" \/>\n\t<meta property=\"og:image:type\" content=\"image\/webp\" \/>\n<meta name=\"twitter:card\" content=\"summary_large_image\" \/>\n<meta name=\"twitter:label1\" content=\"Ansl. lesetid\" \/>\n\t<meta name=\"twitter:data1\" content=\"1 minutt\" \/>\n<script type=\"application\/ld+json\" class=\"yoast-schema-graph\">{\"@context\":\"https:\/\/schema.org\",\"@graph\":[{\"@type\":\"WebPage\",\"@id\":\"https:\/\/autopartscenter24.com\/auton-varaosat\/1-8-4n13-moottori-mitsubishi\/\",\"url\":\"https:\/\/autopartscenter24.com\/auton-varaosat\/1-8-4n13-moottori-mitsubishi\/\",\"name\":\"1.8 \\\"4N13\\\" motor [f.eks. Mitsubishi ASX, Outlander, Lancer]\",\"isPartOf\":{\"@id\":\"https:\/\/autopartscenter24.com\/#website\"},\"primaryImageOfPage\":{\"@id\":\"https:\/\/autopartscenter24.com\/auton-varaosat\/1-8-4n13-moottori-mitsubishi\/#primaryimage\"},\"image\":{\"@id\":\"https:\/\/autopartscenter24.com\/auton-varaosat\/1-8-4n13-moottori-mitsubishi\/#primaryimage\"},\"thumbnailUrl\":\"https:\/\/autopartscenter24.com\/wp-content\/uploads\/2023\/03\/MITSUBISHI-ASX-LANCER-VIII-1-8-DID-4N13-moottori.webp\",\"datePublished\":\"2023-12-02T19:08:19+00:00\",\"description\":\"En av motorene vi Ofte har tilgjengelig. Send en foresp\u00f8rsel og du vil Motta et tilbud innen 24 timer. Motorer, girkasser og Andre bilder med garanti.\",\"breadcrumb\":{\"@id\":\"https:\/\/autopartscenter24.com\/auton-varaosat\/1-8-4n13-moottori-mitsubishi\/#breadcrumb\"},\"inLanguage\":\"nb-NO\",\"potentialAction\":[{\"@type\":\"ReadAction\",\"target\":[\"https:\/\/autopartscenter24.com\/auton-varaosat\/1-8-4n13-moottori-mitsubishi\/\"]}]},{\"@type\":\"ImageObject\",\"inLanguage\":\"nb-NO\",\"@id\":\"https:\/\/autopartscenter24.com\/auton-varaosat\/1-8-4n13-moottori-mitsubishi\/#primaryimage\",\"url\":\"https:\/\/autopartscenter24.com\/wp-content\/uploads\/2023\/03\/MITSUBISHI-ASX-LANCER-VIII-1-8-DID-4N13-moottori.webp\",\"contentUrl\":\"https:\/\/autopartscenter24.com\/wp-content\/uploads\/2023\/03\/MITSUBISHI-ASX-LANCER-VIII-1-8-DID-4N13-moottori.webp\",\"width\":800,\"height\":600},{\"@type\":\"BreadcrumbList\",\"@id\":\"https:\/\/autopartscenter24.com\/auton-varaosat\/1-8-4n13-moottori-mitsubishi\/#breadcrumb\",\"itemListElement\":[{\"@type\":\"ListItem\",\"position\":1,\"name\":\"Hjem\",\"item\":\"https:\/\/aliceblue-termite-662564.hostingersite.com\/\"},{\"@type\":\"ListItem\",\"position\":2,\"name\":\"Auton varaosat\",\"item\":\"https:\/\/aliceblue-termite-662564.hostingersite.com\/auton-varaosat\/\"},{\"@type\":\"ListItem\",\"position\":3,\"name\":\"1.8 &#8221;4N13&#8221; motor [f.eks. Mitsubishi ASX, Outlander, Lancer]\"}]},{\"@type\":\"WebSite\",\"@id\":\"https:\/\/autopartscenter24.com\/#website\",\"url\":\"https:\/\/autopartscenter24.com\/\",\"name\":\"Autopartscenter24\",\"description\":\"K\u00c4YTETYT JA KUNNOSTETUT  AUTON VARAOSAT\",\"potentialAction\":[{\"@type\":\"SearchAction\",\"target\":{\"@type\":\"EntryPoint\",\"urlTemplate\":\"https:\/\/autopartscenter24.com\/?s={search_term_string}\"},\"query-input\":{\"@type\":\"PropertyValueSpecification\",\"valueRequired\":true,\"valueName\":\"search_term_string\"}}],\"inLanguage\":\"nb-NO\"}]}<\/script>\n<!-- \/ Yoast SEO plugin. -->","yoast_head_json":{"title":"1.8 \"4N13\" motor [f.eks. Mitsubishi ASX, Outlander, Lancer]","description":"En av motorene vi Ofte har tilgjengelig. Send en foresp\u00f8rsel og du vil Motta et tilbud innen 24 timer. Motorer, girkasser og Andre bilder med garanti.","robots":{"index":"index","follow":"follow","max-snippet":"max-snippet:-1","max-image-preview":"max-image-preview:large","max-video-preview":"max-video-preview:-1"},"canonical":"https:\/\/autopartscenter24.com\/no\/auton-varaosat\/1-8-4n13-moottori-mitsubishi\/","og_locale":"nb_NO","og_type":"article","og_title":"1.8 \"4N13\" motor [f.eks. Mitsubishi ASX, Outlander, Lancer]","og_description":"En av motorene vi Ofte har tilgjengelig. Send en foresp\u00f8rsel og du vil Motta et tilbud innen 24 timer. Motorer, girkasser og Andre bilder med garanti.","og_url":"https:\/\/autopartscenter24.com\/no\/auton-varaosat\/1-8-4n13-moottori-mitsubishi\/","og_site_name":"Autopartscenter24","og_image":[{"width":800,"height":600,"url":"https:\/\/autopartscenter24.com\/wp-content\/uploads\/2023\/03\/MITSUBISHI-ASX-LANCER-VIII-1-8-DID-4N13-moottori.webp","type":"image\/webp"}],"twitter_card":"summary_large_image","twitter_misc":{"Ansl. lesetid":"1 minutt"},"schema":{"@context":"https:\/\/schema.org","@graph":[{"@type":"WebPage","@id":"https:\/\/autopartscenter24.com\/auton-varaosat\/1-8-4n13-moottori-mitsubishi\/","url":"https:\/\/autopartscenter24.com\/auton-varaosat\/1-8-4n13-moottori-mitsubishi\/","name":"1.8 \"4N13\" motor [f.eks. Mitsubishi ASX, Outlander, Lancer]","isPartOf":{"@id":"https:\/\/autopartscenter24.com\/#website"},"primaryImageOfPage":{"@id":"https:\/\/autopartscenter24.com\/auton-varaosat\/1-8-4n13-moottori-mitsubishi\/#primaryimage"},"image":{"@id":"https:\/\/autopartscenter24.com\/auton-varaosat\/1-8-4n13-moottori-mitsubishi\/#primaryimage"},"thumbnailUrl":"https:\/\/autopartscenter24.com\/wp-content\/uploads\/2023\/03\/MITSUBISHI-ASX-LANCER-VIII-1-8-DID-4N13-moottori.webp","datePublished":"2023-12-02T19:08:19+00:00","description":"En av motorene vi Ofte har tilgjengelig. Send en foresp\u00f8rsel og du vil Motta et tilbud innen 24 timer. Motorer, girkasser og Andre bilder med garanti.","breadcrumb":{"@id":"https:\/\/autopartscenter24.com\/auton-varaosat\/1-8-4n13-moottori-mitsubishi\/#breadcrumb"},"inLanguage":"nb-NO","potentialAction":[{"@type":"ReadAction","target":["https:\/\/autopartscenter24.com\/auton-varaosat\/1-8-4n13-moottori-mitsubishi\/"]}]},{"@type":"ImageObject","inLanguage":"nb-NO","@id":"https:\/\/autopartscenter24.com\/auton-varaosat\/1-8-4n13-moottori-mitsubishi\/#primaryimage","url":"https:\/\/autopartscenter24.com\/wp-content\/uploads\/2023\/03\/MITSUBISHI-ASX-LANCER-VIII-1-8-DID-4N13-moottori.webp","contentUrl":"https:\/\/autopartscenter24.com\/wp-content\/uploads\/2023\/03\/MITSUBISHI-ASX-LANCER-VIII-1-8-DID-4N13-moottori.webp","width":800,"height":600},{"@type":"BreadcrumbList","@id":"https:\/\/autopartscenter24.com\/auton-varaosat\/1-8-4n13-moottori-mitsubishi\/#breadcrumb","itemListElement":[{"@type":"ListItem","position":1,"name":"Hjem","item":"https:\/\/aliceblue-termite-662564.hostingersite.com\/"},{"@type":"ListItem","position":2,"name":"Auton varaosat","item":"https:\/\/aliceblue-termite-662564.hostingersite.com\/auton-varaosat\/"},{"@type":"ListItem","position":3,"name":"1.8 &#8221;4N13&#8221; motor [f.eks. Mitsubishi ASX, Outlander, Lancer]"}]},{"@type":"WebSite","@id":"https:\/\/autopartscenter24.com\/#website","url":"https:\/\/autopartscenter24.com\/","name":"Autopartscenter24","description":"K\u00c4YTETYT JA KUNNOSTETUT  AUTON VARAOSAT","potentialAction":[{"@type":"SearchAction","target":{"@type":"EntryPoint","urlTemplate":"https:\/\/autopartscenter24.com\/?s={search_term_string}"},"query-input":{"@type":"PropertyValueSpecification","valueRequired":true,"valueName":"search_term_string"}}],"inLanguage":"nb-NO"}]}},"_links":{"self":[{"href":"https:\/\/autopartscenter24.com\/no\/wp-json\/wp\/v2\/product\/5804","targetHints":{"allow":["GET"]}}],"collection":[{"href":"https:\/\/autopartscenter24.com\/no\/wp-json\/wp\/v2\/product"}],"about":[{"href":"https:\/\/autopartscenter24.com\/no\/wp-json\/wp\/v2\/types\/product"}],"wp:featuredmedia":[{"embeddable":true,"href":"https:\/\/autopartscenter24.com\/no\/wp-json\/wp\/v2\/media\/4334"}],"wp:attachment":[{"href":"https:\/\/autopartscenter24.com\/no\/wp-json\/wp\/v2\/media?parent=5804"}],"wp:term":[{"taxonomy":"product_brand","embeddable":true,"href":"https:\/\/autopartscenter24.com\/no\/wp-json\/wp\/v2\/product_brand?post=5804"},{"taxonomy":"product_cat","embeddable":true,"href":"https:\/\/autopartscenter24.com\/no\/wp-json\/wp\/v2\/product_cat?post=5804"},{"taxonomy":"product_tag","embeddable":true,"href":"https:\/\/autopartscenter24.com\/no\/wp-json\/wp\/v2\/product_tag?post=5804"}],"curies":[{"name":"wp","href":"https:\/\/api.w.org\/{rel}","templated":true}]}}