{"id":5803,"date":"2023-03-04T18:18:11","date_gmt":"2023-12-02T19:06:36","guid":{"rendered":"https:\/\/autopartscenter24.com\/product\/2-3-l3-motor-f-eks-mazda-3-6-cx-7\/"},"modified":"2023-12-02T20:06:36","modified_gmt":"2023-12-02T19:06:36","slug":"2-3-l3-motor-f-eks-mazda-3-6-cx-7","status":"publish","type":"product","link":"https:\/\/autopartscenter24.com\/no\/auton-varaosat\/2-3-l3-motor-f-eks-mazda-3-6-cx-7\/","title":{"rendered":"2.3 &laquo;L3&raquo; motor [f.eks. Mazda 3, 6, CX-7]"},"content":{"rendered":"<p><strong>Mazda 2,3-liters motor<\/strong>, <strong>motorkode L3<\/strong>, er en firesylindret bensinmotor som f\u00f8rst ble introdusert i 2001. Den har blitt brukt i flere Mazda-modeller, samt noen Ford- og Volvo-modeller.<\/p>\n<p>L3-motoren har et sylinderhode og blokk av aluminium og er utstyrt med et DOHC ventiltog med fire ventiler per sylinder. Motoren har ogs\u00e5 variabel ventiltiming, som justerer inntaks- og eksosventiltiming for bedre motorytelse og effektivitet.<\/p>\n<p>Motoren har et slagvolum p\u00e5 2,3 liter og yter en maksimal effekt p\u00e5 156 hestekrefter (116 kW) ved 6500 o\/min og et toppmoment p\u00e5 200 Nm (148 lb-ft) ved 3500 o\/min. Motoren er koblet til enten en 4-trinns automatisk, 5-trinns manuell eller 6-trinns manuell girkasse, avhengig av bilmodell.<\/p>\n<p>L3-motoren har ogs\u00e5 et elektronisk gasskontrollsystem som erstatter den tradisjonelle gasskabelen med en elektronisk sensor. Dette gir mer presis kontroll av motorens luft\/drivstoffblanding, noe som resulterer i bedre ytelse og drivstoff\u00f8konomi.<\/p>\n<p>Mazda 2,3-liters motor, motorkode L3, er montert p\u00e5 en rekke Mazda-modeller, inkludert:<\/p>\n<ul>\n<li>Mazda 3 (2004-2009)<\/li>\n<li>Mazda 6 (2003-2008)<\/li>\n<li>Mazda CX-7 (2006-2012)<\/li>\n<\/ul>\n<p>I tillegg har motoren ogs\u00e5 blitt brukt i enkelte Ford- og Volvo-modeller, som Ford Focus ST og Volvo S40.<\/p>\n<p>Totalt sett er Mazda 2,3 liters motor med motorkode L3 en p\u00e5litelig og effektiv bensinmotor som tilbyr god ytelse og drivstoff\u00f8konomi. Dens avanserte funksjoner, som variabel ventiltiming og elektronisk gasskontroll, gj\u00f8r den til et popul\u00e6rt valg for sj\u00e5f\u00f8rer som verdsetter ytelse og effektivitet.<\/p>\n","protected":false},"excerpt":{"rendered":"<p>Mazda:<\/p>\n<ul>\n<li>Mazda 3 (2004-2009)<\/li>\n<li>Mazda 6 (2003-2008)<\/li>\n<li>Mazda CX-7 (2006-2012)<\/li>\n<\/ul>\n<p>Ford:<\/p>\n<ul>\n<li>Ford Focus ST (2006-2010)<\/li>\n<\/ul>\n<p>Volvo:<\/p>\n<ul>\n<li>Volvo S40 (2004-2010)<\/li>\n<\/ul>\n","protected":false},"featured_media":4339,"template":"","meta":[],"product_brand":[],"product_cat":[588],"product_tag":[792,794,835],"class_list":{"0":"post-5803","1":"product","2":"type-product","3":"status-publish","4":"has-post-thumbnail","6":"product_cat-mazda-no","7":"product_tag-3-no","8":"product_tag-6-no","9":"product_tag-cx-7-no","10":"pa_varaosan-osasto-motor-no","13":"first","14":"instock","15":"shipping-taxable","16":"product-type-simple"},"yoast_head":"<!-- This site is optimized with the Yoast SEO plugin v26.8 - https:\/\/yoast.com\/product\/yoast-seo-wordpress\/ -->\n<title>2.3 &quot;L3&quot; motor [f.eks. Mazda 3, 6, CX-7]<\/title>\n<meta name=\"description\" content=\"En av motorene vi Ofte har tilgjengelig. Send en foresp\u00f8rsel og du vil Motta et tilbud innen 24 timer. Motorer, girkasser og Andre bilder med garanti.\" \/>\n<meta name=\"robots\" content=\"index, follow, max-snippet:-1, max-image-preview:large, max-video-preview:-1\" \/>\n<link rel=\"canonical\" href=\"https:\/\/autopartscenter24.com\/no\/auton-varaosat\/2-3-l3-moottori-esim-mazda-3-6-cx-7\/\" \/>\n<meta property=\"og:locale\" content=\"nb_NO\" \/>\n<meta property=\"og:type\" content=\"article\" \/>\n<meta property=\"og:title\" content=\"2.3 &quot;L3&quot; motor [f.eks. Mazda 3, 6, CX-7]\" \/>\n<meta property=\"og:description\" content=\"En av motorene vi Ofte har tilgjengelig. Send en foresp\u00f8rsel og du vil Motta et tilbud innen 24 timer. Motorer, girkasser og Andre bilder med garanti.\" \/>\n<meta property=\"og:url\" content=\"https:\/\/autopartscenter24.com\/no\/auton-varaosat\/2-3-l3-moottori-esim-mazda-3-6-cx-7\/\" \/>\n<meta property=\"og:site_name\" content=\"Autopartscenter24\" \/>\n<meta property=\"og:image\" content=\"https:\/\/autopartscenter24.com\/wp-content\/uploads\/2023\/03\/MAZDA-6-GY-GG-2-3-L3.webp\" \/>\n\t<meta property=\"og:image:width\" content=\"800\" \/>\n\t<meta property=\"og:image:height\" content=\"600\" \/>\n\t<meta property=\"og:image:type\" content=\"image\/webp\" \/>\n<meta name=\"twitter:card\" content=\"summary_large_image\" \/>\n<meta name=\"twitter:label1\" content=\"Ansl. lesetid\" \/>\n\t<meta name=\"twitter:data1\" content=\"1 minutt\" \/>\n<script type=\"application\/ld+json\" class=\"yoast-schema-graph\">{\"@context\":\"https:\/\/schema.org\",\"@graph\":[{\"@type\":\"WebPage\",\"@id\":\"https:\/\/autopartscenter24.com\/auton-varaosat\/2-3-l3-moottori-esim-mazda-3-6-cx-7\/\",\"url\":\"https:\/\/autopartscenter24.com\/auton-varaosat\/2-3-l3-moottori-esim-mazda-3-6-cx-7\/\",\"name\":\"2.3 \\\"L3\\\" motor [f.eks. Mazda 3, 6, CX-7]\",\"isPartOf\":{\"@id\":\"https:\/\/autopartscenter24.com\/#website\"},\"primaryImageOfPage\":{\"@id\":\"https:\/\/autopartscenter24.com\/auton-varaosat\/2-3-l3-moottori-esim-mazda-3-6-cx-7\/#primaryimage\"},\"image\":{\"@id\":\"https:\/\/autopartscenter24.com\/auton-varaosat\/2-3-l3-moottori-esim-mazda-3-6-cx-7\/#primaryimage\"},\"thumbnailUrl\":\"https:\/\/autopartscenter24.com\/wp-content\/uploads\/2023\/03\/MAZDA-6-GY-GG-2-3-L3.webp\",\"datePublished\":\"2023-12-02T19:06:36+00:00\",\"description\":\"En av motorene vi Ofte har tilgjengelig. Send en foresp\u00f8rsel og du vil Motta et tilbud innen 24 timer. Motorer, girkasser og Andre bilder med garanti.\",\"breadcrumb\":{\"@id\":\"https:\/\/autopartscenter24.com\/auton-varaosat\/2-3-l3-moottori-esim-mazda-3-6-cx-7\/#breadcrumb\"},\"inLanguage\":\"nb-NO\",\"potentialAction\":[{\"@type\":\"ReadAction\",\"target\":[\"https:\/\/autopartscenter24.com\/auton-varaosat\/2-3-l3-moottori-esim-mazda-3-6-cx-7\/\"]}]},{\"@type\":\"ImageObject\",\"inLanguage\":\"nb-NO\",\"@id\":\"https:\/\/autopartscenter24.com\/auton-varaosat\/2-3-l3-moottori-esim-mazda-3-6-cx-7\/#primaryimage\",\"url\":\"https:\/\/autopartscenter24.com\/wp-content\/uploads\/2023\/03\/MAZDA-6-GY-GG-2-3-L3.webp\",\"contentUrl\":\"https:\/\/autopartscenter24.com\/wp-content\/uploads\/2023\/03\/MAZDA-6-GY-GG-2-3-L3.webp\",\"width\":800,\"height\":600},{\"@type\":\"BreadcrumbList\",\"@id\":\"https:\/\/autopartscenter24.com\/auton-varaosat\/2-3-l3-moottori-esim-mazda-3-6-cx-7\/#breadcrumb\",\"itemListElement\":[{\"@type\":\"ListItem\",\"position\":1,\"name\":\"Hjem\",\"item\":\"https:\/\/aliceblue-termite-662564.hostingersite.com\/\"},{\"@type\":\"ListItem\",\"position\":2,\"name\":\"Auton varaosat\",\"item\":\"https:\/\/aliceblue-termite-662564.hostingersite.com\/auton-varaosat\/\"},{\"@type\":\"ListItem\",\"position\":3,\"name\":\"2.3 &#8221;L3&#8221; motor [f.eks. Mazda 3, 6, CX-7]\"}]},{\"@type\":\"WebSite\",\"@id\":\"https:\/\/autopartscenter24.com\/#website\",\"url\":\"https:\/\/autopartscenter24.com\/\",\"name\":\"Autopartscenter24\",\"description\":\"K\u00c4YTETYT JA KUNNOSTETUT  AUTON VARAOSAT\",\"potentialAction\":[{\"@type\":\"SearchAction\",\"target\":{\"@type\":\"EntryPoint\",\"urlTemplate\":\"https:\/\/autopartscenter24.com\/?s={search_term_string}\"},\"query-input\":{\"@type\":\"PropertyValueSpecification\",\"valueRequired\":true,\"valueName\":\"search_term_string\"}}],\"inLanguage\":\"nb-NO\"}]}<\/script>\n<!-- \/ Yoast SEO plugin. -->","yoast_head_json":{"title":"2.3 \"L3\" motor [f.eks. Mazda 3, 6, CX-7]","description":"En av motorene vi Ofte har tilgjengelig. Send en foresp\u00f8rsel og du vil Motta et tilbud innen 24 timer. Motorer, girkasser og Andre bilder med garanti.","robots":{"index":"index","follow":"follow","max-snippet":"max-snippet:-1","max-image-preview":"max-image-preview:large","max-video-preview":"max-video-preview:-1"},"canonical":"https:\/\/autopartscenter24.com\/no\/auton-varaosat\/2-3-l3-moottori-esim-mazda-3-6-cx-7\/","og_locale":"nb_NO","og_type":"article","og_title":"2.3 \"L3\" motor [f.eks. Mazda 3, 6, CX-7]","og_description":"En av motorene vi Ofte har tilgjengelig. Send en foresp\u00f8rsel og du vil Motta et tilbud innen 24 timer. Motorer, girkasser og Andre bilder med garanti.","og_url":"https:\/\/autopartscenter24.com\/no\/auton-varaosat\/2-3-l3-moottori-esim-mazda-3-6-cx-7\/","og_site_name":"Autopartscenter24","og_image":[{"width":800,"height":600,"url":"https:\/\/autopartscenter24.com\/wp-content\/uploads\/2023\/03\/MAZDA-6-GY-GG-2-3-L3.webp","type":"image\/webp"}],"twitter_card":"summary_large_image","twitter_misc":{"Ansl. lesetid":"1 minutt"},"schema":{"@context":"https:\/\/schema.org","@graph":[{"@type":"WebPage","@id":"https:\/\/autopartscenter24.com\/auton-varaosat\/2-3-l3-moottori-esim-mazda-3-6-cx-7\/","url":"https:\/\/autopartscenter24.com\/auton-varaosat\/2-3-l3-moottori-esim-mazda-3-6-cx-7\/","name":"2.3 \"L3\" motor [f.eks. Mazda 3, 6, CX-7]","isPartOf":{"@id":"https:\/\/autopartscenter24.com\/#website"},"primaryImageOfPage":{"@id":"https:\/\/autopartscenter24.com\/auton-varaosat\/2-3-l3-moottori-esim-mazda-3-6-cx-7\/#primaryimage"},"image":{"@id":"https:\/\/autopartscenter24.com\/auton-varaosat\/2-3-l3-moottori-esim-mazda-3-6-cx-7\/#primaryimage"},"thumbnailUrl":"https:\/\/autopartscenter24.com\/wp-content\/uploads\/2023\/03\/MAZDA-6-GY-GG-2-3-L3.webp","datePublished":"2023-12-02T19:06:36+00:00","description":"En av motorene vi Ofte har tilgjengelig. Send en foresp\u00f8rsel og du vil Motta et tilbud innen 24 timer. Motorer, girkasser og Andre bilder med garanti.","breadcrumb":{"@id":"https:\/\/autopartscenter24.com\/auton-varaosat\/2-3-l3-moottori-esim-mazda-3-6-cx-7\/#breadcrumb"},"inLanguage":"nb-NO","potentialAction":[{"@type":"ReadAction","target":["https:\/\/autopartscenter24.com\/auton-varaosat\/2-3-l3-moottori-esim-mazda-3-6-cx-7\/"]}]},{"@type":"ImageObject","inLanguage":"nb-NO","@id":"https:\/\/autopartscenter24.com\/auton-varaosat\/2-3-l3-moottori-esim-mazda-3-6-cx-7\/#primaryimage","url":"https:\/\/autopartscenter24.com\/wp-content\/uploads\/2023\/03\/MAZDA-6-GY-GG-2-3-L3.webp","contentUrl":"https:\/\/autopartscenter24.com\/wp-content\/uploads\/2023\/03\/MAZDA-6-GY-GG-2-3-L3.webp","width":800,"height":600},{"@type":"BreadcrumbList","@id":"https:\/\/autopartscenter24.com\/auton-varaosat\/2-3-l3-moottori-esim-mazda-3-6-cx-7\/#breadcrumb","itemListElement":[{"@type":"ListItem","position":1,"name":"Hjem","item":"https:\/\/aliceblue-termite-662564.hostingersite.com\/"},{"@type":"ListItem","position":2,"name":"Auton varaosat","item":"https:\/\/aliceblue-termite-662564.hostingersite.com\/auton-varaosat\/"},{"@type":"ListItem","position":3,"name":"2.3 &#8221;L3&#8221; motor [f.eks. Mazda 3, 6, CX-7]"}]},{"@type":"WebSite","@id":"https:\/\/autopartscenter24.com\/#website","url":"https:\/\/autopartscenter24.com\/","name":"Autopartscenter24","description":"K\u00c4YTETYT JA KUNNOSTETUT  AUTON VARAOSAT","potentialAction":[{"@type":"SearchAction","target":{"@type":"EntryPoint","urlTemplate":"https:\/\/autopartscenter24.com\/?s={search_term_string}"},"query-input":{"@type":"PropertyValueSpecification","valueRequired":true,"valueName":"search_term_string"}}],"inLanguage":"nb-NO"}]}},"_links":{"self":[{"href":"https:\/\/autopartscenter24.com\/no\/wp-json\/wp\/v2\/product\/5803","targetHints":{"allow":["GET"]}}],"collection":[{"href":"https:\/\/autopartscenter24.com\/no\/wp-json\/wp\/v2\/product"}],"about":[{"href":"https:\/\/autopartscenter24.com\/no\/wp-json\/wp\/v2\/types\/product"}],"wp:featuredmedia":[{"embeddable":true,"href":"https:\/\/autopartscenter24.com\/no\/wp-json\/wp\/v2\/media\/4339"}],"wp:attachment":[{"href":"https:\/\/autopartscenter24.com\/no\/wp-json\/wp\/v2\/media?parent=5803"}],"wp:term":[{"taxonomy":"product_brand","embeddable":true,"href":"https:\/\/autopartscenter24.com\/no\/wp-json\/wp\/v2\/product_brand?post=5803"},{"taxonomy":"product_cat","embeddable":true,"href":"https:\/\/autopartscenter24.com\/no\/wp-json\/wp\/v2\/product_cat?post=5803"},{"taxonomy":"product_tag","embeddable":true,"href":"https:\/\/autopartscenter24.com\/no\/wp-json\/wp\/v2\/product_tag?post=5803"}],"curies":[{"name":"wp","href":"https:\/\/api.w.org\/{rel}","templated":true}]}}