{"id":5802,"date":"2023-03-04T18:32:54","date_gmt":"2023-12-02T19:04:40","guid":{"rendered":"https:\/\/autopartscenter24.com\/product\/1-6-vti-5fw-motor-f-eks-308-5008-rcz-c3-c5-ds3-ds4\/"},"modified":"2023-12-02T20:04:40","modified_gmt":"2023-12-02T19:04:40","slug":"1-6-vti-5fw-motor-f-eks-308-5008-rcz-c3-c5-ds3-ds4","status":"publish","type":"product","link":"https:\/\/autopartscenter24.com\/no\/auton-varaosat\/1-6-vti-5fw-motor-f-eks-308-5008-rcz-c3-c5-ds3-ds4\/","title":{"rendered":"1.6 VTI &laquo;5FW&raquo; motor [f.eks. 308, 5008, RCZ, C3, C5, DS3, DS4]"},"content":{"rendered":"<p><strong>1.6 VTI-motoren<\/strong>, <strong>motorkode 5FW<\/strong>, er en firesylindret bensinmotor som har v\u00e6rt brukt i flere Peugeot- og Citroen-modeller. Denne Motoren ble f\u00f8rst introdusert i 2007 og regnet for ytelse og drivstoffeffektivitet.<\/p>\n<p>5FW-motoren har en sylinderblokk av aluminium og sylinderhode. Den bruker en OHC-ventil (dobbel overliggende kamaksel) med fire ventiler per sylinder. Den har ogs\u00e5 variabel ventiltiming, som justerer inntaks- og eksosventiltiming for bedre motorytelse og effektivitet.<\/p>\n<p>Motoren har et slagvolum p\u00e5 1,6 liter og yter en maksimal effekt p\u00e5 120 hestekrefter (88 kW) ved 6000 o\/min og et toppmoment p\u00e5 160 Nm (118 lb-ft) ved 4250 o\/min. Den er koblet til en 5-trinns manuell eller 4-trinns automatgir avhengig av bilmodell.<\/p>\n<p>5FW-motoren har ogs\u00e5 et direkteinnspr\u00f8ytningssystem som mater drivstoff ved h\u00f8yt trykk direkte inn i motoren direkte gjennom dysen. Dette systemet gir bedre drivstoffeffektivitet og lavere utslipp sammenlignet med eldre drivstoffinnspr\u00f8ytningssystemer.<\/p>\n<p>Totalt sett er 1.6 VTI-motoren med motorkode 5FW en p\u00e5litelig og effektiv bensinmotor som tilbyr god ytelse og drivstoff\u00f8konomi. Dens avanserte funksjoner, som variabel ventiltiming og direkte innspr\u00f8ytning, gj\u00f8r den til et popul\u00e6rt valg for sj\u00e5f\u00f8rer som verdsetter ytelse og effektivitet.<\/p>\n","protected":false},"excerpt":{"rendered":"<p>Peugeot:<\/p>\n<ul>\n<li>Peugeot 207 (2007-2014)<\/li>\n<li>Peugeot 308 (2007-2014)<\/li>\n<li>Peugeot 3008 (2009-2016)<\/li>\n<li>Peugeot 5008 (2009-2016)<\/li>\n<li>Peugeot RCZ (2010-2015)<\/li>\n<\/ul>\n<p>Citroen:<\/p>\n<ul>\n<li>Citroen C4 (2009-2018)<\/li>\n<li>Citroen C5 (2008-2017)<\/li>\n<li>Citroen C3 Picasso (2008-2017)<\/li>\n<li>Citroen DS3 (2009-2015)<\/li>\n<li>Citroen DS4 (2011-2018)<\/li>\n<\/ul>\n","protected":false},"featured_media":4344,"template":"","meta":[],"product_brand":[],"product_cat":[548,612],"product_tag":[796,803,798,805,825,827,828,848,849,902],"class_list":{"0":"post-5802","1":"product","2":"type-product","3":"status-publish","4":"has-post-thumbnail","6":"product_cat-citroen-no","7":"product_cat-peugeot-no","8":"product_tag-207-no","9":"product_tag-3008-no","10":"product_tag-308-no","11":"product_tag-5008-no","12":"product_tag-c3-no","13":"product_tag-c4-no","14":"product_tag-c5-no","15":"product_tag-ds3-no","16":"product_tag-ds4-no","17":"product_tag-rcz-no","18":"pa_varaosan-osasto-motor-no","21":"first","22":"instock","23":"shipping-taxable","24":"product-type-simple"},"yoast_head":"<!-- This site is optimized with the Yoast SEO plugin v26.8 - https:\/\/yoast.com\/product\/yoast-seo-wordpress\/ -->\n<title>1.6 VTI &quot;5FW&quot; motor [f.eks. 308, 5008, RCZ, C3, C5, DS3, DS4]<\/title>\n<meta name=\"description\" content=\"En av motorene vi Ofte har tilgjengelig. Send en foresp\u00f8rsel og du vil Motta et tilbud innen 24 timer. Motorer, girkasser og Andre bilder med garanti.\" \/>\n<meta name=\"robots\" content=\"index, follow, max-snippet:-1, max-image-preview:large, max-video-preview:-1\" \/>\n<link rel=\"canonical\" href=\"https:\/\/autopartscenter24.com\/no\/auton-varaosat\/1-6-vti-5fw-moottori-peugeot-citroen\/\" \/>\n<meta property=\"og:locale\" content=\"nb_NO\" \/>\n<meta property=\"og:type\" content=\"article\" \/>\n<meta property=\"og:title\" content=\"1.6 VTI &quot;5FW&quot; motor [f.eks. 308, 5008, RCZ, C3, C5, DS3, DS4]\" \/>\n<meta property=\"og:description\" content=\"En av motorene vi Ofte har tilgjengelig. Send en foresp\u00f8rsel og du vil Motta et tilbud innen 24 timer. Motorer, girkasser og Andre bilder med garanti.\" \/>\n<meta property=\"og:url\" content=\"https:\/\/autopartscenter24.com\/no\/auton-varaosat\/1-6-vti-5fw-moottori-peugeot-citroen\/\" \/>\n<meta property=\"og:site_name\" content=\"Autopartscenter24\" \/>\n<meta property=\"og:image\" content=\"https:\/\/autopartscenter24.com\/wp-content\/uploads\/2023\/03\/1-6-VTI-5FW-moottori-peugeot-citroen.webp\" \/>\n\t<meta property=\"og:image:width\" content=\"800\" \/>\n\t<meta property=\"og:image:height\" content=\"600\" \/>\n\t<meta property=\"og:image:type\" content=\"image\/webp\" \/>\n<meta name=\"twitter:card\" content=\"summary_large_image\" \/>\n<meta name=\"twitter:label1\" content=\"Ansl. lesetid\" \/>\n\t<meta name=\"twitter:data1\" content=\"1 minutt\" \/>\n<script type=\"application\/ld+json\" class=\"yoast-schema-graph\">{\"@context\":\"https:\/\/schema.org\",\"@graph\":[{\"@type\":\"WebPage\",\"@id\":\"https:\/\/autopartscenter24.com\/auton-varaosat\/1-6-vti-5fw-moottori-peugeot-citroen\/\",\"url\":\"https:\/\/autopartscenter24.com\/auton-varaosat\/1-6-vti-5fw-moottori-peugeot-citroen\/\",\"name\":\"1.6 VTI \\\"5FW\\\" motor [f.eks. 308, 5008, RCZ, C3, C5, DS3, DS4]\",\"isPartOf\":{\"@id\":\"https:\/\/autopartscenter24.com\/#website\"},\"primaryImageOfPage\":{\"@id\":\"https:\/\/autopartscenter24.com\/auton-varaosat\/1-6-vti-5fw-moottori-peugeot-citroen\/#primaryimage\"},\"image\":{\"@id\":\"https:\/\/autopartscenter24.com\/auton-varaosat\/1-6-vti-5fw-moottori-peugeot-citroen\/#primaryimage\"},\"thumbnailUrl\":\"https:\/\/autopartscenter24.com\/wp-content\/uploads\/2023\/03\/1-6-VTI-5FW-moottori-peugeot-citroen.webp\",\"datePublished\":\"2023-12-02T19:04:40+00:00\",\"description\":\"En av motorene vi Ofte har tilgjengelig. Send en foresp\u00f8rsel og du vil Motta et tilbud innen 24 timer. Motorer, girkasser og Andre bilder med garanti.\",\"breadcrumb\":{\"@id\":\"https:\/\/autopartscenter24.com\/auton-varaosat\/1-6-vti-5fw-moottori-peugeot-citroen\/#breadcrumb\"},\"inLanguage\":\"nb-NO\",\"potentialAction\":[{\"@type\":\"ReadAction\",\"target\":[\"https:\/\/autopartscenter24.com\/auton-varaosat\/1-6-vti-5fw-moottori-peugeot-citroen\/\"]}]},{\"@type\":\"ImageObject\",\"inLanguage\":\"nb-NO\",\"@id\":\"https:\/\/autopartscenter24.com\/auton-varaosat\/1-6-vti-5fw-moottori-peugeot-citroen\/#primaryimage\",\"url\":\"https:\/\/autopartscenter24.com\/wp-content\/uploads\/2023\/03\/1-6-VTI-5FW-moottori-peugeot-citroen.webp\",\"contentUrl\":\"https:\/\/autopartscenter24.com\/wp-content\/uploads\/2023\/03\/1-6-VTI-5FW-moottori-peugeot-citroen.webp\",\"width\":800,\"height\":600},{\"@type\":\"BreadcrumbList\",\"@id\":\"https:\/\/autopartscenter24.com\/auton-varaosat\/1-6-vti-5fw-moottori-peugeot-citroen\/#breadcrumb\",\"itemListElement\":[{\"@type\":\"ListItem\",\"position\":1,\"name\":\"Hjem\",\"item\":\"https:\/\/aliceblue-termite-662564.hostingersite.com\/\"},{\"@type\":\"ListItem\",\"position\":2,\"name\":\"Auton varaosat\",\"item\":\"https:\/\/aliceblue-termite-662564.hostingersite.com\/auton-varaosat\/\"},{\"@type\":\"ListItem\",\"position\":3,\"name\":\"1.6 VTI &#8221;5FW&#8221; motor [f.eks. 308, 5008, RCZ, C3, C5, DS3, DS4]\"}]},{\"@type\":\"WebSite\",\"@id\":\"https:\/\/autopartscenter24.com\/#website\",\"url\":\"https:\/\/autopartscenter24.com\/\",\"name\":\"Autopartscenter24\",\"description\":\"K\u00c4YTETYT JA KUNNOSTETUT  AUTON VARAOSAT\",\"potentialAction\":[{\"@type\":\"SearchAction\",\"target\":{\"@type\":\"EntryPoint\",\"urlTemplate\":\"https:\/\/autopartscenter24.com\/?s={search_term_string}\"},\"query-input\":{\"@type\":\"PropertyValueSpecification\",\"valueRequired\":true,\"valueName\":\"search_term_string\"}}],\"inLanguage\":\"nb-NO\"}]}<\/script>\n<!-- \/ Yoast SEO plugin. -->","yoast_head_json":{"title":"1.6 VTI \"5FW\" motor [f.eks. 308, 5008, RCZ, C3, C5, DS3, DS4]","description":"En av motorene vi Ofte har tilgjengelig. Send en foresp\u00f8rsel og du vil Motta et tilbud innen 24 timer. Motorer, girkasser og Andre bilder med garanti.","robots":{"index":"index","follow":"follow","max-snippet":"max-snippet:-1","max-image-preview":"max-image-preview:large","max-video-preview":"max-video-preview:-1"},"canonical":"https:\/\/autopartscenter24.com\/no\/auton-varaosat\/1-6-vti-5fw-moottori-peugeot-citroen\/","og_locale":"nb_NO","og_type":"article","og_title":"1.6 VTI \"5FW\" motor [f.eks. 308, 5008, RCZ, C3, C5, DS3, DS4]","og_description":"En av motorene vi Ofte har tilgjengelig. Send en foresp\u00f8rsel og du vil Motta et tilbud innen 24 timer. Motorer, girkasser og Andre bilder med garanti.","og_url":"https:\/\/autopartscenter24.com\/no\/auton-varaosat\/1-6-vti-5fw-moottori-peugeot-citroen\/","og_site_name":"Autopartscenter24","og_image":[{"width":800,"height":600,"url":"https:\/\/autopartscenter24.com\/wp-content\/uploads\/2023\/03\/1-6-VTI-5FW-moottori-peugeot-citroen.webp","type":"image\/webp"}],"twitter_card":"summary_large_image","twitter_misc":{"Ansl. lesetid":"1 minutt"},"schema":{"@context":"https:\/\/schema.org","@graph":[{"@type":"WebPage","@id":"https:\/\/autopartscenter24.com\/auton-varaosat\/1-6-vti-5fw-moottori-peugeot-citroen\/","url":"https:\/\/autopartscenter24.com\/auton-varaosat\/1-6-vti-5fw-moottori-peugeot-citroen\/","name":"1.6 VTI \"5FW\" motor [f.eks. 308, 5008, RCZ, C3, C5, DS3, DS4]","isPartOf":{"@id":"https:\/\/autopartscenter24.com\/#website"},"primaryImageOfPage":{"@id":"https:\/\/autopartscenter24.com\/auton-varaosat\/1-6-vti-5fw-moottori-peugeot-citroen\/#primaryimage"},"image":{"@id":"https:\/\/autopartscenter24.com\/auton-varaosat\/1-6-vti-5fw-moottori-peugeot-citroen\/#primaryimage"},"thumbnailUrl":"https:\/\/autopartscenter24.com\/wp-content\/uploads\/2023\/03\/1-6-VTI-5FW-moottori-peugeot-citroen.webp","datePublished":"2023-12-02T19:04:40+00:00","description":"En av motorene vi Ofte har tilgjengelig. Send en foresp\u00f8rsel og du vil Motta et tilbud innen 24 timer. Motorer, girkasser og Andre bilder med garanti.","breadcrumb":{"@id":"https:\/\/autopartscenter24.com\/auton-varaosat\/1-6-vti-5fw-moottori-peugeot-citroen\/#breadcrumb"},"inLanguage":"nb-NO","potentialAction":[{"@type":"ReadAction","target":["https:\/\/autopartscenter24.com\/auton-varaosat\/1-6-vti-5fw-moottori-peugeot-citroen\/"]}]},{"@type":"ImageObject","inLanguage":"nb-NO","@id":"https:\/\/autopartscenter24.com\/auton-varaosat\/1-6-vti-5fw-moottori-peugeot-citroen\/#primaryimage","url":"https:\/\/autopartscenter24.com\/wp-content\/uploads\/2023\/03\/1-6-VTI-5FW-moottori-peugeot-citroen.webp","contentUrl":"https:\/\/autopartscenter24.com\/wp-content\/uploads\/2023\/03\/1-6-VTI-5FW-moottori-peugeot-citroen.webp","width":800,"height":600},{"@type":"BreadcrumbList","@id":"https:\/\/autopartscenter24.com\/auton-varaosat\/1-6-vti-5fw-moottori-peugeot-citroen\/#breadcrumb","itemListElement":[{"@type":"ListItem","position":1,"name":"Hjem","item":"https:\/\/aliceblue-termite-662564.hostingersite.com\/"},{"@type":"ListItem","position":2,"name":"Auton varaosat","item":"https:\/\/aliceblue-termite-662564.hostingersite.com\/auton-varaosat\/"},{"@type":"ListItem","position":3,"name":"1.6 VTI &#8221;5FW&#8221; motor [f.eks. 308, 5008, RCZ, C3, C5, DS3, DS4]"}]},{"@type":"WebSite","@id":"https:\/\/autopartscenter24.com\/#website","url":"https:\/\/autopartscenter24.com\/","name":"Autopartscenter24","description":"K\u00c4YTETYT JA KUNNOSTETUT  AUTON VARAOSAT","potentialAction":[{"@type":"SearchAction","target":{"@type":"EntryPoint","urlTemplate":"https:\/\/autopartscenter24.com\/?s={search_term_string}"},"query-input":{"@type":"PropertyValueSpecification","valueRequired":true,"valueName":"search_term_string"}}],"inLanguage":"nb-NO"}]}},"_links":{"self":[{"href":"https:\/\/autopartscenter24.com\/no\/wp-json\/wp\/v2\/product\/5802","targetHints":{"allow":["GET"]}}],"collection":[{"href":"https:\/\/autopartscenter24.com\/no\/wp-json\/wp\/v2\/product"}],"about":[{"href":"https:\/\/autopartscenter24.com\/no\/wp-json\/wp\/v2\/types\/product"}],"wp:featuredmedia":[{"embeddable":true,"href":"https:\/\/autopartscenter24.com\/no\/wp-json\/wp\/v2\/media\/4344"}],"wp:attachment":[{"href":"https:\/\/autopartscenter24.com\/no\/wp-json\/wp\/v2\/media?parent=5802"}],"wp:term":[{"taxonomy":"product_brand","embeddable":true,"href":"https:\/\/autopartscenter24.com\/no\/wp-json\/wp\/v2\/product_brand?post=5802"},{"taxonomy":"product_cat","embeddable":true,"href":"https:\/\/autopartscenter24.com\/no\/wp-json\/wp\/v2\/product_cat?post=5802"},{"taxonomy":"product_tag","embeddable":true,"href":"https:\/\/autopartscenter24.com\/no\/wp-json\/wp\/v2\/product_tag?post=5802"}],"curies":[{"name":"wp","href":"https:\/\/api.w.org\/{rel}","templated":true}]}}