{"id":5801,"date":"2023-03-04T18:50:39","date_gmt":"2023-12-02T19:02:48","guid":{"rendered":"https:\/\/autopartscenter24.com\/product\/15-dci-k9k636-motor-megane-scenic-kangoo-qashqai\/"},"modified":"2023-12-02T20:02:48","modified_gmt":"2023-12-02T19:02:48","slug":"15-dci-k9k636-motor-megane-scenic-kangoo-qashqai","status":"publish","type":"product","link":"https:\/\/autopartscenter24.com\/no\/auton-varaosat\/15-dci-k9k636-motor-megane-scenic-kangoo-qashqai\/","title":{"rendered":"1,5 DCI &laquo;K9K636&raquo;-motor [Megane, Scenic, Kangoo, Qashqai]"},"content":{"rendered":"<p><strong>1,5 DCI (motorkode: K9K636) er en firesylindret dieselmotor som har v\u00e6rt brukt i flere bilmodeller som Renault, Nissan og Dacia.<\/strong> Motoren ble f\u00f8rst introdusert i 2001 og har vist seg \u00e5 v\u00e6re en sv\u00e6rt p\u00e5litelig og \u00f8konomisk motor.<\/p>\n<p>K9K636-motoren har en aluminiumssylinderblokk og sylinderhode, og en DOHC (dobbel overliggende kamaksel) ventilserie med fire ventiler per sylinder. Motoren har ogs\u00e5 et common rail drivstoffsystem som bruker en h\u00f8ytrykkspumpe for \u00e5 mate drivstoff direkte til sylindrene.<\/p>\n<p>Motoren har et slagvolum p\u00e5 1,5 liter og yter en maksimal effekt p\u00e5 110 hestekrefter (81 kW) og et maksimalt dreiemoment p\u00e5 260 Nm (192 lb-ft) ved 2000 o\/min. Den er koblet til enten en 5- eller 6-trinns manuell girkasse eller en 6-trinns automatgir, avhengig av bilmodell.<\/p>\n<p>K9K636-motoren er kjent for god drivstoff\u00f8konomi og lave karbondioksidutslipp. Den er ogs\u00e5 stilleg\u00e5ende og enkel \u00e5 vedlikeholde, noe som gj\u00f8r den til et veldig attraktivt valg for forbrukere.<\/p>\n<p>Totalt sett er 1,5 DCI (motorkode: K9K636) en p\u00e5litelig, effektiv og \u00f8konomisk dieselmotor som tilbyr utmerket kj\u00f8reopplevelse og drivstoff\u00f8konomi p\u00e5 tvers av et bredt spekter av bilmodeller.<\/p>\n","protected":false},"excerpt":{"rendered":"<p>Renault:<\/p>\n<ul>\n<li>Clio<\/li>\n<li>Megane<\/li>\n<li>Scenic<\/li>\n<li>Kangoo<\/li>\n<\/ul>\n<p>Nissan:<\/p>\n<ul>\n<li>Micra<\/li>\n<li>Note<\/li>\n<li>Qashqai (2007\u20132013)<\/li>\n<\/ul>\n<p>Dacia:<\/p>\n<ul>\n<li>Logan<\/li>\n<li>Sandero<\/li>\n<\/ul>\n","protected":false},"featured_media":4349,"template":"","meta":[],"product_brand":[],"product_cat":[552,600,620],"product_tag":[842,876,882,884,886,889,900,907,908],"class_list":{"0":"post-5801","1":"product","2":"type-product","3":"status-publish","4":"has-post-thumbnail","6":"product_cat-dacia-no","7":"product_cat-nissan-no","8":"product_cat-renault-no","9":"product_tag-clio-no","10":"product_tag-kangoo-no","11":"product_tag-logan-no","12":"product_tag-megane-no","13":"product_tag-micra-no","14":"product_tag-note-no","15":"product_tag-qashqai-no","16":"product_tag-sandero-no","17":"product_tag-scenic-no","18":"pa_varaosan-osasto-motor-no","21":"first","22":"instock","23":"shipping-taxable","24":"product-type-simple"},"yoast_head":"<!-- This site is optimized with the Yoast SEO plugin v26.8 - https:\/\/yoast.com\/product\/yoast-seo-wordpress\/ -->\n<title>1,5 DCI &quot;K9K636&quot;-motor [Megane, Scenic, Kangoo, Qashqai]<\/title>\n<meta name=\"description\" content=\"En av motorene vi Ofte har tilgjengelig. Send en foresp\u00f8rsel og du vil Motta et tilbud innen 24 timer. Motorer, girkasser og Andre bilder med garanti.\" \/>\n<meta name=\"robots\" content=\"index, follow, max-snippet:-1, max-image-preview:large, max-video-preview:-1\" \/>\n<link rel=\"canonical\" href=\"https:\/\/autopartscenter24.com\/no\/auton-varaosat\/1-5-dci-k9k-636-moottori-renault-nissan-dacia\/\" \/>\n<meta property=\"og:locale\" content=\"nb_NO\" \/>\n<meta property=\"og:type\" content=\"article\" \/>\n<meta property=\"og:title\" content=\"1,5 DCI &quot;K9K636&quot;-motor [Megane, Scenic, Kangoo, Qashqai]\" \/>\n<meta property=\"og:description\" content=\"En av motorene vi Ofte har tilgjengelig. Send en foresp\u00f8rsel og du vil Motta et tilbud innen 24 timer. Motorer, girkasser og Andre bilder med garanti.\" \/>\n<meta property=\"og:url\" content=\"https:\/\/autopartscenter24.com\/no\/auton-varaosat\/1-5-dci-k9k-636-moottori-renault-nissan-dacia\/\" \/>\n<meta property=\"og:site_name\" content=\"Autopartscenter24\" \/>\n<meta property=\"og:image\" content=\"https:\/\/autopartscenter24.com\/wp-content\/uploads\/2023\/03\/1-5-DCI-K9K-636-moottori-Renault-Nissan-Dacia.webp\" \/>\n\t<meta property=\"og:image:width\" content=\"800\" \/>\n\t<meta property=\"og:image:height\" content=\"600\" \/>\n\t<meta property=\"og:image:type\" content=\"image\/webp\" \/>\n<meta name=\"twitter:card\" content=\"summary_large_image\" \/>\n<meta name=\"twitter:label1\" content=\"Ansl. lesetid\" \/>\n\t<meta name=\"twitter:data1\" content=\"1 minutt\" \/>\n<script type=\"application\/ld+json\" class=\"yoast-schema-graph\">{\"@context\":\"https:\/\/schema.org\",\"@graph\":[{\"@type\":\"WebPage\",\"@id\":\"https:\/\/autopartscenter24.com\/auton-varaosat\/1-5-dci-k9k-636-moottori-renault-nissan-dacia\/\",\"url\":\"https:\/\/autopartscenter24.com\/auton-varaosat\/1-5-dci-k9k-636-moottori-renault-nissan-dacia\/\",\"name\":\"1,5 DCI \\\"K9K636\\\"-motor [Megane, Scenic, Kangoo, Qashqai]\",\"isPartOf\":{\"@id\":\"https:\/\/autopartscenter24.com\/#website\"},\"primaryImageOfPage\":{\"@id\":\"https:\/\/autopartscenter24.com\/auton-varaosat\/1-5-dci-k9k-636-moottori-renault-nissan-dacia\/#primaryimage\"},\"image\":{\"@id\":\"https:\/\/autopartscenter24.com\/auton-varaosat\/1-5-dci-k9k-636-moottori-renault-nissan-dacia\/#primaryimage\"},\"thumbnailUrl\":\"https:\/\/autopartscenter24.com\/wp-content\/uploads\/2023\/03\/1-5-DCI-K9K-636-moottori-Renault-Nissan-Dacia.webp\",\"datePublished\":\"2023-12-02T19:02:48+00:00\",\"description\":\"En av motorene vi Ofte har tilgjengelig. Send en foresp\u00f8rsel og du vil Motta et tilbud innen 24 timer. Motorer, girkasser og Andre bilder med garanti.\",\"breadcrumb\":{\"@id\":\"https:\/\/autopartscenter24.com\/auton-varaosat\/1-5-dci-k9k-636-moottori-renault-nissan-dacia\/#breadcrumb\"},\"inLanguage\":\"nb-NO\",\"potentialAction\":[{\"@type\":\"ReadAction\",\"target\":[\"https:\/\/autopartscenter24.com\/auton-varaosat\/1-5-dci-k9k-636-moottori-renault-nissan-dacia\/\"]}]},{\"@type\":\"ImageObject\",\"inLanguage\":\"nb-NO\",\"@id\":\"https:\/\/autopartscenter24.com\/auton-varaosat\/1-5-dci-k9k-636-moottori-renault-nissan-dacia\/#primaryimage\",\"url\":\"https:\/\/autopartscenter24.com\/wp-content\/uploads\/2023\/03\/1-5-DCI-K9K-636-moottori-Renault-Nissan-Dacia.webp\",\"contentUrl\":\"https:\/\/autopartscenter24.com\/wp-content\/uploads\/2023\/03\/1-5-DCI-K9K-636-moottori-Renault-Nissan-Dacia.webp\",\"width\":800,\"height\":600},{\"@type\":\"BreadcrumbList\",\"@id\":\"https:\/\/autopartscenter24.com\/auton-varaosat\/1-5-dci-k9k-636-moottori-renault-nissan-dacia\/#breadcrumb\",\"itemListElement\":[{\"@type\":\"ListItem\",\"position\":1,\"name\":\"Hjem\",\"item\":\"https:\/\/aliceblue-termite-662564.hostingersite.com\/\"},{\"@type\":\"ListItem\",\"position\":2,\"name\":\"Auton varaosat\",\"item\":\"https:\/\/aliceblue-termite-662564.hostingersite.com\/auton-varaosat\/\"},{\"@type\":\"ListItem\",\"position\":3,\"name\":\"1,5 DCI &#8221;K9K636&#8221;-motor [Megane, Scenic, Kangoo, Qashqai]\"}]},{\"@type\":\"WebSite\",\"@id\":\"https:\/\/autopartscenter24.com\/#website\",\"url\":\"https:\/\/autopartscenter24.com\/\",\"name\":\"Autopartscenter24\",\"description\":\"K\u00c4YTETYT JA KUNNOSTETUT  AUTON VARAOSAT\",\"potentialAction\":[{\"@type\":\"SearchAction\",\"target\":{\"@type\":\"EntryPoint\",\"urlTemplate\":\"https:\/\/autopartscenter24.com\/?s={search_term_string}\"},\"query-input\":{\"@type\":\"PropertyValueSpecification\",\"valueRequired\":true,\"valueName\":\"search_term_string\"}}],\"inLanguage\":\"nb-NO\"}]}<\/script>\n<!-- \/ Yoast SEO plugin. -->","yoast_head_json":{"title":"1,5 DCI \"K9K636\"-motor [Megane, Scenic, Kangoo, Qashqai]","description":"En av motorene vi Ofte har tilgjengelig. Send en foresp\u00f8rsel og du vil Motta et tilbud innen 24 timer. Motorer, girkasser og Andre bilder med garanti.","robots":{"index":"index","follow":"follow","max-snippet":"max-snippet:-1","max-image-preview":"max-image-preview:large","max-video-preview":"max-video-preview:-1"},"canonical":"https:\/\/autopartscenter24.com\/no\/auton-varaosat\/1-5-dci-k9k-636-moottori-renault-nissan-dacia\/","og_locale":"nb_NO","og_type":"article","og_title":"1,5 DCI \"K9K636\"-motor [Megane, Scenic, Kangoo, Qashqai]","og_description":"En av motorene vi Ofte har tilgjengelig. Send en foresp\u00f8rsel og du vil Motta et tilbud innen 24 timer. Motorer, girkasser og Andre bilder med garanti.","og_url":"https:\/\/autopartscenter24.com\/no\/auton-varaosat\/1-5-dci-k9k-636-moottori-renault-nissan-dacia\/","og_site_name":"Autopartscenter24","og_image":[{"width":800,"height":600,"url":"https:\/\/autopartscenter24.com\/wp-content\/uploads\/2023\/03\/1-5-DCI-K9K-636-moottori-Renault-Nissan-Dacia.webp","type":"image\/webp"}],"twitter_card":"summary_large_image","twitter_misc":{"Ansl. lesetid":"1 minutt"},"schema":{"@context":"https:\/\/schema.org","@graph":[{"@type":"WebPage","@id":"https:\/\/autopartscenter24.com\/auton-varaosat\/1-5-dci-k9k-636-moottori-renault-nissan-dacia\/","url":"https:\/\/autopartscenter24.com\/auton-varaosat\/1-5-dci-k9k-636-moottori-renault-nissan-dacia\/","name":"1,5 DCI \"K9K636\"-motor [Megane, Scenic, Kangoo, Qashqai]","isPartOf":{"@id":"https:\/\/autopartscenter24.com\/#website"},"primaryImageOfPage":{"@id":"https:\/\/autopartscenter24.com\/auton-varaosat\/1-5-dci-k9k-636-moottori-renault-nissan-dacia\/#primaryimage"},"image":{"@id":"https:\/\/autopartscenter24.com\/auton-varaosat\/1-5-dci-k9k-636-moottori-renault-nissan-dacia\/#primaryimage"},"thumbnailUrl":"https:\/\/autopartscenter24.com\/wp-content\/uploads\/2023\/03\/1-5-DCI-K9K-636-moottori-Renault-Nissan-Dacia.webp","datePublished":"2023-12-02T19:02:48+00:00","description":"En av motorene vi Ofte har tilgjengelig. Send en foresp\u00f8rsel og du vil Motta et tilbud innen 24 timer. Motorer, girkasser og Andre bilder med garanti.","breadcrumb":{"@id":"https:\/\/autopartscenter24.com\/auton-varaosat\/1-5-dci-k9k-636-moottori-renault-nissan-dacia\/#breadcrumb"},"inLanguage":"nb-NO","potentialAction":[{"@type":"ReadAction","target":["https:\/\/autopartscenter24.com\/auton-varaosat\/1-5-dci-k9k-636-moottori-renault-nissan-dacia\/"]}]},{"@type":"ImageObject","inLanguage":"nb-NO","@id":"https:\/\/autopartscenter24.com\/auton-varaosat\/1-5-dci-k9k-636-moottori-renault-nissan-dacia\/#primaryimage","url":"https:\/\/autopartscenter24.com\/wp-content\/uploads\/2023\/03\/1-5-DCI-K9K-636-moottori-Renault-Nissan-Dacia.webp","contentUrl":"https:\/\/autopartscenter24.com\/wp-content\/uploads\/2023\/03\/1-5-DCI-K9K-636-moottori-Renault-Nissan-Dacia.webp","width":800,"height":600},{"@type":"BreadcrumbList","@id":"https:\/\/autopartscenter24.com\/auton-varaosat\/1-5-dci-k9k-636-moottori-renault-nissan-dacia\/#breadcrumb","itemListElement":[{"@type":"ListItem","position":1,"name":"Hjem","item":"https:\/\/aliceblue-termite-662564.hostingersite.com\/"},{"@type":"ListItem","position":2,"name":"Auton varaosat","item":"https:\/\/aliceblue-termite-662564.hostingersite.com\/auton-varaosat\/"},{"@type":"ListItem","position":3,"name":"1,5 DCI &#8221;K9K636&#8221;-motor [Megane, Scenic, Kangoo, Qashqai]"}]},{"@type":"WebSite","@id":"https:\/\/autopartscenter24.com\/#website","url":"https:\/\/autopartscenter24.com\/","name":"Autopartscenter24","description":"K\u00c4YTETYT JA KUNNOSTETUT  AUTON VARAOSAT","potentialAction":[{"@type":"SearchAction","target":{"@type":"EntryPoint","urlTemplate":"https:\/\/autopartscenter24.com\/?s={search_term_string}"},"query-input":{"@type":"PropertyValueSpecification","valueRequired":true,"valueName":"search_term_string"}}],"inLanguage":"nb-NO"}]}},"_links":{"self":[{"href":"https:\/\/autopartscenter24.com\/no\/wp-json\/wp\/v2\/product\/5801","targetHints":{"allow":["GET"]}}],"collection":[{"href":"https:\/\/autopartscenter24.com\/no\/wp-json\/wp\/v2\/product"}],"about":[{"href":"https:\/\/autopartscenter24.com\/no\/wp-json\/wp\/v2\/types\/product"}],"wp:featuredmedia":[{"embeddable":true,"href":"https:\/\/autopartscenter24.com\/no\/wp-json\/wp\/v2\/media\/4349"}],"wp:attachment":[{"href":"https:\/\/autopartscenter24.com\/no\/wp-json\/wp\/v2\/media?parent=5801"}],"wp:term":[{"taxonomy":"product_brand","embeddable":true,"href":"https:\/\/autopartscenter24.com\/no\/wp-json\/wp\/v2\/product_brand?post=5801"},{"taxonomy":"product_cat","embeddable":true,"href":"https:\/\/autopartscenter24.com\/no\/wp-json\/wp\/v2\/product_cat?post=5801"},{"taxonomy":"product_tag","embeddable":true,"href":"https:\/\/autopartscenter24.com\/no\/wp-json\/wp\/v2\/product_tag?post=5801"}],"curies":[{"name":"wp","href":"https:\/\/api.w.org\/{rel}","templated":true}]}}