{"id":5800,"date":"2023-03-04T19:03:21","date_gmt":"2023-12-02T19:01:00","guid":{"rendered":"https:\/\/autopartscenter24.com\/product\/1-6-i-dtec-n16a1-motor-f-eks-honda-civic-cr-v\/"},"modified":"2023-12-02T20:01:00","modified_gmt":"2023-12-02T19:01:00","slug":"1-6-i-dtec-n16a1-motor-f-eks-honda-civic-cr-v","status":"publish","type":"product","link":"https:\/\/autopartscenter24.com\/no\/auton-varaosat\/1-6-i-dtec-n16a1-motor-f-eks-honda-civic-cr-v\/","title":{"rendered":"1.6 I-DTEC &laquo;N16A1&raquo; motor [f.eks. HONDA CIVIC, CR-V]"},"content":{"rendered":"<p><strong>HONDA 1.6 I-DTEC-motoren (kode: N16A1)<\/strong> er en firesylindret dieselmotor som f\u00f8rst ble introdusert i 2013. Hovedtrekkene til motoren er dens gode ytelse, \u00f8konomi og milj\u00f8vennlighet.<\/p>\n<p>Sylinderhodet og blokken til N16A1-motoren er laget av aluminium. Motoren har DOHC (dobbel overliggende kamaksel) ventilstyring med fire ventiler per sylinder. I tillegg har motoren en kompressorlading og en intercooler, som forbedrer motorens ytelse og kraft.<\/p>\n<p>Motoren har et slagvolum p\u00e5 1,6 liter og en maksimal effekt p\u00e5 120 hestekrefter (88 kW) ved 4000 o\/min og et toppmoment p\u00e5 300 Nm (221 lb-ft) ved 2000 o\/min. Motoren er utstyrt med en 6-trinns manuell girkasse.<\/p>\n<p>N16A1-motoren har et flerpunktsinjeksjonssystem som tillater presis drivstoffinnspr\u00f8ytning inn i motoren. Dette systemet forbedrer drivstoff\u00f8konomien og reduserer utslippene.<\/p>\n<p>HONDA 1.6 I-DTEC-motoren (kode: N16A1) har blitt brukt i flere HONDA-modeller, inkludert:<\/p>\n<ul>\n<li>Honda Civic (2013-2017)<\/li>\n<li>Honda CR-V (2013-2014)<\/li>\n<\/ul>\n<p>Avslutningsvis er HONDA 1.6 I-DTEC-motoren (kode: N16A1) en p\u00e5litelig, \u00f8konomisk og milj\u00f8vennlig dieselmotor som tilbyr god ytelse og \u00f8konomi. Dens avanserte funksjoner, som flerpunktsinjeksjonssystemet, gj\u00f8r den til et popul\u00e6rt valg for sj\u00e5f\u00f8rer som verdsetter ytelse og \u00f8konomi.<\/p>\n","protected":false},"excerpt":{"rendered":"<p>Honda:<\/p>\n<ul>\n<li>Civic (2013-2017)<\/li>\n<li>CR-V (2015-2018)<\/li>\n<\/ul>\n","protected":false},"featured_media":3594,"template":"","meta":[],"product_brand":[],"product_cat":[568],"product_tag":[841,834],"class_list":{"0":"post-5800","1":"product","2":"type-product","3":"status-publish","4":"has-post-thumbnail","6":"product_cat-honda-no","7":"product_tag-civic-no","8":"product_tag-cr-v-no","9":"pa_varaosan-osasto-motor-no","12":"first","13":"instock","14":"shipping-taxable","15":"product-type-simple"},"yoast_head":"<!-- This site is optimized with the Yoast SEO plugin v26.8 - https:\/\/yoast.com\/product\/yoast-seo-wordpress\/ -->\n<title>1.6 I-DTEC &quot;N16A1&quot; motor [f.eks. HONDA CIVIC, CR-V]<\/title>\n<meta name=\"description\" content=\"En av motorene vi Ofte har tilgjengelig. Send en foresp\u00f8rsel og du vil Motta et tilbud innen 24 timer. Motorer, girkasser og Andre bilder med garanti.\" \/>\n<meta name=\"robots\" content=\"index, follow, max-snippet:-1, max-image-preview:large, max-video-preview:-1\" \/>\n<link rel=\"canonical\" href=\"https:\/\/autopartscenter24.com\/no\/auton-varaosat\/1-6-i-dtec-n16a1-moottori-honda-civic-cr-v\/\" \/>\n<meta property=\"og:locale\" content=\"nb_NO\" \/>\n<meta property=\"og:type\" content=\"article\" \/>\n<meta property=\"og:title\" content=\"1.6 I-DTEC &quot;N16A1&quot; motor [f.eks. HONDA CIVIC, CR-V]\" \/>\n<meta property=\"og:description\" content=\"En av motorene vi Ofte har tilgjengelig. Send en foresp\u00f8rsel og du vil Motta et tilbud innen 24 timer. Motorer, girkasser og Andre bilder med garanti.\" \/>\n<meta property=\"og:url\" content=\"https:\/\/autopartscenter24.com\/no\/auton-varaosat\/1-6-i-dtec-n16a1-moottori-honda-civic-cr-v\/\" \/>\n<meta property=\"og:site_name\" content=\"Autopartscenter24\" \/>\n<meta property=\"og:image\" content=\"https:\/\/autopartscenter24.com\/wp-content\/uploads\/2023\/03\/1-6-I-DTEC-N16A1-moottori-honda-civic-crv.jpg\" \/>\n\t<meta property=\"og:image:width\" content=\"800\" \/>\n\t<meta property=\"og:image:height\" content=\"600\" \/>\n\t<meta property=\"og:image:type\" content=\"image\/jpeg\" \/>\n<meta name=\"twitter:card\" content=\"summary_large_image\" \/>\n<meta name=\"twitter:label1\" content=\"Ansl. lesetid\" \/>\n\t<meta name=\"twitter:data1\" content=\"1 minutt\" \/>\n<script type=\"application\/ld+json\" class=\"yoast-schema-graph\">{\"@context\":\"https:\/\/schema.org\",\"@graph\":[{\"@type\":\"WebPage\",\"@id\":\"https:\/\/autopartscenter24.com\/auton-varaosat\/1-6-i-dtec-n16a1-moottori-honda-civic-cr-v\/\",\"url\":\"https:\/\/autopartscenter24.com\/auton-varaosat\/1-6-i-dtec-n16a1-moottori-honda-civic-cr-v\/\",\"name\":\"1.6 I-DTEC \\\"N16A1\\\" motor [f.eks. HONDA CIVIC, CR-V]\",\"isPartOf\":{\"@id\":\"https:\/\/autopartscenter24.com\/#website\"},\"primaryImageOfPage\":{\"@id\":\"https:\/\/autopartscenter24.com\/auton-varaosat\/1-6-i-dtec-n16a1-moottori-honda-civic-cr-v\/#primaryimage\"},\"image\":{\"@id\":\"https:\/\/autopartscenter24.com\/auton-varaosat\/1-6-i-dtec-n16a1-moottori-honda-civic-cr-v\/#primaryimage\"},\"thumbnailUrl\":\"https:\/\/autopartscenter24.com\/wp-content\/uploads\/2023\/03\/1-6-I-DTEC-N16A1-moottori-honda-civic-crv.jpg\",\"datePublished\":\"2023-12-02T19:01:00+00:00\",\"description\":\"En av motorene vi Ofte har tilgjengelig. Send en foresp\u00f8rsel og du vil Motta et tilbud innen 24 timer. Motorer, girkasser og Andre bilder med garanti.\",\"breadcrumb\":{\"@id\":\"https:\/\/autopartscenter24.com\/auton-varaosat\/1-6-i-dtec-n16a1-moottori-honda-civic-cr-v\/#breadcrumb\"},\"inLanguage\":\"nb-NO\",\"potentialAction\":[{\"@type\":\"ReadAction\",\"target\":[\"https:\/\/autopartscenter24.com\/auton-varaosat\/1-6-i-dtec-n16a1-moottori-honda-civic-cr-v\/\"]}]},{\"@type\":\"ImageObject\",\"inLanguage\":\"nb-NO\",\"@id\":\"https:\/\/autopartscenter24.com\/auton-varaosat\/1-6-i-dtec-n16a1-moottori-honda-civic-cr-v\/#primaryimage\",\"url\":\"https:\/\/autopartscenter24.com\/wp-content\/uploads\/2023\/03\/1-6-I-DTEC-N16A1-moottori-honda-civic-crv.jpg\",\"contentUrl\":\"https:\/\/autopartscenter24.com\/wp-content\/uploads\/2023\/03\/1-6-I-DTEC-N16A1-moottori-honda-civic-crv.jpg\",\"width\":800,\"height\":600},{\"@type\":\"BreadcrumbList\",\"@id\":\"https:\/\/autopartscenter24.com\/auton-varaosat\/1-6-i-dtec-n16a1-moottori-honda-civic-cr-v\/#breadcrumb\",\"itemListElement\":[{\"@type\":\"ListItem\",\"position\":1,\"name\":\"Hjem\",\"item\":\"https:\/\/aliceblue-termite-662564.hostingersite.com\/\"},{\"@type\":\"ListItem\",\"position\":2,\"name\":\"Auton varaosat\",\"item\":\"https:\/\/aliceblue-termite-662564.hostingersite.com\/auton-varaosat\/\"},{\"@type\":\"ListItem\",\"position\":3,\"name\":\"1.6 I-DTEC &#8221;N16A1&#8221; motor [f.eks. HONDA CIVIC, CR-V]\"}]},{\"@type\":\"WebSite\",\"@id\":\"https:\/\/autopartscenter24.com\/#website\",\"url\":\"https:\/\/autopartscenter24.com\/\",\"name\":\"Autopartscenter24\",\"description\":\"K\u00c4YTETYT JA KUNNOSTETUT  AUTON VARAOSAT\",\"potentialAction\":[{\"@type\":\"SearchAction\",\"target\":{\"@type\":\"EntryPoint\",\"urlTemplate\":\"https:\/\/autopartscenter24.com\/?s={search_term_string}\"},\"query-input\":{\"@type\":\"PropertyValueSpecification\",\"valueRequired\":true,\"valueName\":\"search_term_string\"}}],\"inLanguage\":\"nb-NO\"}]}<\/script>\n<!-- \/ Yoast SEO plugin. -->","yoast_head_json":{"title":"1.6 I-DTEC \"N16A1\" motor [f.eks. HONDA CIVIC, CR-V]","description":"En av motorene vi Ofte har tilgjengelig. Send en foresp\u00f8rsel og du vil Motta et tilbud innen 24 timer. Motorer, girkasser og Andre bilder med garanti.","robots":{"index":"index","follow":"follow","max-snippet":"max-snippet:-1","max-image-preview":"max-image-preview:large","max-video-preview":"max-video-preview:-1"},"canonical":"https:\/\/autopartscenter24.com\/no\/auton-varaosat\/1-6-i-dtec-n16a1-moottori-honda-civic-cr-v\/","og_locale":"nb_NO","og_type":"article","og_title":"1.6 I-DTEC \"N16A1\" motor [f.eks. HONDA CIVIC, CR-V]","og_description":"En av motorene vi Ofte har tilgjengelig. Send en foresp\u00f8rsel og du vil Motta et tilbud innen 24 timer. Motorer, girkasser og Andre bilder med garanti.","og_url":"https:\/\/autopartscenter24.com\/no\/auton-varaosat\/1-6-i-dtec-n16a1-moottori-honda-civic-cr-v\/","og_site_name":"Autopartscenter24","og_image":[{"width":800,"height":600,"url":"https:\/\/autopartscenter24.com\/wp-content\/uploads\/2023\/03\/1-6-I-DTEC-N16A1-moottori-honda-civic-crv.jpg","type":"image\/jpeg"}],"twitter_card":"summary_large_image","twitter_misc":{"Ansl. lesetid":"1 minutt"},"schema":{"@context":"https:\/\/schema.org","@graph":[{"@type":"WebPage","@id":"https:\/\/autopartscenter24.com\/auton-varaosat\/1-6-i-dtec-n16a1-moottori-honda-civic-cr-v\/","url":"https:\/\/autopartscenter24.com\/auton-varaosat\/1-6-i-dtec-n16a1-moottori-honda-civic-cr-v\/","name":"1.6 I-DTEC \"N16A1\" motor [f.eks. HONDA CIVIC, CR-V]","isPartOf":{"@id":"https:\/\/autopartscenter24.com\/#website"},"primaryImageOfPage":{"@id":"https:\/\/autopartscenter24.com\/auton-varaosat\/1-6-i-dtec-n16a1-moottori-honda-civic-cr-v\/#primaryimage"},"image":{"@id":"https:\/\/autopartscenter24.com\/auton-varaosat\/1-6-i-dtec-n16a1-moottori-honda-civic-cr-v\/#primaryimage"},"thumbnailUrl":"https:\/\/autopartscenter24.com\/wp-content\/uploads\/2023\/03\/1-6-I-DTEC-N16A1-moottori-honda-civic-crv.jpg","datePublished":"2023-12-02T19:01:00+00:00","description":"En av motorene vi Ofte har tilgjengelig. Send en foresp\u00f8rsel og du vil Motta et tilbud innen 24 timer. Motorer, girkasser og Andre bilder med garanti.","breadcrumb":{"@id":"https:\/\/autopartscenter24.com\/auton-varaosat\/1-6-i-dtec-n16a1-moottori-honda-civic-cr-v\/#breadcrumb"},"inLanguage":"nb-NO","potentialAction":[{"@type":"ReadAction","target":["https:\/\/autopartscenter24.com\/auton-varaosat\/1-6-i-dtec-n16a1-moottori-honda-civic-cr-v\/"]}]},{"@type":"ImageObject","inLanguage":"nb-NO","@id":"https:\/\/autopartscenter24.com\/auton-varaosat\/1-6-i-dtec-n16a1-moottori-honda-civic-cr-v\/#primaryimage","url":"https:\/\/autopartscenter24.com\/wp-content\/uploads\/2023\/03\/1-6-I-DTEC-N16A1-moottori-honda-civic-crv.jpg","contentUrl":"https:\/\/autopartscenter24.com\/wp-content\/uploads\/2023\/03\/1-6-I-DTEC-N16A1-moottori-honda-civic-crv.jpg","width":800,"height":600},{"@type":"BreadcrumbList","@id":"https:\/\/autopartscenter24.com\/auton-varaosat\/1-6-i-dtec-n16a1-moottori-honda-civic-cr-v\/#breadcrumb","itemListElement":[{"@type":"ListItem","position":1,"name":"Hjem","item":"https:\/\/aliceblue-termite-662564.hostingersite.com\/"},{"@type":"ListItem","position":2,"name":"Auton varaosat","item":"https:\/\/aliceblue-termite-662564.hostingersite.com\/auton-varaosat\/"},{"@type":"ListItem","position":3,"name":"1.6 I-DTEC &#8221;N16A1&#8221; motor [f.eks. HONDA CIVIC, CR-V]"}]},{"@type":"WebSite","@id":"https:\/\/autopartscenter24.com\/#website","url":"https:\/\/autopartscenter24.com\/","name":"Autopartscenter24","description":"K\u00c4YTETYT JA KUNNOSTETUT  AUTON VARAOSAT","potentialAction":[{"@type":"SearchAction","target":{"@type":"EntryPoint","urlTemplate":"https:\/\/autopartscenter24.com\/?s={search_term_string}"},"query-input":{"@type":"PropertyValueSpecification","valueRequired":true,"valueName":"search_term_string"}}],"inLanguage":"nb-NO"}]}},"_links":{"self":[{"href":"https:\/\/autopartscenter24.com\/no\/wp-json\/wp\/v2\/product\/5800","targetHints":{"allow":["GET"]}}],"collection":[{"href":"https:\/\/autopartscenter24.com\/no\/wp-json\/wp\/v2\/product"}],"about":[{"href":"https:\/\/autopartscenter24.com\/no\/wp-json\/wp\/v2\/types\/product"}],"wp:featuredmedia":[{"embeddable":true,"href":"https:\/\/autopartscenter24.com\/no\/wp-json\/wp\/v2\/media\/3594"}],"wp:attachment":[{"href":"https:\/\/autopartscenter24.com\/no\/wp-json\/wp\/v2\/media?parent=5800"}],"wp:term":[{"taxonomy":"product_brand","embeddable":true,"href":"https:\/\/autopartscenter24.com\/no\/wp-json\/wp\/v2\/product_brand?post=5800"},{"taxonomy":"product_cat","embeddable":true,"href":"https:\/\/autopartscenter24.com\/no\/wp-json\/wp\/v2\/product_cat?post=5800"},{"taxonomy":"product_tag","embeddable":true,"href":"https:\/\/autopartscenter24.com\/no\/wp-json\/wp\/v2\/product_tag?post=5800"}],"curies":[{"name":"wp","href":"https:\/\/api.w.org\/{rel}","templated":true}]}}