{"id":5799,"date":"2023-03-04T19:24:26","date_gmt":"2023-12-02T18:59:24","guid":{"rendered":"https:\/\/autopartscenter24.com\/product\/2-0-vtec-k20z2-motor-f-eks-honda-civic-accord-acura-csx\/"},"modified":"2023-12-02T19:59:24","modified_gmt":"2023-12-02T18:59:24","slug":"2-0-vtec-k20z2-motor-f-eks-honda-civic-accord-acura-csx","status":"publish","type":"product","link":"https:\/\/autopartscenter24.com\/no\/auton-varaosat\/2-0-vtec-k20z2-motor-f-eks-honda-civic-accord-acura-csx\/","title":{"rendered":"2.0 VTEC K20Z2-motor [f.eks. Honda Civic, Accord, Acura CSX]"},"content":{"rendered":"<p><strong>Hondas 2.0 VTEC K20Z2-motor<\/strong> er en firesylindret bensinmotor montert p\u00e5 en rekke Honda-modeller. Motoren er utstyrt med i-VTEC-systemet (intelligent Variable Valve Timing and Lift Electronic Control), som gj\u00f8r at ventiltiming og l\u00f8ftevinkel kan justeres, noe som forbedrer motorytelsen og drivstoff\u00f8konomien.<\/p>\n<p>Motoren har et slagvolum p\u00e5 2,0 liter og yter en maksimal effekt p\u00e5 155 hk (114 kW) og et maksimalt dreiemoment p\u00e5 190 Nm (140 lb-ft) ved 4000 o\/min. Motoren er koblet til en 6-trinns manuell girkasse eller valgfritt en 5-trinns automatgir, avhengig av bilmodell.<\/p>\n<p>K20Z2-motoren har sylinderhode og sylinderblokk i aluminium og er utstyrt med en kamaksel som styrer ventilene. Motoren har ogs\u00e5 h\u00f8yflytende inntaks- og eksoskanaler for \u00e5 \u00f8ke motoreffektiviteten.<\/p>\n<p>Motoren har blitt anerkjent for sin gode ytelse og holdbarhet. Dens avanserte teknologier, som i-VTEC-systemet og h\u00f8yflytende inntaks- og eksoskanaler, gj\u00f8r den til et popul\u00e6rt valg for sj\u00e5f\u00f8rer som verdsetter ytelse og effektivitet.<\/p>\n","protected":false},"excerpt":{"rendered":"<p>Honda:<\/p>\n<ul>\n<li>Accord VII (2002-2008)<\/li>\n<li>Acura CSX (2006\u20132011)<\/li>\n<li>Civic (2006\u20132010)<\/li>\n<\/ul>\n","protected":false},"featured_media":4354,"template":"","meta":[],"product_brand":[],"product_cat":[568],"product_tag":[813,814,841],"class_list":{"0":"post-5799","1":"product","2":"type-product","3":"status-publish","4":"has-post-thumbnail","6":"product_cat-honda-no","7":"product_tag-accord-no","8":"product_tag-acura-csx-no","9":"product_tag-civic-no","10":"pa_varaosan-osasto-motor-no","13":"first","14":"instock","15":"shipping-taxable","16":"product-type-simple"},"yoast_head":"<!-- This site is optimized with the Yoast SEO plugin v26.8 - https:\/\/yoast.com\/product\/yoast-seo-wordpress\/ -->\n<title>2.0 VTEC K20Z2-motor [f.eks. Honda Civic, Accord, Acura CSX]<\/title>\n<meta name=\"description\" content=\"En av motorene vi Ofte har tilgjengelig. Send en foresp\u00f8rsel og du vil Motta et tilbud innen 24 timer. Motorer, girkasser og Andre bilder med garanti.\" \/>\n<meta name=\"robots\" content=\"index, follow, max-snippet:-1, max-image-preview:large, max-video-preview:-1\" \/>\n<link rel=\"canonical\" href=\"https:\/\/autopartscenter24.com\/no\/auton-varaosat\/2-0-vtec-k20z2-moottori-honda-civic-accord\/\" \/>\n<meta property=\"og:locale\" content=\"nb_NO\" \/>\n<meta property=\"og:type\" content=\"article\" \/>\n<meta property=\"og:title\" content=\"2.0 VTEC K20Z2-motor [f.eks. Honda Civic, Accord, Acura CSX]\" \/>\n<meta property=\"og:description\" content=\"En av motorene vi Ofte har tilgjengelig. Send en foresp\u00f8rsel og du vil Motta et tilbud innen 24 timer. Motorer, girkasser og Andre bilder med garanti.\" \/>\n<meta property=\"og:url\" content=\"https:\/\/autopartscenter24.com\/no\/auton-varaosat\/2-0-vtec-k20z2-moottori-honda-civic-accord\/\" \/>\n<meta property=\"og:site_name\" content=\"Autopartscenter24\" \/>\n<meta property=\"og:image\" content=\"https:\/\/autopartscenter24.com\/wp-content\/uploads\/2023\/03\/2-0-VTEC-K20Z2-moottori-honda-accord-civic.webp\" \/>\n\t<meta property=\"og:image:width\" content=\"800\" \/>\n\t<meta property=\"og:image:height\" content=\"600\" \/>\n\t<meta property=\"og:image:type\" content=\"image\/webp\" \/>\n<meta name=\"twitter:card\" content=\"summary_large_image\" \/>\n<meta name=\"twitter:label1\" content=\"Ansl. lesetid\" \/>\n\t<meta name=\"twitter:data1\" content=\"1 minutt\" \/>\n<script type=\"application\/ld+json\" class=\"yoast-schema-graph\">{\"@context\":\"https:\/\/schema.org\",\"@graph\":[{\"@type\":\"WebPage\",\"@id\":\"https:\/\/autopartscenter24.com\/auton-varaosat\/2-0-vtec-k20z2-moottori-honda-civic-accord\/\",\"url\":\"https:\/\/autopartscenter24.com\/auton-varaosat\/2-0-vtec-k20z2-moottori-honda-civic-accord\/\",\"name\":\"2.0 VTEC K20Z2-motor [f.eks. Honda Civic, Accord, Acura CSX]\",\"isPartOf\":{\"@id\":\"https:\/\/autopartscenter24.com\/#website\"},\"primaryImageOfPage\":{\"@id\":\"https:\/\/autopartscenter24.com\/auton-varaosat\/2-0-vtec-k20z2-moottori-honda-civic-accord\/#primaryimage\"},\"image\":{\"@id\":\"https:\/\/autopartscenter24.com\/auton-varaosat\/2-0-vtec-k20z2-moottori-honda-civic-accord\/#primaryimage\"},\"thumbnailUrl\":\"https:\/\/autopartscenter24.com\/wp-content\/uploads\/2023\/03\/2-0-VTEC-K20Z2-moottori-honda-accord-civic.webp\",\"datePublished\":\"2023-12-02T18:59:24+00:00\",\"description\":\"En av motorene vi Ofte har tilgjengelig. Send en foresp\u00f8rsel og du vil Motta et tilbud innen 24 timer. Motorer, girkasser og Andre bilder med garanti.\",\"breadcrumb\":{\"@id\":\"https:\/\/autopartscenter24.com\/auton-varaosat\/2-0-vtec-k20z2-moottori-honda-civic-accord\/#breadcrumb\"},\"inLanguage\":\"nb-NO\",\"potentialAction\":[{\"@type\":\"ReadAction\",\"target\":[\"https:\/\/autopartscenter24.com\/auton-varaosat\/2-0-vtec-k20z2-moottori-honda-civic-accord\/\"]}]},{\"@type\":\"ImageObject\",\"inLanguage\":\"nb-NO\",\"@id\":\"https:\/\/autopartscenter24.com\/auton-varaosat\/2-0-vtec-k20z2-moottori-honda-civic-accord\/#primaryimage\",\"url\":\"https:\/\/autopartscenter24.com\/wp-content\/uploads\/2023\/03\/2-0-VTEC-K20Z2-moottori-honda-accord-civic.webp\",\"contentUrl\":\"https:\/\/autopartscenter24.com\/wp-content\/uploads\/2023\/03\/2-0-VTEC-K20Z2-moottori-honda-accord-civic.webp\",\"width\":800,\"height\":600},{\"@type\":\"BreadcrumbList\",\"@id\":\"https:\/\/autopartscenter24.com\/auton-varaosat\/2-0-vtec-k20z2-moottori-honda-civic-accord\/#breadcrumb\",\"itemListElement\":[{\"@type\":\"ListItem\",\"position\":1,\"name\":\"Hjem\",\"item\":\"https:\/\/aliceblue-termite-662564.hostingersite.com\/\"},{\"@type\":\"ListItem\",\"position\":2,\"name\":\"Auton varaosat\",\"item\":\"https:\/\/aliceblue-termite-662564.hostingersite.com\/auton-varaosat\/\"},{\"@type\":\"ListItem\",\"position\":3,\"name\":\"2.0 VTEC K20Z2-motor [f.eks. Honda Civic, Accord, Acura CSX]\"}]},{\"@type\":\"WebSite\",\"@id\":\"https:\/\/autopartscenter24.com\/#website\",\"url\":\"https:\/\/autopartscenter24.com\/\",\"name\":\"Autopartscenter24\",\"description\":\"K\u00c4YTETYT JA KUNNOSTETUT  AUTON VARAOSAT\",\"potentialAction\":[{\"@type\":\"SearchAction\",\"target\":{\"@type\":\"EntryPoint\",\"urlTemplate\":\"https:\/\/autopartscenter24.com\/?s={search_term_string}\"},\"query-input\":{\"@type\":\"PropertyValueSpecification\",\"valueRequired\":true,\"valueName\":\"search_term_string\"}}],\"inLanguage\":\"nb-NO\"}]}<\/script>\n<!-- \/ Yoast SEO plugin. -->","yoast_head_json":{"title":"2.0 VTEC K20Z2-motor [f.eks. Honda Civic, Accord, Acura CSX]","description":"En av motorene vi Ofte har tilgjengelig. Send en foresp\u00f8rsel og du vil Motta et tilbud innen 24 timer. Motorer, girkasser og Andre bilder med garanti.","robots":{"index":"index","follow":"follow","max-snippet":"max-snippet:-1","max-image-preview":"max-image-preview:large","max-video-preview":"max-video-preview:-1"},"canonical":"https:\/\/autopartscenter24.com\/no\/auton-varaosat\/2-0-vtec-k20z2-moottori-honda-civic-accord\/","og_locale":"nb_NO","og_type":"article","og_title":"2.0 VTEC K20Z2-motor [f.eks. Honda Civic, Accord, Acura CSX]","og_description":"En av motorene vi Ofte har tilgjengelig. Send en foresp\u00f8rsel og du vil Motta et tilbud innen 24 timer. Motorer, girkasser og Andre bilder med garanti.","og_url":"https:\/\/autopartscenter24.com\/no\/auton-varaosat\/2-0-vtec-k20z2-moottori-honda-civic-accord\/","og_site_name":"Autopartscenter24","og_image":[{"width":800,"height":600,"url":"https:\/\/autopartscenter24.com\/wp-content\/uploads\/2023\/03\/2-0-VTEC-K20Z2-moottori-honda-accord-civic.webp","type":"image\/webp"}],"twitter_card":"summary_large_image","twitter_misc":{"Ansl. lesetid":"1 minutt"},"schema":{"@context":"https:\/\/schema.org","@graph":[{"@type":"WebPage","@id":"https:\/\/autopartscenter24.com\/auton-varaosat\/2-0-vtec-k20z2-moottori-honda-civic-accord\/","url":"https:\/\/autopartscenter24.com\/auton-varaosat\/2-0-vtec-k20z2-moottori-honda-civic-accord\/","name":"2.0 VTEC K20Z2-motor [f.eks. Honda Civic, Accord, Acura CSX]","isPartOf":{"@id":"https:\/\/autopartscenter24.com\/#website"},"primaryImageOfPage":{"@id":"https:\/\/autopartscenter24.com\/auton-varaosat\/2-0-vtec-k20z2-moottori-honda-civic-accord\/#primaryimage"},"image":{"@id":"https:\/\/autopartscenter24.com\/auton-varaosat\/2-0-vtec-k20z2-moottori-honda-civic-accord\/#primaryimage"},"thumbnailUrl":"https:\/\/autopartscenter24.com\/wp-content\/uploads\/2023\/03\/2-0-VTEC-K20Z2-moottori-honda-accord-civic.webp","datePublished":"2023-12-02T18:59:24+00:00","description":"En av motorene vi Ofte har tilgjengelig. Send en foresp\u00f8rsel og du vil Motta et tilbud innen 24 timer. Motorer, girkasser og Andre bilder med garanti.","breadcrumb":{"@id":"https:\/\/autopartscenter24.com\/auton-varaosat\/2-0-vtec-k20z2-moottori-honda-civic-accord\/#breadcrumb"},"inLanguage":"nb-NO","potentialAction":[{"@type":"ReadAction","target":["https:\/\/autopartscenter24.com\/auton-varaosat\/2-0-vtec-k20z2-moottori-honda-civic-accord\/"]}]},{"@type":"ImageObject","inLanguage":"nb-NO","@id":"https:\/\/autopartscenter24.com\/auton-varaosat\/2-0-vtec-k20z2-moottori-honda-civic-accord\/#primaryimage","url":"https:\/\/autopartscenter24.com\/wp-content\/uploads\/2023\/03\/2-0-VTEC-K20Z2-moottori-honda-accord-civic.webp","contentUrl":"https:\/\/autopartscenter24.com\/wp-content\/uploads\/2023\/03\/2-0-VTEC-K20Z2-moottori-honda-accord-civic.webp","width":800,"height":600},{"@type":"BreadcrumbList","@id":"https:\/\/autopartscenter24.com\/auton-varaosat\/2-0-vtec-k20z2-moottori-honda-civic-accord\/#breadcrumb","itemListElement":[{"@type":"ListItem","position":1,"name":"Hjem","item":"https:\/\/aliceblue-termite-662564.hostingersite.com\/"},{"@type":"ListItem","position":2,"name":"Auton varaosat","item":"https:\/\/aliceblue-termite-662564.hostingersite.com\/auton-varaosat\/"},{"@type":"ListItem","position":3,"name":"2.0 VTEC K20Z2-motor [f.eks. Honda Civic, Accord, Acura CSX]"}]},{"@type":"WebSite","@id":"https:\/\/autopartscenter24.com\/#website","url":"https:\/\/autopartscenter24.com\/","name":"Autopartscenter24","description":"K\u00c4YTETYT JA KUNNOSTETUT  AUTON VARAOSAT","potentialAction":[{"@type":"SearchAction","target":{"@type":"EntryPoint","urlTemplate":"https:\/\/autopartscenter24.com\/?s={search_term_string}"},"query-input":{"@type":"PropertyValueSpecification","valueRequired":true,"valueName":"search_term_string"}}],"inLanguage":"nb-NO"}]}},"_links":{"self":[{"href":"https:\/\/autopartscenter24.com\/no\/wp-json\/wp\/v2\/product\/5799","targetHints":{"allow":["GET"]}}],"collection":[{"href":"https:\/\/autopartscenter24.com\/no\/wp-json\/wp\/v2\/product"}],"about":[{"href":"https:\/\/autopartscenter24.com\/no\/wp-json\/wp\/v2\/types\/product"}],"wp:featuredmedia":[{"embeddable":true,"href":"https:\/\/autopartscenter24.com\/no\/wp-json\/wp\/v2\/media\/4354"}],"wp:attachment":[{"href":"https:\/\/autopartscenter24.com\/no\/wp-json\/wp\/v2\/media?parent=5799"}],"wp:term":[{"taxonomy":"product_brand","embeddable":true,"href":"https:\/\/autopartscenter24.com\/no\/wp-json\/wp\/v2\/product_brand?post=5799"},{"taxonomy":"product_cat","embeddable":true,"href":"https:\/\/autopartscenter24.com\/no\/wp-json\/wp\/v2\/product_cat?post=5799"},{"taxonomy":"product_tag","embeddable":true,"href":"https:\/\/autopartscenter24.com\/no\/wp-json\/wp\/v2\/product_tag?post=5799"}],"curies":[{"name":"wp","href":"https:\/\/api.w.org\/{rel}","templated":true}]}}