{"id":5798,"date":"2023-03-04T20:03:16","date_gmt":"2023-12-02T18:49:36","guid":{"rendered":"https:\/\/autopartscenter24.com\/product\/1-6-dig-t-mr16ddt-motor-f-eks-juke-qashqai-x-trail\/"},"modified":"2023-12-02T19:49:36","modified_gmt":"2023-12-02T18:49:36","slug":"1-6-dig-t-mr16ddt-motor-f-eks-juke-qashqai-x-trail","status":"publish","type":"product","link":"https:\/\/autopartscenter24.com\/no\/auton-varaosat\/1-6-dig-t-mr16ddt-motor-f-eks-juke-qashqai-x-trail\/","title":{"rendered":"1.6 DIG-T &laquo;MR16DDT&raquo;-motor [f.eks. Juke, Qashqai, X-Trail]"},"content":{"rendered":"<p><strong>Nissan 1.6 DIG-T (motorkode: MR16DDT)<\/strong> er en firesylindret bensinmotor kjent for sin gode ytelse og drivstoffeffektivitet. Denne motoren er utstyrt med et direkteinnspr\u00f8ytningssystem som spr\u00f8yter drivstoff direkte inn i sylinderen, noe som \u00f8ker motorytelsen og forbedrer drivstoffeffektiviteten.<\/p>\n<p>MR16DDT-motoren har et sylinderhode og blokk av aluminium, og doble overliggende kamaksler som driver fire ventiler per sylinder. Den bruker turboladet eksosresirkulering (EGR) og et dobbelt kj\u00f8lesystem.<\/p>\n<p>MR16DDT-motoren har et slagvolum p\u00e5 1,6 liter og effekten varierer avhengig av modell. Den yter vanligvis rundt 187 hestekrefter (140 kW) og 240 Nm dreiemoment mellom 2.000 og 5.200 o\/min. Den er vanligvis koblet til en sekstrinns manuell eller Nissans Xtronic CVT.<\/p>\n<p>Denne motoren har blitt brukt i flere Nissan-modeller, inkludert:<\/p>\n<ul>\n<li>Nissan Juke (2010 &#8211; 2019)<\/li>\n<li>Nissan Pulsar (2014 &#8211; 2018)<\/li>\n<li>Nissan Qashqai (2014 &#8211; 2018)<\/li>\n<li>Nissan Sentra Nismo (2017-i dag)<\/li>\n<li>Nissan Tiida (2014 \u2013 n\u00e5tid)<\/li>\n<li>Nissan X-Trail (2014\u20132017)<\/li>\n<\/ul>\n<p>Nissan 1.6 DIG-T (motorkode: MR16DDT) er en p\u00e5litelig og effektiv motor som er popul\u00e6r blant sj\u00e5f\u00f8rer p\u00e5 grunn av sin gode ytelse, drivstoffeffektivitet og lave CO2-utslipp.<\/p>\n","protected":false},"excerpt":{"rendered":"<ul>\n<li>Nissan Juke (2010 &#8211; 2019)<\/li>\n<li>Nissan Pulsar (2014 &#8211; 2018)<\/li>\n<li>Nissan Qashqai (2014 &#8211; 2018)<\/li>\n<li>Nissan Sentra Nismo (2017-i dag)<\/li>\n<li>Nissan Tiida (2014 \u2013 n\u00e5tid)<\/li>\n<li>Nissan X-Trail (2014\u20132017)<\/li>\n<\/ul>\n","protected":false},"featured_media":4359,"template":"","meta":[],"product_brand":[],"product_cat":[600],"product_tag":[874,896,900,932],"class_list":{"0":"post-5798","1":"product","2":"type-product","3":"status-publish","4":"has-post-thumbnail","6":"product_cat-nissan-no","7":"product_tag-juke-no","8":"product_tag-pulsar-no","9":"product_tag-qashqai-no","10":"product_tag-x-trail-no","11":"pa_varaosan-osasto-motor-no","14":"first","15":"instock","16":"shipping-taxable","17":"product-type-simple"},"yoast_head":"<!-- This site is optimized with the Yoast SEO plugin v26.8 - https:\/\/yoast.com\/product\/yoast-seo-wordpress\/ -->\n<title>1.6 DIG-T &quot;MR16DDT&quot;-motor [f.eks. Juke, Qashqai, X-Trail]<\/title>\n<meta name=\"description\" content=\"En av motorene vi Ofte har tilgjengelig. Send en foresp\u00f8rsel og du vil Motta et tilbud innen 24 timer. Motorer, girkasser og Andre bilder med garanti.\" \/>\n<meta name=\"robots\" content=\"index, follow, max-snippet:-1, max-image-preview:large, max-video-preview:-1\" \/>\n<link rel=\"canonical\" href=\"https:\/\/autopartscenter24.com\/no\/auton-varaosat\/1-6-dig-t-mr16ddt-moottori-x-trail-juke-qashqai\/\" \/>\n<meta property=\"og:locale\" content=\"nb_NO\" \/>\n<meta property=\"og:type\" content=\"article\" \/>\n<meta property=\"og:title\" content=\"1.6 DIG-T &quot;MR16DDT&quot;-motor [f.eks. Juke, Qashqai, X-Trail]\" \/>\n<meta property=\"og:description\" content=\"En av motorene vi Ofte har tilgjengelig. Send en foresp\u00f8rsel og du vil Motta et tilbud innen 24 timer. Motorer, girkasser og Andre bilder med garanti.\" \/>\n<meta property=\"og:url\" content=\"https:\/\/autopartscenter24.com\/no\/auton-varaosat\/1-6-dig-t-mr16ddt-moottori-x-trail-juke-qashqai\/\" \/>\n<meta property=\"og:site_name\" content=\"Autopartscenter24\" \/>\n<meta property=\"og:image\" content=\"https:\/\/autopartscenter24.com\/wp-content\/uploads\/2023\/03\/1-6-DIG-T-MR16DDT-moottori-X-TRAIL-JUKE-QASHQAI.webp\" \/>\n\t<meta property=\"og:image:width\" content=\"800\" \/>\n\t<meta property=\"og:image:height\" content=\"600\" \/>\n\t<meta property=\"og:image:type\" content=\"image\/webp\" \/>\n<meta name=\"twitter:card\" content=\"summary_large_image\" \/>\n<meta name=\"twitter:label1\" content=\"Ansl. lesetid\" \/>\n\t<meta name=\"twitter:data1\" content=\"1 minutt\" \/>\n<script type=\"application\/ld+json\" class=\"yoast-schema-graph\">{\"@context\":\"https:\/\/schema.org\",\"@graph\":[{\"@type\":\"WebPage\",\"@id\":\"https:\/\/autopartscenter24.com\/auton-varaosat\/1-6-dig-t-mr16ddt-moottori-x-trail-juke-qashqai\/\",\"url\":\"https:\/\/autopartscenter24.com\/auton-varaosat\/1-6-dig-t-mr16ddt-moottori-x-trail-juke-qashqai\/\",\"name\":\"1.6 DIG-T \\\"MR16DDT\\\"-motor [f.eks. Juke, Qashqai, X-Trail]\",\"isPartOf\":{\"@id\":\"https:\/\/autopartscenter24.com\/#website\"},\"primaryImageOfPage\":{\"@id\":\"https:\/\/autopartscenter24.com\/auton-varaosat\/1-6-dig-t-mr16ddt-moottori-x-trail-juke-qashqai\/#primaryimage\"},\"image\":{\"@id\":\"https:\/\/autopartscenter24.com\/auton-varaosat\/1-6-dig-t-mr16ddt-moottori-x-trail-juke-qashqai\/#primaryimage\"},\"thumbnailUrl\":\"https:\/\/autopartscenter24.com\/wp-content\/uploads\/2023\/03\/1-6-DIG-T-MR16DDT-moottori-X-TRAIL-JUKE-QASHQAI.webp\",\"datePublished\":\"2023-12-02T18:49:36+00:00\",\"description\":\"En av motorene vi Ofte har tilgjengelig. Send en foresp\u00f8rsel og du vil Motta et tilbud innen 24 timer. Motorer, girkasser og Andre bilder med garanti.\",\"breadcrumb\":{\"@id\":\"https:\/\/autopartscenter24.com\/auton-varaosat\/1-6-dig-t-mr16ddt-moottori-x-trail-juke-qashqai\/#breadcrumb\"},\"inLanguage\":\"nb-NO\",\"potentialAction\":[{\"@type\":\"ReadAction\",\"target\":[\"https:\/\/autopartscenter24.com\/auton-varaosat\/1-6-dig-t-mr16ddt-moottori-x-trail-juke-qashqai\/\"]}]},{\"@type\":\"ImageObject\",\"inLanguage\":\"nb-NO\",\"@id\":\"https:\/\/autopartscenter24.com\/auton-varaosat\/1-6-dig-t-mr16ddt-moottori-x-trail-juke-qashqai\/#primaryimage\",\"url\":\"https:\/\/autopartscenter24.com\/wp-content\/uploads\/2023\/03\/1-6-DIG-T-MR16DDT-moottori-X-TRAIL-JUKE-QASHQAI.webp\",\"contentUrl\":\"https:\/\/autopartscenter24.com\/wp-content\/uploads\/2023\/03\/1-6-DIG-T-MR16DDT-moottori-X-TRAIL-JUKE-QASHQAI.webp\",\"width\":800,\"height\":600},{\"@type\":\"BreadcrumbList\",\"@id\":\"https:\/\/autopartscenter24.com\/auton-varaosat\/1-6-dig-t-mr16ddt-moottori-x-trail-juke-qashqai\/#breadcrumb\",\"itemListElement\":[{\"@type\":\"ListItem\",\"position\":1,\"name\":\"Hjem\",\"item\":\"https:\/\/aliceblue-termite-662564.hostingersite.com\/\"},{\"@type\":\"ListItem\",\"position\":2,\"name\":\"Auton varaosat\",\"item\":\"https:\/\/aliceblue-termite-662564.hostingersite.com\/auton-varaosat\/\"},{\"@type\":\"ListItem\",\"position\":3,\"name\":\"1.6 DIG-T &#8221;MR16DDT&#8221;-motor [f.eks. Juke, Qashqai, X-Trail]\"}]},{\"@type\":\"WebSite\",\"@id\":\"https:\/\/autopartscenter24.com\/#website\",\"url\":\"https:\/\/autopartscenter24.com\/\",\"name\":\"Autopartscenter24\",\"description\":\"K\u00c4YTETYT JA KUNNOSTETUT  AUTON VARAOSAT\",\"potentialAction\":[{\"@type\":\"SearchAction\",\"target\":{\"@type\":\"EntryPoint\",\"urlTemplate\":\"https:\/\/autopartscenter24.com\/?s={search_term_string}\"},\"query-input\":{\"@type\":\"PropertyValueSpecification\",\"valueRequired\":true,\"valueName\":\"search_term_string\"}}],\"inLanguage\":\"nb-NO\"}]}<\/script>\n<!-- \/ Yoast SEO plugin. -->","yoast_head_json":{"title":"1.6 DIG-T \"MR16DDT\"-motor [f.eks. Juke, Qashqai, X-Trail]","description":"En av motorene vi Ofte har tilgjengelig. Send en foresp\u00f8rsel og du vil Motta et tilbud innen 24 timer. Motorer, girkasser og Andre bilder med garanti.","robots":{"index":"index","follow":"follow","max-snippet":"max-snippet:-1","max-image-preview":"max-image-preview:large","max-video-preview":"max-video-preview:-1"},"canonical":"https:\/\/autopartscenter24.com\/no\/auton-varaosat\/1-6-dig-t-mr16ddt-moottori-x-trail-juke-qashqai\/","og_locale":"nb_NO","og_type":"article","og_title":"1.6 DIG-T \"MR16DDT\"-motor [f.eks. Juke, Qashqai, X-Trail]","og_description":"En av motorene vi Ofte har tilgjengelig. Send en foresp\u00f8rsel og du vil Motta et tilbud innen 24 timer. Motorer, girkasser og Andre bilder med garanti.","og_url":"https:\/\/autopartscenter24.com\/no\/auton-varaosat\/1-6-dig-t-mr16ddt-moottori-x-trail-juke-qashqai\/","og_site_name":"Autopartscenter24","og_image":[{"width":800,"height":600,"url":"https:\/\/autopartscenter24.com\/wp-content\/uploads\/2023\/03\/1-6-DIG-T-MR16DDT-moottori-X-TRAIL-JUKE-QASHQAI.webp","type":"image\/webp"}],"twitter_card":"summary_large_image","twitter_misc":{"Ansl. lesetid":"1 minutt"},"schema":{"@context":"https:\/\/schema.org","@graph":[{"@type":"WebPage","@id":"https:\/\/autopartscenter24.com\/auton-varaosat\/1-6-dig-t-mr16ddt-moottori-x-trail-juke-qashqai\/","url":"https:\/\/autopartscenter24.com\/auton-varaosat\/1-6-dig-t-mr16ddt-moottori-x-trail-juke-qashqai\/","name":"1.6 DIG-T \"MR16DDT\"-motor [f.eks. Juke, Qashqai, X-Trail]","isPartOf":{"@id":"https:\/\/autopartscenter24.com\/#website"},"primaryImageOfPage":{"@id":"https:\/\/autopartscenter24.com\/auton-varaosat\/1-6-dig-t-mr16ddt-moottori-x-trail-juke-qashqai\/#primaryimage"},"image":{"@id":"https:\/\/autopartscenter24.com\/auton-varaosat\/1-6-dig-t-mr16ddt-moottori-x-trail-juke-qashqai\/#primaryimage"},"thumbnailUrl":"https:\/\/autopartscenter24.com\/wp-content\/uploads\/2023\/03\/1-6-DIG-T-MR16DDT-moottori-X-TRAIL-JUKE-QASHQAI.webp","datePublished":"2023-12-02T18:49:36+00:00","description":"En av motorene vi Ofte har tilgjengelig. Send en foresp\u00f8rsel og du vil Motta et tilbud innen 24 timer. Motorer, girkasser og Andre bilder med garanti.","breadcrumb":{"@id":"https:\/\/autopartscenter24.com\/auton-varaosat\/1-6-dig-t-mr16ddt-moottori-x-trail-juke-qashqai\/#breadcrumb"},"inLanguage":"nb-NO","potentialAction":[{"@type":"ReadAction","target":["https:\/\/autopartscenter24.com\/auton-varaosat\/1-6-dig-t-mr16ddt-moottori-x-trail-juke-qashqai\/"]}]},{"@type":"ImageObject","inLanguage":"nb-NO","@id":"https:\/\/autopartscenter24.com\/auton-varaosat\/1-6-dig-t-mr16ddt-moottori-x-trail-juke-qashqai\/#primaryimage","url":"https:\/\/autopartscenter24.com\/wp-content\/uploads\/2023\/03\/1-6-DIG-T-MR16DDT-moottori-X-TRAIL-JUKE-QASHQAI.webp","contentUrl":"https:\/\/autopartscenter24.com\/wp-content\/uploads\/2023\/03\/1-6-DIG-T-MR16DDT-moottori-X-TRAIL-JUKE-QASHQAI.webp","width":800,"height":600},{"@type":"BreadcrumbList","@id":"https:\/\/autopartscenter24.com\/auton-varaosat\/1-6-dig-t-mr16ddt-moottori-x-trail-juke-qashqai\/#breadcrumb","itemListElement":[{"@type":"ListItem","position":1,"name":"Hjem","item":"https:\/\/aliceblue-termite-662564.hostingersite.com\/"},{"@type":"ListItem","position":2,"name":"Auton varaosat","item":"https:\/\/aliceblue-termite-662564.hostingersite.com\/auton-varaosat\/"},{"@type":"ListItem","position":3,"name":"1.6 DIG-T &#8221;MR16DDT&#8221;-motor [f.eks. Juke, Qashqai, X-Trail]"}]},{"@type":"WebSite","@id":"https:\/\/autopartscenter24.com\/#website","url":"https:\/\/autopartscenter24.com\/","name":"Autopartscenter24","description":"K\u00c4YTETYT JA KUNNOSTETUT  AUTON VARAOSAT","potentialAction":[{"@type":"SearchAction","target":{"@type":"EntryPoint","urlTemplate":"https:\/\/autopartscenter24.com\/?s={search_term_string}"},"query-input":{"@type":"PropertyValueSpecification","valueRequired":true,"valueName":"search_term_string"}}],"inLanguage":"nb-NO"}]}},"_links":{"self":[{"href":"https:\/\/autopartscenter24.com\/no\/wp-json\/wp\/v2\/product\/5798","targetHints":{"allow":["GET"]}}],"collection":[{"href":"https:\/\/autopartscenter24.com\/no\/wp-json\/wp\/v2\/product"}],"about":[{"href":"https:\/\/autopartscenter24.com\/no\/wp-json\/wp\/v2\/types\/product"}],"wp:featuredmedia":[{"embeddable":true,"href":"https:\/\/autopartscenter24.com\/no\/wp-json\/wp\/v2\/media\/4359"}],"wp:attachment":[{"href":"https:\/\/autopartscenter24.com\/no\/wp-json\/wp\/v2\/media?parent=5798"}],"wp:term":[{"taxonomy":"product_brand","embeddable":true,"href":"https:\/\/autopartscenter24.com\/no\/wp-json\/wp\/v2\/product_brand?post=5798"},{"taxonomy":"product_cat","embeddable":true,"href":"https:\/\/autopartscenter24.com\/no\/wp-json\/wp\/v2\/product_cat?post=5798"},{"taxonomy":"product_tag","embeddable":true,"href":"https:\/\/autopartscenter24.com\/no\/wp-json\/wp\/v2\/product_tag?post=5798"}],"curies":[{"name":"wp","href":"https:\/\/api.w.org\/{rel}","templated":true}]}}